{"id":3733,"date":"2022-07-18T10:40:55","date_gmt":"2022-07-18T10:40:55","guid":{"rendered":"https:\/\/www.cncinternational.eu\/catalogue\/"},"modified":"2026-02-02T14:22:44","modified_gmt":"2026-02-02T14:22:44","slug":"catalogue","status":"publish","type":"page","link":"https:\/\/www.cncinternational.eu\/pt-pt\/catalogue\/","title":{"rendered":"Cat\u00e1logo"},"content":{"rendered":"    \t<section class=\"contact-block form-with-image gradient-bg \" id=\"\">\n\t\t<div class=\"container\">\n\t\t\t<div class=\"row justify-content-center\">\n\t\t\t\t<div class=\"col-12 col-md-12 col-lg-10\">\n\t\t\t\t\t<div class=\"form-wrapper\">\n\t\t\t\t\t\t<div class=\"col-12 col-md-10 col-lg-9 mx-auto\">\n\t\t\t\t\t\t\t<h1 class=\"form-title\">Descubra nossa brochura online compacta com os produtos para unhas sem TPO e sem HEMA mais vendidos<\/h1>\t\t\t\t\t\t<\/div>\n\t\t\t\t\t\t\t\t\t\t\t\t<div class=\"row\">\n\t\t\t\t\t\t\t<div class=\"col-12 col-md-7 col-lg-7\">\n\t\t\t\t\t\t\t\t\t\t\t\t\t\t\t\t\t<div class=\"form\">\n\t\t\t\t\t\t\t\t\t\t<script src='https:\/\/online4.superoffice.com\/Cust21613\/CS\/scripts\/customer.fcgi?action=form&#038;id=F-pWZr08mc' defer><\/script>\t\t\t\t\t\t\t\t\t\t\t\t\t\t\t\t\t\t\t\t\t\t\t\t\t\t\t\t\t\t\t\t<\/div>\n\t\t\t\t\t\t\t\t\t\t\t\t\t\t\t<\/div>\n\t\t\t\t\t\t\t<div class=\"col-12 col-md-5 col-lg-5\">\n\t\t\t\t\t\t\t\t<div class=\"col-12 col-md col-excerpt\">\n\t\t\t\t\t\t\t\t\t<div class=\"excerpt-wrapper\">\n\t\t\t\t\t\t\t\t\t<p>Nossos vers\u00e1teis produtos para unhas de marca pr\u00f3pria t\u00eam a melhor qualidade a pre\u00e7os competitivos. Somos orgulhosos fabricantes de g\u00e9is de unhas UV para v\u00e1rias marcas de unhas em todo o mundo. A CNC foi estabelecida em 1993, com f\u00e1brica nos Pa\u00edses Baixos, Europa. Nossos produtos para unhas de gel e acr\u00edlico podem ser entregues a granel ou preenchidos e totalmente acabados: prontos para vender!<\/p>\t\t\t\t\t\t\n\t\t\t\t\t\t\t\t\t<\/div>\n\t\t\t\t\t\t\t\t<\/div>\n\t\t\t\t\t\t\t\t<div class=\"col-img img-wrapper\">\n\t\t\t\t\t\t\t\t\t<img decoding=\"async\" src=\"https:\/\/www.cncinternational.eu\/wp-content\/uploads\/2025\/08\/Telefoon-EP.png\" alt=\"\">\n\t\t\t\t\t\t\t\t<\/div>\n\t\t\t\t\t\t\t\t\t\t\t\t\t\t\t\t\t<div class=\"col-12 col-md col-excerpt\">\n\t\t\t\t\t\t\t\t\t\t<div class=\"excerpt-wrapper\">\n\t\t\t\t\t\t\t\t\t\t<p>Na nossa e-brochura 2026 voc\u00ea encontrar\u00e1:\r\n\r\n<ul>\r\n<li>Nossos produtos de gel UV mais vendidos e novos de 2026<\/li>\r\n<li>Pre\u00e7os iniciais por litro<\/li>\r\n<li>Principais benef\u00edcios de trabalhar com a CNC<\/li>\r\n<\/ul><\/p>\t\t\t\t\t\t\n\t\t\t\t\t\t\t\t\t\t<\/div>\n\t\t\t\t\t\t\t\t\t<\/div>\n\t\t\t\t\t\t\t\t\t\t\t\t\t\t\t<\/div>\n\t\t\t\t\t\t<\/div>\n\t\t\t\t\t\t\t\t\t\t\t\t\t\t\t\t\t\t\t\t\t\t\t\t<\/div>\n\t\t\t\t<\/div>\n\t\t\t\t\n\t\t\t<\/div>\n\t\t<\/div>\n\t<\/section>\n    \t\n  \t\n\t\n\n    <section class=\"contact-cards\">\n        <div class=\"container\">\n                            <h2 class=\"mb-4\">ENTRE EM CONTATO CONNOSCO!<\/h2>\n                        <div class=\"grid-wrap\">\n                                                                                    <div class=\"card\">\n                            <div class=\"icon-wrap\">\n                                                                    <img loading=\"lazy\" decoding=\"async\" src=\"https:\/\/www.cncinternational.eu\/wp-content\/uploads\/2024\/08\/Icon-awesome-book-open.svg\" alt=\"Icon awesome-book-open\" width=\"40\" height=\"40\">\n                                                                <p class=\"icon-text\">Solicitar folleto online<\/p>\n                            <\/div>\n                            <p><strong>Gratuito e sem compromisso<\/strong><br> Empieza tu marca de u\u00f1as con CNC<\/p>\n                                                            <a class=\"icon-link\" href=\"#contact\" target=\"_self\">Solicite agora &gt;<\/a>\n                                                                                <\/div>\n                                                                    <div class=\"card\">\n                            <div class=\"icon-wrap\">\n                                                                    <img loading=\"lazy\" decoding=\"async\" src=\"https:\/\/www.cncinternational.eu\/wp-content\/uploads\/2024\/08\/Image-13.png\" alt=\"Image 13\" width=\"40\" height=\"40\">\n                                                                <p class=\"icon-text\">Ligue-Nos<\/p>\n                            <\/div>\n                            <p><strong>Resposta imediata<\/strong><br> Dias \u00fateis: 8:30 &#8211; 17:00<\/p>\n                                                            <a class=\"icon-link\" href=\"tel:31885155850\" target=\"_blank\">31 88 5155850<\/a>\n                                                                                <\/div>\n                                                                    <div class=\"card\">\n                            <div class=\"icon-wrap\">\n                                                                    <img loading=\"lazy\" decoding=\"async\" src=\"https:\/\/www.cncinternational.eu\/wp-content\/uploads\/2024\/08\/Image-14.png\" alt=\"Image 14\" width=\"40\" height=\"40\">\n                                                                <p class=\"icon-text\">Converse connosco<\/p>\n                            <\/div>\n                            <p><strong>Resposta imediata<\/strong><br> Dias \u00fateis: 8:30 &#8211; 17:00<\/p>\n                                                            <a class=\"icon-link\" href=\"https:\/\/online4.superoffice.com\/Cust21613\/CS\/javascript\/chatframe.html?topicId=3&#038;title=Click%20here%20to%20start%20a%20chat&#038;theme=modern&#038;color=%23422c86&#038;badgeColor=%23422c86&#038;badgeTextColor=%23ffffff&#038;custMsgColor=null&#038;custMsgTextColor=null&#038;agentMsgColor=null&#038;agentMsgTextColor=null&#038;buttonColor=%23422c86&#038;buttonTextColor=null&#038;font=verdana&#038;fontSize=null&#038;size=large&#038;delay=1&#038;mobile=false&#038;windowWidth=300&#038;windowHeight=600\" target=\"_blank\">Fale connosco &gt;<\/a>\n                                                                                <\/div>\n                                                                    <div class=\"card\">\n                            <div class=\"icon-wrap\">\n                                                                    <img loading=\"lazy\" decoding=\"async\" src=\"https:\/\/www.cncinternational.eu\/wp-content\/uploads\/2024\/08\/Image-15.png\" alt=\"Image 15\" width=\"40\" height=\"40\">\n                                                                <p class=\"icon-text\">Envie um email<\/p>\n                            <\/div>\n                            <p>Resposta em at\u00e9 72 horas nos dias \u00fateis<\/p>\n                                                            <a class=\"icon-link\" href=\"mailto:sales@cncinternational.eu\" target=\"_blank\">sales@cncinternational.eu &gt;<\/a>\n                                                                                <\/div>\n                                                                    <div class=\"card\">\n                            <div class=\"icon-wrap\">\n                                                                    <img loading=\"lazy\" decoding=\"async\" src=\"https:\/\/www.cncinternational.eu\/wp-content\/uploads\/2024\/08\/Image-18.png\" alt=\"Image 18\" width=\"40\" height=\"40\">\n                                                                <p class=\"icon-text\">Marcar videochamada<\/p>\n                            <\/div>\n                            <p><strong>Construa a sua marca<\/strong><br> Pessoal e interativo<\/p>\n                                                            <a class=\"icon-link\" href=\"https:\/\/www.cncinternational.eu\/pt-pt\/sobre-nos\/#meet-team\" target=\"_self\">Registe-se agora! &gt;<\/a>\n                                                                                <\/div>\n                                                <\/div>\n        <\/div>\n    <\/section>\n","protected":false},"excerpt":{"rendered":"","protected":false},"author":1,"featured_media":0,"parent":0,"menu_order":0,"comment_status":"closed","ping_status":"closed","template":"","meta":{"_acf_changed":false,"inline_featured_image":false,"footnotes":""},"class_list":["post-3733","page","type-page","status-publish","hentry"],"acf":[],"yoast_head":"<!-- This site is optimized with the Yoast SEO plugin v27.4 - https:\/\/yoast.com\/product\/yoast-seo-wordpress\/ -->\n<title>Brochura online CNC 2026: produtos de unhas private label<\/title>\n<meta name=\"description\" content=\"Pe\u00e7a a brochura gratuita CNC 2026 e descubra produtos de unhas private label sem HEMA &amp; TPO. Fabricado na Europa \u2013 para a sua marca.\" \/>\n<meta name=\"robots\" content=\"index, follow, max-snippet:-1, max-image-preview:large, max-video-preview:-1\" \/>\n<link rel=\"canonical\" href=\"https:\/\/www.cncinternational.eu\/pt-pt\/catalogue\/\" \/>\n<meta property=\"og:locale\" content=\"pt_PT\" \/>\n<meta property=\"og:type\" content=\"article\" \/>\n<meta property=\"og:title\" content=\"Brochura online CNC 2026: produtos de unhas private label\" \/>\n<meta property=\"og:description\" content=\"Pe\u00e7a a brochura gratuita CNC 2026 e descubra produtos de unhas private label sem HEMA &amp; TPO. Fabricado na Europa \u2013 para a sua marca.\" \/>\n<meta property=\"og:url\" content=\"https:\/\/www.cncinternational.eu\/pt-pt\/catalogue\/\" \/>\n<meta property=\"og:site_name\" content=\"CNC International\" \/>\n<meta property=\"article:modified_time\" content=\"2026-02-02T14:22:44+00:00\" \/>\n<meta name=\"twitter:card\" content=\"summary_large_image\" \/>\n<script type=\"application\/ld+json\" class=\"yoast-schema-graph\">{\"@context\":\"https:\\\/\\\/schema.org\",\"@graph\":[{\"@type\":\"WebPage\",\"@id\":\"https:\\\/\\\/www.cncinternational.eu\\\/pt-pt\\\/catalogue\\\/\",\"url\":\"https:\\\/\\\/www.cncinternational.eu\\\/pt-pt\\\/catalogue\\\/\",\"name\":\"Brochura online CNC 2026: produtos de unhas private label\",\"isPartOf\":{\"@id\":\"https:\\\/\\\/www.cncinternational.eu\\\/pt-pt\\\/#website\"},\"datePublished\":\"2022-07-18T10:40:55+00:00\",\"dateModified\":\"2026-02-02T14:22:44+00:00\",\"description\":\"Pe\u00e7a a brochura gratuita CNC 2026 e descubra produtos de unhas private label sem HEMA & TPO. Fabricado na Europa \u2013 para a sua marca.\",\"breadcrumb\":{\"@id\":\"https:\\\/\\\/www.cncinternational.eu\\\/pt-pt\\\/catalogue\\\/#breadcrumb\"},\"inLanguage\":\"pt-PT\",\"potentialAction\":[{\"@type\":\"ReadAction\",\"target\":[\"https:\\\/\\\/www.cncinternational.eu\\\/pt-pt\\\/catalogue\\\/\"]}]},{\"@type\":\"BreadcrumbList\",\"@id\":\"https:\\\/\\\/www.cncinternational.eu\\\/pt-pt\\\/catalogue\\\/#breadcrumb\",\"itemListElement\":[{\"@type\":\"ListItem\",\"position\":1,\"name\":\"Home\",\"item\":\"https:\\\/\\\/www.cncinternational.eu\\\/pt-pt\\\/\"},{\"@type\":\"ListItem\",\"position\":2,\"name\":\"Cat\u00e1logo\"}]},{\"@type\":\"WebSite\",\"@id\":\"https:\\\/\\\/www.cncinternational.eu\\\/pt-pt\\\/#website\",\"url\":\"https:\\\/\\\/www.cncinternational.eu\\\/pt-pt\\\/\",\"name\":\"CNC International\",\"description\":\"Just another WordPress site\",\"potentialAction\":[{\"@type\":\"SearchAction\",\"target\":{\"@type\":\"EntryPoint\",\"urlTemplate\":\"https:\\\/\\\/www.cncinternational.eu\\\/pt-pt\\\/?s={search_term_string}\"},\"query-input\":{\"@type\":\"PropertyValueSpecification\",\"valueRequired\":true,\"valueName\":\"search_term_string\"}}],\"inLanguage\":\"pt-PT\"}]}<\/script>\n<!-- \/ Yoast SEO plugin. -->","yoast_head_json":{"title":"Brochura online CNC 2026: produtos de unhas private label","description":"Pe\u00e7a a brochura gratuita CNC 2026 e descubra produtos de unhas private label sem HEMA & TPO. Fabricado na Europa \u2013 para a sua marca.","robots":{"index":"index","follow":"follow","max-snippet":"max-snippet:-1","max-image-preview":"max-image-preview:large","max-video-preview":"max-video-preview:-1"},"canonical":"https:\/\/www.cncinternational.eu\/pt-pt\/catalogue\/","og_locale":"pt_PT","og_type":"article","og_title":"Brochura online CNC 2026: produtos de unhas private label","og_description":"Pe\u00e7a a brochura gratuita CNC 2026 e descubra produtos de unhas private label sem HEMA & TPO. Fabricado na Europa \u2013 para a sua marca.","og_url":"https:\/\/www.cncinternational.eu\/pt-pt\/catalogue\/","og_site_name":"CNC International","article_modified_time":"2026-02-02T14:22:44+00:00","twitter_card":"summary_large_image","schema":{"@context":"https:\/\/schema.org","@graph":[{"@type":"WebPage","@id":"https:\/\/www.cncinternational.eu\/pt-pt\/catalogue\/","url":"https:\/\/www.cncinternational.eu\/pt-pt\/catalogue\/","name":"Brochura online CNC 2026: produtos de unhas private label","isPartOf":{"@id":"https:\/\/www.cncinternational.eu\/pt-pt\/#website"},"datePublished":"2022-07-18T10:40:55+00:00","dateModified":"2026-02-02T14:22:44+00:00","description":"Pe\u00e7a a brochura gratuita CNC 2026 e descubra produtos de unhas private label sem HEMA & TPO. Fabricado na Europa \u2013 para a sua marca.","breadcrumb":{"@id":"https:\/\/www.cncinternational.eu\/pt-pt\/catalogue\/#breadcrumb"},"inLanguage":"pt-PT","potentialAction":[{"@type":"ReadAction","target":["https:\/\/www.cncinternational.eu\/pt-pt\/catalogue\/"]}]},{"@type":"BreadcrumbList","@id":"https:\/\/www.cncinternational.eu\/pt-pt\/catalogue\/#breadcrumb","itemListElement":[{"@type":"ListItem","position":1,"name":"Home","item":"https:\/\/www.cncinternational.eu\/pt-pt\/"},{"@type":"ListItem","position":2,"name":"Cat\u00e1logo"}]},{"@type":"WebSite","@id":"https:\/\/www.cncinternational.eu\/pt-pt\/#website","url":"https:\/\/www.cncinternational.eu\/pt-pt\/","name":"CNC International","description":"Just another WordPress site","potentialAction":[{"@type":"SearchAction","target":{"@type":"EntryPoint","urlTemplate":"https:\/\/www.cncinternational.eu\/pt-pt\/?s={search_term_string}"},"query-input":{"@type":"PropertyValueSpecification","valueRequired":true,"valueName":"search_term_string"}}],"inLanguage":"pt-PT"}]}},"_links":{"self":[{"href":"https:\/\/www.cncinternational.eu\/pt-pt\/wp-json\/wp\/v2\/pages\/3733","targetHints":{"allow":["GET"]}}],"collection":[{"href":"https:\/\/www.cncinternational.eu\/pt-pt\/wp-json\/wp\/v2\/pages"}],"about":[{"href":"https:\/\/www.cncinternational.eu\/pt-pt\/wp-json\/wp\/v2\/types\/page"}],"author":[{"embeddable":true,"href":"https:\/\/www.cncinternational.eu\/pt-pt\/wp-json\/wp\/v2\/users\/1"}],"replies":[{"embeddable":true,"href":"https:\/\/www.cncinternational.eu\/pt-pt\/wp-json\/wp\/v2\/comments?post=3733"}],"version-history":[{"count":21,"href":"https:\/\/www.cncinternational.eu\/pt-pt\/wp-json\/wp\/v2\/pages\/3733\/revisions"}],"predecessor-version":[{"id":14034,"href":"https:\/\/www.cncinternational.eu\/pt-pt\/wp-json\/wp\/v2\/pages\/3733\/revisions\/14034"}],"wp:attachment":[{"href":"https:\/\/www.cncinternational.eu\/pt-pt\/wp-json\/wp\/v2\/media?parent=3733"}],"curies":[{"name":"wp","href":"https:\/\/api.w.org\/{rel}","templated":true}]}}