{"id":1766,"date":"2022-02-09T15:21:51","date_gmt":"2022-02-09T15:21:51","guid":{"rendered":"https:\/\/www.cncinternational.eu\/?page_id=1766"},"modified":"2025-12-23T11:25:28","modified_gmt":"2025-12-23T11:25:28","slug":"produtos-suplementares","status":"publish","type":"page","link":"https:\/\/www.cncinternational.eu\/pt-pt\/productos\/produtos-suplementares\/","title":{"rendered":"Produtos Suplementares"},"content":{"rendered":"  \t\n\t  <header class=\"main-header \">\n\t\t<!-- For mobile -->\n\t\t<div class=\"d-block d-sm-none\">\n\t\t  <div class=\"container-fluid px-0\">\n\t\t\t<div class=\"container g-0\">\n\t\t\t  <div class=\"row g-0 justify-content-start align-items-center\">\n\t\t\t\t<div class=\"col-12 d-sm-none\">\n\t\t\t\t  <div class=\"header-image\">\n\t\t\t\t\t\t\t\t\t\t\t\t<img fetchpriority=\"high\" decoding=\"async\" src=\"https:\/\/www.cncinternational.eu\/wp-content\/uploads\/2021\/12\/Private-label-supplementary-products--scaled.jpg\" alt=\"Marca privada de produtos suplementares, gel UV e acr\u00edlicos\" width=\"2560\" height=\"1927\" loading=\"eager\">\n\t\t\t\t\t\t\t\t\t\t  <\/div>\n\t\t\t\t<\/div>\n\t\t\t\t<div class=\"offset-md-6 col-md-6\">\n\t\t\t\t  <div class=\"header-text\">\n\t\t\t\t\t<p class=\"mobile-title\">Produtos Suplementares<\/p>\n\t\t\t\t\t<p data-pm-slice=\"1 1 [&quot;bulletList&quot;,null,&quot;listItem&quot;,null,&quot;bulletList&quot;,null,&quot;listItem&quot;,null]\">First step, nail prep!<\/p>\n\t\t\t\t\t\t\t\t\t\t\t\t\t\t  <\/div>\n\t\t\t\t<\/div>\n\t\t\t  <\/div>\n\t\t\t<\/div>\n\t\t  <\/div>\n\t\t<\/div>\n\t\t<!-- \/For mobile -->\n\t\t\n\t\t<!-- For desktop -->\n\t\t<div class=\"d-none d-sm-block\">\n\t\t  <div class=\"container-fluid px-0\" >\n\t\t\t<div class=\"header-bg\" style=\"background-image: url('https:\/\/www.cncinternational.eu\/wp-content\/uploads\/2021\/12\/Private-label-supplementary-products--scaled.jpg');\">\n\t\t\t\t\n\t\t\t<\/div>\n\t\t\t<div class=\"container g-0\">\n\t\t\t  <div class=\"row g-0 justify-content-start align-items-center\">\n\t\t\t\t<div class=\"offset-md-6 col-md-6\">\n\t\t\t\t  <div class=\"header-text\">\n\t\t\t\t\t<h1>Produtos Suplementares<\/h1>\n\t\t\t\t\t<p data-pm-slice=\"1 1 [&quot;bulletList&quot;,null,&quot;listItem&quot;,null,&quot;bulletList&quot;,null,&quot;listItem&quot;,null]\">First step, nail prep!<\/p>\n\t\t\t\t\n\t\t\t\t\t\t\t\t\t\t\t\t\t\t  <\/div>\n\t\t\t\t<\/div>\n\t\t\t  <\/div>\n\t\t\t<\/div>\n\t\t  <\/div>\n\t\t<\/div>\n\t\t<!-- \/For desktop -->\n\t  <\/header>\n\t  \n\t  \t\n\n\t<section class=\"news\">\n\t\t<div class=\"container p-0 \">\n\t\t\t<div class=\"row g-0\">\n\t\t\t\t<div class=\"col-12 overlap bg-white\">\n\t\t\t\t\t\t\t\t\t\t\t\t\t\t\t\t\t\t\t\t\t\t<!-- Start row -->\n\t\t\t\t\t\t\t\t\t\t\t\t\t\t\t\t\t\t\t\t\t\t\t\t\t\t\t\t\t\t\t\t\t\t\t\t\n\t\t\t\t\t\t\t\t\t<div class=\"row g-0 align-items-center\">\n\t\t\t\t\t\t\t\t\t\t<div class=\"col-12 col-md col-img img-wrapper\">\n\t\t\t\t\t\t\t\t\t\t\t\t\t\t\t\t\t\t\t\t\t\t\t\t\t\t\t\t\t\t\t\t\t\t<img loading=\"lazy\" decoding=\"async\" src=\"https:\/\/www.cncinternational.eu\/wp-content\/uploads\/2021\/12\/MicrosoftTeams-image.jpg\"\n\t\t\t\t\t\t\t\t\t\t\t\t\talt=\"Prepara\u00e7\u00e3o de manicura com gel UV\" width=\"1445\" height=\"813\">\n\t\t\t\t\t\t\t\t\t\t\t\t\t\t\t\t\t\t\t\t\t<\/div>\n\t\t\t\t\t\t\t\t\t\t<div class=\"col-12 col-md col-excerpt\">\n\t\t\t\t\t\t\t\t\t\t\t<div class=\"excerpt-wrapper\">\n\t\t\t\t\t\t\t\t\t\t\t\t<h4>Primeiro passo para os melhores resultados<\/h4>\n\t\t\t\t\t\t\t\t\t\t\t\t<p>A qualidade de cada tratamento de unhas depende diretamente da prepara\u00e7\u00e3o das unhas. Escolha os melhores produtos para a sua linha privada. Os nossos produtos suplementares de unhas foram especialmente desenvolvidos para complementar perfeitamente os nossos produtos de base. A sua garantia de obter os melhores resultados sempre!\r\n<\/p>\n\t\t\t\t\t\t\t\t\t\t\t\t\t\t\t\t\t\t\t\t\t\t\t<\/div>\n\t\t\t\t\t\t\t\t\t\t<\/div>\n\t\t\t\t\t\t\t\t\t<\/div>\n\t\t\t\t\t\t\t\t\n\t\t\t\t\t\t\t\n\t\t\t\t\t\t\t\t\t\t\t\t\t\t\t\t\t\t\t\t\t\t\t\t\t\t\t\t\t\t\t\t\t\t\t\t\t\t\t\t\t\t\t\t\t\t\t\t\t\t\t\t<div class=\"row g-0 align-items-center\">\n\t\t\t\t\t\t\t\t\t\t<div class=\"col-12 col-md col-excerpt\">\n\t\t\t\t\t\t\t\t\t\t\t<div class=\"excerpt-wrapper\">\n\t\t\t\t\t\t\t\t\t\t\t\t<h4>Produtos suplementares<\/h4>\n\t\t\t\t\t\t\t\t\t\t\t\t<p>Para completar a sua cole\u00e7\u00e3o de produtos de unhas, a CNC International tem produtos suplementares de alta qualidade, tais como removedor e l\u00edquidos de prepara\u00e7\u00e3o de unhas.\r\n<ul >\r\n<li>Bonder sem \u00c1cido<\/li>\r\n<li>Primer de unhas<\/li>\r\n<li>Purificador de unhas<\/li>\r\n<li>Fresh de unhas<\/li>\r\n<li>Gel de Limpeza<\/li>\r\n<\/ul>\t<\/p>\n\t\t\t\t\t\t\t\t\t\t\t\t\t\t\t\t\t\t\t\t\t\t\t<\/div>\n\t\t\t\t\t\t\t\t\t\t<\/div>\n\t\t\t\t\t\t\t\t\t\t<div class=\"col-12 col-md col-img img-wrapper\">\n\t\t\t\t\t\t\t\t\t\t\t\t\t\t\t\t\t\t\t\t\t\t\t\t\t\t\t\t\t\t\t\t\t\t\t\t<img loading=\"lazy\" decoding=\"async\" src=\"https:\/\/www.cncinternational.eu\/wp-content\/uploads\/2021\/12\/Removers-nail-preparation-liquids-1.jpg\"\n\t\t\t\t\t\t\t\t\t\t\t\t\t\talt=\"Removedores e L\u00edquidos de prepara\u00e7\u00e3o de unhas\" width=\"1445\" height=\"813\">\n\t\t\t\t\t\t\t\t\t\t\t\t\t\t\t\t\t\t\t\t\t\t\t\t\t\t\t\t\t\t\t\t\t<\/div>\n\t\t\t\t\t\t\t\t\t<\/div>\n\t\t\t\t\t\t\t\t\n\t\t\t\t\t\t\t\n\t\t\t\t\t\t\t\t\t\t\t\t\t\t\t\t\t\t\t<!-- End row -->\n\t\t\t\t\t\t\t\t\t<\/div>\n\t\t\t<\/div>\n\t\t<\/div>\n\t<\/section>\n\n\t\n\n      \t<section class=\"contact-block ud_catalogue image-and-description gradient-bg slipped-section\" id=\"\">\n\t\t<div class=\"container\">\n\t\t\t<div class=\"row justify-content-center\">\n\t\t\t\t<div class=\"col-12 col-md-12 col-lg-10\">\n\t\t\t\t\t<div class=\"form-wrapper\">\n\t\t\t\t\t\t<div class=\"col-12\">\n\t\t\t\t\t\t\t<div class=\"row flex-column-reverse flex-lg-row\">\n\t\t\t\t\t\t\t\t<div class=\"col-12 col-md col-excerpt\">\n\t\t\t\t\t\t\t\t\t<div class=\"excerpt-wrapper\">\n\t\t\t\t\t\t\t\t\t\t<h4 class=\"form-title text-center\">Confira nossa brochura online com os best-sellers e novos produtos sem TPO e HEMA<\/h4>\t\t\t\t\t\t\t\t\t\t\t\t\t\t\t\t\t\t\t\t\t<div class=\"form-description\">\n\t\t\t\t\t\t\t\t\t\t\t\t<p>Na nossa e-brochura 2026 voc\u00ea encontrar\u00e1:<\/p>\n<ul>\n<li>Nossos produtos de gel UV mais vendidos e novos de 2026<\/li>\n<li>Pre\u00e7os iniciais por litro<\/li>\n<li>Principais benef\u00edcios de trabalhar com a CNC<\/li>\n<\/ul>\n\t\t\t\t\t\t\t\t\t\t\t<\/div>\n\t\t\t\t\t\t\t\t\t\t\t\n\t\t\t\t\t\t\t\t\t\t\t\t\t\t\t\t\t\t\t\t\t\t\t\t\t\t\t\t\t\t\t\t\t<div class=\"form d-flex justify-content-md-center\">\n\t\t\t\t\t\t\t\t\t\t\t\t\t\t\t\t\t\t\t\t\t\t\t\t\t\t\t\t\t\t\t\t\t\t\t\t\t\t\t\t<a class=\"btn\" href=\"\/pt-pt\/contact#contact\" target=\"_self\">Obter brochura online<\/a>\n\t\t\t\t\t\t\t\t\t\t\t\t\t\t\t\t\t\t\t\t\t\t\t\t\t<\/div>\n\t\t\t\t\t\t\t\t\t\t\t\t\t\t\t\t\t\t\t\t\t\t\t\t\t\n\t\t\t\t\t\t\t\t\t<\/div>\n\t\t\t\t\t\t\t\t<\/div>\n\t\t\t\t\t\t\t\t<div class=\"col-6 col-md-4 mx-auto col-img img-wrapper\">\n\t\t\t\t\t\t\t\t\t<img decoding=\"async\" src=\"https:\/\/www.cncinternational.eu\/wp-content\/uploads\/2025\/08\/Telefoon-EP.png\" alt=\"\">\n\t\t\t\t\t\t\t\t<\/div>\n\t\t\t\t\t\t\t<\/div>\n\t\t\t\t\t\t<\/div>\n\t\t\t\t\t\t\n\t\t\t\t\t<\/div>\n\t\t\t\t<\/div>\n\t\t\t\t\n\t\t\t<\/div>\n\t\t<\/div>\n\t<\/section>\n  \t\n  \t\n\t","protected":false},"excerpt":{"rendered":"","protected":false},"author":7,"featured_media":0,"parent":1742,"menu_order":0,"comment_status":"closed","ping_status":"closed","template":"","meta":{"_acf_changed":false,"inline_featured_image":false,"footnotes":""},"class_list":["post-1766","page","type-page","status-publish","hentry"],"acf":[],"yoast_head":"<!-- This site is optimized with the Yoast SEO plugin v27.4 - https:\/\/yoast.com\/product\/yoast-seo-wordpress\/ -->\n<title>Produtos Suplementares - CNC International<\/title>\n<meta name=\"description\" content=\"A CNC oferece produtos complementares de alta qualidade para completar a sua marca privada. Escolha os melhores produtos para a sua linha.\" \/>\n<meta name=\"robots\" content=\"index, follow, max-snippet:-1, max-image-preview:large, max-video-preview:-1\" \/>\n<link rel=\"canonical\" href=\"https:\/\/www.cncinternational.eu\/pt-pt\/productos\/produtos-suplementares\/\" \/>\n<meta property=\"og:locale\" content=\"pt_PT\" \/>\n<meta property=\"og:type\" content=\"article\" \/>\n<meta property=\"og:title\" content=\"Produtos Suplementares - CNC International\" \/>\n<meta property=\"og:description\" content=\"A CNC oferece produtos complementares de alta qualidade para completar a sua marca privada. Escolha os melhores produtos para a sua linha.\" \/>\n<meta property=\"og:url\" content=\"https:\/\/www.cncinternational.eu\/pt-pt\/productos\/produtos-suplementares\/\" \/>\n<meta property=\"og:site_name\" content=\"CNC International\" \/>\n<meta property=\"article:modified_time\" content=\"2025-12-23T11:25:28+00:00\" \/>\n<meta name=\"twitter:card\" content=\"summary_large_image\" \/>\n<script type=\"application\/ld+json\" class=\"yoast-schema-graph\">{\"@context\":\"https:\\\/\\\/schema.org\",\"@graph\":[{\"@type\":\"WebPage\",\"@id\":\"https:\\\/\\\/www.cncinternational.eu\\\/pt-pt\\\/productos\\\/produtos-suplementares\\\/\",\"url\":\"https:\\\/\\\/www.cncinternational.eu\\\/pt-pt\\\/productos\\\/produtos-suplementares\\\/\",\"name\":\"Produtos Suplementares - CNC International\",\"isPartOf\":{\"@id\":\"https:\\\/\\\/www.cncinternational.eu\\\/pt-pt\\\/#website\"},\"datePublished\":\"2022-02-09T15:21:51+00:00\",\"dateModified\":\"2025-12-23T11:25:28+00:00\",\"description\":\"A CNC oferece produtos complementares de alta qualidade para completar a sua marca privada. Escolha os melhores produtos para a sua linha.\",\"breadcrumb\":{\"@id\":\"https:\\\/\\\/www.cncinternational.eu\\\/pt-pt\\\/productos\\\/produtos-suplementares\\\/#breadcrumb\"},\"inLanguage\":\"pt-PT\",\"potentialAction\":[{\"@type\":\"ReadAction\",\"target\":[\"https:\\\/\\\/www.cncinternational.eu\\\/pt-pt\\\/productos\\\/produtos-suplementares\\\/\"]}]},{\"@type\":\"BreadcrumbList\",\"@id\":\"https:\\\/\\\/www.cncinternational.eu\\\/pt-pt\\\/productos\\\/produtos-suplementares\\\/#breadcrumb\",\"itemListElement\":[{\"@type\":\"ListItem\",\"position\":1,\"name\":\"Home\",\"item\":\"https:\\\/\\\/www.cncinternational.eu\\\/pt-pt\\\/\"},{\"@type\":\"ListItem\",\"position\":2,\"name\":\"Productos\",\"item\":\"https:\\\/\\\/www.cncinternational.eu\\\/pt-pt\\\/productos\\\/\"},{\"@type\":\"ListItem\",\"position\":3,\"name\":\"Produtos Suplementares\"}]},{\"@type\":\"WebSite\",\"@id\":\"https:\\\/\\\/www.cncinternational.eu\\\/pt-pt\\\/#website\",\"url\":\"https:\\\/\\\/www.cncinternational.eu\\\/pt-pt\\\/\",\"name\":\"CNC International\",\"description\":\"Just another WordPress site\",\"potentialAction\":[{\"@type\":\"SearchAction\",\"target\":{\"@type\":\"EntryPoint\",\"urlTemplate\":\"https:\\\/\\\/www.cncinternational.eu\\\/pt-pt\\\/?s={search_term_string}\"},\"query-input\":{\"@type\":\"PropertyValueSpecification\",\"valueRequired\":true,\"valueName\":\"search_term_string\"}}],\"inLanguage\":\"pt-PT\"}]}<\/script>\n<!-- \/ Yoast SEO plugin. -->","yoast_head_json":{"title":"Produtos Suplementares - CNC International","description":"A CNC oferece produtos complementares de alta qualidade para completar a sua marca privada. Escolha os melhores produtos para a sua linha.","robots":{"index":"index","follow":"follow","max-snippet":"max-snippet:-1","max-image-preview":"max-image-preview:large","max-video-preview":"max-video-preview:-1"},"canonical":"https:\/\/www.cncinternational.eu\/pt-pt\/productos\/produtos-suplementares\/","og_locale":"pt_PT","og_type":"article","og_title":"Produtos Suplementares - CNC International","og_description":"A CNC oferece produtos complementares de alta qualidade para completar a sua marca privada. Escolha os melhores produtos para a sua linha.","og_url":"https:\/\/www.cncinternational.eu\/pt-pt\/productos\/produtos-suplementares\/","og_site_name":"CNC International","article_modified_time":"2025-12-23T11:25:28+00:00","twitter_card":"summary_large_image","schema":{"@context":"https:\/\/schema.org","@graph":[{"@type":"WebPage","@id":"https:\/\/www.cncinternational.eu\/pt-pt\/productos\/produtos-suplementares\/","url":"https:\/\/www.cncinternational.eu\/pt-pt\/productos\/produtos-suplementares\/","name":"Produtos Suplementares - CNC International","isPartOf":{"@id":"https:\/\/www.cncinternational.eu\/pt-pt\/#website"},"datePublished":"2022-02-09T15:21:51+00:00","dateModified":"2025-12-23T11:25:28+00:00","description":"A CNC oferece produtos complementares de alta qualidade para completar a sua marca privada. Escolha os melhores produtos para a sua linha.","breadcrumb":{"@id":"https:\/\/www.cncinternational.eu\/pt-pt\/productos\/produtos-suplementares\/#breadcrumb"},"inLanguage":"pt-PT","potentialAction":[{"@type":"ReadAction","target":["https:\/\/www.cncinternational.eu\/pt-pt\/productos\/produtos-suplementares\/"]}]},{"@type":"BreadcrumbList","@id":"https:\/\/www.cncinternational.eu\/pt-pt\/productos\/produtos-suplementares\/#breadcrumb","itemListElement":[{"@type":"ListItem","position":1,"name":"Home","item":"https:\/\/www.cncinternational.eu\/pt-pt\/"},{"@type":"ListItem","position":2,"name":"Productos","item":"https:\/\/www.cncinternational.eu\/pt-pt\/productos\/"},{"@type":"ListItem","position":3,"name":"Produtos Suplementares"}]},{"@type":"WebSite","@id":"https:\/\/www.cncinternational.eu\/pt-pt\/#website","url":"https:\/\/www.cncinternational.eu\/pt-pt\/","name":"CNC International","description":"Just another WordPress site","potentialAction":[{"@type":"SearchAction","target":{"@type":"EntryPoint","urlTemplate":"https:\/\/www.cncinternational.eu\/pt-pt\/?s={search_term_string}"},"query-input":{"@type":"PropertyValueSpecification","valueRequired":true,"valueName":"search_term_string"}}],"inLanguage":"pt-PT"}]}},"_links":{"self":[{"href":"https:\/\/www.cncinternational.eu\/pt-pt\/wp-json\/wp\/v2\/pages\/1766","targetHints":{"allow":["GET"]}}],"collection":[{"href":"https:\/\/www.cncinternational.eu\/pt-pt\/wp-json\/wp\/v2\/pages"}],"about":[{"href":"https:\/\/www.cncinternational.eu\/pt-pt\/wp-json\/wp\/v2\/types\/page"}],"author":[{"embeddable":true,"href":"https:\/\/www.cncinternational.eu\/pt-pt\/wp-json\/wp\/v2\/users\/7"}],"replies":[{"embeddable":true,"href":"https:\/\/www.cncinternational.eu\/pt-pt\/wp-json\/wp\/v2\/comments?post=1766"}],"version-history":[{"count":19,"href":"https:\/\/www.cncinternational.eu\/pt-pt\/wp-json\/wp\/v2\/pages\/1766\/revisions"}],"predecessor-version":[{"id":13736,"href":"https:\/\/www.cncinternational.eu\/pt-pt\/wp-json\/wp\/v2\/pages\/1766\/revisions\/13736"}],"up":[{"embeddable":true,"href":"https:\/\/www.cncinternational.eu\/pt-pt\/wp-json\/wp\/v2\/pages\/1742"}],"wp:attachment":[{"href":"https:\/\/www.cncinternational.eu\/pt-pt\/wp-json\/wp\/v2\/media?parent=1766"}],"curies":[{"name":"wp","href":"https:\/\/api.w.org\/{rel}","templated":true}]}}