{"id":1759,"date":"2022-02-09T15:14:45","date_gmt":"2022-02-09T15:14:45","guid":{"rendered":"https:\/\/www.cncinternational.eu\/?page_id=1759"},"modified":"2026-04-28T13:17:45","modified_gmt":"2026-04-28T13:17:45","slug":"geis-uv","status":"publish","type":"page","link":"https:\/\/www.cncinternational.eu\/pt-pt\/productos\/geis-uv\/","title":{"rendered":"G\u00e9is UV"},"content":{"rendered":"  \t\n\t  <header class=\"main-header \">\n\t\t<!-- For mobile -->\n\t\t<div class=\"d-block d-sm-none\">\n\t\t  <div class=\"container-fluid px-0\">\n\t\t\t<div class=\"container g-0\">\n\t\t\t  <div class=\"row g-0 justify-content-start align-items-center\">\n\t\t\t\t<div class=\"col-12 d-sm-none\">\n\t\t\t\t  <div class=\"header-image\">\n\t\t\t\t\t\t\t\t\t\t\t\t<img fetchpriority=\"high\" decoding=\"async\" src=\"https:\/\/www.cncinternational.eu\/wp-content\/uploads\/2022\/03\/Private-labeling-nail-UV-gels-1-scaled.jpg\" alt=\"Marcas privadas a granel, g\u00e9is de base, g\u00e9is de fibra, g\u00e9is esculpidor, g\u00e9is de manicure Francesa, g\u00e9is de cobertura, g\u00e9is de cor, g\u00e9is de brilho, g\u00e9is de fase \u00fanica, baixa quantidade m\u00ednima de encomenda\" width=\"2560\" height=\"1927\" loading=\"eager\">\n\t\t\t\t\t\t\t\t\t\t  <\/div>\n\t\t\t\t<\/div>\n\t\t\t\t<div class=\"offset-md-6 col-md-6\">\n\t\t\t\t  <div class=\"header-text\">\n\t\t\t\t\t<p class=\"mobile-title\">G\u00e9is UV<\/p>\n\t\t\t\t\t<p>A fabrica\u00e7\u00e3o de gel UV \u00e9 o principal neg\u00f3cio da CNC International. A seguran\u00e7a dos clientes \u00e9 nossa prioridade; oferecemos uma ampla gama de g\u00e9is UV livres de HEMA e TPO em nossa cole\u00e7\u00e3o padr\u00e3o. A cole\u00e7\u00e3o padr\u00e3o inclui Base Gels, Builder Gels, Fiber Gels, One Phase Gels, Top Gels e uma cole\u00e7\u00e3o crescente de Gel Polish.<\/p>\n\t\t\t\t\t\t\t\t\t\t\t\t\t\t\t\t\t\t<a class=\"btn mb-3\" href=\"\/pt-pt\/contact#contact\">\n\t\t\t\t\t\t\t\tObter brochura online\t\t\t\t\t\t\t<\/a>\n\t\t\t\t\t\t\t\t\t\t\t\t\t\t\t\t\t\t\t\t  <\/div>\n\t\t\t\t<\/div>\n\t\t\t  <\/div>\n\t\t\t<\/div>\n\t\t  <\/div>\n\t\t<\/div>\n\t\t<!-- \/For mobile -->\n\t\t\n\t\t<!-- For desktop -->\n\t\t<div class=\"d-none d-sm-block\">\n\t\t  <div class=\"container-fluid px-0\" >\n\t\t\t<div class=\"header-bg\" style=\"background-image: url('https:\/\/www.cncinternational.eu\/wp-content\/uploads\/2022\/03\/Private-labeling-nail-UV-gels-1-scaled.jpg');\">\n\t\t\t\t\n\t\t\t<\/div>\n\t\t\t<div class=\"container g-0\">\n\t\t\t  <div class=\"row g-0 justify-content-start align-items-center\">\n\t\t\t\t<div class=\"offset-md-6 col-md-6\">\n\t\t\t\t  <div class=\"header-text\">\n\t\t\t\t\t<h1>G\u00e9is UV<\/h1>\n\t\t\t\t\t<p>A fabrica\u00e7\u00e3o de gel UV \u00e9 o principal neg\u00f3cio da CNC International. A seguran\u00e7a dos clientes \u00e9 nossa prioridade; oferecemos uma ampla gama de g\u00e9is UV livres de HEMA e TPO em nossa cole\u00e7\u00e3o padr\u00e3o. A cole\u00e7\u00e3o padr\u00e3o inclui Base Gels, Builder Gels, Fiber Gels, One Phase Gels, Top Gels e uma cole\u00e7\u00e3o crescente de Gel Polish.<\/p>\n\t\t\t\t\n\t\t\t\t\t\t\t\t\t\t\t\t\t\t\t\t\t\t<a class=\"btn mb-3\" href=\"\/pt-pt\/contact#contact\">\n\t\t\t\t\t\tObter brochura online\t\t\t\t\t\t\t<\/a>\n\t\t\t\t\t\t\t\t\t\t\t\t\t\t\t\t\t\t\t\t  <\/div>\n\t\t\t\t<\/div>\n\t\t\t  <\/div>\n\t\t\t<\/div>\n\t\t  <\/div>\n\t\t<\/div>\n\t\t<!-- \/For desktop -->\n\t  <\/header>\n\t  \n\t  \t\n\n\t<section class=\"news\">\n\t\t<div class=\"container p-0 \">\n\t\t\t<div class=\"row g-0\">\n\t\t\t\t<div class=\"col-12 overlap bg-white\">\n\t\t\t\t\t\t\t\t\t\t\t\t\t\t\t\t\t\t\t\t\t\t<!-- Start row -->\n\t\t\t\t\t\t\t\t\t\t\t\t\t\t\t\t\t\t\t\t\t\t\t\t\t\t\t\t\t\t\t\t\t\t\t\t\n\t\t\t\t\t\t\t\t\t<div id=\"basegel\" class=\"row g-0 align-items-center\">\n\t\t\t\t\t\t\t\t\t\t<div class=\"col-12 col-md col-img img-wrapper\">\n\t\t\t\t\t\t\t\t\t\t\t\t\t\t\t\t\t\t\t\t\t\t\t\t\t\t\t\t\t\t\t\t\t\t<img loading=\"lazy\" decoding=\"async\" src=\"https:\/\/www.cncinternational.eu\/wp-content\/uploads\/2021\/12\/Private-label-UV-Gels-Base-Gels.jpg\"\n\t\t\t\t\t\t\t\t\t\t\t\t\talt=\"G\u00e9is de Base UV\" width=\"1445\" height=\"813\">\n\t\t\t\t\t\t\t\t\t\t\t\t\t\t\t\t\t\t\t\t\t<\/div>\n\t\t\t\t\t\t\t\t\t\t<div class=\"col-12 col-md col-excerpt\">\n\t\t\t\t\t\t\t\t\t\t\t<div class=\"excerpt-wrapper\">\n\t\t\t\t\t\t\t\t\t\t\t\t<h4><\/h4>\n\t\t\t\t\t\t\t\t\t\t\t\t<p>u003ch2 id=u0022uvbasegelu0022u003eG\u00e9is de Base UVu003c\/h2u003ernrnO primeiro passo no sistema de tr\u00eas fases. Estes g\u00e9is garantem a perfeita ader\u00eancia \u00e0s unhas naturais.<\/p>\n\t\t\t\t\t\t\t\t\t\t\t\t\t\t\t\t\t\t\t\t\t\t\t\t\t\t\t\t\t\t\t\t\t\t\t\t\t\t\t\t\t\t\t\t\t\t\t\t\t\t\t\t\t\t\t\t\t\t\t\t\t\t\t\t\t\t\t\t\t\t\t\t\t\t\t\t\t\t\t\t\t\t\t\t\t\t\t\t\t\t\t\t\t\t\t\t\t\t\t\t\t\t<button class=\"btn more-link js-modal-btn\" data-channel=\"local\" data-video-url=\"https:\/\/www.cncinternational.eu\/wp-content\/uploads\/2026\/04\/G0104-Base-Gel-1-2.0.mp4\"><i class=\"far fa-play-circle mr-3\"><\/i> Assista v\u00eddeo <\/button>\n\t\t\t\t\t\t\t\t\t\t\t\t\t\t\t\t\t\t\t\t\t\t\t\t\t\t\t\t\t\t\t\n\t\t\t\t\t\t\t\t\t\t\t\t\t\t\n\t\t\t\t\t\t\t\t\t\t\t\t\t\n\t\t\t\t\t\t\t\t\t\t\t\t\t<!-- Another button -->\n\t\t\t\t\t\t\t\t\t\t\t\t\t\t\t\t\t\t\t\t\t\t\t\t\t\t\t\t\t\t\t\t\t\t\t\t<\/div>\n\t\t\t\t\t\t\t\t\t\t<\/div>\n\t\t\t\t\t\t\t\t\t<\/div>\n\t\t\t\t\t\t\t\t\n\t\t\t\t\t\t\t\n\t\t\t\t\t\t\t\t\t\t\t\t\t\t\t\t\t\t\t\t\t\t\t\t\t\t\t\t\t\t\t\t\t\t\t\t\t\t\t\t\t\t\t\t\t\t\t\t\t\t\t\t<div id=\"buildergels\" class=\"row g-0 align-items-center\">\n\t\t\t\t\t\t\t\t\t\t<div class=\"col-12 col-md col-excerpt\">\n\t\t\t\t\t\t\t\t\t\t\t<div class=\"excerpt-wrapper\">\n\t\t\t\t\t\t\t\t\t\t\t\t<h4><\/h4>\n\t\t\t\t\t\t\t\t\t\t\t\t<p>u003ch2 id=u0022uvbuildergelu0022u003eGel de constru\u00e7\u00e3ou003c\/h2u003ernrnOs builder gels s\u00e3o o segundo passo em um sistema de gel trif\u00e1sico. Ideais para sobreposi\u00e7\u00e3o em unhas naturais e extens\u00f5es de unhas. Em nosso portf\u00f3lio, temos 6 linhas diferentes de builder gels para escolher: Fiber Gel, Fiber Gel DHF, TXO Gel, Sculpting Gel, Royal Gel, Mousse Gel e Luxa Gel!<\/p>\n\t\t\t\t\t\t\t\t\t\t\t\t\t\t\t\t\t\t\t\t\t\t\t\t\t\t\t\t\t\t\t\t\t\t\t\t\t\t\t\t\t\t\t\t\t\t\t\t\t\t\t\t\t\t\t\t\t\t\t\t\t\t\t\t\t\t\t\t\t\t<a href=\"https:\/\/www.cncinternational.eu\/pt-pt\/productos\/geis-uv\/geis-uv-builder\/\" class=\"btn\">Saiba mais<\/a>\n\t\t\t\t\t\t\t\t\t\t\t\t\t\t\t\n\t\t\t\t\t\t\t\t\t\t\t\t\t\t\n\t\t\t\t\t\t\t\t\t\t\t\t\t\n\t\t\t\t\t\t\t\t\t\t\t\t\t<!-- Another button -->\n\t\t\t\t\t\t\t\t\t\t\t\t\t\t\t\t\t\t\t\t\t\t\t\t\t\t\t\t\t\t\t\t\t\t\t\t<\/div>\n\t\t\t\t\t\t\t\t\t\t<\/div>\n\t\t\t\t\t\t\t\t\t\t<div class=\"col-12 col-md col-img img-wrapper\">\n\t\t\t\t\t\t\t\t\t\t\t\t\t\t\t\t\t\t\t\t\t\t\t\t\t\t\t\t\t\t\t\t\t\t\t\t<img loading=\"lazy\" decoding=\"async\" src=\"https:\/\/www.cncinternational.eu\/wp-content\/uploads\/2021\/12\/Private-label-French-manicure-UV-gels-builder-gels-fiber-gel-.jpg\"\n\t\t\t\t\t\t\t\t\t\t\t\t\t\talt=\"Marca privada de manicure Francesa, g\u00e9is de constu\u00e7\u00e3o UV, g\u00e9is de fibra\" width=\"1445\" height=\"813\">\n\t\t\t\t\t\t\t\t\t\t\t\t\t\t\t\t\t\t\t\t\t\t\t\t\t\t\t\t\t\t\t\t\t<\/div>\n\t\t\t\t\t\t\t\t\t<\/div>\n\t\t\t\t\t\t\t\t\n\t\t\t\t\t\t\t\n\t\t\t\t\t\t\t\t\t\t\t\t\t\t\t\t\t\t\t\t\t\t\t\t\t\t\t\t\t\t\t\t\t\t\t\t\t\t\t\t\t\t\t\n\t\t\t\t\t\t\t\t\t<div id=\"topgels\" class=\"row g-0 align-items-center\">\n\t\t\t\t\t\t\t\t\t\t<div class=\"col-12 col-md col-img img-wrapper\">\n\t\t\t\t\t\t\t\t\t\t\t\t\t\t\t\t\t\t\t\t\t\t\t\t\t\t\t\t\t\t\t\t\t\t<img loading=\"lazy\" decoding=\"async\" src=\"https:\/\/www.cncinternational.eu\/wp-content\/uploads\/2021\/12\/Private-label-UV-high-shine-top-gel-French-manicure-application.jpg\"\n\t\t\t\t\t\t\t\t\t\t\t\t\talt=\"Aplica\u00e7\u00e3o do gel de alto brilho UV de manicure francesa de marca privada\" width=\"1445\" height=\"813\">\n\t\t\t\t\t\t\t\t\t\t\t\t\t\t\t\t\t\t\t\t\t<\/div>\n\t\t\t\t\t\t\t\t\t\t<div class=\"col-12 col-md col-excerpt\">\n\t\t\t\t\t\t\t\t\t\t\t<div class=\"excerpt-wrapper\">\n\t\t\t\t\t\t\t\t\t\t\t\t<h4><\/h4>\n\t\t\t\t\t\t\t\t\t\t\t\t<p>u003ch2 id=u0022uvtopcoatu0022u003eG\u00e9is de Cobertura UVu003c\/h2u003ernrnOs G\u00e9is de Cobertura s\u00e3o o terceiro e \u00faltimo passo no sistema de gel de tr\u00eas fases. Este \u00faltimo gel garante a prote\u00e7\u00e3o de todos os designs e d\u00e1 \u00e0s unhas um brilho perfeito.<\/p>\n\t\t\t\t\t\t\t\t\t\t\t\t\t\t\t\t\t\t\t\t\t\t\t\t\t\t\t\t\t\t\t\t\t\t\t\t\t\t\t\t\t\t\t\t\t\t\t\t\t\t\t\t\t\t\t\t\t\t\t\t\t\t\t\t\t\t\t\t\t\t\t\t\t\t\t\t\t\t\t\t\t\t\t\t\t\t\t\t\t\t\t\t\t\t\t\t\t\t\t\t\t\t<button class=\"btn more-link js-modal-btn\" data-channel=\"local\" data-video-url=\"https:\/\/www.cncinternational.eu\/wp-content\/uploads\/2026\/04\/G6028-Glitter-Top-Gel-Silver.mp4\"><i class=\"far fa-play-circle mr-3\"><\/i> Assista v\u00eddeo <\/button>\n\t\t\t\t\t\t\t\t\t\t\t\t\t\t\t\t\t\t\t\t\t\t\t\t\t\t\t\t\t\t\t\n\t\t\t\t\t\t\t\t\t\t\t\t\t\t\n\t\t\t\t\t\t\t\t\t\t\t\t\t\n\t\t\t\t\t\t\t\t\t\t\t\t\t<!-- Another button -->\n\t\t\t\t\t\t\t\t\t\t\t\t\t\t\t\t\t\t\t\t\t\t\t\t\t\t\t\t\t\t\t\t\t\t\t\t<\/div>\n\t\t\t\t\t\t\t\t\t\t<\/div>\n\t\t\t\t\t\t\t\t\t<\/div>\n\t\t\t\t\t\t\t\t\n\t\t\t\t\t\t\t\n\t\t\t\t\t\t\t\t\t\t\t\t\t\t\t\t\t\t\t\t\t\t\t\t\t\t\t\t\t\t\t\t\t\t\t\t\t\t\t\t\t\t\t\t\t\t\t\t\t\t\t\t<div id=\"onephasegels\" class=\"row g-0 align-items-center\">\n\t\t\t\t\t\t\t\t\t\t<div class=\"col-12 col-md col-excerpt\">\n\t\t\t\t\t\t\t\t\t\t\t<div class=\"excerpt-wrapper\">\n\t\t\t\t\t\t\t\t\t\t\t\t<h4><\/h4>\n\t\t\t\t\t\t\t\t\t\t\t\t<p>u003ch2 id=u0022uvonephasegelu0022u003eG\u00e9is de Fase \u00danica UVu003c\/h2u003ernrnOs nossos One Phase Gels combinam as qualidades de base gel, builder gel e top gel em um \u00fanico produto. F\u00e1ceis de usar e com resultados duradouros! Em nosso portf\u00f3lio, temos 4 linhas diferentes de One Phase Gels para escolher:rnu003cul u003ernu003cliu003eSolid Flex Gelsu003c\/liu003ernu003cliu003eDiamond Gelsu003c\/liu003ernu003cliu003eElementary Gelsu003c\/liu003ernu003cliu003eOmni Gelsu003c\/liu003ernu003c\/ulu003e<\/p>\n\t\t\t\t\t\t\t\t\t\t\t\t\t\t\t\t\t\t\t\t\t\t\t\t\t\t\t\t\t\t\t\t\t\t\t\t\t\t\t\t\t\t\t\t\t\t\t\t\t\t\t\t\t\t\t\t\t\t\t\t\t\t\t\t\t\t\t\t\t\t<a href=\"https:\/\/www.cncinternational.eu\/pt-pt\/productos\/geis-uv\/geis-monofasicos\/\" class=\"btn\">Saiba mais<\/a>\n\t\t\t\t\t\t\t\t\t\t\t\t\t\t\t\n\t\t\t\t\t\t\t\t\t\t\t\t\t\t\n\t\t\t\t\t\t\t\t\t\t\t\t\t\n\t\t\t\t\t\t\t\t\t\t\t\t\t<!-- Another button -->\n\t\t\t\t\t\t\t\t\t\t\t\t\t\t\t\t\t\t\t\t\t\t\t\t\t\t\t\t\t\t\t\t\t\t\t\t<\/div>\n\t\t\t\t\t\t\t\t\t\t<\/div>\n\t\t\t\t\t\t\t\t\t\t<div class=\"col-12 col-md col-img img-wrapper\">\n\t\t\t\t\t\t\t\t\t\t\t\t\t\t\t\t\t\t\t\t\t\t\t\t\t\t\t\t\t\t\t\t\t\t\t\t<img loading=\"lazy\" decoding=\"async\" src=\"https:\/\/www.cncinternational.eu\/wp-content\/uploads\/2021\/12\/Private-label-UV-One-Phase-Gels-assortment-.jpg\"\n\t\t\t\t\t\t\t\t\t\t\t\t\t\talt=\"Sele\u00e7\u00e3o de G\u00e9is de Fase \u00danica de marca privada\" width=\"1445\" height=\"813\">\n\t\t\t\t\t\t\t\t\t\t\t\t\t\t\t\t\t\t\t\t\t\t\t\t\t\t\t\t\t\t\t\t\t<\/div>\n\t\t\t\t\t\t\t\t\t<\/div>\n\t\t\t\t\t\t\t\t\n\t\t\t\t\t\t\t\n\t\t\t\t\t\t\t\t\t\t\t\t\t\t\t\t\t\t\t\t\t\t\t\t\t\t\t\t\t\t\t\t\t\t\t\t\t\t\t\t\t\t\t\n\t\t\t\t\t\t\t\t\t<div class=\"row g-0 align-items-center\">\n\t\t\t\t\t\t\t\t\t\t<div class=\"col-12 col-md col-img img-wrapper\">\n\t\t\t\t\t\t\t\t\t\t\t\t\t\t\t\t\t\t\t\t\t\t\t\t\t\t\t\t\t\t\t\t\t\t<img loading=\"lazy\" decoding=\"async\" src=\"https:\/\/www.cncinternational.eu\/wp-content\/uploads\/2025\/08\/Brush-On-Builder-Gel-1445x813-1.jpg\"\n\t\t\t\t\t\t\t\t\t\t\t\t\talt=\"\" width=\"1445\" height=\"813\">\n\t\t\t\t\t\t\t\t\t\t\t\t\t\t\t\t\t\t\t\t\t<\/div>\n\t\t\t\t\t\t\t\t\t\t<div class=\"col-12 col-md col-excerpt\">\n\t\t\t\t\t\t\t\t\t\t\t<div class=\"excerpt-wrapper\">\n\t\t\t\t\t\t\t\t\t\t\t\t<h4><\/h4>\n\t\t\t\t\t\t\t\t\t\t\t\t<p>u003ch2 id=u0022brushonbuildergelu0022u003eBrush-on-Builder gel: o builder em frascou003c\/h2u003ernrnO Brush-On-Builder gel \u00e9 um gel construtor em frasco, aplicado como um gel polish. \u00c9 usado como cobertura sobre as unhas naturais ou para criar extens\u00f5es curtas a m\u00e9dias. Este builder vers\u00e1til \u00e9 dur\u00e1vel e flex\u00edvel, tornando-se o produto perfeito para todos os tipos de unhas, inclusive unhas fr\u00e1geis ou enfraquecidas.rn<\/p>\n\t\t\t\t\t\t\t\t\t\t\t\t\t\t\t\t\t\t\t\t\t\t\t\t\t\t\t\t\t\t\t\t\t\t\t\t\t\t\t\t\t\t\t\t\t\t\t\t\t\t\t\t\t\t\t\t\t\t\t\t\t\t\t\t\t\t\t\t\t\t\t\t\t\t\t\t\t\t\t\t\t\t\t\t\t\t\t\t\t\t\t\t\t\t\t\t\t\t\t\t\t\t<button class=\"btn more-link js-modal-btn\" data-channel=\"local\" data-video-url=\"https:\/\/www.cncinternational.eu\/wp-content\/uploads\/2026\/04\/G2051-Brush-On-Builder-Gel-Natural-Extension.mp4\"><i class=\"far fa-play-circle mr-3\"><\/i> Assista ao v\u00eddeo <\/button>\n\t\t\t\t\t\t\t\t\t\t\t\t\t\t\t\t\t\t\t\t\t\t\t\t\t\t\t\t\t\t\t\n\t\t\t\t\t\t\t\t\t\t\t\t\t\t\n\t\t\t\t\t\t\t\t\t\t\t\t\t\n\t\t\t\t\t\t\t\t\t\t\t\t\t<!-- Another button -->\n\t\t\t\t\t\t\t\t\t\t\t\t\t\t\t\t\t\t\t\t\t\t\t\t\t\t\t\t\t\t\t\t\t\t\t\t<\/div>\n\t\t\t\t\t\t\t\t\t\t<\/div>\n\t\t\t\t\t\t\t\t\t<\/div>\n\t\t\t\t\t\t\t\t\n\t\t\t\t\t\t\t\n\t\t\t\t\t\t\t\t\t\t\t\t\t\t\t\t\t\t\t\t\t\t\t\t\t\t\t\t\t\t\t\t\t\t\t\t\t\t\t\t\t\t\t\t\t\t\t\t\t\t\t\t<div class=\"row g-0 align-items-center\">\n\t\t\t\t\t\t\t\t\t\t<div class=\"col-12 col-md col-excerpt\">\n\t\t\t\t\t\t\t\t\t\t\t<div class=\"excerpt-wrapper\">\n\t\t\t\t\t\t\t\t\t\t\t\t<h4><\/h4>\n\t\t\t\t\t\t\t\t\t\t\t\t<p>u003ch2 id=u0022brushonfibergelu0022u003eBrush-on-Fiber gel: builder gel em frasco com fibrasu003c\/h2u003ernrnGel construtor enriquecido com fibra de vidro, aplicado diretamente do frasco! Duro, mas flex\u00edvel: camada base perfeita para unhas fracas. O gel \u00e9 ao mesmo tempo duro e flex\u00edvel devido \u00e0s part\u00edculas de fibra adicionadas. A f\u00f3rmula poderosa oferece uma ader\u00eancia superior.rn<\/p>\n\t\t\t\t\t\t\t\t\t\t\t\t\t\t\t\t\t\t\t\t\t\t\t\t\t\t\t\t\t\t\t\t\t\t\t\t\t\t\t\t\t\t\t\t\t\t\t\t\t\t\t\t\t\t\t\t\t\t\t\t\t\t\t\t\t\t\t\t\t\t\t\t\t\t\t\t\t\t\t\t\t\t\t\t\t\t\t\t\t\t\t\t\t\t\t\t\t\t\t\t\t\t\t<button class=\"btn more-link js-modal-btn\" data-channel=\"local\" data-video-url=\"https:\/\/www.cncinternational.eu\/wp-content\/uploads\/2026\/04\/CNC-G2153-Brush-On-Fiber-Gel-Pastel-Pink-music.mp4\"><i class=\"far fa-play-circle mr-3\"><\/i> Assista ao v\u00eddeo <\/button>\n\t\t\t\t\t\t\t\t\t\t\t\t\t\t\t\t\t\t\t\t\t\t\t\t\t\t\t\t\t\t\t\n\t\t\t\t\t\t\t\t\t\t\t\t\t\t\n\t\t\t\t\t\t\t\t\t\t\t\t\t\n\t\t\t\t\t\t\t\t\t\t\t\t\t<!-- Another button -->\n\t\t\t\t\t\t\t\t\t\t\t\t\t\t\t\t\t\t\t\t\t\t\t\t\t\t\t\t\t\t\t\t\t\t\t\t<\/div>\n\t\t\t\t\t\t\t\t\t\t<\/div>\n\t\t\t\t\t\t\t\t\t\t<div class=\"col-12 col-md col-img img-wrapper\">\n\t\t\t\t\t\t\t\t\t\t\t\t\t\t\t\t\t\t\t\t\t\t\t\t\t\t\t\t\t\t\t\t\t\t\t\t<img loading=\"lazy\" decoding=\"async\" src=\"https:\/\/www.cncinternational.eu\/wp-content\/uploads\/2025\/08\/Brush-On-Fiber-Gel-1445x813-1.jpg\"\n\t\t\t\t\t\t\t\t\t\t\t\t\t\talt=\"\" width=\"1445\" height=\"813\">\n\t\t\t\t\t\t\t\t\t\t\t\t\t\t\t\t\t\t\t\t\t\t\t\t\t\t\t\t\t\t\t\t\t<\/div>\n\t\t\t\t\t\t\t\t\t<\/div>\n\t\t\t\t\t\t\t\t\n\t\t\t\t\t\t\t\n\t\t\t\t\t\t\t\t\t\t\t\t\t\t\t\t\t\t\t\t\t\t\t\t\t\t\t\t\t\t\t\t\t\t\t\t\t\t\t\t\t\t\t\n\t\t\t\t\t\t\t\t\t<div class=\"row g-0 align-items-center\">\n\t\t\t\t\t\t\t\t\t\t<div class=\"col-12 col-md col-img img-wrapper\">\n\t\t\t\t\t\t\t\t\t\t\t\t\t\t\t\t\t\t\t\t\t\t\t\t\t\t\t\t\t\t\t\t\t\t<img loading=\"lazy\" decoding=\"async\" src=\"https:\/\/www.cncinternational.eu\/wp-content\/uploads\/2022\/11\/CNC-15-free.jpg\"\n\t\t\t\t\t\t\t\t\t\t\t\t\talt=\"G\u00e9is UV livres de HEMA e TPO\" width=\"1445\" height=\"813\">\n\t\t\t\t\t\t\t\t\t\t\t\t\t\t\t\t\t\t\t\t\t<\/div>\n\t\t\t\t\t\t\t\t\t\t<div class=\"col-12 col-md col-excerpt\">\n\t\t\t\t\t\t\t\t\t\t\t<div class=\"excerpt-wrapper\">\n\t\t\t\t\t\t\t\t\t\t\t\t<h4>G\u00e9is UV livres de HEMA e TPO<\/h4>\n\t\t\t\t\t\t\t\t\t\t\t\t<p>Os nossos g\u00e9is UV private label s\u00e3o livres de HEMA e TPO. A CNC International oferece uma linha completa de g\u00e9is UV livres de HEMA e TPO e incentiva voc\u00ea a criar a sua pr\u00f3pria marca de g\u00e9is UV para unhas private label, pronta para o futuro!<\/p>\n\t\t\t\t\t\t\t\t\t\t\t\t\t\t\t\t\t\t\t\t\t\t\t<\/div>\n\t\t\t\t\t\t\t\t\t\t<\/div>\n\t\t\t\t\t\t\t\t\t<\/div>\n\t\t\t\t\t\t\t\t\n\t\t\t\t\t\t\t\n\t\t\t\t\t\t\t\t\t\t\t\t\t\t\t\t\t\t\t<!-- End row -->\n\t\t\t\t\t\t\t\t\t<\/div>\n\t\t\t<\/div>\n\t\t<\/div>\n\t<\/section>\n\n\t\n\n      \t<section class=\"contact-block ud_catalogue image-and-description gradient-bg slipped-section\" id=\"\">\n\t\t<div class=\"container\">\n\t\t\t<div class=\"row justify-content-center\">\n\t\t\t\t<div class=\"col-12 col-md-12 col-lg-10\">\n\t\t\t\t\t<div class=\"form-wrapper\">\n\t\t\t\t\t\t<div class=\"col-12\">\n\t\t\t\t\t\t\t<div class=\"row flex-column-reverse flex-lg-row\">\n\t\t\t\t\t\t\t\t<div class=\"col-12 col-md col-excerpt\">\n\t\t\t\t\t\t\t\t\t<div class=\"excerpt-wrapper\">\n\t\t\t\t\t\t\t\t\t\t<h4 class=\"form-title text-center\">Explore nossa brochura online compacta com os nossos produtos para unhas mais vendidos e novos, livres de HEMA e TPO<\/h4>\t\t\t\t\t\t\t\t\t\t\t\t\t\t\t\t\t\t\t\t\t<div class=\"form-description\">\n\t\t\t\t\t\t\t\t\t\t\t\t<p>Na nossa e-brochura 2026 voc\u00ea encontrar\u00e1:rnu003culu003ern tu003cliu003eNossos produtos de gel UV mais vendidos e novos de 2026u003c\/liu003ern tu003cliu003ePre\u00e7os iniciais por litrou003c\/liu003ern tu003cliu003ePrincipais benef\u00edcios de trabalhar com a CNCu003c\/liu003ernu003c\/ulu003e<\/p>\n\t\t\t\t\t\t\t\t\t\t\t<\/div>\n\t\t\t\t\t\t\t\t\t\t\t\n\t\t\t\t\t\t\t\t\t\t\t\t\t\t\t\t\t\t\t\t\t\t\t\t\t\t\t\t\t\t\t\t\t<div class=\"form d-flex justify-content-md-center\">\n\t\t\t\t\t\t\t\t\t\t\t\t\t\t\t\t\t\t\t\t\t\t\t\t\t\t\t\t\t\t\t\t\t\t\t\t\t\t\t\t<a class=\"btn\" href=\"\/pt-pt\/contact#contact\" target=\"_self\">Obter brochura online<\/a>\n\t\t\t\t\t\t\t\t\t\t\t\t\t\t\t\t\t\t\t\t\t\t\t\t\t<\/div>\n\t\t\t\t\t\t\t\t\t\t\t\t\t\t\t\t\t\t\t\t\t\t\t\t\t\n\t\t\t\t\t\t\t\t\t<\/div>\n\t\t\t\t\t\t\t\t<\/div>\n\t\t\t\t\t\t\t\t<div class=\"col-6 col-md-4 mx-auto col-img img-wrapper\">\n\t\t\t\t\t\t\t\t\t<img decoding=\"async\" src=\"https:\/\/www.cncinternational.eu\/wp-content\/uploads\/2025\/08\/Telefoon-EP.png\" alt=\"\">\n\t\t\t\t\t\t\t\t<\/div>\n\t\t\t\t\t\t\t<\/div>\n\t\t\t\t\t\t<\/div>\n\t\t\t\t\t\t\n\t\t\t\t\t<\/div>\n\t\t\t\t<\/div>\n\t\t\t\t\n\t\t\t<\/div>\n\t\t<\/div>\n\t<\/section>\n  \t\n  \t\n\t\n\n\t<section class=\"video  \" style=\"background: linear-gradient(180deg, rgba(54,39,131,1) 0%, rgba(168,157,205,1) 100%);\" >\n\t\t<div class=\"container px-0\">\n\t\t\t<div class=\"row g-0\">\n\t\t\t\t<div class=\"col-12\">\n\t\t\t\t\t<div class=\"welcome-box\">\n\t\t\t\t\t\t<h2><\/h2>\n\t\t\t\t\t<\/div>\n\t\t\t\t\t\t\t\t\t\t\t\t\t\t\t\t\t\t<div class=\"vid-player\">\n\t\t\t\t\t\t\t\t\t\t\t\t\t\t\t\t<img decoding=\"async\" src=\"https:\/\/img.youtube.com\/vi\/cgJLOReN-G0\/maxresdefault.jpg\" alt=\"\">\n\t\t\t\t\t\t\t\t<button class=\"js-modal-btn\" data-channel=\"youtube\" data-video-url=\"https:\/\/www.youtube.com\/embed\/cgJLOReN-G0?autoplay=1\" data-video-type=\"youtube\">\n\t\t\t\t\t\t\t\t\t<i class=\"fas fa-play\"><\/i>\n\t\t\t\t\t\t\t\t<\/button>\n\t\t\t\t\t\t\t<\/div>\n\t\t\t\t\t\t                    \t\t\t\t<\/div>\n\t\t\t<\/div>\n\t\t<\/div>\n\t<\/section>\n","protected":false},"excerpt":{"rendered":"","protected":false},"author":7,"featured_media":0,"parent":1742,"menu_order":0,"comment_status":"closed","ping_status":"closed","template":"","meta":{"_acf_changed":false,"inline_featured_image":false,"footnotes":""},"class_list":["post-1759","page","type-page","status-publish","hentry"],"acf":[],"yoast_head":"<!-- This site is optimized with the Yoast SEO plugin v27.4 - https:\/\/yoast.com\/product\/yoast-seo-wordpress\/ -->\n<title>G\u00e9is UV para unhas private label livres de HEMA e TPO da CNC<\/title>\n<meta name=\"description\" content=\"G\u00e9is UV para unhas private label livres de HEMA e TPO da CNC. Oferecemos uma ampla variedade de base gels UV, builder gels e top coats.\" \/>\n<meta name=\"robots\" content=\"index, follow, max-snippet:-1, max-image-preview:large, max-video-preview:-1\" \/>\n<link rel=\"canonical\" href=\"https:\/\/www.cncinternational.eu\/pt-pt\/productos\/geis-uv\/\" \/>\n<meta property=\"og:locale\" content=\"pt_PT\" \/>\n<meta property=\"og:type\" content=\"article\" \/>\n<meta property=\"og:title\" content=\"G\u00e9is UV para unhas private label livres de HEMA e TPO da CNC\" \/>\n<meta property=\"og:description\" content=\"G\u00e9is UV para unhas private label livres de HEMA e TPO da CNC. Oferecemos uma ampla variedade de base gels UV, builder gels e top coats.\" \/>\n<meta property=\"og:url\" content=\"https:\/\/www.cncinternational.eu\/pt-pt\/productos\/geis-uv\/\" \/>\n<meta property=\"og:site_name\" content=\"CNC International\" \/>\n<meta property=\"article:modified_time\" content=\"2026-04-28T13:17:45+00:00\" \/>\n<meta name=\"twitter:card\" content=\"summary_large_image\" \/>\n<script type=\"application\/ld+json\" class=\"yoast-schema-graph\">{\"@context\":\"https:\\\/\\\/schema.org\",\"@graph\":[{\"@type\":\"WebPage\",\"@id\":\"https:\\\/\\\/www.cncinternational.eu\\\/pt-pt\\\/productos\\\/geis-uv\\\/\",\"url\":\"https:\\\/\\\/www.cncinternational.eu\\\/pt-pt\\\/productos\\\/geis-uv\\\/\",\"name\":\"G\u00e9is UV para unhas private label livres de HEMA e TPO da CNC\",\"isPartOf\":{\"@id\":\"https:\\\/\\\/www.cncinternational.eu\\\/pt-pt\\\/#website\"},\"datePublished\":\"2022-02-09T15:14:45+00:00\",\"dateModified\":\"2026-04-28T13:17:45+00:00\",\"description\":\"G\u00e9is UV para unhas private label livres de HEMA e TPO da CNC. Oferecemos uma ampla variedade de base gels UV, builder gels e top coats.\",\"breadcrumb\":{\"@id\":\"https:\\\/\\\/www.cncinternational.eu\\\/pt-pt\\\/productos\\\/geis-uv\\\/#breadcrumb\"},\"inLanguage\":\"pt-PT\",\"potentialAction\":[{\"@type\":\"ReadAction\",\"target\":[\"https:\\\/\\\/www.cncinternational.eu\\\/pt-pt\\\/productos\\\/geis-uv\\\/\"]}]},{\"@type\":\"BreadcrumbList\",\"@id\":\"https:\\\/\\\/www.cncinternational.eu\\\/pt-pt\\\/productos\\\/geis-uv\\\/#breadcrumb\",\"itemListElement\":[{\"@type\":\"ListItem\",\"position\":1,\"name\":\"Home\",\"item\":\"https:\\\/\\\/www.cncinternational.eu\\\/pt-pt\\\/\"},{\"@type\":\"ListItem\",\"position\":2,\"name\":\"Productos\",\"item\":\"https:\\\/\\\/www.cncinternational.eu\\\/pt-pt\\\/productos\\\/\"},{\"@type\":\"ListItem\",\"position\":3,\"name\":\"G\u00e9is UV\"}]},{\"@type\":\"WebSite\",\"@id\":\"https:\\\/\\\/www.cncinternational.eu\\\/pt-pt\\\/#website\",\"url\":\"https:\\\/\\\/www.cncinternational.eu\\\/pt-pt\\\/\",\"name\":\"CNC International\",\"description\":\"Just another WordPress site\",\"potentialAction\":[{\"@type\":\"SearchAction\",\"target\":{\"@type\":\"EntryPoint\",\"urlTemplate\":\"https:\\\/\\\/www.cncinternational.eu\\\/pt-pt\\\/?s={search_term_string}\"},\"query-input\":{\"@type\":\"PropertyValueSpecification\",\"valueRequired\":true,\"valueName\":\"search_term_string\"}}],\"inLanguage\":\"pt-PT\"}]}<\/script>\n<!-- \/ Yoast SEO plugin. -->","yoast_head_json":{"title":"G\u00e9is UV para unhas private label livres de HEMA e TPO da CNC","description":"G\u00e9is UV para unhas private label livres de HEMA e TPO da CNC. Oferecemos uma ampla variedade de base gels UV, builder gels e top coats.","robots":{"index":"index","follow":"follow","max-snippet":"max-snippet:-1","max-image-preview":"max-image-preview:large","max-video-preview":"max-video-preview:-1"},"canonical":"https:\/\/www.cncinternational.eu\/pt-pt\/productos\/geis-uv\/","og_locale":"pt_PT","og_type":"article","og_title":"G\u00e9is UV para unhas private label livres de HEMA e TPO da CNC","og_description":"G\u00e9is UV para unhas private label livres de HEMA e TPO da CNC. Oferecemos uma ampla variedade de base gels UV, builder gels e top coats.","og_url":"https:\/\/www.cncinternational.eu\/pt-pt\/productos\/geis-uv\/","og_site_name":"CNC International","article_modified_time":"2026-04-28T13:17:45+00:00","twitter_card":"summary_large_image","schema":{"@context":"https:\/\/schema.org","@graph":[{"@type":"WebPage","@id":"https:\/\/www.cncinternational.eu\/pt-pt\/productos\/geis-uv\/","url":"https:\/\/www.cncinternational.eu\/pt-pt\/productos\/geis-uv\/","name":"G\u00e9is UV para unhas private label livres de HEMA e TPO da CNC","isPartOf":{"@id":"https:\/\/www.cncinternational.eu\/pt-pt\/#website"},"datePublished":"2022-02-09T15:14:45+00:00","dateModified":"2026-04-28T13:17:45+00:00","description":"G\u00e9is UV para unhas private label livres de HEMA e TPO da CNC. Oferecemos uma ampla variedade de base gels UV, builder gels e top coats.","breadcrumb":{"@id":"https:\/\/www.cncinternational.eu\/pt-pt\/productos\/geis-uv\/#breadcrumb"},"inLanguage":"pt-PT","potentialAction":[{"@type":"ReadAction","target":["https:\/\/www.cncinternational.eu\/pt-pt\/productos\/geis-uv\/"]}]},{"@type":"BreadcrumbList","@id":"https:\/\/www.cncinternational.eu\/pt-pt\/productos\/geis-uv\/#breadcrumb","itemListElement":[{"@type":"ListItem","position":1,"name":"Home","item":"https:\/\/www.cncinternational.eu\/pt-pt\/"},{"@type":"ListItem","position":2,"name":"Productos","item":"https:\/\/www.cncinternational.eu\/pt-pt\/productos\/"},{"@type":"ListItem","position":3,"name":"G\u00e9is UV"}]},{"@type":"WebSite","@id":"https:\/\/www.cncinternational.eu\/pt-pt\/#website","url":"https:\/\/www.cncinternational.eu\/pt-pt\/","name":"CNC International","description":"Just another WordPress site","potentialAction":[{"@type":"SearchAction","target":{"@type":"EntryPoint","urlTemplate":"https:\/\/www.cncinternational.eu\/pt-pt\/?s={search_term_string}"},"query-input":{"@type":"PropertyValueSpecification","valueRequired":true,"valueName":"search_term_string"}}],"inLanguage":"pt-PT"}]}},"_links":{"self":[{"href":"https:\/\/www.cncinternational.eu\/pt-pt\/wp-json\/wp\/v2\/pages\/1759","targetHints":{"allow":["GET"]}}],"collection":[{"href":"https:\/\/www.cncinternational.eu\/pt-pt\/wp-json\/wp\/v2\/pages"}],"about":[{"href":"https:\/\/www.cncinternational.eu\/pt-pt\/wp-json\/wp\/v2\/types\/page"}],"author":[{"embeddable":true,"href":"https:\/\/www.cncinternational.eu\/pt-pt\/wp-json\/wp\/v2\/users\/7"}],"replies":[{"embeddable":true,"href":"https:\/\/www.cncinternational.eu\/pt-pt\/wp-json\/wp\/v2\/comments?post=1759"}],"version-history":[{"count":28,"href":"https:\/\/www.cncinternational.eu\/pt-pt\/wp-json\/wp\/v2\/pages\/1759\/revisions"}],"predecessor-version":[{"id":14934,"href":"https:\/\/www.cncinternational.eu\/pt-pt\/wp-json\/wp\/v2\/pages\/1759\/revisions\/14934"}],"up":[{"embeddable":true,"href":"https:\/\/www.cncinternational.eu\/pt-pt\/wp-json\/wp\/v2\/pages\/1742"}],"wp:attachment":[{"href":"https:\/\/www.cncinternational.eu\/pt-pt\/wp-json\/wp\/v2\/media?parent=1759"}],"curies":[{"name":"wp","href":"https:\/\/api.w.org\/{rel}","templated":true}]}}