{"id":1756,"date":"2022-02-09T15:03:15","date_gmt":"2022-02-09T15:03:15","guid":{"rendered":"https:\/\/www.cncinternational.eu\/?page_id=1756"},"modified":"2026-04-28T12:54:14","modified_gmt":"2026-04-28T12:54:14","slug":"verniz-gel","status":"publish","type":"page","link":"https:\/\/www.cncinternational.eu\/pt-pt\/productos\/verniz-gel\/","title":{"rendered":"Verniz gel"},"content":{"rendered":"  \t\n\t  <header class=\"main-header \">\n\t\t<!-- For mobile -->\n\t\t<div class=\"d-block d-sm-none\">\n\t\t  <div class=\"container-fluid px-0\">\n\t\t\t<div class=\"container g-0\">\n\t\t\t  <div class=\"row g-0 justify-content-start align-items-center\">\n\t\t\t\t<div class=\"col-12 d-sm-none\">\n\t\t\t\t  <div class=\"header-image\">\n\t\t\t\t\t\t\t\t\t\t\t\t<img fetchpriority=\"high\" decoding=\"async\" src=\"https:\/\/www.cncinternational.eu\/wp-content\/uploads\/2021\/12\/Private-labeling-nail-gel-polish-scaled.jpg\" alt=\"Marca privada de vernil gel UV preto, manicure natural, remo\u00e7\u00e3o, hema free\" width=\"2560\" height=\"1927\" loading=\"eager\">\n\t\t\t\t\t\t\t\t\t\t  <\/div>\n\t\t\t\t<\/div>\n\t\t\t\t<div class=\"offset-md-6 col-md-6\">\n\t\t\t\t  <div class=\"header-text\">\n\t\t\t\t\t<p class=\"mobile-title\">Verniz gel<\/p>\n\t\t\t\t\t<p>A pr\u00f3xima gera\u00e7\u00e3o de verniz gel j\u00e1 chegou! Este sistema profissional de tr\u00eas fases \u00e9 a combina\u00e7\u00e3o perfeita de durabilidade e remo\u00e7\u00e3o f\u00e1cil. Bonitas cores de gel UV, um alto lustro sem igual, sem camada pegajosa e \u00e0 prova de riscos. Para uma manicure perfeita! Melhor ainda: remove as cores do verniz gel facilmente em 10 minutos. Sem limar!<\/p>\n\t\t\t\t\t\t\t\t\t\t\t\t\t\t\t\t\t\t<a class=\"btn mb-3\" href=\"\/pt-pt\/contact#contact\">\n\t\t\t\t\t\t\t\tSolicitar brochura online\t\t\t\t\t\t\t<\/a>\n\t\t\t\t\t\t\t\t\t\t\t\t\t\t\t\t\t\t\t\t  <\/div>\n\t\t\t\t<\/div>\n\t\t\t  <\/div>\n\t\t\t<\/div>\n\t\t  <\/div>\n\t\t<\/div>\n\t\t<!-- \/For mobile -->\n\t\t\n\t\t<!-- For desktop -->\n\t\t<div class=\"d-none d-sm-block\">\n\t\t  <div class=\"container-fluid px-0\" >\n\t\t\t<div class=\"header-bg\" style=\"background-image: url('https:\/\/www.cncinternational.eu\/wp-content\/uploads\/2021\/12\/Private-labeling-nail-gel-polish-scaled.jpg');\">\n\t\t\t\t\n\t\t\t<\/div>\n\t\t\t<div class=\"container g-0\">\n\t\t\t  <div class=\"row g-0 justify-content-start align-items-center\">\n\t\t\t\t<div class=\"offset-md-6 col-md-6\">\n\t\t\t\t  <div class=\"header-text\">\n\t\t\t\t\t<h1>Verniz gel<\/h1>\n\t\t\t\t\t<p>A pr\u00f3xima gera\u00e7\u00e3o de verniz gel j\u00e1 chegou! Este sistema profissional de tr\u00eas fases \u00e9 a combina\u00e7\u00e3o perfeita de durabilidade e remo\u00e7\u00e3o f\u00e1cil. Bonitas cores de gel UV, um alto lustro sem igual, sem camada pegajosa e \u00e0 prova de riscos. Para uma manicure perfeita! Melhor ainda: remove as cores do verniz gel facilmente em 10 minutos. Sem limar!<\/p>\n\t\t\t\t\n\t\t\t\t\t\t\t\t\t\t\t\t\t\t\t\t\t\t<a class=\"btn mb-3\" href=\"\/pt-pt\/contact#contact\">\n\t\t\t\t\t\tSolicitar brochura online\t\t\t\t\t\t\t<\/a>\n\t\t\t\t\t\t\t\t\t\t\t\t\t\t\t\t\t\t\t\t  <\/div>\n\t\t\t\t<\/div>\n\t\t\t  <\/div>\n\t\t\t<\/div>\n\t\t  <\/div>\n\t\t<\/div>\n\t\t<!-- \/For desktop -->\n\t  <\/header>\n\t  \n\t  \t\n\n\t<section class=\"news\">\n\t\t<div class=\"container p-0 \">\n\t\t\t<div class=\"row g-0\">\n\t\t\t\t<div class=\"col-12 overlap bg-white\">\n\t\t\t\t\t\t\t\t\t\t\t\t\t\t\t\t\t\t\t\t\t\t<!-- Start row -->\n\t\t\t\t\t\t\t\t\t\t\t\t\t\t\t\t\t\t\t\t\t\t\t\t\t\t\t\t\t\t\t\t\t\t\t\t\n\t\t\t\t\t\t\t\t\t<div class=\"row g-0 align-items-center\">\n\t\t\t\t\t\t\t\t\t\t<div class=\"col-12 col-md col-img img-wrapper\">\n\t\t\t\t\t\t\t\t\t\t\t\t\t\t\t\t\t\t\t\t\t\t\t\t\t\t\t\t\t\t\t\t\t\t<img loading=\"lazy\" decoding=\"async\" src=\"https:\/\/www.cncinternational.eu\/wp-content\/uploads\/2021\/12\/Soak-off-colors-uv-gel-polish-private-label-hema-free.jpg\"\n\t\t\t\t\t\t\t\t\t\t\t\t\talt=\"Cores de gelinho de marca privada hema free\" width=\"1445\" height=\"813\">\n\t\t\t\t\t\t\t\t\t\t\t\t\t\t\t\t\t\t\t\t\t<\/div>\n\t\t\t\t\t\t\t\t\t\t<div class=\"col-12 col-md col-excerpt\">\n\t\t\t\t\t\t\t\t\t\t\t<div class=\"excerpt-wrapper\">\n\t\t\t\t\t\t\t\t\t\t\t\t<h4>G\u00e9is UV<\/h4>\n\t\t\t\t\t\t\t\t\t\t\t\t<p>u003cul u003ernu003cliu003eDispon\u00edvel em mais de 200 cores e tons de brilhou003c\/liu003ernu003cliu003eQuatro cole\u00e7\u00f5es de moda por anou003c\/liu003ernu003cliu003eGelinho unhas f\u00e1cil em 10 minutosu003c\/liu003ernu003cliu003eHEMA-freeu003c\/liu003ernu003c\/ulu003et<\/p>\n\t\t\t\t\t\t\t\t\t\t\t\t\t\t\t\t\t\t\t\t\t\t\t<\/div>\n\t\t\t\t\t\t\t\t\t\t<\/div>\n\t\t\t\t\t\t\t\t\t<\/div>\n\t\t\t\t\t\t\t\t\n\t\t\t\t\t\t\t\n\t\t\t\t\t\t\t\t\t\t\t\t\t\t\t\t\t\t\t\t\t\t\t\t\t\t\t\t\t\t\t\t\t\t\t\t\t\t\t\t\t\t\t\t\t\t\t\t\t\t\t\t<div class=\"row g-0 align-items-center\">\n\t\t\t\t\t\t\t\t\t\t<div class=\"col-12 col-md col-excerpt\">\n\t\t\t\t\t\t\t\t\t\t\t<div class=\"excerpt-wrapper\">\n\t\t\t\t\t\t\t\t\t\t\t\t<h4>Sem HEMA e DiHEMA<\/h4>\n\t\t\t\t\t\t\t\t\t\t\t\t<p>HEMA \u00e9 o produto al\u00e9rgeno n\u00ba 1 em produtos para unhas (e cosm\u00e9ticos). \u00c9 melhor evitar produtos que contenham HEMA. A seguran\u00e7a do cliente \u00e9 nossa prioridade; TODOS os produtos em nosso cat\u00e1logo n\u00e3o possuem HEMA. A f\u00f3rmula do esmalte em gel CNC n\u00e3o possui HEM, nem Di-HEMA e 15! Compile j\u00e1 a sua gama de esmalte em gel hipoalerg\u00eanico!<\/p>\n\t\t\t\t\t\t\t\t\t\t\t\t\t\t\t\t\t\t\t\t\t\t\t<\/div>\n\t\t\t\t\t\t\t\t\t\t<\/div>\n\t\t\t\t\t\t\t\t\t\t<div class=\"col-12 col-md col-img img-wrapper\">\n\t\t\t\t\t\t\t\t\t\t\t\t\t\t\t\t\t\t\t\t\t\t\t\t\t\t\t\t\t\t\t\t\t\t\t\t<img loading=\"lazy\" decoding=\"async\" src=\"https:\/\/www.cncinternational.eu\/wp-content\/uploads\/2025\/06\/shutterstock_1740582449-scaled.jpg\"\n\t\t\t\t\t\t\t\t\t\t\t\t\t\talt=\"esmalte em gel hipoalerg\u00eanico HEMA-free DIHEMA-free\" width=\"2560\" height=\"1693\">\n\t\t\t\t\t\t\t\t\t\t\t\t\t\t\t\t\t\t\t\t\t\t\t\t\t\t\t\t\t\t\t\t\t<\/div>\n\t\t\t\t\t\t\t\t\t<\/div>\n\t\t\t\t\t\t\t\t\n\t\t\t\t\t\t\t\n\t\t\t\t\t\t\t\t\t\t\t\t\t\t\t\t\t\t\t\t\t\t\t\t\t\t\t\t\t\t\t\t\t\t\t\t\t\t\t\t\t\t\t\n\t\t\t\t\t\t\t\t\t<div class=\"row g-0 align-items-center\">\n\t\t\t\t\t\t\t\t\t\t<div class=\"col-12 col-md col-img img-wrapper\">\n\t\t\t\t\t\t\t\t\t\t\t\t\t\t\t\t\t\t\t\t\t\t\t\t\t\t\t\t\t\t\t\t\t\t<img loading=\"lazy\" decoding=\"async\" src=\"https:\/\/www.cncinternational.eu\/wp-content\/uploads\/2022\/11\/HEMA-and-DiHEMA-free-gel-polish-assortment.jpg\"\n\t\t\t\t\t\t\t\t\t\t\t\t\talt=\"F\u00f3rmula sem 15: Livre de produtos qu\u00edmicos. Seu uso \u00e9 super seguro!\" width=\"1445\" height=\"813\">\n\t\t\t\t\t\t\t\t\t\t\t\t\t\t\t\t\t\t\t\t\t<\/div>\n\t\t\t\t\t\t\t\t\t\t<div class=\"col-12 col-md col-excerpt\">\n\t\t\t\t\t\t\t\t\t\t\t<div class=\"excerpt-wrapper\">\n\t\t\t\t\t\t\t\t\t\t\t\t<h4>F\u00f3rmula sem 15: Livre de produtos qu\u00edmicos. Seu uso \u00e9 super seguro!<\/h4>\n\t\t\t\t\t\t\t\t\t\t\t\t<p>O esmalte em gel da CNC n\u00e3o possuem 15. Isso significa que todos os esmaltes em gel da CNC n\u00e3o possuem cileno, Ethyl tosylamide, parabenos, acetona, formalde\u00eddo, resina de formalde\u00eddo, tolueno, ftalato dibut\u00edlico, c\u00e2nfora, trifenil fosfato, estireno, bisfenol A, \u00e9ter de glicol, etoxilato de nonilfenol e sulfatos.<\/p>\n\t\t\t\t\t\t\t\t\t\t\t\t\t\t\t\t\t\t\t\t\t\t\t\t\t\t\t\t\t\t\t\t\t\t\t\t\t\t\t\t\t\t\t\t\t\t\t\t\t\t\t\t\t\t\t\t\t\t\t\t\t\t\t\t\t\t\t\t\t\t<a href=\"\" class=\"btn\"><\/a>\n\t\t\t\t\t\t\t\t\t\t\t\t\t\t\t\n\t\t\t\t\t\t\t\t\t\t\t\t\t\t\n\t\t\t\t\t\t\t\t\t\t\t\t\t\n\t\t\t\t\t\t\t\t\t\t\t\t\t<!-- Another button -->\n\t\t\t\t\t\t\t\t\t\t\t\t\t\t\t\t\t\t\t\t\t\t\t\t\t\t\t\t\t\t\t\t\t\t\t\t<\/div>\n\t\t\t\t\t\t\t\t\t\t<\/div>\n\t\t\t\t\t\t\t\t\t<\/div>\n\t\t\t\t\t\t\t\t\n\t\t\t\t\t\t\t\n\t\t\t\t\t\t\t\t\t\t\t\t\t\t\t\t\t\t\t\t\t\t\t\t\t\t\t\t\t\t\t\t\t\t\t\t\t\t\t\t\t\t\t\t\t\t\t\t\t\t\t\t<div class=\"row g-0 align-items-center\">\n\t\t\t\t\t\t\t\t\t\t<div class=\"col-12 col-md col-excerpt\">\n\t\t\t\t\t\t\t\t\t\t\t<div class=\"excerpt-wrapper\">\n\t\t\t\t\t\t\t\t\t\t\t\t<h4>Quatro cole\u00e7\u00f5es de moda por ano<\/h4>\n\t\t\t\t\t\t\t\t\t\t\t\t<p>Cada trimestre, o CNC traz para voc\u00ea o visual da esta\u00e7\u00e3o. Apresentaremos novas cores de esmalte de gel e cores de gel UV da pr\u00f3xima temporada. As cole\u00e7\u00f5es est\u00e3o prontas para encomenda, perfeitas a tempo de voc\u00ea lan\u00e7ar para seus clientes. Nova esta\u00e7\u00e3o \u00e0 frente, novas cores para vestir!<\/p>\n\t\t\t\t\t\t\t\t\t\t\t\t\t\t\t\t\t\t\t\t\t\t\t\t\t\t\t\t\t\t\t\t\t\t\t\t\t\t\t\t\t\t\t\t\t\t\t\t\t\t\t\t\t\t\t\t\t\t\t\t\t\t\t\t\t\t\t\t\t\t<a href=\"\" class=\"btn\"><\/a>\n\t\t\t\t\t\t\t\t\t\t\t\t\t\t\t\n\t\t\t\t\t\t\t\t\t\t\t\t\t\t\n\t\t\t\t\t\t\t\t\t\t\t\t\t\n\t\t\t\t\t\t\t\t\t\t\t\t\t<!-- Another button -->\n\t\t\t\t\t\t\t\t\t\t\t\t\t\t\t\t\t\t\t\t\t\t\t\t\t\t\t\t\t\t\t\t\t\t\t\t<\/div>\n\t\t\t\t\t\t\t\t\t\t<\/div>\n\t\t\t\t\t\t\t\t\t\t<div class=\"col-12 col-md col-img img-wrapper\">\n\t\t\t\t\t\t\t\t\t\t\t\t\t\t\t\t\t\t\t\t\t\t\t\t\t\t\t\t\t\t\t\t\t\t\t\t<img loading=\"lazy\" decoding=\"async\" src=\"https:\/\/www.cncinternational.eu\/wp-content\/uploads\/2022\/11\/15-free-formula-Chemistry-clean.jpg\"\n\t\t\t\t\t\t\t\t\t\t\t\t\t\talt=\"Quatro cole\u00e7\u00f5es de moda por ano\" width=\"1445\" height=\"813\">\n\t\t\t\t\t\t\t\t\t\t\t\t\t\t\t\t\t\t\t\t\t\t\t\t\t\t\t\t\t\t\t\t\t<\/div>\n\t\t\t\t\t\t\t\t\t<\/div>\n\t\t\t\t\t\t\t\t\n\t\t\t\t\t\t\t\n\t\t\t\t\t\t\t\t\t\t\t\t\t\t\t\t\t\t\t\t\t\t\t\t\t\t\t\t\t\t\t\t\t\t\t\t\t\t\t\t\t\t\t\n\t\t\t\t\t\t\t\t\t<div class=\"row g-0 align-items-center\">\n\t\t\t\t\t\t\t\t\t\t<div class=\"col-12 col-md col-img img-wrapper\">\n\t\t\t\t\t\t\t\t\t\t\t\t\t\t\t\t\t\t\t\t\t\t\t\t\t\t\t\t\t\t\t\t\t\t<img loading=\"lazy\" decoding=\"async\" src=\"https:\/\/www.cncinternational.eu\/wp-content\/uploads\/2022\/11\/4-trend-collections-a-year-1.jpg\"\n\t\t\t\t\t\t\t\t\t\t\t\t\talt=\"Colorista ao seu dispor\" width=\"1445\" height=\"813\">\n\t\t\t\t\t\t\t\t\t\t\t\t\t\t\t\t\t\t\t\t\t<\/div>\n\t\t\t\t\t\t\t\t\t\t<div class=\"col-12 col-md col-excerpt\">\n\t\t\t\t\t\t\t\t\t\t\t<div class=\"excerpt-wrapper\">\n\t\t\t\t\t\t\t\t\t\t\t\t<h4>Colorista ao seu dispor<\/h4>\n\t\t\t\t\t\t\t\t\t\t\t\t<p>As \u00faltimas tend\u00eancias da moda, os esquemas de cores sazonais da Pantone e a inspira\u00e7\u00e3o das passarelas; a cada temporada, nosso colorista interno cria novas cores para as cole\u00e7\u00f5es de gel polon\u00eas e gel colorido da CNC. Desta forma, nossas cole\u00e7\u00f5es de cores permanecem na moda e inovadoras. Mas voc\u00ea sabia? Tamb\u00e9m podemos criar uma cor espec\u00edfica para o seu verniz de gel ou cole\u00e7\u00e3o de gel de cor! Podemos criar na cor que desejar.<\/p>\n\t\t\t\t\t\t\t\t\t\t\t\t\t\t\t\t\t\t\t\t\t\t\t<\/div>\n\t\t\t\t\t\t\t\t\t\t<\/div>\n\t\t\t\t\t\t\t\t\t<\/div>\n\t\t\t\t\t\t\t\t\n\t\t\t\t\t\t\t\n\t\t\t\t\t\t\t\t\t\t\t\t\t\t\t\t\t\t\t\t\t\t\t\t\t\t\t\t\t\t\t\t\t\t\t\t\t\t\t\t\t\t\t\t\t\t\t\t\t\t\t\t<div class=\"row g-0 align-items-center\">\n\t\t\t\t\t\t\t\t\t\t<div class=\"col-12 col-md col-excerpt\">\n\t\t\t\t\t\t\t\t\t\t\t<div class=\"excerpt-wrapper\">\n\t\t\t\t\t\t\t\t\t\t\t\t<h4><a href=\"https:\/\/www.cncinternational.eu\/pt-pt\/noticias\/colecao-verao\/\">Cole\u00e7\u00e3o de unhas de ver\u00e3o<\/a><\/h4>\n\t\t\t\t\t\t\t\t\t\t\t\t<p>Entra no ver\u00e3o com a nova cole\u00e7\u00e3o de vernizes em gel 2026 da CNC INternational  <\/p>\n\t\t\t\t\t\t\t\t\t\t\t\t\n\t\t\t\t\t\t\t\t\t\t\t\t<!-- Another button -->\n\t\t\t\t\t\t\t\t\t\t\t\t\t\t\t\t\t\t\t\t\t\t\t<\/div>\n\t\t\t\t\t\t\t\t\t\t<\/div>\n\t\t\t\t\t\t\t\t\t\t<div class=\"col-12 col-md col-img img-wrapper\">\n\t\t\t\t\t\t\t\t\t\t\t\t\t\t\t\t\t\t\t\t\t\t\t<a href=\"https:\/\/www.cncinternational.eu\/pt-pt\/noticias\/colecao-verao\/\">\n\t\t\t\t\t\t\t\t\t\t\t\t\t<img loading=\"lazy\" decoding=\"async\" src=\"https:\/\/www.cncinternational.eu\/wp-content\/uploads\/2025\/02\/CNC-Summer-GP-Collection-26-cnc-news.jpg\" alt=\"Cole\u00e7\u00e3o de unhas de ver\u00e3o\" width=\"1000\" height=\"563\"><\/a>\n\t\t\t\t\t\t\t\t\t\t\t\t\t\t\t\t\t\t\t\t\t<\/div>\n\t\t\t\t\t\t\t\t\t<\/div>\n\t\t\t\t\t\t\t\t\n\t\t\t\t\t\t\t\n\t\t\t\t\t\t\t\t\t\t\t\t\t\t\t\t\t\t\t\t\t\t\t\t\t\t\t\t\t\t\t\t\t\t\t\t\t\t\t\t\t\t\t\n\t\t\t\t\t\t\t\t\t<div class=\"row g-0 align-items-center\">\n\t\t\t\t\t\t\t\t\t\t<div class=\"col-12 col-md col-img img-wrapper\">\n\t\t\t\t\t\t\t\t\t\t\t\t\t\t\t\t\t\t\t\t\t\t\t<a href=\"https:\/\/www.cncinternational.eu\/pt-pt\/noticias\/verniz-gel-primavera\/\">\n\t\t\t\t\t\t\t\t\t\t\t\t\t<img loading=\"lazy\" decoding=\"async\" src=\"https:\/\/www.cncinternational.eu\/wp-content\/uploads\/2025\/11\/CNC-Spring-GP-Collection-26-cnc-news.png\" alt=\"Cole\u00e7\u00e3o de unhas primavera 2026\" width=\"1000\" height=\"563\"><\/a>\n\t\t\t\t\t\t\t\t\t\t\t\t\t\t\t\t\t\t\t\t\t<\/div>\n\t\t\t\t\t\t\t\t\t\t<div class=\"col-12 col-md col-excerpt\">\n\t\t\t\t\t\t\t\t\t\t\t<div class=\"excerpt-wrapper\">\n\t\t\t\t\t\t\t\t\t\t\t\t<h4><a href=\"https:\/\/www.cncinternational.eu\/pt-pt\/noticias\/verniz-gel-primavera\/\">Cole\u00e7\u00e3o de unhas primavera 2026<\/a><\/h4>\n\t\t\t\t\t\t\t\t\t\t\t\t<p>Entra na esta\u00e7\u00e3o com a nossa cole\u00e7\u00e3o de Gel Polish primavera 2026: Fresca, Feminina e Destemida.<\/p>\n\t\t\t\t\t\t\t\t\t\t\t\t\t\t\t\t\t\t\t\t\t\t\t\t<!-- Another button -->\n\t\t\t\t\t\t\t\t\t\t\t\t\t\t\t\t\t\t\t\t\t\t\t<\/div>\n\t\t\t\t\t\t\t\t\t\t<\/div>\n\t\t\t\t\t\t\t\t\t<\/div>\n\n\t\t\t\t\t\t\t\t\n\t\t\t\t\t\t\t\n\t\t\t\t\t\t\t\t\t\t\t\t\t\t\t\t\t\t\t<!-- End row -->\n\t\t\t\t\t\t\t\t\t<\/div>\n\t\t\t<\/div>\n\t\t<\/div>\n\t<\/section>\n\n\t\n\n\t<section class=\"video  \" style=\"background: linear-gradient(180deg, rgba(54,39,131,1) 0%, rgba(168,157,205,1) 100%);\" >\n\t\t<div class=\"container px-0\">\n\t\t\t<div class=\"row g-0\">\n\t\t\t\t<div class=\"col-12\">\n\t\t\t\t\t<div class=\"welcome-box\">\n\t\t\t\t\t\t<h2><\/h2>\n\t\t\t\t\t<\/div>\n\t\t\t\t\t                        \n\t\t\t\t\t\t<div class=\"vid-player\">\n\t\t\t\t\t\t\t\t\t\t\t\t\t\t\t<img decoding=\"async\" src=\"https:\/\/www.cncinternational.eu\/wp-content\/uploads\/2023\/08\/NC-News-Winter-24.jpg\" alt=\"\" \/>\n\t\t\t\t\t\t\t\t\t\t\t\t\t\t<button class=\"js-modal-btn\" data-video-url=\"https:\/\/www.cncinternational.eu\/wp-content\/uploads\/2026\/04\/G9325-Champion-Rubber-Base-natural-G9319-Black-Light-topcoat-blacklight-tonen-2.mp4\" data-video-type=\"local\">\n\t\t\t\t\t\t\t\t<i class=\"fas fa-play\"><\/i>\n\t\t\t\t\t\t\t<\/button>\n\t\t\t\t\t\t<\/div>\n\n                    \t\t\t\t<\/div>\n\t\t\t<\/div>\n\t\t<\/div>\n\t<\/section>\n\n\n    \t<section class=\"contact-block form-with-image gradient-bg slipped-section\" id=\"\">\n\t\t<div class=\"container\">\n\t\t\t<div class=\"row justify-content-center\">\n\t\t\t\t<div class=\"col-12 col-md-12 col-lg-10\">\n\t\t\t\t\t<div class=\"form-wrapper\">\n\t\t\t\t\t\t<div class=\"col-12 col-md-10 col-lg-9 mx-auto\">\n\t\t\t\t\t\t\t<h2 class=\"form-title\">Descubra nossos produtos para unhas mais vendidos, livres de HEMA e TPO<\/h2>\t\t\t\t\t\t<\/div>\n\t\t\t\t\t\t\t\t\t\t\t\t<div class=\"row\">\n\t\t\t\t\t\t\t<div class=\"col-12 col-md-7 col-lg-7\">\n\t\t\t\t\t\t\t\t\t\t\t\t\t\t\t\t\t<div class=\"form\">\n\t\t\t\t\t\t\t\t\t\tu003cscript src=&#8217;https:\/\/online4.superoffice.com\/Cust21613\/CS\/scripts\/customer.fcgi?action=formu0026id=F-pWZr08mc&#8217; deferu003eu003c\/scriptu003e\t\t\t\t\t\t\t\t\t\t\t\t\t\t\t\t\t\t\t\t\t\t\t\t\t\t\t\t\t\t\t\t<\/div>\n\t\t\t\t\t\t\t\t\t\t\t\t\t\t\t<\/div>\n\t\t\t\t\t\t\t<div class=\"col-12 col-md-5 col-lg-5\">\n\t\t\t\t\t\t\t\t<div class=\"col-12 col-md col-excerpt\">\n\t\t\t\t\t\t\t\t\t<div class=\"excerpt-wrapper\">\n\t\t\t\t\t\t\t\t\t<p>Nossos vers\u00e1teis produtos para unhas de marca pr\u00f3pria t\u00eam a melhor qualidade a pre\u00e7os competitivos. Somos orgulhosos fabricantes de g\u00e9is de unhas UV para v\u00e1rias marcas de unhas em todo o mundo. A CNC foi estabelecida em 1993, com f\u00e1brica nos Pa\u00edses Baixos, Europa. Nossos produtos para unhas de gel e acr\u00edlico podem ser entregues a granel ou preenchidos e totalmente acabados: prontos para vender!<\/p>\t\t\t\t\t\t\n\t\t\t\t\t\t\t\t\t<\/div>\n\t\t\t\t\t\t\t\t<\/div>\n\t\t\t\t\t\t\t\t<div class=\"col-img img-wrapper\">\n\t\t\t\t\t\t\t\t\t<img decoding=\"async\" src=\"https:\/\/www.cncinternational.eu\/wp-content\/uploads\/2025\/08\/Telefoon-EP.png\" alt=\"\">\n\t\t\t\t\t\t\t\t<\/div>\n\t\t\t\t\t\t\t\t\t\t\t\t\t\t\t\t\t<div class=\"col-12 col-md col-excerpt\">\n\t\t\t\t\t\t\t\t\t\t<div class=\"excerpt-wrapper\">\n\t\t\t\t\t\t\t\t\t\t<p>Na nossa e-brochura 2026 voc\u00ea encontrar\u00e1:rnrnu003culu003ernu003cliu003eNossos produtos de gel UV mais vendidos e novos de 2026u003c\/liu003ernu003cliu003ePre\u00e7os iniciais por litrou003c\/liu003ernu003cliu003ePrincipais benef\u00edcios de trabalhar com a CNCu003c\/liu003ernu003c\/ulu003e<\/p>\t\t\t\t\t\t\n\t\t\t\t\t\t\t\t\t\t<\/div>\n\t\t\t\t\t\t\t\t\t<\/div>\n\t\t\t\t\t\t\t\t\t\t\t\t\t\t\t<\/div>\n\t\t\t\t\t\t<\/div>\n\t\t\t\t\t\t\t\t\t\t\t\t\t\t\t\t\t\t\t\t\t\t\t\t<\/div>\n\t\t\t\t<\/div>\n\t\t\t\t\n\t\t\t<\/div>\n\t\t<\/div>\n\t<\/section>\n    \t\n  \t\n\t","protected":false},"excerpt":{"rendered":"","protected":false},"author":7,"featured_media":1581,"parent":1742,"menu_order":0,"comment_status":"closed","ping_status":"closed","template":"","meta":{"_acf_changed":false,"inline_featured_image":false,"footnotes":""},"class_list":["post-1756","page","type-page","status-publish","has-post-thumbnail","hentry"],"acf":[],"yoast_head":"<!-- This site is optimized with the Yoast SEO plugin v27.4 - https:\/\/yoast.com\/product\/yoast-seo-wordpress\/ -->\n<title>Verniz Gel HEMA-free para nail artists - CNC International<\/title>\n<meta name=\"description\" content=\"nosso profissional Gel e Verniz est\u00e3o dispon\u00edvel em mais de 200 cores e tons de brilho. Bonitas cores de gel UV HEMA-Free e DIHEMA-Free.\" \/>\n<meta name=\"robots\" content=\"index, follow, max-snippet:-1, max-image-preview:large, max-video-preview:-1\" \/>\n<link rel=\"canonical\" href=\"https:\/\/www.cncinternational.eu\/pt-pt\/productos\/verniz-gel\/\" \/>\n<meta property=\"og:locale\" content=\"pt_PT\" \/>\n<meta property=\"og:type\" content=\"article\" \/>\n<meta property=\"og:title\" content=\"Verniz Gel HEMA-free para nail artists - CNC International\" \/>\n<meta property=\"og:description\" content=\"nosso profissional Gel e Verniz est\u00e3o dispon\u00edvel em mais de 200 cores e tons de brilho. Bonitas cores de gel UV HEMA-Free e DIHEMA-Free.\" \/>\n<meta property=\"og:url\" content=\"https:\/\/www.cncinternational.eu\/pt-pt\/productos\/verniz-gel\/\" \/>\n<meta property=\"og:site_name\" content=\"CNC International\" \/>\n<meta property=\"article:modified_time\" content=\"2026-04-28T12:54:14+00:00\" \/>\n<meta property=\"og:image\" content=\"https:\/\/www.cncinternational.eu\/wp-content\/uploads\/2021\/12\/Private-labeling-nail-gel-polish-scaled.jpg\" \/>\n\t<meta property=\"og:image:width\" content=\"2560\" \/>\n\t<meta property=\"og:image:height\" content=\"1927\" \/>\n\t<meta property=\"og:image:type\" content=\"image\/jpeg\" \/>\n<meta name=\"twitter:card\" content=\"summary_large_image\" \/>\n<meta name=\"twitter:label1\" content=\"Tempo estimado de leitura\" \/>\n\t<meta name=\"twitter:data1\" content=\"1 minuto\" \/>\n<script type=\"application\/ld+json\" class=\"yoast-schema-graph\">{\"@context\":\"https:\\\/\\\/schema.org\",\"@graph\":[{\"@type\":\"WebPage\",\"@id\":\"https:\\\/\\\/www.cncinternational.eu\\\/pt-pt\\\/productos\\\/verniz-gel\\\/\",\"url\":\"https:\\\/\\\/www.cncinternational.eu\\\/pt-pt\\\/productos\\\/verniz-gel\\\/\",\"name\":\"Verniz Gel HEMA-free para nail artists - CNC International\",\"isPartOf\":{\"@id\":\"https:\\\/\\\/www.cncinternational.eu\\\/pt-pt\\\/#website\"},\"primaryImageOfPage\":{\"@id\":\"https:\\\/\\\/www.cncinternational.eu\\\/pt-pt\\\/productos\\\/verniz-gel\\\/#primaryimage\"},\"image\":{\"@id\":\"https:\\\/\\\/www.cncinternational.eu\\\/pt-pt\\\/productos\\\/verniz-gel\\\/#primaryimage\"},\"thumbnailUrl\":\"https:\\\/\\\/www.cncinternational.eu\\\/wp-content\\\/uploads\\\/2021\\\/12\\\/Private-labeling-nail-gel-polish-scaled.jpg\",\"datePublished\":\"2022-02-09T15:03:15+00:00\",\"dateModified\":\"2026-04-28T12:54:14+00:00\",\"description\":\"nosso profissional Gel e Verniz est\u00e3o dispon\u00edvel em mais de 200 cores e tons de brilho. Bonitas cores de gel UV HEMA-Free e DIHEMA-Free.\",\"breadcrumb\":{\"@id\":\"https:\\\/\\\/www.cncinternational.eu\\\/pt-pt\\\/productos\\\/verniz-gel\\\/#breadcrumb\"},\"inLanguage\":\"pt-PT\",\"potentialAction\":[{\"@type\":\"ReadAction\",\"target\":[\"https:\\\/\\\/www.cncinternational.eu\\\/pt-pt\\\/productos\\\/verniz-gel\\\/\"]}]},{\"@type\":\"ImageObject\",\"inLanguage\":\"pt-PT\",\"@id\":\"https:\\\/\\\/www.cncinternational.eu\\\/pt-pt\\\/productos\\\/verniz-gel\\\/#primaryimage\",\"url\":\"https:\\\/\\\/www.cncinternational.eu\\\/wp-content\\\/uploads\\\/2021\\\/12\\\/Private-labeling-nail-gel-polish-scaled.jpg\",\"contentUrl\":\"https:\\\/\\\/www.cncinternational.eu\\\/wp-content\\\/uploads\\\/2021\\\/12\\\/Private-labeling-nail-gel-polish-scaled.jpg\",\"width\":2560,\"height\":1927,\"caption\":\"CNC Gel Polish manufacturer\"},{\"@type\":\"BreadcrumbList\",\"@id\":\"https:\\\/\\\/www.cncinternational.eu\\\/pt-pt\\\/productos\\\/verniz-gel\\\/#breadcrumb\",\"itemListElement\":[{\"@type\":\"ListItem\",\"position\":1,\"name\":\"Home\",\"item\":\"https:\\\/\\\/www.cncinternational.eu\\\/pt-pt\\\/\"},{\"@type\":\"ListItem\",\"position\":2,\"name\":\"Productos\",\"item\":\"https:\\\/\\\/www.cncinternational.eu\\\/pt-pt\\\/productos\\\/\"},{\"@type\":\"ListItem\",\"position\":3,\"name\":\"Verniz gel\"}]},{\"@type\":\"WebSite\",\"@id\":\"https:\\\/\\\/www.cncinternational.eu\\\/pt-pt\\\/#website\",\"url\":\"https:\\\/\\\/www.cncinternational.eu\\\/pt-pt\\\/\",\"name\":\"CNC International\",\"description\":\"Just another WordPress site\",\"potentialAction\":[{\"@type\":\"SearchAction\",\"target\":{\"@type\":\"EntryPoint\",\"urlTemplate\":\"https:\\\/\\\/www.cncinternational.eu\\\/pt-pt\\\/?s={search_term_string}\"},\"query-input\":{\"@type\":\"PropertyValueSpecification\",\"valueRequired\":true,\"valueName\":\"search_term_string\"}}],\"inLanguage\":\"pt-PT\"}]}<\/script>\n<!-- \/ Yoast SEO plugin. -->","yoast_head_json":{"title":"Verniz Gel HEMA-free para nail artists - CNC International","description":"nosso profissional Gel e Verniz est\u00e3o dispon\u00edvel em mais de 200 cores e tons de brilho. Bonitas cores de gel UV HEMA-Free e DIHEMA-Free.","robots":{"index":"index","follow":"follow","max-snippet":"max-snippet:-1","max-image-preview":"max-image-preview:large","max-video-preview":"max-video-preview:-1"},"canonical":"https:\/\/www.cncinternational.eu\/pt-pt\/productos\/verniz-gel\/","og_locale":"pt_PT","og_type":"article","og_title":"Verniz Gel HEMA-free para nail artists - CNC International","og_description":"nosso profissional Gel e Verniz est\u00e3o dispon\u00edvel em mais de 200 cores e tons de brilho. Bonitas cores de gel UV HEMA-Free e DIHEMA-Free.","og_url":"https:\/\/www.cncinternational.eu\/pt-pt\/productos\/verniz-gel\/","og_site_name":"CNC International","article_modified_time":"2026-04-28T12:54:14+00:00","og_image":[{"width":2560,"height":1927,"url":"https:\/\/www.cncinternational.eu\/wp-content\/uploads\/2021\/12\/Private-labeling-nail-gel-polish-scaled.jpg","type":"image\/jpeg"}],"twitter_card":"summary_large_image","twitter_misc":{"Tempo estimado de leitura":"1 minuto"},"schema":{"@context":"https:\/\/schema.org","@graph":[{"@type":"WebPage","@id":"https:\/\/www.cncinternational.eu\/pt-pt\/productos\/verniz-gel\/","url":"https:\/\/www.cncinternational.eu\/pt-pt\/productos\/verniz-gel\/","name":"Verniz Gel HEMA-free para nail artists - CNC International","isPartOf":{"@id":"https:\/\/www.cncinternational.eu\/pt-pt\/#website"},"primaryImageOfPage":{"@id":"https:\/\/www.cncinternational.eu\/pt-pt\/productos\/verniz-gel\/#primaryimage"},"image":{"@id":"https:\/\/www.cncinternational.eu\/pt-pt\/productos\/verniz-gel\/#primaryimage"},"thumbnailUrl":"https:\/\/www.cncinternational.eu\/wp-content\/uploads\/2021\/12\/Private-labeling-nail-gel-polish-scaled.jpg","datePublished":"2022-02-09T15:03:15+00:00","dateModified":"2026-04-28T12:54:14+00:00","description":"nosso profissional Gel e Verniz est\u00e3o dispon\u00edvel em mais de 200 cores e tons de brilho. Bonitas cores de gel UV HEMA-Free e DIHEMA-Free.","breadcrumb":{"@id":"https:\/\/www.cncinternational.eu\/pt-pt\/productos\/verniz-gel\/#breadcrumb"},"inLanguage":"pt-PT","potentialAction":[{"@type":"ReadAction","target":["https:\/\/www.cncinternational.eu\/pt-pt\/productos\/verniz-gel\/"]}]},{"@type":"ImageObject","inLanguage":"pt-PT","@id":"https:\/\/www.cncinternational.eu\/pt-pt\/productos\/verniz-gel\/#primaryimage","url":"https:\/\/www.cncinternational.eu\/wp-content\/uploads\/2021\/12\/Private-labeling-nail-gel-polish-scaled.jpg","contentUrl":"https:\/\/www.cncinternational.eu\/wp-content\/uploads\/2021\/12\/Private-labeling-nail-gel-polish-scaled.jpg","width":2560,"height":1927,"caption":"CNC Gel Polish manufacturer"},{"@type":"BreadcrumbList","@id":"https:\/\/www.cncinternational.eu\/pt-pt\/productos\/verniz-gel\/#breadcrumb","itemListElement":[{"@type":"ListItem","position":1,"name":"Home","item":"https:\/\/www.cncinternational.eu\/pt-pt\/"},{"@type":"ListItem","position":2,"name":"Productos","item":"https:\/\/www.cncinternational.eu\/pt-pt\/productos\/"},{"@type":"ListItem","position":3,"name":"Verniz gel"}]},{"@type":"WebSite","@id":"https:\/\/www.cncinternational.eu\/pt-pt\/#website","url":"https:\/\/www.cncinternational.eu\/pt-pt\/","name":"CNC International","description":"Just another WordPress site","potentialAction":[{"@type":"SearchAction","target":{"@type":"EntryPoint","urlTemplate":"https:\/\/www.cncinternational.eu\/pt-pt\/?s={search_term_string}"},"query-input":{"@type":"PropertyValueSpecification","valueRequired":true,"valueName":"search_term_string"}}],"inLanguage":"pt-PT"}]}},"_links":{"self":[{"href":"https:\/\/www.cncinternational.eu\/pt-pt\/wp-json\/wp\/v2\/pages\/1756","targetHints":{"allow":["GET"]}}],"collection":[{"href":"https:\/\/www.cncinternational.eu\/pt-pt\/wp-json\/wp\/v2\/pages"}],"about":[{"href":"https:\/\/www.cncinternational.eu\/pt-pt\/wp-json\/wp\/v2\/types\/page"}],"author":[{"embeddable":true,"href":"https:\/\/www.cncinternational.eu\/pt-pt\/wp-json\/wp\/v2\/users\/7"}],"replies":[{"embeddable":true,"href":"https:\/\/www.cncinternational.eu\/pt-pt\/wp-json\/wp\/v2\/comments?post=1756"}],"version-history":[{"count":54,"href":"https:\/\/www.cncinternational.eu\/pt-pt\/wp-json\/wp\/v2\/pages\/1756\/revisions"}],"predecessor-version":[{"id":14849,"href":"https:\/\/www.cncinternational.eu\/pt-pt\/wp-json\/wp\/v2\/pages\/1756\/revisions\/14849"}],"up":[{"embeddable":true,"href":"https:\/\/www.cncinternational.eu\/pt-pt\/wp-json\/wp\/v2\/pages\/1742"}],"wp:featuredmedia":[{"embeddable":true,"href":"https:\/\/www.cncinternational.eu\/pt-pt\/wp-json\/wp\/v2\/media\/1581"}],"wp:attachment":[{"href":"https:\/\/www.cncinternational.eu\/pt-pt\/wp-json\/wp\/v2\/media?parent=1756"}],"curies":[{"name":"wp","href":"https:\/\/api.w.org\/{rel}","templated":true}]}}