{"id":12123,"date":"2025-07-16T12:19:10","date_gmt":"2025-07-16T12:19:10","guid":{"rendered":"https:\/\/www.cncinternational.eu\/?page_id=12123"},"modified":"2026-02-02T14:26:15","modified_gmt":"2026-02-02T14:26:15","slug":"geis-monofasicos","status":"publish","type":"page","link":"https:\/\/www.cncinternational.eu\/pt-pt\/productos\/geis-uv\/geis-monofasicos\/","title":{"rendered":"G\u00e9is monof\u00e1sicos"},"content":{"rendered":"  \t\n\t  <header class=\"main-header \">\n\t\t<!-- For mobile -->\n\t\t<div class=\"d-block d-sm-none\">\n\t\t  <div class=\"container-fluid px-0\">\n\t\t\t<div class=\"container g-0\">\n\t\t\t  <div class=\"row g-0 justify-content-start align-items-center\">\n\t\t\t\t<div class=\"col-12 d-sm-none\">\n\t\t\t\t  <div class=\"header-image\">\n\t\t\t\t\t\t\t\t\t\t\t\t<img fetchpriority=\"high\" decoding=\"async\" src=\"https:\/\/www.cncinternational.eu\/wp-content\/uploads\/2023\/04\/CNC-News-Rubber-Base-Nails-1445x813px.jpg\" alt=\"G\u00e9is UV monof\u00e1sicos\" width=\"1445\" height=\"813\" loading=\"eager\">\n\t\t\t\t\t\t\t\t\t\t  <\/div>\n\t\t\t\t<\/div>\n\t\t\t\t<div class=\"offset-md-6 col-md-6\">\n\t\t\t\t  <div class=\"header-text\">\n\t\t\t\t\t<p class=\"mobile-title\">G\u00e9is UV monof\u00e1sicos<\/p>\n\t\t\t\t\t<p>Os nossos g\u00e9is monof\u00e1sicos combinam as qualidades de um gel de base, de um gel construtor e de um gel de topo num s\u00f3 produto. F\u00e1cil de utilizar e com um resultado duradouro! Escolhe entre 4 linhas diferentes: Os g\u00e9is Solid Flex, os g\u00e9is Diamond, os g\u00e9is Elementary e os g\u00e9is Omni.<\/p>\n\t\t\t\t\t\t\t\t\t\t\t\t\t\t\t\t\t\t<a class=\"btn mb-3\" href=\"https:\/\/www.cncinternational.eu\/contact\/#contact\">\n\t\t\t\t\t\t\t\tBrochura online \t\t\t\t\t\t\t<\/a>\n\t\t\t\t\t\t\t\t\t\t\t\t\t\t\t\t\t\t\t\t  <\/div>\n\t\t\t\t<\/div>\n\t\t\t  <\/div>\n\t\t\t<\/div>\n\t\t  <\/div>\n\t\t<\/div>\n\t\t<!-- \/For mobile -->\n\t\t\n\t\t<!-- For desktop -->\n\t\t<div class=\"d-none d-sm-block\">\n\t\t  <div class=\"container-fluid px-0\" >\n\t\t\t<div class=\"header-bg\" style=\"background-image: url('https:\/\/www.cncinternational.eu\/wp-content\/uploads\/2023\/04\/CNC-News-Rubber-Base-Nails-1445x813px.jpg');\">\n\t\t\t\t\n\t\t\t<\/div>\n\t\t\t<div class=\"container g-0\">\n\t\t\t  <div class=\"row g-0 justify-content-start align-items-center\">\n\t\t\t\t<div class=\"offset-md-6 col-md-6\">\n\t\t\t\t  <div class=\"header-text\">\n\t\t\t\t\t<h1>G\u00e9is UV monof\u00e1sicos<\/h1>\n\t\t\t\t\t<p>Os nossos g\u00e9is monof\u00e1sicos combinam as qualidades de um gel de base, de um gel construtor e de um gel de topo num s\u00f3 produto. F\u00e1cil de utilizar e com um resultado duradouro! Escolhe entre 4 linhas diferentes: Os g\u00e9is Solid Flex, os g\u00e9is Diamond, os g\u00e9is Elementary e os g\u00e9is Omni.<\/p>\n\t\t\t\t\n\t\t\t\t\t\t\t\t\t\t\t\t\t\t\t\t\t\t<a class=\"btn mb-3\" href=\"https:\/\/www.cncinternational.eu\/contact\/#contact\">\n\t\t\t\t\t\tBrochura online \t\t\t\t\t\t\t<\/a>\n\t\t\t\t\t\t\t\t\t\t\t\t\t\t\t\t\t\t\t\t  <\/div>\n\t\t\t\t<\/div>\n\t\t\t  <\/div>\n\t\t\t<\/div>\n\t\t  <\/div>\n\t\t<\/div>\n\t\t<!-- \/For desktop -->\n\t  <\/header>\n\t  \n\t  \t\n\n\t<section class=\"news\">\n\t\t<div class=\"container p-0 \">\n\t\t\t<div class=\"row g-0\">\n\t\t\t\t<div class=\"col-12 overlap bg-white\">\n\t\t\t\t\t\t\t\t\t\t\t\t\t\t\t\t\t\t\t\t\t\t<!-- Start row -->\n\t\t\t\t\t\t\t\t\t\t\t\t\t\t\t\t\t\t\t\t\t\t\t\t\t\t\t\t\t\t\t\t\t\t\t\t\n\t\t\t\t\t\t\t\t\t<div class=\"row g-0 align-items-center\">\n\t\t\t\t\t\t\t\t\t\t<div class=\"col-12 col-md col-img img-wrapper\">\n\t\t\t\t\t\t\t\t\t\t\t\t\t\t\t\t\t\t\t\t\t\t\t\t\t\t\t\t\t\t\t\t\t\t<img loading=\"lazy\" decoding=\"async\" src=\"https:\/\/www.cncinternational.eu\/wp-content\/uploads\/2025\/06\/shutterstock_252819202-scaled.jpg\"\n\t\t\t\t\t\t\t\t\t\t\t\t\talt=\"Gel UV Solid Flex\" width=\"2560\" height=\"1707\">\n\t\t\t\t\t\t\t\t\t\t\t\t\t\t\t\t\t\t\t\t\t<\/div>\n\t\t\t\t\t\t\t\t\t\t<div class=\"col-12 col-md col-excerpt\">\n\t\t\t\t\t\t\t\t\t\t\t<div class=\"excerpt-wrapper\">\n\t\t\t\t\t\t\t\t\t\t\t\t<h4>Gel UV Solid Flex<\/h4>\n\t\t\t\t\t\t\t\t\t\t\t\t<p>Este gel monof\u00e1sico com uma ader\u00eancia superior garante um resultado duradouro. Mesmo em unhas problem\u00e1ticas! O gel \u00e9 altamente flex\u00edvel, o que o torna perfeito para aplica\u00e7\u00e3o em unhas finas e fracas.  <\/p>\n\t\t\t\t\t\t\t\t\t\t\t\t\t\t\t\t\t\t\t\t\t\t\t\t\t\t\t\t\t\t\t\t\t\t\t\t\t\t\t\t\t\t\t\t\t\t\t\t\t\t\t\t\t\t\t\t\t\t\t\t\t\t\t\t\t\t\t\t\t\t\t\t\t\t\t\t\t\t\t\t\t\t\t\t\t\t\t\t\t\t\t\t\t\t\t\t\t\t\t\t\t\t\t\t\t\t\t\t\t\t\t\t\t\t\t\t\t\t\t<button href=\"https:\/\/www.youtube.com\/watch?v=JaE-ROTMn5Y\" class=\"more-link js-modal-btn\" data-channel=\"youtube\" data-video-url=\"https:\/\/www.youtube.com\/embed\/JaE-ROTMn5Y?autoplay=1\">V\u00ea o v\u00eddeo ><\/button>\n\t\t\t\t\t\t\t\t\t\t\t\t\t\t\t\t\t\t\t\t\t\t\t\t\t\t\t\t\t\t\t\n\t\t\t\t\t\t\t\t\t\t\t\t\t\t\n\t\t\t\t\t\t\t\t\t\t\t\t\t\n\t\t\t\t\t\t\t\t\t\t\t\t\t<!-- Another button -->\n\t\t\t\t\t\t\t\t\t\t\t\t\t\t\t\t\t\t\t\t\t\t\t\t\t\t\t\t\t\t\t\t\t\t\t\t<\/div>\n\t\t\t\t\t\t\t\t\t\t<\/div>\n\t\t\t\t\t\t\t\t\t<\/div>\n\t\t\t\t\t\t\t\t\n\t\t\t\t\t\t\t\n\t\t\t\t\t\t\t\t\t\t\t\t\t\t\t\t\t\t\t\t\t\t\t\t\t\t\t\t\t\t\t\t\t\t\t\t\t\t\t\t\t\t\t\t\t\t\t\t\t\t\t\t<div class=\"row g-0 align-items-center\">\n\t\t\t\t\t\t\t\t\t\t<div class=\"col-12 col-md col-excerpt\">\n\t\t\t\t\t\t\t\t\t\t\t<div class=\"excerpt-wrapper\">\n\t\t\t\t\t\t\t\t\t\t\t\t<h4>Gel UV de diamante<\/h4>\n\t\t\t\t\t\t\t\t\t\t\t\t<p>Gel monof\u00e1sico, adequado para extens\u00f5es em formas de unhas. N\u00e3o risca e tem um brilho duradouro. Ideal para beliscar!  <\/p>\n\t\t\t\t\t\t\t\t\t\t\t\t\t\t\t\t\t\t\t\t\t\t\t\t\t\t\t\t\t\t\t\t\t\t\t\t\t\t\t\t\t\t\t\t\t\t\t\t\t\t\t\t\t\t\t\t\t\t\t\t\t\t\t\t\t\t\t\t\t\t\t\t\t\t\t\t\t\t\t\t\t\t\t\t\t\t\t\t\t\t\t\t\t\t\t\t\t\t\t\t\t\t\t\t\t\t\t\t\t\t\t\t\t\t\t\t\t\t\t\t<button href=\"\" class=\"more-link js-modal-btn\" data-channel=\"youtube\" data-video-url=\"https:\/\/www.youtube.com\/embed\/0hgjbPv4W64?autoplay=1\"><i class=\"far fa-play-circle mr-3\"><\/i> V\u00ea o v\u00eddeo <\/button>\n\t\t\t\t\t\t\t\t\t\t\t\t\t\t\t\t\t\t\t\t\t\t\t\t\t\t\t\t\t\t\t\n\t\t\t\t\t\t\t\t\t\t\t\t\t\t\n\t\t\t\t\t\t\t\t\t\t\t\t\t\n\t\t\t\t\t\t\t\t\t\t\t\t\t<!-- Another button -->\n\t\t\t\t\t\t\t\t\t\t\t\t\t\t\t\t\t\t\t\t\t\t\t\t\t\t\t\t\t\t\t\t\t\t\t\t<\/div>\n\t\t\t\t\t\t\t\t\t\t<\/div>\n\t\t\t\t\t\t\t\t\t\t<div class=\"col-12 col-md col-img img-wrapper\">\n\t\t\t\t\t\t\t\t\t\t\t\t\t\t\t\t\t\t\t\t\t\t\t\t\t\t\t\t\t\t\t\t\t\t\t\t<img loading=\"lazy\" decoding=\"async\" src=\"https:\/\/www.cncinternational.eu\/wp-content\/uploads\/2025\/06\/G0632-Diamond-Clear-Gel.00_00_03_21.Still002.jpg\"\n\t\t\t\t\t\t\t\t\t\t\t\t\t\talt=\"Gel UV de diamante\" width=\"1920\" height=\"1080\">\n\t\t\t\t\t\t\t\t\t\t\t\t\t\t\t\t\t\t\t\t\t\t\t\t\t\t\t\t\t\t\t\t\t<\/div>\n\t\t\t\t\t\t\t\t\t<\/div>\n\t\t\t\t\t\t\t\t\n\t\t\t\t\t\t\t\n\t\t\t\t\t\t\t\t\t\t\t\t\t\t\t\t\t\t\t\t\t\t\t\t\t\t\t\t\t\t\t\t\t\t\t\t\t\t\t\t\t\t\t\n\t\t\t\t\t\t\t\t\t<div class=\"row g-0 align-items-center\">\n\t\t\t\t\t\t\t\t\t\t<div class=\"col-12 col-md col-img img-wrapper\">\n\t\t\t\t\t\t\t\t\t\t\t\t\t\t\t\t\t\t\t\t\t\t\t\t\t\t\t\t\t\t\t\t\t\t<img loading=\"lazy\" decoding=\"async\" src=\"https:\/\/www.cncinternational.eu\/wp-content\/uploads\/2025\/06\/AdobeStock_391208327-scaled.jpeg\"\n\t\t\t\t\t\t\t\t\t\t\t\t\talt=\"N\u00e3o h\u00e1 ficheiro de gel de constru\u00e7\u00e3o: Gel elementar\" width=\"2560\" height=\"1707\">\n\t\t\t\t\t\t\t\t\t\t\t\t\t\t\t\t\t\t\t\t\t<\/div>\n\t\t\t\t\t\t\t\t\t\t<div class=\"col-12 col-md col-excerpt\">\n\t\t\t\t\t\t\t\t\t\t\t<div class=\"excerpt-wrapper\">\n\t\t\t\t\t\t\t\t\t\t\t\t<h4>N\u00e3o h\u00e1 ficheiro de gel de constru\u00e7\u00e3o: Gel elementar<\/h4>\n\t\t\t\t\t\t\t\t\t\t\t\t<p>Obt\u00e9m resultados \u00f3ptimos &#8211; com uma excelente rela\u00e7\u00e3o qualidade\/pre\u00e7o &#8211; com este gel monof\u00e1sico: ader\u00eancia, modela\u00e7\u00e3o e brilho! As suas capacidades de auto-nivelamento garantem uma aplica\u00e7\u00e3o f\u00e1cil. <\/p>\n\t\t\t\t\t\t\t\t\t\t\t\t\t\t\t\t\t\t\t\t\t\t\t\t\t\t\t\t\t\t\t\t\t\t\t\t\t\t\t\t\t\t\t\t\t\t\t\t\t\t\t\t\t\t\t\t\t\t\t\t\t\t\t\t\t\t\t\t\t\t\t\t\t\t\t\t\t\t\t\t\t\t\t\t\t\t\t\t\t\t\t\t\t\t\t\t\t\t\t\t\t\t\t\t\t\t\t\t\t\t\t\t\t\t\t\t\t\t\t<button href=\"\" class=\"more-link js-modal-btn\" data-channel=\"youtube\" data-video-url=\"https:\/\/www.youtube.com\/embed\/NXfkflCY9wk?autoplay=1\">V\u00ea o v\u00eddeo ><\/button>\n\t\t\t\t\t\t\t\t\t\t\t\t\t\t\t\t\t\t\t\t\t\t\t\t\t\t\t\t\t\t\t\n\t\t\t\t\t\t\t\t\t\t\t\t\t\t\n\t\t\t\t\t\t\t\t\t\t\t\t\t\n\t\t\t\t\t\t\t\t\t\t\t\t\t<!-- Another button -->\n\t\t\t\t\t\t\t\t\t\t\t\t\t\t\t\t\t\t\t\t\t\t\t\t\t\t\t\t\t\t\t\t\t\t\t\t<\/div>\n\t\t\t\t\t\t\t\t\t\t<\/div>\n\t\t\t\t\t\t\t\t\t<\/div>\n\t\t\t\t\t\t\t\t\n\t\t\t\t\t\t\t\n\t\t\t\t\t\t\t\t\t\t\t\t\t\t\t\t\t\t\t\t\t\t\t\t\t\t\t\t\t\t\t\t\t\t\t\t\t\t\t\t\t\t\t\t\t\t\t\t\t\t\t\t<div class=\"row g-0 align-items-center\">\n\t\t\t\t\t\t\t\t\t\t<div class=\"col-12 col-md col-excerpt\">\n\t\t\t\t\t\t\t\t\t\t\t<div class=\"excerpt-wrapper\">\n\t\t\t\t\t\t\t\t\t\t\t\t<h4>Gel Omni UV<\/h4>\n\t\t\t\t\t\t\t\t\t\t\t\t<p>Este gel forte e monof\u00e1sico tem uma excelente ader\u00eancia \u00e0 unha natural e deixa um elevado brilho. Alta viscosidade e autonivelante. <\/p>\n\t\t\t\t\t\t\t\t\t\t\t\t\t\t\t\t\t\t\t\t\t\t\t<\/div>\n\t\t\t\t\t\t\t\t\t\t<\/div>\n\t\t\t\t\t\t\t\t\t\t<div class=\"col-12 col-md col-img img-wrapper\">\n\t\t\t\t\t\t\t\t\t\t\t\t\t\t\t\t\t\t\t\t\t\t\t\t\t\t\t\t\t\t\t\t\t\t\t\t<img loading=\"lazy\" decoding=\"async\" src=\"https:\/\/www.cncinternational.eu\/wp-content\/uploads\/2025\/06\/shutterstock_767195089-scaled.jpg\"\n\t\t\t\t\t\t\t\t\t\t\t\t\t\talt=\"Gel Omni UV\" width=\"2560\" height=\"1707\">\n\t\t\t\t\t\t\t\t\t\t\t\t\t\t\t\t\t\t\t\t\t\t\t\t\t\t\t\t\t\t\t\t\t<\/div>\n\t\t\t\t\t\t\t\t\t<\/div>\n\t\t\t\t\t\t\t\t\n\t\t\t\t\t\t\t\n\t\t\t\t\t\t\t\t\t\t\t\t\t\t\t\t\t\t\t<!-- End row -->\n\t\t\t\t\t\t\t\t\t<\/div>\n\t\t\t<\/div>\n\t\t<\/div>\n\t<\/section>\n\n\t\n\n    \t<section class=\"contact-block form-with-image gradient-bg \" id=\"\">\n\t\t<div class=\"container\">\n\t\t\t<div class=\"row justify-content-center\">\n\t\t\t\t<div class=\"col-12 col-md-12 col-lg-10\">\n\t\t\t\t\t<div class=\"form-wrapper\">\n\t\t\t\t\t\t<div class=\"col-12 col-md-10 col-lg-9 mx-auto\">\n\t\t\t\t\t\t\t\t\t\t\t\t\t<\/div>\n\t\t\t\t\t\t\t\t\t\t\t\t<div class=\"row\">\n\t\t\t\t\t\t\t<div class=\"col-12 col-md-7 col-lg-7\">\n\t\t\t\t\t\t\t\t\t\t\t\t\t\t\t\t\t<div class=\"form\">\n\t\t\t\t\t\t\t\t\t\t<script src='https:\/\/online4.superoffice.com\/Cust21613\/CS\/scripts\/customer.fcgi?action=form&#038;id=F-pWZr08mc' defer><\/script>\t\t\t\t\t\t\t\t\t\t\t\t\t\t\t\t\t\t\t\t\t\t\t\t\t\t\t\t\t\t\t\t<\/div>\n\t\t\t\t\t\t\t\t\t\t\t\t\t\t\t<\/div>\n\t\t\t\t\t\t\t<div class=\"col-12 col-md-5 col-lg-5\">\n\t\t\t\t\t\t\t\t<div class=\"col-12 col-md col-excerpt\">\n\t\t\t\t\t\t\t\t\t<div class=\"excerpt-wrapper\">\n\t\t\t\t\t\t\t\t\t<p>Os nossos vers\u00e1teis produtos de marca pr\u00f3pria para unhas t\u00eam a melhor qualidade a pre\u00e7os competitivos. Orgulhamo-nos de ser fabricantes de g\u00e9is de unhas UV para in\u00fameras marcas de unhas em todo o mundo. A CNC International foi fundada em 1993, com a f\u00e1brica nos Pa\u00edses Baixos, na Europa. Os nossos produtos para unhas de gel e acr\u00edlicas podem ser entregues a granel ou cheios e totalmente acabados: prontos a vender!     <\/p>\t\t\t\t\t\t\n\t\t\t\t\t\t\t\t\t<\/div>\n\t\t\t\t\t\t\t\t<\/div>\n\t\t\t\t\t\t\t\t<div class=\"col-img img-wrapper\">\n\t\t\t\t\t\t\t\t\t<img decoding=\"async\" src=\"https:\/\/www.cncinternational.eu\/wp-content\/uploads\/2025\/08\/Telefoon-EP.png\" alt=\"\">\n\t\t\t\t\t\t\t\t<\/div>\n\t\t\t\t\t\t\t\t\t\t\t\t\t\t\t\t\t<div class=\"col-12 col-md col-excerpt\">\n\t\t\t\t\t\t\t\t\t\t<div class=\"excerpt-wrapper\">\n\t\t\t\t\t\t\t\t\t\t<p>Na nossa e-brochura 2026 voc\u00ea encontrar\u00e1:\r\n\r\n<ul>\r\n<li>Nossos produtos de gel UV mais vendidos e novos de 2026<\/li>\r\n<li>Pre\u00e7os iniciais por litro<\/li>\r\n<li>Principais benef\u00edcios de trabalhar com a CNC<\/li>\r\n<\/ul><\/p>\t\t\t\t\t\t\n\t\t\t\t\t\t\t\t\t\t<\/div>\n\t\t\t\t\t\t\t\t\t<\/div>\n\t\t\t\t\t\t\t\t\t\t\t\t\t\t\t<\/div>\n\t\t\t\t\t\t<\/div>\n\t\t\t\t\t\t\t\t\t\t\t\t\t\t\t\t\t\t\t\t\t\t\t\t<\/div>\n\t\t\t\t<\/div>\n\t\t\t\t\n\t\t\t<\/div>\n\t\t<\/div>\n\t<\/section>\n    \t\n  \t\n\t","protected":false},"excerpt":{"rendered":"","protected":false},"author":7,"featured_media":0,"parent":1759,"menu_order":0,"comment_status":"closed","ping_status":"closed","template":"","meta":{"_acf_changed":false,"inline_featured_image":false,"footnotes":""},"class_list":["post-12123","page","type-page","status-publish","hentry"],"acf":[],"yoast_head":"<!-- This site is optimized with the Yoast SEO plugin v27.4 - https:\/\/yoast.com\/product\/yoast-seo-wordpress\/ -->\n<title>O fabricante do gel One Phase UV \u00e9 a CNC International<\/title>\n<meta name=\"description\" content=\"Procura um fabricante fi\u00e1vel de gel UV monof\u00e1sico? Escolhe CNC. Todos os nossos g\u00e9is monof\u00e1sicos s\u00e3o livres de HEMA e TPO. Cria a tua pr\u00f3pria marca de unhas.\" \/>\n<meta name=\"robots\" content=\"index, follow, max-snippet:-1, max-image-preview:large, max-video-preview:-1\" \/>\n<link rel=\"canonical\" href=\"https:\/\/www.cncinternational.eu\/pt-pt\/productos\/geis-uv\/geis-monofasicos\/\" \/>\n<meta property=\"og:locale\" content=\"pt_PT\" \/>\n<meta property=\"og:type\" content=\"article\" \/>\n<meta property=\"og:title\" content=\"O fabricante do gel One Phase UV \u00e9 a CNC International\" \/>\n<meta property=\"og:description\" content=\"Procura um fabricante fi\u00e1vel de gel UV monof\u00e1sico? Escolhe CNC. Todos os nossos g\u00e9is monof\u00e1sicos s\u00e3o livres de HEMA e TPO. Cria a tua pr\u00f3pria marca de unhas.\" \/>\n<meta property=\"og:url\" content=\"https:\/\/www.cncinternational.eu\/pt-pt\/productos\/geis-uv\/geis-monofasicos\/\" \/>\n<meta property=\"og:site_name\" content=\"CNC International\" \/>\n<meta property=\"article:modified_time\" content=\"2026-02-02T14:26:15+00:00\" \/>\n<meta name=\"twitter:card\" content=\"summary_large_image\" \/>\n<script type=\"application\/ld+json\" class=\"yoast-schema-graph\">{\"@context\":\"https:\\\/\\\/schema.org\",\"@graph\":[{\"@type\":\"WebPage\",\"@id\":\"https:\\\/\\\/www.cncinternational.eu\\\/pt-pt\\\/productos\\\/geis-uv\\\/geis-monofasicos\\\/\",\"url\":\"https:\\\/\\\/www.cncinternational.eu\\\/pt-pt\\\/productos\\\/geis-uv\\\/geis-monofasicos\\\/\",\"name\":\"O fabricante do gel One Phase UV \u00e9 a CNC International\",\"isPartOf\":{\"@id\":\"https:\\\/\\\/www.cncinternational.eu\\\/pt-pt\\\/#website\"},\"datePublished\":\"2025-07-16T12:19:10+00:00\",\"dateModified\":\"2026-02-02T14:26:15+00:00\",\"description\":\"Procura um fabricante fi\u00e1vel de gel UV monof\u00e1sico? Escolhe CNC. Todos os nossos g\u00e9is monof\u00e1sicos s\u00e3o livres de HEMA e TPO. Cria a tua pr\u00f3pria marca de unhas.\",\"breadcrumb\":{\"@id\":\"https:\\\/\\\/www.cncinternational.eu\\\/pt-pt\\\/productos\\\/geis-uv\\\/geis-monofasicos\\\/#breadcrumb\"},\"inLanguage\":\"pt-PT\",\"potentialAction\":[{\"@type\":\"ReadAction\",\"target\":[\"https:\\\/\\\/www.cncinternational.eu\\\/pt-pt\\\/productos\\\/geis-uv\\\/geis-monofasicos\\\/\"]}]},{\"@type\":\"BreadcrumbList\",\"@id\":\"https:\\\/\\\/www.cncinternational.eu\\\/pt-pt\\\/productos\\\/geis-uv\\\/geis-monofasicos\\\/#breadcrumb\",\"itemListElement\":[{\"@type\":\"ListItem\",\"position\":1,\"name\":\"Home\",\"item\":\"https:\\\/\\\/www.cncinternational.eu\\\/pt-pt\\\/\"},{\"@type\":\"ListItem\",\"position\":2,\"name\":\"Productos\",\"item\":\"https:\\\/\\\/www.cncinternational.eu\\\/pt-pt\\\/productos\\\/\"},{\"@type\":\"ListItem\",\"position\":3,\"name\":\"G\u00e9is UV\",\"item\":\"https:\\\/\\\/www.cncinternational.eu\\\/pt-pt\\\/productos\\\/geis-uv\\\/\"},{\"@type\":\"ListItem\",\"position\":4,\"name\":\"G\u00e9is monof\u00e1sicos\"}]},{\"@type\":\"WebSite\",\"@id\":\"https:\\\/\\\/www.cncinternational.eu\\\/pt-pt\\\/#website\",\"url\":\"https:\\\/\\\/www.cncinternational.eu\\\/pt-pt\\\/\",\"name\":\"CNC International\",\"description\":\"Just another WordPress site\",\"potentialAction\":[{\"@type\":\"SearchAction\",\"target\":{\"@type\":\"EntryPoint\",\"urlTemplate\":\"https:\\\/\\\/www.cncinternational.eu\\\/pt-pt\\\/?s={search_term_string}\"},\"query-input\":{\"@type\":\"PropertyValueSpecification\",\"valueRequired\":true,\"valueName\":\"search_term_string\"}}],\"inLanguage\":\"pt-PT\"}]}<\/script>\n<!-- \/ Yoast SEO plugin. -->","yoast_head_json":{"title":"O fabricante do gel One Phase UV \u00e9 a CNC International","description":"Procura um fabricante fi\u00e1vel de gel UV monof\u00e1sico? Escolhe CNC. Todos os nossos g\u00e9is monof\u00e1sicos s\u00e3o livres de HEMA e TPO. Cria a tua pr\u00f3pria marca de unhas.","robots":{"index":"index","follow":"follow","max-snippet":"max-snippet:-1","max-image-preview":"max-image-preview:large","max-video-preview":"max-video-preview:-1"},"canonical":"https:\/\/www.cncinternational.eu\/pt-pt\/productos\/geis-uv\/geis-monofasicos\/","og_locale":"pt_PT","og_type":"article","og_title":"O fabricante do gel One Phase UV \u00e9 a CNC International","og_description":"Procura um fabricante fi\u00e1vel de gel UV monof\u00e1sico? Escolhe CNC. Todos os nossos g\u00e9is monof\u00e1sicos s\u00e3o livres de HEMA e TPO. Cria a tua pr\u00f3pria marca de unhas.","og_url":"https:\/\/www.cncinternational.eu\/pt-pt\/productos\/geis-uv\/geis-monofasicos\/","og_site_name":"CNC International","article_modified_time":"2026-02-02T14:26:15+00:00","twitter_card":"summary_large_image","schema":{"@context":"https:\/\/schema.org","@graph":[{"@type":"WebPage","@id":"https:\/\/www.cncinternational.eu\/pt-pt\/productos\/geis-uv\/geis-monofasicos\/","url":"https:\/\/www.cncinternational.eu\/pt-pt\/productos\/geis-uv\/geis-monofasicos\/","name":"O fabricante do gel One Phase UV \u00e9 a CNC International","isPartOf":{"@id":"https:\/\/www.cncinternational.eu\/pt-pt\/#website"},"datePublished":"2025-07-16T12:19:10+00:00","dateModified":"2026-02-02T14:26:15+00:00","description":"Procura um fabricante fi\u00e1vel de gel UV monof\u00e1sico? Escolhe CNC. Todos os nossos g\u00e9is monof\u00e1sicos s\u00e3o livres de HEMA e TPO. Cria a tua pr\u00f3pria marca de unhas.","breadcrumb":{"@id":"https:\/\/www.cncinternational.eu\/pt-pt\/productos\/geis-uv\/geis-monofasicos\/#breadcrumb"},"inLanguage":"pt-PT","potentialAction":[{"@type":"ReadAction","target":["https:\/\/www.cncinternational.eu\/pt-pt\/productos\/geis-uv\/geis-monofasicos\/"]}]},{"@type":"BreadcrumbList","@id":"https:\/\/www.cncinternational.eu\/pt-pt\/productos\/geis-uv\/geis-monofasicos\/#breadcrumb","itemListElement":[{"@type":"ListItem","position":1,"name":"Home","item":"https:\/\/www.cncinternational.eu\/pt-pt\/"},{"@type":"ListItem","position":2,"name":"Productos","item":"https:\/\/www.cncinternational.eu\/pt-pt\/productos\/"},{"@type":"ListItem","position":3,"name":"G\u00e9is UV","item":"https:\/\/www.cncinternational.eu\/pt-pt\/productos\/geis-uv\/"},{"@type":"ListItem","position":4,"name":"G\u00e9is monof\u00e1sicos"}]},{"@type":"WebSite","@id":"https:\/\/www.cncinternational.eu\/pt-pt\/#website","url":"https:\/\/www.cncinternational.eu\/pt-pt\/","name":"CNC International","description":"Just another WordPress site","potentialAction":[{"@type":"SearchAction","target":{"@type":"EntryPoint","urlTemplate":"https:\/\/www.cncinternational.eu\/pt-pt\/?s={search_term_string}"},"query-input":{"@type":"PropertyValueSpecification","valueRequired":true,"valueName":"search_term_string"}}],"inLanguage":"pt-PT"}]}},"_links":{"self":[{"href":"https:\/\/www.cncinternational.eu\/pt-pt\/wp-json\/wp\/v2\/pages\/12123","targetHints":{"allow":["GET"]}}],"collection":[{"href":"https:\/\/www.cncinternational.eu\/pt-pt\/wp-json\/wp\/v2\/pages"}],"about":[{"href":"https:\/\/www.cncinternational.eu\/pt-pt\/wp-json\/wp\/v2\/types\/page"}],"author":[{"embeddable":true,"href":"https:\/\/www.cncinternational.eu\/pt-pt\/wp-json\/wp\/v2\/users\/7"}],"replies":[{"embeddable":true,"href":"https:\/\/www.cncinternational.eu\/pt-pt\/wp-json\/wp\/v2\/comments?post=12123"}],"version-history":[{"count":5,"href":"https:\/\/www.cncinternational.eu\/pt-pt\/wp-json\/wp\/v2\/pages\/12123\/revisions"}],"predecessor-version":[{"id":14037,"href":"https:\/\/www.cncinternational.eu\/pt-pt\/wp-json\/wp\/v2\/pages\/12123\/revisions\/14037"}],"up":[{"embeddable":true,"href":"https:\/\/www.cncinternational.eu\/pt-pt\/wp-json\/wp\/v2\/pages\/1759"}],"wp:attachment":[{"href":"https:\/\/www.cncinternational.eu\/pt-pt\/wp-json\/wp\/v2\/media?parent=12123"}],"curies":[{"name":"wp","href":"https:\/\/api.w.org\/{rel}","templated":true}]}}