{"id":6564,"date":"2021-12-30T08:14:11","date_gmt":"2021-12-30T08:14:11","guid":{"rendered":"https:\/\/www.cncinternational.eu\/privacy-statement\/"},"modified":"2024-12-11T09:31:18","modified_gmt":"2024-12-11T09:31:18","slug":"privacy-statement","status":"publish","type":"page","link":"https:\/\/www.cncinternational.eu\/pl\/privacy-statement\/","title":{"rendered":"O\u015bwiadczenie o ochronie prywatno\u015bci"},"content":{"rendered":"        \t  <header class=\"single-news-header \">\n\t\t<!-- For mobile -->\n\t\t<div class=\"d-block d-sm-none\">\n\t\t  <div class=\"container-fluid px-0\">\n\t\t\t<div class=\"container g-0\">\n\t\t\t  <div class=\"row g-0 justify-content-start align-items-center\">\n\t\t\t\t<div class=\"col-12 d-sm-none\">\n\t\t\t\t  <div class=\"col-md-6 order-1 order-md-2\">\n\t\t\t\t\t\t\t\t\t\t\t<img fetchpriority=\"high\" decoding=\"async\" src=\"https:\/\/www.cncinternational.eu\/wp-content\/uploads\/2021\/12\/CNC-international-manufacturer-plant-building-factory-scaled.jpg\" alt=\"O\u015bwiadczenie o ochronie prywatno\u015bci\" width=\"2560\" height=\"1927\" loading=\"eager\">\n\t\t\t\t\t\t\t\t\t  <\/div>\n\t\t\t\t<\/div>\n\t\t\t\t<div class=\"offset-md-6 col-md-6\">\n\t\t\t\t  <div class=\"header-text\">\n\t\t\t\t\t<p class=\"mobile-title\">O\u015bwiadczenie o ochronie prywatno\u015bci<\/p>\n                    \t\t\t\t\t\t\t\t\t  <\/div>\n\t\t\t\t<\/div>\n\t\t\t  <\/div>\n\t\t\t<\/div>\n\t\t  <\/div>\n\t\t<\/div>\n\t\t<!-- \/For mobile -->\n\t\t\n\t\t<!-- For desktop -->\n\t\t<div class=\"d-none d-sm-block\">\n\t\t  <div class=\"container-fluid px-0\" >\n\t\t\t<div class=\"header-bg\" style=\"background-image: url('https:\/\/www.cncinternational.eu\/wp-content\/uploads\/2021\/12\/CNC-international-manufacturer-plant-building-factory-scaled.jpg');\">\n\t\t\t\t\n\t\t\t<\/div>\n\t\t\t<div class=\"container g-0\">\n\t\t\t  <div class=\"row g-0 justify-content-start align-items-center\">\n\t\t\t\t<div class=\"col-md-6\">\n\t\t\t\t  <div class=\"header-text\">\n\t\t\t\t\t  <h1>O\u015bwiadczenie o ochronie prywatno\u015bci<\/h1>\n                     \t\t\t\t\t\t\t\t\t  <\/div>\n\t\t\t\t<\/div>\n\t\t\t  <\/div>\n\t\t\t<\/div>\n\t\t  <\/div>\n\t\t<\/div>\n\t\t<!-- \/For desktop -->\n\t  <\/header>\n\t\n    \n  <section class=\"news-single-wrapper \">\n\t<div class=\"container p-0\">\n      <div class=\"d-flex\">\n        <div class=\"main-content overlap\">\n\t\t\t<p>Niniejsze o\u015bwiadczenie o ochronie prywatno\u015bci zosta\u0142o sporz\u0105dzone przez Darmand Group z siedzib\u0105 przy Burgemeesterlaan 2 6002 EG w Weert. Grupa Darmand zobowi\u0105zuje si\u0119 do ochrony poufno\u015bci i prywatno\u015bci powierzonych jej informacji. Niniejsze o\u015bwiadczenie o ochronie prywatno\u015bci odnosi si\u0119 do firm cz\u0142onkowskich Grupy Darmand: CNC International BV, Nail Creation BV, Nouveau Contour BV i Dermatude BV. Kontakt: <a href=\"mailto:privacy@darmandgroup.com\">privacy@darmandgroup.com<\/a> | +31 88 5155850<br \/>\nBurgemeesterlaan 2 l 6002 EG l Weert | the Netherlands CNC International<br \/>\nVAT. Nr. NL8535.72.276.B01<br \/>\nKVK Nr. 59617624 B.V. Nail Creation B.V.<br \/>\nVAT. Nr. NL8088.80.445.B01<br \/>\nKVK Nr. 12044847 Nouveau Contour B.V.<br \/>\nVAT. Nr. NL8097.15.570.B01<br \/>\nKVK Nr. 12044846 Dermatude B.V.<br \/>\nVAT. Nr. NL8535.28.688.B01<br \/>\nKVK Nr. 59498013 Grupa Darmand zobowi\u0105zuje si\u0119 do odpowiedniej ochrony i wykorzystania przetwarzanych danych osobowych. Dane osobowe s\u0105 gromadzone w zwi\u0105zku z korzystaniem z naszych us\u0142ug i\/lub przekazywaniem nam informacji. Odbywa si\u0119 to zgodnie z obowi\u0105zuj\u0105cymi przepisami prawa i regulacjami. Rozumiemy znaczenie prywatno\u015bci u\u017cytkownik\u00f3w i robimy wszystko, aby j\u0105 chroni\u0107. Prosimy o zapoznanie si\u0119 z niniejszym O\u015bwiadczeniem o ochronie prywatno\u015bci, aby dowiedzie\u0107 si\u0119 wi\u0119cej o tym, w jaki spos\u00f3b gromadzimy, wykorzystujemy, udost\u0119pniamy i chronimy dane osobowe, kt\u00f3re uzyskali\u015bmy w okre\u015blonych celach. Niniejsze O\u015bwiadczenie o ochronie prywatno\u015bci zawiera r\u00f3wnie\u017c prawa u\u017cytkownika w odniesieniu do jego danych osobowych i sposobu ich wykorzystania. <strong>Gromadzenie i wykorzystywanie danych osobowych<\/strong><br \/>\nUzyskujemy dane osobowe u\u017cytkownika, je\u015bli zdecyduje si\u0119 je poda\u0107 &#8211; na przyk\u0142ad w celu skontaktowania si\u0119 ze skrzynk\u0105 pocztow\u0105 lub zarejestrowania si\u0119 w celu korzystania z okre\u015blonych us\u0142ug. W niekt\u00f3rych przypadkach u\u017cytkownik wcze\u015bniej przekaza\u0142 swoje dane osobowe Grupie Darmand (je\u015bli na przyk\u0142ad jest by\u0142ym klientem). Poni\u017cej znajduje si\u0119 przegl\u0105d danych osobowych gromadzonych przez Grup\u0119 Darmand:  <\/p>\n<ul>\n<li>Firma i dane kontaktowe;<br \/>\nNazwa i dane adresowe<\/li>\n<li>Dane osobowe osoby kontaktowej;<br \/>\nImi\u0119 i nazwisko oraz dane adresowe, numer telefonu osoby kontaktowej, adres e-mail, numer konta bankowego\n<\/li>\n<li>Typ organizacji\/forma prawna;<\/li>\n<li>Numer rejestracyjny firmy;<\/li>\n<li>Numer VAT<\/li>\n<li>Adres IP<\/li>\n<li>Inne dane osobowe, kt\u00f3re u\u017cytkownik aktywnie udost\u0119pnia, na przyk\u0142ad profil utworzony na naszej stronie internetowej lub w korespondencji i telefonicznie.<\/li>\n<li>Informacje o dzia\u0142aniach u\u017cytkownika na naszej stronie internetowej<\/li>\n<\/ul>\n<p>Grupa Darmand stara si\u0119 zapewni\u0107, \u017ce dane osobowe s\u0105 aktualne i prawid\u0142owe oraz stara si\u0119 podj\u0105\u0107 wszelkie<br \/>\nuzasadnione \u015brodki, aby to zapewni\u0107. <strong>Wyj\u0105tkowe i\/lub wra\u017cliwe dane osobowe<\/strong><br \/>\nNasza witryna i\/lub us\u0142uga nie ma na celu gromadzenia informacji o odwiedzaj\u0105cych witryn\u0119 w wieku poni\u017cej 16 lat. Grupa Darmand rozumie znaczenie ochrony prywatno\u015bci dzieci.<br \/>\nNie mo\u017cemy jednak sprawdzi\u0107, czy odwiedzaj\u0105cy ma wi\u0119cej ni\u017c 16 lat. Zach\u0119camy rodzic\u00f3w do anga\u017cowania si\u0119 w dzia\u0142ania online swoich dzieci. Je\u015bli jeste\u015b przekonany, \u017ce zebrali\u015bmy dane osobowe osoby poni\u017cej 16 roku \u017cycia bez jej zgody, skontaktuj si\u0119 z <a href=\"mail:privacy@darmandgroup.com\">privacy@darmandgroup.com.<\/a> Dane osobowe zostan\u0105 usuni\u0119te. <strong>Cel i podstawy prawne<\/strong><br \/>\nPrawo w Europie zezwala nam na przetwarzanie danych osobowych, o ile mamy ku temu podstaw\u0119. Wymaga r\u00f3wnie\u017c od nas poinformowania u\u017cytkownika, jakie s\u0105 te podstawy. W zwi\u0105zku z tym, gdy Grupa Darmand przetwarza Twoje dane osobowe, opieramy si\u0119 na jednym z nast\u0119puj\u0105cych warunk\u00f3w przetwarzania:<\/p>\n<ul>\n<li>Wysy\u0142anie biuletyn\u00f3w i\/lub broszur reklamowych<br \/>\nGrupa Darmand wysy\u0142a biuletyny za po\u015brednictwem poczty elektronicznej. Biuletyny te maj\u0105 z jednej strony charakter komercyjny, a z drugiej koncentruj\u0105 si\u0119 na wiedzy. Imi\u0119 i nazwisko, adres e-mail i segment klienta (klasyfikacja dotycz\u0105ca firm cz\u0142onkowskich Grupy Darmand) s\u0105 gromadzone za pomoc\u0105 odpowiedniego formularza na stronie internetowej. Grupa Darmand mo\u017ce poprosi\u0107 u\u017cytkownika o rejestracj\u0119 w formie ustnej lub tekstowej. Dane s\u0105 wykorzystywane do marketingu bezpo\u015bredniego w zarz\u0105dzaniu relacjami z istniej\u0105cymi klientami.    <\/li>\n<li>Kontakt<br \/>\nTwoje dane osobowe b\u0119d\u0105 gromadzone podczas kontaktowania si\u0119 z Grup\u0105 Darmand za po\u015brednictwem naszej strony internetowej. Formularz ten zawiera jedynie informacje niezb\u0119dne do przedstawienia oferty lub us\u0142ugi, takie jak imi\u0119 i nazwisko, nazwa firmy, adres e-mail, numer telefonu oraz pytanie lub zainteresowanie. Je\u015bli wymagane s\u0105 dodatkowe, opcjonalne informacje, u\u017cytkownik zostanie o tym powiadomiony w momencie ich zbierania. Zebrane informacje zostan\u0105 r\u00f3wnie\u017c wykorzystane do obs\u0142ugi zam\u00f3wienia i\/lub faktury. Mo\u017ce to by\u0107 konieczne do wykonania umowy lub poinformowania u\u017cytkownika o zmianach w naszych us\u0142ugach i produktach.   <\/li>\n<li>Realizacja um\u00f3w<br \/>\nW celu dostarczenia Pa\u0144stwu towar\u00f3w, Grupa Darmand potrzebuje nazwy Pa\u0144stwa firmy i danych adresowych. Darmand Group mo\u017ce dodatkowo poprosi\u0107 o podanie numeru VAT i\/lub numeru rejestracyjnego firmy. Darmand Group wykorzystuje informacje takie jak nazwa firmy i numer d\u0142u\u017cnika do przetwarzania p\u0142atno\u015bci. Dodatkowe dane osobowe b\u0119d\u0105 wymagane do zawarcia umowy najmu. Wynika to z faktu, \u017ce Darmand Group mo\u017ce zam\u00f3wi\u0107 przedmiot leasingu i zebra\u0107 upowa\u017cnienia do obci\u0105\u017cenia rachunku. Dodatkowe dane osobowe w ramach tej umowy to: imi\u0119 i nazwisko upowa\u017cnionego przedstawiciela i osoby kontaktowej, forma prawna firmy, data za\u0142o\u017cenia, numer konta bankowego i posiadacz konta. Grupa Darmand prosi w ramach umowy o kopi\u0119 wyci\u0105gu z Izby Handlowej oraz kopi\u0119 firmowej karty bankowej. Jest to ci\u0119\u017car dowodu w celu zapewnienia (profesjonalnej) praktyki Twojej firmy. Kopia dowodu to\u017csamo\u015bci upowa\u017cnionego przedstawiciela zostanie<br \/>\npoproszona o zapewnienie to\u017csamo\u015bci przetwarzanych danych osobowych. Upowa\u017cniony przedstawiciel jest odpowiedzialny za umow\u0119. Przy podpisywaniu umowy wymagany jest podpis i inicja\u0142y. Podpis ten s\u0142u\u017cy jako zgoda na udost\u0119pnienie \u017c\u0105danych danych osobowych. Aby zapewni\u0107 prywatno\u015b\u0107, nale\u017cy zakry\u0107 nast\u0119puj\u0105ce obszary dowodu osobistego: zdj\u0119cie paszportowe<br \/>\n, MRZ (strefa odczytu maszynowego, pasek z numerami na dole dowodu osobistego<br \/>\n), numer dokumentu i numer ubezpieczenia spo\u0142ecznego.    <\/p>\n<\/li>\n<li>Odpowiadanie na pytania i rozpatrywanie skarg<\/li>\n<li>Przeprowadzanie ankiet satysfakcji klient\u00f3w<\/li>\n<li>Poprawa naszej dzia\u0142alno\u015bci biznesowej<\/li>\n<li>Grupa Darmand przetwarza r\u00f3wnie\u017c dane osobowe, je\u015bli jest to wymagane przez prawo, takie jak dane potrzebne do z\u0142o\u017cenia zeznania podatkowego.<\/li>\n<\/ul>\n<p><strong>Zautomatyzowane podejmowanie decyzji<\/strong><br \/>\nGrupa Darmand nie podejmuje decyzji opartych na zautomatyzowanym przetwarzaniu w sprawach, kt\u00f3re mog\u0105 mie\u0107 (znacz\u0105ce) konsekwencje dla ludzi. S\u0105 to decyzje podejmowane przez programy lub systemy komputerowe, bez udzia\u0142u osoby (takiej jak pracownik Grupy Darmand). <strong>Okres przechowywania<\/strong><br \/>\nGrupa Darmand nie przechowuje danych osobowych d\u0142u\u017cej ni\u017c jest to bezwzgl\u0119dnie konieczne do realizacji cel\u00f3w, dla kt\u00f3rych dane s\u0105 gromadzone. Dane osobowe, kt\u00f3rych przechowywanie nie jest ju\u017c konieczne, zostan\u0105 usuni\u0119te tak szybko, jak to mo\u017cliwe. Chyba \u017ce Grupa Darmand musi przechowywa\u0107 dane u\u017cytkownika d\u0142u\u017cej ze wzgl\u0119du na przepisy ustawowe. Grupa Darmand stosuje nast\u0119puj\u0105ce okresy (kategorie) przechowywania danych osobowych: <\/p>\n<ul>\n<li>Wysy\u0142anie biuletyn\u00f3w i\/lub broszur reklamowych<br \/>\nDane osobowe s\u0105 przechowywane przez czas nieokre\u015blony. Rezygnacji z subskrypcji newslettera mo\u017cna dokona\u0107 w dolnej cz\u0119\u015bci wiadomo\u015bci e-mail lub wysy\u0142aj\u0105c wiadomo\u015b\u0107 e-mail na adres <a href=\"mailto:privacy@darmandgroup.com.\">privacy@darmandgroup.com.The<\/a>. Dane osobowe b\u0119d\u0105 przechowywane przy u\u017cyciu oprogramowania Mailcamp i systemu CRM Superoffice. <\/li>\n<li>Kontakt<br \/>\nW przypadku kontaktu z Grup\u0105 Darmand za po\u015brednictwem poczty elektronicznej, przes\u0142ane dane b\u0119d\u0105 przechowywane na serwerze pocztowym. Inne (kategorie) danych osobowych gromadzonych w oprogramowaniu Mailcamp i systemie ERP. Exact Globe Next nie s\u0105 przechowywane d\u0142u\u017cej ni\u017c to konieczne.  <\/li>\n<\/ul>\n<p><strong>Przekazywanie<\/strong> danych <strong>stronom<\/strong> trzecim<br \/>\nGrupa Darmand mo\u017ce przekazywa\u0107 dane osobowe firmom cz\u0142onkowskim. Grupa Darmand nie udost\u0119pnia danych osobowych stronom trzecim, z wyj\u0105tkiem przypadk\u00f3w, gdy jest to konieczne dla naszych uzasadnionych potrzeb zawodowych i biznesowych, w celu realizacji \u017c\u0105da\u0144 u\u017cytkownika i\/lub gdy jest to wymagane lub dozwolone przez prawo lub standardy zawodowe. Nasi pracownicy i zaanga\u017cowane przez nas strony trzecie s\u0105 zobowi\u0105zane do zachowania poufno\u015bci<br \/>\ndanych u\u017cytkownika oraz do przestrzegania obowi\u0105zuj\u0105cych przepis\u00f3w i regulacji dotycz\u0105cych prywatno\u015bci. Na stronie internetowej Grupy Darmand znajduj\u0105 si\u0119 przyciski medi\u00f3w spo\u0142eczno\u015bciowych. Administratorzy tych us\u0142ug gromadz\u0105 dane osobowe u\u017cytkownik\u00f3w. <strong>Pliki cookies<\/strong><br \/>\nGrupa Darmand wykorzystuje techniczne i funkcjonalne pliki cookies. Grupa Darmand wykorzystuje wy\u0142\u0105cznie analityczne pliki cookie, kt\u00f3re nie naruszaj\u0105 prywatno\u015bci u\u017cytkownika. Cookie to ma\u0142y plik tekstowy, kt\u00f3ry jest przechowywany na komputerze, tablecie lub smartfonie podczas odwiedzania tej witryny. Pliki cookie u\u017cywane przez Grup\u0119 Darmand s\u0105 niezb\u0119dne do technicznego dzia\u0142ania strony internetowej i u\u0142atwienia korzystania z niej. Zapewniaj\u0105 one prawid\u0142owe dzia\u0142anie strony internetowej i zapami\u0119tuj\u0105, na przyk\u0142ad, preferencje u\u017cytkownika. U\u017cywamy r\u00f3wnie\u017c plik\u00f3w cookie do optymalizacji naszej strony internetowej. Chocia\u017c wi\u0119kszo\u015b\u0107 przegl\u0105darek automatycznie akceptuje pliki cookie, u\u017cytkownik mo\u017ce wybra\u0107, czy chce akceptowa\u0107 pliki cookie za pomoc\u0105 ustawie\u0144 przegl\u0105darki (cz\u0119sto dost\u0119pnych w menu Narz\u0119dzia lub Preferencje przegl\u0105darki). U\u017cytkownik mo\u017ce r\u00f3wnie\u017c w dowolnym momencie usun\u0105\u0107 pliki cookie ze swojego urz\u0105dzenia. Poni\u017cej znajduje si\u0119 lista rodzaj\u00f3w plik\u00f3w cookie wykorzystywanych na naszych stronach internetowych przez strony trzecie::    <\/p>\n<p><i>Cookie: Google Analytics l Nazwa: _utma l Funkcja: Analityczny plik cookie mierz\u0105cy odwiedziny witryny l Okres przechowywania: 2 lata<\/i><\/p>\n<p>U\u017cywamy Google Analytics, aby pom\u00f3c nam zrozumie\u0107, w jaki spos\u00f3b odwiedzaj\u0105cy korzystaj\u0105 z naszej witryny. Pozwala nam to na popraw\u0119 jako\u015bci i tre\u015bci dla naszych go\u015bci. Grupa Darmand podj\u0119\u0142a decyzj\u0119 o anonimizacji adresu IP. Grupa Darmand nie ma wp\u0142ywu na dalsze przetwarzanie danych. Informacje s\u0105 przekazywane i przechowywane przez Google na serwerach w Stanach Zjednoczonych.    <\/p>\n<p><i>Pliki cookie: Facebook Pixel i LinkedIn Pixel l Nazwa: _utma l Funkcja: Analityczny plik cookie mierz\u0105cy odwiedziny strony internetowej l Okres przechowywania: 30 dni<\/i><\/p>\n<p>Za po\u015brednictwem naszej strony internetowej umieszczany jest plik cookie firm Facebook i LinkedIn. Grupa Darmand korzysta z tych us\u0142ug, aby otrzymywa\u0107 raporty o tym, jak odwiedzaj\u0105cy korzystaj\u0105 ze strony internetowej i wy\u015bwietla\u0107 interesuj\u0105ce reklamy na Facebooku\/LinkedIn. Profil u\u017cytkownika jest tworzony automatycznie poprzez odwiedzenie strony internetowej. Informacje s\u0105 przesy\u0142ane i przechowywane przez Facebook i LinkedIn na serwerach w Stanach Zjednoczonych. Przegl\u0105danie, modyfikowanie <strong>lub usuwanie informacji<\/strong><br \/>\nU\u017cytkownik ma prawo do przegl\u0105dania, poprawiania lub usuwania danych osobowych zebranych przez Grup\u0119 Darmand. Ponadto u\u017cytkownik ma prawo do zatrzymania lub sprzeciwu wobec zgody na przetwarzanie danych. U\u017cytkownik mo\u017ce r\u00f3wnie\u017c z\u0142o\u017cy\u0107 wniosek o przeniesienie informacji. Grupa Darmand mo\u017ce przes\u0142a\u0107 dane osobowe zapisane w naszej bazie danych u\u017cytkownikowi lub innej organizacji wskazanej przez u\u017cytkownika. Mo\u017cesz z\u0142o\u017cy\u0107 wniosek lub skorzysta\u0107 z tych praw, kontaktuj\u0105c si\u0119 z Grup\u0105 Darmand pod adresem privacy@darmandgroup.com. Aby upewni\u0107 si\u0119, \u017ce wniosek zosta\u0142 wys\u0142any przez w\u0142a\u015bciw\u0105 osob\u0119, Grupa Darmand prosi o kopi\u0119 dowodu to\u017csamo\u015bci. Prosimy o zakrycie nast\u0119puj\u0105cych obszar\u00f3w dowodu osobistego w celu zapewnienia prywatno\u015bci: zdj\u0119cie paszportowe, MRZ (strefa odczytu maszynowego, pasek z numerami na dole dowodu osobistego), numer dokumentu i numer ubezpieczenia spo\u0142ecznego. Na wniosek u\u017cytkownika odpowiemy najp\u00f3\u017aniej w ci\u0105gu 4 tygodni. Grupa Darmand do\u0142o\u017cy wszelkich uzasadnionych i praktycznych stara\u0144, aby spe\u0142ni\u0107 Twoje \u017c\u0105danie, o ile jest to zgodne z obowi\u0105zuj\u0105cym prawem i standardami zawodowymi. <strong>Bezpiecze\u0144stwo i integralno\u015b\u0107 danych<\/strong><br \/>\nGrupa Darmand stosuje rozs\u0105dne zasady i procedury bezpiecze\u0144stwa w celu ochrony danych osobowych przed nieuprawnion\u0105 utrat\u0105, niew\u0142a\u015bciwym wykorzystaniem, zmian\u0105 lub zniszczeniem. Pomimo najlepszych stara\u0144 Grupy Darmand, nie mo\u017cna jednak ca\u0142kowicie zagwarantowa\u0107 bezpiecze\u0144stwa przed wszystkimi zagro\u017ceniami. W miar\u0119 naszych mo\u017cliwo\u015bci dost\u0119p do danych osobowych u\u017cytkownika jest ograniczony do os\u00f3b, kt\u00f3re musz\u0105 je zna\u0107. Osoby maj\u0105ce dost\u0119p do danych s\u0105 zobowi\u0105zane do zachowania poufno\u015bci takich informacji. Je\u015bli masz wra\u017cenie, \u017ce Twoje dane nie s\u0105 bezpieczne lub istniej\u0105 oznaki nadu\u017cycia, skontaktuj si\u0119 z nami pod adresem privacy@darmandgroup.com. W ka\u017cdym przypadku u\u017cytkownik ma prawo do z\u0142o\u017cenia skargi do holenderskiego organu regulacyjnego odpowiedzialnego za ochron\u0119 danych osobowych, Holenderskiego Urz\u0119du Ochrony Danych Osobowych (De Autoriteit Persoonsgegevens, AP). Je\u015bli dojdzie do utraty danych osobowych, zostanie to zarejestrowane wewn\u0119trznie i udokumentowane. W razie potrzeby Grupa Darmand poinformuje r\u00f3wnie\u017c u\u017cytkownika jako osob\u0119 zaanga\u017cowan\u0105. <strong>Zmiany<\/strong><br \/>\nGrupa Darmand zastrzega sobie prawo do wprowadzania zmian w niniejszym O\u015bwiadczeniu o ochronie prywatno\u015bci. Mo\u017ce to nast\u0105pi\u0107 na przyk\u0142ad wraz ze zmianami w przepisach i regulacjach. Dlatego zaleca si\u0119 okresowe zapoznawanie si\u0119 z O\u015bwiadczeniem o ochronie prywatno\u015bci. Najnowsze O\u015bwiadczenie o ochronie prywatno\u015bci mo\u017cna znale\u017a\u0107 w dolnej cz\u0119\u015bci strony internetowej: <a href=\"www.darmandgroup.com\">www.darmandgroup.com.<\/a>   <\/p>\n        <\/div>\n      <\/div>\n    <\/div>\n  <\/section>\n  \n  \n","protected":false},"excerpt":{"rendered":"","protected":false},"author":3,"featured_media":0,"parent":0,"menu_order":0,"comment_status":"closed","ping_status":"closed","template":"","meta":{"_acf_changed":false,"inline_featured_image":false,"footnotes":""},"class_list":["post-6564","page","type-page","status-publish","hentry"],"acf":[],"yoast_head":"<!-- This site is optimized with the Yoast SEO plugin v27.4 - https:\/\/yoast.com\/product\/yoast-seo-wordpress\/ -->\n<title>O\u015bwiadczenie o ochronie prywatno\u015bci opracowane przez Darmand Group - CNC<\/title>\n<meta name=\"description\" content=\"Niniejsze o\u015bwiadczenie o ochronie prywatno\u015bci zosta\u0142o opracowane przez Darmand Group, CNC jest nasz\u0105 firm\u0105 cz\u0142onkowsk\u0105. D\u0105\u017cymy do ochrony prywatno\u015bci informacji. Czytaj wi\u0119cej.\" \/>\n<meta name=\"robots\" content=\"index, follow, max-snippet:-1, max-image-preview:large, max-video-preview:-1\" \/>\n<link rel=\"canonical\" href=\"https:\/\/www.cncinternational.eu\/pl\/privacy-statement\/\" \/>\n<meta property=\"og:locale\" content=\"pl_PL\" \/>\n<meta property=\"og:type\" content=\"article\" \/>\n<meta property=\"og:title\" content=\"O\u015bwiadczenie o ochronie prywatno\u015bci opracowane przez Darmand Group - CNC\" \/>\n<meta property=\"og:description\" content=\"Niniejsze o\u015bwiadczenie o ochronie prywatno\u015bci zosta\u0142o opracowane przez Darmand Group, CNC jest nasz\u0105 firm\u0105 cz\u0142onkowsk\u0105. D\u0105\u017cymy do ochrony prywatno\u015bci informacji. Czytaj wi\u0119cej.\" \/>\n<meta property=\"og:url\" content=\"https:\/\/www.cncinternational.eu\/pl\/privacy-statement\/\" \/>\n<meta property=\"og:site_name\" content=\"CNC International\" \/>\n<meta property=\"article:modified_time\" content=\"2024-12-11T09:31:18+00:00\" \/>\n<meta name=\"twitter:card\" content=\"summary_large_image\" \/>\n<script type=\"application\/ld+json\" class=\"yoast-schema-graph\">{\"@context\":\"https:\\\/\\\/schema.org\",\"@graph\":[{\"@type\":\"WebPage\",\"@id\":\"https:\\\/\\\/www.cncinternational.eu\\\/pl\\\/privacy-statement\\\/\",\"url\":\"https:\\\/\\\/www.cncinternational.eu\\\/pl\\\/privacy-statement\\\/\",\"name\":\"O\u015bwiadczenie o ochronie prywatno\u015bci opracowane przez Darmand Group - CNC\",\"isPartOf\":{\"@id\":\"https:\\\/\\\/www.cncinternational.eu\\\/pl\\\/#website\"},\"datePublished\":\"2021-12-30T08:14:11+00:00\",\"dateModified\":\"2024-12-11T09:31:18+00:00\",\"description\":\"Niniejsze o\u015bwiadczenie o ochronie prywatno\u015bci zosta\u0142o opracowane przez Darmand Group, CNC jest nasz\u0105 firm\u0105 cz\u0142onkowsk\u0105. D\u0105\u017cymy do ochrony prywatno\u015bci informacji. Czytaj wi\u0119cej.\",\"breadcrumb\":{\"@id\":\"https:\\\/\\\/www.cncinternational.eu\\\/pl\\\/privacy-statement\\\/#breadcrumb\"},\"inLanguage\":\"pl-PL\",\"potentialAction\":[{\"@type\":\"ReadAction\",\"target\":[\"https:\\\/\\\/www.cncinternational.eu\\\/pl\\\/privacy-statement\\\/\"]}]},{\"@type\":\"BreadcrumbList\",\"@id\":\"https:\\\/\\\/www.cncinternational.eu\\\/pl\\\/privacy-statement\\\/#breadcrumb\",\"itemListElement\":[{\"@type\":\"ListItem\",\"position\":1,\"name\":\"Home\",\"item\":\"https:\\\/\\\/www.cncinternational.eu\\\/pl\\\/\"},{\"@type\":\"ListItem\",\"position\":2,\"name\":\"O\u015bwiadczenie o ochronie prywatno\u015bci\"}]},{\"@type\":\"WebSite\",\"@id\":\"https:\\\/\\\/www.cncinternational.eu\\\/pl\\\/#website\",\"url\":\"https:\\\/\\\/www.cncinternational.eu\\\/pl\\\/\",\"name\":\"CNC International\",\"description\":\"Just another WordPress site\",\"potentialAction\":[{\"@type\":\"SearchAction\",\"target\":{\"@type\":\"EntryPoint\",\"urlTemplate\":\"https:\\\/\\\/www.cncinternational.eu\\\/pl\\\/?s={search_term_string}\"},\"query-input\":{\"@type\":\"PropertyValueSpecification\",\"valueRequired\":true,\"valueName\":\"search_term_string\"}}],\"inLanguage\":\"pl-PL\"}]}<\/script>\n<!-- \/ Yoast SEO plugin. -->","yoast_head_json":{"title":"O\u015bwiadczenie o ochronie prywatno\u015bci opracowane przez Darmand Group - CNC","description":"Niniejsze o\u015bwiadczenie o ochronie prywatno\u015bci zosta\u0142o opracowane przez Darmand Group, CNC jest nasz\u0105 firm\u0105 cz\u0142onkowsk\u0105. D\u0105\u017cymy do ochrony prywatno\u015bci informacji. Czytaj wi\u0119cej.","robots":{"index":"index","follow":"follow","max-snippet":"max-snippet:-1","max-image-preview":"max-image-preview:large","max-video-preview":"max-video-preview:-1"},"canonical":"https:\/\/www.cncinternational.eu\/pl\/privacy-statement\/","og_locale":"pl_PL","og_type":"article","og_title":"O\u015bwiadczenie o ochronie prywatno\u015bci opracowane przez Darmand Group - CNC","og_description":"Niniejsze o\u015bwiadczenie o ochronie prywatno\u015bci zosta\u0142o opracowane przez Darmand Group, CNC jest nasz\u0105 firm\u0105 cz\u0142onkowsk\u0105. D\u0105\u017cymy do ochrony prywatno\u015bci informacji. Czytaj wi\u0119cej.","og_url":"https:\/\/www.cncinternational.eu\/pl\/privacy-statement\/","og_site_name":"CNC International","article_modified_time":"2024-12-11T09:31:18+00:00","twitter_card":"summary_large_image","schema":{"@context":"https:\/\/schema.org","@graph":[{"@type":"WebPage","@id":"https:\/\/www.cncinternational.eu\/pl\/privacy-statement\/","url":"https:\/\/www.cncinternational.eu\/pl\/privacy-statement\/","name":"O\u015bwiadczenie o ochronie prywatno\u015bci opracowane przez Darmand Group - CNC","isPartOf":{"@id":"https:\/\/www.cncinternational.eu\/pl\/#website"},"datePublished":"2021-12-30T08:14:11+00:00","dateModified":"2024-12-11T09:31:18+00:00","description":"Niniejsze o\u015bwiadczenie o ochronie prywatno\u015bci zosta\u0142o opracowane przez Darmand Group, CNC jest nasz\u0105 firm\u0105 cz\u0142onkowsk\u0105. D\u0105\u017cymy do ochrony prywatno\u015bci informacji. Czytaj wi\u0119cej.","breadcrumb":{"@id":"https:\/\/www.cncinternational.eu\/pl\/privacy-statement\/#breadcrumb"},"inLanguage":"pl-PL","potentialAction":[{"@type":"ReadAction","target":["https:\/\/www.cncinternational.eu\/pl\/privacy-statement\/"]}]},{"@type":"BreadcrumbList","@id":"https:\/\/www.cncinternational.eu\/pl\/privacy-statement\/#breadcrumb","itemListElement":[{"@type":"ListItem","position":1,"name":"Home","item":"https:\/\/www.cncinternational.eu\/pl\/"},{"@type":"ListItem","position":2,"name":"O\u015bwiadczenie o ochronie prywatno\u015bci"}]},{"@type":"WebSite","@id":"https:\/\/www.cncinternational.eu\/pl\/#website","url":"https:\/\/www.cncinternational.eu\/pl\/","name":"CNC International","description":"Just another WordPress site","potentialAction":[{"@type":"SearchAction","target":{"@type":"EntryPoint","urlTemplate":"https:\/\/www.cncinternational.eu\/pl\/?s={search_term_string}"},"query-input":{"@type":"PropertyValueSpecification","valueRequired":true,"valueName":"search_term_string"}}],"inLanguage":"pl-PL"}]}},"_links":{"self":[{"href":"https:\/\/www.cncinternational.eu\/pl\/wp-json\/wp\/v2\/pages\/6564","targetHints":{"allow":["GET"]}}],"collection":[{"href":"https:\/\/www.cncinternational.eu\/pl\/wp-json\/wp\/v2\/pages"}],"about":[{"href":"https:\/\/www.cncinternational.eu\/pl\/wp-json\/wp\/v2\/types\/page"}],"author":[{"embeddable":true,"href":"https:\/\/www.cncinternational.eu\/pl\/wp-json\/wp\/v2\/users\/3"}],"replies":[{"embeddable":true,"href":"https:\/\/www.cncinternational.eu\/pl\/wp-json\/wp\/v2\/comments?post=6564"}],"version-history":[{"count":2,"href":"https:\/\/www.cncinternational.eu\/pl\/wp-json\/wp\/v2\/pages\/6564\/revisions"}],"predecessor-version":[{"id":9811,"href":"https:\/\/www.cncinternational.eu\/pl\/wp-json\/wp\/v2\/pages\/6564\/revisions\/9811"}],"wp:attachment":[{"href":"https:\/\/www.cncinternational.eu\/pl\/wp-json\/wp\/v2\/media?parent=6564"}],"curies":[{"name":"wp","href":"https:\/\/api.w.org\/{rel}","templated":true}]}}