{"id":6539,"date":"2021-12-23T13:14:11","date_gmt":"2021-12-23T13:14:11","guid":{"rendered":"https:\/\/www.cncinternational.eu\/product\/acrylics\/"},"modified":"2025-12-23T10:58:41","modified_gmt":"2025-12-23T10:58:41","slug":"acrylics","status":"publish","type":"page","link":"https:\/\/www.cncinternational.eu\/pl\/product\/acrylics\/","title":{"rendered":"Akryle"},"content":{"rendered":"  \t\n\t  <header class=\"main-header \">\n\t\t<!-- For mobile -->\n\t\t<div class=\"d-block d-sm-none\">\n\t\t  <div class=\"container-fluid px-0\">\n\t\t\t<div class=\"container g-0\">\n\t\t\t  <div class=\"row g-0 justify-content-start align-items-center\">\n\t\t\t\t<div class=\"col-12 d-sm-none\">\n\t\t\t\t  <div class=\"header-image\">\n\t\t\t\t\t\t\t\t\t\t\t\t<img fetchpriority=\"high\" decoding=\"async\" src=\"https:\/\/www.cncinternational.eu\/wp-content\/uploads\/2021\/12\/Private-labeling-acrylic-powder-liquids-bulk-scaled.jpg\" alt=\"Profesjonalne produkty do paznokci akrylowych\" width=\"2560\" height=\"1927\" loading=\"eager\">\n\t\t\t\t\t\t\t\t\t\t  <\/div>\n\t\t\t\t<\/div>\n\t\t\t\t<div class=\"offset-md-6 col-md-6\">\n\t\t\t\t  <div class=\"header-text\">\n\t\t\t\t\t<p class=\"mobile-title\">Profesjonalne produkty do paznokci akrylowych<\/p>\n\t\t\t\t\t<p>CNC International oferuje szerok\u0105 gam\u0119 produkt\u00f3w do paznokci akrylowych dla profesjonalnego przemys\u0142u paznokciowego.<\/p>\n\t\t\t\t\t\t\t\t\t\t\t\t\t\t\t\t\t\t<a class=\"btn mb-3\" href=\"#contact\">\n\t\t\t\t\t\t\t\tZam\u00f3w broszur\u0119 online\t\t\t\t\t\t\t<\/a>\n\t\t\t\t\t\t\t\t\t\t\t\t\t\t\t\t\t\t\t\t  <\/div>\n\t\t\t\t<\/div>\n\t\t\t  <\/div>\n\t\t\t<\/div>\n\t\t  <\/div>\n\t\t<\/div>\n\t\t<!-- \/For mobile -->\n\t\t\n\t\t<!-- For desktop -->\n\t\t<div class=\"d-none d-sm-block\">\n\t\t  <div class=\"container-fluid px-0\" >\n\t\t\t<div class=\"header-bg\" style=\"background-image: url('https:\/\/www.cncinternational.eu\/wp-content\/uploads\/2021\/12\/Private-labeling-acrylic-powder-liquids-bulk-scaled.jpg');\">\n\t\t\t\t\n\t\t\t<\/div>\n\t\t\t<div class=\"container g-0\">\n\t\t\t  <div class=\"row g-0 justify-content-start align-items-center\">\n\t\t\t\t<div class=\"offset-md-6 col-md-6\">\n\t\t\t\t  <div class=\"header-text\">\n\t\t\t\t\t<h1>Profesjonalne produkty do paznokci akrylowych<\/h1>\n\t\t\t\t\t<p>CNC International oferuje szerok\u0105 gam\u0119 produkt\u00f3w do paznokci akrylowych dla profesjonalnego przemys\u0142u paznokciowego.<\/p>\n\t\t\t\t\n\t\t\t\t\t\t\t\t\t\t\t\t\t\t\t\t\t\t<a class=\"btn mb-3\" href=\"#contact\">\n\t\t\t\t\t\tZam\u00f3w broszur\u0119 online\t\t\t\t\t\t\t<\/a>\n\t\t\t\t\t\t\t\t\t\t\t\t\t\t\t\t\t\t\t\t  <\/div>\n\t\t\t\t<\/div>\n\t\t\t  <\/div>\n\t\t\t<\/div>\n\t\t  <\/div>\n\t\t<\/div>\n\t\t<!-- \/For desktop -->\n\t  <\/header>\n\t  \n\t  \t\n\n\t<section class=\"video  d-none \" style=\"background: linear-gradient(180deg, rgba(54,39,131,1) 0%, rgba(168,157,205,1) 100%);\" >\n\t\t<div class=\"container px-0\">\n\t\t\t<div class=\"row g-0\">\n\t\t\t\t<div class=\"col-12\">\n\t\t\t\t\t<div class=\"welcome-box\">\n\t\t\t\t\t\t<h2><\/h2>\n\t\t\t\t\t<\/div>\n\t\t\t\t\t\t\t\t\t\t\t                    \t\t\t\t<\/div>\n\t\t\t<\/div>\n\t\t<\/div>\n\t<\/section>\n\n\n\t<section class=\"news\">\n\t\t<div class=\"container p-0 \">\n\t\t\t<div class=\"row g-0\">\n\t\t\t\t<div class=\"col-12 overlap bg-white\">\n\t\t\t\t\t\t\t\t\t\t\t\t\t\t\t\t\t\t\t\t\t\t<!-- Start row -->\n\t\t\t\t\t\t\t\t\t\t\t\t\t\t\t\t\t\t\t\t\t\t\t\t\t\t\t\t\t\t\t\t\t\t\t\t\n\t\t\t\t\t\t\t\t\t<div class=\"row g-0 align-items-center\">\n\t\t\t\t\t\t\t\t\t\t<div class=\"col-12 col-md col-img img-wrapper\">\n\t\t\t\t\t\t\t\t\t\t\t\t\t\t\t\t\t\t\t\t\t\t\t\t\t\t\t\t\t\t\t\t\t\t<img loading=\"lazy\" decoding=\"async\" src=\"https:\/\/www.cncinternational.eu\/wp-content\/uploads\/2021\/12\/Acrylics-powders-bulk.jpg\"\n\t\t\t\t\t\t\t\t\t\t\t\t\talt=\"\" width=\"1445\" height=\"813\">\n\t\t\t\t\t\t\t\t\t\t\t\t\t\t\t\t\t\t\t\t\t<\/div>\n\t\t\t\t\t\t\t\t\t\t<div class=\"col-12 col-md col-excerpt\">\n\t\t\t\t\t\t\t\t\t\t\t<div class=\"excerpt-wrapper\">\n\t\t\t\t\t\t\t\t\t\t\t\t<h4><\/h4>\n\t\t\t\t\t\t\t\t\t\t\t\t<p><h2 id=\"acrylicpowder\">Profesjonalny proszek akrylowy<\/h2>\n\n\nNasze profesjonalne proszki akrylowe s\u0105 dost\u0119pne w 2 r\u00f3\u017cnych formu\u0142ach, dzi\u0119ki czemu ka\u017cdy klient mo\u017ce wybra\u0107 sw\u00f3j ulubiony: Puder Winning lub Puder Victory!<\/p>\n\t\t\t\t\t\t\t\t\t\t\t\t\t\t\t\t\t\t\t\t\t\t\t<\/div>\n\t\t\t\t\t\t\t\t\t\t<\/div>\n\t\t\t\t\t\t\t\t\t<\/div>\n\t\t\t\t\t\t\t\t\n\t\t\t\t\t\t\t\n\t\t\t\t\t\t\t\t\t\t\t\t\t\t\t\t\t\t\t\t\t\t\t\t\t\t\t\t\t\t\t\t\t\t\t\t\t\t\t\t\t\t\t\t\t\t\t\t\t\t\t\t<div class=\"row g-0 align-items-center\">\n\t\t\t\t\t\t\t\t\t\t<div class=\"col-12 col-md col-excerpt\">\n\t\t\t\t\t\t\t\t\t\t\t<div class=\"excerpt-wrapper\">\n\t\t\t\t\t\t\t\t\t\t\t\t<h4><\/h4>\n\t\t\t\t\t\t\t\t\t\t\t\t<p><h2 id=\"acrylicliquid\">Profesjonalny p\u0142yn akrylowy<\/h2>\n\nPosiadamy 2 profesjonalne linie p\u0142yn\u00f3w akrylowych, kt\u00f3re zapewniaj\u0105 \u0142atw\u0105 obr\u00f3bk\u0119 na wszystkich poziomach:  \n\nNiezale\u017cnie od tego, kt\u00f3r\u0105 lini\u0119 akrylow\u0105 preferujesz, w po\u0142\u0105czeniu z Fast Liquid, do\u015bwiadczeni technicy mog\u0105 stworzy\u0107 wspania\u0142e, wielokrotnie nagradzane paznokcie. Natomiast Slow Liquid pozwala wszystkim pocz\u0105tkuj\u0105cym wyrze\u017abi\u0107 idealne paznokcie bez po\u015bpiechu.   \n<\/p>\n\t\t\t\t\t\t\t\t\t\t\t\t\t\t\t\t\t\t\t\t\t\t\t<\/div>\n\t\t\t\t\t\t\t\t\t\t<\/div>\n\t\t\t\t\t\t\t\t\t\t<div class=\"col-12 col-md col-img img-wrapper\">\n\t\t\t\t\t\t\t\t\t\t\t\t\t\t\t\t\t\t\t\t\t\t\t\t\t\t\t\t\t\t\t\t\t\t\t\t<img loading=\"lazy\" decoding=\"async\" src=\"https:\/\/www.cncinternational.eu\/wp-content\/uploads\/2021\/12\/Acrylic-babyboom-almond-shape-manicure.jpg\"\n\t\t\t\t\t\t\t\t\t\t\t\t\t\talt=\"\" width=\"1445\" height=\"813\">\n\t\t\t\t\t\t\t\t\t\t\t\t\t\t\t\t\t\t\t\t\t\t\t\t\t\t\t\t\t\t\t\t\t<\/div>\n\t\t\t\t\t\t\t\t\t<\/div>\n\t\t\t\t\t\t\t\t\n\t\t\t\t\t\t\t\n\t\t\t\t\t\t\t\t\t\t\t\t\t\t\t\t\t\t\t<!-- End row -->\n\t\t\t\t\t\t\t\t\t<\/div>\n\t\t\t<\/div>\n\t\t<\/div>\n\t<\/section>\n\n\t\n\n    \t<section class=\"contact-block form-with-image gradient-bg slipped-section\" id=\"contact\">\n\t\t<div class=\"container\">\n\t\t\t<div class=\"row justify-content-center\">\n\t\t\t\t<div class=\"col-12 col-md-12 col-lg-10\">\n\t\t\t\t\t<div class=\"form-wrapper\">\n\t\t\t\t\t\t<div class=\"col-12 col-md-10 col-lg-9 mx-auto\">\n\t\t\t\t\t\t\t\t\t\t\t\t\t<\/div>\n\t\t\t\t\t\t\t\t\t\t\t\t<div class=\"row\">\n\t\t\t\t\t\t\t<div class=\"col-12 col-md-7 col-lg-7\">\n\t\t\t\t\t\t\t\t\t\t\t\t\t\t\t\t\t<div class=\"form\">\n\t\t\t\t\t\t\t\t\t\t<script src='https:\/\/online4.superoffice.com\/Cust21613\/CS\/scripts\/customer.fcgi?action=form&#038;id=F-PcGmaB5k' defer><\/script>\t\t\t\t\t\t\t\t\t\t\t\t\t\t\t\t\t\t\t\t\t\t\t\t\t\t\t\t\t\t\t\t<\/div>\n\t\t\t\t\t\t\t\t\t\t\t\t\t\t\t<\/div>\n\t\t\t\t\t\t\t<div class=\"col-12 col-md-5 col-lg-5\">\n\t\t\t\t\t\t\t\t<div class=\"col-12 col-md col-excerpt\">\n\t\t\t\t\t\t\t\t\t<div class=\"excerpt-wrapper\">\n\t\t\t\t\t\t\t\t\t<p>Nasze wszechstronne produkty do paznokci marki w\u0142asnej charakteryzuj\u0105 si\u0119 najwy\u017csz\u0105 jako\u015bci\u0105 w konkurencyjnych cenach. Jeste\u015bmy dumnym producentem \u017celi UV do paznokci dla wielu marek na ca\u0142ym \u015bwiecie. CNC International zosta\u0142a za\u0142o\u017cona w 1993 roku, z fabryk\u0105 w Holandii, w Europie. Nasze \u017celowe i akrylowe produkty do paznokci mog\u0105 by\u0107 dostarczane luzem lub nape\u0142nione i w pe\u0142ni wyko\u0144czone: gotowe do sprzeda\u017cy!     <\/p>\t\t\t\t\t\t\n\t\t\t\t\t\t\t\t\t<\/div>\n\t\t\t\t\t\t\t\t<\/div>\n\t\t\t\t\t\t\t\t<div class=\"col-img img-wrapper\">\n\t\t\t\t\t\t\t\t\t<img decoding=\"async\" src=\"https:\/\/www.cncinternational.eu\/wp-content\/uploads\/2025\/08\/Telefoon-EP.png\" alt=\"\">\n\t\t\t\t\t\t\t\t<\/div>\n\t\t\t\t\t\t\t\t\t\t\t\t\t\t\t\t\t<div class=\"col-12 col-md col-excerpt\">\n\t\t\t\t\t\t\t\t\t\t<div class=\"excerpt-wrapper\">\n\t\t\t\t\t\t\t\t\t\t<p>W naszym katalogu na 2026 rok znajdziesz:\r\n<ul>\r\n<li>Nasze najlepiej sprzedaj\u0105ce si\u0119 i nowe produkty UV gel 2026<\/li>\r\n<li>Ceny pocz\u0105tkowe za litr<\/li>\r\n<li>Kluczowe korzy\u015bci ze wsp\u00f3\u0142pracy z CNC<\/li>\r\n<\/ul><\/p>\t\t\t\t\t\t\n\t\t\t\t\t\t\t\t\t\t<\/div>\n\t\t\t\t\t\t\t\t\t<\/div>\n\t\t\t\t\t\t\t\t\t\t\t\t\t\t\t<\/div>\n\t\t\t\t\t\t<\/div>\n\t\t\t\t\t\t\t\t\t\t\t\t\t\t\t\t\t\t\t\t\t\t\t\t<\/div>\n\t\t\t\t<\/div>\n\t\t\t\t\n\t\t\t<\/div>\n\t\t<\/div>\n\t<\/section>\n    \t\n  \t\n\t","protected":false},"excerpt":{"rendered":"","protected":false},"author":3,"featured_media":6275,"parent":6524,"menu_order":0,"comment_status":"closed","ping_status":"closed","template":"","meta":{"_acf_changed":false,"inline_featured_image":false,"footnotes":""},"class_list":["post-6539","page","type-page","status-publish","has-post-thumbnail","hentry"],"acf":[],"yoast_head":"<!-- This site is optimized with the Yoast SEO plugin v27.4 - https:\/\/yoast.com\/product\/yoast-seo-wordpress\/ -->\n<title>Profesjonalne produkty do paznokci akrylowych - CNC International<\/title>\n<meta name=\"description\" content=\"CNC jest dumnym producentem akrylu marki w\u0142asnej. Oferujemy szerok\u0105 gam\u0119 produkt\u00f3w do paznokci akrylowych dla profesjonalnego przemys\u0142u paznokciowego.\" \/>\n<meta name=\"robots\" content=\"index, follow, max-snippet:-1, max-image-preview:large, max-video-preview:-1\" \/>\n<link rel=\"canonical\" href=\"https:\/\/www.cncinternational.eu\/pl\/product\/acrylics\/\" \/>\n<meta property=\"og:locale\" content=\"pl_PL\" \/>\n<meta property=\"og:type\" content=\"article\" \/>\n<meta property=\"og:title\" content=\"Profesjonalne produkty do paznokci akrylowych - CNC International\" \/>\n<meta property=\"og:description\" content=\"CNC jest dumnym producentem akrylu marki w\u0142asnej. Oferujemy szerok\u0105 gam\u0119 produkt\u00f3w do paznokci akrylowych dla profesjonalnego przemys\u0142u paznokciowego.\" \/>\n<meta property=\"og:url\" content=\"https:\/\/www.cncinternational.eu\/pl\/product\/acrylics\/\" \/>\n<meta property=\"og:site_name\" content=\"CNC International\" \/>\n<meta property=\"article:modified_time\" content=\"2025-12-23T10:58:41+00:00\" \/>\n<meta property=\"og:image\" content=\"https:\/\/www.cncinternational.eu\/wp-content\/uploads\/2021\/12\/Private-labeling-acrylic-powder-liquids-bulk-scaled.jpg\" \/>\n\t<meta property=\"og:image:width\" content=\"2560\" \/>\n\t<meta property=\"og:image:height\" content=\"1927\" \/>\n\t<meta property=\"og:image:type\" content=\"image\/jpeg\" \/>\n<meta name=\"twitter:card\" content=\"summary_large_image\" \/>\n<meta name=\"twitter:label1\" content=\"Szacowany czas czytania\" \/>\n\t<meta name=\"twitter:data1\" content=\"1 minuta\" \/>\n<script type=\"application\/ld+json\" class=\"yoast-schema-graph\">{\"@context\":\"https:\\\/\\\/schema.org\",\"@graph\":[{\"@type\":\"WebPage\",\"@id\":\"https:\\\/\\\/www.cncinternational.eu\\\/pl\\\/product\\\/acrylics\\\/\",\"url\":\"https:\\\/\\\/www.cncinternational.eu\\\/pl\\\/product\\\/acrylics\\\/\",\"name\":\"Profesjonalne produkty do paznokci akrylowych - CNC International\",\"isPartOf\":{\"@id\":\"https:\\\/\\\/www.cncinternational.eu\\\/pl\\\/#website\"},\"primaryImageOfPage\":{\"@id\":\"https:\\\/\\\/www.cncinternational.eu\\\/pl\\\/product\\\/acrylics\\\/#primaryimage\"},\"image\":{\"@id\":\"https:\\\/\\\/www.cncinternational.eu\\\/pl\\\/product\\\/acrylics\\\/#primaryimage\"},\"thumbnailUrl\":\"https:\\\/\\\/www.cncinternational.eu\\\/wp-content\\\/uploads\\\/2021\\\/12\\\/Private-labeling-acrylic-powder-liquids-bulk-scaled.jpg\",\"datePublished\":\"2021-12-23T13:14:11+00:00\",\"dateModified\":\"2025-12-23T10:58:41+00:00\",\"description\":\"CNC jest dumnym producentem akrylu marki w\u0142asnej. Oferujemy szerok\u0105 gam\u0119 produkt\u00f3w do paznokci akrylowych dla profesjonalnego przemys\u0142u paznokciowego.\",\"breadcrumb\":{\"@id\":\"https:\\\/\\\/www.cncinternational.eu\\\/pl\\\/product\\\/acrylics\\\/#breadcrumb\"},\"inLanguage\":\"pl-PL\",\"potentialAction\":[{\"@type\":\"ReadAction\",\"target\":[\"https:\\\/\\\/www.cncinternational.eu\\\/pl\\\/product\\\/acrylics\\\/\"]}]},{\"@type\":\"ImageObject\",\"inLanguage\":\"pl-PL\",\"@id\":\"https:\\\/\\\/www.cncinternational.eu\\\/pl\\\/product\\\/acrylics\\\/#primaryimage\",\"url\":\"https:\\\/\\\/www.cncinternational.eu\\\/wp-content\\\/uploads\\\/2021\\\/12\\\/Private-labeling-acrylic-powder-liquids-bulk-scaled.jpg\",\"contentUrl\":\"https:\\\/\\\/www.cncinternational.eu\\\/wp-content\\\/uploads\\\/2021\\\/12\\\/Private-labeling-acrylic-powder-liquids-bulk-scaled.jpg\",\"width\":2560,\"height\":1927},{\"@type\":\"BreadcrumbList\",\"@id\":\"https:\\\/\\\/www.cncinternational.eu\\\/pl\\\/product\\\/acrylics\\\/#breadcrumb\",\"itemListElement\":[{\"@type\":\"ListItem\",\"position\":1,\"name\":\"Home\",\"item\":\"https:\\\/\\\/www.cncinternational.eu\\\/pl\\\/\"},{\"@type\":\"ListItem\",\"position\":2,\"name\":\"Produkt\",\"item\":\"https:\\\/\\\/www.cncinternational.eu\\\/pl\\\/product\\\/\"},{\"@type\":\"ListItem\",\"position\":3,\"name\":\"Akryle\"}]},{\"@type\":\"WebSite\",\"@id\":\"https:\\\/\\\/www.cncinternational.eu\\\/pl\\\/#website\",\"url\":\"https:\\\/\\\/www.cncinternational.eu\\\/pl\\\/\",\"name\":\"CNC International\",\"description\":\"Just another WordPress site\",\"potentialAction\":[{\"@type\":\"SearchAction\",\"target\":{\"@type\":\"EntryPoint\",\"urlTemplate\":\"https:\\\/\\\/www.cncinternational.eu\\\/pl\\\/?s={search_term_string}\"},\"query-input\":{\"@type\":\"PropertyValueSpecification\",\"valueRequired\":true,\"valueName\":\"search_term_string\"}}],\"inLanguage\":\"pl-PL\"}]}<\/script>\n<!-- \/ Yoast SEO plugin. -->","yoast_head_json":{"title":"Profesjonalne produkty do paznokci akrylowych - CNC International","description":"CNC jest dumnym producentem akrylu marki w\u0142asnej. Oferujemy szerok\u0105 gam\u0119 produkt\u00f3w do paznokci akrylowych dla profesjonalnego przemys\u0142u paznokciowego.","robots":{"index":"index","follow":"follow","max-snippet":"max-snippet:-1","max-image-preview":"max-image-preview:large","max-video-preview":"max-video-preview:-1"},"canonical":"https:\/\/www.cncinternational.eu\/pl\/product\/acrylics\/","og_locale":"pl_PL","og_type":"article","og_title":"Profesjonalne produkty do paznokci akrylowych - CNC International","og_description":"CNC jest dumnym producentem akrylu marki w\u0142asnej. Oferujemy szerok\u0105 gam\u0119 produkt\u00f3w do paznokci akrylowych dla profesjonalnego przemys\u0142u paznokciowego.","og_url":"https:\/\/www.cncinternational.eu\/pl\/product\/acrylics\/","og_site_name":"CNC International","article_modified_time":"2025-12-23T10:58:41+00:00","og_image":[{"width":2560,"height":1927,"url":"https:\/\/www.cncinternational.eu\/wp-content\/uploads\/2021\/12\/Private-labeling-acrylic-powder-liquids-bulk-scaled.jpg","type":"image\/jpeg"}],"twitter_card":"summary_large_image","twitter_misc":{"Szacowany czas czytania":"1 minuta"},"schema":{"@context":"https:\/\/schema.org","@graph":[{"@type":"WebPage","@id":"https:\/\/www.cncinternational.eu\/pl\/product\/acrylics\/","url":"https:\/\/www.cncinternational.eu\/pl\/product\/acrylics\/","name":"Profesjonalne produkty do paznokci akrylowych - CNC International","isPartOf":{"@id":"https:\/\/www.cncinternational.eu\/pl\/#website"},"primaryImageOfPage":{"@id":"https:\/\/www.cncinternational.eu\/pl\/product\/acrylics\/#primaryimage"},"image":{"@id":"https:\/\/www.cncinternational.eu\/pl\/product\/acrylics\/#primaryimage"},"thumbnailUrl":"https:\/\/www.cncinternational.eu\/wp-content\/uploads\/2021\/12\/Private-labeling-acrylic-powder-liquids-bulk-scaled.jpg","datePublished":"2021-12-23T13:14:11+00:00","dateModified":"2025-12-23T10:58:41+00:00","description":"CNC jest dumnym producentem akrylu marki w\u0142asnej. Oferujemy szerok\u0105 gam\u0119 produkt\u00f3w do paznokci akrylowych dla profesjonalnego przemys\u0142u paznokciowego.","breadcrumb":{"@id":"https:\/\/www.cncinternational.eu\/pl\/product\/acrylics\/#breadcrumb"},"inLanguage":"pl-PL","potentialAction":[{"@type":"ReadAction","target":["https:\/\/www.cncinternational.eu\/pl\/product\/acrylics\/"]}]},{"@type":"ImageObject","inLanguage":"pl-PL","@id":"https:\/\/www.cncinternational.eu\/pl\/product\/acrylics\/#primaryimage","url":"https:\/\/www.cncinternational.eu\/wp-content\/uploads\/2021\/12\/Private-labeling-acrylic-powder-liquids-bulk-scaled.jpg","contentUrl":"https:\/\/www.cncinternational.eu\/wp-content\/uploads\/2021\/12\/Private-labeling-acrylic-powder-liquids-bulk-scaled.jpg","width":2560,"height":1927},{"@type":"BreadcrumbList","@id":"https:\/\/www.cncinternational.eu\/pl\/product\/acrylics\/#breadcrumb","itemListElement":[{"@type":"ListItem","position":1,"name":"Home","item":"https:\/\/www.cncinternational.eu\/pl\/"},{"@type":"ListItem","position":2,"name":"Produkt","item":"https:\/\/www.cncinternational.eu\/pl\/product\/"},{"@type":"ListItem","position":3,"name":"Akryle"}]},{"@type":"WebSite","@id":"https:\/\/www.cncinternational.eu\/pl\/#website","url":"https:\/\/www.cncinternational.eu\/pl\/","name":"CNC International","description":"Just another WordPress site","potentialAction":[{"@type":"SearchAction","target":{"@type":"EntryPoint","urlTemplate":"https:\/\/www.cncinternational.eu\/pl\/?s={search_term_string}"},"query-input":{"@type":"PropertyValueSpecification","valueRequired":true,"valueName":"search_term_string"}}],"inLanguage":"pl-PL"}]}},"_links":{"self":[{"href":"https:\/\/www.cncinternational.eu\/pl\/wp-json\/wp\/v2\/pages\/6539","targetHints":{"allow":["GET"]}}],"collection":[{"href":"https:\/\/www.cncinternational.eu\/pl\/wp-json\/wp\/v2\/pages"}],"about":[{"href":"https:\/\/www.cncinternational.eu\/pl\/wp-json\/wp\/v2\/types\/page"}],"author":[{"embeddable":true,"href":"https:\/\/www.cncinternational.eu\/pl\/wp-json\/wp\/v2\/users\/3"}],"replies":[{"embeddable":true,"href":"https:\/\/www.cncinternational.eu\/pl\/wp-json\/wp\/v2\/comments?post=6539"}],"version-history":[{"count":15,"href":"https:\/\/www.cncinternational.eu\/pl\/wp-json\/wp\/v2\/pages\/6539\/revisions"}],"predecessor-version":[{"id":13721,"href":"https:\/\/www.cncinternational.eu\/pl\/wp-json\/wp\/v2\/pages\/6539\/revisions\/13721"}],"up":[{"embeddable":true,"href":"https:\/\/www.cncinternational.eu\/pl\/wp-json\/wp\/v2\/pages\/6524"}],"wp:featuredmedia":[{"embeddable":true,"href":"https:\/\/www.cncinternational.eu\/pl\/wp-json\/wp\/v2\/media\/6275"}],"wp:attachment":[{"href":"https:\/\/www.cncinternational.eu\/pl\/wp-json\/wp\/v2\/media?parent=6539"}],"curies":[{"name":"wp","href":"https:\/\/api.w.org\/{rel}","templated":true}]}}