{"id":6535,"date":"2022-07-18T10:40:55","date_gmt":"2022-07-18T10:40:55","guid":{"rendered":"https:\/\/www.cncinternational.eu\/catalogue\/"},"modified":"2025-12-23T13:36:54","modified_gmt":"2025-12-23T13:36:54","slug":"catalogue","status":"publish","type":"page","link":"https:\/\/www.cncinternational.eu\/pl\/catalogue\/","title":{"rendered":"Katalog"},"content":{"rendered":"    \t<section class=\"contact-block form-with-image gradient-bg \" id=\"\">\n\t\t<div class=\"container\">\n\t\t\t<div class=\"row justify-content-center\">\n\t\t\t\t<div class=\"col-12 col-md-12 col-lg-10\">\n\t\t\t\t\t<div class=\"form-wrapper\">\n\t\t\t\t\t\t<div class=\"col-12 col-md-10 col-lg-9 mx-auto\">\n\t\t\t\t\t\t\t<h1 class=\"form-title\">Odkryj nasz\u0105 kompaktow\u0105 broszur\u0119 online z najlepiej sprzedaj\u0105cymi si\u0119 produktami do paznokci bez TPO i bez HEMA<\/h1>\t\t\t\t\t\t<\/div>\n\t\t\t\t\t\t\t\t\t\t\t\t<div class=\"row\">\n\t\t\t\t\t\t\t<div class=\"col-12 col-md-7 col-lg-7\">\n\t\t\t\t\t\t\t\t\t\t\t\t\t\t\t\t\t<div class=\"form\">\n\t\t\t\t\t\t\t\t\t\t<script src='https:\/\/online4.superoffice.com\/Cust21613\/CS\/scripts\/customer.fcgi?action=form&#038;id=F-PcGmaB5k' defer><\/script>\t\t\t\t\t\t\t\t\t\t\t\t\t\t\t\t\t\t\t\t\t\t\t\t\t\t\t\t\t\t\t\t<\/div>\n\t\t\t\t\t\t\t\t\t\t\t\t\t\t\t<\/div>\n\t\t\t\t\t\t\t<div class=\"col-12 col-md-5 col-lg-5\">\n\t\t\t\t\t\t\t\t<div class=\"col-12 col-md col-excerpt\">\n\t\t\t\t\t\t\t\t\t<div class=\"excerpt-wrapper\">\n\t\t\t\t\t\t\t\t\t<p>Nasze wszechstronne produkty do paznokci marki w\u0142asnej gwarantuj\u0105 najlepsz\u0105 jako\u015b\u0107 w konkurencyjnych cenach. Jeste\u015bmy dumnym producentem \u017celi do paznokci UV dla wielu marek produkt\u00f3w do manicure na ca\u0142ym \u015bwiecie. Firma CNC International zosta\u0142a za\u0142o\u017cona w 1993 roku, z fabryk\u0105 w Holandii. Nasze produkty do paznokci \u017celowych i akrylowych mog\u0105 zosta\u0107 dostarczone w opakowaniach masowych lub w pe\u0142ni kompletne w ma\u0142ych opakowaniach: gotowe do sprzeda\u017cy!\r\n<\/p>\t\t\t\t\t\t\n\t\t\t\t\t\t\t\t\t<\/div>\n\t\t\t\t\t\t\t\t<\/div>\n\t\t\t\t\t\t\t\t<div class=\"col-img img-wrapper\">\n\t\t\t\t\t\t\t\t\t<img decoding=\"async\" src=\"https:\/\/www.cncinternational.eu\/wp-content\/uploads\/2025\/08\/Telefoon-EP.png\" alt=\"\">\n\t\t\t\t\t\t\t\t<\/div>\n\t\t\t\t\t\t\t\t\t\t\t\t\t\t\t\t\t<div class=\"col-12 col-md col-excerpt\">\n\t\t\t\t\t\t\t\t\t\t<div class=\"excerpt-wrapper\">\n\t\t\t\t\t\t\t\t\t\t<p>W naszym katalogu na 2026 rok znajdziesz:\r\n<ul>\r\n<li>Nasze najlepiej sprzedaj\u0105ce si\u0119 i nowe produkty UV gel 2026<\/li>\r\n<li>Ceny pocz\u0105tkowe za litr<\/li>\r\n<li>Kluczowe korzy\u015bci ze wsp\u00f3\u0142pracy z CNC<\/li>\r\n<\/ul><\/p>\t\t\t\t\t\t\n\t\t\t\t\t\t\t\t\t\t<\/div>\n\t\t\t\t\t\t\t\t\t<\/div>\n\t\t\t\t\t\t\t\t\t\t\t\t\t\t\t<\/div>\n\t\t\t\t\t\t<\/div>\n\t\t\t\t\t\t\t\t\t\t\t\t\t\t\t\t\t\t\t\t\t\t\t\t<\/div>\n\t\t\t\t<\/div>\n\t\t\t\t\n\t\t\t<\/div>\n\t\t<\/div>\n\t<\/section>\n    \t\n  \t\n\t\n\n    <section class=\"contact-cards\">\n        <div class=\"container\">\n                            <h2 class=\"mb-4\">SKONTAKTUJ SI\u0118 Z NAMI!<\/h2>\n                        <div class=\"grid-wrap\">\n                                                                                    <div class=\"card\">\n                            <div class=\"icon-wrap\">\n                                                                    <img loading=\"lazy\" decoding=\"async\" src=\"https:\/\/www.cncinternational.eu\/wp-content\/uploads\/2024\/08\/Icon-awesome-book-open.svg\" alt=\"Icon awesome-book-open\" width=\"40\" height=\"40\">\n                                                                <p class=\"icon-text\">Popro\u015b o broszur\u0119 online<\/p>\n                            <\/div>\n                            <p><strong>Bezp\u0142atnie i bez zobowi\u0105za\u0144<\/strong><br> Rozpocznij swoj\u0105 mark\u0119 paznokci z CNC<\/p>\n                                                            <a class=\"icon-link\" href=\"https:\/\/www.cncinternational.eu\/catalogue\/\" target=\"_self\">Zam\u00f3w teraz &gt;<\/a>\n                                                                                <\/div>\n                                                                    <div class=\"card\">\n                            <div class=\"icon-wrap\">\n                                                                    <img loading=\"lazy\" decoding=\"async\" src=\"https:\/\/www.cncinternational.eu\/wp-content\/uploads\/2024\/08\/Image-13.png\" alt=\"Image 13\" width=\"40\" height=\"40\">\n                                                                <p class=\"icon-text\">Zadzwo\u0144 do nas<\/p>\n                            <\/div>\n                            <p><strong>Natychmiastowa reakcja<\/strong><br> Dni robocze: 8:30-17:00<\/p>\n                                                            <a class=\"icon-link\" href=\"tel:31885155850\" target=\"_blank\">31 88 5155850<\/a>\n                                                                                <\/div>\n                                                                    <div class=\"card\">\n                            <div class=\"icon-wrap\">\n                                                                    <img loading=\"lazy\" decoding=\"async\" src=\"https:\/\/www.cncinternational.eu\/wp-content\/uploads\/2024\/08\/Image-14.png\" alt=\"Image 14\" width=\"40\" height=\"40\">\n                                                                <p class=\"icon-text\">Czat z nami<\/p>\n                            <\/div>\n                            <p><strong>Natychmiastowa reakcja<\/strong><br> Dni robocze: 8:30-17:00<\/p>\n                                                            <a class=\"icon-link\" href=\"https:\/\/online4.superoffice.com\/Cust21613\/CS\/javascript\/chatframe.html?topicId=3&#038;title=Click%20here%20to%20start%20a%20chat&#038;theme=modern&#038;color=%23422c86&#038;badgeColor=%23422c86&#038;badgeTextColor=%23ffffff&#038;custMsgColor=null&#038;custMsgTextColor=null&#038;agentMsgColor=null&#038;agentMsgTextColor=null&#038;buttonColor=%23422c86&#038;buttonTextColor=null&#038;font=verdana&#038;fontSize=null&#038;size=large&#038;delay=1&#038;mobile=false&#038;windowWidth=300&#038;windowHeight=600\" target=\"_blank\">Czat z nami  &gt;<\/a>\n                                                                                <\/div>\n                                                                    <div class=\"card\">\n                            <div class=\"icon-wrap\">\n                                                                    <img loading=\"lazy\" decoding=\"async\" src=\"https:\/\/www.cncinternational.eu\/wp-content\/uploads\/2024\/08\/Image-15.png\" alt=\"Image 15\" width=\"40\" height=\"40\">\n                                                                <p class=\"icon-text\">Wy\u015blij wiadomo\u015b\u0107 e-mail<\/p>\n                            <\/div>\n                            <p>Odpowied\u017a w ci\u0105gu 72 godzin w dni robocze<\/p>\n                                                            <a class=\"icon-link\" href=\"mailto:sales@cncinternational.eu\" target=\"_blank\">sales@cncinternational.eu &gt;<\/a>\n                                                                                <\/div>\n                                                                    <div class=\"card\">\n                            <div class=\"icon-wrap\">\n                                                                    <img loading=\"lazy\" decoding=\"async\" src=\"https:\/\/www.cncinternational.eu\/wp-content\/uploads\/2024\/08\/Image-18.png\" alt=\"Image 18\" width=\"40\" height=\"40\">\n                                                                <p class=\"icon-text\">Rozmowa wideo<\/p>\n                            <\/div>\n                            <p><strong>Kiedy tylko Ci pasuje<\/strong><br> Osobiste i interaktywne wprowadzenie<\/p>\n                                                            <a class=\"icon-link\" href=\"https:\/\/www.cncinternational.eu\/about-us\/#meet-team\" target=\"_self\">Zarejestruj si\u0119 teraz!<\/a>\n                                                                                <\/div>\n                                                <\/div>\n        <\/div>\n    <\/section>\n","protected":false},"excerpt":{"rendered":"","protected":false},"author":1,"featured_media":0,"parent":0,"menu_order":0,"comment_status":"closed","ping_status":"closed","template":"","meta":{"_acf_changed":false,"inline_featured_image":false,"footnotes":""},"class_list":["post-6535","page","type-page","status-publish","hentry"],"acf":[],"yoast_head":"<!-- This site is optimized with the Yoast SEO plugin v27.4 - https:\/\/yoast.com\/product\/yoast-seo-wordpress\/ -->\n<title>CNC broszura online 2026: private label paznokcie bez HEMA\/TPO<\/title>\n<meta name=\"description\" content=\"Zam\u00f3w darmow\u0105 broszur\u0119 CNC 2026 i odkryj private label produkty do paznokci bez HEMA i TPO. Made in Europe \u2013 dla Twojej marki\" \/>\n<meta name=\"robots\" content=\"index, follow, max-snippet:-1, max-image-preview:large, max-video-preview:-1\" \/>\n<link rel=\"canonical\" href=\"https:\/\/www.cncinternational.eu\/pl\/catalogue\/\" \/>\n<meta property=\"og:locale\" content=\"pl_PL\" \/>\n<meta property=\"og:type\" content=\"article\" \/>\n<meta property=\"og:title\" content=\"CNC broszura online 2026: private label paznokcie bez HEMA\/TPO\" \/>\n<meta property=\"og:description\" content=\"Zam\u00f3w darmow\u0105 broszur\u0119 CNC 2026 i odkryj private label produkty do paznokci bez HEMA i TPO. Made in Europe \u2013 dla Twojej marki\" \/>\n<meta property=\"og:url\" content=\"https:\/\/www.cncinternational.eu\/pl\/catalogue\/\" \/>\n<meta property=\"og:site_name\" content=\"CNC International\" \/>\n<meta property=\"article:modified_time\" content=\"2025-12-23T13:36:54+00:00\" \/>\n<meta name=\"twitter:card\" content=\"summary_large_image\" \/>\n<script type=\"application\/ld+json\" class=\"yoast-schema-graph\">{\"@context\":\"https:\\\/\\\/schema.org\",\"@graph\":[{\"@type\":\"WebPage\",\"@id\":\"https:\\\/\\\/www.cncinternational.eu\\\/pl\\\/catalogue\\\/\",\"url\":\"https:\\\/\\\/www.cncinternational.eu\\\/pl\\\/catalogue\\\/\",\"name\":\"CNC broszura online 2026: private label paznokcie bez HEMA\\\/TPO\",\"isPartOf\":{\"@id\":\"https:\\\/\\\/www.cncinternational.eu\\\/pl\\\/#website\"},\"datePublished\":\"2022-07-18T10:40:55+00:00\",\"dateModified\":\"2025-12-23T13:36:54+00:00\",\"description\":\"Zam\u00f3w darmow\u0105 broszur\u0119 CNC 2026 i odkryj private label produkty do paznokci bez HEMA i TPO. Made in Europe \u2013 dla Twojej marki\",\"breadcrumb\":{\"@id\":\"https:\\\/\\\/www.cncinternational.eu\\\/pl\\\/catalogue\\\/#breadcrumb\"},\"inLanguage\":\"pl-PL\",\"potentialAction\":[{\"@type\":\"ReadAction\",\"target\":[\"https:\\\/\\\/www.cncinternational.eu\\\/pl\\\/catalogue\\\/\"]}]},{\"@type\":\"BreadcrumbList\",\"@id\":\"https:\\\/\\\/www.cncinternational.eu\\\/pl\\\/catalogue\\\/#breadcrumb\",\"itemListElement\":[{\"@type\":\"ListItem\",\"position\":1,\"name\":\"Home\",\"item\":\"https:\\\/\\\/www.cncinternational.eu\\\/pl\\\/\"},{\"@type\":\"ListItem\",\"position\":2,\"name\":\"Katalog\"}]},{\"@type\":\"WebSite\",\"@id\":\"https:\\\/\\\/www.cncinternational.eu\\\/pl\\\/#website\",\"url\":\"https:\\\/\\\/www.cncinternational.eu\\\/pl\\\/\",\"name\":\"CNC International\",\"description\":\"Just another WordPress site\",\"potentialAction\":[{\"@type\":\"SearchAction\",\"target\":{\"@type\":\"EntryPoint\",\"urlTemplate\":\"https:\\\/\\\/www.cncinternational.eu\\\/pl\\\/?s={search_term_string}\"},\"query-input\":{\"@type\":\"PropertyValueSpecification\",\"valueRequired\":true,\"valueName\":\"search_term_string\"}}],\"inLanguage\":\"pl-PL\"}]}<\/script>\n<!-- \/ Yoast SEO plugin. -->","yoast_head_json":{"title":"CNC broszura online 2026: private label paznokcie bez HEMA\/TPO","description":"Zam\u00f3w darmow\u0105 broszur\u0119 CNC 2026 i odkryj private label produkty do paznokci bez HEMA i TPO. Made in Europe \u2013 dla Twojej marki","robots":{"index":"index","follow":"follow","max-snippet":"max-snippet:-1","max-image-preview":"max-image-preview:large","max-video-preview":"max-video-preview:-1"},"canonical":"https:\/\/www.cncinternational.eu\/pl\/catalogue\/","og_locale":"pl_PL","og_type":"article","og_title":"CNC broszura online 2026: private label paznokcie bez HEMA\/TPO","og_description":"Zam\u00f3w darmow\u0105 broszur\u0119 CNC 2026 i odkryj private label produkty do paznokci bez HEMA i TPO. Made in Europe \u2013 dla Twojej marki","og_url":"https:\/\/www.cncinternational.eu\/pl\/catalogue\/","og_site_name":"CNC International","article_modified_time":"2025-12-23T13:36:54+00:00","twitter_card":"summary_large_image","schema":{"@context":"https:\/\/schema.org","@graph":[{"@type":"WebPage","@id":"https:\/\/www.cncinternational.eu\/pl\/catalogue\/","url":"https:\/\/www.cncinternational.eu\/pl\/catalogue\/","name":"CNC broszura online 2026: private label paznokcie bez HEMA\/TPO","isPartOf":{"@id":"https:\/\/www.cncinternational.eu\/pl\/#website"},"datePublished":"2022-07-18T10:40:55+00:00","dateModified":"2025-12-23T13:36:54+00:00","description":"Zam\u00f3w darmow\u0105 broszur\u0119 CNC 2026 i odkryj private label produkty do paznokci bez HEMA i TPO. Made in Europe \u2013 dla Twojej marki","breadcrumb":{"@id":"https:\/\/www.cncinternational.eu\/pl\/catalogue\/#breadcrumb"},"inLanguage":"pl-PL","potentialAction":[{"@type":"ReadAction","target":["https:\/\/www.cncinternational.eu\/pl\/catalogue\/"]}]},{"@type":"BreadcrumbList","@id":"https:\/\/www.cncinternational.eu\/pl\/catalogue\/#breadcrumb","itemListElement":[{"@type":"ListItem","position":1,"name":"Home","item":"https:\/\/www.cncinternational.eu\/pl\/"},{"@type":"ListItem","position":2,"name":"Katalog"}]},{"@type":"WebSite","@id":"https:\/\/www.cncinternational.eu\/pl\/#website","url":"https:\/\/www.cncinternational.eu\/pl\/","name":"CNC International","description":"Just another WordPress site","potentialAction":[{"@type":"SearchAction","target":{"@type":"EntryPoint","urlTemplate":"https:\/\/www.cncinternational.eu\/pl\/?s={search_term_string}"},"query-input":{"@type":"PropertyValueSpecification","valueRequired":true,"valueName":"search_term_string"}}],"inLanguage":"pl-PL"}]}},"_links":{"self":[{"href":"https:\/\/www.cncinternational.eu\/pl\/wp-json\/wp\/v2\/pages\/6535","targetHints":{"allow":["GET"]}}],"collection":[{"href":"https:\/\/www.cncinternational.eu\/pl\/wp-json\/wp\/v2\/pages"}],"about":[{"href":"https:\/\/www.cncinternational.eu\/pl\/wp-json\/wp\/v2\/types\/page"}],"author":[{"embeddable":true,"href":"https:\/\/www.cncinternational.eu\/pl\/wp-json\/wp\/v2\/users\/1"}],"replies":[{"embeddable":true,"href":"https:\/\/www.cncinternational.eu\/pl\/wp-json\/wp\/v2\/comments?post=6535"}],"version-history":[{"count":13,"href":"https:\/\/www.cncinternational.eu\/pl\/wp-json\/wp\/v2\/pages\/6535\/revisions"}],"predecessor-version":[{"id":13754,"href":"https:\/\/www.cncinternational.eu\/pl\/wp-json\/wp\/v2\/pages\/6535\/revisions\/13754"}],"wp:attachment":[{"href":"https:\/\/www.cncinternational.eu\/pl\/wp-json\/wp\/v2\/media?parent=6535"}],"curies":[{"name":"wp","href":"https:\/\/api.w.org\/{rel}","templated":true}]}}