{"id":6524,"date":"2021-12-23T12:11:22","date_gmt":"2021-12-23T12:11:22","guid":{"rendered":"https:\/\/www.cncinternational.eu\/product\/"},"modified":"2025-12-23T10:43:49","modified_gmt":"2025-12-23T10:43:49","slug":"product","status":"publish","type":"page","link":"https:\/\/www.cncinternational.eu\/pl\/product\/","title":{"rendered":"Produkt"},"content":{"rendered":"  \t\n\t  <header class=\"main-header \">\n\t\t<!-- For mobile -->\n\t\t<div class=\"d-block d-sm-none\">\n\t\t  <div class=\"container-fluid px-0\">\n\t\t\t<div class=\"container g-0\">\n\t\t\t  <div class=\"row g-0 justify-content-start align-items-center\">\n\t\t\t\t<div class=\"col-12 d-sm-none\">\n\t\t\t\t  <div class=\"header-image\">\n\t\t\t\t\t\t\t\t\t\t\t\t<img fetchpriority=\"high\" decoding=\"async\" src=\"https:\/\/www.cncinternational.eu\/wp-content\/uploads\/2021\/12\/Private-labeling-nail-polish-manufacturer-products-scaled.jpg\" alt=\"Nasze portfolio produkt\u00f3w do paznokci marki w\u0142asnej\" width=\"2560\" height=\"1927\" loading=\"eager\">\n\t\t\t\t\t\t\t\t\t\t  <\/div>\n\t\t\t\t<\/div>\n\t\t\t\t<div class=\"offset-md-6 col-md-6\">\n\t\t\t\t  <div class=\"header-text\">\n\t\t\t\t\t<p class=\"mobile-title\">Nasze portfolio produkt\u00f3w do paznokci marki w\u0142asnej<\/p>\n\t\t\t\t\t<p>CNC International posiada jedno z najwi\u0119kszych portfolio produkt\u00f3w do paznokci pod w\u0142asn\u0105 mark\u0105. Od prawie 30 lat CNC International opracowuje i produkuje szerok\u0105 gam\u0119 \u017celi UV i lakier\u00f3w \u017celowych dla wielu marek paznokci na ca\u0142ym \u015bwiecie. <\/p>\n<p>Dowiedz si\u0119 wi\u0119cej o naszych produktach HEMA, TPO, DiHEMA i 15-free<\/p>\n\t\t\t\t\t\t\t\t\t\t\t\t\t\t\t\t\t\t<a class=\"btn mb-3\" href=\"#contact\">\n\t\t\t\t\t\t\t\tZam\u00f3w katalog produkt\u00f3w  \t\t\t\t\t\t\t<\/a>\n\t\t\t\t\t\t\t\t\t\t\t\t\t\t\t\t\t\t\t\t  <\/div>\n\t\t\t\t<\/div>\n\t\t\t  <\/div>\n\t\t\t<\/div>\n\t\t  <\/div>\n\t\t<\/div>\n\t\t<!-- \/For mobile -->\n\t\t\n\t\t<!-- For desktop -->\n\t\t<div class=\"d-none d-sm-block\">\n\t\t  <div class=\"container-fluid px-0\" >\n\t\t\t<div class=\"header-bg\" style=\"background-image: url('https:\/\/www.cncinternational.eu\/wp-content\/uploads\/2021\/12\/Private-labeling-nail-polish-manufacturer-products-scaled.jpg');\">\n\t\t\t\t\n\t\t\t<\/div>\n\t\t\t<div class=\"container g-0\">\n\t\t\t  <div class=\"row g-0 justify-content-start align-items-center\">\n\t\t\t\t<div class=\"offset-md-6 col-md-6\">\n\t\t\t\t  <div class=\"header-text\">\n\t\t\t\t\t<h1>Nasze portfolio produkt\u00f3w do paznokci marki w\u0142asnej<\/h1>\n\t\t\t\t\t<p>CNC International posiada jedno z najwi\u0119kszych portfolio produkt\u00f3w do paznokci pod w\u0142asn\u0105 mark\u0105. Od prawie 30 lat CNC International opracowuje i produkuje szerok\u0105 gam\u0119 \u017celi UV i lakier\u00f3w \u017celowych dla wielu marek paznokci na ca\u0142ym \u015bwiecie. <\/p>\n<p>Dowiedz si\u0119 wi\u0119cej o naszych produktach HEMA, TPO, DiHEMA i 15-free<\/p>\n\t\t\t\t\n\t\t\t\t\t\t\t\t\t\t\t\t\t\t\t\t\t\t<a class=\"btn mb-3\" href=\"#contact\">\n\t\t\t\t\t\tZam\u00f3w katalog produkt\u00f3w  \t\t\t\t\t\t\t<\/a>\n\t\t\t\t\t\t\t\t\t\t\t\t\t\t\t\t\t\t\t\t  <\/div>\n\t\t\t\t<\/div>\n\t\t\t  <\/div>\n\t\t\t<\/div>\n\t\t  <\/div>\n\t\t<\/div>\n\t\t<!-- \/For desktop -->\n\t  <\/header>\n\t  \n\t  \t\n\n\t<section class=\"news\">\n\t\t<div class=\"container p-0 \">\n\t\t\t<div class=\"row g-0\">\n\t\t\t\t<div class=\"col-12 overlap bg-white\">\n\t\t\t\t\t\t\t\t\t\t\t\t\t\t\t\t\t\t\t\t\t\t<!-- Start row -->\n\t\t\t\t\t\t\t\t\t\t\t\t\t\t\t\t\t\t\t\t\t\t\t\t\t\t\t\t\t\t\t\t\t\t\t\t\n\t\t\t\t\t\t\t\t\t<div id=\"gelpolish\" class=\"row g-0 align-items-center\">\n\t\t\t\t\t\t\t\t\t\t<div class=\"col-12 col-md col-img img-wrapper\">\n\t\t\t\t\t\t\t\t\t\t\t\t\t\t\t\t\t\t\t\t\t\t\t\t\t\t\t\t\t\t\t\t\t\t<img loading=\"lazy\" decoding=\"async\" src=\"https:\/\/www.cncinternational.eu\/wp-content\/uploads\/2021\/12\/Gel-polish-manicure-nails-purple-violet-natural-nails.jpg\"\n\t\t\t\t\t\t\t\t\t\t\t\t\talt=\"Professional nail gel polish. Available in more than 200 colors and shimmer shades\" width=\"1445\" height=\"813\">\n\t\t\t\t\t\t\t\t\t\t\t\t\t\t\t\t\t\t\t\t\t<\/div>\n\t\t\t\t\t\t\t\t\t\t<div class=\"col-12 col-md col-excerpt\">\n\t\t\t\t\t\t\t\t\t\t\t<div class=\"excerpt-wrapper\">\n\t\t\t\t\t\t\t\t\t\t\t\t<h4>Lakier hybrydowy  <\/h4>\n\t\t\t\t\t\t\t\t\t\t\t\t<p>Nadesz\u0142a kolejna generacja lakier\u00f3w \u017celowych do paznokci! Ten profesjonalny 3-fazowy system to czysta perfekcja po\u0142\u0105czonej trwa\u0142o\u015bci i \u0142atwego usuwania. Pi\u0119kne kolory, wyj\u0105tkowy wysoki po\u0142ysk, brak lepkiej warstwy i odporno\u015b\u0107 na zarysowania. Jeszcze lepiej: kolory lakier\u00f3w \u017celowych UV mo\u017cna \u0142atwo usun\u0105\u0107 w ci\u0105gu dziesi\u0119ciu minut. Bez konieczno\u015bci pi\u0142owania!    \r\n<ul>\r\n<li>Dost\u0119pny w ponad 200 kolorach lakier\u00f3w \u017celowych i odcieniach po\u0142yskuj\u0105cych<\/li>\r\n<li>4 kolekcje trend\u00f3w rocznie<\/li>\r\n<li>\u0141atwe namaczanie w ci\u0105gu 10 minut<\/li>\r\n<li>Nie zawiera HEMA, DiHEMA i TPO<\/li>\r\n<\/ul>\r\n\r\nOdkryj nasz\u0105 wiosenna kolekcj\u0119 paznokci 2026<\/p>\n\t\t\t\t\t\t\t\t\t\t\t\t\t\t\t\t\t\t\t\t\t\t\t\t\t\t\t\t\t\t\t\t\t\t\t\t\t\t\t\t\t\t\t\t\t\t\t\t\t\t\t\t\t\t\t\t\t\t\t\t\t\t\t\t\t\t\t\t\t\t<a href=\"\/product\/gel-polish\/\" class=\"btn\">Wi\u0119cej o lakierze hybrydowym<\/a>\n\t\t\t\t\t\t\t\t\t\t\t\t\t\t\t\n\t\t\t\t\t\t\t\t\t\t\t\t\t\t\n\t\t\t\t\t\t\t\t\t\t\t\t\t\n\t\t\t\t\t\t\t\t\t\t\t\t\t<!-- Another button -->\n\t\t\t\t\t\t\t\t\t\t\t\t\t\t\t\t\t\t\t\t\t\t\t\t\t\t\t\t\t\t\t\t\t\t\t\t<\/div>\n\t\t\t\t\t\t\t\t\t\t<\/div>\n\t\t\t\t\t\t\t\t\t<\/div>\n\t\t\t\t\t\t\t\t\n\t\t\t\t\t\t\t\n\t\t\t\t\t\t\t\t\t\t\t\t\t\t\t\t\t\t\t\t\t\t\t\t\t\t\t\t\t\t\t\t\t\t\t\t\t\t\t\t\t\t\t\t\t\t\t\t\t\t\t\t<div id=\"uvgels\" class=\"row g-0 align-items-center\">\n\t\t\t\t\t\t\t\t\t\t<div class=\"col-12 col-md col-excerpt\">\n\t\t\t\t\t\t\t\t\t\t\t<div class=\"excerpt-wrapper\">\n\t\t\t\t\t\t\t\t\t\t\t\t<h4>Paznokcie \u017celowe UV<\/h4>\n\t\t\t\t\t\t\t\t\t\t\t\t<p>Produkcja \u017celi UV jest podstawow\u0105 dzia\u0142alno\u015bci\u0105 CNC International. Oferujemy szerok\u0105 gam\u0119 \u017celi UV do paznokci w naszej standardowej kolekcji. Standardowa kolekcja zawiera \u017cele bazowe, \u017cele buduj\u0105ce, \u017cele w\u0142\u00f3kniste, \u017cele jednofazowe, \u017cele nawierzchniowe.  \r\n<ul>\r\n<li>Paznokcie \u017celowe UV \u017bele bazowe<\/li>\r\n<li>Paznokcie \u017celowe UV Builder Gels<\/li>\r\n<li>Paznokcie \u017celowe UV \u017bele Top<\/li>\r\n<li>Paznokcie \u017celowe UV \u017bele jednofazowe<\/li>\r\n<\/ul>\t<\/p>\n\t\t\t\t\t\t\t\t\t\t\t\t\t\t\t\t\t\t\t\t\t\t\t\t\t\t\t\t\t\t\t\t\t\t\t\t\t\t\t\t\t\t\t\t\t\t\t\t\t\t\t\t\t\t\t\t\t\t\t\t\t\t\t\t\t\t\t\t\t\t<a href=\"https:\/\/www.cncinternational.eu\/product\/uv-gels\/\" class=\"btn\">Poznaj wszystkie \u017cele UV<\/a>\n\t\t\t\t\t\t\t\t\t\t\t\t\t\t\t\n\t\t\t\t\t\t\t\t\t\t\t\t\t\t\n\t\t\t\t\t\t\t\t\t\t\t\t\t\n\t\t\t\t\t\t\t\t\t\t\t\t\t<!-- Another button -->\n\t\t\t\t\t\t\t\t\t\t\t\t\t\t\t\t\t\t\t\t\t\t\t\t\t\t\t\t\t\t\t\t\t\t\t\t<\/div>\n\t\t\t\t\t\t\t\t\t\t<\/div>\n\t\t\t\t\t\t\t\t\t\t<div class=\"col-12 col-md col-img img-wrapper\">\n\t\t\t\t\t\t\t\t\t\t\t\t\t\t\t\t\t\t\t\t\t\t\t\t\t\t\t\t\t\t\t\t\t\t\t\t<img loading=\"lazy\" decoding=\"async\" src=\"https:\/\/www.cncinternational.eu\/wp-content\/uploads\/2021\/12\/UV-nails-fiber-gel.jpg\"\n\t\t\t\t\t\t\t\t\t\t\t\t\t\talt=\"UV gel nails for professional use\" width=\"1445\" height=\"813\">\n\t\t\t\t\t\t\t\t\t\t\t\t\t\t\t\t\t\t\t\t\t\t\t\t\t\t\t\t\t\t\t\t\t<\/div>\n\t\t\t\t\t\t\t\t\t<\/div>\n\t\t\t\t\t\t\t\t\n\t\t\t\t\t\t\t\n\t\t\t\t\t\t\t\t\t\t\t\t\t\t\t\t\t\t\t\t\t\t\t\t\t\t\t\t\t\t\t\t\t\t\t\t\t\t\t\t\t\t\t\n\t\t\t\t\t\t\t\t\t<div id=\"acrylics\" class=\"row g-0 align-items-center\">\n\t\t\t\t\t\t\t\t\t\t<div class=\"col-12 col-md col-img img-wrapper\">\n\t\t\t\t\t\t\t\t\t\t\t\t\t\t\t\t\t\t\t\t\t\t\t\t\t\t\t\t\t\t\t\t\t\t<img loading=\"lazy\" decoding=\"async\" src=\"https:\/\/www.cncinternational.eu\/wp-content\/uploads\/2021\/12\/Many-colors-acrylic-powders-bulk.jpg\"\n\t\t\t\t\t\t\t\t\t\t\t\t\talt=\"CNC International offers a wide range of acrylic nail products. Professional use only!\" width=\"1445\" height=\"813\">\n\t\t\t\t\t\t\t\t\t\t\t\t\t\t\t\t\t\t\t\t\t<\/div>\n\t\t\t\t\t\t\t\t\t\t<div class=\"col-12 col-md col-excerpt\">\n\t\t\t\t\t\t\t\t\t\t\t<div class=\"excerpt-wrapper\">\n\t\t\t\t\t\t\t\t\t\t\t\t<h4>Akryl do paznokci<\/h4>\n\t\t\t\t\t\t\t\t\t\t\t\t<p>CNC International oferuje szerok\u0105 gam\u0119 produkt\u00f3w do paznokci akrylowych. Do wyboru s\u0105 2 linie akrylowe. Dzi\u0119ki zastosowaniu p\u0142ynu akrylowego Slow lub Fast obie linie s\u0105 odpowiednie dla technik\u00f3w paznokci na wszystkich poziomach zaawansowania.  \r\n<ul>\r\n<li>Zwyci\u0119skie pudry akrylowe do paznokci<\/li>\r\n<li>Akrylowe pudry do paznokci Victory<\/li>\r\n<li>P\u0142yny do paznokci akrylowych<\/li>\r\n<\/ul><\/p>\n\t\t\t\t\t\t\t\t\t\t\t\t\t\t\t\t\t\t\t\t\t\t\t\t\t\t\t\t\t\t\t\t\t\t\t\t\t\t\t\t\t\t\t\t\t\t\t\t\t\t\t\t\t\t\t\t\t\t\t\t\t\t\t\t\t\t\t\t\t\t<a href=\"https:\/\/www.cncinternational.eu\/product\/acrylics\/\" class=\"btn\">Odkryj nasz\u0105 ofert\u0119 akrylu do paznokci<\/a>\n\t\t\t\t\t\t\t\t\t\t\t\t\t\t\t\n\t\t\t\t\t\t\t\t\t\t\t\t\t\t\n\t\t\t\t\t\t\t\t\t\t\t\t\t\n\t\t\t\t\t\t\t\t\t\t\t\t\t<!-- Another button -->\n\t\t\t\t\t\t\t\t\t\t\t\t\t\t\t\t\t\t\t\t\t\t\t\t\t\t\t\t\t\t\t\t\t\t\t\t<\/div>\n\t\t\t\t\t\t\t\t\t\t<\/div>\n\t\t\t\t\t\t\t\t\t<\/div>\n\t\t\t\t\t\t\t\t\n\t\t\t\t\t\t\t\n\t\t\t\t\t\t\t\t\t\t\t\t\t\t\t\t\t\t\t\t\t\t\t\t\t\t\t\t\t\t\t\t\t\t\t\t\t\t\t\t\t\t\t\t\t\t\t\t\t\t\t\t<div id=\"supproduct\" class=\"row g-0 align-items-center\">\n\t\t\t\t\t\t\t\t\t\t<div class=\"col-12 col-md col-excerpt\">\n\t\t\t\t\t\t\t\t\t\t\t<div class=\"excerpt-wrapper\">\n\t\t\t\t\t\t\t\t\t\t\t\t<h4>Produkty uzupe\u0142niaj\u0105ce  <\/h4>\n\t\t\t\t\t\t\t\t\t\t\t\t<p>Aby uzupe\u0142ni\u0107 asortyment profesjonalnych produkt\u00f3w do paznokci, CNC International oferuje wysokiej jako\u015bci produkty uzupe\u0142niaj\u0105ce, takie jak zmywacze i p\u0142yny do przygotowania paznokci.  <\/p>\n\t\t\t\t\t\t\t\t\t\t\t\t\t\t\t\t\t\t\t\t\t\t\t\t\t\t\t\t\t\t\t\t\t\t\t\t\t\t\t\t\t\t\t\t\t\t\t\t\t\t\t\t\t\t\t\t\t\t\t\t\t\t\t\t\t\t\t\t\t\t<a href=\"https:\/\/www.cncinternational.eu\/product\/supplementary-products\/\" class=\"btn\">Zabierz mnie do produkt\u00f3w uzupe\u0142niaj\u0105cych<\/a>\n\t\t\t\t\t\t\t\t\t\t\t\t\t\t\t\n\t\t\t\t\t\t\t\t\t\t\t\t\t\t\n\t\t\t\t\t\t\t\t\t\t\t\t\t\n\t\t\t\t\t\t\t\t\t\t\t\t\t<!-- Another button -->\n\t\t\t\t\t\t\t\t\t\t\t\t\t\t\t\t\t\t\t\t\t\t\t\t\t\t\t\t\t\t\t\t\t\t\t\t<\/div>\n\t\t\t\t\t\t\t\t\t\t<\/div>\n\t\t\t\t\t\t\t\t\t\t<div class=\"col-12 col-md col-img img-wrapper\">\n\t\t\t\t\t\t\t\t\t\t\t\t\t\t\t\t\t\t\t\t\t\t\t\t\t\t\t\t\t\t\t\t\t\t\t\t<img loading=\"lazy\" decoding=\"async\" src=\"https:\/\/www.cncinternational.eu\/wp-content\/uploads\/2021\/12\/Removers-nail-preparation-liquids.jpg\"\n\t\t\t\t\t\t\t\t\t\t\t\t\t\talt=\"CNC International offers high quality supplementary products for nails\" width=\"1445\" height=\"813\">\n\t\t\t\t\t\t\t\t\t\t\t\t\t\t\t\t\t\t\t\t\t\t\t\t\t\t\t\t\t\t\t\t\t<\/div>\n\t\t\t\t\t\t\t\t\t<\/div>\n\t\t\t\t\t\t\t\t\n\t\t\t\t\t\t\t\n\t\t\t\t\t\t\t\t\t\t\t\t\t\t\t\t\t\t\t\t\t\t\t\t\t\t\t\t\t\t\t\t\t\t\t\t\t\t\t\t\t\t\t\n\t\t\t\t\t\t\t\t\t<div id=\"dontwastetime\" class=\"row g-0 align-items-center\">\n\t\t\t\t\t\t\t\t\t\t<div class=\"col-12 col-md col-img img-wrapper\">\n\t\t\t\t\t\t\t\t\t\t\t\t\t\t\t\t\t\t\t\t\t\t\t\t\t\t\t\t\t\t\t\t\t\t<img loading=\"lazy\" decoding=\"async\" src=\"https:\/\/www.cncinternational.eu\/wp-content\/uploads\/2021\/12\/CNC-International-trend-collections.jpg\"\n\t\t\t\t\t\t\t\t\t\t\t\t\talt=\"We have a versatile private label product range. Keep on trend with our quarterly nail trend collections.\" width=\"1445\" height=\"813\">\n\t\t\t\t\t\t\t\t\t\t\t\t\t\t\t\t\t\t\t\t\t<\/div>\n\t\t\t\t\t\t\t\t\t\t<div class=\"col-12 col-md col-excerpt\">\n\t\t\t\t\t\t\t\t\t\t\t<div class=\"excerpt-wrapper\">\n\t\t\t\t\t\t\t\t\t\t\t\t<h4>Nie tra\u0107 czasu, pieni\u0119dzy i wysi\u0142ku. Zdaj si\u0119 na nas! <\/h4>\n\t\t\t\t\t\t\t\t\t\t\t\t<p>Obs\u0142uguj wszystkich swoich klient\u00f3w dzi\u0119ki naszej wszechstronnej ofercie produkt\u00f3w marek w\u0142asnych. Utrzymuj sw\u00f3j asortyment na bie\u017c\u0105co dzi\u0119ki naszym kwartalnym kolekcjom trend\u00f3w paznokciowych. Korzystaj z naszych nowych produkt\u00f3w przez ca\u0142y rok, zaskakuj swoich klient\u00f3w nowymi produktami!    <\/p>\n\t\t\t\t\t\t\t\t\t\t\t\t\t\t\t\t\t\t\t\t\t\t\t<\/div>\n\t\t\t\t\t\t\t\t\t\t<\/div>\n\t\t\t\t\t\t\t\t\t<\/div>\n\t\t\t\t\t\t\t\t\n\t\t\t\t\t\t\t\n\t\t\t\t\t\t\t\t\t\t\t\t\t\t\t\t\t\t\t\t\t\t\t\t\t\t\t\t\t\t\t\t\t\t\t\t\t\t\t\t\t\t\t\t\t\t\t\t\t\t\t\t<div id=\"cncproductionfactory\" class=\"row g-0 align-items-center\">\n\t\t\t\t\t\t\t\t\t\t<div class=\"col-12 col-md col-excerpt\">\n\t\t\t\t\t\t\t\t\t\t\t<div class=\"excerpt-wrapper\">\n\t\t\t\t\t\t\t\t\t\t\t\t<h4>Fabryka produkcji CNC<\/h4>\n\t\t\t\t\t\t\t\t\t\t\t\t<p><ul>\r\n<li>Wszechstronny asortyment produkt\u00f3w<\/li>\r\n<li>Dostarczane luzem lub jako gotowe produkty<\/li>\r\n<li>Kolekcje trend\u00f3w 4x w roku<\/li>\r\n<li>Wprowadzanie nowych produkt\u00f3w przez ca\u0142y rok<\/li>\r\n<li>Wewn\u0119trzne zak\u0142ady produkcyjne<\/li>\r\n<li>Innowacyjny dzia\u0142 bada\u0144 i rozwoju<\/li>\r\n<\/ul><\/p>\n\t\t\t\t\t\t\t\t\t\t\t\t\t\t\t\t\t\t\t\t\t\t\t<\/div>\n\t\t\t\t\t\t\t\t\t\t<\/div>\n\t\t\t\t\t\t\t\t\t\t<div class=\"col-12 col-md col-img img-wrapper\">\n\t\t\t\t\t\t\t\t\t\t\t\t\t\t\t\t\t\t\t\t\t\t\t\t\t\t\t\t\t\t\t\t\t\t\t\t<img loading=\"lazy\" decoding=\"async\" src=\"https:\/\/www.cncinternational.eu\/wp-content\/uploads\/2021\/12\/CNC-production-factory.jpg\"\n\t\t\t\t\t\t\t\t\t\t\t\t\t\talt=\"We have our own innovative R&#038;D department and inhouse production facilities\" width=\"1445\" height=\"813\">\n\t\t\t\t\t\t\t\t\t\t\t\t\t\t\t\t\t\t\t\t\t\t\t\t\t\t\t\t\t\t\t\t\t<\/div>\n\t\t\t\t\t\t\t\t\t<\/div>\n\t\t\t\t\t\t\t\t\n\t\t\t\t\t\t\t\n\t\t\t\t\t\t\t\t\t\t\t\t\t\t\t\t\t\t\t<!-- End row -->\n\t\t\t\t\t\t\t\t\t<\/div>\n\t\t\t<\/div>\n\t\t<\/div>\n\t<\/section>\n\n\t\n\n    \t<section class=\"contact-block form-with-image gradient-bg slipped-section\" id=\"contact\">\n\t\t<div class=\"container\">\n\t\t\t<div class=\"row justify-content-center\">\n\t\t\t\t<div class=\"col-12 col-md-12 col-lg-10\">\n\t\t\t\t\t<div class=\"form-wrapper\">\n\t\t\t\t\t\t<div class=\"col-12 col-md-10 col-lg-9 mx-auto\">\n\t\t\t\t\t\t\t<h2 class=\"form-title\">Sprawd\u017a nasz\u0105 kompaktow\u0105 broszur\u0119 online z najlepszymi produktami do paznokci TPO i bez HEMA<\/h2>\t\t\t\t\t\t<\/div>\n\t\t\t\t\t\t\t\t\t\t\t\t<div class=\"row\">\n\t\t\t\t\t\t\t<div class=\"col-12 col-md-7 col-lg-7\">\n\t\t\t\t\t\t\t\t\t\t\t\t\t\t\t\t\t<div class=\"form\">\n\t\t\t\t\t\t\t\t\t\t<script src='https:\/\/online4.superoffice.com\/Cust21613\/CS\/scripts\/customer.fcgi?action=form&#038;id=F-PcGmaB5k' defer><\/script>\t\t\t\t\t\t\t\t\t\t\t\t\t\t\t\t\t\t\t\t\t\t\t\t\t\t\t\t\t\t\t\t<\/div>\n\t\t\t\t\t\t\t\t\t\t\t\t\t\t\t<\/div>\n\t\t\t\t\t\t\t<div class=\"col-12 col-md-5 col-lg-5\">\n\t\t\t\t\t\t\t\t<div class=\"col-12 col-md col-excerpt\">\n\t\t\t\t\t\t\t\t\t<div class=\"excerpt-wrapper\">\n\t\t\t\t\t\t\t\t\t<p>Nasze wszechstronne produkty do paznokci marki w\u0142asnej charakteryzuj\u0105 si\u0119 najwy\u017csz\u0105 jako\u015bci\u0105 w konkurencyjnych cenach. Jeste\u015bmy dumnym producentem \u017celi UV do paznokci dla wielu marek na ca\u0142ym \u015bwiecie. CNC International zosta\u0142a za\u0142o\u017cona w 1993 roku, z fabryk\u0105 w Holandii, w Europie. Nasze \u017celowe i akrylowe produkty do paznokci mog\u0105 by\u0107 dostarczane luzem lub nape\u0142nione i w pe\u0142ni wyko\u0144czone: gotowe do sprzeda\u017cy!     <\/p>\t\t\t\t\t\t\n\t\t\t\t\t\t\t\t\t<\/div>\n\t\t\t\t\t\t\t\t<\/div>\n\t\t\t\t\t\t\t\t<div class=\"col-img img-wrapper\">\n\t\t\t\t\t\t\t\t\t<img decoding=\"async\" src=\"https:\/\/www.cncinternational.eu\/wp-content\/uploads\/2025\/08\/Telefoon-EP.png\" alt=\"\">\n\t\t\t\t\t\t\t\t<\/div>\n\t\t\t\t\t\t\t\t\t\t\t\t\t\t\t\t\t<div class=\"col-12 col-md col-excerpt\">\n\t\t\t\t\t\t\t\t\t\t<div class=\"excerpt-wrapper\">\n\t\t\t\t\t\t\t\t\t\t<p>W naszym katalogu na 2026 rok znajdziesz:\r\n<ul>\r\n<li>Nasze najlepiej sprzedaj\u0105ce si\u0119 i nowe produkty UV gel 2026<\/li>\r\n<li>Ceny pocz\u0105tkowe za litr<\/li>\r\n<li>Kluczowe korzy\u015bci ze wsp\u00f3\u0142pracy z CNC<\/li>\r\n<\/ul><\/p>\t\t\t\t\t\t\n\t\t\t\t\t\t\t\t\t\t<\/div>\n\t\t\t\t\t\t\t\t\t<\/div>\n\t\t\t\t\t\t\t\t\t\t\t\t\t\t\t<\/div>\n\t\t\t\t\t\t<\/div>\n\t\t\t\t\t\t\t\t\t\t\t\t\t\t\t\t\t\t\t\t\t\t\t\t<\/div>\n\t\t\t\t<\/div>\n\t\t\t\t\n\t\t\t<\/div>\n\t\t<\/div>\n\t<\/section>\n    \t\n  \t\n\t","protected":false},"excerpt":{"rendered":"","protected":false},"author":3,"featured_media":0,"parent":0,"menu_order":0,"comment_status":"closed","ping_status":"closed","template":"","meta":{"_acf_changed":false,"inline_featured_image":false,"footnotes":""},"class_list":["post-6524","page","type-page","status-publish","hentry"],"acf":[],"yoast_head":"<!-- This site is optimized with the Yoast SEO plugin v27.4 - https:\/\/yoast.com\/product\/yoast-seo-wordpress\/ -->\n<title>Portfolio produkt\u00f3w do paznokci marki w\u0142asnej - CNC International<\/title>\n<meta name=\"description\" content=\"Poznaj portfolio produkt\u00f3w do paznokci marki w\u0142asnej CNC, oferujemy \u017cele UV, lakiery hybrydowe i nie tylko. Nasze \u017cele UV nie zawieraj\u0105 HEMA ani TPO.\" \/>\n<meta name=\"robots\" content=\"index, follow, max-snippet:-1, max-image-preview:large, max-video-preview:-1\" \/>\n<link rel=\"canonical\" href=\"https:\/\/www.cncinternational.eu\/pl\/product\/\" \/>\n<meta property=\"og:locale\" content=\"pl_PL\" \/>\n<meta property=\"og:type\" content=\"article\" \/>\n<meta property=\"og:title\" content=\"Portfolio produkt\u00f3w do paznokci marki w\u0142asnej - CNC International\" \/>\n<meta property=\"og:description\" content=\"Poznaj portfolio produkt\u00f3w do paznokci marki w\u0142asnej CNC, oferujemy \u017cele UV, lakiery hybrydowe i nie tylko. Nasze \u017cele UV nie zawieraj\u0105 HEMA ani TPO.\" \/>\n<meta property=\"og:url\" content=\"https:\/\/www.cncinternational.eu\/pl\/product\/\" \/>\n<meta property=\"og:site_name\" content=\"CNC International\" \/>\n<meta property=\"article:modified_time\" content=\"2025-12-23T10:43:49+00:00\" \/>\n<meta name=\"twitter:card\" content=\"summary_large_image\" \/>\n<script type=\"application\/ld+json\" class=\"yoast-schema-graph\">{\"@context\":\"https:\\\/\\\/schema.org\",\"@graph\":[{\"@type\":\"WebPage\",\"@id\":\"https:\\\/\\\/www.cncinternational.eu\\\/pl\\\/product\\\/\",\"url\":\"https:\\\/\\\/www.cncinternational.eu\\\/pl\\\/product\\\/\",\"name\":\"Portfolio produkt\u00f3w do paznokci marki w\u0142asnej - CNC International\",\"isPartOf\":{\"@id\":\"https:\\\/\\\/www.cncinternational.eu\\\/pl\\\/#website\"},\"datePublished\":\"2021-12-23T12:11:22+00:00\",\"dateModified\":\"2025-12-23T10:43:49+00:00\",\"description\":\"Poznaj portfolio produkt\u00f3w do paznokci marki w\u0142asnej CNC, oferujemy \u017cele UV, lakiery hybrydowe i nie tylko. Nasze \u017cele UV nie zawieraj\u0105 HEMA ani TPO.\",\"breadcrumb\":{\"@id\":\"https:\\\/\\\/www.cncinternational.eu\\\/pl\\\/product\\\/#breadcrumb\"},\"inLanguage\":\"pl-PL\",\"potentialAction\":[{\"@type\":\"ReadAction\",\"target\":[\"https:\\\/\\\/www.cncinternational.eu\\\/pl\\\/product\\\/\"]}]},{\"@type\":\"BreadcrumbList\",\"@id\":\"https:\\\/\\\/www.cncinternational.eu\\\/pl\\\/product\\\/#breadcrumb\",\"itemListElement\":[{\"@type\":\"ListItem\",\"position\":1,\"name\":\"Home\",\"item\":\"https:\\\/\\\/www.cncinternational.eu\\\/pl\\\/\"},{\"@type\":\"ListItem\",\"position\":2,\"name\":\"Produkt\"}]},{\"@type\":\"WebSite\",\"@id\":\"https:\\\/\\\/www.cncinternational.eu\\\/pl\\\/#website\",\"url\":\"https:\\\/\\\/www.cncinternational.eu\\\/pl\\\/\",\"name\":\"CNC International\",\"description\":\"Just another WordPress site\",\"potentialAction\":[{\"@type\":\"SearchAction\",\"target\":{\"@type\":\"EntryPoint\",\"urlTemplate\":\"https:\\\/\\\/www.cncinternational.eu\\\/pl\\\/?s={search_term_string}\"},\"query-input\":{\"@type\":\"PropertyValueSpecification\",\"valueRequired\":true,\"valueName\":\"search_term_string\"}}],\"inLanguage\":\"pl-PL\"}]}<\/script>\n<!-- \/ Yoast SEO plugin. -->","yoast_head_json":{"title":"Portfolio produkt\u00f3w do paznokci marki w\u0142asnej - CNC International","description":"Poznaj portfolio produkt\u00f3w do paznokci marki w\u0142asnej CNC, oferujemy \u017cele UV, lakiery hybrydowe i nie tylko. Nasze \u017cele UV nie zawieraj\u0105 HEMA ani TPO.","robots":{"index":"index","follow":"follow","max-snippet":"max-snippet:-1","max-image-preview":"max-image-preview:large","max-video-preview":"max-video-preview:-1"},"canonical":"https:\/\/www.cncinternational.eu\/pl\/product\/","og_locale":"pl_PL","og_type":"article","og_title":"Portfolio produkt\u00f3w do paznokci marki w\u0142asnej - CNC International","og_description":"Poznaj portfolio produkt\u00f3w do paznokci marki w\u0142asnej CNC, oferujemy \u017cele UV, lakiery hybrydowe i nie tylko. Nasze \u017cele UV nie zawieraj\u0105 HEMA ani TPO.","og_url":"https:\/\/www.cncinternational.eu\/pl\/product\/","og_site_name":"CNC International","article_modified_time":"2025-12-23T10:43:49+00:00","twitter_card":"summary_large_image","schema":{"@context":"https:\/\/schema.org","@graph":[{"@type":"WebPage","@id":"https:\/\/www.cncinternational.eu\/pl\/product\/","url":"https:\/\/www.cncinternational.eu\/pl\/product\/","name":"Portfolio produkt\u00f3w do paznokci marki w\u0142asnej - CNC International","isPartOf":{"@id":"https:\/\/www.cncinternational.eu\/pl\/#website"},"datePublished":"2021-12-23T12:11:22+00:00","dateModified":"2025-12-23T10:43:49+00:00","description":"Poznaj portfolio produkt\u00f3w do paznokci marki w\u0142asnej CNC, oferujemy \u017cele UV, lakiery hybrydowe i nie tylko. Nasze \u017cele UV nie zawieraj\u0105 HEMA ani TPO.","breadcrumb":{"@id":"https:\/\/www.cncinternational.eu\/pl\/product\/#breadcrumb"},"inLanguage":"pl-PL","potentialAction":[{"@type":"ReadAction","target":["https:\/\/www.cncinternational.eu\/pl\/product\/"]}]},{"@type":"BreadcrumbList","@id":"https:\/\/www.cncinternational.eu\/pl\/product\/#breadcrumb","itemListElement":[{"@type":"ListItem","position":1,"name":"Home","item":"https:\/\/www.cncinternational.eu\/pl\/"},{"@type":"ListItem","position":2,"name":"Produkt"}]},{"@type":"WebSite","@id":"https:\/\/www.cncinternational.eu\/pl\/#website","url":"https:\/\/www.cncinternational.eu\/pl\/","name":"CNC International","description":"Just another WordPress site","potentialAction":[{"@type":"SearchAction","target":{"@type":"EntryPoint","urlTemplate":"https:\/\/www.cncinternational.eu\/pl\/?s={search_term_string}"},"query-input":{"@type":"PropertyValueSpecification","valueRequired":true,"valueName":"search_term_string"}}],"inLanguage":"pl-PL"}]}},"_links":{"self":[{"href":"https:\/\/www.cncinternational.eu\/pl\/wp-json\/wp\/v2\/pages\/6524","targetHints":{"allow":["GET"]}}],"collection":[{"href":"https:\/\/www.cncinternational.eu\/pl\/wp-json\/wp\/v2\/pages"}],"about":[{"href":"https:\/\/www.cncinternational.eu\/pl\/wp-json\/wp\/v2\/types\/page"}],"author":[{"embeddable":true,"href":"https:\/\/www.cncinternational.eu\/pl\/wp-json\/wp\/v2\/users\/3"}],"replies":[{"embeddable":true,"href":"https:\/\/www.cncinternational.eu\/pl\/wp-json\/wp\/v2\/comments?post=6524"}],"version-history":[{"count":19,"href":"https:\/\/www.cncinternational.eu\/pl\/wp-json\/wp\/v2\/pages\/6524\/revisions"}],"predecessor-version":[{"id":13710,"href":"https:\/\/www.cncinternational.eu\/pl\/wp-json\/wp\/v2\/pages\/6524\/revisions\/13710"}],"wp:attachment":[{"href":"https:\/\/www.cncinternational.eu\/pl\/wp-json\/wp\/v2\/media?parent=6524"}],"curies":[{"name":"wp","href":"https:\/\/api.w.org\/{rel}","templated":true}]}}