{"id":6515,"date":"2021-10-14T07:15:48","date_gmt":"2021-10-14T07:15:48","guid":{"rendered":"https:\/\/www.cncinternational.eu\/contact\/"},"modified":"2026-03-10T15:56:50","modified_gmt":"2026-03-10T15:56:50","slug":"contact","status":"publish","type":"page","link":"https:\/\/www.cncinternational.eu\/pl\/contact\/","title":{"rendered":"Kontakt"},"content":{"rendered":"  \t\n\t  <header class=\"main-header home-contact  \">\n\t\t<!-- For mobile -->\n\t\t<div class=\"d-block d-sm-none\">\n\t\t  <div class=\"container-fluid px-0\">\n\t\t\t<div class=\"container g-0\">\n\t\t\t  <div class=\"row g-0 justify-content-start align-items-center\">\n\t\t\t\t<div class=\"col-12 d-sm-none\">\n\t\t\t\t  <div class=\"header-image\">\n\t\t\t\t\t\t\t\t\t\t\t\t<img fetchpriority=\"high\" decoding=\"async\" src=\"https:\/\/www.cncinternational.eu\/wp-content\/uploads\/2021\/12\/Private-labeling-nail-polish-manufacturer-home-scaled.jpg\" alt=\"Kontakt\" width=\"2560\" height=\"1927\" loading=\"eager\">\n\t\t\t\t\t\t\t\t\t\t  <\/div>\n\t\t\t\t<\/div>\n\t\t\t\t<div class=\"offset-md-6 col-md-6\">\n\t\t\t\t  <div class=\"header-text\">\n\t\t\t\t\t<p class=\"mobile-title\">PRZETESTUJ, WYPR\u00d3BUJ I POKOCHAJ  <\/p>\n\t\t\t\t\t<p>Szukasz porady dotycz\u0105cej produktu lub chcesz stworzy\u0107 w\u0142asn\u0105 lini\u0119 \u017celi UV? Skontaktuj si\u0119 z nami, bez \u017cadnych zobowi\u0105za\u0144. Oferujemy kilka opcji kontaktu &#8211; wybierz t\u0119, kt\u00f3ra najbardziej Ci odpowiada!  <\/p>\n\t\t\t\t\t\t\t\t\t\t\t\t\t\t  <\/div>\n\t\t\t\t<\/div>\n\t\t\t  <\/div>\n\t\t\t<\/div>\n\t\t  <\/div>\n\t\t<\/div>\n\t\t<!-- \/For mobile -->\n\t\t\n\t\t<!-- For desktop -->\n\t\t<div class=\"d-none d-sm-block\">\n\t\t  <div class=\"container-fluid px-0\" >\n\t\t\t<div class=\"header-bg\" style=\"background-image: url('https:\/\/www.cncinternational.eu\/wp-content\/uploads\/2021\/12\/Private-labeling-nail-polish-manufacturer-home-scaled.jpg');\">\n\t\t\t\t\n\t\t\t<\/div>\n\t\t\t<div class=\"container g-0\">\n\t\t\t  <div class=\"row g-0 justify-content-start align-items-center\">\n\t\t\t\t<div class=\"contact-col offset-md-6 col-md-6\">\n\t\t\t\t  <div class=\"header-text\">\n\t\t\t\t\t<h1>PRZETESTUJ, WYPR\u00d3BUJ I POKOCHAJ  <\/h1>\n\t\t\t\t\t<p>Szukasz porady dotycz\u0105cej produktu lub chcesz stworzy\u0107 w\u0142asn\u0105 lini\u0119 \u017celi UV? Skontaktuj si\u0119 z nami, bez \u017cadnych zobowi\u0105za\u0144. Oferujemy kilka opcji kontaktu &#8211; wybierz t\u0119, kt\u00f3ra najbardziej Ci odpowiada!  <\/p>\n\t\t\t\t\n\t\t\t\t\t\t\t\t\t\t\t\t\t\t  <\/div>\n\t\t\t\t<\/div>\n\t\t\t  <\/div>\n\t\t\t<\/div>\n\t\t  <\/div>\n\t\t<\/div>\n\t\t<!-- \/For desktop -->\n\t  <\/header>\n\t  \n\t  \t\n\n    <section class=\"contact-cards\">\n        <div class=\"container\">\n                            <h2 class=\"mb-4\">SKONTAKTUJ SI\u0118 Z NAMI!<\/h2>\n                        <div class=\"grid-wrap\">\n                                                                                    <div class=\"card\">\n                            <div class=\"icon-wrap\">\n                                                                    <img loading=\"lazy\" decoding=\"async\" src=\"https:\/\/www.cncinternational.eu\/wp-content\/uploads\/2024\/08\/Icon-awesome-book-open.svg\" alt=\"Icon awesome-book-open\" width=\"40\" height=\"40\">\n                                                                <p class=\"icon-text\">Popro\u015b o broszur\u0119 online<\/p>\n                            <\/div>\n                            <p><strong>Bezp\u0142atnie i bez zobowi\u0105za\u0144<\/strong><br> Rozpocznij swoj\u0105 mark\u0119 paznokci z CNC<\/p>\n                                                            <a class=\"icon-link\" href=\"https:\/\/www.cncinternational.eu\/catalogue\/\" target=\"_self\">Zam\u00f3w teraz &gt;<\/a>\n                                                                                <\/div>\n                                                                    <div class=\"card\">\n                            <div class=\"icon-wrap\">\n                                                                    <img loading=\"lazy\" decoding=\"async\" src=\"https:\/\/www.cncinternational.eu\/wp-content\/uploads\/2024\/08\/Image-13.png\" alt=\"Image 13\" width=\"40\" height=\"40\">\n                                                                <p class=\"icon-text\">Zadzwo\u0144 do nas<\/p>\n                            <\/div>\n                            <p><strong>Natychmiastowa reakcja<\/strong><br> Dni robocze: 8:30-17:00<\/p>\n                                                            <a class=\"icon-link\" href=\"tel:31885155850\" target=\"_blank\">31 88 5155850<\/a>\n                                                                                <\/div>\n                                                                    <div class=\"card\">\n                            <div class=\"icon-wrap\">\n                                                                    <img loading=\"lazy\" decoding=\"async\" src=\"https:\/\/www.cncinternational.eu\/wp-content\/uploads\/2024\/08\/Image-14.png\" alt=\"Image 14\" width=\"40\" height=\"40\">\n                                                                <p class=\"icon-text\">Czat z nami<\/p>\n                            <\/div>\n                            <p><strong>Natychmiastowa reakcja<\/strong><br> Dni robocze: 8:30-17:00<\/p>\n                                                            <a class=\"icon-link\" href=\"https:\/\/online4.superoffice.com\/Cust21613\/CS\/javascript\/chatframe.html?topicId=3&#038;title=Click%20here%20to%20start%20a%20chat&#038;theme=modern&#038;color=%23422c86&#038;badgeColor=%23422c86&#038;badgeTextColor=%23ffffff&#038;custMsgColor=null&#038;custMsgTextColor=null&#038;agentMsgColor=null&#038;agentMsgTextColor=null&#038;buttonColor=%23422c86&#038;buttonTextColor=null&#038;font=verdana&#038;fontSize=null&#038;size=large&#038;delay=1&#038;mobile=false&#038;windowWidth=300&#038;windowHeight=600\" target=\"_blank\">Czat z nami  &gt;<\/a>\n                                                                                <\/div>\n                                                                    <div class=\"card\">\n                            <div class=\"icon-wrap\">\n                                                                    <img loading=\"lazy\" decoding=\"async\" src=\"https:\/\/www.cncinternational.eu\/wp-content\/uploads\/2024\/08\/Image-15.png\" alt=\"Image 15\" width=\"40\" height=\"40\">\n                                                                <p class=\"icon-text\">Wy\u015blij wiadomo\u015b\u0107 e-mail<\/p>\n                            <\/div>\n                            <p>Odpowied\u017a w ci\u0105gu 72 godzin w dni robocze<\/p>\n                                                            <a class=\"icon-link\" href=\"mailto:sales@cncinternational.eu\" target=\"_blank\">sales@cncinternational.eu &gt;<\/a>\n                                                                                <\/div>\n                                                                    <div class=\"card\">\n                            <div class=\"icon-wrap\">\n                                                                    <img loading=\"lazy\" decoding=\"async\" src=\"https:\/\/www.cncinternational.eu\/wp-content\/uploads\/2024\/08\/Image-18.png\" alt=\"Image 18\" width=\"40\" height=\"40\">\n                                                                <p class=\"icon-text\">Rozmowa wideo<\/p>\n                            <\/div>\n                            <p><strong>Kiedy tylko Ci pasuje<\/strong><br> Osobiste i interaktywne wprowadzenie<\/p>\n                                                            <a class=\"icon-link\" href=\"https:\/\/www.cncinternational.eu\/about-us\/#meet-team\" target=\"_self\">Zarejestruj si\u0119 teraz!<\/a>\n                                                                                <\/div>\n                                                <\/div>\n        <\/div>\n    <\/section>\n\n\n    \t<section class=\"contact-block form-with-image gradient-bg \" id=\"contact\">\n\t\t<div class=\"container\">\n\t\t\t<div class=\"row justify-content-center\">\n\t\t\t\t<div class=\"col-12 col-md-12 col-lg-10\">\n\t\t\t\t\t<div class=\"form-wrapper\">\n\t\t\t\t\t\t<div class=\"col-12 col-md-10 col-lg-9 mx-auto\">\n\t\t\t\t\t\t\t<h2 class=\"form-title\">Sprawd\u017a nasz\u0105 broszur\u0119 online z produktami do paznokci UV bez TPO i HEMA<\/h2>\t\t\t\t\t\t<\/div>\n\t\t\t\t\t\t\t\t\t\t\t\t<div class=\"row\">\n\t\t\t\t\t\t\t<div class=\"col-12 col-md-7 col-lg-7\">\n\t\t\t\t\t\t\t\t\t\t\t\t\t\t\t\t\t<div class=\"form\">\n\t\t\t\t\t\t\t\t\t\t<script src='https:\/\/online4.superoffice.com\/Cust21613\/CS\/scripts\/customer.fcgi?action=form&#038;id=F-PcGmaB5k' defer><\/script>\t\t\t\t\t\t\t\t\t\t\t\t\t\t\t\t\t\t\t\t\t\t\t\t\t\t\t\t\t\t\t\t<\/div>\n\t\t\t\t\t\t\t\t\t\t\t\t\t\t\t<\/div>\n\t\t\t\t\t\t\t<div class=\"col-12 col-md-5 col-lg-5\">\n\t\t\t\t\t\t\t\t<div class=\"col-12 col-md col-excerpt\">\n\t\t\t\t\t\t\t\t\t<div class=\"excerpt-wrapper\">\n\t\t\t\t\t\t\t\t\t<p>Nasze wszechstronne produkty do paznokci marki w\u0142asnej charakteryzuj\u0105 si\u0119 najwy\u017csz\u0105 jako\u015bci\u0105 w konkurencyjnych cenach. Jeste\u015bmy dumnym producentem \u017celi UV do paznokci dla wielu marek na ca\u0142ym \u015bwiecie. CNC International zosta\u0142a za\u0142o\u017cona w 1993 roku, z fabryk\u0105 w Holandii, w Europie. Nasze \u017celowe i akrylowe produkty do paznokci mog\u0105 by\u0107 dostarczane luzem lub nape\u0142nione i w pe\u0142ni wyko\u0144czone: gotowe do sprzeda\u017cy!     <\/p>\t\t\t\t\t\t\n\t\t\t\t\t\t\t\t\t<\/div>\n\t\t\t\t\t\t\t\t<\/div>\n\t\t\t\t\t\t\t\t<div class=\"col-img img-wrapper\">\n\t\t\t\t\t\t\t\t\t<img decoding=\"async\" src=\"https:\/\/www.cncinternational.eu\/wp-content\/uploads\/2025\/08\/Telefoon-EP.png\" alt=\"\">\n\t\t\t\t\t\t\t\t<\/div>\n\t\t\t\t\t\t\t\t\t\t\t\t\t\t\t\t\t<div class=\"col-12 col-md col-excerpt\">\n\t\t\t\t\t\t\t\t\t\t<div class=\"excerpt-wrapper\">\n\t\t\t\t\t\t\t\t\t\t<p>W naszym katalogu na 2026 rok znajdziesz:\r\n<ul>\r\n<li>Nasze najlepiej sprzedaj\u0105ce si\u0119 i nowe produkty UV gel 2026<\/li>\r\n<li>Ceny pocz\u0105tkowe za litr<\/li>\r\n<li>Kluczowe korzy\u015bci ze wsp\u00f3\u0142pracy z CNC<\/li>\r\n<\/ul><\/p>\t\t\t\t\t\t\n\t\t\t\t\t\t\t\t\t\t<\/div>\n\t\t\t\t\t\t\t\t\t<\/div>\n\t\t\t\t\t\t\t\t\t\t\t\t\t\t\t<\/div>\n\t\t\t\t\t\t<\/div>\n\t\t\t\t\t\t\t\t\t\t\t\t\t\t\t\t\t\t\t\t\t\t\t\t<\/div>\n\t\t\t\t<\/div>\n\t\t\t\t\n\t\t\t<\/div>\n\t\t<\/div>\n\t<\/section>\n    \t\n  \t\n\t\n\n                    <section class=\"team-grid  \">\n            <div class=\"container\">\n                                    <h2 class=\"title\">POZNAJ NASZ ZESP\u00d3\u0141<\/h2>\n                                                    <div class=\"team-wrap\">\n                                                                                <div class=\"team-card\">\n                                                                    <img loading=\"lazy\" decoding=\"async\" src=\"https:\/\/www.cncinternational.eu\/wp-content\/uploads\/2026\/02\/2026-Indre.png\" alt=\"2026 Indre\" width=\"240\" height=\"240\">\n                                                                <div class=\"team-desc\">\n                                    <div class=\"name-wrap\">\n                                        <p class=\"team-name\">Indre<\/p>\n                                        <p class=\"job-title\">Account manager<\/p>\n                                    <\/div>\n                                                                            <a class=\"btn\" href=\"https:\/\/calendly.com\/contact-indre\" target=\"_blank\">Skontaktuj si\u0119 ze mn\u0105<\/a>\n                                                                    <\/div>\n                            <\/div>\n                                                                                <div class=\"team-card\">\n                                                                    <img loading=\"lazy\" decoding=\"async\" src=\"https:\/\/www.cncinternational.eu\/wp-content\/uploads\/2026\/02\/2026-Floor.png\" alt=\"2026 Floor\" width=\"240\" height=\"240\">\n                                                                <div class=\"team-desc\">\n                                    <div class=\"name-wrap\">\n                                        <p class=\"team-name\">Floor<\/p>\n                                        <p class=\"job-title\">Account manager<\/p>\n                                    <\/div>\n                                                                            <a class=\"btn\" href=\"http:\/\/calendly.com\/floor-ac0\" target=\"_blank\">Skontaktuj si\u0119 ze mn\u0105<\/a>\n                                                                    <\/div>\n                            <\/div>\n                                                                                <div class=\"team-card\">\n                                                                    <img loading=\"lazy\" decoding=\"async\" src=\"https:\/\/www.cncinternational.eu\/wp-content\/uploads\/2026\/02\/2026-Antonela.png\" alt=\"2026 Antonela\" width=\"240\" height=\"240\">\n                                                                <div class=\"team-desc\">\n                                    <div class=\"name-wrap\">\n                                        <p class=\"team-name\">Antonela<\/p>\n                                        <p class=\"job-title\">Account Manager<\/p>\n                                    <\/div>\n                                                                            <a class=\"btn\" href=\"https:\/\/calendly.com\/contact-antonela\" target=\"_self\">Skontaktuj si\u0119 ze mn\u0105<\/a>\n                                                                    <\/div>\n                            <\/div>\n                                                                                <div class=\"team-card\">\n                                                                    <img loading=\"lazy\" decoding=\"async\" src=\"https:\/\/www.cncinternational.eu\/wp-content\/uploads\/2026\/02\/2026-Kelly.png\" alt=\"2026 Kelly\" width=\"240\" height=\"240\">\n                                                                <div class=\"team-desc\">\n                                    <div class=\"name-wrap\">\n                                        <p class=\"team-name\">Kelly<\/p>\n                                        <p class=\"job-title\">Account Manager<\/p>\n                                    <\/div>\n                                                                            <a class=\"btn\" href=\"https:\/\/calendly.com\/contact-kelly-cnc\" target=\"_blank\">Skontaktuj si\u0119 ze mn\u0105<\/a>\n                                                                    <\/div>\n                            <\/div>\n                                            <\/div>\n                            <\/div>\n        <\/section>\n    ","protected":false},"excerpt":{"rendered":"","protected":false},"author":1,"featured_media":0,"parent":0,"menu_order":0,"comment_status":"closed","ping_status":"closed","template":"","meta":{"_acf_changed":false,"inline_featured_image":false,"footnotes":""},"class_list":["post-6515","page","type-page","status-publish","hentry"],"acf":[],"yoast_head":"<!-- This site is optimized with the Yoast SEO plugin v27.4 - https:\/\/yoast.com\/product\/yoast-seo-wordpress\/ -->\n<title>Kontakt CNC International | Zam\u00f3w broszur\u0119 paznokci<\/title>\n<meta name=\"description\" content=\"Skontaktuj si\u0119 z CNC International. Zam\u00f3w nasz\u0105 broszur\u0119 online i odkryj dzi\u015b bestsellery do paznokci bez TPO i HEMA.\" \/>\n<meta name=\"robots\" content=\"index, follow, max-snippet:-1, max-image-preview:large, max-video-preview:-1\" \/>\n<link rel=\"canonical\" href=\"https:\/\/www.cncinternational.eu\/pl\/contact\/\" \/>\n<meta property=\"og:locale\" content=\"pl_PL\" \/>\n<meta property=\"og:type\" content=\"article\" \/>\n<meta property=\"og:title\" content=\"Kontakt CNC International | Zam\u00f3w broszur\u0119 paznokci\" \/>\n<meta property=\"og:description\" content=\"Skontaktuj si\u0119 z CNC International. Zam\u00f3w nasz\u0105 broszur\u0119 online i odkryj dzi\u015b bestsellery do paznokci bez TPO i HEMA.\" \/>\n<meta property=\"og:url\" content=\"https:\/\/www.cncinternational.eu\/pl\/contact\/\" \/>\n<meta property=\"og:site_name\" content=\"CNC International\" \/>\n<meta property=\"article:modified_time\" content=\"2026-03-10T15:56:50+00:00\" \/>\n<meta name=\"twitter:card\" content=\"summary_large_image\" \/>\n<script type=\"application\/ld+json\" class=\"yoast-schema-graph\">{\"@context\":\"https:\\\/\\\/schema.org\",\"@graph\":[{\"@type\":\"WebPage\",\"@id\":\"https:\\\/\\\/www.cncinternational.eu\\\/pl\\\/contact\\\/\",\"url\":\"https:\\\/\\\/www.cncinternational.eu\\\/pl\\\/contact\\\/\",\"name\":\"Kontakt CNC International | Zam\u00f3w broszur\u0119 paznokci\",\"isPartOf\":{\"@id\":\"https:\\\/\\\/www.cncinternational.eu\\\/pl\\\/#website\"},\"datePublished\":\"2021-10-14T07:15:48+00:00\",\"dateModified\":\"2026-03-10T15:56:50+00:00\",\"description\":\"Skontaktuj si\u0119 z CNC International. Zam\u00f3w nasz\u0105 broszur\u0119 online i odkryj dzi\u015b bestsellery do paznokci bez TPO i HEMA.\",\"breadcrumb\":{\"@id\":\"https:\\\/\\\/www.cncinternational.eu\\\/pl\\\/contact\\\/#breadcrumb\"},\"inLanguage\":\"pl-PL\",\"potentialAction\":[{\"@type\":\"ReadAction\",\"target\":[\"https:\\\/\\\/www.cncinternational.eu\\\/pl\\\/contact\\\/\"]}]},{\"@type\":\"BreadcrumbList\",\"@id\":\"https:\\\/\\\/www.cncinternational.eu\\\/pl\\\/contact\\\/#breadcrumb\",\"itemListElement\":[{\"@type\":\"ListItem\",\"position\":1,\"name\":\"Home\",\"item\":\"https:\\\/\\\/www.cncinternational.eu\\\/pl\\\/\"},{\"@type\":\"ListItem\",\"position\":2,\"name\":\"Kontakt\"}]},{\"@type\":\"WebSite\",\"@id\":\"https:\\\/\\\/www.cncinternational.eu\\\/pl\\\/#website\",\"url\":\"https:\\\/\\\/www.cncinternational.eu\\\/pl\\\/\",\"name\":\"CNC International\",\"description\":\"Just another WordPress site\",\"potentialAction\":[{\"@type\":\"SearchAction\",\"target\":{\"@type\":\"EntryPoint\",\"urlTemplate\":\"https:\\\/\\\/www.cncinternational.eu\\\/pl\\\/?s={search_term_string}\"},\"query-input\":{\"@type\":\"PropertyValueSpecification\",\"valueRequired\":true,\"valueName\":\"search_term_string\"}}],\"inLanguage\":\"pl-PL\"}]}<\/script>\n<!-- \/ Yoast SEO plugin. -->","yoast_head_json":{"title":"Kontakt CNC International | Zam\u00f3w broszur\u0119 paznokci","description":"Skontaktuj si\u0119 z CNC International. Zam\u00f3w nasz\u0105 broszur\u0119 online i odkryj dzi\u015b bestsellery do paznokci bez TPO i HEMA.","robots":{"index":"index","follow":"follow","max-snippet":"max-snippet:-1","max-image-preview":"max-image-preview:large","max-video-preview":"max-video-preview:-1"},"canonical":"https:\/\/www.cncinternational.eu\/pl\/contact\/","og_locale":"pl_PL","og_type":"article","og_title":"Kontakt CNC International | Zam\u00f3w broszur\u0119 paznokci","og_description":"Skontaktuj si\u0119 z CNC International. Zam\u00f3w nasz\u0105 broszur\u0119 online i odkryj dzi\u015b bestsellery do paznokci bez TPO i HEMA.","og_url":"https:\/\/www.cncinternational.eu\/pl\/contact\/","og_site_name":"CNC International","article_modified_time":"2026-03-10T15:56:50+00:00","twitter_card":"summary_large_image","schema":{"@context":"https:\/\/schema.org","@graph":[{"@type":"WebPage","@id":"https:\/\/www.cncinternational.eu\/pl\/contact\/","url":"https:\/\/www.cncinternational.eu\/pl\/contact\/","name":"Kontakt CNC International | Zam\u00f3w broszur\u0119 paznokci","isPartOf":{"@id":"https:\/\/www.cncinternational.eu\/pl\/#website"},"datePublished":"2021-10-14T07:15:48+00:00","dateModified":"2026-03-10T15:56:50+00:00","description":"Skontaktuj si\u0119 z CNC International. Zam\u00f3w nasz\u0105 broszur\u0119 online i odkryj dzi\u015b bestsellery do paznokci bez TPO i HEMA.","breadcrumb":{"@id":"https:\/\/www.cncinternational.eu\/pl\/contact\/#breadcrumb"},"inLanguage":"pl-PL","potentialAction":[{"@type":"ReadAction","target":["https:\/\/www.cncinternational.eu\/pl\/contact\/"]}]},{"@type":"BreadcrumbList","@id":"https:\/\/www.cncinternational.eu\/pl\/contact\/#breadcrumb","itemListElement":[{"@type":"ListItem","position":1,"name":"Home","item":"https:\/\/www.cncinternational.eu\/pl\/"},{"@type":"ListItem","position":2,"name":"Kontakt"}]},{"@type":"WebSite","@id":"https:\/\/www.cncinternational.eu\/pl\/#website","url":"https:\/\/www.cncinternational.eu\/pl\/","name":"CNC International","description":"Just another WordPress site","potentialAction":[{"@type":"SearchAction","target":{"@type":"EntryPoint","urlTemplate":"https:\/\/www.cncinternational.eu\/pl\/?s={search_term_string}"},"query-input":{"@type":"PropertyValueSpecification","valueRequired":true,"valueName":"search_term_string"}}],"inLanguage":"pl-PL"}]}},"_links":{"self":[{"href":"https:\/\/www.cncinternational.eu\/pl\/wp-json\/wp\/v2\/pages\/6515","targetHints":{"allow":["GET"]}}],"collection":[{"href":"https:\/\/www.cncinternational.eu\/pl\/wp-json\/wp\/v2\/pages"}],"about":[{"href":"https:\/\/www.cncinternational.eu\/pl\/wp-json\/wp\/v2\/types\/page"}],"author":[{"embeddable":true,"href":"https:\/\/www.cncinternational.eu\/pl\/wp-json\/wp\/v2\/users\/1"}],"replies":[{"embeddable":true,"href":"https:\/\/www.cncinternational.eu\/pl\/wp-json\/wp\/v2\/comments?post=6515"}],"version-history":[{"count":23,"href":"https:\/\/www.cncinternational.eu\/pl\/wp-json\/wp\/v2\/pages\/6515\/revisions"}],"predecessor-version":[{"id":14357,"href":"https:\/\/www.cncinternational.eu\/pl\/wp-json\/wp\/v2\/pages\/6515\/revisions\/14357"}],"wp:attachment":[{"href":"https:\/\/www.cncinternational.eu\/pl\/wp-json\/wp\/v2\/media?parent=6515"}],"curies":[{"name":"wp","href":"https:\/\/api.w.org\/{rel}","templated":true}]}}