{"id":12146,"date":"2025-07-15T12:00:08","date_gmt":"2025-07-15T12:00:08","guid":{"rendered":"https:\/\/www.cncinternational.eu\/?page_id=12146"},"modified":"2025-10-09T08:34:35","modified_gmt":"2025-10-09T08:34:35","slug":"combo-gel","status":"publish","type":"page","link":"https:\/\/www.cncinternational.eu\/pl\/combo-gel\/","title":{"rendered":"Combo Gel"},"content":{"rendered":"  \t\n\t  <header class=\"main-header \">\n\t\t<!-- For mobile -->\n\t\t<div class=\"d-block d-sm-none\">\n\t\t  <div class=\"container-fluid px-0\">\n\t\t\t<div class=\"container g-0\">\n\t\t\t  <div class=\"row g-0 justify-content-start align-items-center\">\n\t\t\t\t<div class=\"col-12 d-sm-none\">\n\t\t\t\t  <div class=\"header-image\">\n\t\t\t\t\t\t\t\t\t\t\t\t<img fetchpriority=\"high\" decoding=\"async\" src=\"https:\/\/www.cncinternational.eu\/wp-content\/uploads\/2025\/06\/Private-labeling-nail-polish-manufacturer-products-scaled.jpg\" alt=\"Combo Gel\" width=\"2560\" height=\"1927\" loading=\"eager\">\n\t\t\t\t\t\t\t\t\t\t  <\/div>\n\t\t\t\t<\/div>\n\t\t\t\t<div class=\"offset-md-6 col-md-6\">\n\t\t\t\t  <div class=\"header-text\">\n\t\t\t\t\t<p class=\"mobile-title\">Combo Gel<\/p>\n\t\t\t\t\t<p>\u017bel Combo zosta\u0142 opracowany przez CNC International &#8211; \u0142\u0105czy w sobie najlepsze cechy \u017celu i akrylu w jednym innowacyjnym systemie. Nie zawiera HEMA i TPO. <\/p>\n\t\t\t\t\t\t\t\t\t\t\t\t\t\t  <\/div>\n\t\t\t\t<\/div>\n\t\t\t  <\/div>\n\t\t\t<\/div>\n\t\t  <\/div>\n\t\t<\/div>\n\t\t<!-- \/For mobile -->\n\t\t\n\t\t<!-- For desktop -->\n\t\t<div class=\"d-none d-sm-block\">\n\t\t  <div class=\"container-fluid px-0\" >\n\t\t\t<div class=\"header-bg\" style=\"background-image: url('https:\/\/www.cncinternational.eu\/wp-content\/uploads\/2025\/06\/Private-labeling-nail-polish-manufacturer-products-scaled.jpg');\">\n\t\t\t\t\n\t\t\t<\/div>\n\t\t\t<div class=\"container g-0\">\n\t\t\t  <div class=\"row g-0 justify-content-start align-items-center\">\n\t\t\t\t<div class=\"offset-md-6 col-md-6\">\n\t\t\t\t  <div class=\"header-text\">\n\t\t\t\t\t<h1>Combo Gel<\/h1>\n\t\t\t\t\t<p>\u017bel Combo zosta\u0142 opracowany przez CNC International &#8211; \u0142\u0105czy w sobie najlepsze cechy \u017celu i akrylu w jednym innowacyjnym systemie. Nie zawiera HEMA i TPO. <\/p>\n\t\t\t\t\n\t\t\t\t\t\t\t\t\t\t\t\t\t\t  <\/div>\n\t\t\t\t<\/div>\n\t\t\t  <\/div>\n\t\t\t<\/div>\n\t\t  <\/div>\n\t\t<\/div>\n\t\t<!-- \/For desktop -->\n\t  <\/header>\n\t  \n\t  \t\n\n\t<section class=\"news\">\n\t\t<div class=\"container p-0 \">\n\t\t\t<div class=\"row g-0\">\n\t\t\t\t<div class=\"col-12 overlap bg-white\">\n\t\t\t\t\t\t\t\t\t\t\t\t\t\t\t\t\t\t\t\t\t\t<!-- Start row -->\n\t\t\t\t\t\t\t\t\t\t\t\t\t\t\t\t\t\t\t\t\t\t\t\t\t\t\t\t\t\t\t\t\t\t\t\t\n\t\t\t\t\t\t\t\t\t<div class=\"row g-0 align-items-center\">\n\t\t\t\t\t\t\t\t\t\t<div class=\"col-12 col-md col-img img-wrapper\">\n\t\t\t\t\t\t\t\t\t\t\t\t\t\t\t\t\t\t\t\t\t\t\t\t\t\t\t\t\t\t\t\t\t\t<img loading=\"lazy\" decoding=\"async\" src=\"https:\/\/www.cncinternational.eu\/wp-content\/uploads\/2025\/10\/Combo-Gel-1.jpg\"\n\t\t\t\t\t\t\t\t\t\t\t\t\talt=\"Combo Gel = po\u0142\u0105czenie akrylu i \u017celu\" width=\"1445\" height=\"813\">\n\t\t\t\t\t\t\t\t\t\t\t\t\t\t\t\t\t\t\t\t\t<\/div>\n\t\t\t\t\t\t\t\t\t\t<div class=\"col-12 col-md col-excerpt\">\n\t\t\t\t\t\t\t\t\t\t\t<div class=\"excerpt-wrapper\">\n\t\t\t\t\t\t\t\t\t\t\t\t<h4>Combo Gel = po\u0142\u0105czenie akrylu i \u017celu<\/h4>\n\t\t\t\t\t\t\t\t\t\t\t\t<p>\u017bel Combo \u0142\u0105czy w sobie wytrzyma\u0142o\u015b\u0107 akrylu z elastyczno\u015bci\u0105 \u017celu. Lekki, elastyczny, mocny i trwa\u0142y. Dostarczany w tubce: wystarczy wyci\u0105\u0107, nada\u0107 kszta\u0142t roztworem i zacz\u0105\u0107 budowa\u0107 &#8211; nie wymaga mieszania ani czasu przetwarzania.  \r\n<\/p>\n\t\t\t\t\t\t\t\t\t\t\t\t\t\t\t\t\t\t\t\t\t\t\t\t\t\t\t\t\t\t\t\t\t\t\t\t\t\t\t\t\t\t\t\t\t\t\t\t\t\t\t\t\t\t\t\t\t\t\t\t\t\t\t\t\t\t\t\t\t\t\t\t\t\t\t\t\t\t\t\t\t\t\t\t\t\t\t\t\t\t\t\t\t\t\t\t\t\t\t\t\t\t\t\t\t\t\t\t\t\t\t\t\t\t\t\t\t\t\t<button href=\"https:\/\/youtube.com\/shorts\/e3lLvKXV3wQ?si=LO9SaTz5p0y3po1o\" class=\"more-link js-modal-btn\" data-channel=\"youtube\" data-video-url=\"https:\/\/www.youtube.com\/embed\/e3lLvKXV3wQ?si?autoplay=1\">Obejrzyj wideo ><\/button>\n\t\t\t\t\t\t\t\t\t\t\t\t\t\t\t\t\t\t\t\t\t\t\t\t\t\t\t\t\t\t\t\n\t\t\t\t\t\t\t\t\t\t\t\t\t\t\n\t\t\t\t\t\t\t\t\t\t\t\t\t\n\t\t\t\t\t\t\t\t\t\t\t\t\t<!-- Another button -->\n\t\t\t\t\t\t\t\t\t\t\t\t\t\t\t\t\t\t\t\t\t\t\t\t\t\t\t\t\t\t\t\t\t\t\t\t<\/div>\n\t\t\t\t\t\t\t\t\t\t<\/div>\n\t\t\t\t\t\t\t\t\t<\/div>\n\t\t\t\t\t\t\t\t\n\t\t\t\t\t\t\t\n\t\t\t\t\t\t\t\t\t\t\t\t\t\t\t\t\t\t\t\t\t\t\t\t\t\t\t\t\t\t\t\t\t\t\t\t\t\t\t\t\t\t\t\t\t\t\t\t\t\t\t\t<div class=\"row g-0 align-items-center\">\n\t\t\t\t\t\t\t\t\t\t<div class=\"col-12 col-md col-excerpt\">\n\t\t\t\t\t\t\t\t\t\t\t<div class=\"excerpt-wrapper\">\n\t\t\t\t\t\t\t\t\t\t\t\t<h4>Gotowy do u\u017cycia<\/h4>\n\t\t\t\t\t\t\t\t\t\t\t\t<p>Combo Gel jest wst\u0119pnie wymieszany i gotowy do u\u017cycia. Dost\u0119pny w tubkach o pojemno\u015bci 30 i 60 ml. Dost\u0119pny w 11 r\u00f3\u017cnych kolorach.  <\/p>\n\t\t\t\t\t\t\t\t\t\t\t\t\t\t\t\t\t\t\t\t\t\t\t<\/div>\n\t\t\t\t\t\t\t\t\t\t<\/div>\n\t\t\t\t\t\t\t\t\t\t<div class=\"col-12 col-md col-img img-wrapper\">\n\t\t\t\t\t\t\t\t\t\t\t\t\t\t\t\t\t\t\t\t\t\t\t\t\t\t\t\t\t\t\t\t\t\t\t\t<img loading=\"lazy\" decoding=\"async\" src=\"https:\/\/www.cncinternational.eu\/wp-content\/uploads\/2025\/06\/Combo-gel-3.png\"\n\t\t\t\t\t\t\t\t\t\t\t\t\t\talt=\"Gotowy do u\u017cycia\" width=\"1445\" height=\"813\">\n\t\t\t\t\t\t\t\t\t\t\t\t\t\t\t\t\t\t\t\t\t\t\t\t\t\t\t\t\t\t\t\t\t<\/div>\n\t\t\t\t\t\t\t\t\t<\/div>\n\t\t\t\t\t\t\t\t\n\t\t\t\t\t\t\t\n\t\t\t\t\t\t\t\t\t\t\t\t\t\t\t\t\t\t\t\t\t\t\t\t\t\t\t\t\t\t\t\t\t\t\t\t\t\t\t\t\t\t\t\n\t\t\t\t\t\t\t\t\t<div class=\"row g-0 align-items-center\">\n\t\t\t\t\t\t\t\t\t\t<div class=\"col-12 col-md col-img img-wrapper\">\n\t\t\t\t\t\t\t\t\t\t\t\t\t\t\t\t\t\t\t\t\t\t\t\t\t\t\t\t\t\t\t\t\t\t<img loading=\"lazy\" decoding=\"async\" src=\"https:\/\/www.cncinternational.eu\/wp-content\/uploads\/2025\/10\/Combo-Gel-2.jpg\"\n\t\t\t\t\t\t\t\t\t\t\t\t\talt=\"Combo Gel solution\" width=\"1445\" height=\"813\">\n\t\t\t\t\t\t\t\t\t\t\t\t\t\t\t\t\t\t\t\t\t<\/div>\n\t\t\t\t\t\t\t\t\t\t<div class=\"col-12 col-md col-excerpt\">\n\t\t\t\t\t\t\t\t\t\t\t<div class=\"excerpt-wrapper\">\n\t\t\t\t\t\t\t\t\t\t\t\t<h4>Combo Gel solution<\/h4>\n\t\t\t\t\t\t\t\t\t\t\t\t<p>U\u017cywaj Combo Gel z Combo Gel Solution, aby uzyska\u0107 g\u0142adki kszta\u0142t i idealn\u0105 aplikacj\u0119.  \r\n\r\n<\/p>\n\t\t\t\t\t\t\t\t\t\t\t\t\t\t\t\t\t\t\t\t\t\t\t<\/div>\n\t\t\t\t\t\t\t\t\t\t<\/div>\n\t\t\t\t\t\t\t\t\t<\/div>\n\t\t\t\t\t\t\t\t\n\t\t\t\t\t\t\t\n\t\t\t\t\t\t\t\t\t\t\t\t\t\t\t\t\t\t\t<!-- End row -->\n\t\t\t\t\t\t\t\t\t<\/div>\n\t\t\t<\/div>\n\t\t<\/div>\n\t<\/section>\n\n\t\n\n    \t<section class=\"contact-block form-with-image gradient-bg \" id=\"\">\n\t\t<div class=\"container\">\n\t\t\t<div class=\"row justify-content-center\">\n\t\t\t\t<div class=\"col-12 col-md-12 col-lg-10\">\n\t\t\t\t\t<div class=\"form-wrapper\">\n\t\t\t\t\t\t<div class=\"col-12 col-md-10 col-lg-9 mx-auto\">\n\t\t\t\t\t\t\t<h2 class=\"form-title\">Odkryj nasze najlepiej sprzedaj\u0105ce si\u0119 produkty do paznokci bez HEMA i TPO<\/h2>\t\t\t\t\t\t<\/div>\n\t\t\t\t\t\t\t\t\t\t\t\t<div class=\"row\">\n\t\t\t\t\t\t\t<div class=\"col-12 col-md-7 col-lg-7\">\n\t\t\t\t\t\t\t\t\t\t\t\t\t\t\t\t\t<div class=\"form\">\n\t\t\t\t\t\t\t\t\t\t<script src='https:\/\/online4.superoffice.com\/Cust21613\/CS\/scripts\/customer.fcgi?action=form&#038;id=F-PcGmaB5k' defer><\/script>\t\t\t\t\t\t\t\t\t\t\t\t\t\t\t\t\t\t\t\t\t\t\t\t\t\t\t\t\t\t\t\t<\/div>\n\t\t\t\t\t\t\t\t\t\t\t\t\t\t\t<\/div>\n\t\t\t\t\t\t\t<div class=\"col-12 col-md-5 col-lg-5\">\n\t\t\t\t\t\t\t\t<div class=\"col-12 col-md col-excerpt\">\n\t\t\t\t\t\t\t\t\t<div class=\"excerpt-wrapper\">\n\t\t\t\t\t\t\t\t\t<p>Nasze wszechstronne produkty do paznokci marki w\u0142asnej charakteryzuj\u0105 si\u0119 najwy\u017csz\u0105 jako\u015bci\u0105 w konkurencyjnych cenach. Jeste\u015bmy dumnym producentem \u017celi UV do paznokci dla wielu marek na ca\u0142ym \u015bwiecie. CNC International zosta\u0142a za\u0142o\u017cona w 1993 roku, z fabryk\u0105 w Holandii, w Europie. Nasze \u017celowe i akrylowe produkty do paznokci mog\u0105 by\u0107 dostarczane luzem lub nape\u0142nione i w pe\u0142ni wyko\u0144czone: gotowe do sprzeda\u017cy!     <\/p>\t\t\t\t\t\t\n\t\t\t\t\t\t\t\t\t<\/div>\n\t\t\t\t\t\t\t\t<\/div>\n\t\t\t\t\t\t\t\t<div class=\"col-img img-wrapper\">\n\t\t\t\t\t\t\t\t\t<img decoding=\"async\" src=\"https:\/\/www.cncinternational.eu\/wp-content\/uploads\/2025\/08\/Telefoon-EP.png\" alt=\"\">\n\t\t\t\t\t\t\t\t<\/div>\n\t\t\t\t\t\t\t\t\t\t\t\t\t\t\t\t\t<div class=\"col-12 col-md col-excerpt\">\n\t\t\t\t\t\t\t\t\t\t<div class=\"excerpt-wrapper\">\n\t\t\t\t\t\t\t\t\t\t<p>W naszym katalogu na 2025 rok znajdziesz:\r\n<ul>\r\n<li>Nasze najlepiej sprzedaj\u0105ce si\u0119 i nowe produkty UV gel 2025<\/li>\r\n<li>Ceny pocz\u0105tkowe za litr<\/li>\r\n<li>Kluczowe korzy\u015bci ze wsp\u00f3\u0142pracy z CNC<\/li>\r\n<\/ul><\/p>\t\t\t\t\t\t\n\t\t\t\t\t\t\t\t\t\t<\/div>\n\t\t\t\t\t\t\t\t\t<\/div>\n\t\t\t\t\t\t\t\t\t\t\t\t\t\t\t<\/div>\n\t\t\t\t\t\t<\/div>\n\t\t\t\t\t\t\t\t\t\t\t\t\t\t\t\t\t\t\t\t\t\t\t\t<\/div>\n\t\t\t\t<\/div>\n\t\t\t\t\n\t\t\t<\/div>\n\t\t<\/div>\n\t<\/section>\n    \t\n  \t\n\t","protected":false},"excerpt":{"rendered":"","protected":false},"author":7,"featured_media":0,"parent":0,"menu_order":0,"comment_status":"closed","ping_status":"closed","template":"","meta":{"_acf_changed":false,"inline_featured_image":false,"footnotes":""},"class_list":["post-12146","page","type-page","status-publish","hentry"],"acf":[],"yoast_head":"<!-- This site is optimized with the Yoast SEO plugin v27.4 - https:\/\/yoast.com\/product\/yoast-seo-wordpress\/ -->\n<title>Produkt do paznokci pod w\u0142asn\u0105 mark\u0105: Combo Gel - CNC International<\/title>\n<meta name=\"description\" content=\"Combo Gel zosta\u0142 opracowany przez CNC International \u2013 akryl i \u017cel po\u0142\u0105czone w jednym systemie. Bez HEMA i TPO. Dowiedz si\u0119 wi\u0119cej!\" \/>\n<meta name=\"robots\" content=\"index, follow, max-snippet:-1, max-image-preview:large, max-video-preview:-1\" \/>\n<link rel=\"canonical\" href=\"https:\/\/www.cncinternational.eu\/pl\/combo-gel\/\" \/>\n<meta property=\"og:locale\" content=\"pl_PL\" \/>\n<meta property=\"og:type\" content=\"article\" \/>\n<meta property=\"og:title\" content=\"Produkt do paznokci pod w\u0142asn\u0105 mark\u0105: Combo Gel - CNC International\" \/>\n<meta property=\"og:description\" content=\"Combo Gel zosta\u0142 opracowany przez CNC International \u2013 akryl i \u017cel po\u0142\u0105czone w jednym systemie. Bez HEMA i TPO. Dowiedz si\u0119 wi\u0119cej!\" \/>\n<meta property=\"og:url\" content=\"https:\/\/www.cncinternational.eu\/pl\/combo-gel\/\" \/>\n<meta property=\"og:site_name\" content=\"CNC International\" \/>\n<meta property=\"article:modified_time\" content=\"2025-10-09T08:34:35+00:00\" \/>\n<meta name=\"twitter:card\" content=\"summary_large_image\" \/>\n<script type=\"application\/ld+json\" class=\"yoast-schema-graph\">{\"@context\":\"https:\\\/\\\/schema.org\",\"@graph\":[{\"@type\":\"WebPage\",\"@id\":\"https:\\\/\\\/www.cncinternational.eu\\\/pl\\\/combo-gel\\\/\",\"url\":\"https:\\\/\\\/www.cncinternational.eu\\\/pl\\\/combo-gel\\\/\",\"name\":\"Produkt do paznokci pod w\u0142asn\u0105 mark\u0105: Combo Gel - CNC International\",\"isPartOf\":{\"@id\":\"https:\\\/\\\/www.cncinternational.eu\\\/pl\\\/#website\"},\"datePublished\":\"2025-07-15T12:00:08+00:00\",\"dateModified\":\"2025-10-09T08:34:35+00:00\",\"description\":\"Combo Gel zosta\u0142 opracowany przez CNC International \u2013 akryl i \u017cel po\u0142\u0105czone w jednym systemie. Bez HEMA i TPO. Dowiedz si\u0119 wi\u0119cej!\",\"breadcrumb\":{\"@id\":\"https:\\\/\\\/www.cncinternational.eu\\\/pl\\\/combo-gel\\\/#breadcrumb\"},\"inLanguage\":\"pl-PL\",\"potentialAction\":[{\"@type\":\"ReadAction\",\"target\":[\"https:\\\/\\\/www.cncinternational.eu\\\/pl\\\/combo-gel\\\/\"]}]},{\"@type\":\"BreadcrumbList\",\"@id\":\"https:\\\/\\\/www.cncinternational.eu\\\/pl\\\/combo-gel\\\/#breadcrumb\",\"itemListElement\":[{\"@type\":\"ListItem\",\"position\":1,\"name\":\"Home\",\"item\":\"https:\\\/\\\/www.cncinternational.eu\\\/pl\\\/\"},{\"@type\":\"ListItem\",\"position\":2,\"name\":\"Combo Gel\"}]},{\"@type\":\"WebSite\",\"@id\":\"https:\\\/\\\/www.cncinternational.eu\\\/pl\\\/#website\",\"url\":\"https:\\\/\\\/www.cncinternational.eu\\\/pl\\\/\",\"name\":\"CNC International\",\"description\":\"Just another WordPress site\",\"potentialAction\":[{\"@type\":\"SearchAction\",\"target\":{\"@type\":\"EntryPoint\",\"urlTemplate\":\"https:\\\/\\\/www.cncinternational.eu\\\/pl\\\/?s={search_term_string}\"},\"query-input\":{\"@type\":\"PropertyValueSpecification\",\"valueRequired\":true,\"valueName\":\"search_term_string\"}}],\"inLanguage\":\"pl-PL\"}]}<\/script>\n<!-- \/ Yoast SEO plugin. -->","yoast_head_json":{"title":"Produkt do paznokci pod w\u0142asn\u0105 mark\u0105: Combo Gel - CNC International","description":"Combo Gel zosta\u0142 opracowany przez CNC International \u2013 akryl i \u017cel po\u0142\u0105czone w jednym systemie. Bez HEMA i TPO. Dowiedz si\u0119 wi\u0119cej!","robots":{"index":"index","follow":"follow","max-snippet":"max-snippet:-1","max-image-preview":"max-image-preview:large","max-video-preview":"max-video-preview:-1"},"canonical":"https:\/\/www.cncinternational.eu\/pl\/combo-gel\/","og_locale":"pl_PL","og_type":"article","og_title":"Produkt do paznokci pod w\u0142asn\u0105 mark\u0105: Combo Gel - CNC International","og_description":"Combo Gel zosta\u0142 opracowany przez CNC International \u2013 akryl i \u017cel po\u0142\u0105czone w jednym systemie. Bez HEMA i TPO. Dowiedz si\u0119 wi\u0119cej!","og_url":"https:\/\/www.cncinternational.eu\/pl\/combo-gel\/","og_site_name":"CNC International","article_modified_time":"2025-10-09T08:34:35+00:00","twitter_card":"summary_large_image","schema":{"@context":"https:\/\/schema.org","@graph":[{"@type":"WebPage","@id":"https:\/\/www.cncinternational.eu\/pl\/combo-gel\/","url":"https:\/\/www.cncinternational.eu\/pl\/combo-gel\/","name":"Produkt do paznokci pod w\u0142asn\u0105 mark\u0105: Combo Gel - CNC International","isPartOf":{"@id":"https:\/\/www.cncinternational.eu\/pl\/#website"},"datePublished":"2025-07-15T12:00:08+00:00","dateModified":"2025-10-09T08:34:35+00:00","description":"Combo Gel zosta\u0142 opracowany przez CNC International \u2013 akryl i \u017cel po\u0142\u0105czone w jednym systemie. Bez HEMA i TPO. Dowiedz si\u0119 wi\u0119cej!","breadcrumb":{"@id":"https:\/\/www.cncinternational.eu\/pl\/combo-gel\/#breadcrumb"},"inLanguage":"pl-PL","potentialAction":[{"@type":"ReadAction","target":["https:\/\/www.cncinternational.eu\/pl\/combo-gel\/"]}]},{"@type":"BreadcrumbList","@id":"https:\/\/www.cncinternational.eu\/pl\/combo-gel\/#breadcrumb","itemListElement":[{"@type":"ListItem","position":1,"name":"Home","item":"https:\/\/www.cncinternational.eu\/pl\/"},{"@type":"ListItem","position":2,"name":"Combo Gel"}]},{"@type":"WebSite","@id":"https:\/\/www.cncinternational.eu\/pl\/#website","url":"https:\/\/www.cncinternational.eu\/pl\/","name":"CNC International","description":"Just another WordPress site","potentialAction":[{"@type":"SearchAction","target":{"@type":"EntryPoint","urlTemplate":"https:\/\/www.cncinternational.eu\/pl\/?s={search_term_string}"},"query-input":{"@type":"PropertyValueSpecification","valueRequired":true,"valueName":"search_term_string"}}],"inLanguage":"pl-PL"}]}},"_links":{"self":[{"href":"https:\/\/www.cncinternational.eu\/pl\/wp-json\/wp\/v2\/pages\/12146","targetHints":{"allow":["GET"]}}],"collection":[{"href":"https:\/\/www.cncinternational.eu\/pl\/wp-json\/wp\/v2\/pages"}],"about":[{"href":"https:\/\/www.cncinternational.eu\/pl\/wp-json\/wp\/v2\/types\/page"}],"author":[{"embeddable":true,"href":"https:\/\/www.cncinternational.eu\/pl\/wp-json\/wp\/v2\/users\/7"}],"replies":[{"embeddable":true,"href":"https:\/\/www.cncinternational.eu\/pl\/wp-json\/wp\/v2\/comments?post=12146"}],"version-history":[{"count":5,"href":"https:\/\/www.cncinternational.eu\/pl\/wp-json\/wp\/v2\/pages\/12146\/revisions"}],"predecessor-version":[{"id":13235,"href":"https:\/\/www.cncinternational.eu\/pl\/wp-json\/wp\/v2\/pages\/12146\/revisions\/13235"}],"wp:attachment":[{"href":"https:\/\/www.cncinternational.eu\/pl\/wp-json\/wp\/v2\/media?parent=12146"}],"curies":[{"name":"wp","href":"https:\/\/api.w.org\/{rel}","templated":true}]}}