{"id":1670,"date":"2022-02-09T11:16:11","date_gmt":"2022-02-09T11:16:11","guid":{"rendered":"https:\/\/www.cncinternational.eu\/?page_id=1670"},"modified":"2026-02-02T13:17:53","modified_gmt":"2026-02-02T13:17:53","slug":"gel-uv","status":"publish","type":"page","link":"https:\/\/www.cncinternational.eu\/it\/prodotto\/gel-uv\/","title":{"rendered":"Gel UV"},"content":{"rendered":"  \t\n\t  <header class=\"main-header \">\n\t\t<!-- For mobile -->\n\t\t<div class=\"d-block d-sm-none\">\n\t\t  <div class=\"container-fluid px-0\">\n\t\t\t<div class=\"container g-0\">\n\t\t\t  <div class=\"row g-0 justify-content-start align-items-center\">\n\t\t\t\t<div class=\"col-12 d-sm-none\">\n\t\t\t\t  <div class=\"header-image\">\n\t\t\t\t\t\t\t\t\t\t\t\t<img fetchpriority=\"high\" decoding=\"async\" src=\"https:\/\/www.cncinternational.eu\/wp-content\/uploads\/2022\/03\/Private-labeling-nail-UV-gels-1-scaled.jpg\" alt=\"Gel UV per unghie con etichettatura privata \" width=\"2560\" height=\"1927\" loading=\"eager\">\n\t\t\t\t\t\t\t\t\t\t  <\/div>\n\t\t\t\t<\/div>\n\t\t\t\t<div class=\"offset-md-6 col-md-6\">\n\t\t\t\t  <div class=\"header-text\">\n\t\t\t\t\t<p class=\"mobile-title\">Gel UV<\/p>\n\t\t\t\t\t<p>La produzione di gel UV \u00e8 il core business di CNC International. La sicurezza dei clienti \u00e8 la nostra priorit\u00e0; offriamo un&#8217;ampia gamma di gel UV senza HEMA e senza TPO nella nostra collezione standard. La collezione standard comprende Base Gel, Builder Gel, Fiber Gel, One Phase Gel, Top Gel e una collezione in continua crescita di Gel Polish.<\/p>\n\t\t\t\t\t\t\t\t\t\t\t\t\t\t\t\t\t\t<a class=\"btn mb-3\" href=\"\/it\/contatto#contact\">\n\t\t\t\t\t\t\t\tOttieni la brochure online\t\t\t\t\t\t\t<\/a>\n\t\t\t\t\t\t\t\t\t\t\t\t\t\t\t\t\t\t\t\t  <\/div>\n\t\t\t\t<\/div>\n\t\t\t  <\/div>\n\t\t\t<\/div>\n\t\t  <\/div>\n\t\t<\/div>\n\t\t<!-- \/For mobile -->\n\t\t\n\t\t<!-- For desktop -->\n\t\t<div class=\"d-none d-sm-block\">\n\t\t  <div class=\"container-fluid px-0\" >\n\t\t\t<div class=\"header-bg\" style=\"background-image: url('https:\/\/www.cncinternational.eu\/wp-content\/uploads\/2022\/03\/Private-labeling-nail-UV-gels-1-scaled.jpg');\">\n\t\t\t\t\n\t\t\t<\/div>\n\t\t\t<div class=\"container g-0\">\n\t\t\t  <div class=\"row g-0 justify-content-start align-items-center\">\n\t\t\t\t<div class=\"offset-md-6 col-md-6\">\n\t\t\t\t  <div class=\"header-text\">\n\t\t\t\t\t<h1>Gel UV<\/h1>\n\t\t\t\t\t<p>La produzione di gel UV \u00e8 il core business di CNC International. La sicurezza dei clienti \u00e8 la nostra priorit\u00e0; offriamo un&#8217;ampia gamma di gel UV senza HEMA e senza TPO nella nostra collezione standard. La collezione standard comprende Base Gel, Builder Gel, Fiber Gel, One Phase Gel, Top Gel e una collezione in continua crescita di Gel Polish.<\/p>\n\t\t\t\t\n\t\t\t\t\t\t\t\t\t\t\t\t\t\t\t\t\t\t<a class=\"btn mb-3\" href=\"\/it\/contatto#contact\">\n\t\t\t\t\t\tOttieni la brochure online\t\t\t\t\t\t\t<\/a>\n\t\t\t\t\t\t\t\t\t\t\t\t\t\t\t\t\t\t\t\t  <\/div>\n\t\t\t\t<\/div>\n\t\t\t  <\/div>\n\t\t\t<\/div>\n\t\t  <\/div>\n\t\t<\/div>\n\t\t<!-- \/For desktop -->\n\t  <\/header>\n\t  \n\t  \t\n\n\t<section class=\"news\">\n\t\t<div class=\"container p-0 \">\n\t\t\t<div class=\"row g-0\">\n\t\t\t\t<div class=\"col-12 overlap bg-white\">\n\t\t\t\t\t\t\t\t\t\t\t\t\t\t\t\t\t\t\t\t\t\t<!-- Start row -->\n\t\t\t\t\t\t\t\t\t\t\t\t\t\t\t\t\t\t\t\t\t\t\t\t\t\t\t\t\t\t\t\t\t\t\t\t\n\t\t\t\t\t\t\t\t\t<div id=\"basegel\" class=\"row g-0 align-items-center\">\n\t\t\t\t\t\t\t\t\t\t<div class=\"col-12 col-md col-img img-wrapper\">\n\t\t\t\t\t\t\t\t\t\t\t\t\t\t\t\t\t\t\t\t\t\t\t\t\t\t\t\t\t\t\t\t\t\t<img loading=\"lazy\" decoding=\"async\" src=\"https:\/\/www.cncinternational.eu\/wp-content\/uploads\/2021\/12\/Private-label-UV-Gels-Base-Gels.jpg\"\n\t\t\t\t\t\t\t\t\t\t\t\t\talt=\"Gel UV a marchio del distributore Gel di base \" width=\"1445\" height=\"813\">\n\t\t\t\t\t\t\t\t\t\t\t\t\t\t\t\t\t\t\t\t\t<\/div>\n\t\t\t\t\t\t\t\t\t\t<div class=\"col-12 col-md col-excerpt\">\n\t\t\t\t\t\t\t\t\t\t\t<div class=\"excerpt-wrapper\">\n\t\t\t\t\t\t\t\t\t\t\t\t<h4><\/h4>\n\t\t\t\t\t\t\t\t\t\t\t\t<p><h2 id=\"uvbasegel\">Gel UV Base<\/h2>\r\n\r\nIl primo passo in un sistema trifase. Questi gel garantiscono la perfetta adesione alle unghie naturali.<\/p>\n\t\t\t\t\t\t\t\t\t\t\t\t\t\t\t\t\t\t\t\t\t\t\t\t\t\t\t\t\t\t\t\t\t\t\t\t\t\t\t\t\t\t\t\t\t\t\t\t\t\t\t\t\t\t\t\t\t\t\t\t\t\t\t\t\t\t\t\t\t\t\t\t\t\t\t\t\t\t\t\t\t\t\t\t\t\t\t\t\t\t\t\t\t\t\t\t\t\t\t\t\t\t\t\t\t\t\t\t\t\t\t\t\t\t\t\t\t\t\t<button href=\"\" class=\"more-link js-modal-btn\" data-channel=\"youtube\" data-video-url=\"https:\/\/www.youtube.com\/embed\/videoseries?list=PL9QqRpR3DEq_eqfBIOciNBLJ8u-V0jML3\">Guarda un video ><\/button>\n\t\t\t\t\t\t\t\t\t\t\t\t\t\t\t\t\t\t\t\t\t\t\t\t\t\t\t\t\t\t\t\n\t\t\t\t\t\t\t\t\t\t\t\t\t\t\n\t\t\t\t\t\t\t\t\t\t\t\t\t\n\t\t\t\t\t\t\t\t\t\t\t\t\t<!-- Another button -->\n\t\t\t\t\t\t\t\t\t\t\t\t\t\t\t\t\t\t\t\t\t\t\t\t\t\t\t\t\t\t\t\t\t\t\t\t<\/div>\n\t\t\t\t\t\t\t\t\t\t<\/div>\n\t\t\t\t\t\t\t\t\t<\/div>\n\t\t\t\t\t\t\t\t\n\t\t\t\t\t\t\t\n\t\t\t\t\t\t\t\t\t\t\t\t\t\t\t\t\t\t\t\t\t\t\t\t\t\t\t\t\t\t\t\t\t\t\t\t\t\t\t\t\t\t\t\t\t\t\t\t\t\t\t\t<div id=\"buildergels\" class=\"row g-0 align-items-center\">\n\t\t\t\t\t\t\t\t\t\t<div class=\"col-12 col-md col-excerpt\">\n\t\t\t\t\t\t\t\t\t\t\t<div class=\"excerpt-wrapper\">\n\t\t\t\t\t\t\t\t\t\t\t\t<h4><\/h4>\n\t\t\t\t\t\t\t\t\t\t\t\t<p><h2 id=\"uvbuildergel\">Gel Costruttore<\/h2>\r\n\r\nI Builder Gel rappresentano il secondo step in un sistema gel trifasico. Sono ideali per la copertura dell\u2019unghia naturale e per le estensioni. Nel nostro assortimento offriamo 6 diverse linee di builder gel tra cui scegliere: Fiber Gel, Fiber Gel DHF, TXO Gel, Sculpting Gel, Royal Gel, Mousse Gel e Luxa Gel!<\/p>\n\t\t\t\t\t\t\t\t\t\t\t\t\t\t\t\t\t\t\t\t\t\t\t\t\t\t\t\t\t\t\t\t\t\t\t\t\t\t\t\t\t\t\t\t\t\t\t\t\t\t\t\t\t\t\t\t\t\t\t\t\t\t\t\t\t\t\t\t\t\t<a href=\"https:\/\/www.cncinternational.eu\/it\/prodotto\/gel-uv\/gel-costruttore-di-uv\/\" class=\"btn\">Scopri di pi\u00f9<\/a>\n\t\t\t\t\t\t\t\t\t\t\t\t\t\t\t\n\t\t\t\t\t\t\t\t\t\t\t\t\t\t\n\t\t\t\t\t\t\t\t\t\t\t\t\t\n\t\t\t\t\t\t\t\t\t\t\t\t\t<!-- Another button -->\n\t\t\t\t\t\t\t\t\t\t\t\t\t\t\t\t\t\t\t\t\t\t\t\t\t\t\t\t\t\t\t\t\t\t\t\t<\/div>\n\t\t\t\t\t\t\t\t\t\t<\/div>\n\t\t\t\t\t\t\t\t\t\t<div class=\"col-12 col-md col-img img-wrapper\">\n\t\t\t\t\t\t\t\t\t\t\t\t\t\t\t\t\t\t\t\t\t\t\t\t\t\t\t\t\t\t\t\t\t\t\t\t<img loading=\"lazy\" decoding=\"async\" src=\"https:\/\/www.cncinternational.eu\/wp-content\/uploads\/2021\/12\/Private-label-French-manicure-UV-gels-builder-gels-fiber-gel-.jpg\"\n\t\t\t\t\t\t\t\t\t\t\t\t\t\talt=\"Private label French manicure gel UV gel builder fiber gel\" width=\"1445\" height=\"813\">\n\t\t\t\t\t\t\t\t\t\t\t\t\t\t\t\t\t\t\t\t\t\t\t\t\t\t\t\t\t\t\t\t\t<\/div>\n\t\t\t\t\t\t\t\t\t<\/div>\n\t\t\t\t\t\t\t\t\n\t\t\t\t\t\t\t\n\t\t\t\t\t\t\t\t\t\t\t\t\t\t\t\t\t\t\t\t\t\t\t\t\t\t\t\t\t\t\t\t\t\t\t\t\t\t\t\t\t\t\t\n\t\t\t\t\t\t\t\t\t<div id=\"topgels\" class=\"row g-0 align-items-center\">\n\t\t\t\t\t\t\t\t\t\t<div class=\"col-12 col-md col-img img-wrapper\">\n\t\t\t\t\t\t\t\t\t\t\t\t\t\t\t\t\t\t\t\t\t\t\t\t\t\t\t\t\t\t\t\t\t\t<img loading=\"lazy\" decoding=\"async\" src=\"https:\/\/www.cncinternational.eu\/wp-content\/uploads\/2021\/12\/Private-label-UV-high-shine-top-gel-French-manicure-application.jpg\"\n\t\t\t\t\t\t\t\t\t\t\t\t\talt=\"Applicazione di french manicure in gel top UV extra lucido private label  \" width=\"1445\" height=\"813\">\n\t\t\t\t\t\t\t\t\t\t\t\t\t\t\t\t\t\t\t\t\t<\/div>\n\t\t\t\t\t\t\t\t\t\t<div class=\"col-12 col-md col-excerpt\">\n\t\t\t\t\t\t\t\t\t\t\t<div class=\"excerpt-wrapper\">\n\t\t\t\t\t\t\t\t\t\t\t\t<h4><\/h4>\n\t\t\t\t\t\t\t\t\t\t\t\t<p><h2 id=\"uvtopcoat\">Top coat UV gel<\/h2>\r\n\r\nI Top Gel UV sono il terzo e ultimo passaggio in un sistema di gel trifase. Questo gel di finitura assicura la protezione di tutti i lavori e dona alle unghie una lucentezza perfetta.<\/p>\n\t\t\t\t\t\t\t\t\t\t\t\t\t\t\t\t\t\t\t\t\t\t\t\t\t\t\t\t\t\t\t\t\t\t\t\t\t\t\t\t\t\t\t\t\t\t\t\t\t\t\t\t\t\t\t\t\t\t\t\t\t\t\t\t\t\t\t\t\t\t\t\t\t\t\t\t\t\t\t\t\t\t\t\t\t\t\t\t\t\t\t\t\t\t\t\t\t\t\t\t\t\t\t\t\t\t\t\t\t\t\t\t\t\t\t\t\t\t\t<button href=\"\" class=\"more-link js-modal-btn\" data-channel=\"youtube\" data-video-url=\"https:\/\/www.youtube.com\/embed\/videoseries?list=PL9QqRpR3DEq8rqSALfM99Ic_Zcz2WSV3h\">Guarda un video ><\/button>\n\t\t\t\t\t\t\t\t\t\t\t\t\t\t\t\t\t\t\t\t\t\t\t\t\t\t\t\t\t\t\t\n\t\t\t\t\t\t\t\t\t\t\t\t\t\t\n\t\t\t\t\t\t\t\t\t\t\t\t\t\n\t\t\t\t\t\t\t\t\t\t\t\t\t<!-- Another button -->\n\t\t\t\t\t\t\t\t\t\t\t\t\t\t\t\t\t\t\t\t\t\t\t\t\t\t\t\t\t\t\t\t\t\t\t\t<\/div>\n\t\t\t\t\t\t\t\t\t\t<\/div>\n\t\t\t\t\t\t\t\t\t<\/div>\n\t\t\t\t\t\t\t\t\n\t\t\t\t\t\t\t\n\t\t\t\t\t\t\t\t\t\t\t\t\t\t\t\t\t\t\t\t\t\t\t\t\t\t\t\t\t\t\t\t\t\t\t\t\t\t\t\t\t\t\t\t\t\t\t\t\t\t\t\t<div id=\"onephasegels\" class=\"row g-0 align-items-center\">\n\t\t\t\t\t\t\t\t\t\t<div class=\"col-12 col-md col-excerpt\">\n\t\t\t\t\t\t\t\t\t\t\t<div class=\"excerpt-wrapper\">\n\t\t\t\t\t\t\t\t\t\t\t\t<h4><\/h4>\n\t\t\t\t\t\t\t\t\t\t\t\t<p><h2 id=\"uvonephasegel\">Gel UV monofase<\/h2>\r\n\r\nI nostri One Phase Gel combinano le qualit\u00e0 di base gel, builder gel e top gel in un unico prodotto. Facili da usare e con un risultato di lunga durata! Nel nostro assortimento abbiamo 4 diverse linee di One Phase Gel tra cui scegliere:\r\n<ul >\r\n<li>Solid Flex Gels<\/li>\r\n<li>Diamond Gels<\/li>\r\n<li>Elementary Gels<\/li>\r\n<li>Omni Gels<\/li>\r\n<\/ul><\/p>\n\t\t\t\t\t\t\t\t\t\t\t\t\t\t\t\t\t\t\t\t\t\t\t\t\t\t\t\t\t\t\t\t\t\t\t\t\t\t\t\t\t\t\t\t\t\t\t\t\t\t\t\t\t\t\t\t\t\t\t\t\t\t\t\t\t\t\t\t\t\t<a href=\"https:\/\/www.cncinternational.eu\/it\/prodotto\/gel-uv\/gel-monofase\/\" class=\"btn\">Scopri di pi\u00f9<\/a>\n\t\t\t\t\t\t\t\t\t\t\t\t\t\t\t\n\t\t\t\t\t\t\t\t\t\t\t\t\t\t\n\t\t\t\t\t\t\t\t\t\t\t\t\t\n\t\t\t\t\t\t\t\t\t\t\t\t\t<!-- Another button -->\n\t\t\t\t\t\t\t\t\t\t\t\t\t\t\t\t\t\t\t\t\t\t\t\t\t\t\t\t\t\t\t\t\t\t\t\t<\/div>\n\t\t\t\t\t\t\t\t\t\t<\/div>\n\t\t\t\t\t\t\t\t\t\t<div class=\"col-12 col-md col-img img-wrapper\">\n\t\t\t\t\t\t\t\t\t\t\t\t\t\t\t\t\t\t\t\t\t\t\t\t\t\t\t\t\t\t\t\t\t\t\t\t<img loading=\"lazy\" decoding=\"async\" src=\"https:\/\/www.cncinternational.eu\/wp-content\/uploads\/2021\/12\/Private-label-UV-One-Phase-Gels-assortment-.jpg\"\n\t\t\t\t\t\t\t\t\t\t\t\t\t\talt=\"Assortimento di gel UV monofase a marchio del distributore\" width=\"1445\" height=\"813\">\n\t\t\t\t\t\t\t\t\t\t\t\t\t\t\t\t\t\t\t\t\t\t\t\t\t\t\t\t\t\t\t\t\t<\/div>\n\t\t\t\t\t\t\t\t\t<\/div>\n\t\t\t\t\t\t\t\t\n\t\t\t\t\t\t\t\n\t\t\t\t\t\t\t\t\t\t\t\t\t\t\t\t\t\t\t\t\t\t\t\t\t\t\t\t\t\t\t\t\t\t\t\t\t\t\t\t\t\t\t\n\t\t\t\t\t\t\t\t\t<div class=\"row g-0 align-items-center\">\n\t\t\t\t\t\t\t\t\t\t<div class=\"col-12 col-md col-img img-wrapper\">\n\t\t\t\t\t\t\t\t\t\t\t\t\t\t\t\t\t\t\t\t\t\t\t\t\t\t\t\t\t\t\t\t\t\t<img loading=\"lazy\" decoding=\"async\" src=\"https:\/\/www.cncinternational.eu\/wp-content\/uploads\/2025\/08\/Brush-On-Builder-Gel-1445x813-1.jpg\"\n\t\t\t\t\t\t\t\t\t\t\t\t\talt=\"\" width=\"1445\" height=\"813\">\n\t\t\t\t\t\t\t\t\t\t\t\t\t\t\t\t\t\t\t\t\t<\/div>\n\t\t\t\t\t\t\t\t\t\t<div class=\"col-12 col-md col-excerpt\">\n\t\t\t\t\t\t\t\t\t\t\t<div class=\"excerpt-wrapper\">\n\t\t\t\t\t\t\t\t\t\t\t\t<h4><\/h4>\n\t\t\t\t\t\t\t\t\t\t\t\t<p><h2 id=\"brushonbuildergel\">Brush-on-Builder gel: il builder in bottiglia<\/h2>\r\n\r\nIl Brush-On-Builder gel \u00e8 un gel costruttore in bottiglia, applicato come un gel polish. Si utilizza come rinforzo sull\u2019unghia naturale oppure per creare estensioni corte o medie. Questo builder versatile \u00e8 resistente e flessibile, il che lo rende il prodotto perfetto per tutti i tipi di unghie, anche quelle fragili o deboli.\r\n<\/p>\n\t\t\t\t\t\t\t\t\t\t\t\t\t\t\t\t\t\t\t\t\t\t\t\t\t\t\t\t\t\t\t\t\t\t\t\t\t\t\t\t\t\t\t\t\t\t\t\t\t\t\t\t\t\t\t\t\t\t\t\t\t\t\t\t\t\t\t\t\t\t\t\t\t\t\t\t\t\t\t\t\t\t\t\t\t\t\t\t\t\t\t\t\t\t\t\t\t\t\t\t\t\t\t\t\t\t\t\t\t\t\t\t\t\t\t\t\t\t\t<button href=\"\" class=\"more-link js-modal-btn\" data-channel=\"youtube\" data-video-url=\"https:\/\/www.youtube.com\/embed\/CHER4uVnOas?autoplay=1\">Guarda un video ><\/button>\n\t\t\t\t\t\t\t\t\t\t\t\t\t\t\t\t\t\t\t\t\t\t\t\t\t\t\t\t\t\t\t\n\t\t\t\t\t\t\t\t\t\t\t\t\t\t\n\t\t\t\t\t\t\t\t\t\t\t\t\t\n\t\t\t\t\t\t\t\t\t\t\t\t\t<!-- Another button -->\n\t\t\t\t\t\t\t\t\t\t\t\t\t\t\t\t\t\t\t\t\t\t\t\t\t\t\t\t\t\t\t\t\t\t\t\t<\/div>\n\t\t\t\t\t\t\t\t\t\t<\/div>\n\t\t\t\t\t\t\t\t\t<\/div>\n\t\t\t\t\t\t\t\t\n\t\t\t\t\t\t\t\n\t\t\t\t\t\t\t\t\t\t\t\t\t\t\t\t\t\t\t\t\t\t\t\t\t\t\t\t\t\t\t\t\t\t\t\t\t\t\t\t\t\t\t\t\t\t\t\t\t\t\t\t<div class=\"row g-0 align-items-center\">\n\t\t\t\t\t\t\t\t\t\t<div class=\"col-12 col-md col-excerpt\">\n\t\t\t\t\t\t\t\t\t\t\t<div class=\"excerpt-wrapper\">\n\t\t\t\t\t\t\t\t\t\t\t\t<h4><\/h4>\n\t\t\t\t\t\t\t\t\t\t\t\t<p><h2 id=\"brushonfibergel\">Brush-on-Fiber gel: builder gel in bottiglia con fibre<\/h2>\r\n\r\nGel costruttore arricchito con fibre di vetro, applicato direttamente dalla bottiglia! Duro ma flessibile: lo strato di base perfetto per unghie deboli. Il gel \u00e8 allo stesso tempo duro e flessibile grazie alle particelle di fibra aggiunte. La formula potente offre una capacit\u00e0 di adesione superiore.\r\n<\/p>\n\t\t\t\t\t\t\t\t\t\t\t\t\t\t\t\t\t\t\t\t\t\t\t\t\t\t\t\t\t\t\t\t\t\t\t\t\t\t\t\t\t\t\t\t\t\t\t\t\t\t\t\t\t\t\t\t\t\t\t\t\t\t\t\t\t\t\t\t\t\t\t\t\t\t\t\t\t\t\t\t\t\t\t\t\t\t\t\t\t\t\t\t\t\t\t\t\t\t\t\t\t\t\t\t\t\t\t\t\t\t\t\t\t\t\t\t\t\t\t\t<button href=\"\" class=\"more-link js-modal-btn\" data-channel=\"youtube\" data-video-url=\"https:\/\/www.youtube.com\/embed\/g7egeFvLxa0?autoplay=1\"><i class=\"far fa-play-circle mr-3\"><\/i> Guarda un video <\/button>\n\t\t\t\t\t\t\t\t\t\t\t\t\t\t\t\t\t\t\t\t\t\t\t\t\t\t\t\t\t\t\t\n\t\t\t\t\t\t\t\t\t\t\t\t\t\t\n\t\t\t\t\t\t\t\t\t\t\t\t\t\n\t\t\t\t\t\t\t\t\t\t\t\t\t<!-- Another button -->\n\t\t\t\t\t\t\t\t\t\t\t\t\t\t\t\t\t\t\t\t\t\t\t\t\t\t\t\t\t\t\t\t\t\t\t\t<\/div>\n\t\t\t\t\t\t\t\t\t\t<\/div>\n\t\t\t\t\t\t\t\t\t\t<div class=\"col-12 col-md col-img img-wrapper\">\n\t\t\t\t\t\t\t\t\t\t\t\t\t\t\t\t\t\t\t\t\t\t\t\t\t\t\t\t\t\t\t\t\t\t\t\t<img loading=\"lazy\" decoding=\"async\" src=\"https:\/\/www.cncinternational.eu\/wp-content\/uploads\/2025\/08\/Brush-On-Fiber-Gel-1445x813-1.jpg\"\n\t\t\t\t\t\t\t\t\t\t\t\t\t\talt=\"\" width=\"1445\" height=\"813\">\n\t\t\t\t\t\t\t\t\t\t\t\t\t\t\t\t\t\t\t\t\t\t\t\t\t\t\t\t\t\t\t\t\t<\/div>\n\t\t\t\t\t\t\t\t\t<\/div>\n\t\t\t\t\t\t\t\t\n\t\t\t\t\t\t\t\n\t\t\t\t\t\t\t\t\t\t\t\t\t\t\t\t\t\t\t\t\t\t\t\t\t\t\t\t\t\t\t\t\t\t\t\t\t\t\t\t\t\t\t\n\t\t\t\t\t\t\t\t\t<div class=\"row g-0 align-items-center\">\n\t\t\t\t\t\t\t\t\t\t<div class=\"col-12 col-md col-img img-wrapper\">\n\t\t\t\t\t\t\t\t\t\t\t\t\t\t\t\t\t\t\t\t\t\t\t\t\t\t\t\t\t\t\t\t\t\t<img loading=\"lazy\" decoding=\"async\" src=\"https:\/\/www.cncinternational.eu\/wp-content\/uploads\/2022\/11\/CNC-15-free.jpg\"\n\t\t\t\t\t\t\t\t\t\t\t\t\talt=\"Gel UV senza HEMA e senza TPO\" width=\"1445\" height=\"813\">\n\t\t\t\t\t\t\t\t\t\t\t\t\t\t\t\t\t\t\t\t\t<\/div>\n\t\t\t\t\t\t\t\t\t\t<div class=\"col-12 col-md col-excerpt\">\n\t\t\t\t\t\t\t\t\t\t\t<div class=\"excerpt-wrapper\">\n\t\t\t\t\t\t\t\t\t\t\t\t<h4>Gel UV senza HEMA e senza TPO<\/h4>\n\t\t\t\t\t\t\t\t\t\t\t\t<p>I nostri gel UV private label sono privi di HEMA e TPO. CNC International offre una gamma completa di gel UV senza HEMA e senza TPO e ti incoraggia a creare il tuo marchio di gel UV per unghie private label, pronto per il futuro!<\/p>\n\t\t\t\t\t\t\t\t\t\t\t\t\t\t\t\t\t\t\t\t\t\t\t<\/div>\n\t\t\t\t\t\t\t\t\t\t<\/div>\n\t\t\t\t\t\t\t\t\t<\/div>\n\t\t\t\t\t\t\t\t\n\t\t\t\t\t\t\t\n\t\t\t\t\t\t\t\t\t\t\t\t\t\t\t\t\t\t\t<!-- End row -->\n\t\t\t\t\t\t\t\t\t<\/div>\n\t\t\t<\/div>\n\t\t<\/div>\n\t<\/section>\n\n\t\n\n      \t<section class=\"contact-block ud_catalogue image-and-description gradient-bg slipped-section\" id=\"\">\n\t\t<div class=\"container\">\n\t\t\t<div class=\"row justify-content-center\">\n\t\t\t\t<div class=\"col-12 col-md-12 col-lg-10\">\n\t\t\t\t\t<div class=\"form-wrapper\">\n\t\t\t\t\t\t<div class=\"col-12\">\n\t\t\t\t\t\t\t<div class=\"row flex-column-reverse flex-lg-row\">\n\t\t\t\t\t\t\t\t<div class=\"col-12 col-md col-excerpt\">\n\t\t\t\t\t\t\t\t\t<div class=\"excerpt-wrapper\">\n\t\t\t\t\t\t\t\t\t\t<h4 class=\"form-title text-center\">Esplora la nostra brochure online compatta con i nostri prodotti per unghie pi\u00f9 venduti e nuovi, senza HEMA e TPO<\/h4>\t\t\t\t\t\t\t\t\t\t\t\t\t\t\t\t\t\t\t\t\t<div class=\"form-description\">\n\t\t\t\t\t\t\t\t\t\t\t\t<p>Nella nostra e-brochure troverai<\/p>\n<ul>\n<li>I nostri prodotti UV gel 2026 pi\u00f9 venduti e le novit\u00e0<\/li>\n<li>Prezzi iniziali al litro<\/li>\n<li>Vantaggi principali di collaborare con CNC<\/li>\n<\/ul>\n\t\t\t\t\t\t\t\t\t\t\t<\/div>\n\t\t\t\t\t\t\t\t\t\t\t\n\t\t\t\t\t\t\t\t\t\t\t\t\t\t\t\t\t\t\t\t\t\t\t\t\t\t\t\t\t\t\t\t\t<div class=\"form d-flex justify-content-md-center\">\n\t\t\t\t\t\t\t\t\t\t\t\t\t\t\t\t\t\t\t\t\t\t\t\t\t\t\t\t\t\t\t\t\t\t\t\t\t\t\t\t<a class=\"btn\" href=\"\/it\/contatto#contact\" target=\"_self\">Ottieni la brochure online<\/a>\n\t\t\t\t\t\t\t\t\t\t\t\t\t\t\t\t\t\t\t\t\t\t\t\t\t<\/div>\n\t\t\t\t\t\t\t\t\t\t\t\t\t\t\t\t\t\t\t\t\t\t\t\t\t\n\t\t\t\t\t\t\t\t\t<\/div>\n\t\t\t\t\t\t\t\t<\/div>\n\t\t\t\t\t\t\t\t<div class=\"col-6 col-md-4 mx-auto col-img img-wrapper\">\n\t\t\t\t\t\t\t\t\t<img decoding=\"async\" src=\"https:\/\/www.cncinternational.eu\/wp-content\/uploads\/2025\/08\/Telefoon-EP.png\" alt=\"\">\n\t\t\t\t\t\t\t\t<\/div>\n\t\t\t\t\t\t\t<\/div>\n\t\t\t\t\t\t<\/div>\n\t\t\t\t\t\t\n\t\t\t\t\t<\/div>\n\t\t\t\t<\/div>\n\t\t\t\t\n\t\t\t<\/div>\n\t\t<\/div>\n\t<\/section>\n  \t\n  \t\n\t\n\n\t<section class=\"video  \" style=\"background: linear-gradient(180deg, rgba(54,39,131,1) 0%, rgba(168,157,205,1) 100%);\" >\n\t\t<div class=\"container px-0\">\n\t\t\t<div class=\"row g-0\">\n\t\t\t\t<div class=\"col-12\">\n\t\t\t\t\t<div class=\"welcome-box\">\n\t\t\t\t\t\t<h2><\/h2>\n\t\t\t\t\t<\/div>\n\t\t\t\t\t\t\t\t\t\t\t\t\t\t\t\t\t\t<div class=\"vid-player\">\n\t\t\t\t\t\t\t\t\t\t\t\t\t\t\t\t<img decoding=\"async\" src=\"https:\/\/img.youtube.com\/vi\/aWKK_4GKXmo\/maxresdefault.jpg\" alt=\"\">\n\t\t\t\t\t\t\t\t<button class=\"js-modal-btn\" data-channel=\"youtube\" data-video-url=\"https:\/\/www.youtube.com\/embed\/aWKK_4GKXmo?autoplay=1\" data-video-type=\"youtube\">\n\t\t\t\t\t\t\t\t\t<i class=\"fas fa-play\"><\/i>\n\t\t\t\t\t\t\t\t<\/button>\n\t\t\t\t\t\t\t<\/div>\n\t\t\t\t\t\t                    \t\t\t\t<\/div>\n\t\t\t<\/div>\n\t\t<\/div>\n\t<\/section>\n","protected":false},"excerpt":{"rendered":"","protected":false},"author":9,"featured_media":0,"parent":1538,"menu_order":0,"comment_status":"closed","ping_status":"closed","template":"","meta":{"_acf_changed":false,"inline_featured_image":false,"footnotes":""},"class_list":["post-1670","page","type-page","status-publish","hentry"],"acf":[],"yoast_head":"<!-- This site is optimized with the Yoast SEO plugin v27.4 - https:\/\/yoast.com\/product\/yoast-seo-wordpress\/ -->\n<title>Gel UV per unghie private label senza HEMA e senza TPO di CNC<\/title>\n<meta name=\"description\" content=\"Gel UV per unghie private label senza HEMA e senza TPO di CNC International. Offriamo un\u2019ampia gamma di base gel UV, builder gel e top coat.\" \/>\n<meta name=\"robots\" content=\"index, follow, max-snippet:-1, max-image-preview:large, max-video-preview:-1\" \/>\n<link rel=\"canonical\" href=\"https:\/\/www.cncinternational.eu\/it\/prodotto\/gel-uv\/\" \/>\n<meta property=\"og:locale\" content=\"it_IT\" \/>\n<meta property=\"og:type\" content=\"article\" \/>\n<meta property=\"og:title\" content=\"Gel UV per unghie private label senza HEMA e senza TPO di CNC\" \/>\n<meta property=\"og:description\" content=\"Gel UV per unghie private label senza HEMA e senza TPO di CNC International. Offriamo un\u2019ampia gamma di base gel UV, builder gel e top coat.\" \/>\n<meta property=\"og:url\" content=\"https:\/\/www.cncinternational.eu\/it\/prodotto\/gel-uv\/\" \/>\n<meta property=\"og:site_name\" content=\"CNC International\" \/>\n<meta property=\"article:modified_time\" content=\"2026-02-02T13:17:53+00:00\" \/>\n<meta name=\"twitter:card\" content=\"summary_large_image\" \/>\n<script type=\"application\/ld+json\" class=\"yoast-schema-graph\">{\"@context\":\"https:\\\/\\\/schema.org\",\"@graph\":[{\"@type\":\"WebPage\",\"@id\":\"https:\\\/\\\/www.cncinternational.eu\\\/it\\\/prodotto\\\/gel-uv\\\/\",\"url\":\"https:\\\/\\\/www.cncinternational.eu\\\/it\\\/prodotto\\\/gel-uv\\\/\",\"name\":\"Gel UV per unghie private label senza HEMA e senza TPO di CNC\",\"isPartOf\":{\"@id\":\"https:\\\/\\\/www.cncinternational.eu\\\/it\\\/#website\"},\"datePublished\":\"2022-02-09T11:16:11+00:00\",\"dateModified\":\"2026-02-02T13:17:53+00:00\",\"description\":\"Gel UV per unghie private label senza HEMA e senza TPO di CNC International. Offriamo un\u2019ampia gamma di base gel UV, builder gel e top coat.\",\"breadcrumb\":{\"@id\":\"https:\\\/\\\/www.cncinternational.eu\\\/it\\\/prodotto\\\/gel-uv\\\/#breadcrumb\"},\"inLanguage\":\"it-IT\",\"potentialAction\":[{\"@type\":\"ReadAction\",\"target\":[\"https:\\\/\\\/www.cncinternational.eu\\\/it\\\/prodotto\\\/gel-uv\\\/\"]}]},{\"@type\":\"BreadcrumbList\",\"@id\":\"https:\\\/\\\/www.cncinternational.eu\\\/it\\\/prodotto\\\/gel-uv\\\/#breadcrumb\",\"itemListElement\":[{\"@type\":\"ListItem\",\"position\":1,\"name\":\"Home\",\"item\":\"https:\\\/\\\/www.cncinternational.eu\\\/it\\\/\"},{\"@type\":\"ListItem\",\"position\":2,\"name\":\"Prodotto\",\"item\":\"https:\\\/\\\/www.cncinternational.eu\\\/it\\\/prodotto\\\/\"},{\"@type\":\"ListItem\",\"position\":3,\"name\":\"Gel UV\"}]},{\"@type\":\"WebSite\",\"@id\":\"https:\\\/\\\/www.cncinternational.eu\\\/it\\\/#website\",\"url\":\"https:\\\/\\\/www.cncinternational.eu\\\/it\\\/\",\"name\":\"CNC International\",\"description\":\"Just another WordPress site\",\"potentialAction\":[{\"@type\":\"SearchAction\",\"target\":{\"@type\":\"EntryPoint\",\"urlTemplate\":\"https:\\\/\\\/www.cncinternational.eu\\\/it\\\/?s={search_term_string}\"},\"query-input\":{\"@type\":\"PropertyValueSpecification\",\"valueRequired\":true,\"valueName\":\"search_term_string\"}}],\"inLanguage\":\"it-IT\"}]}<\/script>\n<!-- \/ Yoast SEO plugin. -->","yoast_head_json":{"title":"Gel UV per unghie private label senza HEMA e senza TPO di CNC","description":"Gel UV per unghie private label senza HEMA e senza TPO di CNC International. Offriamo un\u2019ampia gamma di base gel UV, builder gel e top coat.","robots":{"index":"index","follow":"follow","max-snippet":"max-snippet:-1","max-image-preview":"max-image-preview:large","max-video-preview":"max-video-preview:-1"},"canonical":"https:\/\/www.cncinternational.eu\/it\/prodotto\/gel-uv\/","og_locale":"it_IT","og_type":"article","og_title":"Gel UV per unghie private label senza HEMA e senza TPO di CNC","og_description":"Gel UV per unghie private label senza HEMA e senza TPO di CNC International. Offriamo un\u2019ampia gamma di base gel UV, builder gel e top coat.","og_url":"https:\/\/www.cncinternational.eu\/it\/prodotto\/gel-uv\/","og_site_name":"CNC International","article_modified_time":"2026-02-02T13:17:53+00:00","twitter_card":"summary_large_image","schema":{"@context":"https:\/\/schema.org","@graph":[{"@type":"WebPage","@id":"https:\/\/www.cncinternational.eu\/it\/prodotto\/gel-uv\/","url":"https:\/\/www.cncinternational.eu\/it\/prodotto\/gel-uv\/","name":"Gel UV per unghie private label senza HEMA e senza TPO di CNC","isPartOf":{"@id":"https:\/\/www.cncinternational.eu\/it\/#website"},"datePublished":"2022-02-09T11:16:11+00:00","dateModified":"2026-02-02T13:17:53+00:00","description":"Gel UV per unghie private label senza HEMA e senza TPO di CNC International. Offriamo un\u2019ampia gamma di base gel UV, builder gel e top coat.","breadcrumb":{"@id":"https:\/\/www.cncinternational.eu\/it\/prodotto\/gel-uv\/#breadcrumb"},"inLanguage":"it-IT","potentialAction":[{"@type":"ReadAction","target":["https:\/\/www.cncinternational.eu\/it\/prodotto\/gel-uv\/"]}]},{"@type":"BreadcrumbList","@id":"https:\/\/www.cncinternational.eu\/it\/prodotto\/gel-uv\/#breadcrumb","itemListElement":[{"@type":"ListItem","position":1,"name":"Home","item":"https:\/\/www.cncinternational.eu\/it\/"},{"@type":"ListItem","position":2,"name":"Prodotto","item":"https:\/\/www.cncinternational.eu\/it\/prodotto\/"},{"@type":"ListItem","position":3,"name":"Gel UV"}]},{"@type":"WebSite","@id":"https:\/\/www.cncinternational.eu\/it\/#website","url":"https:\/\/www.cncinternational.eu\/it\/","name":"CNC International","description":"Just another WordPress site","potentialAction":[{"@type":"SearchAction","target":{"@type":"EntryPoint","urlTemplate":"https:\/\/www.cncinternational.eu\/it\/?s={search_term_string}"},"query-input":{"@type":"PropertyValueSpecification","valueRequired":true,"valueName":"search_term_string"}}],"inLanguage":"it-IT"}]}},"_links":{"self":[{"href":"https:\/\/www.cncinternational.eu\/it\/wp-json\/wp\/v2\/pages\/1670","targetHints":{"allow":["GET"]}}],"collection":[{"href":"https:\/\/www.cncinternational.eu\/it\/wp-json\/wp\/v2\/pages"}],"about":[{"href":"https:\/\/www.cncinternational.eu\/it\/wp-json\/wp\/v2\/types\/page"}],"author":[{"embeddable":true,"href":"https:\/\/www.cncinternational.eu\/it\/wp-json\/wp\/v2\/users\/9"}],"replies":[{"embeddable":true,"href":"https:\/\/www.cncinternational.eu\/it\/wp-json\/wp\/v2\/comments?post=1670"}],"version-history":[{"count":28,"href":"https:\/\/www.cncinternational.eu\/it\/wp-json\/wp\/v2\/pages\/1670\/revisions"}],"predecessor-version":[{"id":14003,"href":"https:\/\/www.cncinternational.eu\/it\/wp-json\/wp\/v2\/pages\/1670\/revisions\/14003"}],"up":[{"embeddable":true,"href":"https:\/\/www.cncinternational.eu\/it\/wp-json\/wp\/v2\/pages\/1538"}],"wp:attachment":[{"href":"https:\/\/www.cncinternational.eu\/it\/wp-json\/wp\/v2\/media?parent=1670"}],"curies":[{"name":"wp","href":"https:\/\/api.w.org\/{rel}","templated":true}]}}