{"id":1650,"date":"2022-02-09T11:03:09","date_gmt":"2022-02-09T11:03:09","guid":{"rendered":"https:\/\/www.cncinternational.eu\/?page_id=1650"},"modified":"2026-03-03T08:48:53","modified_gmt":"2026-03-03T08:48:53","slug":"smalto-gel","status":"publish","type":"page","link":"https:\/\/www.cncinternational.eu\/it\/prodotto\/smalto-gel\/","title":{"rendered":"Smalto Gel"},"content":{"rendered":"  \t\n\t  <header class=\"main-header \">\n\t\t<!-- For mobile -->\n\t\t<div class=\"d-block d-sm-none\">\n\t\t  <div class=\"container-fluid px-0\">\n\t\t\t<div class=\"container g-0\">\n\t\t\t  <div class=\"row g-0 justify-content-start align-items-center\">\n\t\t\t\t<div class=\"col-12 d-sm-none\">\n\t\t\t\t  <div class=\"header-image\">\n\t\t\t\t\t\t\t\t\t\t\t\t<img fetchpriority=\"high\" decoding=\"async\" src=\"https:\/\/www.cncinternational.eu\/wp-content\/uploads\/2021\/12\/Private-labeling-nail-gel-polish-scaled.jpg\" alt=\" Private labeling smalto gel nero manicure soak off\" width=\"2560\" height=\"1927\" loading=\"eager\">\n\t\t\t\t\t\t\t\t\t\t  <\/div>\n\t\t\t\t<\/div>\n\t\t\t\t<div class=\"offset-md-6 col-md-6\">\n\t\t\t\t  <div class=\"header-text\">\n\t\t\t\t\t<p class=\"mobile-title\">Smalto Gel<\/p>\n\t\t\t\t\t<p>Ecco l&#8217;ultima generazione di smalti gel per unghie! Questo sistema professionale a 3 fasi rappresenta il perfetto equilibrio tra durata e facile rimozione. Bellissimi colori, una lucentezza unica, antigraffio e senza strati appiccicosi. Non solo: i colori dello smalto per unghie in gel UV si rimuovono in dieci minuti, senza limare!<\/p>\n\t\t\t\t\t\t\t\t\t\t\t\t\t\t\t\t\t\t<a class=\"btn mb-3\" href=\"\/it\/contatto#contact\">\n\t\t\t\t\t\t\t\tRichiedi la brochure online\t\t\t\t\t\t\t<\/a>\n\t\t\t\t\t\t\t\t\t\t\t\t\t\t\t\t\t\t\t\t  <\/div>\n\t\t\t\t<\/div>\n\t\t\t  <\/div>\n\t\t\t<\/div>\n\t\t  <\/div>\n\t\t<\/div>\n\t\t<!-- \/For mobile -->\n\t\t\n\t\t<!-- For desktop -->\n\t\t<div class=\"d-none d-sm-block\">\n\t\t  <div class=\"container-fluid px-0\" >\n\t\t\t<div class=\"header-bg\" style=\"background-image: url('https:\/\/www.cncinternational.eu\/wp-content\/uploads\/2021\/12\/Private-labeling-nail-gel-polish-scaled.jpg');\">\n\t\t\t\t\n\t\t\t<\/div>\n\t\t\t<div class=\"container g-0\">\n\t\t\t  <div class=\"row g-0 justify-content-start align-items-center\">\n\t\t\t\t<div class=\"offset-md-6 col-md-6\">\n\t\t\t\t  <div class=\"header-text\">\n\t\t\t\t\t<h1>Smalto Gel<\/h1>\n\t\t\t\t\t<p>Ecco l&#8217;ultima generazione di smalti gel per unghie! Questo sistema professionale a 3 fasi rappresenta il perfetto equilibrio tra durata e facile rimozione. Bellissimi colori, una lucentezza unica, antigraffio e senza strati appiccicosi. Non solo: i colori dello smalto per unghie in gel UV si rimuovono in dieci minuti, senza limare!<\/p>\n\t\t\t\t\n\t\t\t\t\t\t\t\t\t\t\t\t\t\t\t\t\t\t<a class=\"btn mb-3\" href=\"\/it\/contatto#contact\">\n\t\t\t\t\t\tRichiedi la brochure online\t\t\t\t\t\t\t<\/a>\n\t\t\t\t\t\t\t\t\t\t\t\t\t\t\t\t\t\t\t\t  <\/div>\n\t\t\t\t<\/div>\n\t\t\t  <\/div>\n\t\t\t<\/div>\n\t\t  <\/div>\n\t\t<\/div>\n\t\t<!-- \/For desktop -->\n\t  <\/header>\n\t  \n\t  \t\n\n\t<section class=\"news\">\n\t\t<div class=\"container p-0 \">\n\t\t\t<div class=\"row g-0\">\n\t\t\t\t<div class=\"col-12 overlap bg-white\">\n\t\t\t\t\t\t\t\t\t\t\t\t\t\t\t\t\t\t\t\t\t\t<!-- Start row -->\n\t\t\t\t\t\t\t\t\t\t\t\t\t\t\t\t\t\t\t\t\t\t\t\t\t\t\t\t\t\t\t\t\t\t\t\t\n\t\t\t\t\t\t\t\t\t<div class=\"row g-0 align-items-center\">\n\t\t\t\t\t\t\t\t\t\t<div class=\"col-12 col-md col-img img-wrapper\">\n\t\t\t\t\t\t\t\t\t\t\t\t\t\t\t\t\t\t\t\t\t\t\t\t\t\t\t\t\t\t\t\t\t\t<img loading=\"lazy\" decoding=\"async\" src=\"https:\/\/www.cncinternational.eu\/wp-content\/uploads\/2021\/12\/Soak-off-colors-uv-gel-polish-private-label-hema-free.jpg\"\n\t\t\t\t\t\t\t\t\t\t\t\t\talt=\"Soak off colori uv gel smalto private label senza hema\" width=\"1445\" height=\"813\">\n\t\t\t\t\t\t\t\t\t\t\t\t\t\t\t\t\t\t\t\t\t<\/div>\n\t\t\t\t\t\t\t\t\t\t<div class=\"col-12 col-md col-excerpt\">\n\t\t\t\t\t\t\t\t\t\t\t<div class=\"excerpt-wrapper\">\n\t\t\t\t\t\t\t\t\t\t\t\t<h4>UV Gel<\/h4>\n\t\t\t\t\t\t\t\t\t\t\t\t<p><ul >\r\n<li>Disponibile in pi\u00f9 di 200 colori e sfumature luccicanti<\/li>\r\n<li>4 collezioni di tendenza all&#8217;anno<\/li>\r\n<li>Comoda rimozione in ammollo in 10 minuti<\/li>\r\n<li>Senza HEMA<\/li>\r\n<\/ul>\t<\/p>\n\t\t\t\t\t\t\t\t\t\t\t\t\t\t\t\t\t\t\t\t\t\t\t<\/div>\n\t\t\t\t\t\t\t\t\t\t<\/div>\n\t\t\t\t\t\t\t\t\t<\/div>\n\t\t\t\t\t\t\t\t\n\t\t\t\t\t\t\t\n\t\t\t\t\t\t\t\t\t\t\t\t\t\t\t\t\t\t\t\t\t\t\t\t\t\t\t\t\t\t\t\t\t\t\t\t\t\t\t\t\t\t\t\t\t\t\t\t\t\t\t\t<div class=\"row g-0 align-items-center\">\n\t\t\t\t\t\t\t\t\t\t<div class=\"col-12 col-md col-excerpt\">\n\t\t\t\t\t\t\t\t\t\t\t<div class=\"excerpt-wrapper\">\n\t\t\t\t\t\t\t\t\t\t\t\t<h4>Privi di HEMA e DiHEMA<\/h4>\n\t\t\t\t\t\t\t\t\t\t\t\t<p>L\u2019HEMA \u00e8 l\u2019allergene numero 1 nei prodotti per unghie (e nei cosmetici). \u00c8 meglio evitare i prodotti contenenti HEMA. La sicurezza del cliente \u00e8 la nostra priorit\u00e0; TUTTIi prodotti del nostro catalogo sono privi di HEMA. La formula per smalto in gel CNC \u00e8 priva di HEMA, di Di-HEMA e di altri 15 ingredienti dannosi. Rediga subito la sua gamma di smalti gel DiHEMA e HEMA free!<\/p>\n\t\t\t\t\t\t\t\t\t\t\t\t\t\t\t\t\t\t\t\t\t\t\t\t\t\t\t\t\t\t\t\t\t\t\t\t\t\t\t\t\t\t\t\t\t\t\t\t\t\t\t\t\t\t\t\t\t\t\t\t\t\t\t\t\t\t\t\t\t\t<a href=\"https:\/\/www.cncinternational.eu\/it\/nieuws\/cnc-hema-free-and-dihema-free-nail-gel-products\/\" class=\"btn\">Per saperne di pi\u00f9 i nostri prodotti per unghie privi di HEMA<\/a>\n\t\t\t\t\t\t\t\t\t\t\t\t\t\t\t\n\t\t\t\t\t\t\t\t\t\t\t\t\t\t\n\t\t\t\t\t\t\t\t\t\t\t\t\t\n\t\t\t\t\t\t\t\t\t\t\t\t\t<!-- Another button -->\n\t\t\t\t\t\t\t\t\t\t\t\t\t\t\t\t\t\t\t\t\t\t\t\t\t\t\t\t\t\t\t\t\t\t\t\t<\/div>\n\t\t\t\t\t\t\t\t\t\t<\/div>\n\t\t\t\t\t\t\t\t\t\t<div class=\"col-12 col-md col-img img-wrapper\">\n\t\t\t\t\t\t\t\t\t\t\t\t\t\t\t\t\t\t\t\t\t\t\t\t\t\t\t\t\t\t\t\t\t\t\t\t<img loading=\"lazy\" decoding=\"async\" src=\"https:\/\/www.cncinternational.eu\/wp-content\/uploads\/2022\/11\/HEMA-and-DiHEMA-free-gel-polish-assortment.jpg\"\n\t\t\t\t\t\t\t\t\t\t\t\t\t\talt=\"Privi di HEMA e DiHEMA\" width=\"1445\" height=\"813\">\n\t\t\t\t\t\t\t\t\t\t\t\t\t\t\t\t\t\t\t\t\t\t\t\t\t\t\t\t\t\t\t\t\t<\/div>\n\t\t\t\t\t\t\t\t\t<\/div>\n\t\t\t\t\t\t\t\t\n\t\t\t\t\t\t\t\n\t\t\t\t\t\t\t\t\t\t\t\t\t\t\t\t\t\t\t\t\t\t\t\t\t\t\t\t\t\t\t\t\t\t\t\t\t\t\t\t\t\t\t\n\t\t\t\t\t\t\t\t\t<div class=\"row g-0 align-items-center\">\n\t\t\t\t\t\t\t\t\t\t<div class=\"col-12 col-md col-img img-wrapper\">\n\t\t\t\t\t\t\t\t\t\t\t\t\t\t\t\t\t\t\t\t\t\t\t\t\t\t\t\t\t\t\t\t\t\t<img loading=\"lazy\" decoding=\"async\" src=\"https:\/\/www.cncinternational.eu\/wp-content\/uploads\/2022\/11\/15-free-formula-Chemistry-clean.jpg\"\n\t\t\t\t\t\t\t\t\t\t\t\t\talt=\"Formula priva di 15 sostanze dannose: Chimica pulita. Sicurezza innanzitutto!\" width=\"1445\" height=\"813\">\n\t\t\t\t\t\t\t\t\t\t\t\t\t\t\t\t\t\t\t\t\t<\/div>\n\t\t\t\t\t\t\t\t\t\t<div class=\"col-12 col-md col-excerpt\">\n\t\t\t\t\t\t\t\t\t\t\t<div class=\"excerpt-wrapper\">\n\t\t\t\t\t\t\t\t\t\t\t\t<h4>Formula priva di 15 sostanze dannose: Chimica pulita. Sicurezza innanzitutto!<\/h4>\n\t\t\t\t\t\t\t\t\t\t\t\t<p>Gli smalti in gel di CNC sono anche privi di 15 sostanze dannose. Questo significa che tutti gli smalti in gel CNC sono privi di xilene, etil tosilamide, parabeni, acetone, formaldeide, resina di formaldeide, toluene, dibutilftalato, canfora, trifenil fosfato, stirene, bisfenolo A, etere glicolico, nonilfenolo etossilato e solfati.<\/p>\n\t\t\t\t\t\t\t\t\t\t\t\t\t\t\t\t\t\t\t\t\t\t\t<\/div>\n\t\t\t\t\t\t\t\t\t\t<\/div>\n\t\t\t\t\t\t\t\t\t<\/div>\n\t\t\t\t\t\t\t\t\n\t\t\t\t\t\t\t\n\t\t\t\t\t\t\t\t\t\t\t\t\t\t\t\t\t\t\t\t\t\t\t\t\t\t\t\t\t\t\t\t\t\t\t\t\t\t\t\t\t\t\t\t\t\t\t\t\t\t\t\t<div class=\"row g-0 align-items-center\">\n\t\t\t\t\t\t\t\t\t\t<div class=\"col-12 col-md col-excerpt\">\n\t\t\t\t\t\t\t\t\t\t\t<div class=\"excerpt-wrapper\">\n\t\t\t\t\t\t\t\t\t\t\t\t<h4>4 collezioni di tendenza all\u2019anno<\/h4>\n\t\t\t\t\t\t\t\t\t\t\t\t<p>Ogni trimestre CNC le offre il look della stagione. Introdurremo nuovi colori di smalto gel e colori di gel UV colorati della prossima stagione. Le collezioni sono pronte da ordinare, in tempo per essere introdotte ai suoi clienti. Nuova stagione in arrivo, nuovi colori da indossare!<\/p>\n\t\t\t\t\t\t\t\t\t\t\t\t\t\t\t\t\t\t\t\t\t\t\t<\/div>\n\t\t\t\t\t\t\t\t\t\t<\/div>\n\t\t\t\t\t\t\t\t\t\t<div class=\"col-12 col-md col-img img-wrapper\">\n\t\t\t\t\t\t\t\t\t\t\t\t\t\t\t\t\t\t\t\t\t\t\t\t\t\t\t\t\t\t\t\t\t\t\t\t<img loading=\"lazy\" decoding=\"async\" src=\"https:\/\/www.cncinternational.eu\/wp-content\/uploads\/2022\/11\/4-trend-collections-a-year-1.jpg\"\n\t\t\t\t\t\t\t\t\t\t\t\t\t\talt=\"4 collezioni di tendenza all\u2019anno\" width=\"1445\" height=\"813\">\n\t\t\t\t\t\t\t\t\t\t\t\t\t\t\t\t\t\t\t\t\t\t\t\t\t\t\t\t\t\t\t\t\t<\/div>\n\t\t\t\t\t\t\t\t\t<\/div>\n\t\t\t\t\t\t\t\t\n\t\t\t\t\t\t\t\n\t\t\t\t\t\t\t\t\t\t\t\t\t\t\t\t\t\t\t\t\t\t\t\t\t\t\t\t\t\t\t\t\t\t\t\t\t\t\t\t\t\t\t\n\t\t\t\t\t\t\t\t\t<div class=\"row g-0 align-items-center\">\n\t\t\t\t\t\t\t\t\t\t<div class=\"col-12 col-md col-img img-wrapper\">\n\t\t\t\t\t\t\t\t\t\t\t\t\t\t\t\t\t\t\t\t\t\t\t\t\t\t\t\t\t\t\t\t\t\t<img loading=\"lazy\" decoding=\"async\" src=\"https:\/\/www.cncinternational.eu\/wp-content\/uploads\/2022\/11\/Colorist-at-your-service.jpg\"\n\t\t\t\t\t\t\t\t\t\t\t\t\talt=\"Colorista al suo servizio\" width=\"1445\" height=\"813\">\n\t\t\t\t\t\t\t\t\t\t\t\t\t\t\t\t\t\t\t\t\t<\/div>\n\t\t\t\t\t\t\t\t\t\t<div class=\"col-12 col-md col-excerpt\">\n\t\t\t\t\t\t\t\t\t\t\t<div class=\"excerpt-wrapper\">\n\t\t\t\t\t\t\t\t\t\t\t\t<h4>Colorista al suo servizio<\/h4>\n\t\t\t\t\t\t\t\t\t\t\t\t<p>Le ultime tendenze della moda, le combinazioni di colori stagionali di Pantone e l&#8217;ispirazione per le passerelle; ogni stagione il nostro colorista interno crea nuovi colori per le collezioni di smalti gel e gel colorati di CNC. In questo modo le nostre collezioni di colori rimangono innovative e di tendenza.. Ma lo sapeva? Possiamo creare un colore specifico anche per la tua collezione di smalti gel o gel colorati! Possiamo creare il colore che desidera.<\/p>\n\t\t\t\t\t\t\t\t\t\t\t\t\t\t\t\t\t\t\t\t\t\t\t<\/div>\n\t\t\t\t\t\t\t\t\t\t<\/div>\n\t\t\t\t\t\t\t\t\t<\/div>\n\t\t\t\t\t\t\t\t\n\t\t\t\t\t\t\t\n\t\t\t\t\t\t\t\t\t\t\t\t\t\t\t\t\t\t\t\t\t\t\t\t\t\t\t\t\t\t\t\t\t\t\t\t\t\t\t\t\t\t\t\t\t\t\t\t\t\t\t\t<div class=\"row g-0 align-items-center\">\n\t\t\t\t\t\t\t\t\t\t<div class=\"col-12 col-md col-excerpt\">\n\t\t\t\t\t\t\t\t\t\t\t<div class=\"excerpt-wrapper\">\n\t\t\t\t\t\t\t\t\t\t\t\t<h4><a href=\"https:\/\/www.cncinternational.eu\/it\/notizie\/collezione-unghie-estate\/\">Collezione di unghie estive<\/a><\/h4>\n\t\t\t\t\t\t\t\t\t\t\t\t<p>Entra in estate con la nuova collezione di smalti gel 2026 di CNC INternational  <\/p>\n\t\t\t\t\t\t\t\t\t\t\t\t\n\t\t\t\t\t\t\t\t\t\t\t\t<!-- Another button -->\n\t\t\t\t\t\t\t\t\t\t\t\t\t\t\t\t\t\t\t\t\t\t\t<\/div>\n\t\t\t\t\t\t\t\t\t\t<\/div>\n\t\t\t\t\t\t\t\t\t\t<div class=\"col-12 col-md col-img img-wrapper\">\n\t\t\t\t\t\t\t\t\t\t\t\t\t\t\t\t\t\t\t\t\t\t\t<a href=\"https:\/\/www.cncinternational.eu\/it\/notizie\/collezione-unghie-estate\/\">\n\t\t\t\t\t\t\t\t\t\t\t\t\t<img loading=\"lazy\" decoding=\"async\" src=\"https:\/\/www.cncinternational.eu\/wp-content\/uploads\/2025\/02\/CNC-Summer-GP-Collection-26-cnc-news.jpg\" alt=\"Collezione di unghie estive\" width=\"1000\" height=\"563\"><\/a>\n\t\t\t\t\t\t\t\t\t\t\t\t\t\t\t\t\t\t\t\t\t<\/div>\n\t\t\t\t\t\t\t\t\t<\/div>\n\t\t\t\t\t\t\t\t\n\t\t\t\t\t\t\t\n\t\t\t\t\t\t\t\t\t\t\t\t\t\t\t\t\t\t\t\t\t\t\t\t\t\t\t\t\t\t\t\t\t\t\t\t\t\t\t\t\t\t\t\n\t\t\t\t\t\t\t\t\t<div class=\"row g-0 align-items-center\">\n\t\t\t\t\t\t\t\t\t\t<div class=\"col-12 col-md col-img img-wrapper\">\n\t\t\t\t\t\t\t\t\t\t\t\t\t\t\t\t\t\t\t\t\t\t\t<a href=\"https:\/\/www.cncinternational.eu\/it\/notizie\/collezione-primavera\/\">\n\t\t\t\t\t\t\t\t\t\t\t\t\t<img loading=\"lazy\" decoding=\"async\" src=\"https:\/\/www.cncinternational.eu\/wp-content\/uploads\/2025\/11\/CNC-Spring-GP-Collection-26-cnc-news.png\" alt=\"Collezione unghie primavera 2026\" width=\"1000\" height=\"563\"><\/a>\n\t\t\t\t\t\t\t\t\t\t\t\t\t\t\t\t\t\t\t\t\t<\/div>\n\t\t\t\t\t\t\t\t\t\t<div class=\"col-12 col-md col-excerpt\">\n\t\t\t\t\t\t\t\t\t\t\t<div class=\"excerpt-wrapper\">\n\t\t\t\t\t\t\t\t\t\t\t\t<h4><a href=\"https:\/\/www.cncinternational.eu\/it\/notizie\/collezione-primavera\/\">Collezione unghie primavera 2026<\/a><\/h4>\n\t\t\t\t\t\t\t\t\t\t\t\t<p>Entra nella stagione con la nostra collezione di smalti gel primavera 2026: Fresca, femminile e senza paura.<\/p>\n\t\t\t\t\t\t\t\t\t\t\t\t\t\t\t\t\t\t\t\t\t\t\t\t<!-- Another button -->\n\t\t\t\t\t\t\t\t\t\t\t\t\t\t\t\t\t\t\t\t\t\t\t<\/div>\n\t\t\t\t\t\t\t\t\t\t<\/div>\n\t\t\t\t\t\t\t\t\t<\/div>\n\n\t\t\t\t\t\t\t\t\n\t\t\t\t\t\t\t\n\t\t\t\t\t\t\t\t\t\t\t\t\t\t\t\t\t\t\t<!-- End row -->\n\t\t\t\t\t\t\t\t\t<\/div>\n\t\t\t<\/div>\n\t\t<\/div>\n\t<\/section>\n\n\t\n\n\t<section class=\"video  \" style=\"background: linear-gradient(180deg, rgba(54,39,131,1) 0%, rgba(168,157,205,1) 100%);\" >\n\t\t<div class=\"container px-0\">\n\t\t\t<div class=\"row g-0\">\n\t\t\t\t<div class=\"col-12\">\n\t\t\t\t\t<div class=\"welcome-box\">\n\t\t\t\t\t\t<h2><\/h2>\n\t\t\t\t\t<\/div>\n\t\t\t\t\t\t\t\t\t\t\t\t\t\t\t\t\t\t<div class=\"vid-player\">\n\t\t\t\t\t\t\t\t\t\t\t\t\t\t\t\t<img decoding=\"async\" src=\"https:\/\/img.youtube.com\/vi\/ksZJJM_z2tY\/maxresdefault.jpg\" alt=\"\">\n\t\t\t\t\t\t\t\t<button class=\"js-modal-btn\" data-channel=\"youtube\" data-video-url=\"https:\/\/www.youtube.com\/embed\/ksZJJM_z2tY?autoplay=1\" data-video-type=\"youtube\">\n\t\t\t\t\t\t\t\t\t<i class=\"fas fa-play\"><\/i>\n\t\t\t\t\t\t\t\t<\/button>\n\t\t\t\t\t\t\t<\/div>\n\t\t\t\t\t\t                    \t\t\t\t<\/div>\n\t\t\t<\/div>\n\t\t<\/div>\n\t<\/section>\n\n\n    \t<section class=\"contact-block form-with-image gradient-bg slipped-section\" id=\"\">\n\t\t<div class=\"container\">\n\t\t\t<div class=\"row justify-content-center\">\n\t\t\t\t<div class=\"col-12 col-md-12 col-lg-10\">\n\t\t\t\t\t<div class=\"form-wrapper\">\n\t\t\t\t\t\t<div class=\"col-12 col-md-10 col-lg-9 mx-auto\">\n\t\t\t\t\t\t\t<h2 class=\"form-title\">Scopri i nostri prodotti per unghie pi\u00f9 venduti, senza HEMA e TPO<\/h2>\t\t\t\t\t\t<\/div>\n\t\t\t\t\t\t\t\t\t\t\t\t<div class=\"row\">\n\t\t\t\t\t\t\t<div class=\"col-12 col-md-7 col-lg-7\">\n\t\t\t\t\t\t\t\t\t\t\t\t\t\t\t\t\t<div class=\"form\">\n\t\t\t\t\t\t\t\t\t\t<script src='https:\/\/online4.superoffice.com\/Cust21613\/CS\/scripts\/customer.fcgi?action=form&#038;id=F-4wg3UgbM' defer><\/script>\t\t\t\t\t\t\t\t\t\t\t\t\t\t\t\t\t\t\t\t\t\t\t\t\t\t\t\t\t\t\t\t<\/div>\n\t\t\t\t\t\t\t\t\t\t\t\t\t\t\t<\/div>\n\t\t\t\t\t\t\t<div class=\"col-12 col-md-5 col-lg-5\">\n\t\t\t\t\t\t\t\t<div class=\"col-12 col-md col-excerpt\">\n\t\t\t\t\t\t\t\t\t<div class=\"excerpt-wrapper\">\n\t\t\t\t\t\t\t\t\t<p>I nostri versatili prodotti per unghie a marchio privato hanno la migliore qualit\u00e0 a prezzi competitivi. Siamo orgogliosi produttori di gel per unghie UV per numerosi marchi di unghie in tutto il mondo. CNC International \u00e8 stata fondata nel 1993, con la fabbrica nei Paesi Bassi, in Europa. I nostri prodotti per unghie in gel e acrilico possono essere consegnati sfusi o confezionati e completamente rifiniti: pronti per la vendita!<\/p>\t\t\t\t\t\t\n\t\t\t\t\t\t\t\t\t<\/div>\n\t\t\t\t\t\t\t\t<\/div>\n\t\t\t\t\t\t\t\t<div class=\"col-img img-wrapper\">\n\t\t\t\t\t\t\t\t\t<img decoding=\"async\" src=\"https:\/\/www.cncinternational.eu\/wp-content\/uploads\/2025\/08\/Telefoon-EP.png\" alt=\"\">\n\t\t\t\t\t\t\t\t<\/div>\n\t\t\t\t\t\t\t\t\t\t\t\t\t\t\t\t\t<div class=\"col-12 col-md col-excerpt\">\n\t\t\t\t\t\t\t\t\t\t<div class=\"excerpt-wrapper\">\n\t\t\t\t\t\t\t\t\t\t<p>Nella nostra e-brochure troverai\r\n<ul>\r\n <li>I nostri prodotti UV gel 2026 pi\u00f9 venduti e le novit\u00e0<\/li>\r\n <li>Prezzi iniziali al litro<\/li>\r\n <li>Vantaggi principali di collaborare con CNC<\/li>\r\n<\/ul><\/p>\t\t\t\t\t\t\n\t\t\t\t\t\t\t\t\t\t<\/div>\n\t\t\t\t\t\t\t\t\t<\/div>\n\t\t\t\t\t\t\t\t\t\t\t\t\t\t\t<\/div>\n\t\t\t\t\t\t<\/div>\n\t\t\t\t\t\t\t\t\t\t\t\t\t\t\t\t\t\t\t\t\t\t\t\t<\/div>\n\t\t\t\t<\/div>\n\t\t\t\t\n\t\t\t<\/div>\n\t\t<\/div>\n\t<\/section>\n    \t\n  \t\n\t","protected":false},"excerpt":{"rendered":"","protected":false},"author":9,"featured_media":598,"parent":1538,"menu_order":0,"comment_status":"closed","ping_status":"closed","template":"","meta":{"_acf_changed":false,"inline_featured_image":false,"footnotes":""},"class_list":["post-1650","page","type-page","status-publish","has-post-thumbnail","hentry"],"acf":[],"yoast_head":"<!-- This site is optimized with the Yoast SEO plugin v27.4 - https:\/\/yoast.com\/product\/yoast-seo-wordpress\/ -->\n<title>Smalto gel HEMA per onicotecniche - CNC International<\/title>\n<meta name=\"description\" content=\"I nostri smalti gel professionali sono disponibili in oltre 200 colori e sfumature luccicanti. Bellissimi colori gel per unghie UV HEMA e DI-HEMA free.\" \/>\n<meta name=\"robots\" content=\"index, follow, max-snippet:-1, max-image-preview:large, max-video-preview:-1\" \/>\n<link rel=\"canonical\" href=\"https:\/\/www.cncinternational.eu\/it\/prodotto\/smalto-gel\/\" \/>\n<meta property=\"og:locale\" content=\"it_IT\" \/>\n<meta property=\"og:type\" content=\"article\" \/>\n<meta property=\"og:title\" content=\"Smalto gel HEMA per onicotecniche - CNC International\" \/>\n<meta property=\"og:description\" content=\"I nostri smalti gel professionali sono disponibili in oltre 200 colori e sfumature luccicanti. Bellissimi colori gel per unghie UV HEMA e DI-HEMA free.\" \/>\n<meta property=\"og:url\" content=\"https:\/\/www.cncinternational.eu\/it\/prodotto\/smalto-gel\/\" \/>\n<meta property=\"og:site_name\" content=\"CNC International\" \/>\n<meta property=\"article:modified_time\" content=\"2026-03-03T08:48:53+00:00\" \/>\n<meta property=\"og:image\" content=\"https:\/\/www.cncinternational.eu\/wp-content\/uploads\/2021\/12\/Private-labeling-nail-gel-polish-scaled.jpg\" \/>\n\t<meta property=\"og:image:width\" content=\"2560\" \/>\n\t<meta property=\"og:image:height\" content=\"1927\" \/>\n\t<meta property=\"og:image:type\" content=\"image\/jpeg\" \/>\n<meta name=\"twitter:card\" content=\"summary_large_image\" \/>\n<meta name=\"twitter:label1\" content=\"Tempo di lettura stimato\" \/>\n\t<meta name=\"twitter:data1\" content=\"1 minuto\" \/>\n<script type=\"application\/ld+json\" class=\"yoast-schema-graph\">{\"@context\":\"https:\\\/\\\/schema.org\",\"@graph\":[{\"@type\":\"WebPage\",\"@id\":\"https:\\\/\\\/www.cncinternational.eu\\\/it\\\/prodotto\\\/smalto-gel\\\/\",\"url\":\"https:\\\/\\\/www.cncinternational.eu\\\/it\\\/prodotto\\\/smalto-gel\\\/\",\"name\":\"Smalto gel HEMA per onicotecniche - CNC International\",\"isPartOf\":{\"@id\":\"https:\\\/\\\/www.cncinternational.eu\\\/it\\\/#website\"},\"primaryImageOfPage\":{\"@id\":\"https:\\\/\\\/www.cncinternational.eu\\\/it\\\/prodotto\\\/smalto-gel\\\/#primaryimage\"},\"image\":{\"@id\":\"https:\\\/\\\/www.cncinternational.eu\\\/it\\\/prodotto\\\/smalto-gel\\\/#primaryimage\"},\"thumbnailUrl\":\"https:\\\/\\\/www.cncinternational.eu\\\/wp-content\\\/uploads\\\/2021\\\/12\\\/Private-labeling-nail-gel-polish-scaled.jpg\",\"datePublished\":\"2022-02-09T11:03:09+00:00\",\"dateModified\":\"2026-03-03T08:48:53+00:00\",\"description\":\"I nostri smalti gel professionali sono disponibili in oltre 200 colori e sfumature luccicanti. Bellissimi colori gel per unghie UV HEMA e DI-HEMA free.\",\"breadcrumb\":{\"@id\":\"https:\\\/\\\/www.cncinternational.eu\\\/it\\\/prodotto\\\/smalto-gel\\\/#breadcrumb\"},\"inLanguage\":\"it-IT\",\"potentialAction\":[{\"@type\":\"ReadAction\",\"target\":[\"https:\\\/\\\/www.cncinternational.eu\\\/it\\\/prodotto\\\/smalto-gel\\\/\"]}]},{\"@type\":\"ImageObject\",\"inLanguage\":\"it-IT\",\"@id\":\"https:\\\/\\\/www.cncinternational.eu\\\/it\\\/prodotto\\\/smalto-gel\\\/#primaryimage\",\"url\":\"https:\\\/\\\/www.cncinternational.eu\\\/wp-content\\\/uploads\\\/2021\\\/12\\\/Private-labeling-nail-gel-polish-scaled.jpg\",\"contentUrl\":\"https:\\\/\\\/www.cncinternational.eu\\\/wp-content\\\/uploads\\\/2021\\\/12\\\/Private-labeling-nail-gel-polish-scaled.jpg\",\"width\":2560,\"height\":1927,\"caption\":\"Private labeling nail gel polish\"},{\"@type\":\"BreadcrumbList\",\"@id\":\"https:\\\/\\\/www.cncinternational.eu\\\/it\\\/prodotto\\\/smalto-gel\\\/#breadcrumb\",\"itemListElement\":[{\"@type\":\"ListItem\",\"position\":1,\"name\":\"Home\",\"item\":\"https:\\\/\\\/www.cncinternational.eu\\\/it\\\/\"},{\"@type\":\"ListItem\",\"position\":2,\"name\":\"Prodotto\",\"item\":\"https:\\\/\\\/www.cncinternational.eu\\\/it\\\/prodotto\\\/\"},{\"@type\":\"ListItem\",\"position\":3,\"name\":\"Smalto Gel\"}]},{\"@type\":\"WebSite\",\"@id\":\"https:\\\/\\\/www.cncinternational.eu\\\/it\\\/#website\",\"url\":\"https:\\\/\\\/www.cncinternational.eu\\\/it\\\/\",\"name\":\"CNC International\",\"description\":\"Just another WordPress site\",\"potentialAction\":[{\"@type\":\"SearchAction\",\"target\":{\"@type\":\"EntryPoint\",\"urlTemplate\":\"https:\\\/\\\/www.cncinternational.eu\\\/it\\\/?s={search_term_string}\"},\"query-input\":{\"@type\":\"PropertyValueSpecification\",\"valueRequired\":true,\"valueName\":\"search_term_string\"}}],\"inLanguage\":\"it-IT\"}]}<\/script>\n<!-- \/ Yoast SEO plugin. -->","yoast_head_json":{"title":"Smalto gel HEMA per onicotecniche - CNC International","description":"I nostri smalti gel professionali sono disponibili in oltre 200 colori e sfumature luccicanti. Bellissimi colori gel per unghie UV HEMA e DI-HEMA free.","robots":{"index":"index","follow":"follow","max-snippet":"max-snippet:-1","max-image-preview":"max-image-preview:large","max-video-preview":"max-video-preview:-1"},"canonical":"https:\/\/www.cncinternational.eu\/it\/prodotto\/smalto-gel\/","og_locale":"it_IT","og_type":"article","og_title":"Smalto gel HEMA per onicotecniche - CNC International","og_description":"I nostri smalti gel professionali sono disponibili in oltre 200 colori e sfumature luccicanti. Bellissimi colori gel per unghie UV HEMA e DI-HEMA free.","og_url":"https:\/\/www.cncinternational.eu\/it\/prodotto\/smalto-gel\/","og_site_name":"CNC International","article_modified_time":"2026-03-03T08:48:53+00:00","og_image":[{"width":2560,"height":1927,"url":"https:\/\/www.cncinternational.eu\/wp-content\/uploads\/2021\/12\/Private-labeling-nail-gel-polish-scaled.jpg","type":"image\/jpeg"}],"twitter_card":"summary_large_image","twitter_misc":{"Tempo di lettura stimato":"1 minuto"},"schema":{"@context":"https:\/\/schema.org","@graph":[{"@type":"WebPage","@id":"https:\/\/www.cncinternational.eu\/it\/prodotto\/smalto-gel\/","url":"https:\/\/www.cncinternational.eu\/it\/prodotto\/smalto-gel\/","name":"Smalto gel HEMA per onicotecniche - CNC International","isPartOf":{"@id":"https:\/\/www.cncinternational.eu\/it\/#website"},"primaryImageOfPage":{"@id":"https:\/\/www.cncinternational.eu\/it\/prodotto\/smalto-gel\/#primaryimage"},"image":{"@id":"https:\/\/www.cncinternational.eu\/it\/prodotto\/smalto-gel\/#primaryimage"},"thumbnailUrl":"https:\/\/www.cncinternational.eu\/wp-content\/uploads\/2021\/12\/Private-labeling-nail-gel-polish-scaled.jpg","datePublished":"2022-02-09T11:03:09+00:00","dateModified":"2026-03-03T08:48:53+00:00","description":"I nostri smalti gel professionali sono disponibili in oltre 200 colori e sfumature luccicanti. Bellissimi colori gel per unghie UV HEMA e DI-HEMA free.","breadcrumb":{"@id":"https:\/\/www.cncinternational.eu\/it\/prodotto\/smalto-gel\/#breadcrumb"},"inLanguage":"it-IT","potentialAction":[{"@type":"ReadAction","target":["https:\/\/www.cncinternational.eu\/it\/prodotto\/smalto-gel\/"]}]},{"@type":"ImageObject","inLanguage":"it-IT","@id":"https:\/\/www.cncinternational.eu\/it\/prodotto\/smalto-gel\/#primaryimage","url":"https:\/\/www.cncinternational.eu\/wp-content\/uploads\/2021\/12\/Private-labeling-nail-gel-polish-scaled.jpg","contentUrl":"https:\/\/www.cncinternational.eu\/wp-content\/uploads\/2021\/12\/Private-labeling-nail-gel-polish-scaled.jpg","width":2560,"height":1927,"caption":"Private labeling nail gel polish"},{"@type":"BreadcrumbList","@id":"https:\/\/www.cncinternational.eu\/it\/prodotto\/smalto-gel\/#breadcrumb","itemListElement":[{"@type":"ListItem","position":1,"name":"Home","item":"https:\/\/www.cncinternational.eu\/it\/"},{"@type":"ListItem","position":2,"name":"Prodotto","item":"https:\/\/www.cncinternational.eu\/it\/prodotto\/"},{"@type":"ListItem","position":3,"name":"Smalto Gel"}]},{"@type":"WebSite","@id":"https:\/\/www.cncinternational.eu\/it\/#website","url":"https:\/\/www.cncinternational.eu\/it\/","name":"CNC International","description":"Just another WordPress site","potentialAction":[{"@type":"SearchAction","target":{"@type":"EntryPoint","urlTemplate":"https:\/\/www.cncinternational.eu\/it\/?s={search_term_string}"},"query-input":{"@type":"PropertyValueSpecification","valueRequired":true,"valueName":"search_term_string"}}],"inLanguage":"it-IT"}]}},"_links":{"self":[{"href":"https:\/\/www.cncinternational.eu\/it\/wp-json\/wp\/v2\/pages\/1650","targetHints":{"allow":["GET"]}}],"collection":[{"href":"https:\/\/www.cncinternational.eu\/it\/wp-json\/wp\/v2\/pages"}],"about":[{"href":"https:\/\/www.cncinternational.eu\/it\/wp-json\/wp\/v2\/types\/page"}],"author":[{"embeddable":true,"href":"https:\/\/www.cncinternational.eu\/it\/wp-json\/wp\/v2\/users\/9"}],"replies":[{"embeddable":true,"href":"https:\/\/www.cncinternational.eu\/it\/wp-json\/wp\/v2\/comments?post=1650"}],"version-history":[{"count":55,"href":"https:\/\/www.cncinternational.eu\/it\/wp-json\/wp\/v2\/pages\/1650\/revisions"}],"predecessor-version":[{"id":14343,"href":"https:\/\/www.cncinternational.eu\/it\/wp-json\/wp\/v2\/pages\/1650\/revisions\/14343"}],"up":[{"embeddable":true,"href":"https:\/\/www.cncinternational.eu\/it\/wp-json\/wp\/v2\/pages\/1538"}],"wp:featuredmedia":[{"embeddable":true,"href":"https:\/\/www.cncinternational.eu\/it\/wp-json\/wp\/v2\/media\/598"}],"wp:attachment":[{"href":"https:\/\/www.cncinternational.eu\/it\/wp-json\/wp\/v2\/media?parent=1650"}],"curies":[{"name":"wp","href":"https:\/\/api.w.org\/{rel}","templated":true}]}}