{"id":3705,"date":"2022-07-18T10:40:55","date_gmt":"2022-07-18T10:40:55","guid":{"rendered":"https:\/\/www.cncinternational.eu\/catalogue\/"},"modified":"2026-03-12T13:22:37","modified_gmt":"2026-03-12T13:22:37","slug":"catalogue","status":"publish","type":"page","link":"https:\/\/www.cncinternational.eu\/fr\/catalogue\/","title":{"rendered":"Catalogue"},"content":{"rendered":"    \t<section class=\"contact-block form-with-image gradient-bg \" id=\"\">\n\t\t<div class=\"container\">\n\t\t\t<div class=\"row justify-content-center\">\n\t\t\t\t<div class=\"col-12 col-md-12 col-lg-10\">\n\t\t\t\t\t<div class=\"form-wrapper\">\n\t\t\t\t\t\t<div class=\"col-12 col-md-10 col-lg-9 mx-auto\">\n\t\t\t\t\t\t\t<h1 class=\"form-title\">D\u00e9couvrez notre brochure en ligne compacte avec nos produits pour ongles sans TPO et sans HEMA les plus vendus.<\/h1>\t\t\t\t\t\t<\/div>\n\t\t\t\t\t\t\t\t\t\t\t\t<div class=\"row\">\n\t\t\t\t\t\t\t<div class=\"col-12 col-md-7 col-lg-7\">\n\t\t\t\t\t\t\t\t\t\t\t\t\t\t\t\t\t<div class=\"form\">\n\t\t\t\t\t\t\t\t\t\t<script src='https:\/\/online4.superoffice.com\/Cust21613\/CS\/scripts\/customer.fcgi?action=form&#038;id=F-G1s8GtUv' defer><\/script>\t\t\t\t\t\t\t\t\t\t\t\t\t\t\t\t\t\t\t\t\t\t\t\t\t\t\t\t\t\t\t\t<\/div>\n\t\t\t\t\t\t\t\t\t\t\t\t\t\t\t<\/div>\n\t\t\t\t\t\t\t<div class=\"col-12 col-md-5 col-lg-5\">\n\t\t\t\t\t\t\t\t<div class=\"col-12 col-md col-excerpt\">\n\t\t\t\t\t\t\t\t\t<div class=\"excerpt-wrapper\">\n\t\t\t\t\t\t\t\t\t<p>Nos produits polyvalents pour les ongles de marque priv\u00e9e ont la meilleure qualit\u00e9 \u00e0 des prix comp\u00e9titifs. Nous sommes fiers de fabriquer des gels \u00e0 ongles UV pour de nombreuses marques d&rsquo;ongles dans le monde entier. CNC International a \u00e9t\u00e9 cr\u00e9\u00e9 en 1993, avec l&rsquo;usine aux Pays-Bas, en Europe. Nos produits pour les ongles en gel et en acrylique peuvent \u00eatre livr\u00e9s en vrac ou remplis et enti\u00e8rement finis : pr\u00eats \u00e0 vendre !<\/p>\t\t\t\t\t\t\n\t\t\t\t\t\t\t\t\t<\/div>\n\t\t\t\t\t\t\t\t<\/div>\n\t\t\t\t\t\t\t\t<div class=\"col-img img-wrapper\">\n\t\t\t\t\t\t\t\t\t<img decoding=\"async\" src=\"https:\/\/www.cncinternational.eu\/wp-content\/uploads\/2025\/08\/Telefoon-EP.png\" alt=\"\">\n\t\t\t\t\t\t\t\t<\/div>\n\t\t\t\t\t\t\t\t\t\t\t\t\t\t\t\t\t<div class=\"col-12 col-md col-excerpt\">\n\t\t\t\t\t\t\t\t\t\t<div class=\"excerpt-wrapper\">\n\t\t\t\t\t\t\t\t\t\t<p>Dans notre e-brochure 2026, vous trouverez:\r\n\r\n<ul> \r\n<li>Nos produits UV gel 2026 les plus vendus et nouveaut\u00e9s<\/li> \r\n<li>Prix de d\u00e9part par litre<\/li> \r\n<li>Principaux avantages de travailler avec CNC<\/li> <\/ul><\/p>\t\t\t\t\t\t\n\t\t\t\t\t\t\t\t\t\t<\/div>\n\t\t\t\t\t\t\t\t\t<\/div>\n\t\t\t\t\t\t\t\t\t\t\t\t\t\t\t<\/div>\n\t\t\t\t\t\t<\/div>\n\t\t\t\t\t\t\t\t\t\t\t\t\t\t\t\t\t\t\t\t\t\t\t\t<\/div>\n\t\t\t\t<\/div>\n\t\t\t\t\n\t\t\t<\/div>\n\t\t<\/div>\n\t<\/section>\n    \t\n  \t\n\t\n\n    <section class=\"contact-cards\">\n        <div class=\"container\">\n                            <h2 class=\"mb-4\">Contactez nous!<\/h2>\n                        <div class=\"grid-wrap\">\n                                                                                    <div class=\"card\">\n                            <div class=\"icon-wrap\">\n                                                                    <img loading=\"lazy\" decoding=\"async\" src=\"https:\/\/www.cncinternational.eu\/wp-content\/uploads\/2024\/08\/Icon-awesome-book-open.svg\" alt=\"Icon awesome-book-open\" width=\"40\" height=\"40\">\n                                                                <p class=\"icon-text\">Demander la brochure<\/p>\n                            <\/div>\n                            <p><strong>Gratuit et sans engagement<\/strong><br> Lancez votre marque de vernis \u00e0 ongles<\/p>\n                                                            <a class=\"icon-link\" href=\"#contact\" target=\"_self\">Demander maintenant &gt;<\/a>\n                                                                                <\/div>\n                                                                    <div class=\"card\">\n                            <div class=\"icon-wrap\">\n                                                                    <img loading=\"lazy\" decoding=\"async\" src=\"https:\/\/www.cncinternational.eu\/wp-content\/uploads\/2024\/08\/Image-13.png\" alt=\"Image 13\" width=\"40\" height=\"40\">\n                                                                <p class=\"icon-text\">Appelez-nous<\/p>\n                            <\/div>\n                            <p><strong>R\u00e9ponse imm\u00e9diate<\/strong><br> Jours ouvrables : 8H30 &#8211; 17H00<\/p>\n                                                            <a class=\"icon-link\" href=\"tel:31885155850\" target=\"_blank\">31 88 5155850<\/a>\n                                                                                <\/div>\n                                                                    <div class=\"card\">\n                            <div class=\"icon-wrap\">\n                                                                    <img loading=\"lazy\" decoding=\"async\" src=\"https:\/\/www.cncinternational.eu\/wp-content\/uploads\/2024\/08\/Image-14.png\" alt=\"Image 14\" width=\"40\" height=\"40\">\n                                                                <p class=\"icon-text\">Chat avec nous<\/p>\n                            <\/div>\n                            <p><strong>R\u00e9ponse imm\u00e9diate<\/strong><br> Jours ouvrables : 8H30 &#8211; 17H00<\/p>\n                                                            <a class=\"icon-link\" href=\"https:\/\/online4.superoffice.com\/Cust21613\/CS\/javascript\/chatframe.html?topicId=3&#038;title=Click%20here%20to%20start%20a%20chat&#038;theme=modern&#038;color=%23422c86&#038;badgeColor=%23422c86&#038;badgeTextColor=%23ffffff&#038;custMsgColor=null&#038;custMsgTextColor=null&#038;agentMsgColor=null&#038;agentMsgTextColor=null&#038;buttonColor=%23422c86&#038;buttonTextColor=null&#038;font=verdana&#038;fontSize=null&#038;size=large&#038;delay=1&#038;mobile=false&#038;windowWidth=300&#038;windowHeight=600\" target=\"_blank\">Chat avec nous  &gt;<\/a>\n                                                                                <\/div>\n                                                                    <div class=\"card\">\n                            <div class=\"icon-wrap\">\n                                                                    <img loading=\"lazy\" decoding=\"async\" src=\"https:\/\/www.cncinternational.eu\/wp-content\/uploads\/2024\/08\/Image-15.png\" alt=\"Image 15\" width=\"40\" height=\"40\">\n                                                                <p class=\"icon-text\">Envoyer un courriel<\/p>\n                            <\/div>\n                            <p>R\u00e9ponse dans les 72 heures les jours ouvrables<\/p>\n                                                            <a class=\"icon-link\" href=\"mailto:sales@cncinternational.eu\" target=\"_blank\">sales@cncinternational.eu &gt;<\/a>\n                                                                                <\/div>\n                                                                    <div class=\"card\">\n                            <div class=\"icon-wrap\">\n                                                                    <img loading=\"lazy\" decoding=\"async\" src=\"https:\/\/www.cncinternational.eu\/wp-content\/uploads\/2024\/08\/Image-18.png\" alt=\"Image 18\" width=\"40\" height=\"40\">\n                                                                <p class=\"icon-text\">Appel vid\u00e9o gratuit<\/p>\n                            <\/div>\n                            <p><strong>Quand cela vous convient<\/strong><br> Introduction personnelle et interactive<\/p>\n                                                            <a class=\"icon-link\" href=\"https:\/\/www.cncinternational.eu\/about-us\/#meet-team\" target=\"_self\">Inscrivez-vous d\u00e8s maintenant !<\/a>\n                                                                                <\/div>\n                                                <\/div>\n        <\/div>\n    <\/section>\n","protected":false},"excerpt":{"rendered":"","protected":false},"author":1,"featured_media":0,"parent":0,"menu_order":0,"comment_status":"closed","ping_status":"closed","template":"","meta":{"_acf_changed":false,"inline_featured_image":false,"footnotes":""},"class_list":["post-3705","page","type-page","status-publish","hentry"],"acf":[],"yoast_head":"<!-- This site is optimized with the Yoast SEO plugin v27.4 - https:\/\/yoast.com\/product\/yoast-seo-wordpress\/ -->\n<title>Brochure en ligne CNC 2026: produits ongles marque priv\u00e9e<\/title>\n<meta name=\"description\" content=\"Demandez la brochure gratuite 2026 de CNC et d\u00e9couvrez nos produits pour ongles en marque priv\u00e9e, sans HEMA &amp; TPO, fabriqu\u00e9s en Europe.\" \/>\n<meta name=\"robots\" content=\"index, follow, max-snippet:-1, max-image-preview:large, max-video-preview:-1\" \/>\n<link rel=\"canonical\" href=\"https:\/\/www.cncinternational.eu\/fr\/catalogue\/\" \/>\n<meta property=\"og:locale\" content=\"fr_FR\" \/>\n<meta property=\"og:type\" content=\"article\" \/>\n<meta property=\"og:title\" content=\"Brochure en ligne CNC 2026: produits ongles marque priv\u00e9e\" \/>\n<meta property=\"og:description\" content=\"Demandez la brochure gratuite 2026 de CNC et d\u00e9couvrez nos produits pour ongles en marque priv\u00e9e, sans HEMA &amp; TPO, fabriqu\u00e9s en Europe.\" \/>\n<meta property=\"og:url\" content=\"https:\/\/www.cncinternational.eu\/fr\/catalogue\/\" \/>\n<meta property=\"og:site_name\" content=\"CNC International\" \/>\n<meta property=\"article:modified_time\" content=\"2026-03-12T13:22:37+00:00\" \/>\n<meta name=\"twitter:card\" content=\"summary_large_image\" \/>\n<script type=\"application\/ld+json\" class=\"yoast-schema-graph\">{\"@context\":\"https:\\\/\\\/schema.org\",\"@graph\":[{\"@type\":\"WebPage\",\"@id\":\"https:\\\/\\\/www.cncinternational.eu\\\/fr\\\/catalogue\\\/\",\"url\":\"https:\\\/\\\/www.cncinternational.eu\\\/fr\\\/catalogue\\\/\",\"name\":\"Brochure en ligne CNC 2026: produits ongles marque priv\u00e9e\",\"isPartOf\":{\"@id\":\"https:\\\/\\\/www.cncinternational.eu\\\/fr\\\/#website\"},\"datePublished\":\"2022-07-18T10:40:55+00:00\",\"dateModified\":\"2026-03-12T13:22:37+00:00\",\"description\":\"Demandez la brochure gratuite 2026 de CNC et d\u00e9couvrez nos produits pour ongles en marque priv\u00e9e, sans HEMA & TPO, fabriqu\u00e9s en Europe.\",\"breadcrumb\":{\"@id\":\"https:\\\/\\\/www.cncinternational.eu\\\/fr\\\/catalogue\\\/#breadcrumb\"},\"inLanguage\":\"fr-FR\",\"potentialAction\":[{\"@type\":\"ReadAction\",\"target\":[\"https:\\\/\\\/www.cncinternational.eu\\\/fr\\\/catalogue\\\/\"]}]},{\"@type\":\"BreadcrumbList\",\"@id\":\"https:\\\/\\\/www.cncinternational.eu\\\/fr\\\/catalogue\\\/#breadcrumb\",\"itemListElement\":[{\"@type\":\"ListItem\",\"position\":1,\"name\":\"Home\",\"item\":\"https:\\\/\\\/www.cncinternational.eu\\\/fr\\\/\"},{\"@type\":\"ListItem\",\"position\":2,\"name\":\"Catalogue\"}]},{\"@type\":\"WebSite\",\"@id\":\"https:\\\/\\\/www.cncinternational.eu\\\/fr\\\/#website\",\"url\":\"https:\\\/\\\/www.cncinternational.eu\\\/fr\\\/\",\"name\":\"CNC International\",\"description\":\"Just another WordPress site\",\"potentialAction\":[{\"@type\":\"SearchAction\",\"target\":{\"@type\":\"EntryPoint\",\"urlTemplate\":\"https:\\\/\\\/www.cncinternational.eu\\\/fr\\\/?s={search_term_string}\"},\"query-input\":{\"@type\":\"PropertyValueSpecification\",\"valueRequired\":true,\"valueName\":\"search_term_string\"}}],\"inLanguage\":\"fr-FR\"}]}<\/script>\n<!-- \/ Yoast SEO plugin. -->","yoast_head_json":{"title":"Brochure en ligne CNC 2026: produits ongles marque priv\u00e9e","description":"Demandez la brochure gratuite 2026 de CNC et d\u00e9couvrez nos produits pour ongles en marque priv\u00e9e, sans HEMA & TPO, fabriqu\u00e9s en Europe.","robots":{"index":"index","follow":"follow","max-snippet":"max-snippet:-1","max-image-preview":"max-image-preview:large","max-video-preview":"max-video-preview:-1"},"canonical":"https:\/\/www.cncinternational.eu\/fr\/catalogue\/","og_locale":"fr_FR","og_type":"article","og_title":"Brochure en ligne CNC 2026: produits ongles marque priv\u00e9e","og_description":"Demandez la brochure gratuite 2026 de CNC et d\u00e9couvrez nos produits pour ongles en marque priv\u00e9e, sans HEMA & TPO, fabriqu\u00e9s en Europe.","og_url":"https:\/\/www.cncinternational.eu\/fr\/catalogue\/","og_site_name":"CNC International","article_modified_time":"2026-03-12T13:22:37+00:00","twitter_card":"summary_large_image","schema":{"@context":"https:\/\/schema.org","@graph":[{"@type":"WebPage","@id":"https:\/\/www.cncinternational.eu\/fr\/catalogue\/","url":"https:\/\/www.cncinternational.eu\/fr\/catalogue\/","name":"Brochure en ligne CNC 2026: produits ongles marque priv\u00e9e","isPartOf":{"@id":"https:\/\/www.cncinternational.eu\/fr\/#website"},"datePublished":"2022-07-18T10:40:55+00:00","dateModified":"2026-03-12T13:22:37+00:00","description":"Demandez la brochure gratuite 2026 de CNC et d\u00e9couvrez nos produits pour ongles en marque priv\u00e9e, sans HEMA & TPO, fabriqu\u00e9s en Europe.","breadcrumb":{"@id":"https:\/\/www.cncinternational.eu\/fr\/catalogue\/#breadcrumb"},"inLanguage":"fr-FR","potentialAction":[{"@type":"ReadAction","target":["https:\/\/www.cncinternational.eu\/fr\/catalogue\/"]}]},{"@type":"BreadcrumbList","@id":"https:\/\/www.cncinternational.eu\/fr\/catalogue\/#breadcrumb","itemListElement":[{"@type":"ListItem","position":1,"name":"Home","item":"https:\/\/www.cncinternational.eu\/fr\/"},{"@type":"ListItem","position":2,"name":"Catalogue"}]},{"@type":"WebSite","@id":"https:\/\/www.cncinternational.eu\/fr\/#website","url":"https:\/\/www.cncinternational.eu\/fr\/","name":"CNC International","description":"Just another WordPress site","potentialAction":[{"@type":"SearchAction","target":{"@type":"EntryPoint","urlTemplate":"https:\/\/www.cncinternational.eu\/fr\/?s={search_term_string}"},"query-input":{"@type":"PropertyValueSpecification","valueRequired":true,"valueName":"search_term_string"}}],"inLanguage":"fr-FR"}]}},"_links":{"self":[{"href":"https:\/\/www.cncinternational.eu\/fr\/wp-json\/wp\/v2\/pages\/3705","targetHints":{"allow":["GET"]}}],"collection":[{"href":"https:\/\/www.cncinternational.eu\/fr\/wp-json\/wp\/v2\/pages"}],"about":[{"href":"https:\/\/www.cncinternational.eu\/fr\/wp-json\/wp\/v2\/types\/page"}],"author":[{"embeddable":true,"href":"https:\/\/www.cncinternational.eu\/fr\/wp-json\/wp\/v2\/users\/1"}],"replies":[{"embeddable":true,"href":"https:\/\/www.cncinternational.eu\/fr\/wp-json\/wp\/v2\/comments?post=3705"}],"version-history":[{"count":20,"href":"https:\/\/www.cncinternational.eu\/fr\/wp-json\/wp\/v2\/pages\/3705\/revisions"}],"predecessor-version":[{"id":13992,"href":"https:\/\/www.cncinternational.eu\/fr\/wp-json\/wp\/v2\/pages\/3705\/revisions\/13992"}],"wp:attachment":[{"href":"https:\/\/www.cncinternational.eu\/fr\/wp-json\/wp\/v2\/media?parent=3705"}],"curies":[{"name":"wp","href":"https:\/\/api.w.org\/{rel}","templated":true}]}}