{"id":1472,"date":"2022-02-08T15:48:10","date_gmt":"2022-02-08T15:48:10","guid":{"rendered":"https:\/\/www.cncinternational.eu\/?page_id=1472"},"modified":"2025-12-23T11:20:13","modified_gmt":"2025-12-23T11:20:13","slug":"produits-complementaires","status":"publish","type":"page","link":"https:\/\/www.cncinternational.eu\/fr\/produit\/produits-complementaires\/","title":{"rendered":"Produits compl\u00e9mentaires\ufffc"},"content":{"rendered":"  \t\n\t  <header class=\"main-header \">\n\t\t<!-- For mobile -->\n\t\t<div class=\"d-block d-sm-none\">\n\t\t  <div class=\"container-fluid px-0\">\n\t\t\t<div class=\"container g-0\">\n\t\t\t  <div class=\"row g-0 justify-content-start align-items-center\">\n\t\t\t\t<div class=\"col-12 d-sm-none\">\n\t\t\t\t  <div class=\"header-image\">\n\t\t\t\t\t\t\t\t\t\t\t\t<img fetchpriority=\"high\" decoding=\"async\" src=\"https:\/\/www.cncinternational.eu\/wp-content\/uploads\/2021\/12\/Private-label-supplementary-products--scaled.jpg\" alt=\"Produits compl\u00e9mentaires sous marque de distributeur\" width=\"2560\" height=\"1927\" loading=\"eager\">\n\t\t\t\t\t\t\t\t\t\t  <\/div>\n\t\t\t\t<\/div>\n\t\t\t\t<div class=\"offset-md-6 col-md-6\">\n\t\t\t\t  <div class=\"header-text\">\n\t\t\t\t\t<p class=\"mobile-title\">Produits compl\u00e9mentaires<\/p>\n\t\t\t\t\t<p data-pm-slice=\"1 1 [&quot;bulletList&quot;,null,&quot;listItem&quot;,null,&quot;bulletList&quot;,null,&quot;listItem&quot;,null]\">CNC propose des produits compl\u00e9mentaires de haute qualit\u00e9 pour compl\u00e9ter votre portefeuille de produits ongles en marque priv\u00e9e. Premi\u00e8re \u00e9tape : la pr\u00e9paration de l\u2019ongle !<\/p>\n\t\t\t\t\t\t\t\t\t\t\t\t\t\t  <\/div>\n\t\t\t\t<\/div>\n\t\t\t  <\/div>\n\t\t\t<\/div>\n\t\t  <\/div>\n\t\t<\/div>\n\t\t<!-- \/For mobile -->\n\t\t\n\t\t<!-- For desktop -->\n\t\t<div class=\"d-none d-sm-block\">\n\t\t  <div class=\"container-fluid px-0\" >\n\t\t\t<div class=\"header-bg\" style=\"background-image: url('https:\/\/www.cncinternational.eu\/wp-content\/uploads\/2021\/12\/Private-label-supplementary-products--scaled.jpg');\">\n\t\t\t\t\n\t\t\t<\/div>\n\t\t\t<div class=\"container g-0\">\n\t\t\t  <div class=\"row g-0 justify-content-start align-items-center\">\n\t\t\t\t<div class=\"offset-md-6 col-md-6\">\n\t\t\t\t  <div class=\"header-text\">\n\t\t\t\t\t<h1>Produits compl\u00e9mentaires<\/h1>\n\t\t\t\t\t<p data-pm-slice=\"1 1 [&quot;bulletList&quot;,null,&quot;listItem&quot;,null,&quot;bulletList&quot;,null,&quot;listItem&quot;,null]\">CNC propose des produits compl\u00e9mentaires de haute qualit\u00e9 pour compl\u00e9ter votre portefeuille de produits ongles en marque priv\u00e9e. Premi\u00e8re \u00e9tape : la pr\u00e9paration de l\u2019ongle !<\/p>\n\t\t\t\t\n\t\t\t\t\t\t\t\t\t\t\t\t\t\t  <\/div>\n\t\t\t\t<\/div>\n\t\t\t  <\/div>\n\t\t\t<\/div>\n\t\t  <\/div>\n\t\t<\/div>\n\t\t<!-- \/For desktop -->\n\t  <\/header>\n\t  \n\t  \t\n\n\t<section class=\"news\">\n\t\t<div class=\"container p-0 \">\n\t\t\t<div class=\"row g-0\">\n\t\t\t\t<div class=\"col-12 overlap bg-white\">\n\t\t\t\t\t\t\t\t\t\t\t\t\t\t\t\t\t\t\t\t\t\t<!-- Start row -->\n\t\t\t\t\t\t\t\t\t\t\t\t\t\t\t\t\t\t\t\t\t\t\t\t\t\t\t\t\t\t\t\t\t\t\t\t\n\t\t\t\t\t\t\t\t\t<div class=\"row g-0 align-items-center\">\n\t\t\t\t\t\t\t\t\t\t<div class=\"col-12 col-md col-img img-wrapper\">\n\t\t\t\t\t\t\t\t\t\t\t\t\t\t\t\t\t\t\t\t\t\t\t\t\t\t\t\t\t\t\t\t\t\t<img loading=\"lazy\" decoding=\"async\" src=\"https:\/\/www.cncinternational.eu\/wp-content\/uploads\/2021\/12\/MicrosoftTeams-image.jpg\"\n\t\t\t\t\t\t\t\t\t\t\t\t\talt=\"Gel UV manucure prep ongles \" width=\"1445\" height=\"813\">\n\t\t\t\t\t\t\t\t\t\t\t\t\t\t\t\t\t\t\t\t\t<\/div>\n\t\t\t\t\t\t\t\t\t\t<div class=\"col-12 col-md col-excerpt\">\n\t\t\t\t\t\t\t\t\t\t\t<div class=\"excerpt-wrapper\">\n\t\t\t\t\t\t\t\t\t\t\t\t<h4>Premi\u00e8re \u00e9tape pour de meilleurs r\u00e9sultats<\/h4>\n\t\t\t\t\t\t\t\t\t\t\t\t<p>La qualit\u00e9 de chaque soin des ongles d\u00e9pend directement de leur pr\u00e9paration. Choisissez les meilleurs produits pour votre gamme de marques de distributeur. Nos produits compl\u00e9mentaires pour les ongles ont \u00e9t\u00e9 sp\u00e9cialement d\u00e9velopp\u00e9s pour compl\u00e9ter parfaitement nos produits de base. Votre garantie d&rsquo;obtenir les meilleurs r\u00e9sultats \u00e0 tous les coups!<\/p>\n\t\t\t\t\t\t\t\t\t\t\t\t\t\t\t\t\t\t\t\t\t\t\t<\/div>\n\t\t\t\t\t\t\t\t\t\t<\/div>\n\t\t\t\t\t\t\t\t\t<\/div>\n\t\t\t\t\t\t\t\t\n\t\t\t\t\t\t\t\n\t\t\t\t\t\t\t\t\t\t\t\t\t\t\t\t\t\t\t\t\t\t\t\t\t\t\t\t\t\t\t\t\t\t\t\t\t\t\t\t\t\t\t\t\t\t\t\t\t\t\t\t<div class=\"row g-0 align-items-center\">\n\t\t\t\t\t\t\t\t\t\t<div class=\"col-12 col-md col-excerpt\">\n\t\t\t\t\t\t\t\t\t\t\t<div class=\"excerpt-wrapper\">\n\t\t\t\t\t\t\t\t\t\t\t\t<h4>Produits compl\u00e9mentaires<\/h4>\n\t\t\t\t\t\t\t\t\t\t\t\t<p>Pour compl\u00e9ter votre assortiment de produits professionnels pour les ongles, CNC International propose des produits compl\u00e9mentaires de haute qualit\u00e9 tels que des dissolvants et des liquides pour la pr\u00e9paration des ongles.\r\n<ul >\r\n<li>Gel de Base Sans Acide<\/li>\r\n<li>Appr\u00eat \u00e0 Ongles<\/li>\r\n<li>D\u00e9graissant pour Ongles<\/li>\r\n<li>D\u00e9shydratant Temporaire pour Ongles<\/li>\r\n<li>Gel Nettoyant<\/li>\r\n<li>Solution de Trempage<\/li>\r\n<li>Dissolvant de Vernis Gel avec Parfum<\/li>\r\n<\/li>\r\n<\/ul>\t<\/p>\n\t\t\t\t\t\t\t\t\t\t\t\t\t\t\t\t\t\t\t\t\t\t\t<\/div>\n\t\t\t\t\t\t\t\t\t\t<\/div>\n\t\t\t\t\t\t\t\t\t\t<div class=\"col-12 col-md col-img img-wrapper\">\n\t\t\t\t\t\t\t\t\t\t\t\t\t\t\t\t\t\t\t\t\t\t\t\t\t\t\t\t\t\t\t\t\t\t\t\t<img loading=\"lazy\" decoding=\"async\" src=\"https:\/\/www.cncinternational.eu\/wp-content\/uploads\/2021\/12\/Removers-nail-preparation-liquids-1.jpg\"\n\t\t\t\t\t\t\t\t\t\t\t\t\t\talt=\"Dissolvants pour liquides de pr\u00e9paration des ongles\" width=\"1445\" height=\"813\">\n\t\t\t\t\t\t\t\t\t\t\t\t\t\t\t\t\t\t\t\t\t\t\t\t\t\t\t\t\t\t\t\t\t<\/div>\n\t\t\t\t\t\t\t\t\t<\/div>\n\t\t\t\t\t\t\t\t\n\t\t\t\t\t\t\t\n\t\t\t\t\t\t\t\t\t\t\t\t\t\t\t\t\t\t\t<!-- End row -->\n\t\t\t\t\t\t\t\t\t<\/div>\n\t\t\t<\/div>\n\t\t<\/div>\n\t<\/section>\n\n\t\n\n      \t<section class=\"contact-block ud_catalogue image-and-description gradient-bg slipped-section\" id=\"\">\n\t\t<div class=\"container\">\n\t\t\t<div class=\"row justify-content-center\">\n\t\t\t\t<div class=\"col-12 col-md-12 col-lg-10\">\n\t\t\t\t\t<div class=\"form-wrapper\">\n\t\t\t\t\t\t<div class=\"col-12\">\n\t\t\t\t\t\t\t<div class=\"row flex-column-reverse flex-lg-row\">\n\t\t\t\t\t\t\t\t<div class=\"col-12 col-md col-excerpt\">\n\t\t\t\t\t\t\t\t\t<div class=\"excerpt-wrapper\">\n\t\t\t\t\t\t\t\t\t\t<h4 class=\"form-title text-center\">D\u00e9couvrez notre brochure en ligne compacte avec les meilleurs produits pour ongles TPO &#038; sans HEMA.<\/h4>\t\t\t\t\t\t\t\t\t\t\t\t\t\t\t\t\t\t\t\t\t<div class=\"form-description\">\n\t\t\t\t\t\t\t\t\t\t\t\t<p>Dans notre e-brochure 2026, vous trouverez:<\/p>\n<ul>\n<li>Nos produits UV gel 2026 les plus vendus et nouveaut\u00e9s<\/li>\n<li>Prix de d\u00e9part par litre<\/li>\n<li>Principaux avantages de travailler avec CNC<\/li>\n<\/ul>\n\t\t\t\t\t\t\t\t\t\t\t<\/div>\n\t\t\t\t\t\t\t\t\t\t\t\n\t\t\t\t\t\t\t\t\t\t\t\t\t\t\t\t\t\t\t\t\t\t\t\t\t\t\t\t\t\t\t\t\t<div class=\"form d-flex justify-content-md-center\">\n\t\t\t\t\t\t\t\t\t\t\t\t\t\t\t\t\t\t\t\t\t\t\t\t\t\t\t\t\t\t\t\t\t\t\t\t\t\t\t\t<a class=\"btn\" href=\"\/fr\/contact#contact\" target=\"_self\">T\u00e9l\u00e9charger le catalogue CNC<\/a>\n\t\t\t\t\t\t\t\t\t\t\t\t\t\t\t\t\t\t\t\t\t\t\t\t\t<\/div>\n\t\t\t\t\t\t\t\t\t\t\t\t\t\t\t\t\t\t\t\t\t\t\t\t\t\n\t\t\t\t\t\t\t\t\t<\/div>\n\t\t\t\t\t\t\t\t<\/div>\n\t\t\t\t\t\t\t\t<div class=\"col-6 col-md-4 mx-auto col-img img-wrapper\">\n\t\t\t\t\t\t\t\t\t<img decoding=\"async\" src=\"https:\/\/www.cncinternational.eu\/wp-content\/uploads\/2025\/08\/Telefoon-EP.png\" alt=\"\">\n\t\t\t\t\t\t\t\t<\/div>\n\t\t\t\t\t\t\t<\/div>\n\t\t\t\t\t\t<\/div>\n\t\t\t\t\t\t\n\t\t\t\t\t<\/div>\n\t\t\t\t<\/div>\n\t\t\t\t\n\t\t\t<\/div>\n\t\t<\/div>\n\t<\/section>\n  \t\n  \t\n\t","protected":false},"excerpt":{"rendered":"","protected":false},"author":9,"featured_media":0,"parent":1450,"menu_order":0,"comment_status":"closed","ping_status":"closed","template":"","meta":{"_acf_changed":false,"inline_featured_image":false,"footnotes":""},"class_list":["post-1472","page","type-page","status-publish","hentry"],"acf":[],"yoast_head":"<!-- This site is optimized with the Yoast SEO plugin v27.4 - https:\/\/yoast.com\/product\/yoast-seo-wordpress\/ -->\n<title>Produits compl\u00e9mentaires \u2013 compl\u00e9tez votre marque avec CNC<\/title>\n<meta name=\"description\" content=\"CNC propose des produits compl\u00e9mentaires de haute qualit\u00e9 pour votre marque priv\u00e9e. Choisissez les meilleurs produits pour votre ligne.\" \/>\n<meta name=\"robots\" content=\"index, follow, max-snippet:-1, max-image-preview:large, max-video-preview:-1\" \/>\n<link rel=\"canonical\" href=\"https:\/\/www.cncinternational.eu\/fr\/produit\/produits-complementaires\/\" \/>\n<meta property=\"og:locale\" content=\"fr_FR\" \/>\n<meta property=\"og:type\" content=\"article\" \/>\n<meta property=\"og:title\" content=\"Produits compl\u00e9mentaires \u2013 compl\u00e9tez votre marque avec CNC\" \/>\n<meta property=\"og:description\" content=\"CNC propose des produits compl\u00e9mentaires de haute qualit\u00e9 pour votre marque priv\u00e9e. Choisissez les meilleurs produits pour votre ligne.\" \/>\n<meta property=\"og:url\" content=\"https:\/\/www.cncinternational.eu\/fr\/produit\/produits-complementaires\/\" \/>\n<meta property=\"og:site_name\" content=\"CNC International\" \/>\n<meta property=\"article:modified_time\" content=\"2025-12-23T11:20:13+00:00\" \/>\n<meta name=\"twitter:card\" content=\"summary_large_image\" \/>\n<script type=\"application\/ld+json\" class=\"yoast-schema-graph\">{\"@context\":\"https:\\\/\\\/schema.org\",\"@graph\":[{\"@type\":\"WebPage\",\"@id\":\"https:\\\/\\\/www.cncinternational.eu\\\/fr\\\/produit\\\/produits-complementaires\\\/\",\"url\":\"https:\\\/\\\/www.cncinternational.eu\\\/fr\\\/produit\\\/produits-complementaires\\\/\",\"name\":\"Produits compl\u00e9mentaires \u2013 compl\u00e9tez votre marque avec CNC\",\"isPartOf\":{\"@id\":\"https:\\\/\\\/www.cncinternational.eu\\\/fr\\\/#website\"},\"datePublished\":\"2022-02-08T15:48:10+00:00\",\"dateModified\":\"2025-12-23T11:20:13+00:00\",\"description\":\"CNC propose des produits compl\u00e9mentaires de haute qualit\u00e9 pour votre marque priv\u00e9e. Choisissez les meilleurs produits pour votre ligne.\",\"breadcrumb\":{\"@id\":\"https:\\\/\\\/www.cncinternational.eu\\\/fr\\\/produit\\\/produits-complementaires\\\/#breadcrumb\"},\"inLanguage\":\"fr-FR\",\"potentialAction\":[{\"@type\":\"ReadAction\",\"target\":[\"https:\\\/\\\/www.cncinternational.eu\\\/fr\\\/produit\\\/produits-complementaires\\\/\"]}]},{\"@type\":\"BreadcrumbList\",\"@id\":\"https:\\\/\\\/www.cncinternational.eu\\\/fr\\\/produit\\\/produits-complementaires\\\/#breadcrumb\",\"itemListElement\":[{\"@type\":\"ListItem\",\"position\":1,\"name\":\"Home\",\"item\":\"https:\\\/\\\/www.cncinternational.eu\\\/fr\\\/\"},{\"@type\":\"ListItem\",\"position\":2,\"name\":\"Produit\",\"item\":\"https:\\\/\\\/www.cncinternational.eu\\\/fr\\\/produit\\\/\"},{\"@type\":\"ListItem\",\"position\":3,\"name\":\"Produits compl\u00e9mentaires\ufffc\"}]},{\"@type\":\"WebSite\",\"@id\":\"https:\\\/\\\/www.cncinternational.eu\\\/fr\\\/#website\",\"url\":\"https:\\\/\\\/www.cncinternational.eu\\\/fr\\\/\",\"name\":\"CNC International\",\"description\":\"Just another WordPress site\",\"potentialAction\":[{\"@type\":\"SearchAction\",\"target\":{\"@type\":\"EntryPoint\",\"urlTemplate\":\"https:\\\/\\\/www.cncinternational.eu\\\/fr\\\/?s={search_term_string}\"},\"query-input\":{\"@type\":\"PropertyValueSpecification\",\"valueRequired\":true,\"valueName\":\"search_term_string\"}}],\"inLanguage\":\"fr-FR\"}]}<\/script>\n<!-- \/ Yoast SEO plugin. -->","yoast_head_json":{"title":"Produits compl\u00e9mentaires \u2013 compl\u00e9tez votre marque avec CNC","description":"CNC propose des produits compl\u00e9mentaires de haute qualit\u00e9 pour votre marque priv\u00e9e. Choisissez les meilleurs produits pour votre ligne.","robots":{"index":"index","follow":"follow","max-snippet":"max-snippet:-1","max-image-preview":"max-image-preview:large","max-video-preview":"max-video-preview:-1"},"canonical":"https:\/\/www.cncinternational.eu\/fr\/produit\/produits-complementaires\/","og_locale":"fr_FR","og_type":"article","og_title":"Produits compl\u00e9mentaires \u2013 compl\u00e9tez votre marque avec CNC","og_description":"CNC propose des produits compl\u00e9mentaires de haute qualit\u00e9 pour votre marque priv\u00e9e. Choisissez les meilleurs produits pour votre ligne.","og_url":"https:\/\/www.cncinternational.eu\/fr\/produit\/produits-complementaires\/","og_site_name":"CNC International","article_modified_time":"2025-12-23T11:20:13+00:00","twitter_card":"summary_large_image","schema":{"@context":"https:\/\/schema.org","@graph":[{"@type":"WebPage","@id":"https:\/\/www.cncinternational.eu\/fr\/produit\/produits-complementaires\/","url":"https:\/\/www.cncinternational.eu\/fr\/produit\/produits-complementaires\/","name":"Produits compl\u00e9mentaires \u2013 compl\u00e9tez votre marque avec CNC","isPartOf":{"@id":"https:\/\/www.cncinternational.eu\/fr\/#website"},"datePublished":"2022-02-08T15:48:10+00:00","dateModified":"2025-12-23T11:20:13+00:00","description":"CNC propose des produits compl\u00e9mentaires de haute qualit\u00e9 pour votre marque priv\u00e9e. Choisissez les meilleurs produits pour votre ligne.","breadcrumb":{"@id":"https:\/\/www.cncinternational.eu\/fr\/produit\/produits-complementaires\/#breadcrumb"},"inLanguage":"fr-FR","potentialAction":[{"@type":"ReadAction","target":["https:\/\/www.cncinternational.eu\/fr\/produit\/produits-complementaires\/"]}]},{"@type":"BreadcrumbList","@id":"https:\/\/www.cncinternational.eu\/fr\/produit\/produits-complementaires\/#breadcrumb","itemListElement":[{"@type":"ListItem","position":1,"name":"Home","item":"https:\/\/www.cncinternational.eu\/fr\/"},{"@type":"ListItem","position":2,"name":"Produit","item":"https:\/\/www.cncinternational.eu\/fr\/produit\/"},{"@type":"ListItem","position":3,"name":"Produits compl\u00e9mentaires\ufffc"}]},{"@type":"WebSite","@id":"https:\/\/www.cncinternational.eu\/fr\/#website","url":"https:\/\/www.cncinternational.eu\/fr\/","name":"CNC International","description":"Just another WordPress site","potentialAction":[{"@type":"SearchAction","target":{"@type":"EntryPoint","urlTemplate":"https:\/\/www.cncinternational.eu\/fr\/?s={search_term_string}"},"query-input":{"@type":"PropertyValueSpecification","valueRequired":true,"valueName":"search_term_string"}}],"inLanguage":"fr-FR"}]}},"_links":{"self":[{"href":"https:\/\/www.cncinternational.eu\/fr\/wp-json\/wp\/v2\/pages\/1472","targetHints":{"allow":["GET"]}}],"collection":[{"href":"https:\/\/www.cncinternational.eu\/fr\/wp-json\/wp\/v2\/pages"}],"about":[{"href":"https:\/\/www.cncinternational.eu\/fr\/wp-json\/wp\/v2\/types\/page"}],"author":[{"embeddable":true,"href":"https:\/\/www.cncinternational.eu\/fr\/wp-json\/wp\/v2\/users\/9"}],"replies":[{"embeddable":true,"href":"https:\/\/www.cncinternational.eu\/fr\/wp-json\/wp\/v2\/comments?post=1472"}],"version-history":[{"count":16,"href":"https:\/\/www.cncinternational.eu\/fr\/wp-json\/wp\/v2\/pages\/1472\/revisions"}],"predecessor-version":[{"id":13731,"href":"https:\/\/www.cncinternational.eu\/fr\/wp-json\/wp\/v2\/pages\/1472\/revisions\/13731"}],"up":[{"embeddable":true,"href":"https:\/\/www.cncinternational.eu\/fr\/wp-json\/wp\/v2\/pages\/1450"}],"wp:attachment":[{"href":"https:\/\/www.cncinternational.eu\/fr\/wp-json\/wp\/v2\/media?parent=1472"}],"curies":[{"name":"wp","href":"https:\/\/api.w.org\/{rel}","templated":true}]}}