{"id":1465,"date":"2022-02-08T15:33:37","date_gmt":"2022-02-08T15:33:37","guid":{"rendered":"https:\/\/www.cncinternational.eu\/?page_id=1465"},"modified":"2026-04-28T13:17:45","modified_gmt":"2026-04-28T13:17:45","slug":"gels-uv","status":"publish","type":"page","link":"https:\/\/www.cncinternational.eu\/fr\/produit\/gels-uv\/","title":{"rendered":"Gels UV\ufffc"},"content":{"rendered":"  \t\n\t  <header class=\"main-header \">\n\t\t<!-- For mobile -->\n\t\t<div class=\"d-block d-sm-none\">\n\t\t  <div class=\"container-fluid px-0\">\n\t\t\t<div class=\"container g-0\">\n\t\t\t  <div class=\"row g-0 justify-content-start align-items-center\">\n\t\t\t\t<div class=\"col-12 d-sm-none\">\n\t\t\t\t  <div class=\"header-image\">\n\t\t\t\t\t\t\t\t\t\t\t\t<img fetchpriority=\"high\" decoding=\"async\" src=\"https:\/\/www.cncinternational.eu\/wp-content\/uploads\/2022\/03\/Private-labeling-nail-UV-gels-1-scaled.jpg\" alt=\"Gels UV ongle professionnel\" width=\"2560\" height=\"1927\" loading=\"eager\">\n\t\t\t\t\t\t\t\t\t\t  <\/div>\n\t\t\t\t<\/div>\n\t\t\t\t<div class=\"offset-md-6 col-md-6\">\n\t\t\t\t  <div class=\"header-text\">\n\t\t\t\t\t<p class=\"mobile-title\">Gels UV ongle professionnel<\/p>\n\t\t\t\t\t<p>La fabrication de u003cstrongu003egel pour onglesu003c\/strongu003e et u003cstrongu003egel de constructionu003c\/strongu003e est l&rsquo;activit\u00e9 principale de CNC International. u003cstrongu003eEn tant que fabricant gel UV et grossiste gel constructionu003c\/strongu003e, nous proposons une large gamme de u003cstrongu003egel UV professionnelu003c\/strongu003e sans HEMA et sans TPO. Notre collection comprend des u003cstrongu003egel de baseu003c\/strongu003e, u003cstrongu003egel monophase 3 en 1u003c\/strongu003e, u003cstrongu003egel de finitionu003c\/strongu003e, u003cstrongu003egel fibreu003c\/strongu003e avec fibres, et u003cstrongu003egel camouflageu003c\/strongu003e de haute qualit\u00e9.<\/p>\n\t\t\t\t\t\t\t\t\t\t\t\t\t\t\t\t\t\t<a class=\"btn mb-3\" href=\"\/fr\/contact#contact\">\n\t\t\t\t\t\t\t\tObtenir la brochure en ligne\t\t\t\t\t\t\t<\/a>\n\t\t\t\t\t\t\t\t\t\t\t\t\t\t\t\t\t\t\t\t  <\/div>\n\t\t\t\t<\/div>\n\t\t\t  <\/div>\n\t\t\t<\/div>\n\t\t  <\/div>\n\t\t<\/div>\n\t\t<!-- \/For mobile -->\n\t\t\n\t\t<!-- For desktop -->\n\t\t<div class=\"d-none d-sm-block\">\n\t\t  <div class=\"container-fluid px-0\" >\n\t\t\t<div class=\"header-bg\" style=\"background-image: url('https:\/\/www.cncinternational.eu\/wp-content\/uploads\/2022\/03\/Private-labeling-nail-UV-gels-1-scaled.jpg');\">\n\t\t\t\t\n\t\t\t<\/div>\n\t\t\t<div class=\"container g-0\">\n\t\t\t  <div class=\"row g-0 justify-content-start align-items-center\">\n\t\t\t\t<div class=\"offset-md-6 col-md-6\">\n\t\t\t\t  <div class=\"header-text\">\n\t\t\t\t\t<h1>Gels UV ongle professionnel<\/h1>\n\t\t\t\t\t<p>La fabrication de u003cstrongu003egel pour onglesu003c\/strongu003e et u003cstrongu003egel de constructionu003c\/strongu003e est l&rsquo;activit\u00e9 principale de CNC International. u003cstrongu003eEn tant que fabricant gel UV et grossiste gel constructionu003c\/strongu003e, nous proposons une large gamme de u003cstrongu003egel UV professionnelu003c\/strongu003e sans HEMA et sans TPO. Notre collection comprend des u003cstrongu003egel de baseu003c\/strongu003e, u003cstrongu003egel monophase 3 en 1u003c\/strongu003e, u003cstrongu003egel de finitionu003c\/strongu003e, u003cstrongu003egel fibreu003c\/strongu003e avec fibres, et u003cstrongu003egel camouflageu003c\/strongu003e de haute qualit\u00e9.<\/p>\n\t\t\t\t\n\t\t\t\t\t\t\t\t\t\t\t\t\t\t\t\t\t\t<a class=\"btn mb-3\" href=\"\/fr\/contact#contact\">\n\t\t\t\t\t\tObtenir la brochure en ligne\t\t\t\t\t\t\t<\/a>\n\t\t\t\t\t\t\t\t\t\t\t\t\t\t\t\t\t\t\t\t  <\/div>\n\t\t\t\t<\/div>\n\t\t\t  <\/div>\n\t\t\t<\/div>\n\t\t  <\/div>\n\t\t<\/div>\n\t\t<!-- \/For desktop -->\n\t  <\/header>\n\t  \n\t  \t\n\n\t<section class=\"news\">\n\t\t<div class=\"container p-0 \">\n\t\t\t<div class=\"row g-0\">\n\t\t\t\t<div class=\"col-12 overlap bg-white\">\n\t\t\t\t\t\t\t\t\t\t\t\t\t\t\t\t\t\t\t\t\t\t<!-- Start row -->\n\t\t\t\t\t\t\t\t\t\t\t\t\t\t\t\t\t\t\t\t\t\t\t\t\t\t\t\t\t\t\t\t\t\t\t\t\n\t\t\t\t\t\t\t\t\t<div class=\"row g-0 align-items-center\">\n\t\t\t\t\t\t\t\t\t\t<div class=\"col-12 col-md col-img img-wrapper\">\n\t\t\t\t\t\t\t\t\t\t\t\t\t\t\t\t\t\t\t\t\t\t\t\t\t\t\t\t\t\t\t\t\t\t<img loading=\"lazy\" decoding=\"async\" src=\"https:\/\/www.cncinternational.eu\/wp-content\/uploads\/2021\/12\/Private-label-UV-Gels-Base-Gels.jpg\"\n\t\t\t\t\t\t\t\t\t\t\t\t\talt=\"\" width=\"1445\" height=\"813\">\n\t\t\t\t\t\t\t\t\t\t\t\t\t\t\t\t\t\t\t\t\t<\/div>\n\t\t\t\t\t\t\t\t\t\t<div class=\"col-12 col-md col-excerpt\">\n\t\t\t\t\t\t\t\t\t\t\t<div class=\"excerpt-wrapper\">\n\t\t\t\t\t\t\t\t\t\t\t\t<h4><\/h4>\n\t\t\t\t\t\t\t\t\t\t\t\t<p>u003ch2 id=u0022uvgelu0022u003eGels UV sans HEMA u0026 sans TPOu003c\/h2u003ernrnD\u00e9couvrez dans notre catalogue 2025 notre gamme compl\u00e8te de gels UV pour ongles professionnels, en marque blanche et formul\u00e9s sans HEMA ni TPO:rnu003cul u003ernu003cliu003eGel de Base UVu003c\/liu003ernu003cliu003eGel de construction UVu003c\/liu003ernu003cliu003eGel de finition UVu003c\/liu003ernu003cliu003eGel UV Monophaseu003c\/liu003ernu003cliu003eBrush-on-Builder gelu003c\/liu003ernu003cliu003eBrush-on-Builder gelu003c\/liu003ernrn<\/p>\n\t\t\t\t\t\t\t\t\t\t\t\t\t\t\t\t\t\t\t\t\t\t\t\t\t\t\t\t\t\t\t\t\t\t\t\t\t\t\t\t\t\t\t\t\t\t\t\t\t\t\t\t\t\t\t\t\t\t\t\t\t\t\t\t\t\t\t\t\t\t\t\t\t\t\t\t\t\t\t\t\t\t\t\t\t\t\t\t\t\t\t\t\t\t\t\t\t\t\t\t\t\t<button class=\"btn more-link js-modal-btn\" data-channel=\"local\" data-video-url=\"https:\/\/www.cncinternational.eu\/wp-content\/uploads\/2026\/04\/G0104-Base-Gel-1-2.0.mp4\"><i class=\"far fa-play-circle mr-3\"><\/i>  <\/button>\n\t\t\t\t\t\t\t\t\t\t\t\t\t\t\t\t\t\t\t\t\t\t\t\t\t\t\t\t\t\t\t\n\t\t\t\t\t\t\t\t\t\t\t\t\t\t\n\t\t\t\t\t\t\t\t\t\t\t\t\t\n\t\t\t\t\t\t\t\t\t\t\t\t\t<!-- Another button -->\n\t\t\t\t\t\t\t\t\t\t\t\t\t\t\t\t\t\t\t\t\t\t\t\t\t\t\t\t\t\t\t\t\t\t\t\t<\/div>\n\t\t\t\t\t\t\t\t\t\t<\/div>\n\t\t\t\t\t\t\t\t\t<\/div>\n\t\t\t\t\t\t\t\t\n\t\t\t\t\t\t\t\n\t\t\t\t\t\t\t\t\t\t\t\t\t\t\t\t\t\t\t\t\t\t\t\t\t\t\t\t\t\t\t\t\t\t\t\t\t\t\t\t\t\t\t\t\t\t\t\t\t\t\t\t<div id=\"basegel\" class=\"row g-0 align-items-center\">\n\t\t\t\t\t\t\t\t\t\t<div class=\"col-12 col-md col-excerpt\">\n\t\t\t\t\t\t\t\t\t\t\t<div class=\"excerpt-wrapper\">\n\t\t\t\t\t\t\t\t\t\t\t\t<h4><\/h4>\n\t\t\t\t\t\t\t\t\t\t\t\t<p>u003ch2 id=u0022uvbasegelu0022u003eGel de Base UVu003c\/h2u003ernrnLa premi\u00e8re \u00e9tape d&rsquo;un syst\u00e8me en trois phases. Ces gels assurent une adh\u00e9rence parfaite aux ongles naturels.<\/p>\n\t\t\t\t\t\t\t\t\t\t\t\t\t\t\t\t\t\t\t\t\t\t\t\t\t\t\t\t\t\t\t\t\t\t\t\t\t\t\t\t\t\t\t\t\t\t\t\t\t\t\t\t\t\t\t\t\t\t\t\t\t\t\t\t\t\t\t\t\t\t<a href=\"\" class=\"btn\">Regarder la vid\u00e9o<\/a>\n\t\t\t\t\t\t\t\t\t\t\t\t\t\t\t\n\t\t\t\t\t\t\t\t\t\t\t\t\t\t\n\t\t\t\t\t\t\t\t\t\t\t\t\t\n\t\t\t\t\t\t\t\t\t\t\t\t\t<!-- Another button -->\n\t\t\t\t\t\t\t\t\t\t\t\t\t\t\t\t\t\t\t\t\t\t\t\t\t\t\t\t\t\t\t\t\t\t\t\t<\/div>\n\t\t\t\t\t\t\t\t\t\t<\/div>\n\t\t\t\t\t\t\t\t\t\t<div class=\"col-12 col-md col-img img-wrapper\">\n\t\t\t\t\t\t\t\t\t\t\t\t\t\t\t\t\t\t\t\t\t\t\t\t\t\t\t\t\t\t\t\t\t\t\t\t<img loading=\"lazy\" decoding=\"async\" src=\"https:\/\/www.cncinternational.eu\/wp-content\/uploads\/2021\/12\/Private-label-French-manicure-UV-gels-builder-gels-fiber-gel-.jpg\"\n\t\t\t\t\t\t\t\t\t\t\t\t\t\talt=\"Gels de Base UV sous marque de distributeur \" width=\"1445\" height=\"813\">\n\t\t\t\t\t\t\t\t\t\t\t\t\t\t\t\t\t\t\t\t\t\t\t\t\t\t\t\t\t\t\t\t\t<\/div>\n\t\t\t\t\t\t\t\t\t<\/div>\n\t\t\t\t\t\t\t\t\n\t\t\t\t\t\t\t\n\t\t\t\t\t\t\t\t\t\t\t\t\t\t\t\t\t\t\t\t\t\t\t\t\t\t\t\t\t\t\t\t\t\t\t\t\t\t\t\t\t\t\t\n\t\t\t\t\t\t\t\t\t<div id=\"buildergels\" class=\"row g-0 align-items-center\">\n\t\t\t\t\t\t\t\t\t\t<div class=\"col-12 col-md col-img img-wrapper\">\n\t\t\t\t\t\t\t\t\t\t\t\t\t\t\t\t\t\t\t\t\t\t\t\t\t\t\t\t\t\t\t\t\t\t<img loading=\"lazy\" decoding=\"async\" src=\"https:\/\/www.cncinternational.eu\/wp-content\/uploads\/2021\/12\/Private-label-UV-high-shine-top-gel-French-manicure-application.jpg\"\n\t\t\t\t\t\t\t\t\t\t\t\t\talt=\"Gels UV gels de construction gels de fibres pour French manucure sous marque de distributeur\" width=\"1445\" height=\"813\">\n\t\t\t\t\t\t\t\t\t\t\t\t\t\t\t\t\t\t\t\t\t<\/div>\n\t\t\t\t\t\t\t\t\t\t<div class=\"col-12 col-md col-excerpt\">\n\t\t\t\t\t\t\t\t\t\t\t<div class=\"excerpt-wrapper\">\n\t\t\t\t\t\t\t\t\t\t\t\t<h4><\/h4>\n\t\t\t\t\t\t\t\t\t\t\t\t<p>u003ch2 id=u0022uvbuildergelu0022u003eGel de construction UVu003c\/h2u003ernrnLes gels de construction constituent la deuxi\u00e8me \u00e9tape d\u2019un syst\u00e8me de gel en trois phases. Ils sont id\u00e9aux pour le renforcement de l\u2019ongle naturel et pour les extensions d\u2019ongles. Dans notre assortiment, nous proposons six lignes diff\u00e9rentes de gels de construction parmi lesquelles vous pouvez choisir : Fiber Gel, Fiber Gel DHF, TXO Gel, Sculpting Gel, Royal Gel, Mousse Gel et Luxa Gel!<\/p>\n\t\t\t\t\t\t\t\t\t\t\t\t\t\t\t\t\t\t\t\t\t\t\t\t\t\t\t\t\t\t\t\t\t\t\t\t\t\t\t\t\t\t\t\t\t\t\t\t\t\t\t\t\t\t\t\t\t\t\t\t\t\t\t\t\t\t\t\t\t\t\t\t\t\t\t\t\t\t\t\t\t\t\t\t\t\t\t\t\t\t\t\t\t\t\t\t\t\t\t\t\t\t<button class=\"btn more-link js-modal-btn\" data-channel=\"local\" data-video-url=\"https:\/\/www.cncinternational.eu\/wp-content\/uploads\/2026\/04\/G6028-Glitter-Top-Gel-Silver.mp4\"><i class=\"far fa-play-circle mr-3\"><\/i> En savoir plus <\/button>\n\t\t\t\t\t\t\t\t\t\t\t\t\t\t\t\t\t\t\t\t\t\t\t\t\t\t\t\t\t\t\t\n\t\t\t\t\t\t\t\t\t\t\t\t\t\t\n\t\t\t\t\t\t\t\t\t\t\t\t\t\n\t\t\t\t\t\t\t\t\t\t\t\t\t<!-- Another button -->\n\t\t\t\t\t\t\t\t\t\t\t\t\t\t\t\t\t\t\t\t\t\t\t\t\t\t\t\t\t\t\t\t\t\t\t\t<\/div>\n\t\t\t\t\t\t\t\t\t\t<\/div>\n\t\t\t\t\t\t\t\t\t<\/div>\n\t\t\t\t\t\t\t\t\n\t\t\t\t\t\t\t\n\t\t\t\t\t\t\t\t\t\t\t\t\t\t\t\t\t\t\t\t\t\t\t\t\t\t\t\t\t\t\t\t\t\t\t\t\t\t\t\t\t\t\t\t\t\t\t\t\t\t\t\t<div id=\"topgels\" class=\"row g-0 align-items-center\">\n\t\t\t\t\t\t\t\t\t\t<div class=\"col-12 col-md col-excerpt\">\n\t\t\t\t\t\t\t\t\t\t\t<div class=\"excerpt-wrapper\">\n\t\t\t\t\t\t\t\t\t\t\t\t<h4><\/h4>\n\t\t\t\t\t\t\t\t\t\t\t\t<p>u003ch2 id=u0022uvtopcoatu0022u003eGels de finition UVu003c\/h2u003ernrnLe Gel de Finition repr\u00e9sente la troisi\u00e8me et derni\u00e8re \u00e9tape d&rsquo;un syst\u00e8me de gel \u00e0 trois phases. Ce gel de finition assure la protection de tous les motifs et donne aux ongles une brillance parfaite.<\/p>\n\t\t\t\t\t\t\t\t\t\t\t\t\t\t\t\t\t\t\t\t\t\t\t\t\t\t\t\t\t\t\t\t\t\t\t\t\t\t\t\t\t\t\t\t\t\t\t\t\t\t\t\t\t\t\t\t\t\t\t\t\t\t\t\t\t\t\t\t\t\t<a href=\"\" class=\"btn\">Regarder la vid\u00e9o<\/a>\n\t\t\t\t\t\t\t\t\t\t\t\t\t\t\t\n\t\t\t\t\t\t\t\t\t\t\t\t\t\t\n\t\t\t\t\t\t\t\t\t\t\t\t\t\n\t\t\t\t\t\t\t\t\t\t\t\t\t<!-- Another button -->\n\t\t\t\t\t\t\t\t\t\t\t\t\t\t\t\t\t\t\t\t\t\t\t\t\t\t\t\t\t\t\t\t\t\t\t\t<\/div>\n\t\t\t\t\t\t\t\t\t\t<\/div>\n\t\t\t\t\t\t\t\t\t\t<div class=\"col-12 col-md col-img img-wrapper\">\n\t\t\t\t\t\t\t\t\t\t\t\t\t\t\t\t\t\t\t\t\t\t\t\t\t\t\t\t\t\t\t\t\t\t\t\t<img loading=\"lazy\" decoding=\"async\" src=\"https:\/\/www.cncinternational.eu\/wp-content\/uploads\/2021\/12\/Private-label-UV-One-Phase-Gels-assortment-.jpg\"\n\t\t\t\t\t\t\t\t\t\t\t\t\t\talt=\"Gel UV haute brillance sous marque de distributeur pose French manucure\" width=\"1445\" height=\"813\">\n\t\t\t\t\t\t\t\t\t\t\t\t\t\t\t\t\t\t\t\t\t\t\t\t\t\t\t\t\t\t\t\t\t<\/div>\n\t\t\t\t\t\t\t\t\t<\/div>\n\t\t\t\t\t\t\t\t\n\t\t\t\t\t\t\t\n\t\t\t\t\t\t\t\t\t\t\t\t\t\t\t\t\t\t\t\t\t\t\t\t\t\t\t\t\t\t\t\t\t\t\t\t\t\t\t\t\t\t\t\n\t\t\t\t\t\t\t\t\t<div id=\"onephasegels\" class=\"row g-0 align-items-center\">\n\t\t\t\t\t\t\t\t\t\t<div class=\"col-12 col-md col-img img-wrapper\">\n\t\t\t\t\t\t\t\t\t\t\t\t\t\t\t\t\t\t\t\t\t\t\t\t\t\t\t\t\t\t\t\t\t\t<img loading=\"lazy\" decoding=\"async\" src=\"https:\/\/www.cncinternational.eu\/wp-content\/uploads\/2025\/08\/Brush-On-Builder-Gel-1445x813-1.jpg\"\n\t\t\t\t\t\t\t\t\t\t\t\t\talt=\"Assortiment de Gels UV Monophases sous marque de distributeur\" width=\"1445\" height=\"813\">\n\t\t\t\t\t\t\t\t\t\t\t\t\t\t\t\t\t\t\t\t\t<\/div>\n\t\t\t\t\t\t\t\t\t\t<div class=\"col-12 col-md col-excerpt\">\n\t\t\t\t\t\t\t\t\t\t\t<div class=\"excerpt-wrapper\">\n\t\t\t\t\t\t\t\t\t\t\t\t<h4><\/h4>\n\t\t\t\t\t\t\t\t\t\t\t\t<p>u003ch2 id=u0022uvonephasegelu0022u003eGel UV Monophaseu003c\/h2u003ernrnNos gels monophases combinent les qualit\u00e9s d\u2019un gel de base, d\u2019un gel de construction et d\u2019un gel de finition en un seul produit. Faciles \u00e0 utiliser, ils garantissent un r\u00e9sultat longue dur\u00e9e !rnDans notre assortiment, vous trouverez quatre lignes diff\u00e9rentes de gels monophases parmi lesquelles choisir :rnu003cul u003ernu003cliu003eSolid Flex Gelsu003c\/liu003ernu003cliu003eDiamond Gelsu003c\/liu003ernu003cliu003eElementary Gelsu003c\/liu003ernu003cliu003eOmni Gelsu003c\/liu003ernu003c\/ulu003e<\/p>\n\t\t\t\t\t\t\t\t\t\t\t\t\t\t\t\t\t\t\t\t\t\t\t\t\t\t\t\t\t\t\t\t\t\t\t\t\t\t\t\t\t\t\t\t\t\t\t\t\t\t\t\t\t\t\t\t\t\t\t\t\t\t\t\t\t\t\t\t\t\t\t\t\t\t\t\t\t\t\t\t\t\t\t\t\t\t\t\t\t\t\t\t\t\t\t\t\t\t\t\t\t\t<button class=\"btn more-link js-modal-btn\" data-channel=\"local\" data-video-url=\"https:\/\/www.cncinternational.eu\/wp-content\/uploads\/2026\/04\/G2051-Brush-On-Builder-Gel-Natural-Extension.mp4\"><i class=\"far fa-play-circle mr-3\"><\/i> En savoir plus <\/button>\n\t\t\t\t\t\t\t\t\t\t\t\t\t\t\t\t\t\t\t\t\t\t\t\t\t\t\t\t\t\t\t\n\t\t\t\t\t\t\t\t\t\t\t\t\t\t\n\t\t\t\t\t\t\t\t\t\t\t\t\t\n\t\t\t\t\t\t\t\t\t\t\t\t\t<!-- Another button -->\n\t\t\t\t\t\t\t\t\t\t\t\t\t\t\t\t\t\t\t\t\t\t\t\t\t\t\t\t\t\t\t\t\t\t\t\t<\/div>\n\t\t\t\t\t\t\t\t\t\t<\/div>\n\t\t\t\t\t\t\t\t\t<\/div>\n\t\t\t\t\t\t\t\t\n\t\t\t\t\t\t\t\n\t\t\t\t\t\t\t\t\t\t\t\t\t\t\t\t\t\t\t\t\t\t\t\t\t\t\t\t\t\t\t\t\t\t\t\t\t\t\t\t\t\t\t\t\t\t\t\t\t\t\t\t<div class=\"row g-0 align-items-center\">\n\t\t\t\t\t\t\t\t\t\t<div class=\"col-12 col-md col-excerpt\">\n\t\t\t\t\t\t\t\t\t\t\t<div class=\"excerpt-wrapper\">\n\t\t\t\t\t\t\t\t\t\t\t\t<h4><\/h4>\n\t\t\t\t\t\t\t\t\t\t\t\t<p>u003ch2 id=u0022brushonbuildergelu0022u003eBrush-on-Builder gel: gel de construction en flaconu003c\/h2u003ernrnLe Gel de Construction en Flacon est un gel de construction pr\u00e9sent\u00e9 dans un flacon, appliqu\u00e9 comme un vernis gel. Il s\u2019utilise en renforcement sur l\u2019ongle naturel ou pour r\u00e9aliser des extensions courtes \u00e0 moyennes. Ce gel polyvalent est \u00e0 la fois durable et flexible, ce qui en fait le produit id\u00e9al pour tous les types d\u2019ongles, m\u00eame les ongles fragiles ou cassants.<\/p>\n\t\t\t\t\t\t\t\t\t\t\t\t\t\t\t\t\t\t\t\t\t\t\t\t\t\t\t\t\t\t\t\t\t\t\t\t\t\t\t\t\t\t\t\t\t\t\t\t\t\t\t\t\t\t\t\t\t\t\t\t\t\t\t\t\t\t\t\t\t\t\t\t\t\t\t\t\t\t\t\t\t\t\t\t\t\t\t\t\t\t\t\t\t\t\t\t\t\t\t\t\t\t\t<button class=\"btn more-link js-modal-btn\" data-channel=\"local\" data-video-url=\"https:\/\/www.cncinternational.eu\/wp-content\/uploads\/2026\/04\/CNC-G2153-Brush-On-Fiber-Gel-Pastel-Pink-music.mp4\"><i class=\"far fa-play-circle mr-3\"><\/i> Regarder la vid\u00e9o <\/button>\n\t\t\t\t\t\t\t\t\t\t\t\t\t\t\t\t\t\t\t\t\t\t\t\t\t\t\t\t\t\t\t\n\t\t\t\t\t\t\t\t\t\t\t\t\t\t\n\t\t\t\t\t\t\t\t\t\t\t\t\t\n\t\t\t\t\t\t\t\t\t\t\t\t\t<!-- Another button -->\n\t\t\t\t\t\t\t\t\t\t\t\t\t\t\t\t\t\t\t\t\t\t\t\t\t\t\t\t\t\t\t\t\t\t\t\t<\/div>\n\t\t\t\t\t\t\t\t\t\t<\/div>\n\t\t\t\t\t\t\t\t\t\t<div class=\"col-12 col-md col-img img-wrapper\">\n\t\t\t\t\t\t\t\t\t\t\t\t\t\t\t\t\t\t\t\t\t\t\t\t\t\t\t\t\t\t\t\t\t\t\t\t<img loading=\"lazy\" decoding=\"async\" src=\"https:\/\/www.cncinternational.eu\/wp-content\/uploads\/2025\/08\/Brush-On-Fiber-Gel-1445x813-1.jpg\"\n\t\t\t\t\t\t\t\t\t\t\t\t\t\talt=\"\" width=\"1445\" height=\"813\">\n\t\t\t\t\t\t\t\t\t\t\t\t\t\t\t\t\t\t\t\t\t\t\t\t\t\t\t\t\t\t\t\t\t<\/div>\n\t\t\t\t\t\t\t\t\t<\/div>\n\t\t\t\t\t\t\t\t\n\t\t\t\t\t\t\t\n\t\t\t\t\t\t\t\t\t\t\t\t\t\t\t\t\t\t\t\t\t\t\t\t\t\t\t\t\t\t\t\t\t\t\t\t\t\t\t\t\t\t\t\n\t\t\t\t\t\t\t\t\t<div class=\"row g-0 align-items-center\">\n\t\t\t\t\t\t\t\t\t\t<div class=\"col-12 col-md col-img img-wrapper\">\n\t\t\t\t\t\t\t\t\t\t\t\t\t\t\t\t\t\t\t\t\t\t\t\t\t\t\t\t\t\t\t\t\t\t<img loading=\"lazy\" decoding=\"async\" src=\"https:\/\/www.cncinternational.eu\/wp-content\/uploads\/2022\/11\/CNC-15-free.jpg\"\n\t\t\t\t\t\t\t\t\t\t\t\t\talt=\"\" width=\"1445\" height=\"813\">\n\t\t\t\t\t\t\t\t\t\t\t\t\t\t\t\t\t\t\t\t\t<\/div>\n\t\t\t\t\t\t\t\t\t\t<div class=\"col-12 col-md col-excerpt\">\n\t\t\t\t\t\t\t\t\t\t\t<div class=\"excerpt-wrapper\">\n\t\t\t\t\t\t\t\t\t\t\t\t<h4><\/h4>\n\t\t\t\t\t\t\t\t\t\t\t\t<p>u003ch2 id=u0022brushonfibergelu0022u003eGel Fiber en flacon : gel de construction en bouteille avec fibresu003c\/h2u003ernrnGel de construction enrichi en fibres de verre, appliqu\u00e9 directement depuis un flacon ! Dure mais flexible : la base id\u00e9ale pour les ongles fragiles. Ce gel est \u00e0 la fois dur et souple gr\u00e2ce aux particules de fibres ajout\u00e9es. Sa formule puissante offre une adh\u00e9rence sup\u00e9rieure.rn<\/p>\n\t\t\t\t\t\t\t\t\t\t\t\t\t\t\t\t\t\t\t\t\t\t\t<\/div>\n\t\t\t\t\t\t\t\t\t\t<\/div>\n\t\t\t\t\t\t\t\t\t<\/div>\n\t\t\t\t\t\t\t\t\n\t\t\t\t\t\t\t\n\t\t\t\t\t\t\t\t\t\t\t\t\t\t\t\t\t\t\t<!-- End row -->\n\t\t\t\t\t\t\t\t\t<\/div>\n\t\t\t<\/div>\n\t\t<\/div>\n\t<\/section>\n\n\t\n\n      \t<section class=\"contact-block ud_catalogue image-and-description gradient-bg slipped-section\" id=\"\">\n\t\t<div class=\"container\">\n\t\t\t<div class=\"row justify-content-center\">\n\t\t\t\t<div class=\"col-12 col-md-12 col-lg-10\">\n\t\t\t\t\t<div class=\"form-wrapper\">\n\t\t\t\t\t\t<div class=\"col-12\">\n\t\t\t\t\t\t\t<div class=\"row flex-column-reverse flex-lg-row\">\n\t\t\t\t\t\t\t\t<div class=\"col-12 col-md col-excerpt\">\n\t\t\t\t\t\t\t\t\t<div class=\"excerpt-wrapper\">\n\t\t\t\t\t\t\t\t\t\t<h4 class=\"form-title text-center\">D\u00e9couvrez notre brochure en ligne compacte avec nos produits pour ongles les plus vendus et nouveaux, sans HEMA ni TPO<\/h4>\t\t\t\t\t\t\t\t\t\t\t\t\t\t\t\t\t\t\t\t\t<div class=\"form-description\">\n\t\t\t\t\t\t\t\t\t\t\t\t<p>Dans notre e-brochure 2026, vous trouverez:rnu003culu003ern tu003cliu003eNos produits UV gel 2026 les plus vendus et nouveaut\u00e9su003c\/liu003ern tu003cliu003ePrix de d\u00e9part par litreu003c\/liu003ern tu003cliu003ePrincipaux avantages de travailler avec CNCu003c\/liu003ernu003c\/ulu003e<\/p>\n\t\t\t\t\t\t\t\t\t\t\t<\/div>\n\t\t\t\t\t\t\t\t\t\t\t\n\t\t\t\t\t\t\t\t\t\t\t\t\t\t\t\t\t\t\t\t\t\t\t\t\t\t\t\t\t\t\t\t\t<div class=\"form d-flex justify-content-md-center\">\n\t\t\t\t\t\t\t\t\t\t\t\t\t\t\t\t\t\t\t\t\t\t\t\t\t\t\t\t\t\t\t\t\t\t\t\t\t\t\t\t<a class=\"btn\" href=\"\/fr\/contact#contact\" target=\"_self\">Obtenir la brochure en ligne<\/a>\n\t\t\t\t\t\t\t\t\t\t\t\t\t\t\t\t\t\t\t\t\t\t\t\t\t<\/div>\n\t\t\t\t\t\t\t\t\t\t\t\t\t\t\t\t\t\t\t\t\t\t\t\t\t\n\t\t\t\t\t\t\t\t\t<\/div>\n\t\t\t\t\t\t\t\t<\/div>\n\t\t\t\t\t\t\t\t<div class=\"col-6 col-md-4 mx-auto col-img img-wrapper\">\n\t\t\t\t\t\t\t\t\t<img decoding=\"async\" src=\"https:\/\/www.cncinternational.eu\/wp-content\/uploads\/2025\/08\/Telefoon-EP.png\" alt=\"\">\n\t\t\t\t\t\t\t\t<\/div>\n\t\t\t\t\t\t\t<\/div>\n\t\t\t\t\t\t<\/div>\n\t\t\t\t\t\t\n\t\t\t\t\t<\/div>\n\t\t\t\t<\/div>\n\t\t\t\t\n\t\t\t<\/div>\n\t\t<\/div>\n\t<\/section>\n  \t\n  \t\n\t\n\n\t<section class=\"video  \" style=\"background: linear-gradient(180deg, rgba(54,39,131,1) 0%, rgba(168,157,205,1) 100%);\" >\n\t\t<div class=\"container px-0\">\n\t\t\t<div class=\"row g-0\">\n\t\t\t\t<div class=\"col-12\">\n\t\t\t\t\t<div class=\"welcome-box\">\n\t\t\t\t\t\t<h2><\/h2>\n\t\t\t\t\t<\/div>\n\t\t\t\t\t\t\t\t\t\t\t\t\t\t\t\t\t\t<div class=\"vid-player\">\n\t\t\t\t\t\t\t\t\t\t\t\t\t\t\t\t<img decoding=\"async\" src=\"https:\/\/img.youtube.com\/vi\/cgJLOReN-G0\/maxresdefault.jpg\" alt=\"\">\n\t\t\t\t\t\t\t\t<button class=\"js-modal-btn\" data-channel=\"youtube\" data-video-url=\"https:\/\/www.youtube.com\/embed\/cgJLOReN-G0?autoplay=1\" data-video-type=\"youtube\">\n\t\t\t\t\t\t\t\t\t<i class=\"fas fa-play\"><\/i>\n\t\t\t\t\t\t\t\t<\/button>\n\t\t\t\t\t\t\t<\/div>\n\t\t\t\t\t\t                    \t\t\t\t<\/div>\n\t\t\t<\/div>\n\t\t<\/div>\n\t<\/section>\n","protected":false},"excerpt":{"rendered":"","protected":false},"author":9,"featured_media":0,"parent":1450,"menu_order":0,"comment_status":"closed","ping_status":"closed","template":"","meta":{"_acf_changed":false,"inline_featured_image":false,"footnotes":""},"class_list":["post-1465","page","type-page","status-publish","hentry"],"acf":[],"yoast_head":"<!-- This site is optimized with the Yoast SEO plugin v27.4 - https:\/\/yoast.com\/product\/yoast-seo-wordpress\/ -->\n<title>Gels UV pour ongles en marque priv\u00e9e sans HEMA &amp; TPO de CNC<\/title>\n<meta name=\"description\" content=\"Gels UV pour ongles professionnel sans HEMA et TPO. Large choix de gels base, construction et finition. D\u00e9couvrez notre gamme!\" \/>\n<meta name=\"robots\" content=\"index, follow, max-snippet:-1, max-image-preview:large, max-video-preview:-1\" \/>\n<link rel=\"canonical\" href=\"https:\/\/www.cncinternational.eu\/fr\/produit\/gels-uv\/\" \/>\n<meta property=\"og:locale\" content=\"fr_FR\" \/>\n<meta property=\"og:type\" content=\"article\" \/>\n<meta property=\"og:title\" content=\"Gels UV pour ongles en marque priv\u00e9e sans HEMA &amp; TPO de CNC\" \/>\n<meta property=\"og:description\" content=\"Gels UV pour ongles professionnel sans HEMA et TPO. Large choix de gels base, construction et finition. D\u00e9couvrez notre gamme!\" \/>\n<meta property=\"og:url\" content=\"https:\/\/www.cncinternational.eu\/fr\/produit\/gels-uv\/\" \/>\n<meta property=\"og:site_name\" content=\"CNC International\" \/>\n<meta property=\"article:modified_time\" content=\"2026-04-28T13:17:45+00:00\" \/>\n<meta name=\"twitter:card\" content=\"summary_large_image\" \/>\n<script type=\"application\/ld+json\" class=\"yoast-schema-graph\">{\"@context\":\"https:\\\/\\\/schema.org\",\"@graph\":[{\"@type\":\"WebPage\",\"@id\":\"https:\\\/\\\/www.cncinternational.eu\\\/fr\\\/produit\\\/gels-uv\\\/\",\"url\":\"https:\\\/\\\/www.cncinternational.eu\\\/fr\\\/produit\\\/gels-uv\\\/\",\"name\":\"Gels UV pour ongles en marque priv\u00e9e sans HEMA & TPO de CNC\",\"isPartOf\":{\"@id\":\"https:\\\/\\\/www.cncinternational.eu\\\/fr\\\/#website\"},\"datePublished\":\"2022-02-08T15:33:37+00:00\",\"dateModified\":\"2026-04-28T13:17:45+00:00\",\"description\":\"Gels UV pour ongles professionnel sans HEMA et TPO. Large choix de gels base, construction et finition. D\u00e9couvrez notre gamme!\",\"breadcrumb\":{\"@id\":\"https:\\\/\\\/www.cncinternational.eu\\\/fr\\\/produit\\\/gels-uv\\\/#breadcrumb\"},\"inLanguage\":\"fr-FR\",\"potentialAction\":[{\"@type\":\"ReadAction\",\"target\":[\"https:\\\/\\\/www.cncinternational.eu\\\/fr\\\/produit\\\/gels-uv\\\/\"]}]},{\"@type\":\"BreadcrumbList\",\"@id\":\"https:\\\/\\\/www.cncinternational.eu\\\/fr\\\/produit\\\/gels-uv\\\/#breadcrumb\",\"itemListElement\":[{\"@type\":\"ListItem\",\"position\":1,\"name\":\"Home\",\"item\":\"https:\\\/\\\/www.cncinternational.eu\\\/fr\\\/\"},{\"@type\":\"ListItem\",\"position\":2,\"name\":\"Produit\",\"item\":\"https:\\\/\\\/www.cncinternational.eu\\\/fr\\\/produit\\\/\"},{\"@type\":\"ListItem\",\"position\":3,\"name\":\"Gels UV\ufffc\"}]},{\"@type\":\"WebSite\",\"@id\":\"https:\\\/\\\/www.cncinternational.eu\\\/fr\\\/#website\",\"url\":\"https:\\\/\\\/www.cncinternational.eu\\\/fr\\\/\",\"name\":\"CNC International\",\"description\":\"Just another WordPress site\",\"potentialAction\":[{\"@type\":\"SearchAction\",\"target\":{\"@type\":\"EntryPoint\",\"urlTemplate\":\"https:\\\/\\\/www.cncinternational.eu\\\/fr\\\/?s={search_term_string}\"},\"query-input\":{\"@type\":\"PropertyValueSpecification\",\"valueRequired\":true,\"valueName\":\"search_term_string\"}}],\"inLanguage\":\"fr-FR\"}]}<\/script>\n<!-- \/ Yoast SEO plugin. -->","yoast_head_json":{"title":"Gels UV pour ongles en marque priv\u00e9e sans HEMA & TPO de CNC","description":"Gels UV pour ongles professionnel sans HEMA et TPO. Large choix de gels base, construction et finition. D\u00e9couvrez notre gamme!","robots":{"index":"index","follow":"follow","max-snippet":"max-snippet:-1","max-image-preview":"max-image-preview:large","max-video-preview":"max-video-preview:-1"},"canonical":"https:\/\/www.cncinternational.eu\/fr\/produit\/gels-uv\/","og_locale":"fr_FR","og_type":"article","og_title":"Gels UV pour ongles en marque priv\u00e9e sans HEMA & TPO de CNC","og_description":"Gels UV pour ongles professionnel sans HEMA et TPO. Large choix de gels base, construction et finition. D\u00e9couvrez notre gamme!","og_url":"https:\/\/www.cncinternational.eu\/fr\/produit\/gels-uv\/","og_site_name":"CNC International","article_modified_time":"2026-04-28T13:17:45+00:00","twitter_card":"summary_large_image","schema":{"@context":"https:\/\/schema.org","@graph":[{"@type":"WebPage","@id":"https:\/\/www.cncinternational.eu\/fr\/produit\/gels-uv\/","url":"https:\/\/www.cncinternational.eu\/fr\/produit\/gels-uv\/","name":"Gels UV pour ongles en marque priv\u00e9e sans HEMA & TPO de CNC","isPartOf":{"@id":"https:\/\/www.cncinternational.eu\/fr\/#website"},"datePublished":"2022-02-08T15:33:37+00:00","dateModified":"2026-04-28T13:17:45+00:00","description":"Gels UV pour ongles professionnel sans HEMA et TPO. Large choix de gels base, construction et finition. D\u00e9couvrez notre gamme!","breadcrumb":{"@id":"https:\/\/www.cncinternational.eu\/fr\/produit\/gels-uv\/#breadcrumb"},"inLanguage":"fr-FR","potentialAction":[{"@type":"ReadAction","target":["https:\/\/www.cncinternational.eu\/fr\/produit\/gels-uv\/"]}]},{"@type":"BreadcrumbList","@id":"https:\/\/www.cncinternational.eu\/fr\/produit\/gels-uv\/#breadcrumb","itemListElement":[{"@type":"ListItem","position":1,"name":"Home","item":"https:\/\/www.cncinternational.eu\/fr\/"},{"@type":"ListItem","position":2,"name":"Produit","item":"https:\/\/www.cncinternational.eu\/fr\/produit\/"},{"@type":"ListItem","position":3,"name":"Gels UV\ufffc"}]},{"@type":"WebSite","@id":"https:\/\/www.cncinternational.eu\/fr\/#website","url":"https:\/\/www.cncinternational.eu\/fr\/","name":"CNC International","description":"Just another WordPress site","potentialAction":[{"@type":"SearchAction","target":{"@type":"EntryPoint","urlTemplate":"https:\/\/www.cncinternational.eu\/fr\/?s={search_term_string}"},"query-input":{"@type":"PropertyValueSpecification","valueRequired":true,"valueName":"search_term_string"}}],"inLanguage":"fr-FR"}]}},"_links":{"self":[{"href":"https:\/\/www.cncinternational.eu\/fr\/wp-json\/wp\/v2\/pages\/1465","targetHints":{"allow":["GET"]}}],"collection":[{"href":"https:\/\/www.cncinternational.eu\/fr\/wp-json\/wp\/v2\/pages"}],"about":[{"href":"https:\/\/www.cncinternational.eu\/fr\/wp-json\/wp\/v2\/types\/page"}],"author":[{"embeddable":true,"href":"https:\/\/www.cncinternational.eu\/fr\/wp-json\/wp\/v2\/users\/9"}],"replies":[{"embeddable":true,"href":"https:\/\/www.cncinternational.eu\/fr\/wp-json\/wp\/v2\/comments?post=1465"}],"version-history":[{"count":36,"href":"https:\/\/www.cncinternational.eu\/fr\/wp-json\/wp\/v2\/pages\/1465\/revisions"}],"predecessor-version":[{"id":14930,"href":"https:\/\/www.cncinternational.eu\/fr\/wp-json\/wp\/v2\/pages\/1465\/revisions\/14930"}],"up":[{"embeddable":true,"href":"https:\/\/www.cncinternational.eu\/fr\/wp-json\/wp\/v2\/pages\/1450"}],"wp:attachment":[{"href":"https:\/\/www.cncinternational.eu\/fr\/wp-json\/wp\/v2\/media?parent=1465"}],"curies":[{"name":"wp","href":"https:\/\/api.w.org\/{rel}","templated":true}]}}