{"id":1450,"date":"2022-02-08T15:04:06","date_gmt":"2022-02-08T15:04:06","guid":{"rendered":"https:\/\/www.cncinternational.eu\/?page_id=1450"},"modified":"2025-12-23T10:40:38","modified_gmt":"2025-12-23T10:40:38","slug":"produit","status":"publish","type":"page","link":"https:\/\/www.cncinternational.eu\/fr\/produit\/","title":{"rendered":"Produit"},"content":{"rendered":"  \t\n\t  <header class=\"main-header \">\n\t\t<!-- For mobile -->\n\t\t<div class=\"d-block d-sm-none\">\n\t\t  <div class=\"container-fluid px-0\">\n\t\t\t<div class=\"container g-0\">\n\t\t\t  <div class=\"row g-0 justify-content-start align-items-center\">\n\t\t\t\t<div class=\"col-12 d-sm-none\">\n\t\t\t\t  <div class=\"header-image\">\n\t\t\t\t\t\t\t\t\t\t\t\t<img fetchpriority=\"high\" decoding=\"async\" src=\"https:\/\/www.cncinternational.eu\/wp-content\/uploads\/2021\/12\/Private-labeling-nail-polish-manufacturer-products-scaled.jpg\" alt=\"Une large gamme de gels nails produits professionnels pour les ongles\" width=\"2560\" height=\"1927\" loading=\"eager\">\n\t\t\t\t\t\t\t\t\t\t  <\/div>\n\t\t\t\t<\/div>\n\t\t\t\t<div class=\"offset-md-6 col-md-6\">\n\t\t\t\t  <div class=\"header-text\">\n\t\t\t\t\t<p class=\"mobile-title\">Une large gamme de gels nails produits professionnels pour les ongles<\/p>\n\t\t\t\t\t<p>CNC International dispose de l&rsquo;un des plus grands assortiments de marques de distributeurs disponibles. Depuis pr\u00e8s de 30 ans, CNC International d\u00e9veloppe et produit une large gamme de gels UV et de vernis gel pour de nombreuses marques de produits pour ongles dans le monde entier.<\/p>\n<p>D\u00e9couvrez-en plus sur nos produits sans HEMA, TPO et DiHEMA.<\/p>\n\t\t\t\t\t\t\t\t\t\t\t\t\t\t\t\t\t\t<a class=\"btn mb-3\" href=\"#contact\">\n\t\t\t\t\t\t\t\tDemander la brochure en ligne\t\t\t\t\t\t\t<\/a>\n\t\t\t\t\t\t\t\t\t\t\t\t\t\t\t\t\t\t\t\t  <\/div>\n\t\t\t\t<\/div>\n\t\t\t  <\/div>\n\t\t\t<\/div>\n\t\t  <\/div>\n\t\t<\/div>\n\t\t<!-- \/For mobile -->\n\t\t\n\t\t<!-- For desktop -->\n\t\t<div class=\"d-none d-sm-block\">\n\t\t  <div class=\"container-fluid px-0\" >\n\t\t\t<div class=\"header-bg\" style=\"background-image: url('https:\/\/www.cncinternational.eu\/wp-content\/uploads\/2021\/12\/Private-labeling-nail-polish-manufacturer-products-scaled.jpg');\">\n\t\t\t\t\n\t\t\t<\/div>\n\t\t\t<div class=\"container g-0\">\n\t\t\t  <div class=\"row g-0 justify-content-start align-items-center\">\n\t\t\t\t<div class=\"offset-md-6 col-md-6\">\n\t\t\t\t  <div class=\"header-text\">\n\t\t\t\t\t<h1>Une large gamme de gels nails produits professionnels pour les ongles<\/h1>\n\t\t\t\t\t<p>CNC International dispose de l&rsquo;un des plus grands assortiments de marques de distributeurs disponibles. Depuis pr\u00e8s de 30 ans, CNC International d\u00e9veloppe et produit une large gamme de gels UV et de vernis gel pour de nombreuses marques de produits pour ongles dans le monde entier.<\/p>\n<p>D\u00e9couvrez-en plus sur nos produits sans HEMA, TPO et DiHEMA.<\/p>\n\t\t\t\t\n\t\t\t\t\t\t\t\t\t\t\t\t\t\t\t\t\t\t<a class=\"btn mb-3\" href=\"#contact\">\n\t\t\t\t\t\tDemander la brochure en ligne\t\t\t\t\t\t\t<\/a>\n\t\t\t\t\t\t\t\t\t\t\t\t\t\t\t\t\t\t\t\t  <\/div>\n\t\t\t\t<\/div>\n\t\t\t  <\/div>\n\t\t\t<\/div>\n\t\t  <\/div>\n\t\t<\/div>\n\t\t<!-- \/For desktop -->\n\t  <\/header>\n\t  \n\t  \t\n\n\t<section class=\"news\">\n\t\t<div class=\"container p-0 \">\n\t\t\t<div class=\"row g-0\">\n\t\t\t\t<div class=\"col-12 overlap bg-white\">\n\t\t\t\t\t\t\t\t\t\t\t\t\t\t\t\t\t\t\t\t\t\t<!-- Start row -->\n\t\t\t\t\t\t\t\t\t\t\t\t\t\t\t\t\t\t\t\t\t\t\t\t\t\t\t\t\t\t\t\t\t\t\t\t\n\t\t\t\t\t\t\t\t\t<div id=\"gelpolish\" class=\"row g-0 align-items-center\">\n\t\t\t\t\t\t\t\t\t\t<div class=\"col-12 col-md col-img img-wrapper\">\n\t\t\t\t\t\t\t\t\t\t\t\t\t\t\t\t\t\t\t\t\t\t\t\t\t\t\t\t\t\t\t\t\t\t<img loading=\"lazy\" decoding=\"async\" src=\"https:\/\/www.cncinternational.eu\/wp-content\/uploads\/2025\/08\/Gel-Polish-2-1445x813-1.jpg\"\n\t\t\t\t\t\t\t\t\t\t\t\t\talt=\"Vernis gel\" width=\"1445\" height=\"813\">\n\t\t\t\t\t\t\t\t\t\t\t\t\t\t\t\t\t\t\t\t\t<\/div>\n\t\t\t\t\t\t\t\t\t\t<div class=\"col-12 col-md col-excerpt\">\n\t\t\t\t\t\t\t\t\t\t\t<div class=\"excerpt-wrapper\">\n\t\t\t\t\t\t\t\t\t\t\t\t<h4>Vernis gel<\/h4>\n\t\t\t\t\t\t\t\t\t\t\t\t<p>Vernis gel de CNC ; une perfection transparente alliant durabilit\u00e9 et d\u00e9pose facile. De magnifiques couleurs, une brillance unique, sans couche collante et r\u00e9sistant aux rayures. Se retire facilement en dix minutes, sans limage!\r\n<ul>\r\n<li>Disponible en plus de 200 couleurs et nuances scintillantes de vernis gel<\/li>\r\n<li>4 collections tendance par an<\/li>\r\n<li>Sans HEMA, sans DiHEMA &#038; sans TPO<\/li>\r\n<\/ul>\r\nD\u00e9couvrez notre collection de printemps 2026 pour les ongles<\/p>\n\t\t\t\t\t\t\t\t\t\t\t\t\t\t\t\t\t\t\t\t\t\t\t\t\t\t\t\t\t\t\t\t\t\t\t\t\t\t\t\t\t\t\t\t\t\t\t\t\t\t\t\t\t\t\t\t\t\t\t\t\t\t\t\t\t\t\t\t\t\t<a href=\"\/fr\/product\/gel-polish\/\" class=\"btn\"> En savoir plus sur le vernis gel<\/a>\n\t\t\t\t\t\t\t\t\t\t\t\t\t\t\t\n\t\t\t\t\t\t\t\t\t\t\t\t\t\t\n\t\t\t\t\t\t\t\t\t\t\t\t\t\n\t\t\t\t\t\t\t\t\t\t\t\t\t<!-- Another button -->\n\t\t\t\t\t\t\t\t\t\t\t\t\t\t\t\t\t\t\t\t\t\t\t\t\t\t\t\t\t\t\t\t\t\t\t\t<\/div>\n\t\t\t\t\t\t\t\t\t\t<\/div>\n\t\t\t\t\t\t\t\t\t<\/div>\n\t\t\t\t\t\t\t\t\n\t\t\t\t\t\t\t\n\t\t\t\t\t\t\t\t\t\t\t\t\t\t\t\t\t\t\t\t\t\t\t\t\t\t\t\t\t\t\t\t\t\t\t\t\t\t\t\t\t\t\t\t\t\t\t\t\t\t\t\t<div id=\"uvgels\" class=\"row g-0 align-items-center\">\n\t\t\t\t\t\t\t\t\t\t<div class=\"col-12 col-md col-excerpt\">\n\t\t\t\t\t\t\t\t\t\t\t<div class=\"excerpt-wrapper\">\n\t\t\t\t\t\t\t\t\t\t\t\t<h4>Gels UV<\/h4>\n\t\t\t\t\t\t\t\t\t\t\t\t<p>La fabrication de gels UV est l&rsquo;activit\u00e9 principale de CNC International. Nous proposons une large gamme de gels UV pour ongles dans notre collection standard. La collection standard contient des Gels de Base, des Gels de Construction, des Gels de Fibres, des Gels Monophases, des Gels de Finition.\r\n<ul >\r\n<li>Gels de Base UV<\/li>\r\n<li>Gels de Construction UV<\/li>\r\n<li>Gels de Finition UV<\/li>\r\n<li>Gels Monophases UV<\/li>\r\n<\/ul>\t<\/p>\n\t\t\t\t\t\t\t\t\t\t\t\t\t\t\t\t\t\t\t\t\t\t\t\t\t\t\t\t\t\t\t\t\t\t\t\t\t\t\t\t\t\t\t\t\t\t\t\t\t\t\t\t\t\t\t\t\t\t\t\t\t\t\t\t\t\t\t\t\t\t<a href=\"\/fr\/product\/gels-uv\/\" class=\"btn\">D\u00e9couvrez tous les gels UV<\/a>\n\t\t\t\t\t\t\t\t\t\t\t\t\t\t\t\n\t\t\t\t\t\t\t\t\t\t\t\t\t\t\n\t\t\t\t\t\t\t\t\t\t\t\t\t\n\t\t\t\t\t\t\t\t\t\t\t\t\t<!-- Another button -->\n\t\t\t\t\t\t\t\t\t\t\t\t\t\t\t\t\t\t\t\t\t\t\t\t\t\t\t\t\t\t\t\t\t\t\t\t<\/div>\n\t\t\t\t\t\t\t\t\t\t<\/div>\n\t\t\t\t\t\t\t\t\t\t<div class=\"col-12 col-md col-img img-wrapper\">\n\t\t\t\t\t\t\t\t\t\t\t\t\t\t\t\t\t\t\t\t\t\t\t\t\t\t\t\t\t\t\t\t\t\t\t\t<img loading=\"lazy\" decoding=\"async\" src=\"https:\/\/www.cncinternational.eu\/wp-content\/uploads\/2021\/12\/UV-nails-fiber-gel.jpg\"\n\t\t\t\t\t\t\t\t\t\t\t\t\t\talt=\"Gel de fibres UV pour ongles\" width=\"1445\" height=\"813\">\n\t\t\t\t\t\t\t\t\t\t\t\t\t\t\t\t\t\t\t\t\t\t\t\t\t\t\t\t\t\t\t\t\t<\/div>\n\t\t\t\t\t\t\t\t\t<\/div>\n\t\t\t\t\t\t\t\t\n\t\t\t\t\t\t\t\n\t\t\t\t\t\t\t\t\t\t\t\t\t\t\t\t\t\t\t\t\t\t\t\t\t\t\t\t\t\t\t\t\t\t\t\t\t\t\t\t\t\t\t\n\t\t\t\t\t\t\t\t\t<div class=\"row g-0 align-items-center\">\n\t\t\t\t\t\t\t\t\t\t<div class=\"col-12 col-md col-img img-wrapper\">\n\t\t\t\t\t\t\t\t\t\t\t\t\t\t\t\t\t\t\t\t\t\t\t\t\t\t\t\t\t\t\t\t\t\t<img loading=\"lazy\" decoding=\"async\" src=\"https:\/\/www.cncinternational.eu\/wp-content\/uploads\/2025\/06\/combo-gel-on-nailtip.png\"\n\t\t\t\t\t\t\t\t\t\t\t\t\talt=\"Combo Gel\" width=\"1445\" height=\"813\">\n\t\t\t\t\t\t\t\t\t\t\t\t\t\t\t\t\t\t\t\t\t<\/div>\n\t\t\t\t\t\t\t\t\t\t<div class=\"col-12 col-md col-excerpt\">\n\t\t\t\t\t\t\t\t\t\t\t<div class=\"excerpt-wrapper\">\n\t\t\t\t\t\t\t\t\t\t\t\t<h4>Combo Gel<\/h4>\n\t\t\t\t\t\t\t\t\t\t\t\t<p>Le Combo Gel est d\u00e9velopp\u00e9 par CNC International \u2013 il combine le meilleur du gel et de l\u2019acrylique dans un syst\u00e8me innovant.\r\n<ul> \r\n<li>Pr\u00e9m\u00e9lang\u00e9<\/li> \r\n<li>Sans HEMA &#038; sans TPO<\/li> \r\n<li>Disponible en 11 couleurs<\/li> <\/ul><\/p>\n\t\t\t\t\t\t\t\t\t\t\t\t\t\t\t\t\t\t\t\t\t\t\t\t\t\t\t\t\t\t\t\t\t\t\t\t\t\t\t\t\t\t\t\t\t\t\t\t\t\t\t\t\t\t\t\t\t\t\t\t\t\t\t\t\t\t\t\t\t\t<a href=\"https:\/\/www.cncinternational.eu\/fr\/gel-combo\/\" class=\"btn\">D\u00e9couvrez le Combo Gel<\/a>\n\t\t\t\t\t\t\t\t\t\t\t\t\t\t\t\n\t\t\t\t\t\t\t\t\t\t\t\t\t\t\n\t\t\t\t\t\t\t\t\t\t\t\t\t\n\t\t\t\t\t\t\t\t\t\t\t\t\t<!-- Another button -->\n\t\t\t\t\t\t\t\t\t\t\t\t\t\t\t\t\t\t\t\t\t\t\t\t\t\t\t\t\t\t\t\t\t\t\t\t<\/div>\n\t\t\t\t\t\t\t\t\t\t<\/div>\n\t\t\t\t\t\t\t\t\t<\/div>\n\t\t\t\t\t\t\t\t\n\t\t\t\t\t\t\t\n\t\t\t\t\t\t\t\t\t\t\t\t\t\t\t\t\t\t\t\t\t\t\t\t\t\t\t\t\t\t\t\t\t\t\t\t\t\t\t\t\t\t\t\t\t\t\t\t\t\t\t\t<div id=\"acrylics\" class=\"row g-0 align-items-center\">\n\t\t\t\t\t\t\t\t\t\t<div class=\"col-12 col-md col-excerpt\">\n\t\t\t\t\t\t\t\t\t\t\t<div class=\"excerpt-wrapper\">\n\t\t\t\t\t\t\t\t\t\t\t\t<h4>Acryliques<\/h4>\n\t\t\t\t\t\t\t\t\t\t\t\t<p>CNC International propose une large gamme de produits pour les ongles en acrylique et acryl gel. Vous pouvez choisir parmi 2 gammes de produits acryliques. Avec l&rsquo;utilisation d&rsquo;un liquide acrylique lent ou rapide, les deux gammes conviennent aux proth\u00e9sistes ongulaires de tous niveaux.\r\n<ul>\r\n<li>Poudres acryliques Winning<\/li>\r\n<li>Poudres acryliques Victory<\/li>\r\n<li>Liquides acryliques<\/li>\r\n<\/ul><\/p>\n\t\t\t\t\t\t\t\t\t\t\t\t\t\t\t\t\t\t\t\t\t\t\t\t\t\t\t\t\t\t\t\t\t\t\t\t\t\t\t\t\t\t\t\t\t\t\t\t\t\t\t\t\t\t\t\t\t\t\t\t\t\t\t\t\t\t\t\t\t\t<a href=\"\/fr\/product\/acrylics\/\" class=\"btn\">D\u00e9couvrez notre gamme Acrylique<\/a>\n\t\t\t\t\t\t\t\t\t\t\t\t\t\t\t\n\t\t\t\t\t\t\t\t\t\t\t\t\t\t\n\t\t\t\t\t\t\t\t\t\t\t\t\t\n\t\t\t\t\t\t\t\t\t\t\t\t\t<!-- Another button -->\n\t\t\t\t\t\t\t\t\t\t\t\t\t\t\t\t\t\t\t\t\t\t\t\t\t\t\t\t\t\t\t\t\t\t\t\t<\/div>\n\t\t\t\t\t\t\t\t\t\t<\/div>\n\t\t\t\t\t\t\t\t\t\t<div class=\"col-12 col-md col-img img-wrapper\">\n\t\t\t\t\t\t\t\t\t\t\t\t\t\t\t\t\t\t\t\t\t\t\t\t\t\t\t\t\t\t\t\t\t\t\t\t<img loading=\"lazy\" decoding=\"async\" src=\"https:\/\/www.cncinternational.eu\/wp-content\/uploads\/2021\/12\/Many-colors-acrylic-powders-bulk.jpg\"\n\t\t\t\t\t\t\t\t\t\t\t\t\t\talt=\"De nombreuses couleurs de poudres acryliques en vrac \" width=\"1445\" height=\"813\">\n\t\t\t\t\t\t\t\t\t\t\t\t\t\t\t\t\t\t\t\t\t\t\t\t\t\t\t\t\t\t\t\t\t<\/div>\n\t\t\t\t\t\t\t\t\t<\/div>\n\t\t\t\t\t\t\t\t\n\t\t\t\t\t\t\t\n\t\t\t\t\t\t\t\t\t\t\t\t\t\t\t\t\t\t\t\t\t\t\t\t\t\t\t\t\t\t\t\t\t\t\t\t\t\t\t\t\t\t\t\n\t\t\t\t\t\t\t\t\t<div id=\"supproduct\" class=\"row g-0 align-items-center\">\n\t\t\t\t\t\t\t\t\t\t<div class=\"col-12 col-md col-img img-wrapper\">\n\t\t\t\t\t\t\t\t\t\t\t\t\t\t\t\t\t\t\t\t\t\t\t\t\t\t\t\t\t\t\t\t\t\t<img loading=\"lazy\" decoding=\"async\" src=\"https:\/\/www.cncinternational.eu\/wp-content\/uploads\/2021\/12\/Removers-nail-preparation-liquids.jpg\"\n\t\t\t\t\t\t\t\t\t\t\t\t\talt=\"Dissolvants liquides de pr\u00e9paration des ongles \" width=\"1445\" height=\"813\">\n\t\t\t\t\t\t\t\t\t\t\t\t\t\t\t\t\t\t\t\t\t<\/div>\n\t\t\t\t\t\t\t\t\t\t<div class=\"col-12 col-md col-excerpt\">\n\t\t\t\t\t\t\t\t\t\t\t<div class=\"excerpt-wrapper\">\n\t\t\t\t\t\t\t\t\t\t\t\t<h4>Produits compl\u00e9mentaires<\/h4>\n\t\t\t\t\t\t\t\t\t\t\t\t<p>Pour compl\u00e9ter votre assortiment de produits professionnels pour les ongles, CNC International propose des produits compl\u00e9mentaires de haute qualit\u00e9 tels que des dissolvants et des liquides de pr\u00e9paration des ongles.<\/p>\n\t\t\t\t\t\t\t\t\t\t\t\t\t\t\t\t\t\t\t\t\t\t\t\t\t\t\t\t\t\t\t\t\t\t\t\t\t\t\t\t\t\t\t\t\t\t\t\t\t\t\t\t\t\t\t\t\t\t\t\t\t\t\t\t\t\t\t\t\t\t<a href=\"\/fr\/product\/supplementary-products\/\" class=\"btn\">Emmenez-moi aux produits compl\u00e9mentaires<\/a>\n\t\t\t\t\t\t\t\t\t\t\t\t\t\t\t\n\t\t\t\t\t\t\t\t\t\t\t\t\t\t\n\t\t\t\t\t\t\t\t\t\t\t\t\t\n\t\t\t\t\t\t\t\t\t\t\t\t\t<!-- Another button -->\n\t\t\t\t\t\t\t\t\t\t\t\t\t\t\t\t\t\t\t\t\t\t\t\t\t\t\t\t\t\t\t\t\t\t\t\t<\/div>\n\t\t\t\t\t\t\t\t\t\t<\/div>\n\t\t\t\t\t\t\t\t\t<\/div>\n\t\t\t\t\t\t\t\t\n\t\t\t\t\t\t\t\n\t\t\t\t\t\t\t\t\t\t\t\t\t\t\t\t\t\t\t\t\t\t\t\t\t\t\t\t\t\t\t\t\t\t\t\t\t\t\t\t\t\t\t\t\t\t\t\t\t\t\t\t<div id=\"dontwastetime\" class=\"row g-0 align-items-center\">\n\t\t\t\t\t\t\t\t\t\t<div class=\"col-12 col-md col-excerpt\">\n\t\t\t\t\t\t\t\t\t\t\t<div class=\"excerpt-wrapper\">\n\t\t\t\t\t\t\t\t\t\t\t\t<h4>Ne perdez pas votre temps, votre argent &#038; vos efforts. Comptez sur nous !<\/h4>\n\t\t\t\t\t\t\t\t\t\t\t\t<p>Proposez \u00e0 tous vos clients notre gamme diversifi\u00e9e de vernis semis permanent produits sous marque de distributeur. Gardez votre assortiment \u00e0 la mode gr\u00e2ce \u00e0 nos collections trimestrielles sur les tendances en mati\u00e8re d&rsquo;ongles. Profitez de nos d\u00e9veloppements de nouveaux produits tout au long de l&rsquo;ann\u00e9e, surprenez vos clients en leur pr\u00e9sentant de nouveaux produits onglerie!<\/p>\n\t\t\t\t\t\t\t\t\t\t\t\t\t\t\t\t\t\t\t\t\t\t\t<\/div>\n\t\t\t\t\t\t\t\t\t\t<\/div>\n\t\t\t\t\t\t\t\t\t\t<div class=\"col-12 col-md col-img img-wrapper\">\n\t\t\t\t\t\t\t\t\t\t\t\t\t\t\t\t\t\t\t\t\t\t\t\t\t\t\t\t\t\t\t\t\t\t\t\t<img loading=\"lazy\" decoding=\"async\" src=\"https:\/\/www.cncinternational.eu\/wp-content\/uploads\/2021\/12\/CNC-International-trend-collections.jpg\"\n\t\t\t\t\t\t\t\t\t\t\t\t\t\talt=\"Collections tendances internationales de CNC\" width=\"1445\" height=\"813\">\n\t\t\t\t\t\t\t\t\t\t\t\t\t\t\t\t\t\t\t\t\t\t\t\t\t\t\t\t\t\t\t\t\t<\/div>\n\t\t\t\t\t\t\t\t\t<\/div>\n\t\t\t\t\t\t\t\t\n\t\t\t\t\t\t\t\n\t\t\t\t\t\t\t\t\t\t\t\t\t\t\t\t\t\t\t\t\t\t\t\t\t\t\t\t\t\t\t\t\t\t\t\t\t\t\t\t\t\t\t\n\t\t\t\t\t\t\t\t\t<div id=\"cncproductionfactory\" class=\"row g-0 align-items-center\">\n\t\t\t\t\t\t\t\t\t\t<div class=\"col-12 col-md col-img img-wrapper\">\n\t\t\t\t\t\t\t\t\t\t\t\t\t\t\t\t\t\t\t\t\t\t\t\t\t\t\t\t\t\t\t\t\t\t<img loading=\"lazy\" decoding=\"async\" src=\"https:\/\/www.cncinternational.eu\/wp-content\/uploads\/2021\/12\/CNC-production-factory.jpg\"\n\t\t\t\t\t\t\t\t\t\t\t\t\talt=\"Usine de production CNC \" width=\"1445\" height=\"813\">\n\t\t\t\t\t\t\t\t\t\t\t\t\t\t\t\t\t\t\t\t\t<\/div>\n\t\t\t\t\t\t\t\t\t\t<div class=\"col-12 col-md col-excerpt\">\n\t\t\t\t\t\t\t\t\t\t\t<div class=\"excerpt-wrapper\">\n\t\t\t\t\t\t\t\t\t\t\t\t<h4>Usine de production CNC <\/h4>\n\t\t\t\t\t\t\t\t\t\t\t\t<p><ul >\r\n<li>Gamme de produits diversifi\u00e9e<\/li>\r\n<li>Livr\u00e9s en vrac ou en produits finis<\/li>\r\n<li>Collections tendances 4x par an<\/li>\r\n<li>Lancement de nouveaux vernis permanents produits tout au long de l&rsquo;ann\u00e9e<\/li>\r\n<li>Installations de production internes<\/li>\r\n<li>D\u00e9partement R&#038;D innovant<\/li>\r\n<\/li>\r\n<\/ul><\/p>\n\t\t\t\t\t\t\t\t\t\t\t\t\t\t\t\t\t\t\t\t\t\t\t<\/div>\n\t\t\t\t\t\t\t\t\t\t<\/div>\n\t\t\t\t\t\t\t\t\t<\/div>\n\t\t\t\t\t\t\t\t\n\t\t\t\t\t\t\t\n\t\t\t\t\t\t\t\t\t\t\t\t\t\t\t\t\t\t\t<!-- End row -->\n\t\t\t\t\t\t\t\t\t<\/div>\n\t\t\t<\/div>\n\t\t<\/div>\n\t<\/section>\n\n\t\n\n      \t<section class=\"contact-block ud_catalogue image-and-description gradient-bg slipped-section\" id=\"\">\n\t\t<div class=\"container\">\n\t\t\t<div class=\"row justify-content-center\">\n\t\t\t\t<div class=\"col-12 col-md-12 col-lg-10\">\n\t\t\t\t\t<div class=\"form-wrapper\">\n\t\t\t\t\t\t<div class=\"col-12\">\n\t\t\t\t\t\t\t<div class=\"row flex-column-reverse flex-lg-row\">\n\t\t\t\t\t\t\t\t<div class=\"col-12 col-md col-excerpt\">\n\t\t\t\t\t\t\t\t\t<div class=\"excerpt-wrapper\">\n\t\t\t\t\t\t\t\t\t\t<h4 class=\"form-title text-center\">D\u00e9couvrez notre brochure en ligne compacte avec les meilleurs produits pour ongles TPO &#038; sans HEMA<\/h4>\t\t\t\t\t\t\t\t\t\t\t\t\t\t\t\t\t\t\t\t\t<div class=\"form-description\">\n\t\t\t\t\t\t\t\t\t\t\t\t<p>Dans notre e-brochure 2026, vous trouverez:<\/p>\n<ul>\n<li>Nos produits UV gel 2026 les plus vendus et nouveaut\u00e9s<\/li>\n<li>Prix de d\u00e9part par litre<\/li>\n<li>Principaux avantages de travailler avec CNC<\/li>\n<\/ul>\n\t\t\t\t\t\t\t\t\t\t\t<\/div>\n\t\t\t\t\t\t\t\t\t\t\t\n\t\t\t\t\t\t\t\t\t\t\t\t\t\t\t\t\t\t\t\t\t\t\t\t\t\t\t\t\t\t\t\t\t<div class=\"form d-flex justify-content-md-center\">\n\t\t\t\t\t\t\t\t\t\t\t\t\t\t\t\t\t\t\t\t\t\t\t\t\t\t\t\t\t\t\t\t\t\t\t\t\t\t\t\t<a class=\"btn\" href=\"\/fr\/contact#contact\" target=\"_self\">Demander la brochure en ligne<\/a>\n\t\t\t\t\t\t\t\t\t\t\t\t\t\t\t\t\t\t\t\t\t\t\t\t\t<\/div>\n\t\t\t\t\t\t\t\t\t\t\t\t\t\t\t\t\t\t\t\t\t\t\t\t\t\n\t\t\t\t\t\t\t\t\t<\/div>\n\t\t\t\t\t\t\t\t<\/div>\n\t\t\t\t\t\t\t\t<div class=\"col-6 col-md-4 mx-auto col-img img-wrapper\">\n\t\t\t\t\t\t\t\t\t<img decoding=\"async\" src=\"https:\/\/www.cncinternational.eu\/wp-content\/uploads\/2025\/08\/Telefoon-EP.png\" alt=\"\">\n\t\t\t\t\t\t\t\t<\/div>\n\t\t\t\t\t\t\t<\/div>\n\t\t\t\t\t\t<\/div>\n\t\t\t\t\t\t\n\t\t\t\t\t<\/div>\n\t\t\t\t<\/div>\n\t\t\t\t\n\t\t\t<\/div>\n\t\t<\/div>\n\t<\/section>\n  \t\n  \t\n\t","protected":false},"excerpt":{"rendered":"","protected":false},"author":9,"featured_media":0,"parent":0,"menu_order":0,"comment_status":"closed","ping_status":"closed","template":"","meta":{"_acf_changed":false,"inline_featured_image":false,"footnotes":""},"class_list":["post-1450","page","type-page","status-publish","hentry"],"acf":[],"yoast_head":"<!-- This site is optimized with the Yoast SEO plugin v27.4 - https:\/\/yoast.com\/product\/yoast-seo-wordpress\/ -->\n<title>Gels nails produits professionnels pour les ongles - CNC<\/title>\n<meta name=\"description\" content=\"Nous d\u00e9veloppons et produisons des produits professionnels pour les ongles de marque priv\u00e9e, comme vernis gel, gels UV et acryliques. Sans HEMA et DIHEMA!\" \/>\n<meta name=\"robots\" content=\"index, follow, max-snippet:-1, max-image-preview:large, max-video-preview:-1\" \/>\n<link rel=\"canonical\" href=\"https:\/\/www.cncinternational.eu\/fr\/produit\/\" \/>\n<meta property=\"og:locale\" content=\"fr_FR\" \/>\n<meta property=\"og:type\" content=\"article\" \/>\n<meta property=\"og:title\" content=\"Gels nails produits professionnels pour les ongles - CNC\" \/>\n<meta property=\"og:description\" content=\"Nous d\u00e9veloppons et produisons des produits professionnels pour les ongles de marque priv\u00e9e, comme vernis gel, gels UV et acryliques. Sans HEMA et DIHEMA!\" \/>\n<meta property=\"og:url\" content=\"https:\/\/www.cncinternational.eu\/fr\/produit\/\" \/>\n<meta property=\"og:site_name\" content=\"CNC International\" \/>\n<meta property=\"article:modified_time\" content=\"2025-12-23T10:40:38+00:00\" \/>\n<meta name=\"twitter:card\" content=\"summary_large_image\" \/>\n<script type=\"application\/ld+json\" class=\"yoast-schema-graph\">{\"@context\":\"https:\\\/\\\/schema.org\",\"@graph\":[{\"@type\":\"WebPage\",\"@id\":\"https:\\\/\\\/www.cncinternational.eu\\\/fr\\\/produit\\\/\",\"url\":\"https:\\\/\\\/www.cncinternational.eu\\\/fr\\\/produit\\\/\",\"name\":\"Gels nails produits professionnels pour les ongles - CNC\",\"isPartOf\":{\"@id\":\"https:\\\/\\\/www.cncinternational.eu\\\/fr\\\/#website\"},\"datePublished\":\"2022-02-08T15:04:06+00:00\",\"dateModified\":\"2025-12-23T10:40:38+00:00\",\"description\":\"Nous d\u00e9veloppons et produisons des produits professionnels pour les ongles de marque priv\u00e9e, comme vernis gel, gels UV et acryliques. Sans HEMA et DIHEMA!\",\"breadcrumb\":{\"@id\":\"https:\\\/\\\/www.cncinternational.eu\\\/fr\\\/produit\\\/#breadcrumb\"},\"inLanguage\":\"fr-FR\",\"potentialAction\":[{\"@type\":\"ReadAction\",\"target\":[\"https:\\\/\\\/www.cncinternational.eu\\\/fr\\\/produit\\\/\"]}]},{\"@type\":\"BreadcrumbList\",\"@id\":\"https:\\\/\\\/www.cncinternational.eu\\\/fr\\\/produit\\\/#breadcrumb\",\"itemListElement\":[{\"@type\":\"ListItem\",\"position\":1,\"name\":\"Home\",\"item\":\"https:\\\/\\\/www.cncinternational.eu\\\/fr\\\/\"},{\"@type\":\"ListItem\",\"position\":2,\"name\":\"Produit\"}]},{\"@type\":\"WebSite\",\"@id\":\"https:\\\/\\\/www.cncinternational.eu\\\/fr\\\/#website\",\"url\":\"https:\\\/\\\/www.cncinternational.eu\\\/fr\\\/\",\"name\":\"CNC International\",\"description\":\"Just another WordPress site\",\"potentialAction\":[{\"@type\":\"SearchAction\",\"target\":{\"@type\":\"EntryPoint\",\"urlTemplate\":\"https:\\\/\\\/www.cncinternational.eu\\\/fr\\\/?s={search_term_string}\"},\"query-input\":{\"@type\":\"PropertyValueSpecification\",\"valueRequired\":true,\"valueName\":\"search_term_string\"}}],\"inLanguage\":\"fr-FR\"}]}<\/script>\n<!-- \/ Yoast SEO plugin. -->","yoast_head_json":{"title":"Gels nails produits professionnels pour les ongles - CNC","description":"Nous d\u00e9veloppons et produisons des produits professionnels pour les ongles de marque priv\u00e9e, comme vernis gel, gels UV et acryliques. Sans HEMA et DIHEMA!","robots":{"index":"index","follow":"follow","max-snippet":"max-snippet:-1","max-image-preview":"max-image-preview:large","max-video-preview":"max-video-preview:-1"},"canonical":"https:\/\/www.cncinternational.eu\/fr\/produit\/","og_locale":"fr_FR","og_type":"article","og_title":"Gels nails produits professionnels pour les ongles - CNC","og_description":"Nous d\u00e9veloppons et produisons des produits professionnels pour les ongles de marque priv\u00e9e, comme vernis gel, gels UV et acryliques. Sans HEMA et DIHEMA!","og_url":"https:\/\/www.cncinternational.eu\/fr\/produit\/","og_site_name":"CNC International","article_modified_time":"2025-12-23T10:40:38+00:00","twitter_card":"summary_large_image","schema":{"@context":"https:\/\/schema.org","@graph":[{"@type":"WebPage","@id":"https:\/\/www.cncinternational.eu\/fr\/produit\/","url":"https:\/\/www.cncinternational.eu\/fr\/produit\/","name":"Gels nails produits professionnels pour les ongles - CNC","isPartOf":{"@id":"https:\/\/www.cncinternational.eu\/fr\/#website"},"datePublished":"2022-02-08T15:04:06+00:00","dateModified":"2025-12-23T10:40:38+00:00","description":"Nous d\u00e9veloppons et produisons des produits professionnels pour les ongles de marque priv\u00e9e, comme vernis gel, gels UV et acryliques. Sans HEMA et DIHEMA!","breadcrumb":{"@id":"https:\/\/www.cncinternational.eu\/fr\/produit\/#breadcrumb"},"inLanguage":"fr-FR","potentialAction":[{"@type":"ReadAction","target":["https:\/\/www.cncinternational.eu\/fr\/produit\/"]}]},{"@type":"BreadcrumbList","@id":"https:\/\/www.cncinternational.eu\/fr\/produit\/#breadcrumb","itemListElement":[{"@type":"ListItem","position":1,"name":"Home","item":"https:\/\/www.cncinternational.eu\/fr\/"},{"@type":"ListItem","position":2,"name":"Produit"}]},{"@type":"WebSite","@id":"https:\/\/www.cncinternational.eu\/fr\/#website","url":"https:\/\/www.cncinternational.eu\/fr\/","name":"CNC International","description":"Just another WordPress site","potentialAction":[{"@type":"SearchAction","target":{"@type":"EntryPoint","urlTemplate":"https:\/\/www.cncinternational.eu\/fr\/?s={search_term_string}"},"query-input":{"@type":"PropertyValueSpecification","valueRequired":true,"valueName":"search_term_string"}}],"inLanguage":"fr-FR"}]}},"_links":{"self":[{"href":"https:\/\/www.cncinternational.eu\/fr\/wp-json\/wp\/v2\/pages\/1450","targetHints":{"allow":["GET"]}}],"collection":[{"href":"https:\/\/www.cncinternational.eu\/fr\/wp-json\/wp\/v2\/pages"}],"about":[{"href":"https:\/\/www.cncinternational.eu\/fr\/wp-json\/wp\/v2\/types\/page"}],"author":[{"embeddable":true,"href":"https:\/\/www.cncinternational.eu\/fr\/wp-json\/wp\/v2\/users\/9"}],"replies":[{"embeddable":true,"href":"https:\/\/www.cncinternational.eu\/fr\/wp-json\/wp\/v2\/comments?post=1450"}],"version-history":[{"count":25,"href":"https:\/\/www.cncinternational.eu\/fr\/wp-json\/wp\/v2\/pages\/1450\/revisions"}],"predecessor-version":[{"id":13706,"href":"https:\/\/www.cncinternational.eu\/fr\/wp-json\/wp\/v2\/pages\/1450\/revisions\/13706"}],"wp:attachment":[{"href":"https:\/\/www.cncinternational.eu\/fr\/wp-json\/wp\/v2\/media?parent=1450"}],"curies":[{"name":"wp","href":"https:\/\/api.w.org\/{rel}","templated":true}]}}