{"id":12207,"date":"2025-07-15T13:48:12","date_gmt":"2025-07-15T13:48:12","guid":{"rendered":"https:\/\/www.cncinternational.eu\/?page_id=12207"},"modified":"2026-02-02T12:54:15","modified_gmt":"2026-02-02T12:54:15","slug":"gels-de-construction-uv","status":"publish","type":"page","link":"https:\/\/www.cncinternational.eu\/fr\/produit\/gels-uv\/gels-de-construction-uv\/","title":{"rendered":"Gels de construction UV"},"content":{"rendered":"  \t\n\t  <header class=\"main-header \">\n\t\t<!-- For mobile -->\n\t\t<div class=\"d-block d-sm-none\">\n\t\t  <div class=\"container-fluid px-0\">\n\t\t\t<div class=\"container g-0\">\n\t\t\t  <div class=\"row g-0 justify-content-start align-items-center\">\n\t\t\t\t<div class=\"col-12 d-sm-none\">\n\t\t\t\t  <div class=\"header-image\">\n\t\t\t\t\t\t\t\t\t\t\t\t<img fetchpriority=\"high\" decoding=\"async\" src=\"https:\/\/www.cncinternational.eu\/wp-content\/uploads\/2025\/06\/Private-labeling-nail-UV-gels-scaled.jpg\" alt=\"Professionnel gel de construction\" width=\"2560\" height=\"1927\" loading=\"eager\">\n\t\t\t\t\t\t\t\t\t\t  <\/div>\n\t\t\t\t<\/div>\n\t\t\t\t<div class=\"offset-md-6 col-md-6\">\n\t\t\t\t  <div class=\"header-text\">\n\t\t\t\t\t<p class=\"mobile-title\">Professionnel gel de construction<\/p>\n\t\t\t\t\t<p>Les gels Builder sont la deuxi\u00e8me \u00e9tape d&rsquo;un syst\u00e8me de gel en trois phases. Ils sont id\u00e9aux pour les superpositions d&rsquo;ongles naturels et les extensions d&rsquo;ongles. Dans notre assortiment, nous vous proposons 6 gammes diff\u00e9rentes de gels constructeurs: Fiber gel, Fiber gel DHF, TXO gel, Sculpting gel, Royal gel, Mousse gel &amp; Luxa gel!<\/p>\n\t\t\t\t\t\t\t\t\t\t\t\t\t\t\t\t\t\t<a class=\"btn mb-3\" href=\"#contact\">\n\t\t\t\t\t\t\t\tObtenir la brochure en ligne\t\t\t\t\t\t\t<\/a>\n\t\t\t\t\t\t\t\t\t\t\t\t\t\t\t\t\t\t\t\t  <\/div>\n\t\t\t\t<\/div>\n\t\t\t  <\/div>\n\t\t\t<\/div>\n\t\t  <\/div>\n\t\t<\/div>\n\t\t<!-- \/For mobile -->\n\t\t\n\t\t<!-- For desktop -->\n\t\t<div class=\"d-none d-sm-block\">\n\t\t  <div class=\"container-fluid px-0\" >\n\t\t\t<div class=\"header-bg\" style=\"background-image: url('https:\/\/www.cncinternational.eu\/wp-content\/uploads\/2025\/06\/Private-labeling-nail-UV-gels-scaled.jpg');\">\n\t\t\t\t\n\t\t\t<\/div>\n\t\t\t<div class=\"container g-0\">\n\t\t\t  <div class=\"row g-0 justify-content-start align-items-center\">\n\t\t\t\t<div class=\"offset-md-6 col-md-6\">\n\t\t\t\t  <div class=\"header-text\">\n\t\t\t\t\t<h1>Professionnel gel de construction<\/h1>\n\t\t\t\t\t<p>Les gels Builder sont la deuxi\u00e8me \u00e9tape d&rsquo;un syst\u00e8me de gel en trois phases. Ils sont id\u00e9aux pour les superpositions d&rsquo;ongles naturels et les extensions d&rsquo;ongles. Dans notre assortiment, nous vous proposons 6 gammes diff\u00e9rentes de gels constructeurs: Fiber gel, Fiber gel DHF, TXO gel, Sculpting gel, Royal gel, Mousse gel &amp; Luxa gel!<\/p>\n\t\t\t\t\n\t\t\t\t\t\t\t\t\t\t\t\t\t\t\t\t\t\t<a class=\"btn mb-3\" href=\"#contact\">\n\t\t\t\t\t\tObtenir la brochure en ligne\t\t\t\t\t\t\t<\/a>\n\t\t\t\t\t\t\t\t\t\t\t\t\t\t\t\t\t\t\t\t  <\/div>\n\t\t\t\t<\/div>\n\t\t\t  <\/div>\n\t\t\t<\/div>\n\t\t  <\/div>\n\t\t<\/div>\n\t\t<!-- \/For desktop -->\n\t  <\/header>\n\t  \n\t  \t\n\n\t<section class=\"news\">\n\t\t<div class=\"container p-0 \">\n\t\t\t<div class=\"row g-0\">\n\t\t\t\t<div class=\"col-12 overlap bg-white\">\n\t\t\t\t\t\t\t\t\t\t\t\t\t\t\t\t\t\t\t\t\t\t<!-- Start row -->\n\t\t\t\t\t\t\t\t\t\t\t\t\t\t\t\t\t\t\t\t\t\t\t\t\t\t\t\t\t\t\t\t\t\t\t\t\n\t\t\t\t\t\t\t\t\t<div class=\"row g-0 align-items-center\">\n\t\t\t\t\t\t\t\t\t\t<div class=\"col-12 col-md col-img img-wrapper\">\n\t\t\t\t\t\t\t\t\t\t\t\t\t\t\t\t\t\t\t\t\t\t\t\t\t\t\t\t\t\t\t\t\t\t<img loading=\"lazy\" decoding=\"async\" src=\"https:\/\/www.cncinternational.eu\/wp-content\/uploads\/2025\/08\/Fiber-Gel-1445x813-1.jpg\"\n\t\t\t\t\t\t\t\t\t\t\t\t\talt=\"\" width=\"1445\" height=\"813\">\n\t\t\t\t\t\t\t\t\t\t\t\t\t\t\t\t\t\t\t\t\t<\/div>\n\t\t\t\t\t\t\t\t\t\t<div class=\"col-12 col-md col-excerpt\">\n\t\t\t\t\t\t\t\t\t\t\t<div class=\"excerpt-wrapper\">\n\t\t\t\t\t\t\t\t\t\t\t\t<h4><\/h4>\n\t\t\t\t\t\t\t\t\t\t\t\t<p><h2 id=\"fibergel\">Fiber Gel<\/h2>\r\n\r\nLe Cross Link Gel, \u00e9galement connu sous le nom de Fiber Gel, est un gel UV de la derni\u00e8re g\u00e9n\u00e9ration qui poss\u00e8de la r\u00e9sistance de l&rsquo;acrylique. La formulation avec des particules de fibre de verre rend le gel tr\u00e8s durable et facile \u00e0 appliquer.   \r\n\r\n<\/p>\n\t\t\t\t\t\t\t\t\t\t\t\t\t\t\t\t\t\t\t\t\t\t\t\t\t\t\t\t\t\t\t\t\t\t\t\t\t\t\t\t\t\t\t\t\t\t\t\t\t\t\t\t\t\t\t\t\t\t\t\t\t\t\t\t\t\t\t\t\t\t\t\t\t\t\t\t\t\t\t\t\t\t\t\t\t\t\t\t\t\t\t\t\t\t\t\t\t\t\t\t\t\t\t\t\t\t\t\t\t\t\t\t\t\t\t\t\t\t\t<button href=\"\" class=\"more-link js-modal-btn\" data-channel=\"youtube\" data-video-url=\"https:\/\/www.youtube.com\/embed\/cgJLOReN-G0?autoplay=1\">Voir la vid\u00e9o ><\/button>\n\t\t\t\t\t\t\t\t\t\t\t\t\t\t\t\t\t\t\t\t\t\t\t\t\t\t\t\t\t\t\t\n\t\t\t\t\t\t\t\t\t\t\t\t\t\t\n\t\t\t\t\t\t\t\t\t\t\t\t\t\n\t\t\t\t\t\t\t\t\t\t\t\t\t<!-- Another button -->\n\t\t\t\t\t\t\t\t\t\t\t\t\t\t\t\t\t\t\t\t\t\t\t\t\t\t\t\t\t\t\t\t\t\t\t\t<\/div>\n\t\t\t\t\t\t\t\t\t\t<\/div>\n\t\t\t\t\t\t\t\t\t<\/div>\n\t\t\t\t\t\t\t\t\n\t\t\t\t\t\t\t\n\t\t\t\t\t\t\t\t\t\t\t\t\t\t\t\t\t\t\t\t\t\t\t\t\t\t\t\t\t\t\t\t\t\t\t\t\t\t\t\t\t\t\t\t\t\t\t\t\t\t\t\t<div class=\"row g-0 align-items-center\">\n\t\t\t\t\t\t\t\t\t\t<div class=\"col-12 col-md col-excerpt\">\n\t\t\t\t\t\t\t\t\t\t\t<div class=\"excerpt-wrapper\">\n\t\t\t\t\t\t\t\t\t\t\t\t<h4><\/h4>\n\t\t\t\t\t\t\t\t\t\t\t\t<p><h2 id=\"fibergel\">Fiber Gel sans dih\u00e8me<\/h2>\r\n\r\nDonnez la priorit\u00e9 \u00e0 la s\u00e9curit\u00e9 et \u00e0 la sensibilit\u00e9 de la peau avec notre gel fibre sans DiHEMA (Cross Link Gel DHF). Offrant la m\u00eame adh\u00e9rence et la m\u00eame flexibilit\u00e9, c&rsquo;est le choix le plus s\u00fbr pour les clients \u00e0 la peau d\u00e9licate ou sensible. \r\n<\/p>\n\t\t\t\t\t\t\t\t\t\t\t\t\t\t\t\t\t\t\t\t\t\t\t<\/div>\n\t\t\t\t\t\t\t\t\t\t<\/div>\n\t\t\t\t\t\t\t\t\t\t<div class=\"col-12 col-md col-img img-wrapper\">\n\t\t\t\t\t\t\t\t\t\t\t\t\t\t\t\t\t\t\t\t\t\t\t\t\t\t\t\t\t\t\t\t\t\t\t\t<img loading=\"lazy\" decoding=\"async\" src=\"https:\/\/www.cncinternational.eu\/wp-content\/uploads\/2025\/08\/Fiber-Gel-DHF-1445x813-1.jpg\"\n\t\t\t\t\t\t\t\t\t\t\t\t\t\talt=\"\" width=\"1445\" height=\"813\">\n\t\t\t\t\t\t\t\t\t\t\t\t\t\t\t\t\t\t\t\t\t\t\t\t\t\t\t\t\t\t\t\t\t<\/div>\n\t\t\t\t\t\t\t\t\t<\/div>\n\t\t\t\t\t\t\t\t\n\t\t\t\t\t\t\t\n\t\t\t\t\t\t\t\t\t\t\t\t\t\t\t\t\t\t\t\t\t\t\t\t\t\t\t\t\t\t\t\t\t\t\t\t\t\t\t\t\t\t\t\n\t\t\t\t\t\t\t\t\t<div class=\"row g-0 align-items-center\">\n\t\t\t\t\t\t\t\t\t\t<div class=\"col-12 col-md col-img img-wrapper\">\n\t\t\t\t\t\t\t\t\t\t\t\t\t\t\t\t\t\t\t\t\t\t\t\t\t\t\t\t\t\t\t\t\t\t<img loading=\"lazy\" decoding=\"async\" src=\"https:\/\/www.cncinternational.eu\/wp-content\/uploads\/2025\/08\/TXO-Gel-1445x813-1.jpg\"\n\t\t\t\t\t\t\t\t\t\t\t\t\talt=\"\" width=\"1445\" height=\"813\">\n\t\t\t\t\t\t\t\t\t\t\t\t\t\t\t\t\t\t\t\t\t<\/div>\n\t\t\t\t\t\t\t\t\t\t<div class=\"col-12 col-md col-excerpt\">\n\t\t\t\t\t\t\t\t\t\t\t<div class=\"excerpt-wrapper\">\n\t\t\t\t\t\t\t\t\t\t\t\t<h4><\/h4>\n\t\t\t\t\t\t\t\t\t\t\t\t<p><h2 id=\"txogel\">TXO gel: gel thixotrope de construction sans \u00e9coulement<\/h2>\r\n\r\nLe gel TXO a une viscosit\u00e9 solide et devient liquide lorsqu&rsquo;il est manipul\u00e9. Il s&rsquo;agit d&rsquo;un gel constructeur de consistance \u00e9paisse qui devient lisse et l\u00e9ger lorsqu&rsquo;il est appliqu\u00e9 sur l&rsquo;ongle. Lorsque le dessin est termin\u00e9, le gel revient \u00e0 l&rsquo;\u00e9tat solide. Il ne coule pas et poss\u00e8de des propri\u00e9t\u00e9s autonivelantes.   \r\n<\/p>\n\t\t\t\t\t\t\t\t\t\t\t\t\t\t\t\t\t\t\t\t\t\t\t\t\t\t\t\t\t\t\t\t\t\t\t\t\t\t\t\t\t\t\t\t\t\t\t\t\t\t\t\t\t\t\t\t\t\t\t\t\t\t\t\t\t\t\t\t\t\t\t\t\t\t\t\t\t\t\t\t\t\t\t\t\t\t\t\t\t\t\t\t\t\t\t\t\t\t\t\t\t\t\t\t\t\t\t\t\t\t\t\t\t\t\t\t\t\t\t<button href=\"\" class=\"more-link js-modal-btn\" data-channel=\"youtube\" data-video-url=\"https:\/\/www.youtube.com\/embed\/iSLnz63-nik?autoplay=1\">Gels TXO ><\/button>\n\t\t\t\t\t\t\t\t\t\t\t\t\t\t\t\t\t\t\t\t\t\t\t\t\t\t\t\t\t\t\t\n\t\t\t\t\t\t\t\t\t\t\t\t\t\t\n\t\t\t\t\t\t\t\t\t\t\t\t\t\n\t\t\t\t\t\t\t\t\t\t\t\t\t<!-- Another button -->\n\t\t\t\t\t\t\t\t\t\t\t\t\t\t\t\t\t\t\t\t\t\t\t\t\t\t\t\t\t\t\t\t\t\t\t\t<\/div>\n\t\t\t\t\t\t\t\t\t\t<\/div>\n\t\t\t\t\t\t\t\t\t<\/div>\n\t\t\t\t\t\t\t\t\n\t\t\t\t\t\t\t\n\t\t\t\t\t\t\t\t\t\t\t\t\t\t\t\t\t\t\t\t\t\t\t\t\t\t\t\t\t\t\t\t\t\t\t\t\t\t\t\t\t\t\t\t\t\t\t\t\t\t\t\t<div class=\"row g-0 align-items-center\">\n\t\t\t\t\t\t\t\t\t\t<div class=\"col-12 col-md col-excerpt\">\n\t\t\t\t\t\t\t\t\t\t\t<div class=\"excerpt-wrapper\">\n\t\t\t\t\t\t\t\t\t\t\t\t<h4><\/h4>\n\t\t\t\t\t\t\t\t\t\t\t\t<p><h2 id=\"sculptinggel\">Sculpting Gel UV<\/h2>\r\n\r\nLe gel Nail Sculpting a de superbes capacit\u00e9s de construction. Ses capacit\u00e9s d&rsquo;auto-nivellement assurent une application facile. Nos gels de sculpture conviennent aussi bien pour les superpositions d&rsquo;ongles naturels que pour les extensions sur les formes d&rsquo;ongles.  \r\n<\/p>\n\t\t\t\t\t\t\t\t\t\t\t\t\t\t\t\t\t\t\t\t\t\t\t\t\t\t\t\t\t\t\t\t\t\t\t\t\t\t\t\t\t\t\t\t\t\t\t\t\t\t\t\t\t\t\t\t\t\t\t\t\t\t\t\t\t\t\t\t\t\t\t\t\t\t\t\t\t\t\t\t\t\t\t\t\t\t\t\t\t\t\t\t\t\t\t\t\t\t\t\t\t\t\t\t\t\t\t\t\t\t\t\t\t\t\t\t\t\t\t\t<button href=\"https:\/\/www.youtube.com\/embed\/videoseries?list=PL9QqRpR3DEq_QJ4jGpZ1f1Vcn7eS-rLOw\" class=\"more-link js-modal-btn\" data-channel=\"youtube\" data-video-url=\"https:\/\/www.youtube.com\/embed\/W4nF6IteUr0?autoplay=1\"><i class=\"far fa-play-circle mr-3\"><\/i> Gel sculptant <\/button>\n\t\t\t\t\t\t\t\t\t\t\t\t\t\t\t\t\t\t\t\t\t\t\t\t\t\t\t\t\t\t\t\n\t\t\t\t\t\t\t\t\t\t\t\t\t\t\n\t\t\t\t\t\t\t\t\t\t\t\t\t\n\t\t\t\t\t\t\t\t\t\t\t\t\t<!-- Another button -->\n\t\t\t\t\t\t\t\t\t\t\t\t\t\t\t\t\t\t\t\t\t\t\t\t\t\t\t\t\t\t\t\t\t\t\t\t<\/div>\n\t\t\t\t\t\t\t\t\t\t<\/div>\n\t\t\t\t\t\t\t\t\t\t<div class=\"col-12 col-md col-img img-wrapper\">\n\t\t\t\t\t\t\t\t\t\t\t\t\t\t\t\t\t\t\t\t\t\t\t\t\t\t\t\t\t\t\t\t\t\t\t\t<img loading=\"lazy\" decoding=\"async\" src=\"https:\/\/www.cncinternational.eu\/wp-content\/uploads\/2025\/08\/Sculpting-Gel-1445x813-1.jpg\"\n\t\t\t\t\t\t\t\t\t\t\t\t\t\talt=\"\" width=\"1445\" height=\"813\">\n\t\t\t\t\t\t\t\t\t\t\t\t\t\t\t\t\t\t\t\t\t\t\t\t\t\t\t\t\t\t\t\t\t<\/div>\n\t\t\t\t\t\t\t\t\t<\/div>\n\t\t\t\t\t\t\t\t\n\t\t\t\t\t\t\t\n\t\t\t\t\t\t\t\t\t\t\t\t\t\t\t\t\t\t\t\t\t\t\t\t\t\t\t\t\t\t\t\t\t\t\t\t\t\t\t\t\t\t\t\n\t\t\t\t\t\t\t\t\t<div class=\"row g-0 align-items-center\">\n\t\t\t\t\t\t\t\t\t\t<div class=\"col-12 col-md col-img img-wrapper\">\n\t\t\t\t\t\t\t\t\t\t\t\t\t\t\t\t\t\t\t\t\t\t\t\t\t\t\t\t\t\t\t\t\t\t<img loading=\"lazy\" decoding=\"async\" src=\"https:\/\/www.cncinternational.eu\/wp-content\/uploads\/2025\/10\/Royal-Gel-1.jpg\"\n\t\t\t\t\t\t\t\t\t\t\t\t\talt=\"\" width=\"1445\" height=\"813\">\n\t\t\t\t\t\t\t\t\t\t\t\t\t\t\t\t\t\t\t\t\t<\/div>\n\t\t\t\t\t\t\t\t\t\t<div class=\"col-12 col-md col-excerpt\">\n\t\t\t\t\t\t\t\t\t\t\t<div class=\"excerpt-wrapper\">\n\t\t\t\t\t\t\t\t\t\t\t\t<h4><\/h4>\n\t\t\t\t\t\t\t\t\t\t\t\t<p><h2 id=\"royalgel\">Royal Gel<\/h2>\r\n\r\nLe gel royal a une texture solide, presque g\u00e9latineuse, et reste en l&rsquo;\u00e9tat apr\u00e8s l&rsquo;application. En outre, il poss\u00e8de une caract\u00e9ristique unique de maniabilit\u00e9, qui permet d&rsquo;\u00e9galiser facilement la surface et de minimiser le limage. \r\n<\/p>\n\t\t\t\t\t\t\t\t\t\t\t\t\t\t\t\t\t\t\t\t\t\t\t\t\t\t\t\t\t\t\t\t\t\t\t\t\t\t\t\t\t\t\t\t\t\t\t\t\t\t\t\t\t\t\t\t\t\t\t\t\t\t\t\t\t\t\t\t\t\t\t\t\t\t\t\t\t\t\t\t\t\t\t\t\t\t\t\t\t\t\t\t\t\t\t\t\t\t\t\t\t\t\t\t\t\t\t\t\t\t\t\t\t\t\t\t\t\t\t<button href=\"\" class=\"more-link js-modal-btn\" data-channel=\"youtube\" data-video-url=\"https:\/\/www.youtube.com\/embed\/PVEwsKuYkp0?autoplay=1\">Gel royal ><\/button>\n\t\t\t\t\t\t\t\t\t\t\t\t\t\t\t\t\t\t\t\t\t\t\t\t\t\t\t\t\t\t\t\n\t\t\t\t\t\t\t\t\t\t\t\t\t\t\n\t\t\t\t\t\t\t\t\t\t\t\t\t\n\t\t\t\t\t\t\t\t\t\t\t\t\t<!-- Another button -->\n\t\t\t\t\t\t\t\t\t\t\t\t\t\t\t\t\t\t\t\t\t\t\t\t\t\t\t\t\t\t\t\t\t\t\t\t<\/div>\n\t\t\t\t\t\t\t\t\t\t<\/div>\n\t\t\t\t\t\t\t\t\t<\/div>\n\t\t\t\t\t\t\t\t\n\t\t\t\t\t\t\t\n\t\t\t\t\t\t\t\t\t\t\t\t\t\t\t\t\t\t\t\t\t\t\t\t\t\t\t\t\t\t\t\t\t\t\t\t\t\t\t\t\t\t\t\t\t\t\t\t\t\t\t\t<div class=\"row g-0 align-items-center\">\n\t\t\t\t\t\t\t\t\t\t<div class=\"col-12 col-md col-excerpt\">\n\t\t\t\t\t\t\t\t\t\t\t<div class=\"excerpt-wrapper\">\n\t\t\t\t\t\t\t\t\t\t\t\t<h4><\/h4>\n\t\t\t\t\t\t\t\t\t\t\t\t<p><h2 id=\"moussegel\">Mousse gel<\/h2>\r\n\r\nSa texture a\u00e9r\u00e9e, semblable \u00e0 celle d&rsquo;une mousse, permet une application facile et une mise en forme pr\u00e9cise sans d\u00e9border sur les cuticules. Malgr\u00e9 sa consistance l\u00e9g\u00e8re, le gel offre une r\u00e9sistance in\u00e9gal\u00e9e, pour des r\u00e9sultats durables et fiables. <\/p>\n\t\t\t\t\t\t\t\t\t\t\t\t\t\t\t\t\t\t\t\t\t\t\t<\/div>\n\t\t\t\t\t\t\t\t\t\t<\/div>\n\t\t\t\t\t\t\t\t\t\t<div class=\"col-12 col-md col-img img-wrapper\">\n\t\t\t\t\t\t\t\t\t\t\t\t\t\t\t\t\t\t\t\t\t\t\t\t\t\t\t\t\t\t\t\t\t\t\t\t<img loading=\"lazy\" decoding=\"async\" src=\"https:\/\/www.cncinternational.eu\/wp-content\/uploads\/2025\/08\/Mousse-Gel-1445x813-1.jpg\"\n\t\t\t\t\t\t\t\t\t\t\t\t\t\talt=\"\" width=\"1445\" height=\"813\">\n\t\t\t\t\t\t\t\t\t\t\t\t\t\t\t\t\t\t\t\t\t\t\t\t\t\t\t\t\t\t\t\t\t<\/div>\n\t\t\t\t\t\t\t\t\t<\/div>\n\t\t\t\t\t\t\t\t\n\t\t\t\t\t\t\t\n\t\t\t\t\t\t\t\t\t\t\t\t\t\t\t\t\t\t\t\t\t\t\t\t\t\t\t\t\t\t\t\t\t\t\t\t\t\t\t\t\t\t\t\n\t\t\t\t\t\t\t\t\t<div class=\"row g-0 align-items-center\">\n\t\t\t\t\t\t\t\t\t\t<div class=\"col-12 col-md col-img img-wrapper\">\n\t\t\t\t\t\t\t\t\t\t\t\t\t\t\t\t\t\t\t\t\t\t\t\t\t\t\t\t\t\t\t\t\t\t<img loading=\"lazy\" decoding=\"async\" src=\"https:\/\/www.cncinternational.eu\/wp-content\/uploads\/2025\/08\/Luxa-Gel-1445x813-1.jpg\"\n\t\t\t\t\t\t\t\t\t\t\t\t\talt=\"\" width=\"1445\" height=\"813\">\n\t\t\t\t\t\t\t\t\t\t\t\t\t\t\t\t\t\t\t\t\t<\/div>\n\t\t\t\t\t\t\t\t\t\t<div class=\"col-12 col-md col-excerpt\">\n\t\t\t\t\t\t\t\t\t\t\t<div class=\"excerpt-wrapper\">\n\t\t\t\t\t\t\t\t\t\t\t\t<h4><\/h4>\n\t\t\t\t\t\t\t\t\t\t\t\t<p><h2 id=\"luxagel\">Luxa Gel<\/h2>\r\n\r\nD\u00e9couvrez l&rsquo;\u00e9quilibre parfait entre contr\u00f4le et pr\u00e9cision. Ce gel \u00e0 ongles avanc\u00e9 offre une viscosit\u00e9 \u00e9lev\u00e9e et un nivellement automatique minimal, ce qui vous permet de cr\u00e9er sans effort des ongles \u00e9l\u00e9gants et magnifiques \u00e0 l&rsquo;aide d&rsquo;un pinceau. <\/p>\n\t\t\t\t\t\t\t\t\t\t\t\t\t\t\t\t\t\t\t\t\t\t\t<\/div>\n\t\t\t\t\t\t\t\t\t\t<\/div>\n\t\t\t\t\t\t\t\t\t<\/div>\n\t\t\t\t\t\t\t\t\n\t\t\t\t\t\t\t\n\t\t\t\t\t\t\t\t\t\t\t\t\t\t\t\t\t\t\t<!-- End row -->\n\t\t\t\t\t\t\t\t\t<\/div>\n\t\t\t<\/div>\n\t\t<\/div>\n\t<\/section>\n\n\t\n\n    \t<section class=\"contact-block form-with-image gradient-bg \" id=\"contact\">\n\t\t<div class=\"container\">\n\t\t\t<div class=\"row justify-content-center\">\n\t\t\t\t<div class=\"col-12 col-md-12 col-lg-10\">\n\t\t\t\t\t<div class=\"form-wrapper\">\n\t\t\t\t\t\t<div class=\"col-12 col-md-10 col-lg-9 mx-auto\">\n\t\t\t\t\t\t\t<h2 class=\"form-title\">D\u00e9couvrez nos best-sellers et nouveaut\u00e9s sans TPO ni HEMA<\/h2>\t\t\t\t\t\t<\/div>\n\t\t\t\t\t\t\t\t\t\t\t\t<div class=\"row\">\n\t\t\t\t\t\t\t<div class=\"col-12 col-md-7 col-lg-7\">\n\t\t\t\t\t\t\t\t\t\t\t\t\t\t\t\t\t<div class=\"form\">\n\t\t\t\t\t\t\t\t\t\t<script src='https:\/\/online4.superoffice.com\/Cust21613\/CS\/scripts\/customer.fcgi?action=form&#038;id=F-G1s8GtUv' defer><\/script>\t\t\t\t\t\t\t\t\t\t\t\t\t\t\t\t\t\t\t\t\t\t\t\t\t\t\t\t\t\t\t\t<\/div>\n\t\t\t\t\t\t\t\t\t\t\t\t\t\t\t<\/div>\n\t\t\t\t\t\t\t<div class=\"col-12 col-md-5 col-lg-5\">\n\t\t\t\t\t\t\t\t<div class=\"col-12 col-md col-excerpt\">\n\t\t\t\t\t\t\t\t\t<div class=\"excerpt-wrapper\">\n\t\t\t\t\t\t\t\t\t<p>Nos produits de marque priv\u00e9e polyvalents pour les ongles sont de la meilleure qualit\u00e9 \u00e0 des prix comp\u00e9titifs. Nous sommes fiers de fabriquer des gels UV pour de nombreuses marques d&rsquo;ongles dans le monde entier. CNC International a \u00e9t\u00e9 cr\u00e9\u00e9e en 1993 et son usine se trouve aux Pays-Bas, en Europe. Nos produits en gel et en acrylique peuvent \u00eatre livr\u00e9s en vrac ou remplis et enti\u00e8rement finis : pr\u00eats \u00e0 \u00eatre vendus !     <\/p>\t\t\t\t\t\t\n\t\t\t\t\t\t\t\t\t<\/div>\n\t\t\t\t\t\t\t\t<\/div>\n\t\t\t\t\t\t\t\t<div class=\"col-img img-wrapper\">\n\t\t\t\t\t\t\t\t\t<img decoding=\"async\" src=\"https:\/\/www.cncinternational.eu\/wp-content\/uploads\/2025\/08\/Telefoon-EP.png\" alt=\"\">\n\t\t\t\t\t\t\t\t<\/div>\n\t\t\t\t\t\t\t\t\t\t\t\t\t\t\t\t\t<div class=\"col-12 col-md col-excerpt\">\n\t\t\t\t\t\t\t\t\t\t<div class=\"excerpt-wrapper\">\n\t\t\t\t\t\t\t\t\t\t<p>Dans notre e-brochure 2026, vous trouverez:\r\n<ul> \r\n<li>Nos produits UV gel 2026 les plus vendus et nouveaut\u00e9s<\/li> \r\n<li>Prix de d\u00e9part par litre<\/li> \r\n<li>Principaux avantages de travailler avec CNC<\/li> <\/ul><\/p>\t\t\t\t\t\t\n\t\t\t\t\t\t\t\t\t\t<\/div>\n\t\t\t\t\t\t\t\t\t<\/div>\n\t\t\t\t\t\t\t\t\t\t\t\t\t\t\t<\/div>\n\t\t\t\t\t\t<\/div>\n\t\t\t\t\t\t\t\t\t\t\t\t\t\t\t\t\t\t\t\t\t\t\t\t<\/div>\n\t\t\t\t<\/div>\n\t\t\t\t\n\t\t\t<\/div>\n\t\t<\/div>\n\t<\/section>\n    \t\n  \t\n\t","protected":false},"excerpt":{"rendered":"","protected":false},"author":7,"featured_media":0,"parent":1465,"menu_order":0,"comment_status":"closed","ping_status":"closed","template":"","meta":{"_acf_changed":false,"inline_featured_image":false,"footnotes":""},"class_list":["post-12207","page","type-page","status-publish","hentry"],"acf":[],"yoast_head":"<!-- This site is optimized with the Yoast SEO plugin v27.4 - https:\/\/yoast.com\/product\/yoast-seo-wordpress\/ -->\n<title>Gels de construction UV professionnels fabriqu\u00e9s en Europe - CNC<\/title>\n<meta name=\"description\" content=\"D\u00e9couvrez les gels constructeurs UV professionnels de haute qualit\u00e9, sans HEMA\/ TPO, fabriqu\u00e9s dans notre propre usine de production Europe.\" \/>\n<meta name=\"robots\" content=\"index, follow, max-snippet:-1, max-image-preview:large, max-video-preview:-1\" \/>\n<link rel=\"canonical\" href=\"https:\/\/www.cncinternational.eu\/fr\/produit\/gels-uv\/gels-de-construction-uv\/\" \/>\n<meta property=\"og:locale\" content=\"fr_FR\" \/>\n<meta property=\"og:type\" content=\"article\" \/>\n<meta property=\"og:title\" content=\"Gels de construction UV professionnels fabriqu\u00e9s en Europe - CNC\" \/>\n<meta property=\"og:description\" content=\"D\u00e9couvrez les gels constructeurs UV professionnels de haute qualit\u00e9, sans HEMA\/ TPO, fabriqu\u00e9s dans notre propre usine de production Europe.\" \/>\n<meta property=\"og:url\" content=\"https:\/\/www.cncinternational.eu\/fr\/produit\/gels-uv\/gels-de-construction-uv\/\" \/>\n<meta property=\"og:site_name\" content=\"CNC International\" \/>\n<meta property=\"article:modified_time\" content=\"2026-02-02T12:54:15+00:00\" \/>\n<meta name=\"twitter:card\" content=\"summary_large_image\" \/>\n<script type=\"application\/ld+json\" class=\"yoast-schema-graph\">{\"@context\":\"https:\\\/\\\/schema.org\",\"@graph\":[{\"@type\":\"WebPage\",\"@id\":\"https:\\\/\\\/www.cncinternational.eu\\\/fr\\\/produit\\\/gels-uv\\\/gels-de-construction-uv\\\/\",\"url\":\"https:\\\/\\\/www.cncinternational.eu\\\/fr\\\/produit\\\/gels-uv\\\/gels-de-construction-uv\\\/\",\"name\":\"Gels de construction UV professionnels fabriqu\u00e9s en Europe - CNC\",\"isPartOf\":{\"@id\":\"https:\\\/\\\/www.cncinternational.eu\\\/fr\\\/#website\"},\"datePublished\":\"2025-07-15T13:48:12+00:00\",\"dateModified\":\"2026-02-02T12:54:15+00:00\",\"description\":\"D\u00e9couvrez les gels constructeurs UV professionnels de haute qualit\u00e9, sans HEMA\\\/ TPO, fabriqu\u00e9s dans notre propre usine de production Europe.\",\"breadcrumb\":{\"@id\":\"https:\\\/\\\/www.cncinternational.eu\\\/fr\\\/produit\\\/gels-uv\\\/gels-de-construction-uv\\\/#breadcrumb\"},\"inLanguage\":\"fr-FR\",\"potentialAction\":[{\"@type\":\"ReadAction\",\"target\":[\"https:\\\/\\\/www.cncinternational.eu\\\/fr\\\/produit\\\/gels-uv\\\/gels-de-construction-uv\\\/\"]}]},{\"@type\":\"BreadcrumbList\",\"@id\":\"https:\\\/\\\/www.cncinternational.eu\\\/fr\\\/produit\\\/gels-uv\\\/gels-de-construction-uv\\\/#breadcrumb\",\"itemListElement\":[{\"@type\":\"ListItem\",\"position\":1,\"name\":\"Home\",\"item\":\"https:\\\/\\\/www.cncinternational.eu\\\/fr\\\/\"},{\"@type\":\"ListItem\",\"position\":2,\"name\":\"Produit\",\"item\":\"https:\\\/\\\/www.cncinternational.eu\\\/fr\\\/produit\\\/\"},{\"@type\":\"ListItem\",\"position\":3,\"name\":\"Gels UV\ufffc\",\"item\":\"https:\\\/\\\/www.cncinternational.eu\\\/fr\\\/produit\\\/gels-uv\\\/\"},{\"@type\":\"ListItem\",\"position\":4,\"name\":\"Gels de construction UV\"}]},{\"@type\":\"WebSite\",\"@id\":\"https:\\\/\\\/www.cncinternational.eu\\\/fr\\\/#website\",\"url\":\"https:\\\/\\\/www.cncinternational.eu\\\/fr\\\/\",\"name\":\"CNC International\",\"description\":\"Just another WordPress site\",\"potentialAction\":[{\"@type\":\"SearchAction\",\"target\":{\"@type\":\"EntryPoint\",\"urlTemplate\":\"https:\\\/\\\/www.cncinternational.eu\\\/fr\\\/?s={search_term_string}\"},\"query-input\":{\"@type\":\"PropertyValueSpecification\",\"valueRequired\":true,\"valueName\":\"search_term_string\"}}],\"inLanguage\":\"fr-FR\"}]}<\/script>\n<!-- \/ Yoast SEO plugin. -->","yoast_head_json":{"title":"Gels de construction UV professionnels fabriqu\u00e9s en Europe - CNC","description":"D\u00e9couvrez les gels constructeurs UV professionnels de haute qualit\u00e9, sans HEMA\/ TPO, fabriqu\u00e9s dans notre propre usine de production Europe.","robots":{"index":"index","follow":"follow","max-snippet":"max-snippet:-1","max-image-preview":"max-image-preview:large","max-video-preview":"max-video-preview:-1"},"canonical":"https:\/\/www.cncinternational.eu\/fr\/produit\/gels-uv\/gels-de-construction-uv\/","og_locale":"fr_FR","og_type":"article","og_title":"Gels de construction UV professionnels fabriqu\u00e9s en Europe - CNC","og_description":"D\u00e9couvrez les gels constructeurs UV professionnels de haute qualit\u00e9, sans HEMA\/ TPO, fabriqu\u00e9s dans notre propre usine de production Europe.","og_url":"https:\/\/www.cncinternational.eu\/fr\/produit\/gels-uv\/gels-de-construction-uv\/","og_site_name":"CNC International","article_modified_time":"2026-02-02T12:54:15+00:00","twitter_card":"summary_large_image","schema":{"@context":"https:\/\/schema.org","@graph":[{"@type":"WebPage","@id":"https:\/\/www.cncinternational.eu\/fr\/produit\/gels-uv\/gels-de-construction-uv\/","url":"https:\/\/www.cncinternational.eu\/fr\/produit\/gels-uv\/gels-de-construction-uv\/","name":"Gels de construction UV professionnels fabriqu\u00e9s en Europe - CNC","isPartOf":{"@id":"https:\/\/www.cncinternational.eu\/fr\/#website"},"datePublished":"2025-07-15T13:48:12+00:00","dateModified":"2026-02-02T12:54:15+00:00","description":"D\u00e9couvrez les gels constructeurs UV professionnels de haute qualit\u00e9, sans HEMA\/ TPO, fabriqu\u00e9s dans notre propre usine de production Europe.","breadcrumb":{"@id":"https:\/\/www.cncinternational.eu\/fr\/produit\/gels-uv\/gels-de-construction-uv\/#breadcrumb"},"inLanguage":"fr-FR","potentialAction":[{"@type":"ReadAction","target":["https:\/\/www.cncinternational.eu\/fr\/produit\/gels-uv\/gels-de-construction-uv\/"]}]},{"@type":"BreadcrumbList","@id":"https:\/\/www.cncinternational.eu\/fr\/produit\/gels-uv\/gels-de-construction-uv\/#breadcrumb","itemListElement":[{"@type":"ListItem","position":1,"name":"Home","item":"https:\/\/www.cncinternational.eu\/fr\/"},{"@type":"ListItem","position":2,"name":"Produit","item":"https:\/\/www.cncinternational.eu\/fr\/produit\/"},{"@type":"ListItem","position":3,"name":"Gels UV\ufffc","item":"https:\/\/www.cncinternational.eu\/fr\/produit\/gels-uv\/"},{"@type":"ListItem","position":4,"name":"Gels de construction UV"}]},{"@type":"WebSite","@id":"https:\/\/www.cncinternational.eu\/fr\/#website","url":"https:\/\/www.cncinternational.eu\/fr\/","name":"CNC International","description":"Just another WordPress site","potentialAction":[{"@type":"SearchAction","target":{"@type":"EntryPoint","urlTemplate":"https:\/\/www.cncinternational.eu\/fr\/?s={search_term_string}"},"query-input":{"@type":"PropertyValueSpecification","valueRequired":true,"valueName":"search_term_string"}}],"inLanguage":"fr-FR"}]}},"_links":{"self":[{"href":"https:\/\/www.cncinternational.eu\/fr\/wp-json\/wp\/v2\/pages\/12207","targetHints":{"allow":["GET"]}}],"collection":[{"href":"https:\/\/www.cncinternational.eu\/fr\/wp-json\/wp\/v2\/pages"}],"about":[{"href":"https:\/\/www.cncinternational.eu\/fr\/wp-json\/wp\/v2\/types\/page"}],"author":[{"embeddable":true,"href":"https:\/\/www.cncinternational.eu\/fr\/wp-json\/wp\/v2\/users\/7"}],"replies":[{"embeddable":true,"href":"https:\/\/www.cncinternational.eu\/fr\/wp-json\/wp\/v2\/comments?post=12207"}],"version-history":[{"count":7,"href":"https:\/\/www.cncinternational.eu\/fr\/wp-json\/wp\/v2\/pages\/12207\/revisions"}],"predecessor-version":[{"id":13996,"href":"https:\/\/www.cncinternational.eu\/fr\/wp-json\/wp\/v2\/pages\/12207\/revisions\/13996"}],"up":[{"embeddable":true,"href":"https:\/\/www.cncinternational.eu\/fr\/wp-json\/wp\/v2\/pages\/1465"}],"wp:attachment":[{"href":"https:\/\/www.cncinternational.eu\/fr\/wp-json\/wp\/v2\/media?parent=12207"}],"curies":[{"name":"wp","href":"https:\/\/api.w.org\/{rel}","templated":true}]}}