{"id":12127,"date":"2025-07-15T13:51:45","date_gmt":"2025-07-15T13:51:45","guid":{"rendered":"https:\/\/www.cncinternational.eu\/?page_id=12127"},"modified":"2026-02-02T12:54:42","modified_gmt":"2026-02-02T12:54:42","slug":"gels-monophases","status":"publish","type":"page","link":"https:\/\/www.cncinternational.eu\/fr\/produit\/gels-uv\/gels-monophases\/","title":{"rendered":"Gels monophas\u00e9s"},"content":{"rendered":"  \t\n\t  <header class=\"main-header \">\n\t\t<!-- For mobile -->\n\t\t<div class=\"d-block d-sm-none\">\n\t\t  <div class=\"container-fluid px-0\">\n\t\t\t<div class=\"container g-0\">\n\t\t\t  <div class=\"row g-0 justify-content-start align-items-center\">\n\t\t\t\t<div class=\"col-12 d-sm-none\">\n\t\t\t\t  <div class=\"header-image\">\n\t\t\t\t\t\t\t\t\t\t\t\t<img fetchpriority=\"high\" decoding=\"async\" src=\"https:\/\/www.cncinternational.eu\/wp-content\/uploads\/2023\/04\/CNC-News-Rubber-Base-Nails-1445x813px.jpg\" alt=\"Gels UV monophas\u00e9s\" width=\"1445\" height=\"813\" loading=\"eager\">\n\t\t\t\t\t\t\t\t\t\t  <\/div>\n\t\t\t\t<\/div>\n\t\t\t\t<div class=\"offset-md-6 col-md-6\">\n\t\t\t\t  <div class=\"header-text\">\n\t\t\t\t\t<p class=\"mobile-title\">Gels UV monophas\u00e9s<\/p>\n\t\t\t\t\t<p>Nos gels monophas\u00e9s combinent les qualit\u00e9s d&rsquo;un gel de base, d&rsquo;un gel de construction et d&rsquo;un gel de finition en un seul produit. Facile \u00e0 utiliser et r\u00e9sultat durable ! Vous avez le choix entre 4 gammes diff\u00e9rentes : Solid Flex gels, Diamond gels, Elementary gels et Omni gel.<\/p>\n\t\t\t\t\t\t\t\t\t\t\t\t\t\t\t\t\t\t<a class=\"btn mb-3\" href=\"https:\/\/www.cncinternational.eu\/contact\/#contact\">\n\t\t\t\t\t\t\t\tBrochure en ligne 2025\t\t\t\t\t\t\t<\/a>\n\t\t\t\t\t\t\t\t\t\t\t\t\t\t\t\t\t\t\t\t  <\/div>\n\t\t\t\t<\/div>\n\t\t\t  <\/div>\n\t\t\t<\/div>\n\t\t  <\/div>\n\t\t<\/div>\n\t\t<!-- \/For mobile -->\n\t\t\n\t\t<!-- For desktop -->\n\t\t<div class=\"d-none d-sm-block\">\n\t\t  <div class=\"container-fluid px-0\" >\n\t\t\t<div class=\"header-bg\" style=\"background-image: url('https:\/\/www.cncinternational.eu\/wp-content\/uploads\/2023\/04\/CNC-News-Rubber-Base-Nails-1445x813px.jpg');\">\n\t\t\t\t\n\t\t\t<\/div>\n\t\t\t<div class=\"container g-0\">\n\t\t\t  <div class=\"row g-0 justify-content-start align-items-center\">\n\t\t\t\t<div class=\"offset-md-6 col-md-6\">\n\t\t\t\t  <div class=\"header-text\">\n\t\t\t\t\t<h1>Gels UV monophas\u00e9s<\/h1>\n\t\t\t\t\t<p>Nos gels monophas\u00e9s combinent les qualit\u00e9s d&rsquo;un gel de base, d&rsquo;un gel de construction et d&rsquo;un gel de finition en un seul produit. Facile \u00e0 utiliser et r\u00e9sultat durable ! Vous avez le choix entre 4 gammes diff\u00e9rentes : Solid Flex gels, Diamond gels, Elementary gels et Omni gel.<\/p>\n\t\t\t\t\n\t\t\t\t\t\t\t\t\t\t\t\t\t\t\t\t\t\t<a class=\"btn mb-3\" href=\"https:\/\/www.cncinternational.eu\/contact\/#contact\">\n\t\t\t\t\t\tBrochure en ligne 2025\t\t\t\t\t\t\t<\/a>\n\t\t\t\t\t\t\t\t\t\t\t\t\t\t\t\t\t\t\t\t  <\/div>\n\t\t\t\t<\/div>\n\t\t\t  <\/div>\n\t\t\t<\/div>\n\t\t  <\/div>\n\t\t<\/div>\n\t\t<!-- \/For desktop -->\n\t  <\/header>\n\t  \n\t  \t\n\n\t<section class=\"news\">\n\t\t<div class=\"container p-0 \">\n\t\t\t<div class=\"row g-0\">\n\t\t\t\t<div class=\"col-12 overlap bg-white\">\n\t\t\t\t\t\t\t\t\t\t\t\t\t\t\t\t\t\t\t\t\t\t<!-- Start row -->\n\t\t\t\t\t\t\t\t\t\t\t\t\t\t\t\t\t\t\t\t\t\t\t\t\t\t\t\t\t\t\t\t\t\t\t\t\n\t\t\t\t\t\t\t\t\t<div class=\"row g-0 align-items-center\">\n\t\t\t\t\t\t\t\t\t\t<div class=\"col-12 col-md col-img img-wrapper\">\n\t\t\t\t\t\t\t\t\t\t\t\t\t\t\t\t\t\t\t\t\t\t\t\t\t\t\t\t\t\t\t\t\t\t<img loading=\"lazy\" decoding=\"async\" src=\"https:\/\/www.cncinternational.eu\/wp-content\/uploads\/2025\/06\/shutterstock_252819202-scaled.jpg\"\n\t\t\t\t\t\t\t\t\t\t\t\t\talt=\"Solid Flex Gels\" width=\"2560\" height=\"1707\">\n\t\t\t\t\t\t\t\t\t\t\t\t\t\t\t\t\t\t\t\t\t<\/div>\n\t\t\t\t\t\t\t\t\t\t<div class=\"col-12 col-md col-excerpt\">\n\t\t\t\t\t\t\t\t\t\t\t<div class=\"excerpt-wrapper\">\n\t\t\t\t\t\t\t\t\t\t\t\t<h4>Solid Flex Gels<\/h4>\n\t\t\t\t\t\t\t\t\t\t\t\t<p>Ce gel monophas\u00e9 \u00e0 l&rsquo;adh\u00e9rence sup\u00e9rieure garantit un r\u00e9sultat durable. M\u00eame sur les ongles \u00e0 probl\u00e8mes ! Le gel est tr\u00e8s flexible, ce qui le rend parfait pour une application sur des ongles fins et fragiles.  <\/p>\n\t\t\t\t\t\t\t\t\t\t\t\t\t\t\t\t\t\t\t\t\t\t\t\t\t\t\t\t\t\t\t\t\t\t\t\t\t\t\t\t\t\t\t\t\t\t\t\t\t\t\t\t\t\t\t\t\t\t\t\t\t\t\t\t\t\t\t\t\t\t\t\t\t\t\t\t\t\t\t\t\t\t\t\t\t\t\t\t\t\t\t\t\t\t\t\t\t\t\t\t\t\t\t\t\t\t\t\t\t\t\t\t\t\t\t\t\t\t\t<button href=\"https:\/\/www.youtube.com\/watch?v=JaE-ROTMn5Y\" class=\"more-link js-modal-btn\" data-channel=\"youtube\" data-video-url=\"https:\/\/www.youtube.com\/embed\/JaE-ROTMn5Y?autoplay=1\">Voir la vid\u00e9o ><\/button>\n\t\t\t\t\t\t\t\t\t\t\t\t\t\t\t\t\t\t\t\t\t\t\t\t\t\t\t\t\t\t\t\n\t\t\t\t\t\t\t\t\t\t\t\t\t\t\n\t\t\t\t\t\t\t\t\t\t\t\t\t\n\t\t\t\t\t\t\t\t\t\t\t\t\t<!-- Another button -->\n\t\t\t\t\t\t\t\t\t\t\t\t\t\t\t\t\t\t\t\t\t\t\t\t\t\t\t\t\t\t\t\t\t\t\t\t<\/div>\n\t\t\t\t\t\t\t\t\t\t<\/div>\n\t\t\t\t\t\t\t\t\t<\/div>\n\t\t\t\t\t\t\t\t\n\t\t\t\t\t\t\t\n\t\t\t\t\t\t\t\t\t\t\t\t\t\t\t\t\t\t\t\t\t\t\t\t\t\t\t\t\t\t\t\t\t\t\t\t\t\t\t\t\t\t\t\t\t\t\t\t\t\t\t\t<div class=\"row g-0 align-items-center\">\n\t\t\t\t\t\t\t\t\t\t<div class=\"col-12 col-md col-excerpt\">\n\t\t\t\t\t\t\t\t\t\t\t<div class=\"excerpt-wrapper\">\n\t\t\t\t\t\t\t\t\t\t\t\t<h4>Diamond Gels<\/h4>\n\t\t\t\t\t\t\t\t\t\t\t\t<p>Gel monophas\u00e9 qui convient pour les extensions sur les formes d&rsquo;ongles. R\u00e9sistant aux rayures et d&rsquo;une brillance durable. Parfait pour les pincements !  <\/p>\n\t\t\t\t\t\t\t\t\t\t\t\t\t\t\t\t\t\t\t\t\t\t\t\t\t\t\t\t\t\t\t\t\t\t\t\t\t\t\t\t\t\t\t\t\t\t\t\t\t\t\t\t\t\t\t\t\t\t\t\t\t\t\t\t\t\t\t\t\t\t\t\t\t\t\t\t\t\t\t\t\t\t\t\t\t\t\t\t\t\t\t\t\t\t\t\t\t\t\t\t\t\t\t\t\t\t\t\t\t\t\t\t\t\t\t\t\t\t\t\t<button href=\"\" class=\"more-link js-modal-btn\" data-channel=\"youtube\" data-video-url=\"https:\/\/www.youtube.com\/embed\/0hgjbPv4W64?autoplay=1\"><i class=\"far fa-play-circle mr-3\"><\/i> Voir la vid\u00e9o <\/button>\n\t\t\t\t\t\t\t\t\t\t\t\t\t\t\t\t\t\t\t\t\t\t\t\t\t\t\t\t\t\t\t\n\t\t\t\t\t\t\t\t\t\t\t\t\t\t\n\t\t\t\t\t\t\t\t\t\t\t\t\t\n\t\t\t\t\t\t\t\t\t\t\t\t\t<!-- Another button -->\n\t\t\t\t\t\t\t\t\t\t\t\t\t\t\t\t\t\t\t\t\t\t\t\t\t\t\t\t\t\t\t\t\t\t\t\t<\/div>\n\t\t\t\t\t\t\t\t\t\t<\/div>\n\t\t\t\t\t\t\t\t\t\t<div class=\"col-12 col-md col-img img-wrapper\">\n\t\t\t\t\t\t\t\t\t\t\t\t\t\t\t\t\t\t\t\t\t\t\t\t\t\t\t\t\t\t\t\t\t\t\t\t<img loading=\"lazy\" decoding=\"async\" src=\"https:\/\/www.cncinternational.eu\/wp-content\/uploads\/2025\/06\/G0632-Diamond-Clear-Gel.00_00_03_21.Still002.jpg\"\n\t\t\t\t\t\t\t\t\t\t\t\t\t\talt=\"Diamond Gels\" width=\"1920\" height=\"1080\">\n\t\t\t\t\t\t\t\t\t\t\t\t\t\t\t\t\t\t\t\t\t\t\t\t\t\t\t\t\t\t\t\t\t<\/div>\n\t\t\t\t\t\t\t\t\t<\/div>\n\t\t\t\t\t\t\t\t\n\t\t\t\t\t\t\t\n\t\t\t\t\t\t\t\t\t\t\t\t\t\t\t\t\t\t\t\t\t\t\t\t\t\t\t\t\t\t\t\t\t\t\t\t\t\t\t\t\t\t\t\n\t\t\t\t\t\t\t\t\t<div class=\"row g-0 align-items-center\">\n\t\t\t\t\t\t\t\t\t\t<div class=\"col-12 col-md col-img img-wrapper\">\n\t\t\t\t\t\t\t\t\t\t\t\t\t\t\t\t\t\t\t\t\t\t\t\t\t\t\t\t\t\t\t\t\t\t<img loading=\"lazy\" decoding=\"async\" src=\"https:\/\/www.cncinternational.eu\/wp-content\/uploads\/2025\/06\/AdobeStock_391208327-scaled.jpeg\"\n\t\t\t\t\t\t\t\t\t\t\t\t\talt=\"Pas de dossier constructeur gel: Elementary Gel\" width=\"2560\" height=\"1707\">\n\t\t\t\t\t\t\t\t\t\t\t\t\t\t\t\t\t\t\t\t\t<\/div>\n\t\t\t\t\t\t\t\t\t\t<div class=\"col-12 col-md col-excerpt\">\n\t\t\t\t\t\t\t\t\t\t\t<div class=\"excerpt-wrapper\">\n\t\t\t\t\t\t\t\t\t\t\t\t<h4>Pas de dossier constructeur gel: Elementary Gel<\/h4>\n\t\t\t\t\t\t\t\t\t\t\t\t<p>Obtenez des r\u00e9sultats optimaux &#8211; \u00e0 un excellent rapport qualit\u00e9-prix &#8211; avec ce gel monophas\u00e9 : adh\u00e9rence, sculpture et brillance ! Ses capacit\u00e9s auto-nivelantes assurent une application facile. <\/p>\n\t\t\t\t\t\t\t\t\t\t\t\t\t\t\t\t\t\t\t\t\t\t\t\t\t\t\t\t\t\t\t\t\t\t\t\t\t\t\t\t\t\t\t\t\t\t\t\t\t\t\t\t\t\t\t\t\t\t\t\t\t\t\t\t\t\t\t\t\t\t\t\t\t\t\t\t\t\t\t\t\t\t\t\t\t\t\t\t\t\t\t\t\t\t\t\t\t\t\t\t\t\t\t\t\t\t\t\t\t\t\t\t\t\t\t\t\t\t\t<button href=\"\" class=\"more-link js-modal-btn\" data-channel=\"youtube\" data-video-url=\"https:\/\/www.youtube.com\/embed\/NXfkflCY9wk?autoplay=1\">Voir la vid\u00e9o ><\/button>\n\t\t\t\t\t\t\t\t\t\t\t\t\t\t\t\t\t\t\t\t\t\t\t\t\t\t\t\t\t\t\t\n\t\t\t\t\t\t\t\t\t\t\t\t\t\t\n\t\t\t\t\t\t\t\t\t\t\t\t\t\n\t\t\t\t\t\t\t\t\t\t\t\t\t<!-- Another button -->\n\t\t\t\t\t\t\t\t\t\t\t\t\t\t\t\t\t\t\t\t\t\t\t\t\t\t\t\t\t\t\t\t\t\t\t\t<\/div>\n\t\t\t\t\t\t\t\t\t\t<\/div>\n\t\t\t\t\t\t\t\t\t<\/div>\n\t\t\t\t\t\t\t\t\n\t\t\t\t\t\t\t\n\t\t\t\t\t\t\t\t\t\t\t\t\t\t\t\t\t\t\t\t\t\t\t\t\t\t\t\t\t\t\t\t\t\t\t\t\t\t\t\t\t\t\t\t\t\t\t\t\t\t\t\t<div class=\"row g-0 align-items-center\">\n\t\t\t\t\t\t\t\t\t\t<div class=\"col-12 col-md col-excerpt\">\n\t\t\t\t\t\t\t\t\t\t\t<div class=\"excerpt-wrapper\">\n\t\t\t\t\t\t\t\t\t\t\t\t<h4>Omni Gel<\/h4>\n\t\t\t\t\t\t\t\t\t\t\t\t<p>Ce gel monophas\u00e9 puissant a une excellente adh\u00e9rence \u00e0 l&rsquo;ongle naturel et laisse une grande brillance. Viscosit\u00e9 \u00e9lev\u00e9e et auto-nivelant. <\/p>\n\t\t\t\t\t\t\t\t\t\t\t\t\t\t\t\t\t\t\t\t\t\t\t<\/div>\n\t\t\t\t\t\t\t\t\t\t<\/div>\n\t\t\t\t\t\t\t\t\t\t<div class=\"col-12 col-md col-img img-wrapper\">\n\t\t\t\t\t\t\t\t\t\t\t\t\t\t\t\t\t\t\t\t\t\t\t\t\t\t\t\t\t\t\t\t\t\t\t\t<img loading=\"lazy\" decoding=\"async\" src=\"https:\/\/www.cncinternational.eu\/wp-content\/uploads\/2025\/06\/shutterstock_767195089-scaled.jpg\"\n\t\t\t\t\t\t\t\t\t\t\t\t\t\talt=\"Omni Gel\" width=\"2560\" height=\"1707\">\n\t\t\t\t\t\t\t\t\t\t\t\t\t\t\t\t\t\t\t\t\t\t\t\t\t\t\t\t\t\t\t\t\t<\/div>\n\t\t\t\t\t\t\t\t\t<\/div>\n\t\t\t\t\t\t\t\t\n\t\t\t\t\t\t\t\n\t\t\t\t\t\t\t\t\t\t\t\t\t\t\t\t\t\t\t<!-- End row -->\n\t\t\t\t\t\t\t\t\t<\/div>\n\t\t\t<\/div>\n\t\t<\/div>\n\t<\/section>\n\n\t\n\n    \t<section class=\"contact-block form-with-image gradient-bg \" id=\"\">\n\t\t<div class=\"container\">\n\t\t\t<div class=\"row justify-content-center\">\n\t\t\t\t<div class=\"col-12 col-md-12 col-lg-10\">\n\t\t\t\t\t<div class=\"form-wrapper\">\n\t\t\t\t\t\t<div class=\"col-12 col-md-10 col-lg-9 mx-auto\">\n\t\t\t\t\t\t\t\t\t\t\t\t\t<\/div>\n\t\t\t\t\t\t\t\t\t\t\t\t<div class=\"row\">\n\t\t\t\t\t\t\t<div class=\"col-12 col-md-7 col-lg-7\">\n\t\t\t\t\t\t\t\t\t\t\t\t\t\t\t\t\t<div class=\"form\">\n\t\t\t\t\t\t\t\t\t\t<script src='https:\/\/online4.superoffice.com\/Cust21613\/CS\/scripts\/customer.fcgi?action=form&#038;id=F-G1s8GtUv' defer><\/script>\t\t\t\t\t\t\t\t\t\t\t\t\t\t\t\t\t\t\t\t\t\t\t\t\t\t\t\t\t\t\t\t<\/div>\n\t\t\t\t\t\t\t\t\t\t\t\t\t\t\t<\/div>\n\t\t\t\t\t\t\t<div class=\"col-12 col-md-5 col-lg-5\">\n\t\t\t\t\t\t\t\t<div class=\"col-12 col-md col-excerpt\">\n\t\t\t\t\t\t\t\t\t<div class=\"excerpt-wrapper\">\n\t\t\t\t\t\t\t\t\t<p>Nos produits de marque priv\u00e9e polyvalents pour les ongles sont de la meilleure qualit\u00e9 \u00e0 des prix comp\u00e9titifs. Nous sommes fiers de fabriquer des gels UV pour de nombreuses marques d&rsquo;ongles dans le monde entier. CNC International a \u00e9t\u00e9 cr\u00e9\u00e9e en 1993 et son usine se trouve aux Pays-Bas, en Europe. Nos produits en gel et en acrylique peuvent \u00eatre livr\u00e9s en vrac ou remplis et enti\u00e8rement finis : pr\u00eats \u00e0 \u00eatre vendus !     <\/p>\t\t\t\t\t\t\n\t\t\t\t\t\t\t\t\t<\/div>\n\t\t\t\t\t\t\t\t<\/div>\n\t\t\t\t\t\t\t\t<div class=\"col-img img-wrapper\">\n\t\t\t\t\t\t\t\t\t<img decoding=\"async\" src=\"https:\/\/www.cncinternational.eu\/wp-content\/uploads\/2025\/08\/Telefoon-EP.png\" alt=\"\">\n\t\t\t\t\t\t\t\t<\/div>\n\t\t\t\t\t\t\t\t\t\t\t\t\t\t\t\t\t<div class=\"col-12 col-md col-excerpt\">\n\t\t\t\t\t\t\t\t\t\t<div class=\"excerpt-wrapper\">\n\t\t\t\t\t\t\t\t\t\t<p>Dans notre e-brochure 2026, vous trouverez:\r\n\r\n<ul> \r\n<li>Nos produits UV gel 2026 les plus vendus et nouveaut\u00e9s<\/li> \r\n<li>Prix de d\u00e9part par litre<\/li> \r\n<li>Principaux avantages de travailler avec CNC<\/li> <\/ul><\/p>\t\t\t\t\t\t\n\t\t\t\t\t\t\t\t\t\t<\/div>\n\t\t\t\t\t\t\t\t\t<\/div>\n\t\t\t\t\t\t\t\t\t\t\t\t\t\t\t<\/div>\n\t\t\t\t\t\t<\/div>\n\t\t\t\t\t\t\t\t\t\t\t\t\t\t\t\t\t\t\t\t\t\t\t\t<\/div>\n\t\t\t\t<\/div>\n\t\t\t\t\n\t\t\t<\/div>\n\t\t<\/div>\n\t<\/section>\n    \t\n  \t\n\t","protected":false},"excerpt":{"rendered":"","protected":false},"author":7,"featured_media":0,"parent":1465,"menu_order":0,"comment_status":"closed","ping_status":"closed","template":"","meta":{"_acf_changed":false,"inline_featured_image":false,"footnotes":""},"class_list":["post-12127","page","type-page","status-publish","hentry"],"acf":[],"yoast_head":"<!-- This site is optimized with the Yoast SEO plugin v27.4 - https:\/\/yoast.com\/product\/yoast-seo-wordpress\/ -->\n<title>Le fabricant du gel UV One Phase est CNC International<\/title>\n<meta name=\"description\" content=\"Vous recherchez un fabricant fiable de gel UV monophas\u00e9 ? Choisissez CNC. Tous nos gels monophas\u00e9s sont exempts d&#039;HEMA et de TPO. Cr\u00e9ez votre propre marque d&#039;ongles.\" \/>\n<meta name=\"robots\" content=\"index, follow, max-snippet:-1, max-image-preview:large, max-video-preview:-1\" \/>\n<link rel=\"canonical\" href=\"https:\/\/www.cncinternational.eu\/fr\/produit\/gels-uv\/gels-monophases\/\" \/>\n<meta property=\"og:locale\" content=\"fr_FR\" \/>\n<meta property=\"og:type\" content=\"article\" \/>\n<meta property=\"og:title\" content=\"Le fabricant du gel UV One Phase est CNC International\" \/>\n<meta property=\"og:description\" content=\"Vous recherchez un fabricant fiable de gel UV monophas\u00e9 ? Choisissez CNC. Tous nos gels monophas\u00e9s sont exempts d&#039;HEMA et de TPO. Cr\u00e9ez votre propre marque d&#039;ongles.\" \/>\n<meta property=\"og:url\" content=\"https:\/\/www.cncinternational.eu\/fr\/produit\/gels-uv\/gels-monophases\/\" \/>\n<meta property=\"og:site_name\" content=\"CNC International\" \/>\n<meta property=\"article:modified_time\" content=\"2026-02-02T12:54:42+00:00\" \/>\n<meta name=\"twitter:card\" content=\"summary_large_image\" \/>\n<script type=\"application\/ld+json\" class=\"yoast-schema-graph\">{\"@context\":\"https:\\\/\\\/schema.org\",\"@graph\":[{\"@type\":\"WebPage\",\"@id\":\"https:\\\/\\\/www.cncinternational.eu\\\/fr\\\/produit\\\/gels-uv\\\/gels-monophases\\\/\",\"url\":\"https:\\\/\\\/www.cncinternational.eu\\\/fr\\\/produit\\\/gels-uv\\\/gels-monophases\\\/\",\"name\":\"Le fabricant du gel UV One Phase est CNC International\",\"isPartOf\":{\"@id\":\"https:\\\/\\\/www.cncinternational.eu\\\/fr\\\/#website\"},\"datePublished\":\"2025-07-15T13:51:45+00:00\",\"dateModified\":\"2026-02-02T12:54:42+00:00\",\"description\":\"Vous recherchez un fabricant fiable de gel UV monophas\u00e9 ? Choisissez CNC. Tous nos gels monophas\u00e9s sont exempts d'HEMA et de TPO. Cr\u00e9ez votre propre marque d'ongles.\",\"breadcrumb\":{\"@id\":\"https:\\\/\\\/www.cncinternational.eu\\\/fr\\\/produit\\\/gels-uv\\\/gels-monophases\\\/#breadcrumb\"},\"inLanguage\":\"fr-FR\",\"potentialAction\":[{\"@type\":\"ReadAction\",\"target\":[\"https:\\\/\\\/www.cncinternational.eu\\\/fr\\\/produit\\\/gels-uv\\\/gels-monophases\\\/\"]}]},{\"@type\":\"BreadcrumbList\",\"@id\":\"https:\\\/\\\/www.cncinternational.eu\\\/fr\\\/produit\\\/gels-uv\\\/gels-monophases\\\/#breadcrumb\",\"itemListElement\":[{\"@type\":\"ListItem\",\"position\":1,\"name\":\"Home\",\"item\":\"https:\\\/\\\/www.cncinternational.eu\\\/fr\\\/\"},{\"@type\":\"ListItem\",\"position\":2,\"name\":\"Produit\",\"item\":\"https:\\\/\\\/www.cncinternational.eu\\\/fr\\\/produit\\\/\"},{\"@type\":\"ListItem\",\"position\":3,\"name\":\"Gels UV\ufffc\",\"item\":\"https:\\\/\\\/www.cncinternational.eu\\\/fr\\\/produit\\\/gels-uv\\\/\"},{\"@type\":\"ListItem\",\"position\":4,\"name\":\"Gels monophas\u00e9s\"}]},{\"@type\":\"WebSite\",\"@id\":\"https:\\\/\\\/www.cncinternational.eu\\\/fr\\\/#website\",\"url\":\"https:\\\/\\\/www.cncinternational.eu\\\/fr\\\/\",\"name\":\"CNC International\",\"description\":\"Just another WordPress site\",\"potentialAction\":[{\"@type\":\"SearchAction\",\"target\":{\"@type\":\"EntryPoint\",\"urlTemplate\":\"https:\\\/\\\/www.cncinternational.eu\\\/fr\\\/?s={search_term_string}\"},\"query-input\":{\"@type\":\"PropertyValueSpecification\",\"valueRequired\":true,\"valueName\":\"search_term_string\"}}],\"inLanguage\":\"fr-FR\"}]}<\/script>\n<!-- \/ Yoast SEO plugin. -->","yoast_head_json":{"title":"Le fabricant du gel UV One Phase est CNC International","description":"Vous recherchez un fabricant fiable de gel UV monophas\u00e9 ? Choisissez CNC. Tous nos gels monophas\u00e9s sont exempts d'HEMA et de TPO. Cr\u00e9ez votre propre marque d'ongles.","robots":{"index":"index","follow":"follow","max-snippet":"max-snippet:-1","max-image-preview":"max-image-preview:large","max-video-preview":"max-video-preview:-1"},"canonical":"https:\/\/www.cncinternational.eu\/fr\/produit\/gels-uv\/gels-monophases\/","og_locale":"fr_FR","og_type":"article","og_title":"Le fabricant du gel UV One Phase est CNC International","og_description":"Vous recherchez un fabricant fiable de gel UV monophas\u00e9 ? Choisissez CNC. Tous nos gels monophas\u00e9s sont exempts d'HEMA et de TPO. Cr\u00e9ez votre propre marque d'ongles.","og_url":"https:\/\/www.cncinternational.eu\/fr\/produit\/gels-uv\/gels-monophases\/","og_site_name":"CNC International","article_modified_time":"2026-02-02T12:54:42+00:00","twitter_card":"summary_large_image","schema":{"@context":"https:\/\/schema.org","@graph":[{"@type":"WebPage","@id":"https:\/\/www.cncinternational.eu\/fr\/produit\/gels-uv\/gels-monophases\/","url":"https:\/\/www.cncinternational.eu\/fr\/produit\/gels-uv\/gels-monophases\/","name":"Le fabricant du gel UV One Phase est CNC International","isPartOf":{"@id":"https:\/\/www.cncinternational.eu\/fr\/#website"},"datePublished":"2025-07-15T13:51:45+00:00","dateModified":"2026-02-02T12:54:42+00:00","description":"Vous recherchez un fabricant fiable de gel UV monophas\u00e9 ? Choisissez CNC. Tous nos gels monophas\u00e9s sont exempts d'HEMA et de TPO. Cr\u00e9ez votre propre marque d'ongles.","breadcrumb":{"@id":"https:\/\/www.cncinternational.eu\/fr\/produit\/gels-uv\/gels-monophases\/#breadcrumb"},"inLanguage":"fr-FR","potentialAction":[{"@type":"ReadAction","target":["https:\/\/www.cncinternational.eu\/fr\/produit\/gels-uv\/gels-monophases\/"]}]},{"@type":"BreadcrumbList","@id":"https:\/\/www.cncinternational.eu\/fr\/produit\/gels-uv\/gels-monophases\/#breadcrumb","itemListElement":[{"@type":"ListItem","position":1,"name":"Home","item":"https:\/\/www.cncinternational.eu\/fr\/"},{"@type":"ListItem","position":2,"name":"Produit","item":"https:\/\/www.cncinternational.eu\/fr\/produit\/"},{"@type":"ListItem","position":3,"name":"Gels UV\ufffc","item":"https:\/\/www.cncinternational.eu\/fr\/produit\/gels-uv\/"},{"@type":"ListItem","position":4,"name":"Gels monophas\u00e9s"}]},{"@type":"WebSite","@id":"https:\/\/www.cncinternational.eu\/fr\/#website","url":"https:\/\/www.cncinternational.eu\/fr\/","name":"CNC International","description":"Just another WordPress site","potentialAction":[{"@type":"SearchAction","target":{"@type":"EntryPoint","urlTemplate":"https:\/\/www.cncinternational.eu\/fr\/?s={search_term_string}"},"query-input":{"@type":"PropertyValueSpecification","valueRequired":true,"valueName":"search_term_string"}}],"inLanguage":"fr-FR"}]}},"_links":{"self":[{"href":"https:\/\/www.cncinternational.eu\/fr\/wp-json\/wp\/v2\/pages\/12127","targetHints":{"allow":["GET"]}}],"collection":[{"href":"https:\/\/www.cncinternational.eu\/fr\/wp-json\/wp\/v2\/pages"}],"about":[{"href":"https:\/\/www.cncinternational.eu\/fr\/wp-json\/wp\/v2\/types\/page"}],"author":[{"embeddable":true,"href":"https:\/\/www.cncinternational.eu\/fr\/wp-json\/wp\/v2\/users\/7"}],"replies":[{"embeddable":true,"href":"https:\/\/www.cncinternational.eu\/fr\/wp-json\/wp\/v2\/comments?post=12127"}],"version-history":[{"count":5,"href":"https:\/\/www.cncinternational.eu\/fr\/wp-json\/wp\/v2\/pages\/12127\/revisions"}],"predecessor-version":[{"id":13997,"href":"https:\/\/www.cncinternational.eu\/fr\/wp-json\/wp\/v2\/pages\/12127\/revisions\/13997"}],"up":[{"embeddable":true,"href":"https:\/\/www.cncinternational.eu\/fr\/wp-json\/wp\/v2\/pages\/1465"}],"wp:attachment":[{"href":"https:\/\/www.cncinternational.eu\/fr\/wp-json\/wp\/v2\/media?parent=12127"}],"curies":[{"name":"wp","href":"https:\/\/api.w.org\/{rel}","templated":true}]}}