{"id":3679,"date":"2022-07-18T10:40:55","date_gmt":"2022-07-18T10:40:55","guid":{"rendered":"https:\/\/www.cncinternational.eu\/katalog\/"},"modified":"2026-02-02T13:57:59","modified_gmt":"2026-02-02T13:57:59","slug":"catalogo","status":"publish","type":"page","link":"https:\/\/www.cncinternational.eu\/es\/catalogo\/","title":{"rendered":"Cat\u00e1logo"},"content":{"rendered":"    \t<section class=\"contact-block form-with-image gradient-bg \" id=\"\">\n\t\t<div class=\"container\">\n\t\t\t<div class=\"row justify-content-center\">\n\t\t\t\t<div class=\"col-12 col-md-12 col-lg-10\">\n\t\t\t\t\t<div class=\"form-wrapper\">\n\t\t\t\t\t\t<div class=\"col-12 col-md-10 col-lg-9 mx-auto\">\n\t\t\t\t\t\t\t<h1 class=\"form-title\">Descubre nuestro folleto en l\u00ednea compacto con productos de u\u00f1as sin TPO y sin HEMA m\u00e1s vendidos<\/h1>\t\t\t\t\t\t<\/div>\n\t\t\t\t\t\t\t\t\t\t\t\t<div class=\"row\">\n\t\t\t\t\t\t\t<div class=\"col-12 col-md-7 col-lg-7\">\n\t\t\t\t\t\t\t\t\t\t\t\t\t\t\t\t\t<div class=\"form\">\n\t\t\t\t\t\t\t\t\t\t<script src='https:\/\/online4.superoffice.com\/Cust21613\/CS\/scripts\/customer.fcgi?action=form&#038;id=F-XwacKigp' defer><\/script>\t\t\t\t\t\t\t\t\t\t\t\t\t\t\t\t\t\t\t\t\t\t\t\t\t\t\t\t\t\t\t\t<\/div>\n\t\t\t\t\t\t\t\t\t\t\t\t\t\t\t<\/div>\n\t\t\t\t\t\t\t<div class=\"col-12 col-md-5 col-lg-5\">\n\t\t\t\t\t\t\t\t<div class=\"col-12 col-md col-excerpt\">\n\t\t\t\t\t\t\t\t\t<div class=\"excerpt-wrapper\">\n\t\t\t\t\t\t\t\t\t<p>Nuestros vers\u00e1tiles productos para u\u00f1as de marca propia tener la mejor calidad a precios competitivos. Estamos orgullosos de ser fabricantes de geles de u\u00f1as UV para numerosas marcas de u\u00f1as en todo el mundo. CNC fue establecida en 1993, con la f\u00e1brica ubicada en los Pa\u00edses Bajos, Europa. Entregamos tus productos profesionales para u\u00f1as de la forma que prefieras a granel o acabados: Lista para vender!<\/p>\t\t\t\t\t\t\n\t\t\t\t\t\t\t\t\t<\/div>\n\t\t\t\t\t\t\t\t<\/div>\n\t\t\t\t\t\t\t\t<div class=\"col-img img-wrapper\">\n\t\t\t\t\t\t\t\t\t<img decoding=\"async\" src=\"https:\/\/www.cncinternational.eu\/wp-content\/uploads\/2025\/08\/Telefoon-EP.png\" alt=\"\">\n\t\t\t\t\t\t\t\t<\/div>\n\t\t\t\t\t\t\t\t\t\t\t\t\t\t\t\t\t<div class=\"col-12 col-md col-excerpt\">\n\t\t\t\t\t\t\t\t\t\t<div class=\"excerpt-wrapper\">\n\t\t\t\t\t\t\t\t\t\t<p>En nuestro cat\u00e1logo 2026 encontrar\u00e1s:\r\n<ul>\r\n \t<li>Nossos produtos de gel UV mais vendidos e novos de 2026<\/li>\r\n \t<li>Pre\u00e7os iniciais por litro<\/li>\r\n \t<li>Principais benef\u00edcios de trabalhar com a CNC<\/li>\r\n<\/ul><\/p>\t\t\t\t\t\t\n\t\t\t\t\t\t\t\t\t\t<\/div>\n\t\t\t\t\t\t\t\t\t<\/div>\n\t\t\t\t\t\t\t\t\t\t\t\t\t\t\t<\/div>\n\t\t\t\t\t\t<\/div>\n\t\t\t\t\t\t\t\t\t\t\t\t\t\t\t\t\t\t\t\t\t\t\t\t<\/div>\n\t\t\t\t<\/div>\n\t\t\t\t\n\t\t\t<\/div>\n\t\t<\/div>\n\t<\/section>\n    \t\n  \t\n\t\n\n    <section class=\"contact-cards\">\n        <div class=\"container\">\n                            <h2 class=\"mb-4\">CONTACTA CON NOSOTROS<\/h2>\n                        <div class=\"grid-wrap\">\n                                                                                    <div class=\"card\">\n                            <div class=\"icon-wrap\">\n                                                                    <img loading=\"lazy\" decoding=\"async\" src=\"https:\/\/www.cncinternational.eu\/wp-content\/uploads\/2024\/08\/Icon-awesome-book-open.svg\" alt=\"Icon awesome-book-open\" width=\"40\" height=\"40\">\n                                                                <p class=\"icon-text\">Solicitar folleto en l\u00ednea<\/p>\n                            <\/div>\n                            <p><strong>Gratis y sin compromiso<\/strong><br> Empieza tu marca de u\u00f1as con CNC<\/p>\n                                                            <a class=\"icon-link\" href=\"#contact\" target=\"_self\">Solicitar ahora &gt;<\/a>\n                                                                                <\/div>\n                                                                    <div class=\"card\">\n                            <div class=\"icon-wrap\">\n                                                                    <img loading=\"lazy\" decoding=\"async\" src=\"https:\/\/www.cncinternational.eu\/wp-content\/uploads\/2024\/08\/Image-13.png\" alt=\"Image 13\" width=\"40\" height=\"40\">\n                                                                <p class=\"icon-text\">Ll\u00e1manos<\/p>\n                            <\/div>\n                            <p><strong>Respuesta inmediata<\/strong><br> D\u00edas laborables: 8:30 &#8211; 17:00<\/p>\n                                                            <a class=\"icon-link\" href=\"tel:31885155850\" target=\"_blank\">31 88 5155850<\/a>\n                                                                                <\/div>\n                                                                    <div class=\"card\">\n                            <div class=\"icon-wrap\">\n                                                                    <img loading=\"lazy\" decoding=\"async\" src=\"https:\/\/www.cncinternational.eu\/wp-content\/uploads\/2024\/08\/Image-14.png\" alt=\"Image 14\" width=\"40\" height=\"40\">\n                                                                <p class=\"icon-text\">Chatea con nosotros<\/p>\n                            <\/div>\n                            <p><strong>Respuesta inmediata<\/strong><br> D\u00edas laborables: 8:30 &#8211; 17:00<\/p>\n                                                            <a class=\"icon-link\" href=\"https:\/\/online4.superoffice.com\/Cust21613\/CS\/javascript\/chatframe.html?topicId=3&#038;title=Click%20here%20to%20start%20a%20chat&#038;theme=modern&#038;color=%23422c86&#038;badgeColor=%23422c86&#038;badgeTextColor=%23ffffff&#038;custMsgColor=null&#038;custMsgTextColor=null&#038;agentMsgColor=null&#038;agentMsgTextColor=null&#038;buttonColor=%23422c86&#038;buttonTextColor=null&#038;font=verdana&#038;fontSize=null&#038;size=large&#038;delay=1&#038;mobile=false&#038;windowWidth=300&#038;windowHeight=600\" target=\"_blank\">Chatea con nosotros  &gt;<\/a>\n                                                                                <\/div>\n                                                                    <div class=\"card\">\n                            <div class=\"icon-wrap\">\n                                                                    <img loading=\"lazy\" decoding=\"async\" src=\"https:\/\/www.cncinternational.eu\/wp-content\/uploads\/2024\/08\/Image-15.png\" alt=\"Image 15\" width=\"40\" height=\"40\">\n                                                                <p class=\"icon-text\">Env\u00eda un correo electr\u00f3nico<\/p>\n                            <\/div>\n                            <p>Respuesta en 72 horas en d\u00edas laborables<\/p>\n                                                            <a class=\"icon-link\" href=\"mailto:sales@cncinternational.eu\" target=\"_blank\">sales@cncinternational.eu &gt;<\/a>\n                                                                                <\/div>\n                                                                    <div class=\"card\">\n                            <div class=\"icon-wrap\">\n                                                                    <img loading=\"lazy\" decoding=\"async\" src=\"https:\/\/www.cncinternational.eu\/wp-content\/uploads\/2024\/08\/Image-18.png\" alt=\"Image 18\" width=\"40\" height=\"40\">\n                                                                <p class=\"icon-text\">Videollamada gratis<\/p>\n                            <\/div>\n                            <p><strong>Recibe consejos para crear tu marca<\/strong><br> Personal e interactivo<\/p>\n                                                            <a class=\"icon-link\" href=\"https:\/\/www.cncinternational.eu\/about-us\/#meet-team\" target=\"_self\">Ap\u00fantate ahora! &gt;<\/a>\n                                                                                <\/div>\n                                                <\/div>\n        <\/div>\n    <\/section>\n","protected":false},"excerpt":{"rendered":"","protected":false},"author":1,"featured_media":0,"parent":0,"menu_order":0,"comment_status":"closed","ping_status":"closed","template":"","meta":{"_acf_changed":false,"inline_featured_image":false,"footnotes":""},"class_list":["post-3679","page","type-page","status-publish","hentry"],"acf":[],"yoast_head":"<!-- This site is optimized with the Yoast SEO plugin v27.4 - https:\/\/yoast.com\/product\/yoast-seo-wordpress\/ -->\n<title>Folleto online CNC 2026: productos de u\u00f1as de marca propia<\/title>\n<meta name=\"description\" content=\"Solicita el folleto gratuito CNC 2026 y descubre productos de u\u00f1as de marca propia sin HEMA ni TPO. Hecho en Europa para tu marca.\" \/>\n<meta name=\"robots\" content=\"index, follow, max-snippet:-1, max-image-preview:large, max-video-preview:-1\" \/>\n<link rel=\"canonical\" href=\"https:\/\/www.cncinternational.eu\/es\/catalogo\/\" \/>\n<meta property=\"og:locale\" content=\"es_ES\" \/>\n<meta property=\"og:type\" content=\"article\" \/>\n<meta property=\"og:title\" content=\"Folleto online CNC 2026: productos de u\u00f1as de marca propia\" \/>\n<meta property=\"og:description\" content=\"Solicita el folleto gratuito CNC 2026 y descubre productos de u\u00f1as de marca propia sin HEMA ni TPO. Hecho en Europa para tu marca.\" \/>\n<meta property=\"og:url\" content=\"https:\/\/www.cncinternational.eu\/es\/catalogo\/\" \/>\n<meta property=\"og:site_name\" content=\"CNC International\" \/>\n<meta property=\"article:modified_time\" content=\"2026-02-02T13:57:59+00:00\" \/>\n<meta name=\"twitter:card\" content=\"summary_large_image\" \/>\n<script type=\"application\/ld+json\" class=\"yoast-schema-graph\">{\"@context\":\"https:\\\/\\\/schema.org\",\"@graph\":[{\"@type\":\"WebPage\",\"@id\":\"https:\\\/\\\/www.cncinternational.eu\\\/es\\\/catalogo\\\/\",\"url\":\"https:\\\/\\\/www.cncinternational.eu\\\/es\\\/catalogo\\\/\",\"name\":\"Folleto online CNC 2026: productos de u\u00f1as de marca propia\",\"isPartOf\":{\"@id\":\"https:\\\/\\\/www.cncinternational.eu\\\/es\\\/#website\"},\"datePublished\":\"2022-07-18T10:40:55+00:00\",\"dateModified\":\"2026-02-02T13:57:59+00:00\",\"description\":\"Solicita el folleto gratuito CNC 2026 y descubre productos de u\u00f1as de marca propia sin HEMA ni TPO. Hecho en Europa para tu marca.\",\"breadcrumb\":{\"@id\":\"https:\\\/\\\/www.cncinternational.eu\\\/es\\\/catalogo\\\/#breadcrumb\"},\"inLanguage\":\"es\",\"potentialAction\":[{\"@type\":\"ReadAction\",\"target\":[\"https:\\\/\\\/www.cncinternational.eu\\\/es\\\/catalogo\\\/\"]}]},{\"@type\":\"BreadcrumbList\",\"@id\":\"https:\\\/\\\/www.cncinternational.eu\\\/es\\\/catalogo\\\/#breadcrumb\",\"itemListElement\":[{\"@type\":\"ListItem\",\"position\":1,\"name\":\"Home\",\"item\":\"https:\\\/\\\/www.cncinternational.eu\\\/es\\\/\"},{\"@type\":\"ListItem\",\"position\":2,\"name\":\"Cat\u00e1logo\"}]},{\"@type\":\"WebSite\",\"@id\":\"https:\\\/\\\/www.cncinternational.eu\\\/es\\\/#website\",\"url\":\"https:\\\/\\\/www.cncinternational.eu\\\/es\\\/\",\"name\":\"CNC International\",\"description\":\"Just another WordPress site\",\"potentialAction\":[{\"@type\":\"SearchAction\",\"target\":{\"@type\":\"EntryPoint\",\"urlTemplate\":\"https:\\\/\\\/www.cncinternational.eu\\\/es\\\/?s={search_term_string}\"},\"query-input\":{\"@type\":\"PropertyValueSpecification\",\"valueRequired\":true,\"valueName\":\"search_term_string\"}}],\"inLanguage\":\"es\"}]}<\/script>\n<!-- \/ Yoast SEO plugin. -->","yoast_head_json":{"title":"Folleto online CNC 2026: productos de u\u00f1as de marca propia","description":"Solicita el folleto gratuito CNC 2026 y descubre productos de u\u00f1as de marca propia sin HEMA ni TPO. Hecho en Europa para tu marca.","robots":{"index":"index","follow":"follow","max-snippet":"max-snippet:-1","max-image-preview":"max-image-preview:large","max-video-preview":"max-video-preview:-1"},"canonical":"https:\/\/www.cncinternational.eu\/es\/catalogo\/","og_locale":"es_ES","og_type":"article","og_title":"Folleto online CNC 2026: productos de u\u00f1as de marca propia","og_description":"Solicita el folleto gratuito CNC 2026 y descubre productos de u\u00f1as de marca propia sin HEMA ni TPO. Hecho en Europa para tu marca.","og_url":"https:\/\/www.cncinternational.eu\/es\/catalogo\/","og_site_name":"CNC International","article_modified_time":"2026-02-02T13:57:59+00:00","twitter_card":"summary_large_image","schema":{"@context":"https:\/\/schema.org","@graph":[{"@type":"WebPage","@id":"https:\/\/www.cncinternational.eu\/es\/catalogo\/","url":"https:\/\/www.cncinternational.eu\/es\/catalogo\/","name":"Folleto online CNC 2026: productos de u\u00f1as de marca propia","isPartOf":{"@id":"https:\/\/www.cncinternational.eu\/es\/#website"},"datePublished":"2022-07-18T10:40:55+00:00","dateModified":"2026-02-02T13:57:59+00:00","description":"Solicita el folleto gratuito CNC 2026 y descubre productos de u\u00f1as de marca propia sin HEMA ni TPO. Hecho en Europa para tu marca.","breadcrumb":{"@id":"https:\/\/www.cncinternational.eu\/es\/catalogo\/#breadcrumb"},"inLanguage":"es","potentialAction":[{"@type":"ReadAction","target":["https:\/\/www.cncinternational.eu\/es\/catalogo\/"]}]},{"@type":"BreadcrumbList","@id":"https:\/\/www.cncinternational.eu\/es\/catalogo\/#breadcrumb","itemListElement":[{"@type":"ListItem","position":1,"name":"Home","item":"https:\/\/www.cncinternational.eu\/es\/"},{"@type":"ListItem","position":2,"name":"Cat\u00e1logo"}]},{"@type":"WebSite","@id":"https:\/\/www.cncinternational.eu\/es\/#website","url":"https:\/\/www.cncinternational.eu\/es\/","name":"CNC International","description":"Just another WordPress site","potentialAction":[{"@type":"SearchAction","target":{"@type":"EntryPoint","urlTemplate":"https:\/\/www.cncinternational.eu\/es\/?s={search_term_string}"},"query-input":{"@type":"PropertyValueSpecification","valueRequired":true,"valueName":"search_term_string"}}],"inLanguage":"es"}]}},"_links":{"self":[{"href":"https:\/\/www.cncinternational.eu\/es\/wp-json\/wp\/v2\/pages\/3679","targetHints":{"allow":["GET"]}}],"collection":[{"href":"https:\/\/www.cncinternational.eu\/es\/wp-json\/wp\/v2\/pages"}],"about":[{"href":"https:\/\/www.cncinternational.eu\/es\/wp-json\/wp\/v2\/types\/page"}],"author":[{"embeddable":true,"href":"https:\/\/www.cncinternational.eu\/es\/wp-json\/wp\/v2\/users\/1"}],"replies":[{"embeddable":true,"href":"https:\/\/www.cncinternational.eu\/es\/wp-json\/wp\/v2\/comments?post=3679"}],"version-history":[{"count":20,"href":"https:\/\/www.cncinternational.eu\/es\/wp-json\/wp\/v2\/pages\/3679\/revisions"}],"predecessor-version":[{"id":14013,"href":"https:\/\/www.cncinternational.eu\/es\/wp-json\/wp\/v2\/pages\/3679\/revisions\/14013"}],"wp:attachment":[{"href":"https:\/\/www.cncinternational.eu\/es\/wp-json\/wp\/v2\/media?parent=3679"}],"curies":[{"name":"wp","href":"https:\/\/api.w.org\/{rel}","templated":true}]}}