{"id":1648,"date":"2022-02-09T10:57:41","date_gmt":"2022-02-09T10:57:41","guid":{"rendered":"https:\/\/www.cncinternational.eu\/?page_id=1648"},"modified":"2025-12-23T11:27:57","modified_gmt":"2025-12-23T11:27:57","slug":"productos-complementarios","status":"publish","type":"page","link":"https:\/\/www.cncinternational.eu\/es\/producto\/productos-complementarios\/","title":{"rendered":"Productos complementarios"},"content":{"rendered":"  \t\n\t  <header class=\"main-header \">\n\t\t<!-- For mobile -->\n\t\t<div class=\"d-block d-sm-none\">\n\t\t  <div class=\"container-fluid px-0\">\n\t\t\t<div class=\"container g-0\">\n\t\t\t  <div class=\"row g-0 justify-content-start align-items-center\">\n\t\t\t\t<div class=\"col-12 d-sm-none\">\n\t\t\t\t  <div class=\"header-image\">\n\t\t\t\t\t\t\t\t\t\t\t\t<img fetchpriority=\"high\" decoding=\"async\" src=\"https:\/\/www.cncinternational.eu\/wp-content\/uploads\/2021\/12\/Private-label-supplementary-products--scaled.jpg\" alt=\"Productos complementarios de marca blanca Gel UV y acr\u00edlicos\" width=\"2560\" height=\"1927\" loading=\"eager\">\n\t\t\t\t\t\t\t\t\t\t  <\/div>\n\t\t\t\t<\/div>\n\t\t\t\t<div class=\"offset-md-6 col-md-6\">\n\t\t\t\t  <div class=\"header-text\">\n\t\t\t\t\t<p class=\"mobile-title\">Productos complementarios<\/p>\n\t\t\t\t\t<p data-pm-slice=\"1 1 [&quot;bulletList&quot;,null,&quot;listItem&quot;,null,&quot;bulletList&quot;,null,&quot;listItem&quot;,null]\">First step, nail prep!<\/p>\n\t\t\t\t\t\t\t\t\t\t\t\t\t\t  <\/div>\n\t\t\t\t<\/div>\n\t\t\t  <\/div>\n\t\t\t<\/div>\n\t\t  <\/div>\n\t\t<\/div>\n\t\t<!-- \/For mobile -->\n\t\t\n\t\t<!-- For desktop -->\n\t\t<div class=\"d-none d-sm-block\">\n\t\t  <div class=\"container-fluid px-0\" >\n\t\t\t<div class=\"header-bg\" style=\"background-image: url('https:\/\/www.cncinternational.eu\/wp-content\/uploads\/2021\/12\/Private-label-supplementary-products--scaled.jpg');\">\n\t\t\t\t\n\t\t\t<\/div>\n\t\t\t<div class=\"container g-0\">\n\t\t\t  <div class=\"row g-0 justify-content-start align-items-center\">\n\t\t\t\t<div class=\"offset-md-6 col-md-6\">\n\t\t\t\t  <div class=\"header-text\">\n\t\t\t\t\t<h1>Productos complementarios<\/h1>\n\t\t\t\t\t<p data-pm-slice=\"1 1 [&quot;bulletList&quot;,null,&quot;listItem&quot;,null,&quot;bulletList&quot;,null,&quot;listItem&quot;,null]\">First step, nail prep!<\/p>\n\t\t\t\t\n\t\t\t\t\t\t\t\t\t\t\t\t\t\t  <\/div>\n\t\t\t\t<\/div>\n\t\t\t  <\/div>\n\t\t\t<\/div>\n\t\t  <\/div>\n\t\t<\/div>\n\t\t<!-- \/For desktop -->\n\t  <\/header>\n\t  \n\t  \t\n\n\t<section class=\"news\">\n\t\t<div class=\"container p-0 \">\n\t\t\t<div class=\"row g-0\">\n\t\t\t\t<div class=\"col-12 overlap bg-white\">\n\t\t\t\t\t\t\t\t\t\t\t\t\t\t\t\t\t\t\t\t\t\t<!-- Start row -->\n\t\t\t\t\t\t\t\t\t\t\t\t\t\t\t\t\t\t\t\t\t\t\t\t\t\t\t\t\t\t\t\t\t\t\t\t\n\t\t\t\t\t\t\t\t\t<div class=\"row g-0 align-items-center\">\n\t\t\t\t\t\t\t\t\t\t<div class=\"col-12 col-md col-img img-wrapper\">\n\t\t\t\t\t\t\t\t\t\t\t\t\t\t\t\t\t\t\t\t\t\t\t\t\t\t\t\t\t\t\t\t\t\t<img loading=\"lazy\" decoding=\"async\" src=\"https:\/\/www.cncinternational.eu\/wp-content\/uploads\/2021\/12\/MicrosoftTeams-image.jpg\"\n\t\t\t\t\t\t\t\t\t\t\t\t\talt=\"Preparaci\u00f3n de u\u00f1as para la manicura de gel ultravioleta\" width=\"1445\" height=\"813\">\n\t\t\t\t\t\t\t\t\t\t\t\t\t\t\t\t\t\t\t\t\t<\/div>\n\t\t\t\t\t\t\t\t\t\t<div class=\"col-12 col-md col-excerpt\">\n\t\t\t\t\t\t\t\t\t\t\t<div class=\"excerpt-wrapper\">\n\t\t\t\t\t\t\t\t\t\t\t\t<h4>Primer paso para obtener los mejores resultados<\/h4>\n\t\t\t\t\t\t\t\t\t\t\t\t<p>La calidad de cada tratamiento de u\u00f1as depende directamente de su preparaci\u00f3n. Elige los mejores productos para tu l\u00ednea de marca blanca. Nuestros productos complementarios para las u\u00f1as han sido especialmente desarrollados para complementar perfectamente nuestros productos principales. \u00a1Son tu garant\u00eda para alcanzar los mejores resultados en cada ocasi\u00f3n!<\/p>\n\t\t\t\t\t\t\t\t\t\t\t\t\t\t\t\t\t\t\t\t\t\t\t<\/div>\n\t\t\t\t\t\t\t\t\t\t<\/div>\n\t\t\t\t\t\t\t\t\t<\/div>\n\t\t\t\t\t\t\t\t\n\t\t\t\t\t\t\t\n\t\t\t\t\t\t\t\t\t\t\t\t\t\t\t\t\t\t\t\t\t\t\t\t\t\t\t\t\t\t\t\t\t\t\t\t\t\t\t\t\t\t\t\t\t\t\t\t\t\t\t\t<div class=\"row g-0 align-items-center\">\n\t\t\t\t\t\t\t\t\t\t<div class=\"col-12 col-md col-excerpt\">\n\t\t\t\t\t\t\t\t\t\t\t<div class=\"excerpt-wrapper\">\n\t\t\t\t\t\t\t\t\t\t\t\t<h4>Productos complementarios <\/h4>\n\t\t\t\t\t\t\t\t\t\t\t\t<p>Para completar tu surtido de productos profesionales para u\u00f1as, CNC International dispone de productos complementarios de alta calidad, como removedores y l\u00edquidos para la preparaci\u00f3n de u\u00f1as.\r\n<ul >\r\n<li>Pegamento sin \u00e1cido<\/li>\r\n<li>Imprimaci\u00f3n para u\u00f1as<\/li>\r\n<li>Purificador de u\u00f1as<\/li>\r\n<li>Nail Fresh (u\u00f1as frescas)<\/li>\r\n<li>Gel limpiador<\/li>\r\n<\/ul>\t<\/p>\n\t\t\t\t\t\t\t\t\t\t\t\t\t\t\t\t\t\t\t\t\t\t\t<\/div>\n\t\t\t\t\t\t\t\t\t\t<\/div>\n\t\t\t\t\t\t\t\t\t\t<div class=\"col-12 col-md col-img img-wrapper\">\n\t\t\t\t\t\t\t\t\t\t\t\t\t\t\t\t\t\t\t\t\t\t\t\t\t\t\t\t\t\t\t\t\t\t\t\t<img loading=\"lazy\" decoding=\"async\" src=\"https:\/\/www.cncinternational.eu\/wp-content\/uploads\/2021\/12\/Removers-nail-preparation-liquids-1.jpg\"\n\t\t\t\t\t\t\t\t\t\t\t\t\t\talt=\"L\u00edquidos removedores para la preparaci\u00f3n de las u\u00f1as\" width=\"1445\" height=\"813\">\n\t\t\t\t\t\t\t\t\t\t\t\t\t\t\t\t\t\t\t\t\t\t\t\t\t\t\t\t\t\t\t\t\t<\/div>\n\t\t\t\t\t\t\t\t\t<\/div>\n\t\t\t\t\t\t\t\t\n\t\t\t\t\t\t\t\n\t\t\t\t\t\t\t\t\t\t\t\t\t\t\t\t\t\t\t<!-- End row -->\n\t\t\t\t\t\t\t\t\t<\/div>\n\t\t\t<\/div>\n\t\t<\/div>\n\t<\/section>\n\n\t\n\n      \t<section class=\"contact-block ud_catalogue image-and-description gradient-bg slipped-section\" id=\"\">\n\t\t<div class=\"container\">\n\t\t\t<div class=\"row justify-content-center\">\n\t\t\t\t<div class=\"col-12 col-md-12 col-lg-10\">\n\t\t\t\t\t<div class=\"form-wrapper\">\n\t\t\t\t\t\t<div class=\"col-12\">\n\t\t\t\t\t\t\t<div class=\"row flex-column-reverse flex-lg-row\">\n\t\t\t\t\t\t\t\t<div class=\"col-12 col-md col-excerpt\">\n\t\t\t\t\t\t\t\t\t<div class=\"excerpt-wrapper\">\n\t\t\t\t\t\t\t\t\t\t<h4 class=\"form-title text-center\">Consulta nuestro folleto en l\u00ednea con los best-sellers y nuevos productos sin TPO ni HEMA<\/h4>\t\t\t\t\t\t\t\t\t\t\t\t\t\t\t\t\t\t\t\t\t<div class=\"form-description\">\n\t\t\t\t\t\t\t\t\t\t\t\t<p>En nuestro cat\u00e1logo 2026 encontrar\u00e1s:<\/p>\n<ul>\n<li>Nossos produtos de gel UV mais vendidos e novos de 2026<\/li>\n<li>Pre\u00e7os iniciais por litro<\/li>\n<li>Principais benef\u00edcios de trabalhar com a CNC<\/li>\n<\/ul>\n\t\t\t\t\t\t\t\t\t\t\t<\/div>\n\t\t\t\t\t\t\t\t\t\t\t\n\t\t\t\t\t\t\t\t\t\t\t\t\t\t\t\t\t\t\t\t\t\t\t\t\t\t\t\t\t\t\t\t\t<div class=\"form d-flex justify-content-md-center\">\n\t\t\t\t\t\t\t\t\t\t\t\t\t\t\t\t\t\t\t\t\t\t\t\t\t\t\t\t\t\t\t\t\t\t\t\t\t\t\t\t<a class=\"btn\" href=\"\/es\/contacto#contact\" target=\"_self\">Obtener folleto en l\u00ednea<\/a>\n\t\t\t\t\t\t\t\t\t\t\t\t\t\t\t\t\t\t\t\t\t\t\t\t\t<\/div>\n\t\t\t\t\t\t\t\t\t\t\t\t\t\t\t\t\t\t\t\t\t\t\t\t\t\n\t\t\t\t\t\t\t\t\t<\/div>\n\t\t\t\t\t\t\t\t<\/div>\n\t\t\t\t\t\t\t\t<div class=\"col-6 col-md-4 mx-auto col-img img-wrapper\">\n\t\t\t\t\t\t\t\t\t<img decoding=\"async\" src=\"https:\/\/www.cncinternational.eu\/wp-content\/uploads\/2025\/08\/Telefoon-EP.png\" alt=\"\">\n\t\t\t\t\t\t\t\t<\/div>\n\t\t\t\t\t\t\t<\/div>\n\t\t\t\t\t\t<\/div>\n\t\t\t\t\t\t\n\t\t\t\t\t<\/div>\n\t\t\t\t<\/div>\n\t\t\t\t\n\t\t\t<\/div>\n\t\t<\/div>\n\t<\/section>\n  \t\n  \t\n\t","protected":false},"excerpt":{"rendered":"","protected":false},"author":7,"featured_media":0,"parent":1541,"menu_order":0,"comment_status":"closed","ping_status":"closed","template":"","meta":{"_acf_changed":false,"inline_featured_image":false,"footnotes":""},"class_list":["post-1648","page","type-page","status-publish","hentry"],"acf":[],"yoast_head":"<!-- This site is optimized with the Yoast SEO plugin v27.4 - https:\/\/yoast.com\/product\/yoast-seo-wordpress\/ -->\n<title>Productos complementarios - l\u00ednea de u\u00f1as marca blanca.<\/title>\n<meta name=\"description\" content=\"CNC ofrecemos dispone de productos complementarios para completar tu l\u00ednea de u\u00f1as marca blanca. Como pegamento sin \u00e1cido, imprimaci\u00f3n para u\u00f1as y muchos moe.\" \/>\n<meta name=\"robots\" content=\"index, follow, max-snippet:-1, max-image-preview:large, max-video-preview:-1\" \/>\n<link rel=\"canonical\" href=\"https:\/\/www.cncinternational.eu\/es\/producto\/productos-complementarios\/\" \/>\n<meta property=\"og:locale\" content=\"es_ES\" \/>\n<meta property=\"og:type\" content=\"article\" \/>\n<meta property=\"og:title\" content=\"Productos complementarios - l\u00ednea de u\u00f1as marca blanca.\" \/>\n<meta property=\"og:description\" content=\"CNC ofrecemos dispone de productos complementarios para completar tu l\u00ednea de u\u00f1as marca blanca. Como pegamento sin \u00e1cido, imprimaci\u00f3n para u\u00f1as y muchos moe.\" \/>\n<meta property=\"og:url\" content=\"https:\/\/www.cncinternational.eu\/es\/producto\/productos-complementarios\/\" \/>\n<meta property=\"og:site_name\" content=\"CNC International\" \/>\n<meta property=\"article:modified_time\" content=\"2025-12-23T11:27:57+00:00\" \/>\n<meta name=\"twitter:card\" content=\"summary_large_image\" \/>\n<script type=\"application\/ld+json\" class=\"yoast-schema-graph\">{\"@context\":\"https:\\\/\\\/schema.org\",\"@graph\":[{\"@type\":\"WebPage\",\"@id\":\"https:\\\/\\\/www.cncinternational.eu\\\/es\\\/producto\\\/productos-complementarios\\\/\",\"url\":\"https:\\\/\\\/www.cncinternational.eu\\\/es\\\/producto\\\/productos-complementarios\\\/\",\"name\":\"Productos complementarios - l\u00ednea de u\u00f1as marca blanca.\",\"isPartOf\":{\"@id\":\"https:\\\/\\\/www.cncinternational.eu\\\/es\\\/#website\"},\"datePublished\":\"2022-02-09T10:57:41+00:00\",\"dateModified\":\"2025-12-23T11:27:57+00:00\",\"description\":\"CNC ofrecemos dispone de productos complementarios para completar tu l\u00ednea de u\u00f1as marca blanca. Como pegamento sin \u00e1cido, imprimaci\u00f3n para u\u00f1as y muchos moe.\",\"breadcrumb\":{\"@id\":\"https:\\\/\\\/www.cncinternational.eu\\\/es\\\/producto\\\/productos-complementarios\\\/#breadcrumb\"},\"inLanguage\":\"es\",\"potentialAction\":[{\"@type\":\"ReadAction\",\"target\":[\"https:\\\/\\\/www.cncinternational.eu\\\/es\\\/producto\\\/productos-complementarios\\\/\"]}]},{\"@type\":\"BreadcrumbList\",\"@id\":\"https:\\\/\\\/www.cncinternational.eu\\\/es\\\/producto\\\/productos-complementarios\\\/#breadcrumb\",\"itemListElement\":[{\"@type\":\"ListItem\",\"position\":1,\"name\":\"Home\",\"item\":\"https:\\\/\\\/www.cncinternational.eu\\\/es\\\/\"},{\"@type\":\"ListItem\",\"position\":2,\"name\":\"Productos\",\"item\":\"https:\\\/\\\/www.cncinternational.eu\\\/es\\\/producto\\\/\"},{\"@type\":\"ListItem\",\"position\":3,\"name\":\"Productos complementarios\"}]},{\"@type\":\"WebSite\",\"@id\":\"https:\\\/\\\/www.cncinternational.eu\\\/es\\\/#website\",\"url\":\"https:\\\/\\\/www.cncinternational.eu\\\/es\\\/\",\"name\":\"CNC International\",\"description\":\"Just another WordPress site\",\"potentialAction\":[{\"@type\":\"SearchAction\",\"target\":{\"@type\":\"EntryPoint\",\"urlTemplate\":\"https:\\\/\\\/www.cncinternational.eu\\\/es\\\/?s={search_term_string}\"},\"query-input\":{\"@type\":\"PropertyValueSpecification\",\"valueRequired\":true,\"valueName\":\"search_term_string\"}}],\"inLanguage\":\"es\"}]}<\/script>\n<!-- \/ Yoast SEO plugin. -->","yoast_head_json":{"title":"Productos complementarios - l\u00ednea de u\u00f1as marca blanca.","description":"CNC ofrecemos dispone de productos complementarios para completar tu l\u00ednea de u\u00f1as marca blanca. Como pegamento sin \u00e1cido, imprimaci\u00f3n para u\u00f1as y muchos moe.","robots":{"index":"index","follow":"follow","max-snippet":"max-snippet:-1","max-image-preview":"max-image-preview:large","max-video-preview":"max-video-preview:-1"},"canonical":"https:\/\/www.cncinternational.eu\/es\/producto\/productos-complementarios\/","og_locale":"es_ES","og_type":"article","og_title":"Productos complementarios - l\u00ednea de u\u00f1as marca blanca.","og_description":"CNC ofrecemos dispone de productos complementarios para completar tu l\u00ednea de u\u00f1as marca blanca. Como pegamento sin \u00e1cido, imprimaci\u00f3n para u\u00f1as y muchos moe.","og_url":"https:\/\/www.cncinternational.eu\/es\/producto\/productos-complementarios\/","og_site_name":"CNC International","article_modified_time":"2025-12-23T11:27:57+00:00","twitter_card":"summary_large_image","schema":{"@context":"https:\/\/schema.org","@graph":[{"@type":"WebPage","@id":"https:\/\/www.cncinternational.eu\/es\/producto\/productos-complementarios\/","url":"https:\/\/www.cncinternational.eu\/es\/producto\/productos-complementarios\/","name":"Productos complementarios - l\u00ednea de u\u00f1as marca blanca.","isPartOf":{"@id":"https:\/\/www.cncinternational.eu\/es\/#website"},"datePublished":"2022-02-09T10:57:41+00:00","dateModified":"2025-12-23T11:27:57+00:00","description":"CNC ofrecemos dispone de productos complementarios para completar tu l\u00ednea de u\u00f1as marca blanca. Como pegamento sin \u00e1cido, imprimaci\u00f3n para u\u00f1as y muchos moe.","breadcrumb":{"@id":"https:\/\/www.cncinternational.eu\/es\/producto\/productos-complementarios\/#breadcrumb"},"inLanguage":"es","potentialAction":[{"@type":"ReadAction","target":["https:\/\/www.cncinternational.eu\/es\/producto\/productos-complementarios\/"]}]},{"@type":"BreadcrumbList","@id":"https:\/\/www.cncinternational.eu\/es\/producto\/productos-complementarios\/#breadcrumb","itemListElement":[{"@type":"ListItem","position":1,"name":"Home","item":"https:\/\/www.cncinternational.eu\/es\/"},{"@type":"ListItem","position":2,"name":"Productos","item":"https:\/\/www.cncinternational.eu\/es\/producto\/"},{"@type":"ListItem","position":3,"name":"Productos complementarios"}]},{"@type":"WebSite","@id":"https:\/\/www.cncinternational.eu\/es\/#website","url":"https:\/\/www.cncinternational.eu\/es\/","name":"CNC International","description":"Just another WordPress site","potentialAction":[{"@type":"SearchAction","target":{"@type":"EntryPoint","urlTemplate":"https:\/\/www.cncinternational.eu\/es\/?s={search_term_string}"},"query-input":{"@type":"PropertyValueSpecification","valueRequired":true,"valueName":"search_term_string"}}],"inLanguage":"es"}]}},"_links":{"self":[{"href":"https:\/\/www.cncinternational.eu\/es\/wp-json\/wp\/v2\/pages\/1648","targetHints":{"allow":["GET"]}}],"collection":[{"href":"https:\/\/www.cncinternational.eu\/es\/wp-json\/wp\/v2\/pages"}],"about":[{"href":"https:\/\/www.cncinternational.eu\/es\/wp-json\/wp\/v2\/types\/page"}],"author":[{"embeddable":true,"href":"https:\/\/www.cncinternational.eu\/es\/wp-json\/wp\/v2\/users\/7"}],"replies":[{"embeddable":true,"href":"https:\/\/www.cncinternational.eu\/es\/wp-json\/wp\/v2\/comments?post=1648"}],"version-history":[{"count":17,"href":"https:\/\/www.cncinternational.eu\/es\/wp-json\/wp\/v2\/pages\/1648\/revisions"}],"predecessor-version":[{"id":13738,"href":"https:\/\/www.cncinternational.eu\/es\/wp-json\/wp\/v2\/pages\/1648\/revisions\/13738"}],"up":[{"embeddable":true,"href":"https:\/\/www.cncinternational.eu\/es\/wp-json\/wp\/v2\/pages\/1541"}],"wp:attachment":[{"href":"https:\/\/www.cncinternational.eu\/es\/wp-json\/wp\/v2\/media?parent=1648"}],"curies":[{"name":"wp","href":"https:\/\/api.w.org\/{rel}","templated":true}]}}