{"id":1645,"date":"2022-02-09T10:53:38","date_gmt":"2022-02-09T10:53:38","guid":{"rendered":"https:\/\/www.cncinternational.eu\/?page_id=1645"},"modified":"2025-12-23T11:04:29","modified_gmt":"2025-12-23T11:04:29","slug":"acrilicos","status":"publish","type":"page","link":"https:\/\/www.cncinternational.eu\/es\/producto\/acrilicos\/","title":{"rendered":"Acr\u00edlicos"},"content":{"rendered":"  \t\n\t  <header class=\"main-header \">\n\t\t<!-- For mobile -->\n\t\t<div class=\"d-block d-sm-none\">\n\t\t  <div class=\"container-fluid px-0\">\n\t\t\t<div class=\"container g-0\">\n\t\t\t  <div class=\"row g-0 justify-content-start align-items-center\">\n\t\t\t\t<div class=\"col-12 d-sm-none\">\n\t\t\t\t  <div class=\"header-image\">\n\t\t\t\t\t\t\t\t\t\t\t\t<img fetchpriority=\"high\" decoding=\"async\" src=\"https:\/\/www.cncinternational.eu\/wp-content\/uploads\/2021\/12\/Private-labeling-acrylic-powder-liquids-bulk-scaled.jpg\" alt=\"Marca blanca de polvo y l\u00edquido acr\u00edlico para u\u00f1as a granel de baja cantidad m\u00ednima de pedido \" width=\"2560\" height=\"1927\" loading=\"eager\">\n\t\t\t\t\t\t\t\t\t\t  <\/div>\n\t\t\t\t<\/div>\n\t\t\t\t<div class=\"offset-md-6 col-md-6\">\n\t\t\t\t  <div class=\"header-text\">\n\t\t\t\t\t<p class=\"mobile-title\">Acr\u00edlicos<\/p>\n\t\t\t\t\t<p>CNC International ofrece una amplia gama de polvos y l\u00edquidos acr\u00edlicos para la industria profesional de las u\u00f1as.<\/p>\n\t\t\t\t\t\t\t\t\t\t\t\t\t\t\t\t\t\t<a class=\"btn mb-3\" href=\"\/es\/contacto#contact\">\n\t\t\t\t\t\t\t\tSolicitar el folleto en l\u00ednea\t\t\t\t\t\t\t<\/a>\n\t\t\t\t\t\t\t\t\t\t\t\t\t\t\t\t\t\t\t\t  <\/div>\n\t\t\t\t<\/div>\n\t\t\t  <\/div>\n\t\t\t<\/div>\n\t\t  <\/div>\n\t\t<\/div>\n\t\t<!-- \/For mobile -->\n\t\t\n\t\t<!-- For desktop -->\n\t\t<div class=\"d-none d-sm-block\">\n\t\t  <div class=\"container-fluid px-0\" >\n\t\t\t<div class=\"header-bg\" style=\"background-image: url('https:\/\/www.cncinternational.eu\/wp-content\/uploads\/2021\/12\/Private-labeling-acrylic-powder-liquids-bulk-scaled.jpg');\">\n\t\t\t\t\n\t\t\t<\/div>\n\t\t\t<div class=\"container g-0\">\n\t\t\t  <div class=\"row g-0 justify-content-start align-items-center\">\n\t\t\t\t<div class=\"offset-md-6 col-md-6\">\n\t\t\t\t  <div class=\"header-text\">\n\t\t\t\t\t<h1>Acr\u00edlicos<\/h1>\n\t\t\t\t\t<p>CNC International ofrece una amplia gama de polvos y l\u00edquidos acr\u00edlicos para la industria profesional de las u\u00f1as.<\/p>\n\t\t\t\t\n\t\t\t\t\t\t\t\t\t\t\t\t\t\t\t\t\t\t<a class=\"btn mb-3\" href=\"\/es\/contacto#contact\">\n\t\t\t\t\t\tSolicitar el folleto en l\u00ednea\t\t\t\t\t\t\t<\/a>\n\t\t\t\t\t\t\t\t\t\t\t\t\t\t\t\t\t\t\t\t  <\/div>\n\t\t\t\t<\/div>\n\t\t\t  <\/div>\n\t\t\t<\/div>\n\t\t  <\/div>\n\t\t<\/div>\n\t\t<!-- \/For desktop -->\n\t  <\/header>\n\t  \n\t  \t\n\n\t<section class=\"video  d-none \" style=\"background: linear-gradient(180deg, rgba(54,39,131,1) 0%, rgba(168,157,205,1) 100%);\" >\n\t\t<div class=\"container px-0\">\n\t\t\t<div class=\"row g-0\">\n\t\t\t\t<div class=\"col-12\">\n\t\t\t\t\t<div class=\"welcome-box\">\n\t\t\t\t\t\t<h2><\/h2>\n\t\t\t\t\t<\/div>\n\t\t\t\t\t\t\t\t\t\t\t                    \t\t\t\t<\/div>\n\t\t\t<\/div>\n\t\t<\/div>\n\t<\/section>\n\n\n\t<section class=\"news\">\n\t\t<div class=\"container p-0 \">\n\t\t\t<div class=\"row g-0\">\n\t\t\t\t<div class=\"col-12 overlap bg-white\">\n\t\t\t\t\t\t\t\t\t\t\t\t\t\t\t\t\t\t\t\t\t\t<!-- Start row -->\n\t\t\t\t\t\t\t\t\t\t\t\t\t\t\t\t\t\t\t\t\t\t\t\t\t\t\t\t\t\t\t\t\t\t\t\t\n\t\t\t\t\t\t\t\t\t<div class=\"row g-0 align-items-center\">\n\t\t\t\t\t\t\t\t\t\t<div class=\"col-12 col-md col-img img-wrapper\">\n\t\t\t\t\t\t\t\t\t\t\t\t\t\t\t\t\t\t\t\t\t\t\t\t\t\t\t\t\t\t\t\t\t\t<img loading=\"lazy\" decoding=\"async\" src=\"https:\/\/www.cncinternational.eu\/wp-content\/uploads\/2021\/12\/Acrylic-babyboom-almond-shape-manicure.jpg\"\n\t\t\t\t\t\t\t\t\t\t\t\t\talt=\"Manicura acr\u00edlica tipo baby boomer en forma de almendra\" width=\"1445\" height=\"813\">\n\t\t\t\t\t\t\t\t\t\t\t\t\t\t\t\t\t\t\t\t\t<\/div>\n\t\t\t\t\t\t\t\t\t\t<div class=\"col-12 col-md col-excerpt\">\n\t\t\t\t\t\t\t\t\t\t\t<div class=\"excerpt-wrapper\">\n\t\t\t\t\t\t\t\t\t\t\t\t<h4><\/h4>\n\t\t\t\t\t\t\t\t\t\t\t\t<p>Hay 2 l\u00edneas de acr\u00edlicos para elegir: Winning Acrylics y Victory Acrylics. Y 2 l\u00edquidos acr\u00edlicos para garantizar una f\u00e1cil trabajabilidad en todos los niveles.<\/p>\n\t\t\t\t\t\t\t\t\t\t\t\t\t\t\t\t\t\t\t\t\t\t\t<\/div>\n\t\t\t\t\t\t\t\t\t\t<\/div>\n\t\t\t\t\t\t\t\t\t<\/div>\n\t\t\t\t\t\t\t\t\n\t\t\t\t\t\t\t\n\t\t\t\t\t\t\t\t\t\t\t\t\t\t\t\t\t\t\t\t\t\t\t\t\t\t\t\t\t\t\t\t\t\t\t\t\t\t\t\t\t\t\t\t\t\t\t\t\t\t\t\t<div class=\"row g-0 align-items-center\">\n\t\t\t\t\t\t\t\t\t\t<div class=\"col-12 col-md col-excerpt\">\n\t\t\t\t\t\t\t\t\t\t\t<div class=\"excerpt-wrapper\">\n\t\t\t\t\t\t\t\t\t\t\t\t<h4><\/h4>\n\t\t\t\t\t\t\t\t\t\t\t\t<p>Nuestros polvos acr\u00edlicos vienen en 2 formulaciones diferentes para que cada cliente pueda elegir su favorito personal: \u00bfpolvo Winning o polvo Victory?\r\n\r\nIndependientemente de la l\u00ednea acr\u00edlica que prefiera, en combinaci\u00f3n con el L\u00edquido R\u00e1pido, los t\u00e9cnicos experimentados pueden crear unas u\u00f1as magn\u00edficas. Mientras que el L\u00edquido Lento permite a todas las principiantes esculpir la u\u00f1a perfecta sin prisas.\r\n<\/p>\n\t\t\t\t\t\t\t\t\t\t\t\t\t\t\t\t\t\t\t\t\t\t\t<\/div>\n\t\t\t\t\t\t\t\t\t\t<\/div>\n\t\t\t\t\t\t\t\t\t\t<div class=\"col-12 col-md col-img img-wrapper\">\n\t\t\t\t\t\t\t\t\t\t\t\t\t\t\t\t\t\t\t\t\t\t\t\t\t\t\t\t\t\t\t\t\t\t\t\t<img loading=\"lazy\" decoding=\"async\" src=\"https:\/\/www.cncinternational.eu\/wp-content\/uploads\/2021\/12\/Acrylics-powders-bulk.jpg\"\n\t\t\t\t\t\t\t\t\t\t\t\t\t\talt=\"Polvos acr\u00edlicos a granel\" width=\"1445\" height=\"813\">\n\t\t\t\t\t\t\t\t\t\t\t\t\t\t\t\t\t\t\t\t\t\t\t\t\t\t\t\t\t\t\t\t\t<\/div>\n\t\t\t\t\t\t\t\t\t<\/div>\n\t\t\t\t\t\t\t\t\n\t\t\t\t\t\t\t\n\t\t\t\t\t\t\t\t\t\t\t\t\t\t\t\t\t\t\t<!-- End row -->\n\t\t\t\t\t\t\t\t\t<\/div>\n\t\t\t<\/div>\n\t\t<\/div>\n\t<\/section>\n\n\t\n\n      \t<section class=\"contact-block ud_catalogue image-and-description gradient-bg slipped-section\" id=\"\">\n\t\t<div class=\"container\">\n\t\t\t<div class=\"row justify-content-center\">\n\t\t\t\t<div class=\"col-12 col-md-12 col-lg-10\">\n\t\t\t\t\t<div class=\"form-wrapper\">\n\t\t\t\t\t\t<div class=\"col-12\">\n\t\t\t\t\t\t\t<div class=\"row flex-column-reverse flex-lg-row\">\n\t\t\t\t\t\t\t\t<div class=\"col-12 col-md col-excerpt\">\n\t\t\t\t\t\t\t\t\t<div class=\"excerpt-wrapper\">\n\t\t\t\t\t\t\t\t\t\t<h4 class=\"form-title text-center\">Consulta nuestro folleto en l\u00ednea compacto con los mejores productos para u\u00f1as TPO y sin HEMA<\/h4>\t\t\t\t\t\t\t\t\t\t\t\t\t\t\t\t\t\t\t\t\t<div class=\"form-description\">\n\t\t\t\t\t\t\t\t\t\t\t\t<p>En nuestro cat\u00e1logo 2026 encontrar\u00e1s:<\/p>\n<ul>\n<li>Nossos produtos de gel UV mais vendidos e novos de 2026<\/li>\n<li>Pre\u00e7os iniciais por litro<\/li>\n<li>Principais benef\u00edcios de trabalhar com a CNC<\/li>\n<\/ul>\n\t\t\t\t\t\t\t\t\t\t\t<\/div>\n\t\t\t\t\t\t\t\t\t\t\t\n\t\t\t\t\t\t\t\t\t\t\t\t\t\t\t\t\t\t\t\t\t\t\t\t\t\t\t\t\t\t\t\t\t<div class=\"form d-flex justify-content-md-center\">\n\t\t\t\t\t\t\t\t\t\t\t\t\t\t\t\t\t\t\t\t\t\t\t\t\t\t\t\t\t\t\t\t\t\t\t\t\t\t\t\t<a class=\"btn\" href=\"\/es\/contacto#contact\" target=\"_self\">Solicitar el folleto en l\u00ednea<\/a>\n\t\t\t\t\t\t\t\t\t\t\t\t\t\t\t\t\t\t\t\t\t\t\t\t\t<\/div>\n\t\t\t\t\t\t\t\t\t\t\t\t\t\t\t\t\t\t\t\t\t\t\t\t\t\n\t\t\t\t\t\t\t\t\t<\/div>\n\t\t\t\t\t\t\t\t<\/div>\n\t\t\t\t\t\t\t\t<div class=\"col-6 col-md-4 mx-auto col-img img-wrapper\">\n\t\t\t\t\t\t\t\t\t<img decoding=\"async\" src=\"https:\/\/www.cncinternational.eu\/wp-content\/uploads\/2025\/08\/Telefoon-EP.png\" alt=\"\">\n\t\t\t\t\t\t\t\t<\/div>\n\t\t\t\t\t\t\t<\/div>\n\t\t\t\t\t\t<\/div>\n\t\t\t\t\t\t\n\t\t\t\t\t<\/div>\n\t\t\t\t<\/div>\n\t\t\t\t\n\t\t\t<\/div>\n\t\t<\/div>\n\t<\/section>\n  \t\n  \t\n\t","protected":false},"excerpt":{"rendered":"","protected":false},"author":7,"featured_media":674,"parent":1541,"menu_order":0,"comment_status":"closed","ping_status":"closed","template":"","meta":{"_acf_changed":false,"inline_featured_image":false,"footnotes":""},"class_list":["post-1645","page","type-page","status-publish","has-post-thumbnail","hentry"],"acf":[],"yoast_head":"<!-- This site is optimized with the Yoast SEO plugin v27.4 - https:\/\/yoast.com\/product\/yoast-seo-wordpress\/ -->\n<title>Proveedor profesional de acr\u00edlicos de marca privada | CNC<\/title>\n<meta name=\"description\" content=\"CNC International es proveedor de acr\u00edlico profesional de marca privada, con amplia gama de polvos y l\u00edquidos acr\u00edlicos de alta calidad\" \/>\n<meta name=\"robots\" content=\"index, follow, max-snippet:-1, max-image-preview:large, max-video-preview:-1\" \/>\n<link rel=\"canonical\" href=\"https:\/\/www.cncinternational.eu\/es\/producto\/acrilicos\/\" \/>\n<meta property=\"og:locale\" content=\"es_ES\" \/>\n<meta property=\"og:type\" content=\"article\" \/>\n<meta property=\"og:title\" content=\"Proveedor profesional de acr\u00edlicos de marca privada | CNC\" \/>\n<meta property=\"og:description\" content=\"CNC International es proveedor de acr\u00edlico profesional de marca privada, con amplia gama de polvos y l\u00edquidos acr\u00edlicos de alta calidad\" \/>\n<meta property=\"og:url\" content=\"https:\/\/www.cncinternational.eu\/es\/producto\/acrilicos\/\" \/>\n<meta property=\"og:site_name\" content=\"CNC International\" \/>\n<meta property=\"article:modified_time\" content=\"2025-12-23T11:04:29+00:00\" \/>\n<meta property=\"og:image\" content=\"https:\/\/www.cncinternational.eu\/wp-content\/uploads\/2021\/12\/Private-labeling-acrylic-powder-liquids-bulk-scaled.jpg\" \/>\n\t<meta property=\"og:image:width\" content=\"2560\" \/>\n\t<meta property=\"og:image:height\" content=\"1927\" \/>\n\t<meta property=\"og:image:type\" content=\"image\/jpeg\" \/>\n<meta name=\"twitter:card\" content=\"summary_large_image\" \/>\n<meta name=\"twitter:label1\" content=\"Tiempo de lectura\" \/>\n\t<meta name=\"twitter:data1\" content=\"1 minuto\" \/>\n<script type=\"application\/ld+json\" class=\"yoast-schema-graph\">{\"@context\":\"https:\\\/\\\/schema.org\",\"@graph\":[{\"@type\":\"WebPage\",\"@id\":\"https:\\\/\\\/www.cncinternational.eu\\\/es\\\/producto\\\/acrilicos\\\/\",\"url\":\"https:\\\/\\\/www.cncinternational.eu\\\/es\\\/producto\\\/acrilicos\\\/\",\"name\":\"Proveedor profesional de acr\u00edlicos de marca privada | CNC\",\"isPartOf\":{\"@id\":\"https:\\\/\\\/www.cncinternational.eu\\\/es\\\/#website\"},\"primaryImageOfPage\":{\"@id\":\"https:\\\/\\\/www.cncinternational.eu\\\/es\\\/producto\\\/acrilicos\\\/#primaryimage\"},\"image\":{\"@id\":\"https:\\\/\\\/www.cncinternational.eu\\\/es\\\/producto\\\/acrilicos\\\/#primaryimage\"},\"thumbnailUrl\":\"https:\\\/\\\/www.cncinternational.eu\\\/wp-content\\\/uploads\\\/2021\\\/12\\\/Private-labeling-acrylic-powder-liquids-bulk-scaled.jpg\",\"datePublished\":\"2022-02-09T10:53:38+00:00\",\"dateModified\":\"2025-12-23T11:04:29+00:00\",\"description\":\"CNC International es proveedor de acr\u00edlico profesional de marca privada, con amplia gama de polvos y l\u00edquidos acr\u00edlicos de alta calidad\",\"breadcrumb\":{\"@id\":\"https:\\\/\\\/www.cncinternational.eu\\\/es\\\/producto\\\/acrilicos\\\/#breadcrumb\"},\"inLanguage\":\"es\",\"potentialAction\":[{\"@type\":\"ReadAction\",\"target\":[\"https:\\\/\\\/www.cncinternational.eu\\\/es\\\/producto\\\/acrilicos\\\/\"]}]},{\"@type\":\"ImageObject\",\"inLanguage\":\"es\",\"@id\":\"https:\\\/\\\/www.cncinternational.eu\\\/es\\\/producto\\\/acrilicos\\\/#primaryimage\",\"url\":\"https:\\\/\\\/www.cncinternational.eu\\\/wp-content\\\/uploads\\\/2021\\\/12\\\/Private-labeling-acrylic-powder-liquids-bulk-scaled.jpg\",\"contentUrl\":\"https:\\\/\\\/www.cncinternational.eu\\\/wp-content\\\/uploads\\\/2021\\\/12\\\/Private-labeling-acrylic-powder-liquids-bulk-scaled.jpg\",\"width\":2560,\"height\":1927,\"caption\":\"Private labeling acrylic powder liquids bulk\"},{\"@type\":\"BreadcrumbList\",\"@id\":\"https:\\\/\\\/www.cncinternational.eu\\\/es\\\/producto\\\/acrilicos\\\/#breadcrumb\",\"itemListElement\":[{\"@type\":\"ListItem\",\"position\":1,\"name\":\"Home\",\"item\":\"https:\\\/\\\/www.cncinternational.eu\\\/es\\\/\"},{\"@type\":\"ListItem\",\"position\":2,\"name\":\"Productos\",\"item\":\"https:\\\/\\\/www.cncinternational.eu\\\/es\\\/producto\\\/\"},{\"@type\":\"ListItem\",\"position\":3,\"name\":\"Acr\u00edlicos\"}]},{\"@type\":\"WebSite\",\"@id\":\"https:\\\/\\\/www.cncinternational.eu\\\/es\\\/#website\",\"url\":\"https:\\\/\\\/www.cncinternational.eu\\\/es\\\/\",\"name\":\"CNC International\",\"description\":\"Just another WordPress site\",\"potentialAction\":[{\"@type\":\"SearchAction\",\"target\":{\"@type\":\"EntryPoint\",\"urlTemplate\":\"https:\\\/\\\/www.cncinternational.eu\\\/es\\\/?s={search_term_string}\"},\"query-input\":{\"@type\":\"PropertyValueSpecification\",\"valueRequired\":true,\"valueName\":\"search_term_string\"}}],\"inLanguage\":\"es\"}]}<\/script>\n<!-- \/ Yoast SEO plugin. -->","yoast_head_json":{"title":"Proveedor profesional de acr\u00edlicos de marca privada | CNC","description":"CNC International es proveedor de acr\u00edlico profesional de marca privada, con amplia gama de polvos y l\u00edquidos acr\u00edlicos de alta calidad","robots":{"index":"index","follow":"follow","max-snippet":"max-snippet:-1","max-image-preview":"max-image-preview:large","max-video-preview":"max-video-preview:-1"},"canonical":"https:\/\/www.cncinternational.eu\/es\/producto\/acrilicos\/","og_locale":"es_ES","og_type":"article","og_title":"Proveedor profesional de acr\u00edlicos de marca privada | CNC","og_description":"CNC International es proveedor de acr\u00edlico profesional de marca privada, con amplia gama de polvos y l\u00edquidos acr\u00edlicos de alta calidad","og_url":"https:\/\/www.cncinternational.eu\/es\/producto\/acrilicos\/","og_site_name":"CNC International","article_modified_time":"2025-12-23T11:04:29+00:00","og_image":[{"width":2560,"height":1927,"url":"https:\/\/www.cncinternational.eu\/wp-content\/uploads\/2021\/12\/Private-labeling-acrylic-powder-liquids-bulk-scaled.jpg","type":"image\/jpeg"}],"twitter_card":"summary_large_image","twitter_misc":{"Tiempo de lectura":"1 minuto"},"schema":{"@context":"https:\/\/schema.org","@graph":[{"@type":"WebPage","@id":"https:\/\/www.cncinternational.eu\/es\/producto\/acrilicos\/","url":"https:\/\/www.cncinternational.eu\/es\/producto\/acrilicos\/","name":"Proveedor profesional de acr\u00edlicos de marca privada | CNC","isPartOf":{"@id":"https:\/\/www.cncinternational.eu\/es\/#website"},"primaryImageOfPage":{"@id":"https:\/\/www.cncinternational.eu\/es\/producto\/acrilicos\/#primaryimage"},"image":{"@id":"https:\/\/www.cncinternational.eu\/es\/producto\/acrilicos\/#primaryimage"},"thumbnailUrl":"https:\/\/www.cncinternational.eu\/wp-content\/uploads\/2021\/12\/Private-labeling-acrylic-powder-liquids-bulk-scaled.jpg","datePublished":"2022-02-09T10:53:38+00:00","dateModified":"2025-12-23T11:04:29+00:00","description":"CNC International es proveedor de acr\u00edlico profesional de marca privada, con amplia gama de polvos y l\u00edquidos acr\u00edlicos de alta calidad","breadcrumb":{"@id":"https:\/\/www.cncinternational.eu\/es\/producto\/acrilicos\/#breadcrumb"},"inLanguage":"es","potentialAction":[{"@type":"ReadAction","target":["https:\/\/www.cncinternational.eu\/es\/producto\/acrilicos\/"]}]},{"@type":"ImageObject","inLanguage":"es","@id":"https:\/\/www.cncinternational.eu\/es\/producto\/acrilicos\/#primaryimage","url":"https:\/\/www.cncinternational.eu\/wp-content\/uploads\/2021\/12\/Private-labeling-acrylic-powder-liquids-bulk-scaled.jpg","contentUrl":"https:\/\/www.cncinternational.eu\/wp-content\/uploads\/2021\/12\/Private-labeling-acrylic-powder-liquids-bulk-scaled.jpg","width":2560,"height":1927,"caption":"Private labeling acrylic powder liquids bulk"},{"@type":"BreadcrumbList","@id":"https:\/\/www.cncinternational.eu\/es\/producto\/acrilicos\/#breadcrumb","itemListElement":[{"@type":"ListItem","position":1,"name":"Home","item":"https:\/\/www.cncinternational.eu\/es\/"},{"@type":"ListItem","position":2,"name":"Productos","item":"https:\/\/www.cncinternational.eu\/es\/producto\/"},{"@type":"ListItem","position":3,"name":"Acr\u00edlicos"}]},{"@type":"WebSite","@id":"https:\/\/www.cncinternational.eu\/es\/#website","url":"https:\/\/www.cncinternational.eu\/es\/","name":"CNC International","description":"Just another WordPress site","potentialAction":[{"@type":"SearchAction","target":{"@type":"EntryPoint","urlTemplate":"https:\/\/www.cncinternational.eu\/es\/?s={search_term_string}"},"query-input":{"@type":"PropertyValueSpecification","valueRequired":true,"valueName":"search_term_string"}}],"inLanguage":"es"}]}},"_links":{"self":[{"href":"https:\/\/www.cncinternational.eu\/es\/wp-json\/wp\/v2\/pages\/1645","targetHints":{"allow":["GET"]}}],"collection":[{"href":"https:\/\/www.cncinternational.eu\/es\/wp-json\/wp\/v2\/pages"}],"about":[{"href":"https:\/\/www.cncinternational.eu\/es\/wp-json\/wp\/v2\/types\/page"}],"author":[{"embeddable":true,"href":"https:\/\/www.cncinternational.eu\/es\/wp-json\/wp\/v2\/users\/7"}],"replies":[{"embeddable":true,"href":"https:\/\/www.cncinternational.eu\/es\/wp-json\/wp\/v2\/comments?post=1645"}],"version-history":[{"count":18,"href":"https:\/\/www.cncinternational.eu\/es\/wp-json\/wp\/v2\/pages\/1645\/revisions"}],"predecessor-version":[{"id":13726,"href":"https:\/\/www.cncinternational.eu\/es\/wp-json\/wp\/v2\/pages\/1645\/revisions\/13726"}],"up":[{"embeddable":true,"href":"https:\/\/www.cncinternational.eu\/es\/wp-json\/wp\/v2\/pages\/1541"}],"wp:featuredmedia":[{"embeddable":true,"href":"https:\/\/www.cncinternational.eu\/es\/wp-json\/wp\/v2\/media\/674"}],"wp:attachment":[{"href":"https:\/\/www.cncinternational.eu\/es\/wp-json\/wp\/v2\/media?parent=1645"}],"curies":[{"name":"wp","href":"https:\/\/api.w.org\/{rel}","templated":true}]}}