{"id":1541,"date":"2022-02-09T09:54:56","date_gmt":"2022-02-09T09:54:56","guid":{"rendered":"https:\/\/www.cncinternational.eu\/?page_id=1541"},"modified":"2025-12-23T10:50:52","modified_gmt":"2025-12-23T10:50:52","slug":"producto","status":"publish","type":"page","link":"https:\/\/www.cncinternational.eu\/es\/producto\/","title":{"rendered":"Productos"},"content":{"rendered":"  \t\n\t  <header class=\"main-header \">\n\t\t<!-- For mobile -->\n\t\t<div class=\"d-block d-sm-none\">\n\t\t  <div class=\"container-fluid px-0\">\n\t\t\t<div class=\"container g-0\">\n\t\t\t  <div class=\"row g-0 justify-content-start align-items-center\">\n\t\t\t\t<div class=\"col-12 d-sm-none\">\n\t\t\t\t  <div class=\"header-image\">\n\t\t\t\t\t\t\t\t\t\t\t\t<img fetchpriority=\"high\" decoding=\"async\" src=\"https:\/\/www.cncinternational.eu\/wp-content\/uploads\/2021\/12\/Private-labeling-nail-polish-manufacturer-products-scaled.jpg\" alt=\"Esmalte de u\u00f1as en gel, geles UV, acr\u00edlicos y productos complementarios de marca blanca\" width=\"2560\" height=\"1927\" loading=\"eager\">\n\t\t\t\t\t\t\t\t\t\t  <\/div>\n\t\t\t\t<\/div>\n\t\t\t\t<div class=\"offset-md-6 col-md-6\">\n\t\t\t\t  <div class=\"header-text\">\n\t\t\t\t\t<p class=\"mobile-title\">Una amplia gama de productos profesionales para las u\u00f1as<\/p>\n\t\t\t\t\t<p>CNC International tiene uno de los mayores surtidos de marcas blancas disponibles. Durante casi 30 a\u00f1os, CNC International ha desarrollado y producido una amplia gama de geles de esmalte y UV para numerosas marcas de u\u00f1as de todo el mundo.<\/p>\n<p>Conozca m\u00e1s sobre nuestros productos sin HEMA, TPO y DiHEMA.<\/p>\n\t\t\t\t\t\t\t\t\t\t\t\t\t\t\t\t\t\t<a class=\"btn mb-3\" href=\"\/es\/contacto#contact\">\n\t\t\t\t\t\t\t\tSolicitar el folleto en l\u00ednea\t\t\t\t\t\t\t<\/a>\n\t\t\t\t\t\t\t\t\t\t\t\t\t\t\t\t\t\t\t\t  <\/div>\n\t\t\t\t<\/div>\n\t\t\t  <\/div>\n\t\t\t<\/div>\n\t\t  <\/div>\n\t\t<\/div>\n\t\t<!-- \/For mobile -->\n\t\t\n\t\t<!-- For desktop -->\n\t\t<div class=\"d-none d-sm-block\">\n\t\t  <div class=\"container-fluid px-0\" >\n\t\t\t<div class=\"header-bg\" style=\"background-image: url('https:\/\/www.cncinternational.eu\/wp-content\/uploads\/2021\/12\/Private-labeling-nail-polish-manufacturer-products-scaled.jpg');\">\n\t\t\t\t\n\t\t\t<\/div>\n\t\t\t<div class=\"container g-0\">\n\t\t\t  <div class=\"row g-0 justify-content-start align-items-center\">\n\t\t\t\t<div class=\"offset-md-6 col-md-6\">\n\t\t\t\t  <div class=\"header-text\">\n\t\t\t\t\t<h1>Una amplia gama de productos profesionales para las u\u00f1as<\/h1>\n\t\t\t\t\t<p>CNC International tiene uno de los mayores surtidos de marcas blancas disponibles. Durante casi 30 a\u00f1os, CNC International ha desarrollado y producido una amplia gama de geles de esmalte y UV para numerosas marcas de u\u00f1as de todo el mundo.<\/p>\n<p>Conozca m\u00e1s sobre nuestros productos sin HEMA, TPO y DiHEMA.<\/p>\n\t\t\t\t\n\t\t\t\t\t\t\t\t\t\t\t\t\t\t\t\t\t\t<a class=\"btn mb-3\" href=\"\/es\/contacto#contact\">\n\t\t\t\t\t\tSolicitar el folleto en l\u00ednea\t\t\t\t\t\t\t<\/a>\n\t\t\t\t\t\t\t\t\t\t\t\t\t\t\t\t\t\t\t\t  <\/div>\n\t\t\t\t<\/div>\n\t\t\t  <\/div>\n\t\t\t<\/div>\n\t\t  <\/div>\n\t\t<\/div>\n\t\t<!-- \/For desktop -->\n\t  <\/header>\n\t  \n\t  \t\n\n\t<section class=\"news\">\n\t\t<div class=\"container p-0 \">\n\t\t\t<div class=\"row g-0\">\n\t\t\t\t<div class=\"col-12 overlap bg-white\">\n\t\t\t\t\t\t\t\t\t\t\t\t\t\t\t\t\t\t\t\t\t\t<!-- Start row -->\n\t\t\t\t\t\t\t\t\t\t\t\t\t\t\t\t\t\t\t\t\t\t\t\t\t\t\t\t\t\t\t\t\t\t\t\t\n\t\t\t\t\t\t\t\t\t<div id=\"gelpolish\" class=\"row g-0 align-items-center\">\n\t\t\t\t\t\t\t\t\t\t<div class=\"col-12 col-md col-img img-wrapper\">\n\t\t\t\t\t\t\t\t\t\t\t\t\t\t\t\t\t\t\t\t\t\t\t\t\t\t\t\t\t\t\t\t\t\t<img loading=\"lazy\" decoding=\"async\" src=\"https:\/\/www.cncinternational.eu\/wp-content\/uploads\/2021\/12\/Gel-polish-manicure-nails-purple-violet-natural-nails.jpg\"\n\t\t\t\t\t\t\t\t\t\t\t\t\talt=\"Esmalte de gel u\u00f1as de manicura violeta p\u00farpura u\u00f1as naturales\" width=\"1445\" height=\"813\">\n\t\t\t\t\t\t\t\t\t\t\t\t\t\t\t\t\t\t\t\t\t<\/div>\n\t\t\t\t\t\t\t\t\t\t<div class=\"col-12 col-md col-excerpt\">\n\t\t\t\t\t\t\t\t\t\t\t<div class=\"excerpt-wrapper\">\n\t\t\t\t\t\t\t\t\t\t\t\t<h4>Esmalte en gel <\/h4>\n\t\t\t\t\t\t\t\t\t\t\t\t<p>Esmalte en gel de CNC; una combinaci\u00f3n perfecta de durabilidad y f\u00e1cil retirada. Colores preciosos, un brillo intenso \u00fanico, sin capa pegajosa y resistente a los ara\u00f1azos. F\u00e1cil de retirar en solo diez minutos, sin limado.\r\n<ul>\r\n<li>Disponible en m\u00e1s de 200 colores de esmalte de gel y tonos brillantes<\/li>\r\n<li>4 colecciones de tendencias al a\u00f1o<\/li>\r\n<li>F\u00e1cil remojo en 10 minutos<\/li>\r\n<li>Sin HEMA, sin DiHEMA y sin TPO<\/li>\r\n<\/ul>\r\nDescubre nuestra colecci\u00f3n de u\u00f1as primavera 2026\r\n<\/p>\n\t\t\t\t\t\t\t\t\t\t\t\t\t\t\t\t\t\t\t\t\t\t\t\t\t\t\t\t\t\t\t\t\t\t\t\t\t\t\t\t\t\t\t\t\t\t\t\t\t\t\t\t\t\t\t\t\t\t\t\t\t\t\t\t\t\t\t\t\t\t<a href=\"\/es\/product\/gel-polish\/\" class=\"btn\">M\u00e1s sobre esmalte en gel<\/a>\n\t\t\t\t\t\t\t\t\t\t\t\t\t\t\t\n\t\t\t\t\t\t\t\t\t\t\t\t\t\t\n\t\t\t\t\t\t\t\t\t\t\t\t\t\n\t\t\t\t\t\t\t\t\t\t\t\t\t<!-- Another button -->\n\t\t\t\t\t\t\t\t\t\t\t\t\t\t\t\t\t\t\t\t\t\t\t\t\t\t\t\t\t\t\t\t\t\t\t\t<\/div>\n\t\t\t\t\t\t\t\t\t\t<\/div>\n\t\t\t\t\t\t\t\t\t<\/div>\n\t\t\t\t\t\t\t\t\n\t\t\t\t\t\t\t\n\t\t\t\t\t\t\t\t\t\t\t\t\t\t\t\t\t\t\t\t\t\t\t\t\t\t\t\t\t\t\t\t\t\t\t\t\t\t\t\t\t\t\t\t\t\t\t\t\t\t\t\t<div id=\"uvgels\" class=\"row g-0 align-items-center\">\n\t\t\t\t\t\t\t\t\t\t<div class=\"col-12 col-md col-excerpt\">\n\t\t\t\t\t\t\t\t\t\t\t<div class=\"excerpt-wrapper\">\n\t\t\t\t\t\t\t\t\t\t\t\t<h4>Geles UV<\/h4>\n\t\t\t\t\t\t\t\t\t\t\t\t<p>La fabricaci\u00f3n de geles UV es la actividad principal de CNC International. Ofrecemos una amplia gama de geles UV para u\u00f1as en nuestra colecci\u00f3n est\u00e1ndar. La colecci\u00f3n est\u00e1ndar contiene geles base, geles constructores, geles de fibra, geles monof\u00e1sicos, geles superiores.\r\n<ul >\r\n<li>Geles base UV<\/li>\r\n<li>Geles constructores UV<\/li>\r\n<li>Geles superiores UV<\/li>\r\n<li>Geles monof\u00e1sicos UV<\/li>\r\n<\/ul>\t<\/p>\n\t\t\t\t\t\t\t\t\t\t\t\t\t\t\t\t\t\t\t\t\t\t\t\t\t\t\t\t\t\t\t\t\t\t\t\t\t\t\t\t\t\t\t\t\t\t\t\t\t\t\t\t\t\t\t\t\t\t\t\t\t\t\t\t\t\t\t\t\t\t<a href=\"\/es\/product\/uv-gels\/\" class=\"btn\">Explora todos los geles UV<\/a>\n\t\t\t\t\t\t\t\t\t\t\t\t\t\t\t\n\t\t\t\t\t\t\t\t\t\t\t\t\t\t\n\t\t\t\t\t\t\t\t\t\t\t\t\t\n\t\t\t\t\t\t\t\t\t\t\t\t\t<!-- Another button -->\n\t\t\t\t\t\t\t\t\t\t\t\t\t\t\t\t\t\t\t\t\t\t\t\t\t\t\t\t\t\t\t\t\t\t\t\t<\/div>\n\t\t\t\t\t\t\t\t\t\t<\/div>\n\t\t\t\t\t\t\t\t\t\t<div class=\"col-12 col-md col-img img-wrapper\">\n\t\t\t\t\t\t\t\t\t\t\t\t\t\t\t\t\t\t\t\t\t\t\t\t\t\t\t\t\t\t\t\t\t\t\t\t<img loading=\"lazy\" decoding=\"async\" src=\"https:\/\/www.cncinternational.eu\/wp-content\/uploads\/2021\/12\/UV-nails-fiber-gel.jpg\"\n\t\t\t\t\t\t\t\t\t\t\t\t\t\talt=\"U\u00f1as de fibra de gel UV\" width=\"1445\" height=\"813\">\n\t\t\t\t\t\t\t\t\t\t\t\t\t\t\t\t\t\t\t\t\t\t\t\t\t\t\t\t\t\t\t\t\t<\/div>\n\t\t\t\t\t\t\t\t\t<\/div>\n\t\t\t\t\t\t\t\t\n\t\t\t\t\t\t\t\n\t\t\t\t\t\t\t\t\t\t\t\t\t\t\t\t\t\t\t\t\t\t\t\t\t\t\t\t\t\t\t\t\t\t\t\t\t\t\t\t\t\t\t\n\t\t\t\t\t\t\t\t\t<div id=\"acrylics\" class=\"row g-0 align-items-center\">\n\t\t\t\t\t\t\t\t\t\t<div class=\"col-12 col-md col-img img-wrapper\">\n\t\t\t\t\t\t\t\t\t\t\t\t\t\t\t\t\t\t\t\t\t\t\t\t\t\t\t\t\t\t\t\t\t\t<img loading=\"lazy\" decoding=\"async\" src=\"https:\/\/www.cncinternational.eu\/wp-content\/uploads\/2021\/12\/Many-colors-acrylic-powders-bulk.jpg\"\n\t\t\t\t\t\t\t\t\t\t\t\t\talt=\"Polvos acr\u00edlicos de muchos colores a granel\" width=\"1445\" height=\"813\">\n\t\t\t\t\t\t\t\t\t\t\t\t\t\t\t\t\t\t\t\t\t<\/div>\n\t\t\t\t\t\t\t\t\t\t<div class=\"col-12 col-md col-excerpt\">\n\t\t\t\t\t\t\t\t\t\t\t<div class=\"excerpt-wrapper\">\n\t\t\t\t\t\t\t\t\t\t\t\t<h4>Acr\u00edlicos<\/h4>\n\t\t\t\t\t\t\t\t\t\t\t\t<p>CNC International ofrece una amplia gama de productos de u\u00f1as acr\u00edlicas. Hay 2 l\u00edneas de acr\u00edlico para elegir. Con el uso de l\u00edquido acr\u00edlico lento o r\u00e1pido, ambas l\u00edneas son adecuadas para t\u00e9cnicos de u\u00f1as de todos los niveles.\r\n<ul>\r\n<li>Polvos acr\u00edlicos Winning<\/li>\r\n<li>Polvos acr\u00edlicos Victory<\/li>\r\n<li>L\u00edquidos acr\u00edlicos<\/li>\r\n<\/ul><\/p>\n\t\t\t\t\t\t\t\t\t\t\t\t\t\t\t\t\t\t\t\t\t\t\t\t\t\t\t\t\t\t\t\t\t\t\t\t\t\t\t\t\t\t\t\t\t\t\t\t\t\t\t\t\t\t\t\t\t\t\t\t\t\t\t\t\t\t\t\t\t\t<a href=\"\/es\/product\/acrylics\/\" class=\"btn\">Descubre nuestra gama de acr\u00edlicos<\/a>\n\t\t\t\t\t\t\t\t\t\t\t\t\t\t\t\n\t\t\t\t\t\t\t\t\t\t\t\t\t\t\n\t\t\t\t\t\t\t\t\t\t\t\t\t\n\t\t\t\t\t\t\t\t\t\t\t\t\t<!-- Another button -->\n\t\t\t\t\t\t\t\t\t\t\t\t\t\t\t\t\t\t\t\t\t\t\t\t\t\t\t\t\t\t\t\t\t\t\t\t<\/div>\n\t\t\t\t\t\t\t\t\t\t<\/div>\n\t\t\t\t\t\t\t\t\t<\/div>\n\t\t\t\t\t\t\t\t\n\t\t\t\t\t\t\t\n\t\t\t\t\t\t\t\t\t\t\t\t\t\t\t\t\t\t\t\t\t\t\t\t\t\t\t\t\t\t\t\t\t\t\t\t\t\t\t\t\t\t\t\t\t\t\t\t\t\t\t\t<div id=\"supproduct\" class=\"row g-0 align-items-center\">\n\t\t\t\t\t\t\t\t\t\t<div class=\"col-12 col-md col-excerpt\">\n\t\t\t\t\t\t\t\t\t\t\t<div class=\"excerpt-wrapper\">\n\t\t\t\t\t\t\t\t\t\t\t\t<h4>Productos complementarios<\/h4>\n\t\t\t\t\t\t\t\t\t\t\t\t<p>Para completar tu surtido de productos profesionales para u\u00f1as, CNC International dispone de productos complementarios de alta calidad, como removedores y l\u00edquidos para la preparaci\u00f3n de u\u00f1as.<\/p>\n\t\t\t\t\t\t\t\t\t\t\t\t\t\t\t\t\t\t\t\t\t\t\t\t\t\t\t\t\t\t\t\t\t\t\t\t\t\t\t\t\t\t\t\t\t\t\t\t\t\t\t\t\t\t\t\t\t\t\t\t\t\t\t\t\t\t\t\t\t\t<a href=\"\/es\/product\/supplementary-products\/\" class=\"btn\">Ll\u00e9vame a productos complementarios<\/a>\n\t\t\t\t\t\t\t\t\t\t\t\t\t\t\t\n\t\t\t\t\t\t\t\t\t\t\t\t\t\t\n\t\t\t\t\t\t\t\t\t\t\t\t\t\n\t\t\t\t\t\t\t\t\t\t\t\t\t<!-- Another button -->\n\t\t\t\t\t\t\t\t\t\t\t\t\t\t\t\t\t\t\t\t\t\t\t\t\t\t\t\t\t\t\t\t\t\t\t\t<\/div>\n\t\t\t\t\t\t\t\t\t\t<\/div>\n\t\t\t\t\t\t\t\t\t\t<div class=\"col-12 col-md col-img img-wrapper\">\n\t\t\t\t\t\t\t\t\t\t\t\t\t\t\t\t\t\t\t\t\t\t\t\t\t\t\t\t\t\t\t\t\t\t\t\t<img loading=\"lazy\" decoding=\"async\" src=\"https:\/\/www.cncinternational.eu\/wp-content\/uploads\/2021\/12\/Removers-nail-preparation-liquids.jpg\"\n\t\t\t\t\t\t\t\t\t\t\t\t\t\talt=\"L\u00edquidos removedores para la preparaci\u00f3n de las u\u00f1as\" width=\"1445\" height=\"813\">\n\t\t\t\t\t\t\t\t\t\t\t\t\t\t\t\t\t\t\t\t\t\t\t\t\t\t\t\t\t\t\t\t\t<\/div>\n\t\t\t\t\t\t\t\t\t<\/div>\n\t\t\t\t\t\t\t\t\n\t\t\t\t\t\t\t\n\t\t\t\t\t\t\t\t\t\t\t\t\t\t\t\t\t\t\t\t\t\t\t\t\t\t\t\t\t\t\t\t\t\t\t\t\t\t\t\t\t\t\t\n\t\t\t\t\t\t\t\t\t<div id=\"dontwastetime\" class=\"row g-0 align-items-center\">\n\t\t\t\t\t\t\t\t\t\t<div class=\"col-12 col-md col-img img-wrapper\">\n\t\t\t\t\t\t\t\t\t\t\t\t\t\t\t\t\t\t\t\t\t\t\t\t\t\t\t\t\t\t\t\t\t\t<img loading=\"lazy\" decoding=\"async\" src=\"https:\/\/www.cncinternational.eu\/wp-content\/uploads\/2021\/12\/CNC-International-trend-collections.jpg\"\n\t\t\t\t\t\t\t\t\t\t\t\t\talt=\"CNC Colecciones de tendencias internacionales\" width=\"1445\" height=\"813\">\n\t\t\t\t\t\t\t\t\t\t\t\t\t\t\t\t\t\t\t\t\t<\/div>\n\t\t\t\t\t\t\t\t\t\t<div class=\"col-12 col-md col-excerpt\">\n\t\t\t\t\t\t\t\t\t\t\t<div class=\"excerpt-wrapper\">\n\t\t\t\t\t\t\t\t\t\t\t\t<h4>No pierdas tiempo, dinero y esfuerzo. Conf\u00eda en nosotros.<\/h4>\n\t\t\t\t\t\t\t\t\t\t\t\t<p>Sirve a todos tus clientes con nuestra vers\u00e1til gama de productos de marca blanca. Mant\u00e9n tu surtido en tendencia con nuestras colecciones trimestrales de tendencias de u\u00f1as. Benef\u00edciate de nuestros nuevos desarrollos de productos durante todo el a\u00f1o, \u00a1sorprende a tus clientes con la introducci\u00f3n de nuevos productos!<\/p>\n\t\t\t\t\t\t\t\t\t\t\t\t\t\t\t\t\t\t\t\t\t\t\t<\/div>\n\t\t\t\t\t\t\t\t\t\t<\/div>\n\t\t\t\t\t\t\t\t\t<\/div>\n\t\t\t\t\t\t\t\t\n\t\t\t\t\t\t\t\n\t\t\t\t\t\t\t\t\t\t\t\t\t\t\t\t\t\t\t\t\t\t\t\t\t\t\t\t\t\t\t\t\t\t\t\t\t\t\t\t\t\t\t\t\t\t\t\t\t\t\t\t<div id=\"cncproductionfactory\" class=\"row g-0 align-items-center\">\n\t\t\t\t\t\t\t\t\t\t<div class=\"col-12 col-md col-excerpt\">\n\t\t\t\t\t\t\t\t\t\t\t<div class=\"excerpt-wrapper\">\n\t\t\t\t\t\t\t\t\t\t\t\t<h4>F\u00e1brica de producci\u00f3n CNC<\/h4>\n\t\t\t\t\t\t\t\t\t\t\t\t<p><ul >\r\n<li>Gama de productos vers\u00e1til<\/li>\r\n<li>Suministrados a granel o como productos acabados<\/li>\r\n<li>Colecciones de tendencias 4 veces al a\u00f1o<\/li>\r\n<li>Presentaci\u00f3n de nuevos productos durante todo el a\u00f1o<\/li>\r\n<li>Instalaciones de producci\u00f3n propias<\/li>\r\n<li>Departamento de I+D innovador<\/li>\r\n<\/ul><\/p>\n\t\t\t\t\t\t\t\t\t\t\t\t\t\t\t\t\t\t\t\t\t\t\t<\/div>\n\t\t\t\t\t\t\t\t\t\t<\/div>\n\t\t\t\t\t\t\t\t\t\t<div class=\"col-12 col-md col-img img-wrapper\">\n\t\t\t\t\t\t\t\t\t\t\t\t\t\t\t\t\t\t\t\t\t\t\t\t\t\t\t\t\t\t\t\t\t\t\t\t<img loading=\"lazy\" decoding=\"async\" src=\"https:\/\/www.cncinternational.eu\/wp-content\/uploads\/2021\/12\/CNC-production-factory.jpg\"\n\t\t\t\t\t\t\t\t\t\t\t\t\t\talt=\"F\u00e1brica de producci\u00f3n CNC\" width=\"1445\" height=\"813\">\n\t\t\t\t\t\t\t\t\t\t\t\t\t\t\t\t\t\t\t\t\t\t\t\t\t\t\t\t\t\t\t\t\t<\/div>\n\t\t\t\t\t\t\t\t\t<\/div>\n\t\t\t\t\t\t\t\t\n\t\t\t\t\t\t\t\n\t\t\t\t\t\t\t\t\t\t\t\t\t\t\t\t\t\t\t<!-- End row -->\n\t\t\t\t\t\t\t\t\t<\/div>\n\t\t\t<\/div>\n\t\t<\/div>\n\t<\/section>\n\n\t\n\n      \t<section class=\"contact-block ud_catalogue image-and-description gradient-bg slipped-section\" id=\"\">\n\t\t<div class=\"container\">\n\t\t\t<div class=\"row justify-content-center\">\n\t\t\t\t<div class=\"col-12 col-md-12 col-lg-10\">\n\t\t\t\t\t<div class=\"form-wrapper\">\n\t\t\t\t\t\t<div class=\"col-12\">\n\t\t\t\t\t\t\t<div class=\"row flex-column-reverse flex-lg-row\">\n\t\t\t\t\t\t\t\t<div class=\"col-12 col-md col-excerpt\">\n\t\t\t\t\t\t\t\t\t<div class=\"excerpt-wrapper\">\n\t\t\t\t\t\t\t\t\t\t<h4 class=\"form-title text-center\">Consulta nuestro folleto en l\u00ednea compacto con los mejores productos para u\u00f1as TPO y sin HEMA<\/h4>\t\t\t\t\t\t\t\t\t\t\t\t\t\t\t\t\t\t\t\t\t<div class=\"form-description\">\n\t\t\t\t\t\t\t\t\t\t\t\t<p>En nuestro cat\u00e1logo 2026 encontrar\u00e1s:<\/p>\n<ul>\n<li>Nossos produtos de gel UV mais vendidos e novos de 2026<\/li>\n<li>Pre\u00e7os iniciais por litro<\/li>\n<li>Principais benef\u00edcios de trabalhar com a CNC<\/li>\n<\/ul>\n\t\t\t\t\t\t\t\t\t\t\t<\/div>\n\t\t\t\t\t\t\t\t\t\t\t\n\t\t\t\t\t\t\t\t\t\t\t\t\t\t\t\t\t\t\t\t\t\t\t\t\t\t\t\t\t\t\t\t\t<div class=\"form d-flex justify-content-md-center\">\n\t\t\t\t\t\t\t\t\t\t\t\t\t\t\t\t\t\t\t\t\t\t\t\t\t\t\t\t\t\t\t\t\t\t\t\t\t\t\t\t<a class=\"btn\" href=\"\/es\/contacto#contact\" target=\"_self\">Solicitar el folleto en l\u00ednea<\/a>\n\t\t\t\t\t\t\t\t\t\t\t\t\t\t\t\t\t\t\t\t\t\t\t\t\t<\/div>\n\t\t\t\t\t\t\t\t\t\t\t\t\t\t\t\t\t\t\t\t\t\t\t\t\t\n\t\t\t\t\t\t\t\t\t<\/div>\n\t\t\t\t\t\t\t\t<\/div>\n\t\t\t\t\t\t\t\t<div class=\"col-6 col-md-4 mx-auto col-img img-wrapper\">\n\t\t\t\t\t\t\t\t\t<img decoding=\"async\" src=\"https:\/\/www.cncinternational.eu\/wp-content\/uploads\/2025\/08\/Telefoon-EP.png\" alt=\"\">\n\t\t\t\t\t\t\t\t<\/div>\n\t\t\t\t\t\t\t<\/div>\n\t\t\t\t\t\t<\/div>\n\t\t\t\t\t\t\n\t\t\t\t\t<\/div>\n\t\t\t\t<\/div>\n\t\t\t\t\n\t\t\t<\/div>\n\t\t<\/div>\n\t<\/section>\n  \t\n  \t\n\t","protected":false},"excerpt":{"rendered":"","protected":false},"author":7,"featured_media":0,"parent":0,"menu_order":0,"comment_status":"closed","ping_status":"closed","template":"","meta":{"_acf_changed":false,"inline_featured_image":false,"footnotes":""},"class_list":["post-1541","page","type-page","status-publish","hentry"],"acf":[],"yoast_head":"<!-- This site is optimized with the Yoast SEO plugin v27.4 - https:\/\/yoast.com\/product\/yoast-seo-wordpress\/ -->\n<title>Portafolio de productos de u\u00f1as de marca privada - CNC International<\/title>\n<meta name=\"description\" content=\"Explora el portafolio private label de CNC International: geles UV, esmaltes semipermanentes y m\u00e1s. Geles UV sin HEMA ni TPO.\" \/>\n<meta name=\"robots\" content=\"index, follow, max-snippet:-1, max-image-preview:large, max-video-preview:-1\" \/>\n<link rel=\"canonical\" href=\"https:\/\/www.cncinternational.eu\/es\/producto\/\" \/>\n<meta property=\"og:locale\" content=\"es_ES\" \/>\n<meta property=\"og:type\" content=\"article\" \/>\n<meta property=\"og:title\" content=\"Portafolio de productos de u\u00f1as de marca privada - CNC International\" \/>\n<meta property=\"og:description\" content=\"Explora el portafolio private label de CNC International: geles UV, esmaltes semipermanentes y m\u00e1s. Geles UV sin HEMA ni TPO.\" \/>\n<meta property=\"og:url\" content=\"https:\/\/www.cncinternational.eu\/es\/producto\/\" \/>\n<meta property=\"og:site_name\" content=\"CNC International\" \/>\n<meta property=\"article:modified_time\" content=\"2025-12-23T10:50:52+00:00\" \/>\n<meta name=\"twitter:card\" content=\"summary_large_image\" \/>\n<script type=\"application\/ld+json\" class=\"yoast-schema-graph\">{\"@context\":\"https:\\\/\\\/schema.org\",\"@graph\":[{\"@type\":\"WebPage\",\"@id\":\"https:\\\/\\\/www.cncinternational.eu\\\/es\\\/producto\\\/\",\"url\":\"https:\\\/\\\/www.cncinternational.eu\\\/es\\\/producto\\\/\",\"name\":\"Portafolio de productos de u\u00f1as de marca privada - CNC International\",\"isPartOf\":{\"@id\":\"https:\\\/\\\/www.cncinternational.eu\\\/es\\\/#website\"},\"datePublished\":\"2022-02-09T09:54:56+00:00\",\"dateModified\":\"2025-12-23T10:50:52+00:00\",\"description\":\"Explora el portafolio private label de CNC International: geles UV, esmaltes semipermanentes y m\u00e1s. Geles UV sin HEMA ni TPO.\",\"breadcrumb\":{\"@id\":\"https:\\\/\\\/www.cncinternational.eu\\\/es\\\/producto\\\/#breadcrumb\"},\"inLanguage\":\"es\",\"potentialAction\":[{\"@type\":\"ReadAction\",\"target\":[\"https:\\\/\\\/www.cncinternational.eu\\\/es\\\/producto\\\/\"]}]},{\"@type\":\"BreadcrumbList\",\"@id\":\"https:\\\/\\\/www.cncinternational.eu\\\/es\\\/producto\\\/#breadcrumb\",\"itemListElement\":[{\"@type\":\"ListItem\",\"position\":1,\"name\":\"Home\",\"item\":\"https:\\\/\\\/www.cncinternational.eu\\\/es\\\/\"},{\"@type\":\"ListItem\",\"position\":2,\"name\":\"Productos\"}]},{\"@type\":\"WebSite\",\"@id\":\"https:\\\/\\\/www.cncinternational.eu\\\/es\\\/#website\",\"url\":\"https:\\\/\\\/www.cncinternational.eu\\\/es\\\/\",\"name\":\"CNC International\",\"description\":\"Just another WordPress site\",\"potentialAction\":[{\"@type\":\"SearchAction\",\"target\":{\"@type\":\"EntryPoint\",\"urlTemplate\":\"https:\\\/\\\/www.cncinternational.eu\\\/es\\\/?s={search_term_string}\"},\"query-input\":{\"@type\":\"PropertyValueSpecification\",\"valueRequired\":true,\"valueName\":\"search_term_string\"}}],\"inLanguage\":\"es\"}]}<\/script>\n<!-- \/ Yoast SEO plugin. -->","yoast_head_json":{"title":"Portafolio de productos de u\u00f1as de marca privada - CNC International","description":"Explora el portafolio private label de CNC International: geles UV, esmaltes semipermanentes y m\u00e1s. Geles UV sin HEMA ni TPO.","robots":{"index":"index","follow":"follow","max-snippet":"max-snippet:-1","max-image-preview":"max-image-preview:large","max-video-preview":"max-video-preview:-1"},"canonical":"https:\/\/www.cncinternational.eu\/es\/producto\/","og_locale":"es_ES","og_type":"article","og_title":"Portafolio de productos de u\u00f1as de marca privada - CNC International","og_description":"Explora el portafolio private label de CNC International: geles UV, esmaltes semipermanentes y m\u00e1s. Geles UV sin HEMA ni TPO.","og_url":"https:\/\/www.cncinternational.eu\/es\/producto\/","og_site_name":"CNC International","article_modified_time":"2025-12-23T10:50:52+00:00","twitter_card":"summary_large_image","schema":{"@context":"https:\/\/schema.org","@graph":[{"@type":"WebPage","@id":"https:\/\/www.cncinternational.eu\/es\/producto\/","url":"https:\/\/www.cncinternational.eu\/es\/producto\/","name":"Portafolio de productos de u\u00f1as de marca privada - CNC International","isPartOf":{"@id":"https:\/\/www.cncinternational.eu\/es\/#website"},"datePublished":"2022-02-09T09:54:56+00:00","dateModified":"2025-12-23T10:50:52+00:00","description":"Explora el portafolio private label de CNC International: geles UV, esmaltes semipermanentes y m\u00e1s. Geles UV sin HEMA ni TPO.","breadcrumb":{"@id":"https:\/\/www.cncinternational.eu\/es\/producto\/#breadcrumb"},"inLanguage":"es","potentialAction":[{"@type":"ReadAction","target":["https:\/\/www.cncinternational.eu\/es\/producto\/"]}]},{"@type":"BreadcrumbList","@id":"https:\/\/www.cncinternational.eu\/es\/producto\/#breadcrumb","itemListElement":[{"@type":"ListItem","position":1,"name":"Home","item":"https:\/\/www.cncinternational.eu\/es\/"},{"@type":"ListItem","position":2,"name":"Productos"}]},{"@type":"WebSite","@id":"https:\/\/www.cncinternational.eu\/es\/#website","url":"https:\/\/www.cncinternational.eu\/es\/","name":"CNC International","description":"Just another WordPress site","potentialAction":[{"@type":"SearchAction","target":{"@type":"EntryPoint","urlTemplate":"https:\/\/www.cncinternational.eu\/es\/?s={search_term_string}"},"query-input":{"@type":"PropertyValueSpecification","valueRequired":true,"valueName":"search_term_string"}}],"inLanguage":"es"}]}},"_links":{"self":[{"href":"https:\/\/www.cncinternational.eu\/es\/wp-json\/wp\/v2\/pages\/1541","targetHints":{"allow":["GET"]}}],"collection":[{"href":"https:\/\/www.cncinternational.eu\/es\/wp-json\/wp\/v2\/pages"}],"about":[{"href":"https:\/\/www.cncinternational.eu\/es\/wp-json\/wp\/v2\/types\/page"}],"author":[{"embeddable":true,"href":"https:\/\/www.cncinternational.eu\/es\/wp-json\/wp\/v2\/users\/7"}],"replies":[{"embeddable":true,"href":"https:\/\/www.cncinternational.eu\/es\/wp-json\/wp\/v2\/comments?post=1541"}],"version-history":[{"count":26,"href":"https:\/\/www.cncinternational.eu\/es\/wp-json\/wp\/v2\/pages\/1541\/revisions"}],"predecessor-version":[{"id":13713,"href":"https:\/\/www.cncinternational.eu\/es\/wp-json\/wp\/v2\/pages\/1541\/revisions\/13713"}],"wp:attachment":[{"href":"https:\/\/www.cncinternational.eu\/es\/wp-json\/wp\/v2\/media?parent=1541"}],"curies":[{"name":"wp","href":"https:\/\/api.w.org\/{rel}","templated":true}]}}