{"id":10688,"date":"2025-01-23T14:39:56","date_gmt":"2025-01-23T14:39:56","guid":{"rendered":"https:\/\/www.cncinternational.eu\/?page_id=10688"},"modified":"2026-02-10T15:13:24","modified_gmt":"2026-02-10T15:13:24","slug":"cosmoprof-bologna","status":"publish","type":"page","link":"https:\/\/www.cncinternational.eu\/es\/cosmoprof-bologna\/","title":{"rendered":"Conoce a CNC en Cosmoprof Bolonia 2026"},"content":{"rendered":"  \t\n\t  <header class=\"main-header \">\n\t\t<!-- For mobile -->\n\t\t<div class=\"d-block d-sm-none\">\n\t\t  <div class=\"container-fluid px-0\">\n\t\t\t<div class=\"container g-0\">\n\t\t\t  <div class=\"row g-0 justify-content-start align-items-center\">\n\t\t\t\t<div class=\"col-12 d-sm-none\">\n\t\t\t\t  <div class=\"header-image\">\n\t\t\t\t\t\t\t\t\t\t\t\t<img fetchpriority=\"high\" decoding=\"async\" src=\"https:\/\/www.cncinternational.eu\/wp-content\/uploads\/2026\/01\/CNC-Your-logo-nails.jpg\" alt=\"Stand CNC @ Feria Bolonia Italia 2024\" width=\"1445\" height=\"813\" loading=\"eager\">\n\t\t\t\t\t\t\t\t\t\t  <\/div>\n\t\t\t\t<\/div>\n\t\t\t\t<div class=\"offset-md-6 col-md-6\">\n\t\t\t\t  <div class=\"header-text\">\n\t\t\t\t\t<p class=\"mobile-title\">Descubre los geles UV seguros de marca blanca en Cosmoprof Bolonia 2026<\/p>\n\t\t\t\t\t<p>Del 26 al 28 de marzo de 2026, CNC da la bienvenida a las ambiciosas empresas de u\u00f1as en Cosmoprof Bolonia. Visita nuestro stand en la zona Cosmopack y descubre c\u00f3mo <a href=\"https:\/\/www.cncinternational.eu\/es\/sobre-nosotas\/\">el fabricante europeo de marcas blancas CNC<\/a> apoya a las marcas de u\u00f1as de todo el mundo con f\u00f3rmulas seguras, producci\u00f3n escalable y calidad fiable. <\/p>\n<p><strong>Stand B48 | Pabell\u00f3n 18 | \u00c1rea Cosmopack<\/strong><\/p>\n\t\t\t\t\t\t\t\t\t\t\t\t\t\t\t\t\t\t<a class=\"btn mb-3\" href=\"#contact\">\n\t\t\t\t\t\t\t\tPrograma una reuni\u00f3n personal con CNC en Cosmoprof\t\t\t\t\t\t\t<\/a>\n\t\t\t\t\t\t\t\t\t\t\t\t\t\t\t\t\t\t\t\t  <\/div>\n\t\t\t\t<\/div>\n\t\t\t  <\/div>\n\t\t\t<\/div>\n\t\t  <\/div>\n\t\t<\/div>\n\t\t<!-- \/For mobile -->\n\t\t\n\t\t<!-- For desktop -->\n\t\t<div class=\"d-none d-sm-block\">\n\t\t  <div class=\"container-fluid px-0\" >\n\t\t\t<div class=\"header-bg\" style=\"background-image: url('https:\/\/www.cncinternational.eu\/wp-content\/uploads\/2026\/01\/CNC-Your-logo-nails.jpg');\">\n\t\t\t\t\n\t\t\t<\/div>\n\t\t\t<div class=\"container g-0\">\n\t\t\t  <div class=\"row g-0 justify-content-start align-items-center\">\n\t\t\t\t<div class=\"offset-md-6 col-md-6\">\n\t\t\t\t  <div class=\"header-text\">\n\t\t\t\t\t<h1>Descubre los geles UV seguros de marca blanca en Cosmoprof Bolonia 2026<\/h1>\n\t\t\t\t\t<p>Del 26 al 28 de marzo de 2026, CNC da la bienvenida a las ambiciosas empresas de u\u00f1as en Cosmoprof Bolonia. Visita nuestro stand en la zona Cosmopack y descubre c\u00f3mo <a href=\"https:\/\/www.cncinternational.eu\/es\/sobre-nosotas\/\">el fabricante europeo de marcas blancas CNC<\/a> apoya a las marcas de u\u00f1as de todo el mundo con f\u00f3rmulas seguras, producci\u00f3n escalable y calidad fiable. <\/p>\n<p><strong>Stand B48 | Pabell\u00f3n 18 | \u00c1rea Cosmopack<\/strong><\/p>\n\t\t\t\t\n\t\t\t\t\t\t\t\t\t\t\t\t\t\t\t\t\t\t<a class=\"btn mb-3\" href=\"#contact\">\n\t\t\t\t\t\tPrograma una reuni\u00f3n personal con CNC en Cosmoprof\t\t\t\t\t\t\t<\/a>\n\t\t\t\t\t\t\t\t\t\t\t\t\t\t\t\t\t\t\t\t  <\/div>\n\t\t\t\t<\/div>\n\t\t\t  <\/div>\n\t\t\t<\/div>\n\t\t  <\/div>\n\t\t<\/div>\n\t\t<!-- \/For desktop -->\n\t  <\/header>\n\t  \n\t  \t\n\n\t<section class=\"news\">\n\t\t<div class=\"container p-0 \">\n\t\t\t<div class=\"row g-0\">\n\t\t\t\t<div class=\"col-12 overlap bg-white\">\n\t\t\t\t\t\t\t\t\t\t\t\t\t\t\t\t\t\t\t\t\t\t<!-- Start row -->\n\t\t\t\t\t\t\t\t\t\t\t\t\t\t\t\t\t\t\t\t\t\t\t\t\t\t\t\t\t\t\t\t\t\t\t\t\n\t\t\t\t\t\t\t\t\t<div class=\"row g-0 align-items-center\">\n\t\t\t\t\t\t\t\t\t\t<div class=\"col-12 col-md col-img img-wrapper\">\n\t\t\t\t\t\t\t\t\t\t\t\t\t\t\t\t\t\t\t\t\t\t\t\t\t\t\t\t\t\t\t\t\t\t<img loading=\"lazy\" decoding=\"async\" src=\"https:\/\/www.cncinternational.eu\/wp-content\/uploads\/2025\/01\/CNC-Bologna-Image-1.jpg\"\n\t\t\t\t\t\t\t\t\t\t\t\t\talt=\"\u00bfPor qu\u00e9 visitar CNC International en Cosmoprof?\" width=\"1600\" height=\"1200\">\n\t\t\t\t\t\t\t\t\t\t\t\t\t\t\t\t\t\t\t\t\t<\/div>\n\t\t\t\t\t\t\t\t\t\t<div class=\"col-12 col-md col-excerpt\">\n\t\t\t\t\t\t\t\t\t\t\t<div class=\"excerpt-wrapper\">\n\t\t\t\t\t\t\t\t\t\t\t\t<h4>\u00bfPor qu\u00e9 visitar CNC International en Cosmoprof?<\/h4>\n\t\t\t\t\t\t\t\t\t\t\t\t<p>CNC apoya a las empresas de clavos con soluciones de marca blanca seguras, escalables y conformes con la UE, dise\u00f1adas para el crecimiento a largo plazo.\r\n<ul>\r\n<li>Formulaciones seguras y sin preocupaciones: Productos de gel UV sin HEMA, sin Di-HEMA, sin TPO y sin 15 desarrollados seg\u00fan las normas de seguridad m\u00e1s exigentes<\/li>\r\n<li>Amplia gama de productos de marca propia, incluidos geles base, geles constructores, geles de fibra, geles superiores, esmaltes en gel y m\u00e1s<\/li>\r\n<li>Producci\u00f3n flexible y escalable, con MOQs bajos a partir de 1 litro a granel<\/li>\r\n<li>Soporte completo: proporcionamos FDS, documentos INCI y orientaci\u00f3n para el <a href=\"https:\/\/www.cncinternational.eu\/news\/tips-for-selling-imported-nail-products-in-the-eu-in-2023\/\">registro en la CPNP<\/a><\/li>\r\n<li>Experiencia de confianza: Socio fabricante europeo con I+D y producci\u00f3n propias desde 1993<\/li><\/p>\n\t\t\t\t\t\t\t\t\t\t\t\t\t\t\t\t\t\t\t\t\t\t\t<\/div>\n\t\t\t\t\t\t\t\t\t\t<\/div>\n\t\t\t\t\t\t\t\t\t<\/div>\n\t\t\t\t\t\t\t\t\n\t\t\t\t\t\t\t\n\t\t\t\t\t\t\t\t\t\t\t\t\t\t\t\t\t\t\t\t\t\t\t\t\t\t\t\t\t\t\t\t\t\t\t\t\t\t\t\t\t\t\t\t\t\t\t\t\t\t\t\t<div class=\"row g-0 align-items-center\">\n\t\t\t\t\t\t\t\t\t\t<div class=\"col-12 col-md col-excerpt\">\n\t\t\t\t\t\t\t\t\t\t\t<div class=\"excerpt-wrapper\">\n\t\t\t\t\t\t\t\t\t\t\t\t<h4>Geles UV de marca blanca creados para el \u00e9xito<\/h4>\n\t\t\t\t\t\t\t\t\t\t\t\t<p>Explora nuestra colecci\u00f3n de geles UV sin HEMA ni TPO de alto rendimiento: geles constructores, geles base, geles de fibra, geles constructores con pincel, m\u00e1s de 200 colores de esmalte en gel, gel combinado y acr\u00edlicos.  <\/p>\n\t\t\t\t\t\t\t\t\t\t\t\t\t\t\t\t\t\t\t\t\t\t\t\t\t\t\t\t\t\t\t\t\t\t\t\t\t\t\t\t\t\t\t\t\t\t\t\t\t\t\t\t\t\t\t\t\t\t\t\t\t\t\t\t\t\t\t\t\t\t<a href=\"https:\/\/www.cncinternational.eu\/product\/\" class=\"btn\">Descubre toda nuestra gama de geles UV<\/a>\n\t\t\t\t\t\t\t\t\t\t\t\t\t\t\t\n\t\t\t\t\t\t\t\t\t\t\t\t\t\t\n\t\t\t\t\t\t\t\t\t\t\t\t\t\n\t\t\t\t\t\t\t\t\t\t\t\t\t<!-- Another button -->\n\t\t\t\t\t\t\t\t\t\t\t\t\t\t\t\t\t\t\t\t\t\t\t\t\t\t\t\t\t\t\t\t\t\t\t\t<\/div>\n\t\t\t\t\t\t\t\t\t\t<\/div>\n\t\t\t\t\t\t\t\t\t\t<div class=\"col-12 col-md col-img img-wrapper\">\n\t\t\t\t\t\t\t\t\t\t\t\t\t\t\t\t\t\t\t\t\t\t\t\t\t\t\t\t\t\t\t\t\t\t\t\t<img loading=\"lazy\" decoding=\"async\" src=\"https:\/\/www.cncinternational.eu\/wp-content\/uploads\/2026\/01\/CNC-Bologna-Image-2-1.jpg.webp\"\n\t\t\t\t\t\t\t\t\t\t\t\t\t\talt=\"Geles UV de marca blanca creados para el \u00e9xito\" width=\"1445\" height=\"813\">\n\t\t\t\t\t\t\t\t\t\t\t\t\t\t\t\t\t\t\t\t\t\t\t\t\t\t\t\t\t\t\t\t\t<\/div>\n\t\t\t\t\t\t\t\t\t<\/div>\n\t\t\t\t\t\t\t\t\n\t\t\t\t\t\t\t\n\t\t\t\t\t\t\t\t\t\t\t\t\t\t\t\t\t\t\t\t\t\t\t\t\t\t\t\t\t\t\t\t\t\t\t\t\t\t\t\t\t\t\t\n\t\t\t\t\t\t\t\t\t<div class=\"row g-0 align-items-center\">\n\t\t\t\t\t\t\t\t\t\t<div class=\"col-12 col-md col-img img-wrapper\">\n\t\t\t\t\t\t\t\t\t\t\t\t\t\t\t\t\t\t\t\t\t\t\t\t\t\t\t\t\t\t\t\t\t\t<img loading=\"lazy\" decoding=\"async\" src=\"https:\/\/www.cncinternational.eu\/wp-content\/uploads\/2026\/01\/Nails1.jpg\"\n\t\t\t\t\t\t\t\t\t\t\t\t\talt=\"Precios competitivos y pedidos flexibles\" width=\"1445\" height=\"813\">\n\t\t\t\t\t\t\t\t\t\t\t\t\t\t\t\t\t\t\t\t\t<\/div>\n\t\t\t\t\t\t\t\t\t\t<div class=\"col-12 col-md col-excerpt\">\n\t\t\t\t\t\t\t\t\t\t\t<div class=\"excerpt-wrapper\">\n\t\t\t\t\t\t\t\t\t\t\t\t<h4>Precios competitivos y pedidos flexibles<\/h4>\n\t\t\t\t\t\t\t\t\t\t\t\t<p>Fabricamos tus geles y esmaltes en gel UV de marca blanca. Cumplen la normativa de la UE y se suministran con MSDS, INCI y CPNP. \r\n<ul>\r\n<li>Cantidad m\u00ednima a partir de 1 litro, adaptada a las necesidades de tu negocio de marca blanca.<\/li>\r\n<li>Se suministra a granel o como producto acabado.<\/li>\r\n<li>Sin compra m\u00ednima anual.<\/li>\r\n<li>Env\u00edos r\u00e1pidos y fiables a todo el mundo<\/li>\r\n<\/ul>\r\nConecta con CNC en Cosmoprof para explorar tus oportunidades de marca blanca y probar muestras.<\/p>\n\t\t\t\t\t\t\t\t\t\t\t\t\t\t\t\t\t\t\t\t\t\t\t\t\t\t\t\t\t\t\t\t\t\t\t\t\t\t\t\t\t\t\t\t\t\t\t\t\t\t\t\t\t\t\t\t\t\t\t\t\t\t\t\t\t\t\t\t\t\t<a href=\"#contact\" class=\"btn\">Con\u00f3cenos<\/a>\n\t\t\t\t\t\t\t\t\t\t\t\t\t\t\t\n\t\t\t\t\t\t\t\t\t\t\t\t\t\t\n\t\t\t\t\t\t\t\t\t\t\t\t\t\n\t\t\t\t\t\t\t\t\t\t\t\t\t<!-- Another button -->\n\t\t\t\t\t\t\t\t\t\t\t\t\t\t\t\t\t\t\t\t\t\t\t\t\t\t\t\t\t\t\t\t\t\t\t\t<\/div>\n\t\t\t\t\t\t\t\t\t\t<\/div>\n\t\t\t\t\t\t\t\t\t<\/div>\n\t\t\t\t\t\t\t\t\n\t\t\t\t\t\t\t\n\t\t\t\t\t\t\t\t\t\t\t\t\t\t\t\t\t\t\t\t\t\t\t\t\t\t\t\t\t\t\t\t\t\t\t\t\t\t\t\t\t\t\t\t\t\t\t\t\t\t\t\t<div class=\"row g-0 align-items-center\">\n\t\t\t\t\t\t\t\t\t\t<div class=\"col-12 col-md col-excerpt\">\n\t\t\t\t\t\t\t\t\t\t\t<div class=\"excerpt-wrapper\">\n\t\t\t\t\t\t\t\t\t\t\t\t<h4>Descubre nuevos productos para las u\u00f1as antes de lanzarlos al mercado<\/h4>\n\t\t\t\t\t\t\t\t\t\t\t\t<p>Cosmoprof Bolonia es donde CNC revela lo que viene. Visita nuestro stand para echar un primer vistazo exclusivo a las innovaciones en u\u00f1as de marca blanca. Estos pr\u00f3ximos productos est\u00e1n dise\u00f1ados para reforzar el rendimiento del sal\u00f3n, la demanda del mercado y la diferenciaci\u00f3n de la marca.  \r\n<br><br>Ven a visitarnos al <strong>stand B48, en el pabell\u00f3n 18<\/strong>, para hablar de c\u00f3mo estos nuevos productos pueden apoyar tu estrategia de marca de distribuidor.\r\n\r\n<\/p>\n\t\t\t\t\t\t\t\t\t\t\t\t\t\t\t\t\t\t\t\t\t\t\t<\/div>\n\t\t\t\t\t\t\t\t\t\t<\/div>\n\t\t\t\t\t\t\t\t\t\t<div class=\"col-12 col-md col-img img-wrapper\">\n\t\t\t\t\t\t\t\t\t\t\t\t\t\t\t\t\t\t\t\t\t\t\t\t\t\t\t\t\t\t\t\t\t\t\t\t<img loading=\"lazy\" decoding=\"async\" src=\"https:\/\/www.cncinternational.eu\/wp-content\/uploads\/2026\/01\/New-innovations.jpg\"\n\t\t\t\t\t\t\t\t\t\t\t\t\t\talt=\"Descubre nuevos productos para las u\u00f1as antes de lanzarlos al mercado\" width=\"1445\" height=\"813\">\n\t\t\t\t\t\t\t\t\t\t\t\t\t\t\t\t\t\t\t\t\t\t\t\t\t\t\t\t\t\t\t\t\t<\/div>\n\t\t\t\t\t\t\t\t\t<\/div>\n\t\t\t\t\t\t\t\t\n\t\t\t\t\t\t\t\n\t\t\t\t\t\t\t\t\t\t\t\t\t\t\t\t\t\t\t\t\t\t\t\t\t\t\t\t\t\t\t\t\t\t\t\t\t\t\t\t\t\t\t\n\t\t\t\t\t\t\t\t\t<div class=\"row g-0 align-items-center\">\n\t\t\t\t\t\t\t\t\t\t<div class=\"col-12 col-md col-img img-wrapper\">\n\t\t\t\t\t\t\t\t\t\t\t\t\t\t\t\t\t\t\t\t\t\t\t\t\t\t\t\t\t\t\t\t\t\t<img loading=\"lazy\" decoding=\"async\" src=\"https:\/\/www.cncinternational.eu\/wp-content\/uploads\/2024\/01\/2024_01_04_15_50_00_Window.png\"\n\t\t\t\t\t\t\t\t\t\t\t\t\talt=\"Fabricante de gel UV de confianza y socio de marca blanca de los Pa\u00edses Bajos\" width=\"1378\" height=\"917\">\n\t\t\t\t\t\t\t\t\t\t\t\t\t\t\t\t\t\t\t\t\t<\/div>\n\t\t\t\t\t\t\t\t\t\t<div class=\"col-12 col-md col-excerpt\">\n\t\t\t\t\t\t\t\t\t\t\t<div class=\"excerpt-wrapper\">\n\t\t\t\t\t\t\t\t\t\t\t\t<h4>Fabricante de gel UV de confianza y socio de marca blanca de los Pa\u00edses Bajos<\/h4>\n\t\t\t\t\t\t\t\t\t\t\t\t<p>Desde 1993, CNC International desarrolla y fabrica productos de u\u00f1as de gel UV para marcas privadas de todo el mundo, suministrando a socios de m\u00e1s de 45 pa\u00edses de los 5 continentes. Nuestros clientes conf\u00edan en nosotros por nuestras soluciones seguras e innovadoras, precios competitivos y experiencia fiable. <br><br>Encontrar\u00e1s a CNC International en la zona Cosmopack, junto a otros fabricantes de marcas blancas como Keystone, Polystone, Internail y Silcare.\r\n<\/p>\n\t\t\t\t\t\t\t\t\t\t\t\t\t\t\t\t\t\t\t\t\t\t\t<\/div>\n\t\t\t\t\t\t\t\t\t\t<\/div>\n\t\t\t\t\t\t\t\t\t<\/div>\n\t\t\t\t\t\t\t\t\n\t\t\t\t\t\t\t\n\t\t\t\t\t\t\t\t\t\t\t\t\t\t\t\t\t\t\t\t\t\t\t\t\t\t\t\t\t\t\t\t\t\t\t\t\t\t\t\t\t\t\t\t\t\t\t\t\t\t\t\t<div class=\"row g-0 align-items-center\">\n\t\t\t\t\t\t\t\t\t\t<div class=\"col-12 col-md col-excerpt\">\n\t\t\t\t\t\t\t\t\t\t\t<div class=\"excerpt-wrapper\">\n\t\t\t\t\t\t\t\t\t\t\t\t<h4>Muestras gratuitas<\/h4>\n\t\t\t\t\t\t\t\t\t\t\t\t<p>\u00a1No te lo pierdas! Visita el stand B48, pabell\u00f3n 18, para recoger tu paquete gratuito de muestras de la mejor selecci\u00f3n y descubre por qu\u00e9 las principales marcas conf\u00edan en CNC International para sus soluciones de marca blanca. <br><br>Programa una reuni\u00f3n personal con CNC en Cosmoprof y prueba nuestros productos\r\n\r\n<\/p>\n\t\t\t\t\t\t\t\t\t\t\t\t\t\t\t\t\t\t\t\t\t\t\t\t\t\t\t\t\t\t\t\t\t\t\t\t\t\t\t\t\t\t\t\t\t\t\t\t\t\t\t\t\t\t\t\t\t\t\t\t\t\t\t\t\t\t\t\t\t\t<a href=\"#contact\" class=\"btn\">Solicita una reuni\u00f3n<\/a>\n\t\t\t\t\t\t\t\t\t\t\t\t\t\t\t\n\t\t\t\t\t\t\t\t\t\t\t\t\t\t\n\t\t\t\t\t\t\t\t\t\t\t\t\t\n\t\t\t\t\t\t\t\t\t\t\t\t\t<!-- Another button -->\n\t\t\t\t\t\t\t\t\t\t\t\t\t\t\t\t\t\t\t\t\t\t\t\t\t\t\t\t\t\t\t\t\t\t\t\t<\/div>\n\t\t\t\t\t\t\t\t\t\t<\/div>\n\t\t\t\t\t\t\t\t\t\t<div class=\"col-12 col-md col-img img-wrapper\">\n\t\t\t\t\t\t\t\t\t\t\t\t\t\t\t\t\t\t\t\t\t\t\t\t\t\t\t\t\t\t\t\t\t\t\t\t<img loading=\"lazy\" decoding=\"async\" src=\"https:\/\/www.cncinternational.eu\/wp-content\/uploads\/2026\/01\/Sample-Pack.jpg\"\n\t\t\t\t\t\t\t\t\t\t\t\t\t\talt=\"Muestras gratuitas\" width=\"1445\" height=\"813\">\n\t\t\t\t\t\t\t\t\t\t\t\t\t\t\t\t\t\t\t\t\t\t\t\t\t\t\t\t\t\t\t\t\t<\/div>\n\t\t\t\t\t\t\t\t\t<\/div>\n\t\t\t\t\t\t\t\t\n\t\t\t\t\t\t\t\n\t\t\t\t\t\t\t\t\t\t\t\t\t\t\t\t\t\t\t\t\t\t\t\t\t\t\t\t\t\t\t\t\t\t\t\t\t\t\t\t\t\t\t\n\t\t\t\t\t\t\t\t\t<div class=\"row g-0 align-items-center\">\n\t\t\t\t\t\t\t\t\t\t<div class=\"col-12 col-md col-img img-wrapper\">\n\t\t\t\t\t\t\t\t\t\t\t\t\t\t\t\t\t\t\t\t\t\t\t\t\t\t\t\t\t\t\t\t\t\t<img loading=\"lazy\" decoding=\"async\" src=\"https:\/\/www.cncinternational.eu\/wp-content\/uploads\/2026\/01\/Cosmopack-with-logo.jpg\"\n\t\t\t\t\t\t\t\t\t\t\t\t\talt=\"Cosmoprof Bolonia detalles\" width=\"1445\" height=\"813\">\n\t\t\t\t\t\t\t\t\t\t\t\t\t\t\t\t\t\t\t\t\t<\/div>\n\t\t\t\t\t\t\t\t\t\t<div class=\"col-12 col-md col-excerpt\">\n\t\t\t\t\t\t\t\t\t\t\t<div class=\"excerpt-wrapper\">\n\t\t\t\t\t\t\t\t\t\t\t\t<h4>Cosmoprof Bolonia detalles<\/h4>\n\t\t\t\t\t\t\t\t\t\t\t\t<p>La 57\u00aa edici\u00f3n de Cosmoprof Bolonia tendr\u00e1 lugar del 26 al 29 de marzo de 2026 en la Piazza della Costituzione, 5, 40128 Bolonia, Italia.<br><br>Encontrar\u00e1s el stand de CNC International en el Pabell\u00f3n 18, Stand B48, en la zona Cosmopack, del 26 al 28 de marzo de 2026.<br><br>Entradas recomendadas: Costituzione, Calzoni, Nord.\r\n<\/p>\n\t\t\t\t\t\t\t\t\t\t\t\t\t\t\t\t\t\t\t\t\t\t\t<\/div>\n\t\t\t\t\t\t\t\t\t\t<\/div>\n\t\t\t\t\t\t\t\t\t<\/div>\n\t\t\t\t\t\t\t\t\n\t\t\t\t\t\t\t\n\t\t\t\t\t\t\t\t\t\t\t\t\t\t\t\t\t\t\t<!-- End row -->\n\t\t\t\t\t\t\t\t\t<\/div>\n\t\t\t<\/div>\n\t\t<\/div>\n\t<\/section>\n\n\t\n\n  \t<section class=\"contact-block gradient-bg \" id=\"contact\">\n\t\t<div class=\"container\">\n\t\t\n\t\t\t<div class=\"row justify-content-center\">\n\t\t\t\t<div class=\"col-12 col-sm-10 col-md-8 col-lg-6\">\n\t\t\t\t\t<div class=\"form-wrapper\">\n\t\t\t\t\t\t\n\t\t\t\t\t\t\t\t\t\t\t\t\t\t\t\t\t\t\t\t\t\t\t\t<div class=\"form\">\n\t\t\t\t\t\t\t\n\t\t\t\t\t\t\t<script src='https:\/\/online4.superoffice.com\/Cust21613\/CS\/scripts\/customer.fcgi?action=form&#038;id=F-Pw7zDDNF' defer><\/script>\t\t\t\t\t\t<\/div>\n\t\t\t\t\t\t\t\t\t\t\t\t\t\t\t\t\t\t\t\t\t\t\t\t\t\t\t\t\t\t<\/div>\n\t\t\t\t<\/div>\n\t\t\t<\/div>\n\t\t<\/div>\n\t<\/section>\n      \t\n  \t\n\t","protected":false},"excerpt":{"rendered":"","protected":false},"author":13,"featured_media":14511,"parent":0,"menu_order":0,"comment_status":"closed","ping_status":"closed","template":"","meta":{"_acf_changed":false,"inline_featured_image":false,"footnotes":""},"class_list":["post-10688","page","type-page","status-publish","has-post-thumbnail","hentry"],"acf":[],"yoast_head":"<!-- This site is optimized with the Yoast SEO plugin v27.4 - https:\/\/yoast.com\/product\/yoast-seo-wordpress\/ -->\n<title>Geles UV de marca blanca CNC \u2013 Stand B48, Pab. 18, Cosmoprof<\/title>\n<meta name=\"description\" content=\"Conoce a CNC en Cosmoprof Bologna 2026 y descubre geles UV de marca blanca sin HEMA ni TPO. Vis\u00edtanos en el stand B48, pab. 18, Cosmopack.\" \/>\n<meta name=\"robots\" content=\"index, follow, max-snippet:-1, max-image-preview:large, max-video-preview:-1\" \/>\n<link rel=\"canonical\" href=\"https:\/\/www.cncinternational.eu\/es\/cosmoprof-bologna\/\" \/>\n<meta property=\"og:locale\" content=\"es_ES\" \/>\n<meta property=\"og:type\" content=\"article\" \/>\n<meta property=\"og:title\" content=\"Geles UV de marca blanca CNC \u2013 Stand B48, Pab. 18, Cosmoprof\" \/>\n<meta property=\"og:description\" content=\"Conoce a CNC en Cosmoprof Bologna 2026 y descubre geles UV de marca blanca sin HEMA ni TPO. Vis\u00edtanos en el stand B48, pab. 18, Cosmopack.\" \/>\n<meta property=\"og:url\" content=\"https:\/\/www.cncinternational.eu\/es\/cosmoprof-bologna\/\" \/>\n<meta property=\"og:site_name\" content=\"CNC International\" \/>\n<meta property=\"article:modified_time\" content=\"2026-02-10T15:13:24+00:00\" \/>\n<meta property=\"og:image\" content=\"https:\/\/www.cncinternational.eu\/wp-content\/uploads\/2026\/01\/Cosmopack-with-logo.jpg\" \/>\n\t<meta property=\"og:image:width\" content=\"1445\" \/>\n\t<meta property=\"og:image:height\" content=\"813\" \/>\n\t<meta property=\"og:image:type\" content=\"image\/jpeg\" \/>\n<meta name=\"twitter:card\" content=\"summary_large_image\" \/>\n<meta name=\"twitter:label1\" content=\"Tiempo de lectura\" \/>\n\t<meta name=\"twitter:data1\" content=\"1 minuto\" \/>\n<script type=\"application\/ld+json\" class=\"yoast-schema-graph\">{\"@context\":\"https:\\\/\\\/schema.org\",\"@graph\":[{\"@type\":\"WebPage\",\"@id\":\"https:\\\/\\\/www.cncinternational.eu\\\/es\\\/cosmoprof-bologna\\\/\",\"url\":\"https:\\\/\\\/www.cncinternational.eu\\\/es\\\/cosmoprof-bologna\\\/\",\"name\":\"Geles UV de marca blanca CNC \u2013 Stand B48, Pab. 18, Cosmoprof\",\"isPartOf\":{\"@id\":\"https:\\\/\\\/www.cncinternational.eu\\\/es\\\/#website\"},\"primaryImageOfPage\":{\"@id\":\"https:\\\/\\\/www.cncinternational.eu\\\/es\\\/cosmoprof-bologna\\\/#primaryimage\"},\"image\":{\"@id\":\"https:\\\/\\\/www.cncinternational.eu\\\/es\\\/cosmoprof-bologna\\\/#primaryimage\"},\"thumbnailUrl\":\"https:\\\/\\\/www.cncinternational.eu\\\/wp-content\\\/uploads\\\/2026\\\/03\\\/CNC-Banner-Cosmoprof-20261.jpg\",\"datePublished\":\"2025-01-23T14:39:56+00:00\",\"dateModified\":\"2026-02-10T15:13:24+00:00\",\"description\":\"Conoce a CNC en Cosmoprof Bologna 2026 y descubre geles UV de marca blanca sin HEMA ni TPO. Vis\u00edtanos en el stand B48, pab. 18, Cosmopack.\",\"breadcrumb\":{\"@id\":\"https:\\\/\\\/www.cncinternational.eu\\\/es\\\/cosmoprof-bologna\\\/#breadcrumb\"},\"inLanguage\":\"es\",\"potentialAction\":[{\"@type\":\"ReadAction\",\"target\":[\"https:\\\/\\\/www.cncinternational.eu\\\/es\\\/cosmoprof-bologna\\\/\"]}]},{\"@type\":\"ImageObject\",\"inLanguage\":\"es\",\"@id\":\"https:\\\/\\\/www.cncinternational.eu\\\/es\\\/cosmoprof-bologna\\\/#primaryimage\",\"url\":\"https:\\\/\\\/www.cncinternational.eu\\\/wp-content\\\/uploads\\\/2026\\\/03\\\/CNC-Banner-Cosmoprof-20261.jpg\",\"contentUrl\":\"https:\\\/\\\/www.cncinternational.eu\\\/wp-content\\\/uploads\\\/2026\\\/03\\\/CNC-Banner-Cosmoprof-20261.jpg\",\"width\":1445,\"height\":813},{\"@type\":\"BreadcrumbList\",\"@id\":\"https:\\\/\\\/www.cncinternational.eu\\\/es\\\/cosmoprof-bologna\\\/#breadcrumb\",\"itemListElement\":[{\"@type\":\"ListItem\",\"position\":1,\"name\":\"Home\",\"item\":\"https:\\\/\\\/www.cncinternational.eu\\\/es\\\/\"},{\"@type\":\"ListItem\",\"position\":2,\"name\":\"Conoce a CNC en Cosmoprof Bolonia 2026\"}]},{\"@type\":\"WebSite\",\"@id\":\"https:\\\/\\\/www.cncinternational.eu\\\/es\\\/#website\",\"url\":\"https:\\\/\\\/www.cncinternational.eu\\\/es\\\/\",\"name\":\"CNC International\",\"description\":\"Just another WordPress site\",\"potentialAction\":[{\"@type\":\"SearchAction\",\"target\":{\"@type\":\"EntryPoint\",\"urlTemplate\":\"https:\\\/\\\/www.cncinternational.eu\\\/es\\\/?s={search_term_string}\"},\"query-input\":{\"@type\":\"PropertyValueSpecification\",\"valueRequired\":true,\"valueName\":\"search_term_string\"}}],\"inLanguage\":\"es\"}]}<\/script>\n<!-- \/ Yoast SEO plugin. -->","yoast_head_json":{"title":"Geles UV de marca blanca CNC \u2013 Stand B48, Pab. 18, Cosmoprof","description":"Conoce a CNC en Cosmoprof Bologna 2026 y descubre geles UV de marca blanca sin HEMA ni TPO. Vis\u00edtanos en el stand B48, pab. 18, Cosmopack.","robots":{"index":"index","follow":"follow","max-snippet":"max-snippet:-1","max-image-preview":"max-image-preview:large","max-video-preview":"max-video-preview:-1"},"canonical":"https:\/\/www.cncinternational.eu\/es\/cosmoprof-bologna\/","og_locale":"es_ES","og_type":"article","og_title":"Geles UV de marca blanca CNC \u2013 Stand B48, Pab. 18, Cosmoprof","og_description":"Conoce a CNC en Cosmoprof Bologna 2026 y descubre geles UV de marca blanca sin HEMA ni TPO. Vis\u00edtanos en el stand B48, pab. 18, Cosmopack.","og_url":"https:\/\/www.cncinternational.eu\/es\/cosmoprof-bologna\/","og_site_name":"CNC International","article_modified_time":"2026-02-10T15:13:24+00:00","og_image":[{"width":1445,"height":813,"url":"https:\/\/www.cncinternational.eu\/wp-content\/uploads\/2026\/01\/Cosmopack-with-logo.jpg","type":"image\/jpeg"}],"twitter_card":"summary_large_image","twitter_misc":{"Tiempo de lectura":"1 minuto"},"schema":{"@context":"https:\/\/schema.org","@graph":[{"@type":"WebPage","@id":"https:\/\/www.cncinternational.eu\/es\/cosmoprof-bologna\/","url":"https:\/\/www.cncinternational.eu\/es\/cosmoprof-bologna\/","name":"Geles UV de marca blanca CNC \u2013 Stand B48, Pab. 18, Cosmoprof","isPartOf":{"@id":"https:\/\/www.cncinternational.eu\/es\/#website"},"primaryImageOfPage":{"@id":"https:\/\/www.cncinternational.eu\/es\/cosmoprof-bologna\/#primaryimage"},"image":{"@id":"https:\/\/www.cncinternational.eu\/es\/cosmoprof-bologna\/#primaryimage"},"thumbnailUrl":"https:\/\/www.cncinternational.eu\/wp-content\/uploads\/2026\/03\/CNC-Banner-Cosmoprof-20261.jpg","datePublished":"2025-01-23T14:39:56+00:00","dateModified":"2026-02-10T15:13:24+00:00","description":"Conoce a CNC en Cosmoprof Bologna 2026 y descubre geles UV de marca blanca sin HEMA ni TPO. Vis\u00edtanos en el stand B48, pab. 18, Cosmopack.","breadcrumb":{"@id":"https:\/\/www.cncinternational.eu\/es\/cosmoprof-bologna\/#breadcrumb"},"inLanguage":"es","potentialAction":[{"@type":"ReadAction","target":["https:\/\/www.cncinternational.eu\/es\/cosmoprof-bologna\/"]}]},{"@type":"ImageObject","inLanguage":"es","@id":"https:\/\/www.cncinternational.eu\/es\/cosmoprof-bologna\/#primaryimage","url":"https:\/\/www.cncinternational.eu\/wp-content\/uploads\/2026\/03\/CNC-Banner-Cosmoprof-20261.jpg","contentUrl":"https:\/\/www.cncinternational.eu\/wp-content\/uploads\/2026\/03\/CNC-Banner-Cosmoprof-20261.jpg","width":1445,"height":813},{"@type":"BreadcrumbList","@id":"https:\/\/www.cncinternational.eu\/es\/cosmoprof-bologna\/#breadcrumb","itemListElement":[{"@type":"ListItem","position":1,"name":"Home","item":"https:\/\/www.cncinternational.eu\/es\/"},{"@type":"ListItem","position":2,"name":"Conoce a CNC en Cosmoprof Bolonia 2026"}]},{"@type":"WebSite","@id":"https:\/\/www.cncinternational.eu\/es\/#website","url":"https:\/\/www.cncinternational.eu\/es\/","name":"CNC International","description":"Just another WordPress site","potentialAction":[{"@type":"SearchAction","target":{"@type":"EntryPoint","urlTemplate":"https:\/\/www.cncinternational.eu\/es\/?s={search_term_string}"},"query-input":{"@type":"PropertyValueSpecification","valueRequired":true,"valueName":"search_term_string"}}],"inLanguage":"es"}]}},"_links":{"self":[{"href":"https:\/\/www.cncinternational.eu\/es\/wp-json\/wp\/v2\/pages\/10688","targetHints":{"allow":["GET"]}}],"collection":[{"href":"https:\/\/www.cncinternational.eu\/es\/wp-json\/wp\/v2\/pages"}],"about":[{"href":"https:\/\/www.cncinternational.eu\/es\/wp-json\/wp\/v2\/types\/page"}],"author":[{"embeddable":true,"href":"https:\/\/www.cncinternational.eu\/es\/wp-json\/wp\/v2\/users\/13"}],"replies":[{"embeddable":true,"href":"https:\/\/www.cncinternational.eu\/es\/wp-json\/wp\/v2\/comments?post=10688"}],"version-history":[{"count":9,"href":"https:\/\/www.cncinternational.eu\/es\/wp-json\/wp\/v2\/pages\/10688\/revisions"}],"predecessor-version":[{"id":14197,"href":"https:\/\/www.cncinternational.eu\/es\/wp-json\/wp\/v2\/pages\/10688\/revisions\/14197"}],"wp:featuredmedia":[{"embeddable":true,"href":"https:\/\/www.cncinternational.eu\/es\/wp-json\/wp\/v2\/media\/14511"}],"wp:attachment":[{"href":"https:\/\/www.cncinternational.eu\/es\/wp-json\/wp\/v2\/media?parent=10688"}],"curies":[{"name":"wp","href":"https:\/\/api.w.org\/{rel}","templated":true}]}}