{"id":3648,"date":"2022-07-18T10:40:55","date_gmt":"2022-07-18T10:40:55","guid":{"rendered":"https:\/\/www.cncinternational.eu\/catalogue\/"},"modified":"2026-02-02T13:30:18","modified_gmt":"2026-02-02T13:30:18","slug":"katalog","status":"publish","type":"page","link":"https:\/\/www.cncinternational.eu\/de\/katalog\/","title":{"rendered":"Katalog"},"content":{"rendered":"    \t<section class=\"contact-block form-with-image gradient-bg \" id=\"\">\n\t\t<div class=\"container\">\n\t\t\t<div class=\"row justify-content-center\">\n\t\t\t\t<div class=\"col-12 col-md-12 col-lg-10\">\n\t\t\t\t\t<div class=\"form-wrapper\">\n\t\t\t\t\t\t<div class=\"col-12 col-md-10 col-lg-9 mx-auto\">\n\t\t\t\t\t\t\t<h1 class=\"form-title\">Entdecken Sie unsere kompakte Online-Brosch\u00fcre mit den meistverkauften TPO- und HEMA-freien Nagelprodukten.<\/h1>\t\t\t\t\t\t<\/div>\n\t\t\t\t\t\t\t\t\t\t\t\t<div class=\"row\">\n\t\t\t\t\t\t\t<div class=\"col-12 col-md-7 col-lg-7\">\n\t\t\t\t\t\t\t\t\t\t\t\t\t\t\t\t\t<div class=\"form\">\n\t\t\t\t\t\t\t\t\t\t<script src='https:\/\/online4.superoffice.com\/Cust21613\/CS\/scripts\/customer.fcgi?action=form&#038;id=F-hOlEMjfz' defer><\/script>\t\t\t\t\t\t\t\t\t\t\t\t\t\t\t\t\t\t\t\t\t\t\t\t\t\t\t\t\t\t\t\t<\/div>\n\t\t\t\t\t\t\t\t\t\t\t\t\t\t\t<\/div>\n\t\t\t\t\t\t\t<div class=\"col-12 col-md-5 col-lg-5\">\n\t\t\t\t\t\t\t\t<div class=\"col-12 col-md col-excerpt\">\n\t\t\t\t\t\t\t\t\t<div class=\"excerpt-wrapper\">\n\t\t\t\t\t\t\t\t\t<p>Unsere vielseitigen Eigenmarken-Nagelprodukte haben die beste Qualit\u00e4t zu Konkurrenzf\u00e4higen Preisen. Wir sind stolzer Hersteller von UV-Nagelgelen f\u00fcr zahlreiche Nagelmarken weltweit. CNC International wurde 1993 mit einer Fabrik in den Niederlanden, Europa, gegr\u00fcndet. Unsere Gel- und Acrylnagelprodukte k\u00f6nnen in Einzel Abnahme oder gef\u00fcllt und komplett fertig geliefert werden: verkaufsfertig.<\/p>\t\t\t\t\t\t\n\t\t\t\t\t\t\t\t\t<\/div>\n\t\t\t\t\t\t\t\t<\/div>\n\t\t\t\t\t\t\t\t<div class=\"col-img img-wrapper\">\n\t\t\t\t\t\t\t\t\t<img decoding=\"async\" src=\"https:\/\/www.cncinternational.eu\/wp-content\/uploads\/2025\/08\/Telefoon-EP.png\" alt=\"\">\n\t\t\t\t\t\t\t\t<\/div>\n\t\t\t\t\t\t\t\t\t\t\t\t\t\t\t\t\t<div class=\"col-12 col-md col-excerpt\">\n\t\t\t\t\t\t\t\t\t\t<div class=\"excerpt-wrapper\">\n\t\t\t\t\t\t\t\t\t\t<p>In unserer E-Brosch\u00fcre 2026 finden Sie:\r\n<ul>\r\n \t<li>Unsere meistverkauften und neuen UV-Gel-Produkte 2026<\/li>\r\n \t<li>Startpreise pro Liter<\/li>\r\n        <li>Wichtigste Vorteile einer Zusammenarbeit mit CNC<\/li>\r\n<\/ul><\/p>\t\t\t\t\t\t\n\t\t\t\t\t\t\t\t\t\t<\/div>\n\t\t\t\t\t\t\t\t\t<\/div>\n\t\t\t\t\t\t\t\t\t\t\t\t\t\t\t<\/div>\n\t\t\t\t\t\t<\/div>\n\t\t\t\t\t\t\t\t\t\t\t\t\t\t\t\t\t\t\t\t\t\t\t\t<\/div>\n\t\t\t\t<\/div>\n\t\t\t\t\n\t\t\t<\/div>\n\t\t<\/div>\n\t<\/section>\n    \t\n  \t\n\t\n\n    <section class=\"contact-cards\">\n        <div class=\"container\">\n                            <h2 class=\"mb-4\">KONTAKTIEREN SIE UNS!<\/h2>\n                        <div class=\"grid-wrap\">\n                                                                                    <div class=\"card\">\n                            <div class=\"icon-wrap\">\n                                                                    <img loading=\"lazy\" decoding=\"async\" src=\"https:\/\/www.cncinternational.eu\/wp-content\/uploads\/2024\/08\/Icon-awesome-book-open.svg\" alt=\"Icon awesome-book-open\" width=\"40\" height=\"40\">\n                                                                <p class=\"icon-text\">Online-Brosch\u00fcre anfordern<\/p>\n                            <\/div>\n                            <p><strong>Kostenlos &amp; unverbindlich<\/strong><br> Starten Sie ihre nagelmarke mit CNC<\/p>\n                                                            <a class=\"icon-link\" href=\"#contact\" target=\"_self\">Jetzt anfordern &gt;<\/a>\n                                                                                <\/div>\n                                                                    <div class=\"card\">\n                            <div class=\"icon-wrap\">\n                                                                    <img loading=\"lazy\" decoding=\"async\" src=\"https:\/\/www.cncinternational.eu\/wp-content\/uploads\/2024\/08\/Image-13.png\" alt=\"Image 13\" width=\"40\" height=\"40\">\n                                                                <p class=\"icon-text\">Rufen Sie uns an<\/p>\n                            <\/div>\n                            <p><strong>Unverz\u00fcgliche Antwort<\/strong><br> Gesch\u00e4ftstage: 8:30 UHR &#8211; 17:00 UHR<\/p>\n                                                            <a class=\"icon-link\" href=\"tel:31885155850\" target=\"_blank\">31 88 5155850<\/a>\n                                                                                <\/div>\n                                                                    <div class=\"card\">\n                            <div class=\"icon-wrap\">\n                                                                    <img loading=\"lazy\" decoding=\"async\" src=\"https:\/\/www.cncinternational.eu\/wp-content\/uploads\/2024\/08\/Image-14.png\" alt=\"Image 14\" width=\"40\" height=\"40\">\n                                                                <p class=\"icon-text\">Chatten Sie mit uns<\/p>\n                            <\/div>\n                            <p><strong>Unverz\u00fcgliche Antwort<\/strong><br> Gesch\u00e4ftstage: 8:30 UHR &#8211; 17:00 UHR<\/p>\n                                                            <a class=\"icon-link\" href=\"https:\/\/online4.superoffice.com\/Cust21613\/CS\/javascript\/chatframe.html?topicId=3&#038;title=Click%20here%20to%20start%20a%20chat&#038;theme=modern&#038;color=%23422c86&#038;badgeColor=%23422c86&#038;badgeTextColor=%23ffffff&#038;custMsgColor=null&#038;custMsgTextColor=null&#038;agentMsgColor=null&#038;agentMsgTextColor=null&#038;buttonColor=%23422c86&#038;buttonTextColor=null&#038;font=verdana&#038;fontSize=null&#038;size=large&#038;delay=1&#038;mobile=false&#038;windowWidth=300&#038;windowHeight=600\" target=\"_blank\">Chatten Sie mit uns  &gt;<\/a>\n                                                                                <\/div>\n                                                                    <div class=\"card\">\n                            <div class=\"icon-wrap\">\n                                                                    <img loading=\"lazy\" decoding=\"async\" src=\"https:\/\/www.cncinternational.eu\/wp-content\/uploads\/2024\/08\/Image-15.png\" alt=\"Image 15\" width=\"40\" height=\"40\">\n                                                                <p class=\"icon-text\">Senden Sie eine E-Mail<\/p>\n                            <\/div>\n                            <p>Antwort innerhalb von 72 Stunden an Werktagen<\/p>\n                                                            <a class=\"icon-link\" href=\"mailto:sales@cncinternational.eu\" target=\"_blank\">sales@cncinternational.eu &gt;<\/a>\n                                                                                <\/div>\n                                                                    <div class=\"card\">\n                            <div class=\"icon-wrap\">\n                                                                    <img loading=\"lazy\" decoding=\"async\" src=\"https:\/\/www.cncinternational.eu\/wp-content\/uploads\/2024\/08\/Image-18.png\" alt=\"Image 18\" width=\"40\" height=\"40\">\n                                                                <p class=\"icon-text\">Kostenloses Videogespr\u00e4ch<\/p>\n                            <\/div>\n                            <p><strong>Wann es Ihnen passt<\/strong><br> Pers\u00f6nliche und interaktive Einf\u00fchrung<\/p>\n                                                            <a class=\"icon-link\" href=\"https:\/\/www.cncinternational.eu\/about-us\/#meet-team\" target=\"_self\">Registrieren Sie sich jetzt! &gt;<\/a>\n                                                                                <\/div>\n                                                <\/div>\n        <\/div>\n    <\/section>\n","protected":false},"excerpt":{"rendered":"","protected":false},"author":1,"featured_media":0,"parent":0,"menu_order":0,"comment_status":"closed","ping_status":"closed","template":"","meta":{"_acf_changed":false,"inline_featured_image":false,"footnotes":""},"class_list":["post-3648","page","type-page","status-publish","hentry"],"acf":[],"yoast_head":"<!-- This site is optimized with the Yoast SEO plugin v27.4 - https:\/\/yoast.com\/product\/yoast-seo-wordpress\/ -->\n<title>CNC Online-Brosch\u00fcre 2026: Private Label Nagelprodukte<\/title>\n<meta name=\"description\" content=\"Fordern Sie die kostenlose CNC Brosch\u00fcre 2026 an und entdecken Sie HEMA- &amp; TPO-freie Private Label Nagelprodukte \u2013 Made in Europe.\" \/>\n<meta name=\"robots\" content=\"index, follow, max-snippet:-1, max-image-preview:large, max-video-preview:-1\" \/>\n<link rel=\"canonical\" href=\"https:\/\/www.cncinternational.eu\/de\/katalog\/\" \/>\n<meta property=\"og:locale\" content=\"de_DE\" \/>\n<meta property=\"og:type\" content=\"article\" \/>\n<meta property=\"og:title\" content=\"CNC Online-Brosch\u00fcre 2026: Private Label Nagelprodukte\" \/>\n<meta property=\"og:description\" content=\"Fordern Sie die kostenlose CNC Brosch\u00fcre 2026 an und entdecken Sie HEMA- &amp; TPO-freie Private Label Nagelprodukte \u2013 Made in Europe.\" \/>\n<meta property=\"og:url\" content=\"https:\/\/www.cncinternational.eu\/de\/katalog\/\" \/>\n<meta property=\"og:site_name\" content=\"CNC International\" \/>\n<meta property=\"article:modified_time\" content=\"2026-02-02T13:30:18+00:00\" \/>\n<meta name=\"twitter:card\" content=\"summary_large_image\" \/>\n<script type=\"application\/ld+json\" class=\"yoast-schema-graph\">{\"@context\":\"https:\\\/\\\/schema.org\",\"@graph\":[{\"@type\":\"WebPage\",\"@id\":\"https:\\\/\\\/www.cncinternational.eu\\\/de\\\/katalog\\\/\",\"url\":\"https:\\\/\\\/www.cncinternational.eu\\\/de\\\/katalog\\\/\",\"name\":\"CNC Online-Brosch\u00fcre 2026: Private Label Nagelprodukte\",\"isPartOf\":{\"@id\":\"https:\\\/\\\/www.cncinternational.eu\\\/de\\\/#website\"},\"datePublished\":\"2022-07-18T10:40:55+00:00\",\"dateModified\":\"2026-02-02T13:30:18+00:00\",\"description\":\"Fordern Sie die kostenlose CNC Brosch\u00fcre 2026 an und entdecken Sie HEMA- & TPO-freie Private Label Nagelprodukte \u2013 Made in Europe.\",\"breadcrumb\":{\"@id\":\"https:\\\/\\\/www.cncinternational.eu\\\/de\\\/katalog\\\/#breadcrumb\"},\"inLanguage\":\"de\",\"potentialAction\":[{\"@type\":\"ReadAction\",\"target\":[\"https:\\\/\\\/www.cncinternational.eu\\\/de\\\/katalog\\\/\"]}]},{\"@type\":\"BreadcrumbList\",\"@id\":\"https:\\\/\\\/www.cncinternational.eu\\\/de\\\/katalog\\\/#breadcrumb\",\"itemListElement\":[{\"@type\":\"ListItem\",\"position\":1,\"name\":\"Home\",\"item\":\"https:\\\/\\\/www.cncinternational.eu\\\/de\\\/\"},{\"@type\":\"ListItem\",\"position\":2,\"name\":\"Katalog\"}]},{\"@type\":\"WebSite\",\"@id\":\"https:\\\/\\\/www.cncinternational.eu\\\/de\\\/#website\",\"url\":\"https:\\\/\\\/www.cncinternational.eu\\\/de\\\/\",\"name\":\"CNC International\",\"description\":\"Just another WordPress site\",\"potentialAction\":[{\"@type\":\"SearchAction\",\"target\":{\"@type\":\"EntryPoint\",\"urlTemplate\":\"https:\\\/\\\/www.cncinternational.eu\\\/de\\\/?s={search_term_string}\"},\"query-input\":{\"@type\":\"PropertyValueSpecification\",\"valueRequired\":true,\"valueName\":\"search_term_string\"}}],\"inLanguage\":\"de\"}]}<\/script>\n<!-- \/ Yoast SEO plugin. -->","yoast_head_json":{"title":"CNC Online-Brosch\u00fcre 2026: Private Label Nagelprodukte","description":"Fordern Sie die kostenlose CNC Brosch\u00fcre 2026 an und entdecken Sie HEMA- & TPO-freie Private Label Nagelprodukte \u2013 Made in Europe.","robots":{"index":"index","follow":"follow","max-snippet":"max-snippet:-1","max-image-preview":"max-image-preview:large","max-video-preview":"max-video-preview:-1"},"canonical":"https:\/\/www.cncinternational.eu\/de\/katalog\/","og_locale":"de_DE","og_type":"article","og_title":"CNC Online-Brosch\u00fcre 2026: Private Label Nagelprodukte","og_description":"Fordern Sie die kostenlose CNC Brosch\u00fcre 2026 an und entdecken Sie HEMA- & TPO-freie Private Label Nagelprodukte \u2013 Made in Europe.","og_url":"https:\/\/www.cncinternational.eu\/de\/katalog\/","og_site_name":"CNC International","article_modified_time":"2026-02-02T13:30:18+00:00","twitter_card":"summary_large_image","schema":{"@context":"https:\/\/schema.org","@graph":[{"@type":"WebPage","@id":"https:\/\/www.cncinternational.eu\/de\/katalog\/","url":"https:\/\/www.cncinternational.eu\/de\/katalog\/","name":"CNC Online-Brosch\u00fcre 2026: Private Label Nagelprodukte","isPartOf":{"@id":"https:\/\/www.cncinternational.eu\/de\/#website"},"datePublished":"2022-07-18T10:40:55+00:00","dateModified":"2026-02-02T13:30:18+00:00","description":"Fordern Sie die kostenlose CNC Brosch\u00fcre 2026 an und entdecken Sie HEMA- & TPO-freie Private Label Nagelprodukte \u2013 Made in Europe.","breadcrumb":{"@id":"https:\/\/www.cncinternational.eu\/de\/katalog\/#breadcrumb"},"inLanguage":"de","potentialAction":[{"@type":"ReadAction","target":["https:\/\/www.cncinternational.eu\/de\/katalog\/"]}]},{"@type":"BreadcrumbList","@id":"https:\/\/www.cncinternational.eu\/de\/katalog\/#breadcrumb","itemListElement":[{"@type":"ListItem","position":1,"name":"Home","item":"https:\/\/www.cncinternational.eu\/de\/"},{"@type":"ListItem","position":2,"name":"Katalog"}]},{"@type":"WebSite","@id":"https:\/\/www.cncinternational.eu\/de\/#website","url":"https:\/\/www.cncinternational.eu\/de\/","name":"CNC International","description":"Just another WordPress site","potentialAction":[{"@type":"SearchAction","target":{"@type":"EntryPoint","urlTemplate":"https:\/\/www.cncinternational.eu\/de\/?s={search_term_string}"},"query-input":{"@type":"PropertyValueSpecification","valueRequired":true,"valueName":"search_term_string"}}],"inLanguage":"de"}]}},"_links":{"self":[{"href":"https:\/\/www.cncinternational.eu\/de\/wp-json\/wp\/v2\/pages\/3648","targetHints":{"allow":["GET"]}}],"collection":[{"href":"https:\/\/www.cncinternational.eu\/de\/wp-json\/wp\/v2\/pages"}],"about":[{"href":"https:\/\/www.cncinternational.eu\/de\/wp-json\/wp\/v2\/types\/page"}],"author":[{"embeddable":true,"href":"https:\/\/www.cncinternational.eu\/de\/wp-json\/wp\/v2\/users\/1"}],"replies":[{"embeddable":true,"href":"https:\/\/www.cncinternational.eu\/de\/wp-json\/wp\/v2\/comments?post=3648"}],"version-history":[{"count":26,"href":"https:\/\/www.cncinternational.eu\/de\/wp-json\/wp\/v2\/pages\/3648\/revisions"}],"predecessor-version":[{"id":14007,"href":"https:\/\/www.cncinternational.eu\/de\/wp-json\/wp\/v2\/pages\/3648\/revisions\/14007"}],"wp:attachment":[{"href":"https:\/\/www.cncinternational.eu\/de\/wp-json\/wp\/v2\/media?parent=3648"}],"curies":[{"name":"wp","href":"https:\/\/api.w.org\/{rel}","templated":true}]}}