{"id":1414,"date":"2022-02-08T13:48:51","date_gmt":"2022-02-08T13:48:51","guid":{"rendered":"https:\/\/www.cncinternational.eu\/?page_id=1414"},"modified":"2025-12-23T11:21:15","modified_gmt":"2025-12-23T11:21:15","slug":"erganzungsprodukte","status":"publish","type":"page","link":"https:\/\/www.cncinternational.eu\/de\/nagelprodukte\/erganzungsprodukte\/","title":{"rendered":"Erg\u00e4nzungsprodukte"},"content":{"rendered":"  \t\n\t  <header class=\"main-header \">\n\t\t<!-- For mobile -->\n\t\t<div class=\"d-block d-sm-none\">\n\t\t  <div class=\"container-fluid px-0\">\n\t\t\t<div class=\"container g-0\">\n\t\t\t  <div class=\"row g-0 justify-content-start align-items-center\">\n\t\t\t\t<div class=\"col-12 d-sm-none\">\n\t\t\t\t  <div class=\"header-image\">\n\t\t\t\t\t\t\t\t\t\t\t\t<img fetchpriority=\"high\" decoding=\"async\" src=\"https:\/\/www.cncinternational.eu\/wp-content\/uploads\/2021\/12\/Private-label-supplementary-products--scaled.jpg\" alt=\"Eigenmarke Erg\u00e4nzungsprodukte\" width=\"2560\" height=\"1927\" loading=\"eager\">\n\t\t\t\t\t\t\t\t\t\t  <\/div>\n\t\t\t\t<\/div>\n\t\t\t\t<div class=\"offset-md-6 col-md-6\">\n\t\t\t\t  <div class=\"header-text\">\n\t\t\t\t\t<p class=\"mobile-title\">Erg\u00e4nzungsprodukte<\/p>\n\t\t\t\t\t<p data-pm-slice=\"1 1 [&quot;bulletList&quot;,null,&quot;listItem&quot;,null,&quot;bulletList&quot;,null,&quot;listItem&quot;,null]\">First step, nail prep!<\/p>\n\t\t\t\t\t\t\t\t\t\t\t\t\t\t  <\/div>\n\t\t\t\t<\/div>\n\t\t\t  <\/div>\n\t\t\t<\/div>\n\t\t  <\/div>\n\t\t<\/div>\n\t\t<!-- \/For mobile -->\n\t\t\n\t\t<!-- For desktop -->\n\t\t<div class=\"d-none d-sm-block\">\n\t\t  <div class=\"container-fluid px-0\" >\n\t\t\t<div class=\"header-bg\" style=\"background-image: url('https:\/\/www.cncinternational.eu\/wp-content\/uploads\/2021\/12\/Private-label-supplementary-products--scaled.jpg');\">\n\t\t\t\t\n\t\t\t<\/div>\n\t\t\t<div class=\"container g-0\">\n\t\t\t  <div class=\"row g-0 justify-content-start align-items-center\">\n\t\t\t\t<div class=\"offset-md-6 col-md-6\">\n\t\t\t\t  <div class=\"header-text\">\n\t\t\t\t\t<h1>Erg\u00e4nzungsprodukte<\/h1>\n\t\t\t\t\t<p data-pm-slice=\"1 1 [&quot;bulletList&quot;,null,&quot;listItem&quot;,null,&quot;bulletList&quot;,null,&quot;listItem&quot;,null]\">First step, nail prep!<\/p>\n\t\t\t\t\n\t\t\t\t\t\t\t\t\t\t\t\t\t\t  <\/div>\n\t\t\t\t<\/div>\n\t\t\t  <\/div>\n\t\t\t<\/div>\n\t\t  <\/div>\n\t\t<\/div>\n\t\t<!-- \/For desktop -->\n\t  <\/header>\n\t  \n\t  \t\n\n\t<section class=\"news\">\n\t\t<div class=\"container p-0 \">\n\t\t\t<div class=\"row g-0\">\n\t\t\t\t<div class=\"col-12 overlap bg-white\">\n\t\t\t\t\t\t\t\t\t\t\t\t\t\t\t\t\t\t\t\t\t\t<!-- Start row -->\n\t\t\t\t\t\t\t\t\t\t\t\t\t\t\t\t\t\t\t\t\t\t\t\t\t\t\t\t\t\t\t\t\t\t\t\t\n\t\t\t\t\t\t\t\t\t<div class=\"row g-0 align-items-center\">\n\t\t\t\t\t\t\t\t\t\t<div class=\"col-12 col-md col-img img-wrapper\">\n\t\t\t\t\t\t\t\t\t\t\t\t\t\t\t\t\t\t\t\t\t\t\t\t\t\t\t\t\t\t\t\t\t\t<img loading=\"lazy\" decoding=\"async\" src=\"https:\/\/www.cncinternational.eu\/wp-content\/uploads\/2021\/12\/MicrosoftTeams-image.jpg\"\n\t\t\t\t\t\t\t\t\t\t\t\t\talt=\"UV-Gel Manik\u00fcre Nagelvorbereitung\" width=\"1445\" height=\"813\">\n\t\t\t\t\t\t\t\t\t\t\t\t\t\t\t\t\t\t\t\t\t<\/div>\n\t\t\t\t\t\t\t\t\t\t<div class=\"col-12 col-md col-excerpt\">\n\t\t\t\t\t\t\t\t\t\t\t<div class=\"excerpt-wrapper\">\n\t\t\t\t\t\t\t\t\t\t\t\t<h4>Der erste Schritt f\u00fcr beste Resultate<\/h4>\n\t\t\t\t\t\t\t\t\t\t\t\t<p>Die Nagelvorbereitung ist ausschlaggebend f\u00fcr die Qualit\u00e4t einer jeden Nagelbehandlung. W\u00e4hlen Sie die besten Produkte f\u00fcr Ihre Eigenmarkenlinie. Unsere erg\u00e4nzenden Nagelprodukte sind eigens entwickelt worden, um unsere Hauptprodukte bestens zu unterst\u00fctzen. So erzielen Sie garantiert jedes Mal die besten Resultate!<\/p>\n\t\t\t\t\t\t\t\t\t\t\t\t\t\t\t\t\t\t\t\t\t\t\t<\/div>\n\t\t\t\t\t\t\t\t\t\t<\/div>\n\t\t\t\t\t\t\t\t\t<\/div>\n\t\t\t\t\t\t\t\t\n\t\t\t\t\t\t\t\n\t\t\t\t\t\t\t\t\t\t\t\t\t\t\t\t\t\t\t\t\t\t\t\t\t\t\t\t\t\t\t\t\t\t\t\t\t\t\t\t\t\t\t\t\t\t\t\t\t\t\t\t<div class=\"row g-0 align-items-center\">\n\t\t\t\t\t\t\t\t\t\t<div class=\"col-12 col-md col-excerpt\">\n\t\t\t\t\t\t\t\t\t\t\t<div class=\"excerpt-wrapper\">\n\t\t\t\t\t\t\t\t\t\t\t\t<h4>Erg\u00e4nzungsprodukte<\/h4>\n\t\t\t\t\t\t\t\t\t\t\t\t<p>Zur Vervollst\u00e4ndigung Ihres professionellen Nagelproduktsortiments finden Sie bei CNC International hochwertige Erg\u00e4nzungsprodukte wie Entferner und Fl\u00fcssigkeiten zur Nagelvorbereitung.\r\n<ul >\r\n<li>S\u00e4urefreier Bonder<\/li>\r\n<li>Nagel-Primer<\/li>\r\n<li>Nagelreiniger<\/li>\r\n<li>Nail Fresh<\/li>\r\n<li>Gelreiniger<\/li>\r\n<\/ul>\t<\/p>\n\t\t\t\t\t\t\t\t\t\t\t\t\t\t\t\t\t\t\t\t\t\t\t<\/div>\n\t\t\t\t\t\t\t\t\t\t<\/div>\n\t\t\t\t\t\t\t\t\t\t<div class=\"col-12 col-md col-img img-wrapper\">\n\t\t\t\t\t\t\t\t\t\t\t\t\t\t\t\t\t\t\t\t\t\t\t\t\t\t\t\t\t\t\t\t\t\t\t\t<img loading=\"lazy\" decoding=\"async\" src=\"https:\/\/www.cncinternational.eu\/wp-content\/uploads\/2021\/12\/Removers-nail-preparation-liquids-1.jpg\"\n\t\t\t\t\t\t\t\t\t\t\t\t\t\talt=\"Entferner f\u00fcr Fl\u00fcssigkeiten zur Nagelvorbereitung\" width=\"1445\" height=\"813\">\n\t\t\t\t\t\t\t\t\t\t\t\t\t\t\t\t\t\t\t\t\t\t\t\t\t\t\t\t\t\t\t\t\t<\/div>\n\t\t\t\t\t\t\t\t\t<\/div>\n\t\t\t\t\t\t\t\t\n\t\t\t\t\t\t\t\n\t\t\t\t\t\t\t\t\t\t\t\t\t\t\t\t\t\t\t<!-- End row -->\n\t\t\t\t\t\t\t\t\t<\/div>\n\t\t\t<\/div>\n\t\t<\/div>\n\t<\/section>\n\n\t\n\n      \t<section class=\"contact-block ud_catalogue image-and-description gradient-bg slipped-section\" id=\"\">\n\t\t<div class=\"container\">\n\t\t\t<div class=\"row justify-content-center\">\n\t\t\t\t<div class=\"col-12 col-md-12 col-lg-10\">\n\t\t\t\t\t<div class=\"form-wrapper\">\n\t\t\t\t\t\t<div class=\"col-12\">\n\t\t\t\t\t\t\t<div class=\"row flex-column-reverse flex-lg-row\">\n\t\t\t\t\t\t\t\t<div class=\"col-12 col-md col-excerpt\">\n\t\t\t\t\t\t\t\t\t<div class=\"excerpt-wrapper\">\n\t\t\t\t\t\t\t\t\t\t<h4 class=\"form-title text-center\">Sehen Sie sich unsere Online-Brosch\u00fcre mit Bestsellern und neuen TPO- &#038; HEMA-freien Produkten an<\/h4>\t\t\t\t\t\t\t\t\t\t\t\t\t\t\t\t\t\t\t\t\t<div class=\"form-description\">\n\t\t\t\t\t\t\t\t\t\t\t\t<p>In unserer E-Brosch\u00fcre 2026 finden Sie:<\/p>\n<ul>\n<li>Unsere meistverkauften und neuen UV-Gel-Produkte 2026<\/li>\n<li>Startpreise pro Liter<\/li>\n<li>Wichtigste Vorteile einer Zusammenarbeit mit CNC<\/li>\n<li style=\"list-style-type: none;\"><\/li>\n<\/ul>\n\t\t\t\t\t\t\t\t\t\t\t<\/div>\n\t\t\t\t\t\t\t\t\t\t\t\n\t\t\t\t\t\t\t\t\t\t\t\t\t\t\t\t\t\t\t\t\t\t\t\t\t\t\t\t\t\t\t\t\t<div class=\"form d-flex justify-content-md-center\">\n\t\t\t\t\t\t\t\t\t\t\t\t\t\t\t\t\t\t\t\t\t\t\t\t\t\t\t\t\t\t\t\t\t\t\t\t\t\t\t\t<a class=\"btn\" href=\"\/de\/kontakt#contact\" target=\"_self\">CNC brosch\u00fcre online erhalten<\/a>\n\t\t\t\t\t\t\t\t\t\t\t\t\t\t\t\t\t\t\t\t\t\t\t\t\t<\/div>\n\t\t\t\t\t\t\t\t\t\t\t\t\t\t\t\t\t\t\t\t\t\t\t\t\t\n\t\t\t\t\t\t\t\t\t<\/div>\n\t\t\t\t\t\t\t\t<\/div>\n\t\t\t\t\t\t\t\t<div class=\"col-6 col-md-4 mx-auto col-img img-wrapper\">\n\t\t\t\t\t\t\t\t\t<img decoding=\"async\" src=\"https:\/\/www.cncinternational.eu\/wp-content\/uploads\/2025\/08\/Telefoon-EP.png\" alt=\"\">\n\t\t\t\t\t\t\t\t<\/div>\n\t\t\t\t\t\t\t<\/div>\n\t\t\t\t\t\t<\/div>\n\t\t\t\t\t\t\n\t\t\t\t\t<\/div>\n\t\t\t\t<\/div>\n\t\t\t\t\n\t\t\t<\/div>\n\t\t<\/div>\n\t<\/section>\n  \t\n  \t\n\t","protected":false},"excerpt":{"rendered":"","protected":false},"author":7,"featured_media":0,"parent":1367,"menu_order":0,"comment_status":"closed","ping_status":"closed","template":"","meta":{"_acf_changed":false,"inline_featured_image":false,"footnotes":""},"class_list":["post-1414","page","type-page","status-publish","hentry"],"acf":[],"yoast_head":"<!-- This site is optimized with the Yoast SEO plugin v27.4 - https:\/\/yoast.com\/product\/yoast-seo-wordpress\/ -->\n<title>Entdecken Sie die besten zus\u00e4tzlichen produkten - CNC<\/title>\n<meta name=\"description\" content=\"CNC bietet hochwertige Zus\u00e4tzlichen produkte zur Fertigstellung Ihrer White-Label-Nagellinie. Wie s\u00e4urefreier Bonder, Nagelprimer und mehr!\" \/>\n<meta name=\"robots\" content=\"index, follow, max-snippet:-1, max-image-preview:large, max-video-preview:-1\" \/>\n<link rel=\"canonical\" href=\"https:\/\/www.cncinternational.eu\/de\/nagelprodukte\/erganzungsprodukte\/\" \/>\n<meta property=\"og:locale\" content=\"de_DE\" \/>\n<meta property=\"og:type\" content=\"article\" \/>\n<meta property=\"og:title\" content=\"Entdecken Sie die besten zus\u00e4tzlichen produkten - CNC\" \/>\n<meta property=\"og:description\" content=\"CNC bietet hochwertige Zus\u00e4tzlichen produkte zur Fertigstellung Ihrer White-Label-Nagellinie. Wie s\u00e4urefreier Bonder, Nagelprimer und mehr!\" \/>\n<meta property=\"og:url\" content=\"https:\/\/www.cncinternational.eu\/de\/nagelprodukte\/erganzungsprodukte\/\" \/>\n<meta property=\"og:site_name\" content=\"CNC International\" \/>\n<meta property=\"article:modified_time\" content=\"2025-12-23T11:21:15+00:00\" \/>\n<meta name=\"twitter:card\" content=\"summary_large_image\" \/>\n<script type=\"application\/ld+json\" class=\"yoast-schema-graph\">{\"@context\":\"https:\\\/\\\/schema.org\",\"@graph\":[{\"@type\":\"WebPage\",\"@id\":\"https:\\\/\\\/www.cncinternational.eu\\\/de\\\/nagelprodukte\\\/erganzungsprodukte\\\/\",\"url\":\"https:\\\/\\\/www.cncinternational.eu\\\/de\\\/nagelprodukte\\\/erganzungsprodukte\\\/\",\"name\":\"Entdecken Sie die besten zus\u00e4tzlichen produkten - CNC\",\"isPartOf\":{\"@id\":\"https:\\\/\\\/www.cncinternational.eu\\\/de\\\/#website\"},\"datePublished\":\"2022-02-08T13:48:51+00:00\",\"dateModified\":\"2025-12-23T11:21:15+00:00\",\"description\":\"CNC bietet hochwertige Zus\u00e4tzlichen produkte zur Fertigstellung Ihrer White-Label-Nagellinie. Wie s\u00e4urefreier Bonder, Nagelprimer und mehr!\",\"breadcrumb\":{\"@id\":\"https:\\\/\\\/www.cncinternational.eu\\\/de\\\/nagelprodukte\\\/erganzungsprodukte\\\/#breadcrumb\"},\"inLanguage\":\"de\",\"potentialAction\":[{\"@type\":\"ReadAction\",\"target\":[\"https:\\\/\\\/www.cncinternational.eu\\\/de\\\/nagelprodukte\\\/erganzungsprodukte\\\/\"]}]},{\"@type\":\"BreadcrumbList\",\"@id\":\"https:\\\/\\\/www.cncinternational.eu\\\/de\\\/nagelprodukte\\\/erganzungsprodukte\\\/#breadcrumb\",\"itemListElement\":[{\"@type\":\"ListItem\",\"position\":1,\"name\":\"Home\",\"item\":\"https:\\\/\\\/www.cncinternational.eu\\\/de\\\/\"},{\"@type\":\"ListItem\",\"position\":2,\"name\":\"Produkt\",\"item\":\"https:\\\/\\\/www.cncinternational.eu\\\/de\\\/nagelprodukte\\\/\"},{\"@type\":\"ListItem\",\"position\":3,\"name\":\"Erg\u00e4nzungsprodukte\"}]},{\"@type\":\"WebSite\",\"@id\":\"https:\\\/\\\/www.cncinternational.eu\\\/de\\\/#website\",\"url\":\"https:\\\/\\\/www.cncinternational.eu\\\/de\\\/\",\"name\":\"CNC International\",\"description\":\"Just another WordPress site\",\"potentialAction\":[{\"@type\":\"SearchAction\",\"target\":{\"@type\":\"EntryPoint\",\"urlTemplate\":\"https:\\\/\\\/www.cncinternational.eu\\\/de\\\/?s={search_term_string}\"},\"query-input\":{\"@type\":\"PropertyValueSpecification\",\"valueRequired\":true,\"valueName\":\"search_term_string\"}}],\"inLanguage\":\"de\"}]}<\/script>\n<!-- \/ Yoast SEO plugin. -->","yoast_head_json":{"title":"Entdecken Sie die besten zus\u00e4tzlichen produkten - CNC","description":"CNC bietet hochwertige Zus\u00e4tzlichen produkte zur Fertigstellung Ihrer White-Label-Nagellinie. Wie s\u00e4urefreier Bonder, Nagelprimer und mehr!","robots":{"index":"index","follow":"follow","max-snippet":"max-snippet:-1","max-image-preview":"max-image-preview:large","max-video-preview":"max-video-preview:-1"},"canonical":"https:\/\/www.cncinternational.eu\/de\/nagelprodukte\/erganzungsprodukte\/","og_locale":"de_DE","og_type":"article","og_title":"Entdecken Sie die besten zus\u00e4tzlichen produkten - CNC","og_description":"CNC bietet hochwertige Zus\u00e4tzlichen produkte zur Fertigstellung Ihrer White-Label-Nagellinie. Wie s\u00e4urefreier Bonder, Nagelprimer und mehr!","og_url":"https:\/\/www.cncinternational.eu\/de\/nagelprodukte\/erganzungsprodukte\/","og_site_name":"CNC International","article_modified_time":"2025-12-23T11:21:15+00:00","twitter_card":"summary_large_image","schema":{"@context":"https:\/\/schema.org","@graph":[{"@type":"WebPage","@id":"https:\/\/www.cncinternational.eu\/de\/nagelprodukte\/erganzungsprodukte\/","url":"https:\/\/www.cncinternational.eu\/de\/nagelprodukte\/erganzungsprodukte\/","name":"Entdecken Sie die besten zus\u00e4tzlichen produkten - CNC","isPartOf":{"@id":"https:\/\/www.cncinternational.eu\/de\/#website"},"datePublished":"2022-02-08T13:48:51+00:00","dateModified":"2025-12-23T11:21:15+00:00","description":"CNC bietet hochwertige Zus\u00e4tzlichen produkte zur Fertigstellung Ihrer White-Label-Nagellinie. Wie s\u00e4urefreier Bonder, Nagelprimer und mehr!","breadcrumb":{"@id":"https:\/\/www.cncinternational.eu\/de\/nagelprodukte\/erganzungsprodukte\/#breadcrumb"},"inLanguage":"de","potentialAction":[{"@type":"ReadAction","target":["https:\/\/www.cncinternational.eu\/de\/nagelprodukte\/erganzungsprodukte\/"]}]},{"@type":"BreadcrumbList","@id":"https:\/\/www.cncinternational.eu\/de\/nagelprodukte\/erganzungsprodukte\/#breadcrumb","itemListElement":[{"@type":"ListItem","position":1,"name":"Home","item":"https:\/\/www.cncinternational.eu\/de\/"},{"@type":"ListItem","position":2,"name":"Produkt","item":"https:\/\/www.cncinternational.eu\/de\/nagelprodukte\/"},{"@type":"ListItem","position":3,"name":"Erg\u00e4nzungsprodukte"}]},{"@type":"WebSite","@id":"https:\/\/www.cncinternational.eu\/de\/#website","url":"https:\/\/www.cncinternational.eu\/de\/","name":"CNC International","description":"Just another WordPress site","potentialAction":[{"@type":"SearchAction","target":{"@type":"EntryPoint","urlTemplate":"https:\/\/www.cncinternational.eu\/de\/?s={search_term_string}"},"query-input":{"@type":"PropertyValueSpecification","valueRequired":true,"valueName":"search_term_string"}}],"inLanguage":"de"}]}},"_links":{"self":[{"href":"https:\/\/www.cncinternational.eu\/de\/wp-json\/wp\/v2\/pages\/1414","targetHints":{"allow":["GET"]}}],"collection":[{"href":"https:\/\/www.cncinternational.eu\/de\/wp-json\/wp\/v2\/pages"}],"about":[{"href":"https:\/\/www.cncinternational.eu\/de\/wp-json\/wp\/v2\/types\/page"}],"author":[{"embeddable":true,"href":"https:\/\/www.cncinternational.eu\/de\/wp-json\/wp\/v2\/users\/7"}],"replies":[{"embeddable":true,"href":"https:\/\/www.cncinternational.eu\/de\/wp-json\/wp\/v2\/comments?post=1414"}],"version-history":[{"count":22,"href":"https:\/\/www.cncinternational.eu\/de\/wp-json\/wp\/v2\/pages\/1414\/revisions"}],"predecessor-version":[{"id":13732,"href":"https:\/\/www.cncinternational.eu\/de\/wp-json\/wp\/v2\/pages\/1414\/revisions\/13732"}],"up":[{"embeddable":true,"href":"https:\/\/www.cncinternational.eu\/de\/wp-json\/wp\/v2\/pages\/1367"}],"wp:attachment":[{"href":"https:\/\/www.cncinternational.eu\/de\/wp-json\/wp\/v2\/media?parent=1414"}],"curies":[{"name":"wp","href":"https:\/\/api.w.org\/{rel}","templated":true}]}}