{"id":1397,"date":"2022-02-08T13:38:12","date_gmt":"2022-02-08T13:38:12","guid":{"rendered":"https:\/\/www.cncinternational.eu\/?page_id=1397"},"modified":"2025-12-23T14:23:05","modified_gmt":"2025-12-23T14:23:05","slug":"uv-gele","status":"publish","type":"page","link":"https:\/\/www.cncinternational.eu\/de\/nagelprodukte\/uv-gele\/","title":{"rendered":"UV Gel"},"content":{"rendered":"  \t\n\t  <header class=\"main-header \">\n\t\t<!-- For mobile -->\n\t\t<div class=\"d-block d-sm-none\">\n\t\t  <div class=\"container-fluid px-0\">\n\t\t\t<div class=\"container g-0\">\n\t\t\t  <div class=\"row g-0 justify-content-start align-items-center\">\n\t\t\t\t<div class=\"col-12 d-sm-none\">\n\t\t\t\t  <div class=\"header-image\">\n\t\t\t\t\t\t\t\t\t\t\t\t<img fetchpriority=\"high\" decoding=\"async\" src=\"https:\/\/www.cncinternational.eu\/wp-content\/uploads\/2022\/03\/Private-labeling-nail-UV-gels-1-scaled.jpg\" alt=\"Eigenmarke UV-Nagelgel\" width=\"2560\" height=\"1927\" loading=\"eager\">\n\t\t\t\t\t\t\t\t\t\t  <\/div>\n\t\t\t\t<\/div>\n\t\t\t\t<div class=\"offset-md-6 col-md-6\">\n\t\t\t\t  <div class=\"header-text\">\n\t\t\t\t\t<p class=\"mobile-title\">UV Gel f\u00fcr n\u00e4gel<\/p>\n\t\t\t\t\t<p>Die Herstellung von UV-Gelen ist das Kerngesch\u00e4ft von CNC International. Kundensicherheit steht bei uns an erster Stelle. Wir bieten eine gro\u00dfe Auswahl an HEMA- und TPO-freien UV-Gelen in unserer Standardkollektion. Diese umfasst Base Gels, Builder Gels, Fiber Gels, One Phase Gels, Top Gels und eine stetig wachsende Auswahl an Gel Polish.<\/p>\n\t\t\t\t\t\t\t\t\t\t\t\t\t\t\t\t\t\t<a class=\"btn mb-3\" href=\"\/de\/kontakt#contact\">\n\t\t\t\t\t\t\t\tBrosch\u00fcre online erhalten\t\t\t\t\t\t\t<\/a>\n\t\t\t\t\t\t\t\t\t\t\t\t\t\t\t\t\t\t\t\t  <\/div>\n\t\t\t\t<\/div>\n\t\t\t  <\/div>\n\t\t\t<\/div>\n\t\t  <\/div>\n\t\t<\/div>\n\t\t<!-- \/For mobile -->\n\t\t\n\t\t<!-- For desktop -->\n\t\t<div class=\"d-none d-sm-block\">\n\t\t  <div class=\"container-fluid px-0\" >\n\t\t\t<div class=\"header-bg\" style=\"background-image: url('https:\/\/www.cncinternational.eu\/wp-content\/uploads\/2022\/03\/Private-labeling-nail-UV-gels-1-scaled.jpg');\">\n\t\t\t\t\n\t\t\t<\/div>\n\t\t\t<div class=\"container g-0\">\n\t\t\t  <div class=\"row g-0 justify-content-start align-items-center\">\n\t\t\t\t<div class=\"offset-md-6 col-md-6\">\n\t\t\t\t  <div class=\"header-text\">\n\t\t\t\t\t<h1>UV Gel f\u00fcr n\u00e4gel<\/h1>\n\t\t\t\t\t<p>Die Herstellung von UV-Gelen ist das Kerngesch\u00e4ft von CNC International. Kundensicherheit steht bei uns an erster Stelle. Wir bieten eine gro\u00dfe Auswahl an HEMA- und TPO-freien UV-Gelen in unserer Standardkollektion. Diese umfasst Base Gels, Builder Gels, Fiber Gels, One Phase Gels, Top Gels und eine stetig wachsende Auswahl an Gel Polish.<\/p>\n\t\t\t\t\n\t\t\t\t\t\t\t\t\t\t\t\t\t\t\t\t\t\t<a class=\"btn mb-3\" href=\"\/de\/kontakt#contact\">\n\t\t\t\t\t\tBrosch\u00fcre online erhalten\t\t\t\t\t\t\t<\/a>\n\t\t\t\t\t\t\t\t\t\t\t\t\t\t\t\t\t\t\t\t  <\/div>\n\t\t\t\t<\/div>\n\t\t\t  <\/div>\n\t\t\t<\/div>\n\t\t  <\/div>\n\t\t<\/div>\n\t\t<!-- \/For desktop -->\n\t  <\/header>\n\t  \n\t  \t\n\n\t<section class=\"news\">\n\t\t<div class=\"container p-0 \">\n\t\t\t<div class=\"row g-0\">\n\t\t\t\t<div class=\"col-12 overlap bg-white\">\n\t\t\t\t\t\t\t\t\t\t\t\t\t\t\t\t\t\t\t\t\t\t<!-- Start row -->\n\t\t\t\t\t\t\t\t\t\t\t\t\t\t\t\t\t\t\t\t\t\t\t\t\t\t\t\t\t\t\t\t\t\t\t\t\n\t\t\t\t\t\t\t\t\t<div id=\"basegel\" class=\"row g-0 align-items-center\">\n\t\t\t\t\t\t\t\t\t\t<div class=\"col-12 col-md col-img img-wrapper\">\n\t\t\t\t\t\t\t\t\t\t\t\t\t\t\t\t\t\t\t\t\t\t\t\t\t\t\t\t\t\t\t\t\t\t<img loading=\"lazy\" decoding=\"async\" src=\"https:\/\/www.cncinternational.eu\/wp-content\/uploads\/2021\/12\/Private-label-UV-Gels-Base-Gels.jpg\"\n\t\t\t\t\t\t\t\t\t\t\t\t\talt=\"Eigenmarke UV-Gele Grundiergele\" width=\"1445\" height=\"813\">\n\t\t\t\t\t\t\t\t\t\t\t\t\t\t\t\t\t\t\t\t\t<\/div>\n\t\t\t\t\t\t\t\t\t\t<div class=\"col-12 col-md col-excerpt\">\n\t\t\t\t\t\t\t\t\t\t\t<div class=\"excerpt-wrapper\">\n\t\t\t\t\t\t\t\t\t\t\t\t<h4><\/h4>\n\t\t\t\t\t\t\t\t\t\t\t\t<p><h2 id=\"uvbasegel\">UV Base gel<\/h2>\r\n\r\nDer erste Schritt in einem Drei-Phasen-System. Diese Gele gew\u00e4hrleisten die perfekte Haftung auf den Naturn\u00e4geln.<\/p>\n\t\t\t\t\t\t\t\t\t\t\t\t\t\t\t\t\t\t\t\t\t\t\t\t\t\t\t\t\t\t\t\t\t\t\t\t\t\t\t\t\t\t\t\t\t\t\t\t\t\t\t\t\t\t\t\t\t\t\t\t\t\t\t\t\t\t\t\t\t\t\t\t\t\t\t\t\t\t\t\t\t\t\t\t\t\t\t\t\t\t\t\t\t\t\t\t\t\t\t\t\t\t\t\t\t\t\t\t\t\t\t\t\t\t\t\t\t\t\t<button href=\"\" class=\"more-link js-modal-btn\" data-channel=\"youtube\" data-video-url=\"https:\/\/www.youtube.com\/embed\/videoseries?list=PL9QqRpR3DEq_eqfBIOciNBLJ8u-V0jML3\">Schau das Video ><\/button>\n\t\t\t\t\t\t\t\t\t\t\t\t\t\t\t\t\t\t\t\t\t\t\t\t\t\t\t\t\t\t\t\n\t\t\t\t\t\t\t\t\t\t\t\t\t\t\n\t\t\t\t\t\t\t\t\t\t\t\t\t\n\t\t\t\t\t\t\t\t\t\t\t\t\t<!-- Another button -->\n\t\t\t\t\t\t\t\t\t\t\t\t\t\t\t\t\t\t\t\t\t\t\t\t\t\t\t\t\t\t\t\t\t\t\t\t<\/div>\n\t\t\t\t\t\t\t\t\t\t<\/div>\n\t\t\t\t\t\t\t\t\t<\/div>\n\t\t\t\t\t\t\t\t\n\t\t\t\t\t\t\t\n\t\t\t\t\t\t\t\t\t\t\t\t\t\t\t\t\t\t\t\t\t\t\t\t\t\t\t\t\t\t\t\t\t\t\t\t\t\t\t\t\t\t\t\t\t\t\t\t\t\t\t\t<div id=\"buildergels\" class=\"row g-0 align-items-center\">\n\t\t\t\t\t\t\t\t\t\t<div class=\"col-12 col-md col-excerpt\">\n\t\t\t\t\t\t\t\t\t\t\t<div class=\"excerpt-wrapper\">\n\t\t\t\t\t\t\t\t\t\t\t\t<h4><\/h4>\n\t\t\t\t\t\t\t\t\t\t\t\t<p><h2 id=\"uvbuildergel\">UV aufbaugele<\/h2>\r\n\r\nBuilder Gels sind der zweite Schritt in einem Drei-Phasen-Gelsystem. Sie sind ideal f\u00fcr Naturnagelverst\u00e4rkungen und Nagelverl\u00e4ngerungen. In unserem Sortiment finden Sie sechs verschiedene Linien von Builder Gels: Fiber Gel, Fiber Gel DHF, TXO Gel, Sculpting Gel, Royal Gel, Mousse Gel und Luxa Gel!\r\n<\/p>\n\t\t\t\t\t\t\t\t\t\t\t\t\t\t\t\t\t\t\t\t\t\t\t\t\t\t\t\t\t\t\t\t\t\t\t\t\t\t\t\t\t\t\t\t\t\t\t\t\t\t\t\t\t\t\t\t\t\t\t\t\t\t\t\t\t\t\t\t\t\t<a href=\"https:\/\/www.cncinternational.eu\/de\/nagelprodukte\/uv-gele\/uv-afbaugels\/\" class=\"btn\">Mehr erfahren<\/a>\n\t\t\t\t\t\t\t\t\t\t\t\t\t\t\t\n\t\t\t\t\t\t\t\t\t\t\t\t\t\t\n\t\t\t\t\t\t\t\t\t\t\t\t\t\n\t\t\t\t\t\t\t\t\t\t\t\t\t<!-- Another button -->\n\t\t\t\t\t\t\t\t\t\t\t\t\t\t\t\t\t\t\t\t\t\t\t\t\t\t\t\t\t\t\t\t\t\t\t\t<\/div>\n\t\t\t\t\t\t\t\t\t\t<\/div>\n\t\t\t\t\t\t\t\t\t\t<div class=\"col-12 col-md col-img img-wrapper\">\n\t\t\t\t\t\t\t\t\t\t\t\t\t\t\t\t\t\t\t\t\t\t\t\t\t\t\t\t\t\t\t\t\t\t\t\t<img loading=\"lazy\" decoding=\"async\" src=\"https:\/\/www.cncinternational.eu\/wp-content\/uploads\/2021\/12\/Private-label-French-manicure-UV-gels-builder-gels-fiber-gel-.jpg\"\n\t\t\t\t\t\t\t\t\t\t\t\t\t\talt=\"Eigenmarke Franz\u00f6sische-Manik\u00fcre-UV-Gele Aufbaugele Fiberglas-Gel\" width=\"1445\" height=\"813\">\n\t\t\t\t\t\t\t\t\t\t\t\t\t\t\t\t\t\t\t\t\t\t\t\t\t\t\t\t\t\t\t\t\t<\/div>\n\t\t\t\t\t\t\t\t\t<\/div>\n\t\t\t\t\t\t\t\t\n\t\t\t\t\t\t\t\n\t\t\t\t\t\t\t\t\t\t\t\t\t\t\t\t\t\t\t\t\t\t\t\t\t\t\t\t\t\t\t\t\t\t\t\t\t\t\t\t\t\t\t\n\t\t\t\t\t\t\t\t\t<div id=\"topgels\" class=\"row g-0 align-items-center\">\n\t\t\t\t\t\t\t\t\t\t<div class=\"col-12 col-md col-img img-wrapper\">\n\t\t\t\t\t\t\t\t\t\t\t\t\t\t\t\t\t\t\t\t\t\t\t\t\t\t\t\t\t\t\t\t\t\t<img loading=\"lazy\" decoding=\"async\" src=\"https:\/\/www.cncinternational.eu\/wp-content\/uploads\/2021\/12\/Private-label-UV-high-shine-top-gel-French-manicure-application.jpg\"\n\t\t\t\t\t\t\t\t\t\t\t\t\talt=\"Eigenmarke UV-Hochglanz-Versiegelungsgel Franz\u00f6sische-Manik\u00fcre-Anwendung\" width=\"1445\" height=\"813\">\n\t\t\t\t\t\t\t\t\t\t\t\t\t\t\t\t\t\t\t\t\t<\/div>\n\t\t\t\t\t\t\t\t\t\t<div class=\"col-12 col-md col-excerpt\">\n\t\t\t\t\t\t\t\t\t\t\t<div class=\"excerpt-wrapper\">\n\t\t\t\t\t\t\t\t\t\t\t\t<h4><\/h4>\n\t\t\t\t\t\t\t\t\t\t\t\t<p><h2 id=\"uvtopcoat\">UV Versiegelungsgele<\/h2>\r\n\r\nUV Versiegelungsgele stellen den dritten und letzten Schritt in einem 3-Phasen-Gel-System dar. Dieses Finish-Gel gew\u00e4hrleistet den Schutz aller Designs und schenkt den N\u00e4geln einen perfekten Glanz.<\/p>\n\t\t\t\t\t\t\t\t\t\t\t\t\t\t\t\t\t\t\t\t\t\t\t\t\t\t\t\t\t\t\t\t\t\t\t\t\t\t\t\t\t\t\t\t\t\t\t\t\t\t\t\t\t\t\t\t\t\t\t\t\t\t\t\t\t\t\t\t\t\t\t\t\t\t\t\t\t\t\t\t\t\t\t\t\t\t\t\t\t\t\t\t\t\t\t\t\t\t\t\t\t\t\t\t\t\t\t\t\t\t\t\t\t\t\t\t\t\t\t<button href=\"\" class=\"more-link js-modal-btn\" data-channel=\"youtube\" data-video-url=\"https:\/\/www.youtube.com\/embed\/videoseries?list=PL9QqRpR3DEq8rqSALfM99Ic_Zcz2WSV3h\">Schau das Video ><\/button>\n\t\t\t\t\t\t\t\t\t\t\t\t\t\t\t\t\t\t\t\t\t\t\t\t\t\t\t\t\t\t\t\n\t\t\t\t\t\t\t\t\t\t\t\t\t\t\n\t\t\t\t\t\t\t\t\t\t\t\t\t\n\t\t\t\t\t\t\t\t\t\t\t\t\t<!-- Another button -->\n\t\t\t\t\t\t\t\t\t\t\t\t\t\t\t\t\t\t\t\t\t\t\t\t\t\t\t\t\t\t\t\t\t\t\t\t<\/div>\n\t\t\t\t\t\t\t\t\t\t<\/div>\n\t\t\t\t\t\t\t\t\t<\/div>\n\t\t\t\t\t\t\t\t\n\t\t\t\t\t\t\t\n\t\t\t\t\t\t\t\t\t\t\t\t\t\t\t\t\t\t\t\t\t\t\t\t\t\t\t\t\t\t\t\t\t\t\t\t\t\t\t\t\t\t\t\t\t\t\t\t\t\t\t\t<div id=\"onephasegels\" class=\"row g-0 align-items-center\">\n\t\t\t\t\t\t\t\t\t\t<div class=\"col-12 col-md col-excerpt\">\n\t\t\t\t\t\t\t\t\t\t\t<div class=\"excerpt-wrapper\">\n\t\t\t\t\t\t\t\t\t\t\t\t<h4><\/h4>\n\t\t\t\t\t\t\t\t\t\t\t\t<p><h2 id=\"uvonephasegel\">1-Phasen UV Gel<\/h2>\r\n\r\nUnsere One Phase Gels vereinen die Eigenschaften von Base Gel, Builder Gel und Top Gel in einem Produkt. Einfach in der Anwendung und langanhaltend im Ergebnis! In unserem Sortiment haben wir vier verschiedene Linien von One Phase Gels zur Auswahl:\r\n<ul >\r\n<li>Solid Flex Gels<\/li>\r\n<li>Diamond Gels<\/li>\r\n<li>Elementary Gels<\/li>\r\n<li>Omni Gels<\/li>\r\n<\/ul><\/p>\n\t\t\t\t\t\t\t\t\t\t\t\t\t\t\t\t\t\t\t\t\t\t\t\t\t\t\t\t\t\t\t\t\t\t\t\t\t\t\t\t\t\t\t\t\t\t\t\t\t\t\t\t\t\t\t\t\t\t\t\t\t\t\t\t\t\t\t\t\t\t<a href=\"https:\/\/www.cncinternational.eu\/de\/nagelprodukte\/uv-gele\/einphasen-gele\/\" class=\"btn\">Mehr erfahren<\/a>\n\t\t\t\t\t\t\t\t\t\t\t\t\t\t\t\n\t\t\t\t\t\t\t\t\t\t\t\t\t\t\n\t\t\t\t\t\t\t\t\t\t\t\t\t\n\t\t\t\t\t\t\t\t\t\t\t\t\t<!-- Another button -->\n\t\t\t\t\t\t\t\t\t\t\t\t\t\t\t\t\t\t\t\t\t\t\t\t\t\t\t\t\t\t\t\t\t\t\t\t<\/div>\n\t\t\t\t\t\t\t\t\t\t<\/div>\n\t\t\t\t\t\t\t\t\t\t<div class=\"col-12 col-md col-img img-wrapper\">\n\t\t\t\t\t\t\t\t\t\t\t\t\t\t\t\t\t\t\t\t\t\t\t\t\t\t\t\t\t\t\t\t\t\t\t\t<img loading=\"lazy\" decoding=\"async\" src=\"https:\/\/www.cncinternational.eu\/wp-content\/uploads\/2021\/12\/Private-label-UV-One-Phase-Gels-assortment-.jpg\"\n\t\t\t\t\t\t\t\t\t\t\t\t\t\talt=\"Eigenmarke UV-1-Phasen-Gel-Sortiment\" width=\"1445\" height=\"813\">\n\t\t\t\t\t\t\t\t\t\t\t\t\t\t\t\t\t\t\t\t\t\t\t\t\t\t\t\t\t\t\t\t\t<\/div>\n\t\t\t\t\t\t\t\t\t<\/div>\n\t\t\t\t\t\t\t\t\n\t\t\t\t\t\t\t\n\t\t\t\t\t\t\t\t\t\t\t\t\t\t\t\t\t\t\t\t\t\t\t\t\t\t\t\t\t\t\t\t\t\t\t\t\t\t\t\t\t\t\t\n\t\t\t\t\t\t\t\t\t<div class=\"row g-0 align-items-center\">\n\t\t\t\t\t\t\t\t\t\t<div class=\"col-12 col-md col-img img-wrapper\">\n\t\t\t\t\t\t\t\t\t\t\t\t\t\t\t\t\t\t\t\t\t\t\t\t\t\t\t\t\t\t\t\t\t\t<img loading=\"lazy\" decoding=\"async\" src=\"https:\/\/www.cncinternational.eu\/wp-content\/uploads\/2025\/08\/Brush-On-Builder-Gel-1445x813-1.jpg\"\n\t\t\t\t\t\t\t\t\t\t\t\t\talt=\"\" width=\"1445\" height=\"813\">\n\t\t\t\t\t\t\t\t\t\t\t\t\t\t\t\t\t\t\t\t\t<\/div>\n\t\t\t\t\t\t\t\t\t\t<div class=\"col-12 col-md col-excerpt\">\n\t\t\t\t\t\t\t\t\t\t\t<div class=\"excerpt-wrapper\">\n\t\t\t\t\t\t\t\t\t\t\t\t<h4><\/h4>\n\t\t\t\t\t\t\t\t\t\t\t\t<p><h2 id=\"brushonbuildergel\">Brush-on-Builder gel: aufbaugel in der flasche<\/h2>\r\n\r\nBrush-On-Builder Gel ist ein Builder Gel im Fl\u00e4schchen, das wie ein Gel-Lack aufgetragen wird. Es eignet sich als Verst\u00e4rkung f\u00fcr Naturn\u00e4gel oder zum Erstellen von kurzen bis mittellangen Verl\u00e4ngerungen. Der vielseitige Builder ist sowohl haltbar als auch flexibel und somit das perfekte Produkt f\u00fcr alle Nageltypen \u2013 selbst f\u00fcr br\u00fcchige oder schwache N\u00e4gel.<\/p>\n\t\t\t\t\t\t\t\t\t\t\t\t\t\t\t\t\t\t\t\t\t\t\t\t\t\t\t\t\t\t\t\t\t\t\t\t\t\t\t\t\t\t\t\t\t\t\t\t\t\t\t\t\t\t\t\t\t\t\t\t\t\t\t\t\t\t\t\t\t\t\t\t\t\t\t\t\t\t\t\t\t\t\t\t\t\t\t\t\t\t\t\t\t\t\t\t\t\t\t\t\t\t\t\t\t\t\t\t\t\t\t\t\t\t\t\t\t\t\t<button href=\"\" class=\"more-link js-modal-btn\" data-channel=\"youtube\" data-video-url=\"https:\/\/www.youtube.com\/embed\/CHER4uVnOas?autoplay=1\">Schau das Video ><\/button>\n\t\t\t\t\t\t\t\t\t\t\t\t\t\t\t\t\t\t\t\t\t\t\t\t\t\t\t\t\t\t\t\n\t\t\t\t\t\t\t\t\t\t\t\t\t\t\n\t\t\t\t\t\t\t\t\t\t\t\t\t\n\t\t\t\t\t\t\t\t\t\t\t\t\t<!-- Another button -->\n\t\t\t\t\t\t\t\t\t\t\t\t\t\t\t\t\t\t\t\t\t\t\t\t\t\t\t\t\t\t\t\t\t\t\t\t<\/div>\n\t\t\t\t\t\t\t\t\t\t<\/div>\n\t\t\t\t\t\t\t\t\t<\/div>\n\t\t\t\t\t\t\t\t\n\t\t\t\t\t\t\t\n\t\t\t\t\t\t\t\t\t\t\t\t\t\t\t\t\t\t\t\t\t\t\t\t\t\t\t\t\t\t\t\t\t\t\t\t\t\t\t\t\t\t\t\t\t\t\t\t\t\t\t\t<div class=\"row g-0 align-items-center\">\n\t\t\t\t\t\t\t\t\t\t<div class=\"col-12 col-md col-excerpt\">\n\t\t\t\t\t\t\t\t\t\t\t<div class=\"excerpt-wrapper\">\n\t\t\t\t\t\t\t\t\t\t\t\t<h4><\/h4>\n\t\t\t\t\t\t\t\t\t\t\t\t<p><h2 id=\"brushonfibergel\">Brush-on-Fiber Gel: Builder Gel im Fl\u00e4schchen mit Fasern<\/h2>\r\n\r\nMit Fiberglas angereichertes Builder Gel, direkt aus dem Fl\u00e4schchen aufgetragen! Hart, aber flexibel: die perfekte Basis f\u00fcr schwache N\u00e4gel. Das Gel ist dank der enthaltenen Fasern gleichzeitig stabil und flexibel. Die leistungsstarke Formel bietet eine besonders starke Haftung.\r\n<\/p>\n\t\t\t\t\t\t\t\t\t\t\t\t\t\t\t\t\t\t\t\t\t\t\t\t\t\t\t\t\t\t\t\t\t\t\t\t\t\t\t\t\t\t\t\t\t\t\t\t\t\t\t\t\t\t\t\t\t\t\t\t\t\t\t\t\t\t\t\t\t\t\t\t\t\t\t\t\t\t\t\t\t\t\t\t\t\t\t\t\t\t\t\t\t\t\t\t\t\t\t\t\t\t\t\t\t\t\t\t\t\t\t\t\t\t\t\t\t\t\t\t<button href=\"\" class=\"more-link js-modal-btn\" data-channel=\"youtube\" data-video-url=\"https:\/\/www.youtube.com\/embed\/g7egeFvLxa0?autoplay=1\"><i class=\"far fa-play-circle mr-3\"><\/i> Schau das Video <\/button>\n\t\t\t\t\t\t\t\t\t\t\t\t\t\t\t\t\t\t\t\t\t\t\t\t\t\t\t\t\t\t\t\n\t\t\t\t\t\t\t\t\t\t\t\t\t\t\n\t\t\t\t\t\t\t\t\t\t\t\t\t\n\t\t\t\t\t\t\t\t\t\t\t\t\t<!-- Another button -->\n\t\t\t\t\t\t\t\t\t\t\t\t\t\t\t\t\t\t\t\t\t\t\t\t\t\t\t\t\t\t\t\t\t\t\t\t<\/div>\n\t\t\t\t\t\t\t\t\t\t<\/div>\n\t\t\t\t\t\t\t\t\t\t<div class=\"col-12 col-md col-img img-wrapper\">\n\t\t\t\t\t\t\t\t\t\t\t\t\t\t\t\t\t\t\t\t\t\t\t\t\t\t\t\t\t\t\t\t\t\t\t\t<img loading=\"lazy\" decoding=\"async\" src=\"https:\/\/www.cncinternational.eu\/wp-content\/uploads\/2025\/08\/Brush-On-Fiber-Gel-1445x813-1.jpg\"\n\t\t\t\t\t\t\t\t\t\t\t\t\t\talt=\"\" width=\"1445\" height=\"813\">\n\t\t\t\t\t\t\t\t\t\t\t\t\t\t\t\t\t\t\t\t\t\t\t\t\t\t\t\t\t\t\t\t\t<\/div>\n\t\t\t\t\t\t\t\t\t<\/div>\n\t\t\t\t\t\t\t\t\n\t\t\t\t\t\t\t\n\t\t\t\t\t\t\t\t\t\t\t\t\t\t\t\t\t\t\t\t\t\t\t\t\t\t\t\t\t\t\t\t\t\t\t\t\t\t\t\t\t\t\t\n\t\t\t\t\t\t\t\t\t<div class=\"row g-0 align-items-center\">\n\t\t\t\t\t\t\t\t\t\t<div class=\"col-12 col-md col-img img-wrapper\">\n\t\t\t\t\t\t\t\t\t\t\t\t\t\t\t\t\t\t\t\t\t\t\t\t\t\t\t\t\t\t\t\t\t\t<img loading=\"lazy\" decoding=\"async\" src=\"https:\/\/www.cncinternational.eu\/wp-content\/uploads\/2022\/11\/CNC-15-free.jpg\"\n\t\t\t\t\t\t\t\t\t\t\t\t\talt=\"HEMA- &#038; TPO-freie UV-Gele\" width=\"1445\" height=\"813\">\n\t\t\t\t\t\t\t\t\t\t\t\t\t\t\t\t\t\t\t\t\t<\/div>\n\t\t\t\t\t\t\t\t\t\t<div class=\"col-12 col-md col-excerpt\">\n\t\t\t\t\t\t\t\t\t\t\t<div class=\"excerpt-wrapper\">\n\t\t\t\t\t\t\t\t\t\t\t\t<h4>HEMA- &#038; TPO-freie UV-Gele<\/h4>\n\t\t\t\t\t\t\t\t\t\t\t\t<p>Unsere Private-Label-UV-Gele sind frei von HEMA und TPO. CNC International bietet eine vollst\u00e4ndige Auswahl an HEMA- und TPO-freien UV-Gelen und ermutigt Sie, Ihre eigene zukunftssichere Private-Label-UV-Gel-Nagelmarke zu starten!\r\n<\/p>\n\t\t\t\t\t\t\t\t\t\t\t\t\t\t\t\t\t\t\t\t\t\t\t<\/div>\n\t\t\t\t\t\t\t\t\t\t<\/div>\n\t\t\t\t\t\t\t\t\t<\/div>\n\t\t\t\t\t\t\t\t\n\t\t\t\t\t\t\t\n\t\t\t\t\t\t\t\t\t\t\t\t\t\t\t\t\t\t\t<!-- End row -->\n\t\t\t\t\t\t\t\t\t<\/div>\n\t\t\t<\/div>\n\t\t<\/div>\n\t<\/section>\n\n\t\n\n      \t<section class=\"contact-block ud_catalogue image-and-description gradient-bg slipped-section\" id=\"\">\n\t\t<div class=\"container\">\n\t\t\t<div class=\"row justify-content-center\">\n\t\t\t\t<div class=\"col-12 col-md-12 col-lg-10\">\n\t\t\t\t\t<div class=\"form-wrapper\">\n\t\t\t\t\t\t<div class=\"col-12\">\n\t\t\t\t\t\t\t<div class=\"row flex-column-reverse flex-lg-row\">\n\t\t\t\t\t\t\t\t<div class=\"col-12 col-md col-excerpt\">\n\t\t\t\t\t\t\t\t\t<div class=\"excerpt-wrapper\">\n\t\t\t\t\t\t\t\t\t\t<h4 class=\"form-title text-center\">Entdecken Sie unsere kompakte Online-Brosch\u00fcre mit unseren meistverkauften und neuen Nagelprodukten, frei von HEMA und TPO<\/h4>\t\t\t\t\t\t\t\t\t\t\t\t\t\t\t\t\t\t\t\t\t<div class=\"form-description\">\n\t\t\t\t\t\t\t\t\t\t\t\t<p>In unserer E-Brosch\u00fcre 2026 finden Sie:<\/p>\n<ul>\n<li>Unsere meistverkauften und neuen UV-Gel-Produkte 2026<\/li>\n<li>Startpreise pro Liter<\/li>\n<li>Wichtigste Vorteile einer Zusammenarbeit mit CNC<\/li>\n<li style=\"list-style-type: none;\"><\/li>\n<\/ul>\n\t\t\t\t\t\t\t\t\t\t\t<\/div>\n\t\t\t\t\t\t\t\t\t\t\t\n\t\t\t\t\t\t\t\t\t\t\t\t\t\t\t\t\t\t\t\t\t\t\t\t\t\t\t\t\t\t\t\t\t<div class=\"form d-flex justify-content-md-center\">\n\t\t\t\t\t\t\t\t\t\t\t\t\t\t\t\t\t\t\t\t\t\t\t\t\t\t\t\t\t\t\t\t\t\t\t\t\t\t\t\t<a class=\"btn\" href=\"\/de\/kontakt#contact\" target=\"_self\">CNC brosch\u00fcre online erhalten<\/a>\n\t\t\t\t\t\t\t\t\t\t\t\t\t\t\t\t\t\t\t\t\t\t\t\t\t<\/div>\n\t\t\t\t\t\t\t\t\t\t\t\t\t\t\t\t\t\t\t\t\t\t\t\t\t\n\t\t\t\t\t\t\t\t\t<\/div>\n\t\t\t\t\t\t\t\t<\/div>\n\t\t\t\t\t\t\t\t<div class=\"col-6 col-md-4 mx-auto col-img img-wrapper\">\n\t\t\t\t\t\t\t\t\t<img decoding=\"async\" src=\"https:\/\/www.cncinternational.eu\/wp-content\/uploads\/2025\/08\/Telefoon-EP.png\" alt=\"\">\n\t\t\t\t\t\t\t\t<\/div>\n\t\t\t\t\t\t\t<\/div>\n\t\t\t\t\t\t<\/div>\n\t\t\t\t\t\t\n\t\t\t\t\t<\/div>\n\t\t\t\t<\/div>\n\t\t\t\t\n\t\t\t<\/div>\n\t\t<\/div>\n\t<\/section>\n  \t\n  \t\n\t\n\n\t<section class=\"video  \" style=\"background: linear-gradient(180deg, rgba(54,39,131,1) 0%, rgba(168,157,205,1) 100%);\" >\n\t\t<div class=\"container px-0\">\n\t\t\t<div class=\"row g-0\">\n\t\t\t\t<div class=\"col-12\">\n\t\t\t\t\t<div class=\"welcome-box\">\n\t\t\t\t\t\t<h2><\/h2>\n\t\t\t\t\t<\/div>\n\t\t\t\t\t\t\t\t\t\t\t\t\t\t\t\t\t\t<div class=\"vid-player\">\n\t\t\t\t\t\t\t\t\t\t\t\t\t\t\t\t<img decoding=\"async\" src=\"https:\/\/img.youtube.com\/vi\/cgJLOReN-G0\/maxresdefault.jpg\" alt=\"\">\n\t\t\t\t\t\t\t\t<button class=\"js-modal-btn\" data-channel=\"youtube\" data-video-url=\"https:\/\/www.youtube.com\/embed\/cgJLOReN-G0?autoplay=1\" data-video-type=\"youtube\">\n\t\t\t\t\t\t\t\t\t<i class=\"fas fa-play\"><\/i>\n\t\t\t\t\t\t\t\t<\/button>\n\t\t\t\t\t\t\t<\/div>\n\t\t\t\t\t\t                    \t\t\t\t<\/div>\n\t\t\t<\/div>\n\t\t<\/div>\n\t<\/section>\n","protected":false},"excerpt":{"rendered":"","protected":false},"author":7,"featured_media":0,"parent":1367,"menu_order":0,"comment_status":"closed","ping_status":"closed","template":"","meta":{"_acf_changed":false,"inline_featured_image":false,"footnotes":""},"class_list":["post-1397","page","type-page","status-publish","hentry"],"acf":[],"yoast_head":"<!-- This site is optimized with the Yoast SEO plugin v27.4 - https:\/\/yoast.com\/product\/yoast-seo-wordpress\/ -->\n<title>HEMA- &amp; TPO-freie Private-Label-UV-Nagelgele von CNC<\/title>\n<meta name=\"description\" content=\"HEMA- &amp; TPO-freie Private-Label-UV-Nagelgele von CNC. Gro\u00dfe Auswahl an Base Gels, Builder Gels &amp; Top Coats. Entdecken Sie unser Sortiment!\" \/>\n<meta name=\"robots\" content=\"index, follow, max-snippet:-1, max-image-preview:large, max-video-preview:-1\" \/>\n<link rel=\"canonical\" href=\"https:\/\/www.cncinternational.eu\/de\/nagelprodukte\/uv-gele\/\" \/>\n<meta property=\"og:locale\" content=\"de_DE\" \/>\n<meta property=\"og:type\" content=\"article\" \/>\n<meta property=\"og:title\" content=\"HEMA- &amp; TPO-freie Private-Label-UV-Nagelgele von CNC\" \/>\n<meta property=\"og:description\" content=\"HEMA- &amp; TPO-freie Private-Label-UV-Nagelgele von CNC. Gro\u00dfe Auswahl an Base Gels, Builder Gels &amp; Top Coats. Entdecken Sie unser Sortiment!\" \/>\n<meta property=\"og:url\" content=\"https:\/\/www.cncinternational.eu\/de\/nagelprodukte\/uv-gele\/\" \/>\n<meta property=\"og:site_name\" content=\"CNC International\" \/>\n<meta property=\"article:modified_time\" content=\"2025-12-23T14:23:05+00:00\" \/>\n<meta name=\"twitter:card\" content=\"summary_large_image\" \/>\n<script type=\"application\/ld+json\" class=\"yoast-schema-graph\">{\"@context\":\"https:\\\/\\\/schema.org\",\"@graph\":[{\"@type\":\"WebPage\",\"@id\":\"https:\\\/\\\/www.cncinternational.eu\\\/de\\\/nagelprodukte\\\/uv-gele\\\/\",\"url\":\"https:\\\/\\\/www.cncinternational.eu\\\/de\\\/nagelprodukte\\\/uv-gele\\\/\",\"name\":\"HEMA- & TPO-freie Private-Label-UV-Nagelgele von CNC\",\"isPartOf\":{\"@id\":\"https:\\\/\\\/www.cncinternational.eu\\\/de\\\/#website\"},\"datePublished\":\"2022-02-08T13:38:12+00:00\",\"dateModified\":\"2025-12-23T14:23:05+00:00\",\"description\":\"HEMA- & TPO-freie Private-Label-UV-Nagelgele von CNC. Gro\u00dfe Auswahl an Base Gels, Builder Gels & Top Coats. Entdecken Sie unser Sortiment!\",\"breadcrumb\":{\"@id\":\"https:\\\/\\\/www.cncinternational.eu\\\/de\\\/nagelprodukte\\\/uv-gele\\\/#breadcrumb\"},\"inLanguage\":\"de\",\"potentialAction\":[{\"@type\":\"ReadAction\",\"target\":[\"https:\\\/\\\/www.cncinternational.eu\\\/de\\\/nagelprodukte\\\/uv-gele\\\/\"]}]},{\"@type\":\"BreadcrumbList\",\"@id\":\"https:\\\/\\\/www.cncinternational.eu\\\/de\\\/nagelprodukte\\\/uv-gele\\\/#breadcrumb\",\"itemListElement\":[{\"@type\":\"ListItem\",\"position\":1,\"name\":\"Home\",\"item\":\"https:\\\/\\\/www.cncinternational.eu\\\/de\\\/\"},{\"@type\":\"ListItem\",\"position\":2,\"name\":\"Produkt\",\"item\":\"https:\\\/\\\/www.cncinternational.eu\\\/de\\\/nagelprodukte\\\/\"},{\"@type\":\"ListItem\",\"position\":3,\"name\":\"UV Gel\"}]},{\"@type\":\"WebSite\",\"@id\":\"https:\\\/\\\/www.cncinternational.eu\\\/de\\\/#website\",\"url\":\"https:\\\/\\\/www.cncinternational.eu\\\/de\\\/\",\"name\":\"CNC International\",\"description\":\"Just another WordPress site\",\"potentialAction\":[{\"@type\":\"SearchAction\",\"target\":{\"@type\":\"EntryPoint\",\"urlTemplate\":\"https:\\\/\\\/www.cncinternational.eu\\\/de\\\/?s={search_term_string}\"},\"query-input\":{\"@type\":\"PropertyValueSpecification\",\"valueRequired\":true,\"valueName\":\"search_term_string\"}}],\"inLanguage\":\"de\"}]}<\/script>\n<!-- \/ Yoast SEO plugin. -->","yoast_head_json":{"title":"HEMA- & TPO-freie Private-Label-UV-Nagelgele von CNC","description":"HEMA- & TPO-freie Private-Label-UV-Nagelgele von CNC. Gro\u00dfe Auswahl an Base Gels, Builder Gels & Top Coats. Entdecken Sie unser Sortiment!","robots":{"index":"index","follow":"follow","max-snippet":"max-snippet:-1","max-image-preview":"max-image-preview:large","max-video-preview":"max-video-preview:-1"},"canonical":"https:\/\/www.cncinternational.eu\/de\/nagelprodukte\/uv-gele\/","og_locale":"de_DE","og_type":"article","og_title":"HEMA- & TPO-freie Private-Label-UV-Nagelgele von CNC","og_description":"HEMA- & TPO-freie Private-Label-UV-Nagelgele von CNC. Gro\u00dfe Auswahl an Base Gels, Builder Gels & Top Coats. Entdecken Sie unser Sortiment!","og_url":"https:\/\/www.cncinternational.eu\/de\/nagelprodukte\/uv-gele\/","og_site_name":"CNC International","article_modified_time":"2025-12-23T14:23:05+00:00","twitter_card":"summary_large_image","schema":{"@context":"https:\/\/schema.org","@graph":[{"@type":"WebPage","@id":"https:\/\/www.cncinternational.eu\/de\/nagelprodukte\/uv-gele\/","url":"https:\/\/www.cncinternational.eu\/de\/nagelprodukte\/uv-gele\/","name":"HEMA- & TPO-freie Private-Label-UV-Nagelgele von CNC","isPartOf":{"@id":"https:\/\/www.cncinternational.eu\/de\/#website"},"datePublished":"2022-02-08T13:38:12+00:00","dateModified":"2025-12-23T14:23:05+00:00","description":"HEMA- & TPO-freie Private-Label-UV-Nagelgele von CNC. Gro\u00dfe Auswahl an Base Gels, Builder Gels & Top Coats. Entdecken Sie unser Sortiment!","breadcrumb":{"@id":"https:\/\/www.cncinternational.eu\/de\/nagelprodukte\/uv-gele\/#breadcrumb"},"inLanguage":"de","potentialAction":[{"@type":"ReadAction","target":["https:\/\/www.cncinternational.eu\/de\/nagelprodukte\/uv-gele\/"]}]},{"@type":"BreadcrumbList","@id":"https:\/\/www.cncinternational.eu\/de\/nagelprodukte\/uv-gele\/#breadcrumb","itemListElement":[{"@type":"ListItem","position":1,"name":"Home","item":"https:\/\/www.cncinternational.eu\/de\/"},{"@type":"ListItem","position":2,"name":"Produkt","item":"https:\/\/www.cncinternational.eu\/de\/nagelprodukte\/"},{"@type":"ListItem","position":3,"name":"UV Gel"}]},{"@type":"WebSite","@id":"https:\/\/www.cncinternational.eu\/de\/#website","url":"https:\/\/www.cncinternational.eu\/de\/","name":"CNC International","description":"Just another WordPress site","potentialAction":[{"@type":"SearchAction","target":{"@type":"EntryPoint","urlTemplate":"https:\/\/www.cncinternational.eu\/de\/?s={search_term_string}"},"query-input":{"@type":"PropertyValueSpecification","valueRequired":true,"valueName":"search_term_string"}}],"inLanguage":"de"}]}},"_links":{"self":[{"href":"https:\/\/www.cncinternational.eu\/de\/wp-json\/wp\/v2\/pages\/1397","targetHints":{"allow":["GET"]}}],"collection":[{"href":"https:\/\/www.cncinternational.eu\/de\/wp-json\/wp\/v2\/pages"}],"about":[{"href":"https:\/\/www.cncinternational.eu\/de\/wp-json\/wp\/v2\/types\/page"}],"author":[{"embeddable":true,"href":"https:\/\/www.cncinternational.eu\/de\/wp-json\/wp\/v2\/users\/7"}],"replies":[{"embeddable":true,"href":"https:\/\/www.cncinternational.eu\/de\/wp-json\/wp\/v2\/comments?post=1397"}],"version-history":[{"count":31,"href":"https:\/\/www.cncinternational.eu\/de\/wp-json\/wp\/v2\/pages\/1397\/revisions"}],"predecessor-version":[{"id":13773,"href":"https:\/\/www.cncinternational.eu\/de\/wp-json\/wp\/v2\/pages\/1397\/revisions\/13773"}],"up":[{"embeddable":true,"href":"https:\/\/www.cncinternational.eu\/de\/wp-json\/wp\/v2\/pages\/1367"}],"wp:attachment":[{"href":"https:\/\/www.cncinternational.eu\/de\/wp-json\/wp\/v2\/media?parent=1397"}],"curies":[{"name":"wp","href":"https:\/\/api.w.org\/{rel}","templated":true}]}}