{"id":1377,"date":"2023-09-12T07:50:22","date_gmt":"2023-09-12T07:50:22","guid":{"rendered":"https:\/\/www.cncinternational.eu\/?page_id=1377"},"modified":"2025-12-23T10:56:30","modified_gmt":"2025-12-23T10:56:30","slug":"acryl-pulver","status":"publish","type":"page","link":"https:\/\/www.cncinternational.eu\/de\/nagelprodukte\/acryl-pulver\/","title":{"rendered":"Acryl-Pulver"},"content":{"rendered":"  \t\n\t  <header class=\"main-header \">\n\t\t<!-- For mobile -->\n\t\t<div class=\"d-block d-sm-none\">\n\t\t  <div class=\"container-fluid px-0\">\n\t\t\t<div class=\"container g-0\">\n\t\t\t  <div class=\"row g-0 justify-content-start align-items-center\">\n\t\t\t\t<div class=\"col-12 d-sm-none\">\n\t\t\t\t  <div class=\"header-image\">\n\t\t\t\t\t\t\t\t\t\t\t\t<img fetchpriority=\"high\" decoding=\"async\" src=\"https:\/\/www.cncinternational.eu\/wp-content\/uploads\/2021\/12\/Private-labeling-acrylic-powder-liquids-bulk-scaled.jpg\" alt=\"Eigenmarke Acryl-Pulver Fl\u00fcssigkeiten Bulk-Ware\" width=\"2560\" height=\"1927\" loading=\"eager\">\n\t\t\t\t\t\t\t\t\t\t  <\/div>\n\t\t\t\t<\/div>\n\t\t\t\t<div class=\"offset-md-6 col-md-6\">\n\t\t\t\t  <div class=\"header-text\">\n\t\t\t\t\t<p class=\"mobile-title\">Acryl-Pulver<\/p>\n\t\t\t\t\t<p>CNC International bietet eine breite Palette von Acryl-Pulver und Fl\u00fcssigkeiten f\u00fcr die professionelle Nagelindustrie.<\/p>\n\t\t\t\t\t\t\t\t\t\t\t\t\t\t\t\t\t\t<a class=\"btn mb-3\" href=\"\/de\/kontakt#contact\">\n\t\t\t\t\t\t\t\tOnline-Brosch\u00fcre anfordern\t\t\t\t\t\t\t<\/a>\n\t\t\t\t\t\t\t\t\t\t\t\t\t\t\t\t\t\t\t\t  <\/div>\n\t\t\t\t<\/div>\n\t\t\t  <\/div>\n\t\t\t<\/div>\n\t\t  <\/div>\n\t\t<\/div>\n\t\t<!-- \/For mobile -->\n\t\t\n\t\t<!-- For desktop -->\n\t\t<div class=\"d-none d-sm-block\">\n\t\t  <div class=\"container-fluid px-0\" >\n\t\t\t<div class=\"header-bg\" style=\"background-image: url('https:\/\/www.cncinternational.eu\/wp-content\/uploads\/2021\/12\/Private-labeling-acrylic-powder-liquids-bulk-scaled.jpg');\">\n\t\t\t\t\n\t\t\t<\/div>\n\t\t\t<div class=\"container g-0\">\n\t\t\t  <div class=\"row g-0 justify-content-start align-items-center\">\n\t\t\t\t<div class=\"offset-md-6 col-md-6\">\n\t\t\t\t  <div class=\"header-text\">\n\t\t\t\t\t<h1>Acryl-Pulver<\/h1>\n\t\t\t\t\t<p>CNC International bietet eine breite Palette von Acryl-Pulver und Fl\u00fcssigkeiten f\u00fcr die professionelle Nagelindustrie.<\/p>\n\t\t\t\t\n\t\t\t\t\t\t\t\t\t\t\t\t\t\t\t\t\t\t<a class=\"btn mb-3\" href=\"\/de\/kontakt#contact\">\n\t\t\t\t\t\tOnline-Brosch\u00fcre anfordern\t\t\t\t\t\t\t<\/a>\n\t\t\t\t\t\t\t\t\t\t\t\t\t\t\t\t\t\t\t\t  <\/div>\n\t\t\t\t<\/div>\n\t\t\t  <\/div>\n\t\t\t<\/div>\n\t\t  <\/div>\n\t\t<\/div>\n\t\t<!-- \/For desktop -->\n\t  <\/header>\n\t  \n\t  \t\n\n\t<section class=\"video  d-none \" style=\"background: linear-gradient(180deg, rgba(54,39,131,1) 0%, rgba(168,157,205,1) 100%);\" >\n\t\t<div class=\"container px-0\">\n\t\t\t<div class=\"row g-0\">\n\t\t\t\t<div class=\"col-12\">\n\t\t\t\t\t<div class=\"welcome-box\">\n\t\t\t\t\t\t<h2><\/h2>\n\t\t\t\t\t<\/div>\n\t\t\t\t\t\t\t\t\t\t\t                    \t\t\t\t<\/div>\n\t\t\t<\/div>\n\t\t<\/div>\n\t<\/section>\n\n\n\t<section class=\"news\">\n\t\t<div class=\"container p-0 \">\n\t\t\t<div class=\"row g-0\">\n\t\t\t\t<div class=\"col-12 overlap bg-white\">\n\t\t\t\t\t\t\t\t\t\t\t\t\t\t\t\t\t\t\t\t\t\t<!-- Start row -->\n\t\t\t\t\t\t\t\t\t\t\t\t\t\t\t\t\t\t\t\t\t\t\t\t\t\t\t\t\t\t\t\t\t\t\t\t\n\t\t\t\t\t\t\t\t\t<div class=\"row g-0 align-items-center\">\n\t\t\t\t\t\t\t\t\t\t<div class=\"col-12 col-md col-img img-wrapper\">\n\t\t\t\t\t\t\t\t\t\t\t\t\t\t\t\t\t\t\t\t\t\t\t\t\t\t\t\t\t\t\t\t\t\t<img loading=\"lazy\" decoding=\"async\" src=\"https:\/\/www.cncinternational.eu\/wp-content\/uploads\/2021\/12\/Acrylics-powders-bulk.jpg\"\n\t\t\t\t\t\t\t\t\t\t\t\t\talt=\"Acryl-Pulver Bulk-Ware\" width=\"1445\" height=\"813\">\n\t\t\t\t\t\t\t\t\t\t\t\t\t\t\t\t\t\t\t\t\t<\/div>\n\t\t\t\t\t\t\t\t\t\t<div class=\"col-12 col-md col-excerpt\">\n\t\t\t\t\t\t\t\t\t\t\t<div class=\"excerpt-wrapper\">\n\t\t\t\t\t\t\t\t\t\t\t\t<h4>Acryl-pulver<\/h4>\n\t\t\t\t\t\t\t\t\t\t\t\t<p>Unsere Acryl-Pulver sind als 2 verschiedene Rezepturen erh\u00e4ltlich, sodass jeder Kunde seinen pers\u00f6nlichen Favoriten w\u00e4hlen kann: Winning Powder oder Victory Powder?<\/p>\n\t\t\t\t\t\t\t\t\t\t\t\t\t\t\t\t\t\t\t\t\t\t\t<\/div>\n\t\t\t\t\t\t\t\t\t\t<\/div>\n\t\t\t\t\t\t\t\t\t<\/div>\n\t\t\t\t\t\t\t\t\n\t\t\t\t\t\t\t\n\t\t\t\t\t\t\t\t\t\t\t\t\t\t\t\t\t\t\t\t\t\t\t\t\t\t\t\t\t\t\t\t\t\t\t\t\t\t\t\t\t\t\t\t\t\t\t\t\t\t\t\t<div class=\"row g-0 align-items-center\">\n\t\t\t\t\t\t\t\t\t\t<div class=\"col-12 col-md col-excerpt\">\n\t\t\t\t\t\t\t\t\t\t\t<div class=\"excerpt-wrapper\">\n\t\t\t\t\t\t\t\t\t\t\t\t<h4>Fl\u00fcssig acryl<\/h4>\n\t\t\t\t\t\t\t\t\t\t\t\t<p>Es stehen 2 Acryl-Produktlinien zur Auswahl: Winning Acrylics und Victory Acrylics. Ebenso 2 Acryl-Fl\u00fcssigkeiten, um eine einfache Verarbeitung auf allen Niveaustufen zu gew\u00e4hrleisten: Ganz gleich, welche Acryl-Produktlinie Sie bevorzugen; in Verbindung mit Fast Liquid lassen sich durch die erfahrenen Techniker gro\u00dfartige, preisgekr\u00f6nte N\u00e4gel kreieren. W\u00e4hrend Slow Liquid es allen Anf\u00e4ngern erlaubt, die perfekten N\u00e4gel in aller Ruhe zu modellieren.<\/p>\n\t\t\t\t\t\t\t\t\t\t\t\t\t\t\t\t\t\t\t\t\t\t\t<\/div>\n\t\t\t\t\t\t\t\t\t\t<\/div>\n\t\t\t\t\t\t\t\t\t\t<div class=\"col-12 col-md col-img img-wrapper\">\n\t\t\t\t\t\t\t\t\t\t\t\t\t\t\t\t\t\t\t\t\t\t\t\t\t\t\t\t\t\t\t\t\t\t\t\t<img loading=\"lazy\" decoding=\"async\" src=\"https:\/\/www.cncinternational.eu\/wp-content\/uploads\/2021\/12\/Acrylic-babyboom-almond-shape-manicure.jpg\"\n\t\t\t\t\t\t\t\t\t\t\t\t\t\talt=\"Acryl Babyboom Mandelform Manik\u00fcre\" width=\"1445\" height=\"813\">\n\t\t\t\t\t\t\t\t\t\t\t\t\t\t\t\t\t\t\t\t\t\t\t\t\t\t\t\t\t\t\t\t\t<\/div>\n\t\t\t\t\t\t\t\t\t<\/div>\n\t\t\t\t\t\t\t\t\n\t\t\t\t\t\t\t\n\t\t\t\t\t\t\t\t\t\t\t\t\t\t\t\t\t\t\t<!-- End row -->\n\t\t\t\t\t\t\t\t\t<\/div>\n\t\t\t<\/div>\n\t\t<\/div>\n\t<\/section>\n\n\t\n\n      \t<section class=\"contact-block ud_catalogue image-and-description gradient-bg slipped-section\" id=\"\">\n\t\t<div class=\"container\">\n\t\t\t<div class=\"row justify-content-center\">\n\t\t\t\t<div class=\"col-12 col-md-12 col-lg-10\">\n\t\t\t\t\t<div class=\"form-wrapper\">\n\t\t\t\t\t\t<div class=\"col-12\">\n\t\t\t\t\t\t\t<div class=\"row flex-column-reverse flex-lg-row\">\n\t\t\t\t\t\t\t\t<div class=\"col-12 col-md col-excerpt\">\n\t\t\t\t\t\t\t\t\t<div class=\"excerpt-wrapper\">\n\t\t\t\t\t\t\t\t\t\t<h4 class=\"form-title text-center\">Sehen Sie sich unsere kompakte Online-Brosch\u00fcre mit den besten TPO- und HEMA-freien Nagelprodukten an.<\/h4>\t\t\t\t\t\t\t\t\t\t\t\t\t\t\t\t\t\t\t\t\t<div class=\"form-description\">\n\t\t\t\t\t\t\t\t\t\t\t\t<p>In unserer E-Brosch\u00fcre 2026 finden Sie:<\/p>\n<ul>\n<li>Unsere meistverkauften und neuen UV-Gel-Produkte 2026<\/li>\n<li>Startpreise pro Liter<\/li>\n<li>Wichtigste Vorteile einer Zusammenarbeit mit CNC<\/li>\n<\/ul>\n\t\t\t\t\t\t\t\t\t\t\t<\/div>\n\t\t\t\t\t\t\t\t\t\t\t\n\t\t\t\t\t\t\t\t\t\t\t\t\t\t\t\t\t\t\t\t\t\t\t\t\t\t\t\t\t\t\t\t\t<div class=\"form d-flex justify-content-md-center\">\n\t\t\t\t\t\t\t\t\t\t\t\t\t\t\t\t\t\t\t\t\t\t\t\t\t\t\t\t\t\t\t\t\t\t\t\t\t\t\t\t<a class=\"btn\" href=\"\/de\/kontakt#contact\" target=\"_self\">CNC Online-Brosch\u00fcre anfordern<\/a>\n\t\t\t\t\t\t\t\t\t\t\t\t\t\t\t\t\t\t\t\t\t\t\t\t\t<\/div>\n\t\t\t\t\t\t\t\t\t\t\t\t\t\t\t\t\t\t\t\t\t\t\t\t\t\n\t\t\t\t\t\t\t\t\t<\/div>\n\t\t\t\t\t\t\t\t<\/div>\n\t\t\t\t\t\t\t\t<div class=\"col-6 col-md-4 mx-auto col-img img-wrapper\">\n\t\t\t\t\t\t\t\t\t<img decoding=\"async\" src=\"https:\/\/www.cncinternational.eu\/wp-content\/uploads\/2025\/08\/Telefoon-EP.png\" alt=\"\">\n\t\t\t\t\t\t\t\t<\/div>\n\t\t\t\t\t\t\t<\/div>\n\t\t\t\t\t\t<\/div>\n\t\t\t\t\t\t\n\t\t\t\t\t<\/div>\n\t\t\t\t<\/div>\n\t\t\t\t\n\t\t\t<\/div>\n\t\t<\/div>\n\t<\/section>\n  \t\n  \t\n\t","protected":false},"excerpt":{"rendered":"","protected":false},"author":7,"featured_media":671,"parent":1367,"menu_order":0,"comment_status":"closed","ping_status":"closed","template":"","meta":{"_acf_changed":false,"inline_featured_image":false,"footnotes":""},"class_list":["post-1377","page","type-page","status-publish","has-post-thumbnail","hentry"],"acf":[],"yoast_head":"<!-- This site is optimized with the Yoast SEO plugin v27.4 - https:\/\/yoast.com\/product\/yoast-seo-wordpress\/ -->\n<title>Professionelle Acrylnagelprodukte - CNC International<\/title>\n<meta name=\"description\" content=\"CNC International bietet eine gro\u00dfe Auswahl an Acrylnagelprodukten f\u00fcr die professionelle Nagelindustrie. Wie fl\u00fcssig acryl und -pulver. Entdecken!\" \/>\n<meta name=\"robots\" content=\"index, follow, max-snippet:-1, max-image-preview:large, max-video-preview:-1\" \/>\n<link rel=\"canonical\" href=\"https:\/\/www.cncinternational.eu\/de\/nagelprodukte\/acryl-pulver\/\" \/>\n<meta property=\"og:locale\" content=\"de_DE\" \/>\n<meta property=\"og:type\" content=\"article\" \/>\n<meta property=\"og:title\" content=\"Professionelle Acrylnagelprodukte - CNC International\" \/>\n<meta property=\"og:description\" content=\"CNC International bietet eine gro\u00dfe Auswahl an Acrylnagelprodukten f\u00fcr die professionelle Nagelindustrie. Wie fl\u00fcssig acryl und -pulver. Entdecken!\" \/>\n<meta property=\"og:url\" content=\"https:\/\/www.cncinternational.eu\/de\/nagelprodukte\/acryl-pulver\/\" \/>\n<meta property=\"og:site_name\" content=\"CNC International\" \/>\n<meta property=\"article:modified_time\" content=\"2025-12-23T10:56:30+00:00\" \/>\n<meta property=\"og:image\" content=\"https:\/\/www.cncinternational.eu\/wp-content\/uploads\/2021\/12\/Private-labeling-acrylic-powder-liquids-bulk-scaled.jpg\" \/>\n\t<meta property=\"og:image:width\" content=\"2560\" \/>\n\t<meta property=\"og:image:height\" content=\"1927\" \/>\n\t<meta property=\"og:image:type\" content=\"image\/jpeg\" \/>\n<meta name=\"twitter:card\" content=\"summary_large_image\" \/>\n<meta name=\"twitter:label1\" content=\"Gesch\u00e4tzte Lesezeit\" \/>\n\t<meta name=\"twitter:data1\" content=\"1\u00a0Minute\" \/>\n<script type=\"application\/ld+json\" class=\"yoast-schema-graph\">{\"@context\":\"https:\\\/\\\/schema.org\",\"@graph\":[{\"@type\":\"WebPage\",\"@id\":\"https:\\\/\\\/www.cncinternational.eu\\\/de\\\/nagelprodukte\\\/acryl-pulver\\\/\",\"url\":\"https:\\\/\\\/www.cncinternational.eu\\\/de\\\/nagelprodukte\\\/acryl-pulver\\\/\",\"name\":\"Professionelle Acrylnagelprodukte - CNC International\",\"isPartOf\":{\"@id\":\"https:\\\/\\\/www.cncinternational.eu\\\/de\\\/#website\"},\"primaryImageOfPage\":{\"@id\":\"https:\\\/\\\/www.cncinternational.eu\\\/de\\\/nagelprodukte\\\/acryl-pulver\\\/#primaryimage\"},\"image\":{\"@id\":\"https:\\\/\\\/www.cncinternational.eu\\\/de\\\/nagelprodukte\\\/acryl-pulver\\\/#primaryimage\"},\"thumbnailUrl\":\"https:\\\/\\\/www.cncinternational.eu\\\/wp-content\\\/uploads\\\/2021\\\/12\\\/Private-labeling-acrylic-powder-liquids-bulk-scaled.jpg\",\"datePublished\":\"2023-09-12T07:50:22+00:00\",\"dateModified\":\"2025-12-23T10:56:30+00:00\",\"description\":\"CNC International bietet eine gro\u00dfe Auswahl an Acrylnagelprodukten f\u00fcr die professionelle Nagelindustrie. Wie fl\u00fcssig acryl und -pulver. Entdecken!\",\"breadcrumb\":{\"@id\":\"https:\\\/\\\/www.cncinternational.eu\\\/de\\\/nagelprodukte\\\/acryl-pulver\\\/#breadcrumb\"},\"inLanguage\":\"de\",\"potentialAction\":[{\"@type\":\"ReadAction\",\"target\":[\"https:\\\/\\\/www.cncinternational.eu\\\/de\\\/nagelprodukte\\\/acryl-pulver\\\/\"]}]},{\"@type\":\"ImageObject\",\"inLanguage\":\"de\",\"@id\":\"https:\\\/\\\/www.cncinternational.eu\\\/de\\\/nagelprodukte\\\/acryl-pulver\\\/#primaryimage\",\"url\":\"https:\\\/\\\/www.cncinternational.eu\\\/wp-content\\\/uploads\\\/2021\\\/12\\\/Private-labeling-acrylic-powder-liquids-bulk-scaled.jpg\",\"contentUrl\":\"https:\\\/\\\/www.cncinternational.eu\\\/wp-content\\\/uploads\\\/2021\\\/12\\\/Private-labeling-acrylic-powder-liquids-bulk-scaled.jpg\",\"width\":2560,\"height\":1927,\"caption\":\"Private labeling acrylic powder liquids bulk\"},{\"@type\":\"BreadcrumbList\",\"@id\":\"https:\\\/\\\/www.cncinternational.eu\\\/de\\\/nagelprodukte\\\/acryl-pulver\\\/#breadcrumb\",\"itemListElement\":[{\"@type\":\"ListItem\",\"position\":1,\"name\":\"Home\",\"item\":\"https:\\\/\\\/www.cncinternational.eu\\\/de\\\/\"},{\"@type\":\"ListItem\",\"position\":2,\"name\":\"Produkt\",\"item\":\"https:\\\/\\\/www.cncinternational.eu\\\/de\\\/nagelprodukte\\\/\"},{\"@type\":\"ListItem\",\"position\":3,\"name\":\"Acryl-Pulver\"}]},{\"@type\":\"WebSite\",\"@id\":\"https:\\\/\\\/www.cncinternational.eu\\\/de\\\/#website\",\"url\":\"https:\\\/\\\/www.cncinternational.eu\\\/de\\\/\",\"name\":\"CNC International\",\"description\":\"Just another WordPress site\",\"potentialAction\":[{\"@type\":\"SearchAction\",\"target\":{\"@type\":\"EntryPoint\",\"urlTemplate\":\"https:\\\/\\\/www.cncinternational.eu\\\/de\\\/?s={search_term_string}\"},\"query-input\":{\"@type\":\"PropertyValueSpecification\",\"valueRequired\":true,\"valueName\":\"search_term_string\"}}],\"inLanguage\":\"de\"}]}<\/script>\n<!-- \/ Yoast SEO plugin. -->","yoast_head_json":{"title":"Professionelle Acrylnagelprodukte - CNC International","description":"CNC International bietet eine gro\u00dfe Auswahl an Acrylnagelprodukten f\u00fcr die professionelle Nagelindustrie. Wie fl\u00fcssig acryl und -pulver. Entdecken!","robots":{"index":"index","follow":"follow","max-snippet":"max-snippet:-1","max-image-preview":"max-image-preview:large","max-video-preview":"max-video-preview:-1"},"canonical":"https:\/\/www.cncinternational.eu\/de\/nagelprodukte\/acryl-pulver\/","og_locale":"de_DE","og_type":"article","og_title":"Professionelle Acrylnagelprodukte - CNC International","og_description":"CNC International bietet eine gro\u00dfe Auswahl an Acrylnagelprodukten f\u00fcr die professionelle Nagelindustrie. Wie fl\u00fcssig acryl und -pulver. Entdecken!","og_url":"https:\/\/www.cncinternational.eu\/de\/nagelprodukte\/acryl-pulver\/","og_site_name":"CNC International","article_modified_time":"2025-12-23T10:56:30+00:00","og_image":[{"width":2560,"height":1927,"url":"https:\/\/www.cncinternational.eu\/wp-content\/uploads\/2021\/12\/Private-labeling-acrylic-powder-liquids-bulk-scaled.jpg","type":"image\/jpeg"}],"twitter_card":"summary_large_image","twitter_misc":{"Gesch\u00e4tzte Lesezeit":"1\u00a0Minute"},"schema":{"@context":"https:\/\/schema.org","@graph":[{"@type":"WebPage","@id":"https:\/\/www.cncinternational.eu\/de\/nagelprodukte\/acryl-pulver\/","url":"https:\/\/www.cncinternational.eu\/de\/nagelprodukte\/acryl-pulver\/","name":"Professionelle Acrylnagelprodukte - CNC International","isPartOf":{"@id":"https:\/\/www.cncinternational.eu\/de\/#website"},"primaryImageOfPage":{"@id":"https:\/\/www.cncinternational.eu\/de\/nagelprodukte\/acryl-pulver\/#primaryimage"},"image":{"@id":"https:\/\/www.cncinternational.eu\/de\/nagelprodukte\/acryl-pulver\/#primaryimage"},"thumbnailUrl":"https:\/\/www.cncinternational.eu\/wp-content\/uploads\/2021\/12\/Private-labeling-acrylic-powder-liquids-bulk-scaled.jpg","datePublished":"2023-09-12T07:50:22+00:00","dateModified":"2025-12-23T10:56:30+00:00","description":"CNC International bietet eine gro\u00dfe Auswahl an Acrylnagelprodukten f\u00fcr die professionelle Nagelindustrie. Wie fl\u00fcssig acryl und -pulver. Entdecken!","breadcrumb":{"@id":"https:\/\/www.cncinternational.eu\/de\/nagelprodukte\/acryl-pulver\/#breadcrumb"},"inLanguage":"de","potentialAction":[{"@type":"ReadAction","target":["https:\/\/www.cncinternational.eu\/de\/nagelprodukte\/acryl-pulver\/"]}]},{"@type":"ImageObject","inLanguage":"de","@id":"https:\/\/www.cncinternational.eu\/de\/nagelprodukte\/acryl-pulver\/#primaryimage","url":"https:\/\/www.cncinternational.eu\/wp-content\/uploads\/2021\/12\/Private-labeling-acrylic-powder-liquids-bulk-scaled.jpg","contentUrl":"https:\/\/www.cncinternational.eu\/wp-content\/uploads\/2021\/12\/Private-labeling-acrylic-powder-liquids-bulk-scaled.jpg","width":2560,"height":1927,"caption":"Private labeling acrylic powder liquids bulk"},{"@type":"BreadcrumbList","@id":"https:\/\/www.cncinternational.eu\/de\/nagelprodukte\/acryl-pulver\/#breadcrumb","itemListElement":[{"@type":"ListItem","position":1,"name":"Home","item":"https:\/\/www.cncinternational.eu\/de\/"},{"@type":"ListItem","position":2,"name":"Produkt","item":"https:\/\/www.cncinternational.eu\/de\/nagelprodukte\/"},{"@type":"ListItem","position":3,"name":"Acryl-Pulver"}]},{"@type":"WebSite","@id":"https:\/\/www.cncinternational.eu\/de\/#website","url":"https:\/\/www.cncinternational.eu\/de\/","name":"CNC International","description":"Just another WordPress site","potentialAction":[{"@type":"SearchAction","target":{"@type":"EntryPoint","urlTemplate":"https:\/\/www.cncinternational.eu\/de\/?s={search_term_string}"},"query-input":{"@type":"PropertyValueSpecification","valueRequired":true,"valueName":"search_term_string"}}],"inLanguage":"de"}]}},"_links":{"self":[{"href":"https:\/\/www.cncinternational.eu\/de\/wp-json\/wp\/v2\/pages\/1377","targetHints":{"allow":["GET"]}}],"collection":[{"href":"https:\/\/www.cncinternational.eu\/de\/wp-json\/wp\/v2\/pages"}],"about":[{"href":"https:\/\/www.cncinternational.eu\/de\/wp-json\/wp\/v2\/types\/page"}],"author":[{"embeddable":true,"href":"https:\/\/www.cncinternational.eu\/de\/wp-json\/wp\/v2\/users\/7"}],"replies":[{"embeddable":true,"href":"https:\/\/www.cncinternational.eu\/de\/wp-json\/wp\/v2\/comments?post=1377"}],"version-history":[{"count":28,"href":"https:\/\/www.cncinternational.eu\/de\/wp-json\/wp\/v2\/pages\/1377\/revisions"}],"predecessor-version":[{"id":13718,"href":"https:\/\/www.cncinternational.eu\/de\/wp-json\/wp\/v2\/pages\/1377\/revisions\/13718"}],"up":[{"embeddable":true,"href":"https:\/\/www.cncinternational.eu\/de\/wp-json\/wp\/v2\/pages\/1367"}],"wp:featuredmedia":[{"embeddable":true,"href":"https:\/\/www.cncinternational.eu\/de\/wp-json\/wp\/v2\/media\/671"}],"wp:attachment":[{"href":"https:\/\/www.cncinternational.eu\/de\/wp-json\/wp\/v2\/media?parent=1377"}],"curies":[{"name":"wp","href":"https:\/\/api.w.org\/{rel}","templated":true}]}}