{"id":1367,"date":"2022-02-08T12:21:26","date_gmt":"2022-02-08T12:21:26","guid":{"rendered":"https:\/\/www.cncinternational.eu\/?page_id=1367"},"modified":"2025-12-23T10:41:11","modified_gmt":"2025-12-23T10:41:11","slug":"nagelprodukte","status":"publish","type":"page","link":"https:\/\/www.cncinternational.eu\/de\/nagelprodukte\/","title":{"rendered":"Produkt"},"content":{"rendered":"  \t\n\t  <header class=\"main-header \">\n\t\t<!-- For mobile -->\n\t\t<div class=\"d-block d-sm-none\">\n\t\t  <div class=\"container-fluid px-0\">\n\t\t\t<div class=\"container g-0\">\n\t\t\t  <div class=\"row g-0 justify-content-start align-items-center\">\n\t\t\t\t<div class=\"col-12 d-sm-none\">\n\t\t\t\t  <div class=\"header-image\">\n\t\t\t\t\t\t\t\t\t\t\t\t<img fetchpriority=\"high\" decoding=\"async\" src=\"https:\/\/www.cncinternational.eu\/wp-content\/uploads\/2021\/12\/Private-labeling-nail-polish-manufacturer-products-scaled.jpg\" alt=\"Eigenmarken-Nagellack-Herstellerprodukte\" width=\"2560\" height=\"1927\" loading=\"eager\">\n\t\t\t\t\t\t\t\t\t\t  <\/div>\n\t\t\t\t<\/div>\n\t\t\t\t<div class=\"offset-md-6 col-md-6\">\n\t\t\t\t  <div class=\"header-text\">\n\t\t\t\t\t<p class=\"mobile-title\">Eine gro\u00dfe Palette an professionellen Nagelprodukten<\/p>\n\t\t\t\t\t<p>CNC International verf\u00fcgt \u00fcber eines der gr\u00f6\u00dften (gel)n\u00e4geln Sortimente an Eigenmarken. Seit nahezu 30 Jahren entwickelt und produziert CNC International eine Vielzahl von UV-Gelen und Gel-nagellacken f\u00fcr zahlreiche Nagelmarken weltweit.<\/p>\n<p>Erfahren Sie mehr \u00fcber unsere HEMA-, TPO- &amp; DiHEMA-freien Produkte<\/p>\n\t\t\t\t\t\t\t\t\t\t\t\t\t\t\t\t\t\t<a class=\"btn mb-3\" href=\"\/de\/kontakt#contact\">\n\t\t\t\t\t\t\t\tOnline-Brosch\u00fcre anfordern\t\t\t\t\t\t\t<\/a>\n\t\t\t\t\t\t\t\t\t\t\t\t\t\t\t\t\t\t\t\t  <\/div>\n\t\t\t\t<\/div>\n\t\t\t  <\/div>\n\t\t\t<\/div>\n\t\t  <\/div>\n\t\t<\/div>\n\t\t<!-- \/For mobile -->\n\t\t\n\t\t<!-- For desktop -->\n\t\t<div class=\"d-none d-sm-block\">\n\t\t  <div class=\"container-fluid px-0\" >\n\t\t\t<div class=\"header-bg\" style=\"background-image: url('https:\/\/www.cncinternational.eu\/wp-content\/uploads\/2021\/12\/Private-labeling-nail-polish-manufacturer-products-scaled.jpg');\">\n\t\t\t\t\n\t\t\t<\/div>\n\t\t\t<div class=\"container g-0\">\n\t\t\t  <div class=\"row g-0 justify-content-start align-items-center\">\n\t\t\t\t<div class=\"offset-md-6 col-md-6\">\n\t\t\t\t  <div class=\"header-text\">\n\t\t\t\t\t<h1>Eine gro\u00dfe Palette an professionellen Nagelprodukten<\/h1>\n\t\t\t\t\t<p>CNC International verf\u00fcgt \u00fcber eines der gr\u00f6\u00dften (gel)n\u00e4geln Sortimente an Eigenmarken. Seit nahezu 30 Jahren entwickelt und produziert CNC International eine Vielzahl von UV-Gelen und Gel-nagellacken f\u00fcr zahlreiche Nagelmarken weltweit.<\/p>\n<p>Erfahren Sie mehr \u00fcber unsere HEMA-, TPO- &amp; DiHEMA-freien Produkte<\/p>\n\t\t\t\t\n\t\t\t\t\t\t\t\t\t\t\t\t\t\t\t\t\t\t<a class=\"btn mb-3\" href=\"\/de\/kontakt#contact\">\n\t\t\t\t\t\tOnline-Brosch\u00fcre anfordern\t\t\t\t\t\t\t<\/a>\n\t\t\t\t\t\t\t\t\t\t\t\t\t\t\t\t\t\t\t\t  <\/div>\n\t\t\t\t<\/div>\n\t\t\t  <\/div>\n\t\t\t<\/div>\n\t\t  <\/div>\n\t\t<\/div>\n\t\t<!-- \/For desktop -->\n\t  <\/header>\n\t  \n\t  \t\n\n\t<section class=\"news\">\n\t\t<div class=\"container p-0 \">\n\t\t\t<div class=\"row g-0\">\n\t\t\t\t<div class=\"col-12 overlap bg-white\">\n\t\t\t\t\t\t\t\t\t\t\t\t\t\t\t\t\t\t\t\t\t\t<!-- Start row -->\n\t\t\t\t\t\t\t\t\t\t\t\t\t\t\t\t\t\t\t\t\t\t\t\t\t\t\t\t\t\t\t\t\t\t\t\t\n\t\t\t\t\t\t\t\t\t<div id=\"gelpolish\" class=\"row g-0 align-items-center\">\n\t\t\t\t\t\t\t\t\t\t<div class=\"col-12 col-md col-img img-wrapper\">\n\t\t\t\t\t\t\t\t\t\t\t\t\t\t\t\t\t\t\t\t\t\t\t\t\t\t\t\t\t\t\t\t\t\t<img loading=\"lazy\" decoding=\"async\" src=\"https:\/\/www.cncinternational.eu\/wp-content\/uploads\/2021\/12\/Gel-polish-manicure-nails-purple-violet-natural-nails.jpg\"\n\t\t\t\t\t\t\t\t\t\t\t\t\talt=\"Gel-Lack Manik\u00fcre N\u00e4gel lila violett nat\u00fcrliche N\u00e4gel\" width=\"1445\" height=\"813\">\n\t\t\t\t\t\t\t\t\t\t\t\t\t\t\t\t\t\t\t\t\t<\/div>\n\t\t\t\t\t\t\t\t\t\t<div class=\"col-12 col-md col-excerpt\">\n\t\t\t\t\t\t\t\t\t\t\t<div class=\"excerpt-wrapper\">\n\t\t\t\t\t\t\t\t\t\t\t\t<h4>Gellack<\/h4>\n\t\t\t\t\t\t\t\t\t\t\t\t<p>Die neueste Generation des gel nagellacks ist hier! Dieses professionelle 3-Phasen-System vereint in schierer Perfektion Haltbarkeit und problemloses Entfernen. Traumhafte Farben, ein einzigartiger Hochglanz, keine klebrige Oberfl\u00e4che und Kratzfestigkeit. Und das Beste: Die UV-Gel-Nagellackfarben lassen sich in nur zehn Minuten problemlos entfernen. Ohne Feilen!\r\n<ul>\r\n<li>Erh\u00e4ltlich in mehr als 200 Geln\u00e4gel-Farben und Glanzt\u00f6nen<\/li>\r\n<li>4 Trendkollektionen j\u00e4hrlich<\/li>\r\n<li>Einfaches Entfernen in nur 10 Minuten<\/li>\r\n<li>HEMA-frei, DIHEMA-frei und TPO-frei<\/li>\r\n<\/ul>\r\n<\/p>\n\t\t\t\t\t\t\t\t\t\t\t\t\t\t\t\t\t\t\t\t\t\t\t\t\t\t\t\t\t\t\t\t\t\t\t\t\t\t\t\t\t\t\t\t\t\t\t\t\t\t\t\t\t\t\t\t\t\t\t\t\t\t\t\t\t\t\t\t\t\t<a href=\"\/de\/product\/gel-polish\/\" class=\"btn\">Mehr \u00fcber Gel-Lack<\/a>\n\t\t\t\t\t\t\t\t\t\t\t\t\t\t\t\n\t\t\t\t\t\t\t\t\t\t\t\t\t\t\n\t\t\t\t\t\t\t\t\t\t\t\t\t\n\t\t\t\t\t\t\t\t\t\t\t\t\t<!-- Another button -->\n\t\t\t\t\t\t\t\t\t\t\t\t\t\t\t\t\t\t\t\t\t\t\t\t\t\t\t\t\t\t\t\t\t\t\t\t<\/div>\n\t\t\t\t\t\t\t\t\t\t<\/div>\n\t\t\t\t\t\t\t\t\t<\/div>\n\t\t\t\t\t\t\t\t\n\t\t\t\t\t\t\t\n\t\t\t\t\t\t\t\t\t\t\t\t\t\t\t\t\t\t\t\t\t\t\t\t\t\t\t\t\t\t\t\t\t\t\t\t\t\t\t\t\t\t\t\t\t\t\t\t\t\t\t\t<div id=\"uvgels\" class=\"row g-0 align-items-center\">\n\t\t\t\t\t\t\t\t\t\t<div class=\"col-12 col-md col-excerpt\">\n\t\t\t\t\t\t\t\t\t\t\t<div class=\"excerpt-wrapper\">\n\t\t\t\t\t\t\t\t\t\t\t\t<h4>UV-Gele<\/h4>\n\t\t\t\t\t\t\t\t\t\t\t\t<p>Die Herstellung von UV-Gele stellt das Herzst\u00fcck des Unternehmens CNC International dar. Wir f\u00fchren ein umfangreiches Sortiment an UV-Nagel gel in unserer Standardkollektion. Die Standardkollektion umfasst Grundiergele, Aufbaugele, Fiberglas-Gele, 1-Phasen-Gele, Versiegelungsgele.\r\n<ul >\r\n<li>UV-Grundiergele<\/li>\r\n<li>UV-Ausbaugele<\/li>\r\n<li>UV-Versiegelungsgele<\/li>\r\n<li>UV-1-Phasen-Gele<\/li>\r\n<\/ul>\t<\/p>\n\t\t\t\t\t\t\t\t\t\t\t\t\t\t\t\t\t\t\t\t\t\t\t\t\t\t\t\t\t\t\t\t\t\t\t\t\t\t\t\t\t\t\t\t\t\t\t\t\t\t\t\t\t\t\t\t\t\t\t\t\t\t\t\t\t\t\t\t\t\t<a href=\"\/de\/product\/uv-gels\/\" class=\"btn\">Entdecken Sie alle UV-Gele<\/a>\n\t\t\t\t\t\t\t\t\t\t\t\t\t\t\t\n\t\t\t\t\t\t\t\t\t\t\t\t\t\t\n\t\t\t\t\t\t\t\t\t\t\t\t\t\n\t\t\t\t\t\t\t\t\t\t\t\t\t<!-- Another button -->\n\t\t\t\t\t\t\t\t\t\t\t\t\t\t\t\t\t\t\t\t\t\t\t\t\t\t\t\t\t\t\t\t\t\t\t\t<\/div>\n\t\t\t\t\t\t\t\t\t\t<\/div>\n\t\t\t\t\t\t\t\t\t\t<div class=\"col-12 col-md col-img img-wrapper\">\n\t\t\t\t\t\t\t\t\t\t\t\t\t\t\t\t\t\t\t\t\t\t\t\t\t\t\t\t\t\t\t\t\t\t\t\t<img loading=\"lazy\" decoding=\"async\" src=\"https:\/\/www.cncinternational.eu\/wp-content\/uploads\/2021\/12\/UV-nails-fiber-gel.jpg\"\n\t\t\t\t\t\t\t\t\t\t\t\t\t\talt=\"UV-Nagel-Fiberglas-Gel\" width=\"1445\" height=\"813\">\n\t\t\t\t\t\t\t\t\t\t\t\t\t\t\t\t\t\t\t\t\t\t\t\t\t\t\t\t\t\t\t\t\t<\/div>\n\t\t\t\t\t\t\t\t\t<\/div>\n\t\t\t\t\t\t\t\t\n\t\t\t\t\t\t\t\n\t\t\t\t\t\t\t\t\t\t\t\t\t\t\t\t\t\t\t\t\t\t\t\t\t\t\t\t\t\t\t\t\t\t\t\t\t\t\t\t\t\t\t\n\t\t\t\t\t\t\t\t\t<div id=\"acrylics\" class=\"row g-0 align-items-center\">\n\t\t\t\t\t\t\t\t\t\t<div class=\"col-12 col-md col-img img-wrapper\">\n\t\t\t\t\t\t\t\t\t\t\t\t\t\t\t\t\t\t\t\t\t\t\t\t\t\t\t\t\t\t\t\t\t\t<img loading=\"lazy\" decoding=\"async\" src=\"https:\/\/www.cncinternational.eu\/wp-content\/uploads\/2021\/12\/Many-colors-acrylic-powders-bulk.jpg\"\n\t\t\t\t\t\t\t\t\t\t\t\t\talt=\"Viele Farben Acryl-Pulver Bulk-Ware\" width=\"1445\" height=\"813\">\n\t\t\t\t\t\t\t\t\t\t\t\t\t\t\t\t\t\t\t\t\t<\/div>\n\t\t\t\t\t\t\t\t\t\t<div class=\"col-12 col-md col-excerpt\">\n\t\t\t\t\t\t\t\t\t\t\t<div class=\"excerpt-wrapper\">\n\t\t\t\t\t\t\t\t\t\t\t\t<h4>Acryl f\u00fcr N\u00e4gel <\/h4>\n\t\t\t\t\t\t\t\t\t\t\t\t<p>CNC International bietet eine Vielzahl von Acryln\u00e4gel produkten. Es stehen 2 Acryl-Produktlinien zur Auswahl. Dank der Verwendung von langsamer oder schneller Acrylfl\u00fcssigkeit eignen sich beide Produktlinien f\u00fcr Nageltechniker aller Niveaustufen.\r\n<ul>\r\n<li>Winning-Acryl-Pulver<\/li>\r\n<li>Victory-Acryl-Pulver<\/li>\r\n<li>Acryl-Fl\u00fcssigkeiten<\/li>\r\n<\/ul><\/p>\n\t\t\t\t\t\t\t\t\t\t\t\t\t\t\t\t\t\t\t\t\t\t\t\t\t\t\t\t\t\t\t\t\t\t\t\t\t\t\t\t\t\t\t\t\t\t\t\t\t\t\t\t\t\t\t\t\t\t\t\t\t\t\t\t\t\t\t\t\t\t<a href=\"\/de\/product\/acrylics\/\" class=\"btn\">Entdecken Sie unser Acryl-Sortiment<\/a>\n\t\t\t\t\t\t\t\t\t\t\t\t\t\t\t\n\t\t\t\t\t\t\t\t\t\t\t\t\t\t\n\t\t\t\t\t\t\t\t\t\t\t\t\t\n\t\t\t\t\t\t\t\t\t\t\t\t\t<!-- Another button -->\n\t\t\t\t\t\t\t\t\t\t\t\t\t\t\t\t\t\t\t\t\t\t\t\t\t\t\t\t\t\t\t\t\t\t\t\t<\/div>\n\t\t\t\t\t\t\t\t\t\t<\/div>\n\t\t\t\t\t\t\t\t\t<\/div>\n\t\t\t\t\t\t\t\t\n\t\t\t\t\t\t\t\n\t\t\t\t\t\t\t\t\t\t\t\t\t\t\t\t\t\t\t\t\t\t\t\t\t\t\t\t\t\t\t\t\t\t\t\t\t\t\t\t\t\t\t\t\t\t\t\t\t\t\t\t<div id=\"supproduct\" class=\"row g-0 align-items-center\">\n\t\t\t\t\t\t\t\t\t\t<div class=\"col-12 col-md col-excerpt\">\n\t\t\t\t\t\t\t\t\t\t\t<div class=\"excerpt-wrapper\">\n\t\t\t\t\t\t\t\t\t\t\t\t<h4>Erg\u00e4nzungsprodukte<\/h4>\n\t\t\t\t\t\t\t\t\t\t\t\t<p>Um Ihr Sortiment an professionellen Nagelprodukten zu vervollst\u00e4ndigen, liefert CNC International hochwertige Erg\u00e4nzungsprodukte wie z.B. Entferner und Fl\u00fcssigkeiten zur Nagelvorbereitung.<\/p>\n\t\t\t\t\t\t\t\t\t\t\t\t\t\t\t\t\t\t\t\t\t\t\t\t\t\t\t\t\t\t\t\t\t\t\t\t\t\t\t\t\t\t\t\t\t\t\t\t\t\t\t\t\t\t\t\t\t\t\t\t\t\t\t\t\t\t\t\t\t\t<a href=\"\/de\/product\/supplementary-products\/\" class=\"btn\">Zu erg\u00e4nzenden nagel Produkten<\/a>\n\t\t\t\t\t\t\t\t\t\t\t\t\t\t\t\n\t\t\t\t\t\t\t\t\t\t\t\t\t\t\n\t\t\t\t\t\t\t\t\t\t\t\t\t\n\t\t\t\t\t\t\t\t\t\t\t\t\t<!-- Another button -->\n\t\t\t\t\t\t\t\t\t\t\t\t\t\t\t\t\t\t\t\t\t\t\t\t\t\t\t\t\t\t\t\t\t\t\t\t<\/div>\n\t\t\t\t\t\t\t\t\t\t<\/div>\n\t\t\t\t\t\t\t\t\t\t<div class=\"col-12 col-md col-img img-wrapper\">\n\t\t\t\t\t\t\t\t\t\t\t\t\t\t\t\t\t\t\t\t\t\t\t\t\t\t\t\t\t\t\t\t\t\t\t\t<img loading=\"lazy\" decoding=\"async\" src=\"https:\/\/www.cncinternational.eu\/wp-content\/uploads\/2021\/12\/Removers-nail-preparation-liquids.jpg\"\n\t\t\t\t\t\t\t\t\t\t\t\t\t\talt=\"Entferner f\u00fcr F\u00fcssigkeiten zur Nagelvorbereitung\" width=\"1445\" height=\"813\">\n\t\t\t\t\t\t\t\t\t\t\t\t\t\t\t\t\t\t\t\t\t\t\t\t\t\t\t\t\t\t\t\t\t<\/div>\n\t\t\t\t\t\t\t\t\t<\/div>\n\t\t\t\t\t\t\t\t\n\t\t\t\t\t\t\t\n\t\t\t\t\t\t\t\t\t\t\t\t\t\t\t\t\t\t\t\t\t\t\t\t\t\t\t\t\t\t\t\t\t\t\t\t\t\t\t\t\t\t\t\n\t\t\t\t\t\t\t\t\t<div id=\"dontwastetime\" class=\"row g-0 align-items-center\">\n\t\t\t\t\t\t\t\t\t\t<div class=\"col-12 col-md col-img img-wrapper\">\n\t\t\t\t\t\t\t\t\t\t\t\t\t\t\t\t\t\t\t\t\t\t\t\t\t\t\t\t\t\t\t\t\t\t<img loading=\"lazy\" decoding=\"async\" src=\"https:\/\/www.cncinternational.eu\/wp-content\/uploads\/2021\/12\/CNC-International-trend-collections.jpg\"\n\t\t\t\t\t\t\t\t\t\t\t\t\talt=\"CNC Internationale Trendkollektionen\" width=\"1445\" height=\"813\">\n\t\t\t\t\t\t\t\t\t\t\t\t\t\t\t\t\t\t\t\t\t<\/div>\n\t\t\t\t\t\t\t\t\t\t<div class=\"col-12 col-md col-excerpt\">\n\t\t\t\t\t\t\t\t\t\t\t<div class=\"excerpt-wrapper\">\n\t\t\t\t\t\t\t\t\t\t\t\t<h4>Verschwenden Sie keine Zeit, kein Geld &#038; keine Anstrengungen. Verlassen Sie sich auf uns!<\/h4>\n\t\t\t\t\t\t\t\t\t\t\t\t<p>Bedienen Sie alle Ihre Kunden mit unserer vielseitigen Eigenmarken nails Produktpalette. Aktualisieren Sie Ihr gel n\u00e4gel Sortiment mit unseren viertelj\u00e4hrlichen Nagel-Trendkollektionen. Profitieren Sie das ganze Jahr \u00fcber von unseren neuen Produktentwicklungen und begeistern Sie Ihre Kunden mit Produktneuheiten!<\/p>\n\t\t\t\t\t\t\t\t\t\t\t\t\t\t\t\t\t\t\t\t\t\t\t<\/div>\n\t\t\t\t\t\t\t\t\t\t<\/div>\n\t\t\t\t\t\t\t\t\t<\/div>\n\t\t\t\t\t\t\t\t\n\t\t\t\t\t\t\t\n\t\t\t\t\t\t\t\t\t\t\t\t\t\t\t\t\t\t\t\t\t\t\t\t\t\t\t\t\t\t\t\t\t\t\t\t\t\t\t\t\t\t\t\t\t\t\t\t\t\t\t\t<div id=\"cncproductionfactory\" class=\"row g-0 align-items-center\">\n\t\t\t\t\t\t\t\t\t\t<div class=\"col-12 col-md col-excerpt\">\n\t\t\t\t\t\t\t\t\t\t\t<div class=\"excerpt-wrapper\">\n\t\t\t\t\t\t\t\t\t\t\t\t<h4>CNC-Produktionsfabrik<\/h4>\n\t\t\t\t\t\t\t\t\t\t\t\t<p><ul >\r\n<li>Vielseitige Produktpalette<\/li>\r\n<li>Als Bulk-Ware oder Fertigprodukte geliefert<\/li>\r\n<li>Trendkollektionen 4 x pro Jahr<\/li>\r\n<li>Neue Produkteinf\u00fchrungen das ganze Jahr \u00fcber hinweg<\/li>\r\n<li>Hauseigene Produktionsanlagen<\/li>\r\n<li>Innovative F&#038;E-Abteilung<\/li>\r\n<\/ul><\/p>\n\t\t\t\t\t\t\t\t\t\t\t\t\t\t\t\t\t\t\t\t\t\t\t<\/div>\n\t\t\t\t\t\t\t\t\t\t<\/div>\n\t\t\t\t\t\t\t\t\t\t<div class=\"col-12 col-md col-img img-wrapper\">\n\t\t\t\t\t\t\t\t\t\t\t\t\t\t\t\t\t\t\t\t\t\t\t\t\t\t\t\t\t\t\t\t\t\t\t\t<img loading=\"lazy\" decoding=\"async\" src=\"https:\/\/www.cncinternational.eu\/wp-content\/uploads\/2021\/12\/CNC-production-factory.jpg\"\n\t\t\t\t\t\t\t\t\t\t\t\t\t\talt=\"CNC-Produktionsfabrik\" width=\"1445\" height=\"813\">\n\t\t\t\t\t\t\t\t\t\t\t\t\t\t\t\t\t\t\t\t\t\t\t\t\t\t\t\t\t\t\t\t\t<\/div>\n\t\t\t\t\t\t\t\t\t<\/div>\n\t\t\t\t\t\t\t\t\n\t\t\t\t\t\t\t\n\t\t\t\t\t\t\t\t\t\t\t\t\t\t\t\t\t\t\t<!-- End row -->\n\t\t\t\t\t\t\t\t\t<\/div>\n\t\t\t<\/div>\n\t\t<\/div>\n\t<\/section>\n\n\t\n\n      \t<section class=\"contact-block ud_catalogue image-and-description gradient-bg slipped-section\" id=\"\">\n\t\t<div class=\"container\">\n\t\t\t<div class=\"row justify-content-center\">\n\t\t\t\t<div class=\"col-12 col-md-12 col-lg-10\">\n\t\t\t\t\t<div class=\"form-wrapper\">\n\t\t\t\t\t\t<div class=\"col-12\">\n\t\t\t\t\t\t\t<div class=\"row flex-column-reverse flex-lg-row\">\n\t\t\t\t\t\t\t\t<div class=\"col-12 col-md col-excerpt\">\n\t\t\t\t\t\t\t\t\t<div class=\"excerpt-wrapper\">\n\t\t\t\t\t\t\t\t\t\t<h4 class=\"form-title text-center\">Entdecken Sie unsere kompakte Online-Brosch\u00fcre mit unseren meistverkauften und neuen Nagelprodukten, frei von HEMA und TPO<\/h4>\t\t\t\t\t\t\t\t\t\t\t\t\t\t\t\t\t\t\t\t\t<div class=\"form-description\">\n\t\t\t\t\t\t\t\t\t\t\t\t<p>In unserer E-Brosch\u00fcre 2026 finden Sie:<\/p>\n<ul>\n<li>Unsere meistverkauften und neuen UV-Gel-Produkte 2026<\/li>\n<li>Startpreise pro Liter<\/li>\n<li>Wichtigste Vorteile einer Zusammenarbeit mit CNC<\/li>\n<\/ul>\n\t\t\t\t\t\t\t\t\t\t\t<\/div>\n\t\t\t\t\t\t\t\t\t\t\t\n\t\t\t\t\t\t\t\t\t\t\t\t\t\t\t\t\t\t\t\t\t\t\t\t\t\t\t\t\t\t\t\t\t<div class=\"form d-flex justify-content-md-center\">\n\t\t\t\t\t\t\t\t\t\t\t\t\t\t\t\t\t\t\t\t\t\t\t\t\t\t\t\t\t\t\t\t\t\t\t\t\t\t\t\t<a class=\"btn\" href=\"\/de\/kontakt#contact\" target=\"_self\">CNC-Online-Brosch\u00fcre anfordern<\/a>\n\t\t\t\t\t\t\t\t\t\t\t\t\t\t\t\t\t\t\t\t\t\t\t\t\t<\/div>\n\t\t\t\t\t\t\t\t\t\t\t\t\t\t\t\t\t\t\t\t\t\t\t\t\t\n\t\t\t\t\t\t\t\t\t<\/div>\n\t\t\t\t\t\t\t\t<\/div>\n\t\t\t\t\t\t\t\t<div class=\"col-6 col-md-4 mx-auto col-img img-wrapper\">\n\t\t\t\t\t\t\t\t\t<img decoding=\"async\" src=\"https:\/\/www.cncinternational.eu\/wp-content\/uploads\/2025\/08\/Telefoon-EP.png\" alt=\"\">\n\t\t\t\t\t\t\t\t<\/div>\n\t\t\t\t\t\t\t<\/div>\n\t\t\t\t\t\t<\/div>\n\t\t\t\t\t\t\n\t\t\t\t\t<\/div>\n\t\t\t\t<\/div>\n\t\t\t\t\n\t\t\t<\/div>\n\t\t<\/div>\n\t<\/section>\n  \t\n  \t\n\t","protected":false},"excerpt":{"rendered":"","protected":false},"author":7,"featured_media":0,"parent":0,"menu_order":0,"comment_status":"closed","ping_status":"closed","template":"","meta":{"_acf_changed":false,"inline_featured_image":false,"footnotes":""},"class_list":["post-1367","page","type-page","status-publish","hentry"],"acf":[],"yoast_head":"<!-- This site is optimized with the Yoast SEO plugin v27.4 - https:\/\/yoast.com\/product\/yoast-seo-wordpress\/ -->\n<title>Professionelle Eigenmarken f\u00fcr nagelprodukten - CNC International<\/title>\n<meta name=\"description\" content=\"HEMA-, DiHEMA- &amp; TPO-freie gel nagellacke, UV-Gele &amp; mehr. CNC entwickelt und produziert professionelle Nagelprodukte f\u00fcr Ihre Eigenmarke.\" \/>\n<meta name=\"robots\" content=\"index, follow, max-snippet:-1, max-image-preview:large, max-video-preview:-1\" \/>\n<link rel=\"canonical\" href=\"https:\/\/www.cncinternational.eu\/de\/nagelprodukte\/\" \/>\n<meta property=\"og:locale\" content=\"de_DE\" \/>\n<meta property=\"og:type\" content=\"article\" \/>\n<meta property=\"og:title\" content=\"Professionelle Eigenmarken f\u00fcr nagelprodukten - CNC International\" \/>\n<meta property=\"og:description\" content=\"HEMA-, DiHEMA- &amp; TPO-freie gel nagellacke, UV-Gele &amp; mehr. CNC entwickelt und produziert professionelle Nagelprodukte f\u00fcr Ihre Eigenmarke.\" \/>\n<meta property=\"og:url\" content=\"https:\/\/www.cncinternational.eu\/de\/nagelprodukte\/\" \/>\n<meta property=\"og:site_name\" content=\"CNC International\" \/>\n<meta property=\"article:modified_time\" content=\"2025-12-23T10:41:11+00:00\" \/>\n<meta name=\"twitter:card\" content=\"summary_large_image\" \/>\n<script type=\"application\/ld+json\" class=\"yoast-schema-graph\">{\"@context\":\"https:\\\/\\\/schema.org\",\"@graph\":[{\"@type\":\"WebPage\",\"@id\":\"https:\\\/\\\/www.cncinternational.eu\\\/de\\\/nagelprodukte\\\/\",\"url\":\"https:\\\/\\\/www.cncinternational.eu\\\/de\\\/nagelprodukte\\\/\",\"name\":\"Professionelle Eigenmarken f\u00fcr nagelprodukten - CNC International\",\"isPartOf\":{\"@id\":\"https:\\\/\\\/www.cncinternational.eu\\\/de\\\/#website\"},\"datePublished\":\"2022-02-08T12:21:26+00:00\",\"dateModified\":\"2025-12-23T10:41:11+00:00\",\"description\":\"HEMA-, DiHEMA- & TPO-freie gel nagellacke, UV-Gele & mehr. CNC entwickelt und produziert professionelle Nagelprodukte f\u00fcr Ihre Eigenmarke.\",\"breadcrumb\":{\"@id\":\"https:\\\/\\\/www.cncinternational.eu\\\/de\\\/nagelprodukte\\\/#breadcrumb\"},\"inLanguage\":\"de\",\"potentialAction\":[{\"@type\":\"ReadAction\",\"target\":[\"https:\\\/\\\/www.cncinternational.eu\\\/de\\\/nagelprodukte\\\/\"]}]},{\"@type\":\"BreadcrumbList\",\"@id\":\"https:\\\/\\\/www.cncinternational.eu\\\/de\\\/nagelprodukte\\\/#breadcrumb\",\"itemListElement\":[{\"@type\":\"ListItem\",\"position\":1,\"name\":\"Home\",\"item\":\"https:\\\/\\\/www.cncinternational.eu\\\/de\\\/\"},{\"@type\":\"ListItem\",\"position\":2,\"name\":\"Produkt\"}]},{\"@type\":\"WebSite\",\"@id\":\"https:\\\/\\\/www.cncinternational.eu\\\/de\\\/#website\",\"url\":\"https:\\\/\\\/www.cncinternational.eu\\\/de\\\/\",\"name\":\"CNC International\",\"description\":\"Just another WordPress site\",\"potentialAction\":[{\"@type\":\"SearchAction\",\"target\":{\"@type\":\"EntryPoint\",\"urlTemplate\":\"https:\\\/\\\/www.cncinternational.eu\\\/de\\\/?s={search_term_string}\"},\"query-input\":{\"@type\":\"PropertyValueSpecification\",\"valueRequired\":true,\"valueName\":\"search_term_string\"}}],\"inLanguage\":\"de\"}]}<\/script>\n<!-- \/ Yoast SEO plugin. -->","yoast_head_json":{"title":"Professionelle Eigenmarken f\u00fcr nagelprodukten - CNC International","description":"HEMA-, DiHEMA- & TPO-freie gel nagellacke, UV-Gele & mehr. CNC entwickelt und produziert professionelle Nagelprodukte f\u00fcr Ihre Eigenmarke.","robots":{"index":"index","follow":"follow","max-snippet":"max-snippet:-1","max-image-preview":"max-image-preview:large","max-video-preview":"max-video-preview:-1"},"canonical":"https:\/\/www.cncinternational.eu\/de\/nagelprodukte\/","og_locale":"de_DE","og_type":"article","og_title":"Professionelle Eigenmarken f\u00fcr nagelprodukten - CNC International","og_description":"HEMA-, DiHEMA- & TPO-freie gel nagellacke, UV-Gele & mehr. CNC entwickelt und produziert professionelle Nagelprodukte f\u00fcr Ihre Eigenmarke.","og_url":"https:\/\/www.cncinternational.eu\/de\/nagelprodukte\/","og_site_name":"CNC International","article_modified_time":"2025-12-23T10:41:11+00:00","twitter_card":"summary_large_image","schema":{"@context":"https:\/\/schema.org","@graph":[{"@type":"WebPage","@id":"https:\/\/www.cncinternational.eu\/de\/nagelprodukte\/","url":"https:\/\/www.cncinternational.eu\/de\/nagelprodukte\/","name":"Professionelle Eigenmarken f\u00fcr nagelprodukten - CNC International","isPartOf":{"@id":"https:\/\/www.cncinternational.eu\/de\/#website"},"datePublished":"2022-02-08T12:21:26+00:00","dateModified":"2025-12-23T10:41:11+00:00","description":"HEMA-, DiHEMA- & TPO-freie gel nagellacke, UV-Gele & mehr. CNC entwickelt und produziert professionelle Nagelprodukte f\u00fcr Ihre Eigenmarke.","breadcrumb":{"@id":"https:\/\/www.cncinternational.eu\/de\/nagelprodukte\/#breadcrumb"},"inLanguage":"de","potentialAction":[{"@type":"ReadAction","target":["https:\/\/www.cncinternational.eu\/de\/nagelprodukte\/"]}]},{"@type":"BreadcrumbList","@id":"https:\/\/www.cncinternational.eu\/de\/nagelprodukte\/#breadcrumb","itemListElement":[{"@type":"ListItem","position":1,"name":"Home","item":"https:\/\/www.cncinternational.eu\/de\/"},{"@type":"ListItem","position":2,"name":"Produkt"}]},{"@type":"WebSite","@id":"https:\/\/www.cncinternational.eu\/de\/#website","url":"https:\/\/www.cncinternational.eu\/de\/","name":"CNC International","description":"Just another WordPress site","potentialAction":[{"@type":"SearchAction","target":{"@type":"EntryPoint","urlTemplate":"https:\/\/www.cncinternational.eu\/de\/?s={search_term_string}"},"query-input":{"@type":"PropertyValueSpecification","valueRequired":true,"valueName":"search_term_string"}}],"inLanguage":"de"}]}},"_links":{"self":[{"href":"https:\/\/www.cncinternational.eu\/de\/wp-json\/wp\/v2\/pages\/1367","targetHints":{"allow":["GET"]}}],"collection":[{"href":"https:\/\/www.cncinternational.eu\/de\/wp-json\/wp\/v2\/pages"}],"about":[{"href":"https:\/\/www.cncinternational.eu\/de\/wp-json\/wp\/v2\/types\/page"}],"author":[{"embeddable":true,"href":"https:\/\/www.cncinternational.eu\/de\/wp-json\/wp\/v2\/users\/7"}],"replies":[{"embeddable":true,"href":"https:\/\/www.cncinternational.eu\/de\/wp-json\/wp\/v2\/comments?post=1367"}],"version-history":[{"count":41,"href":"https:\/\/www.cncinternational.eu\/de\/wp-json\/wp\/v2\/pages\/1367\/revisions"}],"predecessor-version":[{"id":13707,"href":"https:\/\/www.cncinternational.eu\/de\/wp-json\/wp\/v2\/pages\/1367\/revisions\/13707"}],"wp:attachment":[{"href":"https:\/\/www.cncinternational.eu\/de\/wp-json\/wp\/v2\/media?parent=1367"}],"curies":[{"name":"wp","href":"https:\/\/api.w.org\/{rel}","templated":true}]}}