{"id":12202,"date":"2025-07-15T14:02:36","date_gmt":"2025-07-15T14:02:36","guid":{"rendered":"https:\/\/www.cncinternational.eu\/?page_id=12202"},"modified":"2026-02-02T13:34:57","modified_gmt":"2026-02-02T13:34:57","slug":"uv-afbaugels","status":"publish","type":"page","link":"https:\/\/www.cncinternational.eu\/de\/nagelprodukte\/uv-gele\/uv-afbaugels\/","title":{"rendered":"UV Afbaugels"},"content":{"rendered":"  \t\n\t  <header class=\"main-header \">\n\t\t<!-- For mobile -->\n\t\t<div class=\"d-block d-sm-none\">\n\t\t  <div class=\"container-fluid px-0\">\n\t\t\t<div class=\"container g-0\">\n\t\t\t  <div class=\"row g-0 justify-content-start align-items-center\">\n\t\t\t\t<div class=\"col-12 d-sm-none\">\n\t\t\t\t  <div class=\"header-image\">\n\t\t\t\t\t\t\t\t\t\t\t\t<img fetchpriority=\"high\" decoding=\"async\" src=\"https:\/\/www.cncinternational.eu\/wp-content\/uploads\/2025\/06\/Private-labeling-nail-UV-gels-scaled.jpg\" alt=\"Professionelles afbaugels\" width=\"2560\" height=\"1927\" loading=\"eager\">\n\t\t\t\t\t\t\t\t\t\t  <\/div>\n\t\t\t\t<\/div>\n\t\t\t\t<div class=\"offset-md-6 col-md-6\">\n\t\t\t\t  <div class=\"header-text\">\n\t\t\t\t\t<p class=\"mobile-title\">Professionelles afbaugels<\/p>\n\t\t\t\t\t<p>Builder Gels sind der zweite Schritt in einem Drei-Phasen-Gel-System. Ideal f\u00fcr Naturnagel-Overlays und Nagelverl\u00e4ngerungen. In unserem Sortiment haben wir 6 verschiedene Linien von Aufbaugel zur Auswahl: Fiber Gel, Fiber Gel DHF, TXO Gel, Sculpting Gel, Royal Gel, Mousse Gel &amp; Luxa Gel!<\/p>\n\t\t\t\t\t\t\t\t\t\t\t\t\t\t\t\t\t\t<a class=\"btn mb-3\" href=\"#contact\">\n\t\t\t\t\t\t\t\tOnline-Brosch\u00fcre anfordern\t\t\t\t\t\t\t<\/a>\n\t\t\t\t\t\t\t\t\t\t\t\t\t\t\t\t\t\t\t\t  <\/div>\n\t\t\t\t<\/div>\n\t\t\t  <\/div>\n\t\t\t<\/div>\n\t\t  <\/div>\n\t\t<\/div>\n\t\t<!-- \/For mobile -->\n\t\t\n\t\t<!-- For desktop -->\n\t\t<div class=\"d-none d-sm-block\">\n\t\t  <div class=\"container-fluid px-0\" >\n\t\t\t<div class=\"header-bg\" style=\"background-image: url('https:\/\/www.cncinternational.eu\/wp-content\/uploads\/2025\/06\/Private-labeling-nail-UV-gels-scaled.jpg');\">\n\t\t\t\t\n\t\t\t<\/div>\n\t\t\t<div class=\"container g-0\">\n\t\t\t  <div class=\"row g-0 justify-content-start align-items-center\">\n\t\t\t\t<div class=\"offset-md-6 col-md-6\">\n\t\t\t\t  <div class=\"header-text\">\n\t\t\t\t\t<h1>Professionelles afbaugels<\/h1>\n\t\t\t\t\t<p>Builder Gels sind der zweite Schritt in einem Drei-Phasen-Gel-System. Ideal f\u00fcr Naturnagel-Overlays und Nagelverl\u00e4ngerungen. In unserem Sortiment haben wir 6 verschiedene Linien von Aufbaugel zur Auswahl: Fiber Gel, Fiber Gel DHF, TXO Gel, Sculpting Gel, Royal Gel, Mousse Gel &amp; Luxa Gel!<\/p>\n\t\t\t\t\n\t\t\t\t\t\t\t\t\t\t\t\t\t\t\t\t\t\t<a class=\"btn mb-3\" href=\"#contact\">\n\t\t\t\t\t\tOnline-Brosch\u00fcre anfordern\t\t\t\t\t\t\t<\/a>\n\t\t\t\t\t\t\t\t\t\t\t\t\t\t\t\t\t\t\t\t  <\/div>\n\t\t\t\t<\/div>\n\t\t\t  <\/div>\n\t\t\t<\/div>\n\t\t  <\/div>\n\t\t<\/div>\n\t\t<!-- \/For desktop -->\n\t  <\/header>\n\t  \n\t  \t\n\n\t<section class=\"news\">\n\t\t<div class=\"container p-0 \">\n\t\t\t<div class=\"row g-0\">\n\t\t\t\t<div class=\"col-12 overlap bg-white\">\n\t\t\t\t\t\t\t\t\t\t\t\t\t\t\t\t\t\t\t\t\t\t<!-- Start row -->\n\t\t\t\t\t\t\t\t\t\t\t\t\t\t\t\t\t\t\t\t\t\t\t\t\t\t\t\t\t\t\t\t\t\t\t\t\n\t\t\t\t\t\t\t\t\t<div class=\"row g-0 align-items-center\">\n\t\t\t\t\t\t\t\t\t\t<div class=\"col-12 col-md col-img img-wrapper\">\n\t\t\t\t\t\t\t\t\t\t\t\t\t\t\t\t\t\t\t\t\t\t\t\t\t\t\t\t\t\t\t\t\t\t<img loading=\"lazy\" decoding=\"async\" src=\"https:\/\/www.cncinternational.eu\/wp-content\/uploads\/2025\/08\/Fiber-Gel-1445x813-1.jpg\"\n\t\t\t\t\t\t\t\t\t\t\t\t\talt=\"\" width=\"1445\" height=\"813\">\n\t\t\t\t\t\t\t\t\t\t\t\t\t\t\t\t\t\t\t\t\t<\/div>\n\t\t\t\t\t\t\t\t\t\t<div class=\"col-12 col-md col-excerpt\">\n\t\t\t\t\t\t\t\t\t\t\t<div class=\"excerpt-wrapper\">\n\t\t\t\t\t\t\t\t\t\t\t\t<h4><\/h4>\n\t\t\t\t\t\t\t\t\t\t\t\t<p><h2 id=\"fibergel\">Fiber Gel<\/h2>\r\n\r\nCross Link Gel, auch bekannt als Fiber Gel, ist ein UV-Gel der neuesten Generation mit der St\u00e4rke von Acryl. Die Formulierung mit Glasfaserpartikeln macht das Gel sehr haltbar und leicht zu verarbeiten.   \r\n\r\n<\/p>\n\t\t\t\t\t\t\t\t\t\t\t\t\t\t\t\t\t\t\t\t\t\t\t\t\t\t\t\t\t\t\t\t\t\t\t\t\t\t\t\t\t\t\t\t\t\t\t\t\t\t\t\t\t\t\t\t\t\t\t\t\t\t\t\t\t\t\t\t\t\t\t\t\t\t\t\t\t\t\t\t\t\t\t\t\t\t\t\t\t\t\t\t\t\t\t\t\t\t\t\t\t\t\t\t\t\t\t\t\t\t\t\t\t\t\t\t\t\t\t<button href=\"\" class=\"more-link js-modal-btn\" data-channel=\"youtube\" data-video-url=\"https:\/\/www.youtube.com\/embed\/cgJLOReN-G0?autoplay=1\">Video ansehen ><\/button>\n\t\t\t\t\t\t\t\t\t\t\t\t\t\t\t\t\t\t\t\t\t\t\t\t\t\t\t\t\t\t\t\n\t\t\t\t\t\t\t\t\t\t\t\t\t\t\n\t\t\t\t\t\t\t\t\t\t\t\t\t\n\t\t\t\t\t\t\t\t\t\t\t\t\t<!-- Another button -->\n\t\t\t\t\t\t\t\t\t\t\t\t\t\t\t\t\t\t\t\t\t\t\t\t\t\t\t\t\t\t\t\t\t\t\t\t<\/div>\n\t\t\t\t\t\t\t\t\t\t<\/div>\n\t\t\t\t\t\t\t\t\t<\/div>\n\t\t\t\t\t\t\t\t\n\t\t\t\t\t\t\t\n\t\t\t\t\t\t\t\t\t\t\t\t\t\t\t\t\t\t\t\t\t\t\t\t\t\t\t\t\t\t\t\t\t\t\t\t\t\t\t\t\t\t\t\t\t\t\t\t\t\t\t\t<div class=\"row g-0 align-items-center\">\n\t\t\t\t\t\t\t\t\t\t<div class=\"col-12 col-md col-excerpt\">\n\t\t\t\t\t\t\t\t\t\t\t<div class=\"excerpt-wrapper\">\n\t\t\t\t\t\t\t\t\t\t\t\t<h4><\/h4>\n\t\t\t\t\t\t\t\t\t\t\t\t<p><h2 id=\"fibergel\">Fiber Gel Dihema frei<\/h2>\r\n\r\nSetzen Sie auf Sicherheit und Hautempfindlichkeit mit unserem DiHEMA-freien Fasergel (Cross Link Gel DHF). Es bietet dieselbe bew\u00e4hrte Haftung und Flexibilit\u00e4t und ist die sicherere Wahl f\u00fcr Kunden mit empfindlicher oder sensibler Haut. \r\n<\/p>\n\t\t\t\t\t\t\t\t\t\t\t\t\t\t\t\t\t\t\t\t\t\t\t<\/div>\n\t\t\t\t\t\t\t\t\t\t<\/div>\n\t\t\t\t\t\t\t\t\t\t<div class=\"col-12 col-md col-img img-wrapper\">\n\t\t\t\t\t\t\t\t\t\t\t\t\t\t\t\t\t\t\t\t\t\t\t\t\t\t\t\t\t\t\t\t\t\t\t\t<img loading=\"lazy\" decoding=\"async\" src=\"https:\/\/www.cncinternational.eu\/wp-content\/uploads\/2025\/08\/Fiber-Gel-DHF-1445x813-1.jpg\"\n\t\t\t\t\t\t\t\t\t\t\t\t\t\talt=\"\" width=\"1445\" height=\"813\">\n\t\t\t\t\t\t\t\t\t\t\t\t\t\t\t\t\t\t\t\t\t\t\t\t\t\t\t\t\t\t\t\t\t<\/div>\n\t\t\t\t\t\t\t\t\t<\/div>\n\t\t\t\t\t\t\t\t\n\t\t\t\t\t\t\t\n\t\t\t\t\t\t\t\t\t\t\t\t\t\t\t\t\t\t\t\t\t\t\t\t\t\t\t\t\t\t\t\t\t\t\t\t\t\t\t\t\t\t\t\n\t\t\t\t\t\t\t\t\t<div class=\"row g-0 align-items-center\">\n\t\t\t\t\t\t\t\t\t\t<div class=\"col-12 col-md col-img img-wrapper\">\n\t\t\t\t\t\t\t\t\t\t\t\t\t\t\t\t\t\t\t\t\t\t\t\t\t\t\t\t\t\t\t\t\t\t<img loading=\"lazy\" decoding=\"async\" src=\"https:\/\/www.cncinternational.eu\/wp-content\/uploads\/2025\/08\/TXO-Gel-1445x813-2.jpg\"\n\t\t\t\t\t\t\t\t\t\t\t\t\talt=\"\" width=\"1445\" height=\"813\">\n\t\t\t\t\t\t\t\t\t\t\t\t\t\t\t\t\t\t\t\t\t<\/div>\n\t\t\t\t\t\t\t\t\t\t<div class=\"col-12 col-md col-excerpt\">\n\t\t\t\t\t\t\t\t\t\t\t<div class=\"excerpt-wrapper\">\n\t\t\t\t\t\t\t\t\t\t\t\t<h4><\/h4>\n\t\t\t\t\t\t\t\t\t\t\t\t<p><h2 id=\"txogel\">TXO Gel: thixotropes verlaufsfreies afbaugel<\/h2>\r\n\r\nTXO-Gel hat eine feste Viskosit\u00e4t und wird fl\u00fcssig, wenn es bearbeitet wird. Es ist ein Builder-Gel mit dicker Konsistenz, das beim Auftragen auf den Nagel glatt und leicht wird. Wenn das Design abgeschlossen ist, wird das Gel wieder fest. Es ist nicht fl\u00fcssig und hat selbstnivellierende Eigenschaften.   \r\n<\/p>\n\t\t\t\t\t\t\t\t\t\t\t\t\t\t\t\t\t\t\t\t\t\t\t\t\t\t\t\t\t\t\t\t\t\t\t\t\t\t\t\t\t\t\t\t\t\t\t\t\t\t\t\t\t\t\t\t\t\t\t\t\t\t\t\t\t\t\t\t\t\t\t\t\t\t\t\t\t\t\t\t\t\t\t\t\t\t\t\t\t\t\t\t\t\t\t\t\t\t\t\t\t\t\t\t\t\t\t\t\t\t\t\t\t\t\t\t\t\t\t<button href=\"\" class=\"more-link js-modal-btn\" data-channel=\"youtube\" data-video-url=\"https:\/\/www.youtube.com\/embed\/iSLnz63-nik?autoplay=1\">TXO Gele ><\/button>\n\t\t\t\t\t\t\t\t\t\t\t\t\t\t\t\t\t\t\t\t\t\t\t\t\t\t\t\t\t\t\t\n\t\t\t\t\t\t\t\t\t\t\t\t\t\t\n\t\t\t\t\t\t\t\t\t\t\t\t\t\n\t\t\t\t\t\t\t\t\t\t\t\t\t<!-- Another button -->\n\t\t\t\t\t\t\t\t\t\t\t\t\t\t\t\t\t\t\t\t\t\t\t\t\t\t\t\t\t\t\t\t\t\t\t\t<\/div>\n\t\t\t\t\t\t\t\t\t\t<\/div>\n\t\t\t\t\t\t\t\t\t<\/div>\n\t\t\t\t\t\t\t\t\n\t\t\t\t\t\t\t\n\t\t\t\t\t\t\t\t\t\t\t\t\t\t\t\t\t\t\t\t\t\t\t\t\t\t\t\t\t\t\t\t\t\t\t\t\t\t\t\t\t\t\t\t\t\t\t\t\t\t\t\t<div class=\"row g-0 align-items-center\">\n\t\t\t\t\t\t\t\t\t\t<div class=\"col-12 col-md col-excerpt\">\n\t\t\t\t\t\t\t\t\t\t\t<div class=\"excerpt-wrapper\">\n\t\t\t\t\t\t\t\t\t\t\t\t<h4><\/h4>\n\t\t\t\t\t\t\t\t\t\t\t\t<p><h2 id=\"sculptinggel\">UV Sculpting Gel<\/h2>\r\n\r\nNail Sculpting Gel hat eine hervorragende Aufbauleistung. Seine selbstnivellierenden Eigenschaften sorgen f\u00fcr eine einfache Anwendung. Unsere Modelliergele eignen sich sowohl f\u00fcr Naturnagel-Overlays als auch f\u00fcr Verl\u00e4ngerungen auf Nagelformen.  \r\n<\/p>\n\t\t\t\t\t\t\t\t\t\t\t\t\t\t\t\t\t\t\t\t\t\t\t\t\t\t\t\t\t\t\t\t\t\t\t\t\t\t\t\t\t\t\t\t\t\t\t\t\t\t\t\t\t\t\t\t\t\t\t\t\t\t\t\t\t\t\t\t\t\t\t\t\t\t\t\t\t\t\t\t\t\t\t\t\t\t\t\t\t\t\t\t\t\t\t\t\t\t\t\t\t\t\t\t\t\t\t\t\t\t\t\t\t\t\t\t\t\t\t\t<button href=\"https:\/\/www.youtube.com\/embed\/videoseries?list=PL9QqRpR3DEq_QJ4jGpZ1f1Vcn7eS-rLOw\" class=\"more-link js-modal-btn\" data-channel=\"youtube\" data-video-url=\"https:\/\/www.youtube.com\/embed\/W4nF6IteUr0?autoplay=1\"><i class=\"far fa-play-circle mr-3\"><\/i> Sculpting Gel <\/button>\n\t\t\t\t\t\t\t\t\t\t\t\t\t\t\t\t\t\t\t\t\t\t\t\t\t\t\t\t\t\t\t\n\t\t\t\t\t\t\t\t\t\t\t\t\t\t\n\t\t\t\t\t\t\t\t\t\t\t\t\t\n\t\t\t\t\t\t\t\t\t\t\t\t\t<!-- Another button -->\n\t\t\t\t\t\t\t\t\t\t\t\t\t\t\t\t\t\t\t\t\t\t\t\t\t\t\t\t\t\t\t\t\t\t\t\t<\/div>\n\t\t\t\t\t\t\t\t\t\t<\/div>\n\t\t\t\t\t\t\t\t\t\t<div class=\"col-12 col-md col-img img-wrapper\">\n\t\t\t\t\t\t\t\t\t\t\t\t\t\t\t\t\t\t\t\t\t\t\t\t\t\t\t\t\t\t\t\t\t\t\t\t<img loading=\"lazy\" decoding=\"async\" src=\"https:\/\/www.cncinternational.eu\/wp-content\/uploads\/2025\/08\/Sculpting-Gel-1445x813-1.jpg\"\n\t\t\t\t\t\t\t\t\t\t\t\t\t\talt=\"\" width=\"1445\" height=\"813\">\n\t\t\t\t\t\t\t\t\t\t\t\t\t\t\t\t\t\t\t\t\t\t\t\t\t\t\t\t\t\t\t\t\t<\/div>\n\t\t\t\t\t\t\t\t\t<\/div>\n\t\t\t\t\t\t\t\t\n\t\t\t\t\t\t\t\n\t\t\t\t\t\t\t\t\t\t\t\t\t\t\t\t\t\t\t\t\t\t\t\t\t\t\t\t\t\t\t\t\t\t\t\t\t\t\t\t\t\t\t\n\t\t\t\t\t\t\t\t\t<div class=\"row g-0 align-items-center\">\n\t\t\t\t\t\t\t\t\t\t<div class=\"col-12 col-md col-img img-wrapper\">\n\t\t\t\t\t\t\t\t\t\t\t\t\t\t\t\t\t\t\t\t\t\t\t\t\t\t\t\t\t\t\t\t\t\t<img loading=\"lazy\" decoding=\"async\" src=\"https:\/\/www.cncinternational.eu\/wp-content\/uploads\/2025\/10\/Royal-Gel-1.jpg\"\n\t\t\t\t\t\t\t\t\t\t\t\t\talt=\"\" width=\"1445\" height=\"813\">\n\t\t\t\t\t\t\t\t\t\t\t\t\t\t\t\t\t\t\t\t\t<\/div>\n\t\t\t\t\t\t\t\t\t\t<div class=\"col-12 col-md col-excerpt\">\n\t\t\t\t\t\t\t\t\t\t\t<div class=\"excerpt-wrapper\">\n\t\t\t\t\t\t\t\t\t\t\t\t<h4><\/h4>\n\t\t\t\t\t\t\t\t\t\t\t\t<p><h2 id=\"royalgel\">Royal Gel<\/h2>\r\n\r\nRoyal Gel hat eine feste, fast geleeartige Textur und bleibt nach dem Auftragen in seinem Zustand. Dar\u00fcber hinaus verf\u00fcgt es \u00fcber eine einzigartige Verarbeitungseigenschaft, die es erm\u00f6glicht, die Oberfl\u00e4che leicht auszugleichen und das Feilen zu minimieren. \r\n<\/p>\n\t\t\t\t\t\t\t\t\t\t\t\t\t\t\t\t\t\t\t\t\t\t\t\t\t\t\t\t\t\t\t\t\t\t\t\t\t\t\t\t\t\t\t\t\t\t\t\t\t\t\t\t\t\t\t\t\t\t\t\t\t\t\t\t\t\t\t\t\t\t\t\t\t\t\t\t\t\t\t\t\t\t\t\t\t\t\t\t\t\t\t\t\t\t\t\t\t\t\t\t\t\t\t\t\t\t\t\t\t\t\t\t\t\t\t\t\t\t\t<button href=\"\" class=\"more-link js-modal-btn\" data-channel=\"youtube\" data-video-url=\"https:\/\/www.youtube.com\/embed\/PVEwsKuYkp0?autoplay=1\">Royal Gel ><\/button>\n\t\t\t\t\t\t\t\t\t\t\t\t\t\t\t\t\t\t\t\t\t\t\t\t\t\t\t\t\t\t\t\n\t\t\t\t\t\t\t\t\t\t\t\t\t\t\n\t\t\t\t\t\t\t\t\t\t\t\t\t\n\t\t\t\t\t\t\t\t\t\t\t\t\t<!-- Another button -->\n\t\t\t\t\t\t\t\t\t\t\t\t\t\t\t\t\t\t\t\t\t\t\t\t\t\t\t\t\t\t\t\t\t\t\t\t<\/div>\n\t\t\t\t\t\t\t\t\t\t<\/div>\n\t\t\t\t\t\t\t\t\t<\/div>\n\t\t\t\t\t\t\t\t\n\t\t\t\t\t\t\t\n\t\t\t\t\t\t\t\t\t\t\t\t\t\t\t\t\t\t\t\t\t\t\t\t\t\t\t\t\t\t\t\t\t\t\t\t\t\t\t\t\t\t\t\t\t\t\t\t\t\t\t\t<div class=\"row g-0 align-items-center\">\n\t\t\t\t\t\t\t\t\t\t<div class=\"col-12 col-md col-excerpt\">\n\t\t\t\t\t\t\t\t\t\t\t<div class=\"excerpt-wrapper\">\n\t\t\t\t\t\t\t\t\t\t\t\t<h4><\/h4>\n\t\t\t\t\t\t\t\t\t\t\t\t<p><h2 id=\"moussegel\">Mousse Gel<\/h2>\r\n\r\nSeine luftige, mousseartige Textur sorgt f\u00fcr eine einfache Anwendung und eine pr\u00e4zise Formgebung, ohne in die Nagelhaut zu gelangen. Trotz seiner leichten Konsistenz bietet das Gel eine un\u00fcbertroffene Festigkeit und sorgt f\u00fcr dauerhafte und zuverl\u00e4ssige Ergebnisse. <\/p>\n\t\t\t\t\t\t\t\t\t\t\t\t\t\t\t\t\t\t\t\t\t\t\t<\/div>\n\t\t\t\t\t\t\t\t\t\t<\/div>\n\t\t\t\t\t\t\t\t\t\t<div class=\"col-12 col-md col-img img-wrapper\">\n\t\t\t\t\t\t\t\t\t\t\t\t\t\t\t\t\t\t\t\t\t\t\t\t\t\t\t\t\t\t\t\t\t\t\t\t<img loading=\"lazy\" decoding=\"async\" src=\"https:\/\/www.cncinternational.eu\/wp-content\/uploads\/2025\/08\/Mousse-Gel-1445x813-1.jpg\"\n\t\t\t\t\t\t\t\t\t\t\t\t\t\talt=\"\" width=\"1445\" height=\"813\">\n\t\t\t\t\t\t\t\t\t\t\t\t\t\t\t\t\t\t\t\t\t\t\t\t\t\t\t\t\t\t\t\t\t<\/div>\n\t\t\t\t\t\t\t\t\t<\/div>\n\t\t\t\t\t\t\t\t\n\t\t\t\t\t\t\t\n\t\t\t\t\t\t\t\t\t\t\t\t\t\t\t\t\t\t\t\t\t\t\t\t\t\t\t\t\t\t\t\t\t\t\t\t\t\t\t\t\t\t\t\n\t\t\t\t\t\t\t\t\t<div class=\"row g-0 align-items-center\">\n\t\t\t\t\t\t\t\t\t\t<div class=\"col-12 col-md col-img img-wrapper\">\n\t\t\t\t\t\t\t\t\t\t\t\t\t\t\t\t\t\t\t\t\t\t\t\t\t\t\t\t\t\t\t\t\t\t<img loading=\"lazy\" decoding=\"async\" src=\"https:\/\/www.cncinternational.eu\/wp-content\/uploads\/2025\/08\/Luxa-Gel-1445x813-1.jpg\"\n\t\t\t\t\t\t\t\t\t\t\t\t\talt=\"\" width=\"1445\" height=\"813\">\n\t\t\t\t\t\t\t\t\t\t\t\t\t\t\t\t\t\t\t\t\t<\/div>\n\t\t\t\t\t\t\t\t\t\t<div class=\"col-12 col-md col-excerpt\">\n\t\t\t\t\t\t\t\t\t\t\t<div class=\"excerpt-wrapper\">\n\t\t\t\t\t\t\t\t\t\t\t\t<h4><\/h4>\n\t\t\t\t\t\t\t\t\t\t\t\t<p><h2 id=\"luxagel\">Luxa Gel<\/h2>\r\n\r\nErleben Sie die perfekte Balance zwischen Kontrolle und Pr\u00e4zision. Dieses fortschrittliche Nagelgel bietet eine hohe Viskosit\u00e4t und eine minimale Selbstgl\u00e4ttung, so dass Sie mit Hilfe eines Pinsels m\u00fchelos glatte und sch\u00f6ne N\u00e4gel kreieren k\u00f6nnen. <\/p>\n\t\t\t\t\t\t\t\t\t\t\t\t\t\t\t\t\t\t\t\t\t\t\t<\/div>\n\t\t\t\t\t\t\t\t\t\t<\/div>\n\t\t\t\t\t\t\t\t\t<\/div>\n\t\t\t\t\t\t\t\t\n\t\t\t\t\t\t\t\n\t\t\t\t\t\t\t\t\t\t\t\t\t\t\t\t\t\t\t<!-- End row -->\n\t\t\t\t\t\t\t\t\t<\/div>\n\t\t\t<\/div>\n\t\t<\/div>\n\t<\/section>\n\n\t\n\n    \t<section class=\"contact-block form-with-image gradient-bg \" id=\"contact\">\n\t\t<div class=\"container\">\n\t\t\t<div class=\"row justify-content-center\">\n\t\t\t\t<div class=\"col-12 col-md-12 col-lg-10\">\n\t\t\t\t\t<div class=\"form-wrapper\">\n\t\t\t\t\t\t<div class=\"col-12 col-md-10 col-lg-9 mx-auto\">\n\t\t\t\t\t\t\t<h2 class=\"form-title\">Entdecken Sie unsere TPO- &#038; HEMA-freien Bestseller und Neuheiten<\/h2>\t\t\t\t\t\t<\/div>\n\t\t\t\t\t\t\t\t\t\t\t\t<div class=\"row\">\n\t\t\t\t\t\t\t<div class=\"col-12 col-md-7 col-lg-7\">\n\t\t\t\t\t\t\t\t\t\t\t\t\t\t\t\t\t<div class=\"form\">\n\t\t\t\t\t\t\t\t\t\t<script src='https:\/\/online4.superoffice.com\/Cust21613\/CS\/scripts\/customer.fcgi?action=form&#038;id=F-hOlEMjfz' defer><\/script>\t\t\t\t\t\t\t\t\t\t\t\t\t\t\t\t\t\t\t\t\t\t\t\t\t\t\t\t\t\t\t\t<\/div>\n\t\t\t\t\t\t\t\t\t\t\t\t\t\t\t<\/div>\n\t\t\t\t\t\t\t<div class=\"col-12 col-md-5 col-lg-5\">\n\t\t\t\t\t\t\t\t<div class=\"col-12 col-md col-excerpt\">\n\t\t\t\t\t\t\t\t\t<div class=\"excerpt-wrapper\">\n\t\t\t\t\t\t\t\t\t<p>Unsere vielseitigen Eigenmarken-Nagelprodukte haben die beste Qualit\u00e4t zu wettbewerbsf\u00e4higen Preisen. Wir sind stolzer Hersteller von UV-Nagelgelen f\u00fcr zahlreiche Nagelmarken weltweit. CNC International wurde 1993 gegr\u00fcndet und hat seine Fabrik in den Niederlanden, Europa. Unsere Gel- und Acrylnagelprodukte k\u00f6nnen als Bulkware oder abgef\u00fcllt und vollst\u00e4ndig fertiggestellt geliefert werden: bereit zum Verkauf!     <\/p>\t\t\t\t\t\t\n\t\t\t\t\t\t\t\t\t<\/div>\n\t\t\t\t\t\t\t\t<\/div>\n\t\t\t\t\t\t\t\t<div class=\"col-img img-wrapper\">\n\t\t\t\t\t\t\t\t\t<img decoding=\"async\" src=\"https:\/\/www.cncinternational.eu\/wp-content\/uploads\/2025\/08\/Telefoon-EP.png\" alt=\"\">\n\t\t\t\t\t\t\t\t<\/div>\n\t\t\t\t\t\t\t\t\t\t\t\t\t\t\t\t\t<div class=\"col-12 col-md col-excerpt\">\n\t\t\t\t\t\t\t\t\t\t<div class=\"excerpt-wrapper\">\n\t\t\t\t\t\t\t\t\t\t<p>In unserer E-Brosch\u00fcre 2026 finden Sie:\r\n<ul>\r\n \t<li>Unsere meistverkauften und neuen UV-Gel-Produkte 2026<\/li>\r\n \t<li>Startpreise pro Liter<\/li>\r\n        <li>Wichtigste Vorteile einer Zusammenarbeit mit CNC<\/li>\r\n<\/ul><\/p>\t\t\t\t\t\t\n\t\t\t\t\t\t\t\t\t\t<\/div>\n\t\t\t\t\t\t\t\t\t<\/div>\n\t\t\t\t\t\t\t\t\t\t\t\t\t\t\t<\/div>\n\t\t\t\t\t\t<\/div>\n\t\t\t\t\t\t\t\t\t\t\t\t\t\t\t\t\t\t\t\t\t\t\t\t<\/div>\n\t\t\t\t<\/div>\n\t\t\t\t\n\t\t\t<\/div>\n\t\t<\/div>\n\t<\/section>\n    \t\n  \t\n\t","protected":false},"excerpt":{"rendered":"","protected":false},"author":7,"featured_media":0,"parent":1397,"menu_order":0,"comment_status":"closed","ping_status":"closed","template":"","meta":{"_acf_changed":false,"inline_featured_image":false,"footnotes":""},"class_list":["post-12202","page","type-page","status-publish","hentry"],"acf":[],"yoast_head":"<!-- This site is optimized with the Yoast SEO plugin v27.4 - https:\/\/yoast.com\/product\/yoast-seo-wordpress\/ -->\n<title>Professionelle UV-Builder-Gele | hergestellt in Europa - CNC<\/title>\n<meta name=\"description\" content=\"Entdecken Sie CNC Internationals hochwertige HEMA- &amp; TPO-freie professionelle U afbaugel, hergestellt in unserer eigenen Produktionsst\u00e4tte.\" \/>\n<meta name=\"robots\" content=\"index, follow, max-snippet:-1, max-image-preview:large, max-video-preview:-1\" \/>\n<link rel=\"canonical\" href=\"https:\/\/www.cncinternational.eu\/de\/nagelprodukte\/uv-gele\/uv-afbaugels\/\" \/>\n<meta property=\"og:locale\" content=\"de_DE\" \/>\n<meta property=\"og:type\" content=\"article\" \/>\n<meta property=\"og:title\" content=\"Professionelle UV-Builder-Gele | hergestellt in Europa - CNC\" \/>\n<meta property=\"og:description\" content=\"Entdecken Sie CNC Internationals hochwertige HEMA- &amp; TPO-freie professionelle U afbaugel, hergestellt in unserer eigenen Produktionsst\u00e4tte.\" \/>\n<meta property=\"og:url\" content=\"https:\/\/www.cncinternational.eu\/de\/nagelprodukte\/uv-gele\/uv-afbaugels\/\" \/>\n<meta property=\"og:site_name\" content=\"CNC International\" \/>\n<meta property=\"article:modified_time\" content=\"2026-02-02T13:34:57+00:00\" \/>\n<meta name=\"twitter:card\" content=\"summary_large_image\" \/>\n<script type=\"application\/ld+json\" class=\"yoast-schema-graph\">{\"@context\":\"https:\\\/\\\/schema.org\",\"@graph\":[{\"@type\":\"WebPage\",\"@id\":\"https:\\\/\\\/www.cncinternational.eu\\\/de\\\/nagelprodukte\\\/uv-gele\\\/uv-afbaugels\\\/\",\"url\":\"https:\\\/\\\/www.cncinternational.eu\\\/de\\\/nagelprodukte\\\/uv-gele\\\/uv-afbaugels\\\/\",\"name\":\"Professionelle UV-Builder-Gele | hergestellt in Europa - CNC\",\"isPartOf\":{\"@id\":\"https:\\\/\\\/www.cncinternational.eu\\\/de\\\/#website\"},\"datePublished\":\"2025-07-15T14:02:36+00:00\",\"dateModified\":\"2026-02-02T13:34:57+00:00\",\"description\":\"Entdecken Sie CNC Internationals hochwertige HEMA- & TPO-freie professionelle U afbaugel, hergestellt in unserer eigenen Produktionsst\u00e4tte.\",\"breadcrumb\":{\"@id\":\"https:\\\/\\\/www.cncinternational.eu\\\/de\\\/nagelprodukte\\\/uv-gele\\\/uv-afbaugels\\\/#breadcrumb\"},\"inLanguage\":\"de\",\"potentialAction\":[{\"@type\":\"ReadAction\",\"target\":[\"https:\\\/\\\/www.cncinternational.eu\\\/de\\\/nagelprodukte\\\/uv-gele\\\/uv-afbaugels\\\/\"]}]},{\"@type\":\"BreadcrumbList\",\"@id\":\"https:\\\/\\\/www.cncinternational.eu\\\/de\\\/nagelprodukte\\\/uv-gele\\\/uv-afbaugels\\\/#breadcrumb\",\"itemListElement\":[{\"@type\":\"ListItem\",\"position\":1,\"name\":\"Home\",\"item\":\"https:\\\/\\\/www.cncinternational.eu\\\/de\\\/\"},{\"@type\":\"ListItem\",\"position\":2,\"name\":\"Produkt\",\"item\":\"https:\\\/\\\/www.cncinternational.eu\\\/de\\\/nagelprodukte\\\/\"},{\"@type\":\"ListItem\",\"position\":3,\"name\":\"UV Gel\",\"item\":\"https:\\\/\\\/www.cncinternational.eu\\\/de\\\/nagelprodukte\\\/uv-gele\\\/\"},{\"@type\":\"ListItem\",\"position\":4,\"name\":\"UV Afbaugels\"}]},{\"@type\":\"WebSite\",\"@id\":\"https:\\\/\\\/www.cncinternational.eu\\\/de\\\/#website\",\"url\":\"https:\\\/\\\/www.cncinternational.eu\\\/de\\\/\",\"name\":\"CNC International\",\"description\":\"Just another WordPress site\",\"potentialAction\":[{\"@type\":\"SearchAction\",\"target\":{\"@type\":\"EntryPoint\",\"urlTemplate\":\"https:\\\/\\\/www.cncinternational.eu\\\/de\\\/?s={search_term_string}\"},\"query-input\":{\"@type\":\"PropertyValueSpecification\",\"valueRequired\":true,\"valueName\":\"search_term_string\"}}],\"inLanguage\":\"de\"}]}<\/script>\n<!-- \/ Yoast SEO plugin. -->","yoast_head_json":{"title":"Professionelle UV-Builder-Gele | hergestellt in Europa - CNC","description":"Entdecken Sie CNC Internationals hochwertige HEMA- & TPO-freie professionelle U afbaugel, hergestellt in unserer eigenen Produktionsst\u00e4tte.","robots":{"index":"index","follow":"follow","max-snippet":"max-snippet:-1","max-image-preview":"max-image-preview:large","max-video-preview":"max-video-preview:-1"},"canonical":"https:\/\/www.cncinternational.eu\/de\/nagelprodukte\/uv-gele\/uv-afbaugels\/","og_locale":"de_DE","og_type":"article","og_title":"Professionelle UV-Builder-Gele | hergestellt in Europa - CNC","og_description":"Entdecken Sie CNC Internationals hochwertige HEMA- & TPO-freie professionelle U afbaugel, hergestellt in unserer eigenen Produktionsst\u00e4tte.","og_url":"https:\/\/www.cncinternational.eu\/de\/nagelprodukte\/uv-gele\/uv-afbaugels\/","og_site_name":"CNC International","article_modified_time":"2026-02-02T13:34:57+00:00","twitter_card":"summary_large_image","schema":{"@context":"https:\/\/schema.org","@graph":[{"@type":"WebPage","@id":"https:\/\/www.cncinternational.eu\/de\/nagelprodukte\/uv-gele\/uv-afbaugels\/","url":"https:\/\/www.cncinternational.eu\/de\/nagelprodukte\/uv-gele\/uv-afbaugels\/","name":"Professionelle UV-Builder-Gele | hergestellt in Europa - CNC","isPartOf":{"@id":"https:\/\/www.cncinternational.eu\/de\/#website"},"datePublished":"2025-07-15T14:02:36+00:00","dateModified":"2026-02-02T13:34:57+00:00","description":"Entdecken Sie CNC Internationals hochwertige HEMA- & TPO-freie professionelle U afbaugel, hergestellt in unserer eigenen Produktionsst\u00e4tte.","breadcrumb":{"@id":"https:\/\/www.cncinternational.eu\/de\/nagelprodukte\/uv-gele\/uv-afbaugels\/#breadcrumb"},"inLanguage":"de","potentialAction":[{"@type":"ReadAction","target":["https:\/\/www.cncinternational.eu\/de\/nagelprodukte\/uv-gele\/uv-afbaugels\/"]}]},{"@type":"BreadcrumbList","@id":"https:\/\/www.cncinternational.eu\/de\/nagelprodukte\/uv-gele\/uv-afbaugels\/#breadcrumb","itemListElement":[{"@type":"ListItem","position":1,"name":"Home","item":"https:\/\/www.cncinternational.eu\/de\/"},{"@type":"ListItem","position":2,"name":"Produkt","item":"https:\/\/www.cncinternational.eu\/de\/nagelprodukte\/"},{"@type":"ListItem","position":3,"name":"UV Gel","item":"https:\/\/www.cncinternational.eu\/de\/nagelprodukte\/uv-gele\/"},{"@type":"ListItem","position":4,"name":"UV Afbaugels"}]},{"@type":"WebSite","@id":"https:\/\/www.cncinternational.eu\/de\/#website","url":"https:\/\/www.cncinternational.eu\/de\/","name":"CNC International","description":"Just another WordPress site","potentialAction":[{"@type":"SearchAction","target":{"@type":"EntryPoint","urlTemplate":"https:\/\/www.cncinternational.eu\/de\/?s={search_term_string}"},"query-input":{"@type":"PropertyValueSpecification","valueRequired":true,"valueName":"search_term_string"}}],"inLanguage":"de"}]}},"_links":{"self":[{"href":"https:\/\/www.cncinternational.eu\/de\/wp-json\/wp\/v2\/pages\/12202","targetHints":{"allow":["GET"]}}],"collection":[{"href":"https:\/\/www.cncinternational.eu\/de\/wp-json\/wp\/v2\/pages"}],"about":[{"href":"https:\/\/www.cncinternational.eu\/de\/wp-json\/wp\/v2\/types\/page"}],"author":[{"embeddable":true,"href":"https:\/\/www.cncinternational.eu\/de\/wp-json\/wp\/v2\/users\/7"}],"replies":[{"embeddable":true,"href":"https:\/\/www.cncinternational.eu\/de\/wp-json\/wp\/v2\/comments?post=12202"}],"version-history":[{"count":7,"href":"https:\/\/www.cncinternational.eu\/de\/wp-json\/wp\/v2\/pages\/12202\/revisions"}],"predecessor-version":[{"id":14011,"href":"https:\/\/www.cncinternational.eu\/de\/wp-json\/wp\/v2\/pages\/12202\/revisions\/14011"}],"up":[{"embeddable":true,"href":"https:\/\/www.cncinternational.eu\/de\/wp-json\/wp\/v2\/pages\/1397"}],"wp:attachment":[{"href":"https:\/\/www.cncinternational.eu\/de\/wp-json\/wp\/v2\/media?parent=12202"}],"curies":[{"name":"wp","href":"https:\/\/api.w.org\/{rel}","templated":true}]}}