{"id":12139,"date":"2025-07-15T14:16:37","date_gmt":"2025-07-15T14:16:37","guid":{"rendered":"https:\/\/www.cncinternational.eu\/?page_id=12139"},"modified":"2025-10-09T08:32:55","modified_gmt":"2025-10-09T08:32:55","slug":"combo-gel","status":"publish","type":"page","link":"https:\/\/www.cncinternational.eu\/de\/combo-gel\/","title":{"rendered":"Combo Gel"},"content":{"rendered":"  \t\n\t  <header class=\"main-header \">\n\t\t<!-- For mobile -->\n\t\t<div class=\"d-block d-sm-none\">\n\t\t  <div class=\"container-fluid px-0\">\n\t\t\t<div class=\"container g-0\">\n\t\t\t  <div class=\"row g-0 justify-content-start align-items-center\">\n\t\t\t\t<div class=\"col-12 d-sm-none\">\n\t\t\t\t  <div class=\"header-image\">\n\t\t\t\t\t\t\t\t\t\t\t\t<img fetchpriority=\"high\" decoding=\"async\" src=\"https:\/\/www.cncinternational.eu\/wp-content\/uploads\/2025\/06\/Private-labeling-nail-polish-manufacturer-products-scaled.jpg\" alt=\"Combo Gel\" width=\"2560\" height=\"1927\" loading=\"eager\">\n\t\t\t\t\t\t\t\t\t\t  <\/div>\n\t\t\t\t<\/div>\n\t\t\t\t<div class=\"offset-md-6 col-md-6\">\n\t\t\t\t  <div class=\"header-text\">\n\t\t\t\t\t<p class=\"mobile-title\">Combo Gel<\/p>\n\t\t\t\t\t<p>Combo Gel wurde von CNC International entwickelt &#8211; es vereint das Beste von Gel und Acryl in einem innovativen System. Frei von HEMA und TPO. <\/p>\n\t\t\t\t\t\t\t\t\t\t\t\t\t\t  <\/div>\n\t\t\t\t<\/div>\n\t\t\t  <\/div>\n\t\t\t<\/div>\n\t\t  <\/div>\n\t\t<\/div>\n\t\t<!-- \/For mobile -->\n\t\t\n\t\t<!-- For desktop -->\n\t\t<div class=\"d-none d-sm-block\">\n\t\t  <div class=\"container-fluid px-0\" >\n\t\t\t<div class=\"header-bg\" style=\"background-image: url('https:\/\/www.cncinternational.eu\/wp-content\/uploads\/2025\/06\/Private-labeling-nail-polish-manufacturer-products-scaled.jpg');\">\n\t\t\t\t\n\t\t\t<\/div>\n\t\t\t<div class=\"container g-0\">\n\t\t\t  <div class=\"row g-0 justify-content-start align-items-center\">\n\t\t\t\t<div class=\"offset-md-6 col-md-6\">\n\t\t\t\t  <div class=\"header-text\">\n\t\t\t\t\t<h1>Combo Gel<\/h1>\n\t\t\t\t\t<p>Combo Gel wurde von CNC International entwickelt &#8211; es vereint das Beste von Gel und Acryl in einem innovativen System. Frei von HEMA und TPO. <\/p>\n\t\t\t\t\n\t\t\t\t\t\t\t\t\t\t\t\t\t\t  <\/div>\n\t\t\t\t<\/div>\n\t\t\t  <\/div>\n\t\t\t<\/div>\n\t\t  <\/div>\n\t\t<\/div>\n\t\t<!-- \/For desktop -->\n\t  <\/header>\n\t  \n\t  \t\n\n\t<section class=\"news\">\n\t\t<div class=\"container p-0 \">\n\t\t\t<div class=\"row g-0\">\n\t\t\t\t<div class=\"col-12 overlap bg-white\">\n\t\t\t\t\t\t\t\t\t\t\t\t\t\t\t\t\t\t\t\t\t\t<!-- Start row -->\n\t\t\t\t\t\t\t\t\t\t\t\t\t\t\t\t\t\t\t\t\t\t\t\t\t\t\t\t\t\t\t\t\t\t\t\t\n\t\t\t\t\t\t\t\t\t<div class=\"row g-0 align-items-center\">\n\t\t\t\t\t\t\t\t\t\t<div class=\"col-12 col-md col-img img-wrapper\">\n\t\t\t\t\t\t\t\t\t\t\t\t\t\t\t\t\t\t\t\t\t\t\t\t\t\t\t\t\t\t\t\t\t\t<img loading=\"lazy\" decoding=\"async\" src=\"https:\/\/www.cncinternational.eu\/wp-content\/uploads\/2025\/10\/Combo-Gel-1.jpg\"\n\t\t\t\t\t\t\t\t\t\t\t\t\talt=\"Combo Gel = Acryl und Gel kombiniert\" width=\"1445\" height=\"813\">\n\t\t\t\t\t\t\t\t\t\t\t\t\t\t\t\t\t\t\t\t\t<\/div>\n\t\t\t\t\t\t\t\t\t\t<div class=\"col-12 col-md col-excerpt\">\n\t\t\t\t\t\t\t\t\t\t\t<div class=\"excerpt-wrapper\">\n\t\t\t\t\t\t\t\t\t\t\t\t<h4>Combo Gel = Acryl und Gel kombiniert<\/h4>\n\t\t\t\t\t\t\t\t\t\t\t\t<p>Combo Gel kombiniert die St\u00e4rke von Acryl mit der Flexibilit\u00e4t von Gel. Leicht, flexibel, stark und haltbar. Wird in einer Tube geliefert: einfach zuschneiden, mit der L\u00f6sung formen und mit dem Bau beginnen &#8211; kein Mischen oder Verarbeiten erforderlich.  \r\n<\/p>\n\t\t\t\t\t\t\t\t\t\t\t\t\t\t\t\t\t\t\t\t\t\t\t\t\t\t\t\t\t\t\t\t\t\t\t\t\t\t\t\t\t\t\t\t\t\t\t\t\t\t\t\t\t\t\t\t\t\t\t\t\t\t\t\t\t\t\t\t\t\t\t\t\t\t\t\t\t\t\t\t\t\t\t\t\t\t\t\t\t\t\t\t\t\t\t\t\t\t\t\t\t\t\t\t\t\t\t\t\t\t\t\t\t\t\t\t\t\t\t<button href=\"https:\/\/youtube.com\/shorts\/e3lLvKXV3wQ?si=LO9SaTz5p0y3po1o\" class=\"more-link js-modal-btn\" data-channel=\"youtube\" data-video-url=\"https:\/\/www.youtube.com\/embed\/e3lLvKXV3wQ?si?autoplay=1\">Video ansehen ><\/button>\n\t\t\t\t\t\t\t\t\t\t\t\t\t\t\t\t\t\t\t\t\t\t\t\t\t\t\t\t\t\t\t\n\t\t\t\t\t\t\t\t\t\t\t\t\t\t\n\t\t\t\t\t\t\t\t\t\t\t\t\t\n\t\t\t\t\t\t\t\t\t\t\t\t\t<!-- Another button -->\n\t\t\t\t\t\t\t\t\t\t\t\t\t\t\t\t\t\t\t\t\t\t\t\t\t\t\t\t\t\t\t\t\t\t\t\t<\/div>\n\t\t\t\t\t\t\t\t\t\t<\/div>\n\t\t\t\t\t\t\t\t\t<\/div>\n\t\t\t\t\t\t\t\t\n\t\t\t\t\t\t\t\n\t\t\t\t\t\t\t\t\t\t\t\t\t\t\t\t\t\t\t\t\t\t\t\t\t\t\t\t\t\t\t\t\t\t\t\t\t\t\t\t\t\t\t\t\t\t\t\t\t\t\t\t<div class=\"row g-0 align-items-center\">\n\t\t\t\t\t\t\t\t\t\t<div class=\"col-12 col-md col-excerpt\">\n\t\t\t\t\t\t\t\t\t\t\t<div class=\"excerpt-wrapper\">\n\t\t\t\t\t\t\t\t\t\t\t\t<h4>Gebrauchsfertige<\/h4>\n\t\t\t\t\t\t\t\t\t\t\t\t<p>Combo Gel ist vorgemischt und gebrauchsfertig. Erh\u00e4ltlich in Tuben zu 30 und 60 ML. Erh\u00e4ltlich in 11 verschiedenen Farben.  <\/p>\n\t\t\t\t\t\t\t\t\t\t\t\t\t\t\t\t\t\t\t\t\t\t\t<\/div>\n\t\t\t\t\t\t\t\t\t\t<\/div>\n\t\t\t\t\t\t\t\t\t\t<div class=\"col-12 col-md col-img img-wrapper\">\n\t\t\t\t\t\t\t\t\t\t\t\t\t\t\t\t\t\t\t\t\t\t\t\t\t\t\t\t\t\t\t\t\t\t\t\t<img loading=\"lazy\" decoding=\"async\" src=\"https:\/\/www.cncinternational.eu\/wp-content\/uploads\/2025\/06\/Combo-gel-3.png\"\n\t\t\t\t\t\t\t\t\t\t\t\t\t\talt=\"Gebrauchsfertige\" width=\"1445\" height=\"813\">\n\t\t\t\t\t\t\t\t\t\t\t\t\t\t\t\t\t\t\t\t\t\t\t\t\t\t\t\t\t\t\t\t\t<\/div>\n\t\t\t\t\t\t\t\t\t<\/div>\n\t\t\t\t\t\t\t\t\n\t\t\t\t\t\t\t\n\t\t\t\t\t\t\t\t\t\t\t\t\t\t\t\t\t\t\t\t\t\t\t\t\t\t\t\t\t\t\t\t\t\t\t\t\t\t\t\t\t\t\t\n\t\t\t\t\t\t\t\t\t<div class=\"row g-0 align-items-center\">\n\t\t\t\t\t\t\t\t\t\t<div class=\"col-12 col-md col-img img-wrapper\">\n\t\t\t\t\t\t\t\t\t\t\t\t\t\t\t\t\t\t\t\t\t\t\t\t\t\t\t\t\t\t\t\t\t\t<img loading=\"lazy\" decoding=\"async\" src=\"https:\/\/www.cncinternational.eu\/wp-content\/uploads\/2025\/10\/Combo-Gel-2.jpg\"\n\t\t\t\t\t\t\t\t\t\t\t\t\talt=\"Combo Gel L\u00f6sung\" width=\"1445\" height=\"813\">\n\t\t\t\t\t\t\t\t\t\t\t\t\t\t\t\t\t\t\t\t\t<\/div>\n\t\t\t\t\t\t\t\t\t\t<div class=\"col-12 col-md col-excerpt\">\n\t\t\t\t\t\t\t\t\t\t\t<div class=\"excerpt-wrapper\">\n\t\t\t\t\t\t\t\t\t\t\t\t<h4>Combo Gel L\u00f6sung<\/h4>\n\t\t\t\t\t\t\t\t\t\t\t\t<p>Verwenden Sie Combo Gel mit Combo Gel Solution f\u00fcr eine glatte Formgebung und perfekte Anwendung.  \r\n\r\n<\/p>\n\t\t\t\t\t\t\t\t\t\t\t\t\t\t\t\t\t\t\t\t\t\t\t<\/div>\n\t\t\t\t\t\t\t\t\t\t<\/div>\n\t\t\t\t\t\t\t\t\t<\/div>\n\t\t\t\t\t\t\t\t\n\t\t\t\t\t\t\t\n\t\t\t\t\t\t\t\t\t\t\t\t\t\t\t\t\t\t\t<!-- End row -->\n\t\t\t\t\t\t\t\t\t<\/div>\n\t\t\t<\/div>\n\t\t<\/div>\n\t<\/section>\n\n\t\n\n    \t<section class=\"contact-block form-with-image gradient-bg \" id=\"\">\n\t\t<div class=\"container\">\n\t\t\t<div class=\"row justify-content-center\">\n\t\t\t\t<div class=\"col-12 col-md-12 col-lg-10\">\n\t\t\t\t\t<div class=\"form-wrapper\">\n\t\t\t\t\t\t<div class=\"col-12 col-md-10 col-lg-9 mx-auto\">\n\t\t\t\t\t\t\t<h2 class=\"form-title\">Entdecken Sie unsere meistverkauften HEMA- &#038; TPO-freien Nagelprodukte<\/h2>\t\t\t\t\t\t<\/div>\n\t\t\t\t\t\t\t\t\t\t\t\t<div class=\"row\">\n\t\t\t\t\t\t\t<div class=\"col-12 col-md-7 col-lg-7\">\n\t\t\t\t\t\t\t\t\t\t\t\t\t\t\t\t\t<div class=\"form\">\n\t\t\t\t\t\t\t\t\t\t\t\t\t\t\t\t\t\t\t\t\t\t\t<script src='https:\/\/online4.superoffice.com\/Cust21613\/CS\/scripts\/customer.fcgi?action=form&#038;id=F-hOlEMjfz' defer><\/script>\n\t\t\t\t\t\t\t\t\t\t\t\t\t\t\t\t\t\t\t\t\t\t\t\t\t\t\t\t\t\t\t\t<\/div>\n\t\t\t\t\t\t\t\t\t\t\t\t\t\t\t<\/div>\n\t\t\t\t\t\t\t<div class=\"col-12 col-md-5 col-lg-5\">\n\t\t\t\t\t\t\t\t<div class=\"col-12 col-md col-excerpt\">\n\t\t\t\t\t\t\t\t\t<div class=\"excerpt-wrapper\">\n\t\t\t\t\t\t\t\t\t<p>Unsere vielseitigen Eigenmarken-Nagelprodukte haben die beste Qualit\u00e4t zu wettbewerbsf\u00e4higen Preisen. Wir sind stolzer Hersteller von UV-Nagelgelen f\u00fcr zahlreiche Nagelmarken weltweit. CNC International wurde 1993 gegr\u00fcndet und hat seine Fabrik in den Niederlanden, Europa. Unsere Gel- und Acrylnagelprodukte k\u00f6nnen als Bulkware oder abgef\u00fcllt und vollst\u00e4ndig fertiggestellt geliefert werden: bereit zum Verkauf!     <\/p>\t\t\t\t\t\t\n\t\t\t\t\t\t\t\t\t<\/div>\n\t\t\t\t\t\t\t\t<\/div>\n\t\t\t\t\t\t\t\t<div class=\"col-img img-wrapper\">\n\t\t\t\t\t\t\t\t\t<img decoding=\"async\" src=\"https:\/\/www.cncinternational.eu\/wp-content\/uploads\/2025\/08\/Telefoon-EP.png\" alt=\"\">\n\t\t\t\t\t\t\t\t<\/div>\n\t\t\t\t\t\t\t\t\t\t\t\t\t\t\t\t\t<div class=\"col-12 col-md col-excerpt\">\n\t\t\t\t\t\t\t\t\t\t<div class=\"excerpt-wrapper\">\n\t\t\t\t\t\t\t\t\t\t<p>In unserer E-Brosch\u00fcre 2025 finden Sie:\r\n<ul>\r\n \t<li>Unsere meistverkauften und neuen UV-Gel-Produkte 2025<\/li>\r\n \t<li>Startpreise pro Liter<\/li>\r\n        <li>Wichtigste Vorteile einer Zusammenarbeit mit CNC<\/li>\r\n<\/ul><\/p>\t\t\t\t\t\t\n\t\t\t\t\t\t\t\t\t\t<\/div>\n\t\t\t\t\t\t\t\t\t<\/div>\n\t\t\t\t\t\t\t\t\t\t\t\t\t\t\t<\/div>\n\t\t\t\t\t\t<\/div>\n\t\t\t\t\t\t\t\t\t\t\t\t\t\t\t\t\t\t\t\t\t\t\t\t<\/div>\n\t\t\t\t<\/div>\n\t\t\t\t\n\t\t\t<\/div>\n\t\t<\/div>\n\t<\/section>\n    \t\n  \t\n\t","protected":false},"excerpt":{"rendered":"","protected":false},"author":7,"featured_media":0,"parent":0,"menu_order":0,"comment_status":"closed","ping_status":"closed","template":"","meta":{"_acf_changed":false,"inline_featured_image":false,"footnotes":""},"class_list":["post-12139","page","type-page","status-publish","hentry"],"acf":[],"yoast_head":"<!-- This site is optimized with the Yoast SEO plugin v27.4 - https:\/\/yoast.com\/product\/yoast-seo-wordpress\/ -->\n<title>Private-Label-Nagelprodukt: Combo Gel von CNC International<\/title>\n<meta name=\"description\" content=\"Combo Gel wurde von CNC International entwickelt \u2013 Acryl und Gel in einem System kombiniert. Frei von HEMA und TPO. Mehr erfahren!\" \/>\n<meta name=\"robots\" content=\"index, follow, max-snippet:-1, max-image-preview:large, max-video-preview:-1\" \/>\n<link rel=\"canonical\" href=\"https:\/\/www.cncinternational.eu\/de\/combo-gel\/\" \/>\n<meta property=\"og:locale\" content=\"de_DE\" \/>\n<meta property=\"og:type\" content=\"article\" \/>\n<meta property=\"og:title\" content=\"Private-Label-Nagelprodukt: Combo Gel von CNC International\" \/>\n<meta property=\"og:description\" content=\"Combo Gel wurde von CNC International entwickelt \u2013 Acryl und Gel in einem System kombiniert. Frei von HEMA und TPO. Mehr erfahren!\" \/>\n<meta property=\"og:url\" content=\"https:\/\/www.cncinternational.eu\/de\/combo-gel\/\" \/>\n<meta property=\"og:site_name\" content=\"CNC International\" \/>\n<meta property=\"article:modified_time\" content=\"2025-10-09T08:32:55+00:00\" \/>\n<meta name=\"twitter:card\" content=\"summary_large_image\" \/>\n<script type=\"application\/ld+json\" class=\"yoast-schema-graph\">{\"@context\":\"https:\\\/\\\/schema.org\",\"@graph\":[{\"@type\":\"WebPage\",\"@id\":\"https:\\\/\\\/www.cncinternational.eu\\\/de\\\/combo-gel\\\/\",\"url\":\"https:\\\/\\\/www.cncinternational.eu\\\/de\\\/combo-gel\\\/\",\"name\":\"Private-Label-Nagelprodukt: Combo Gel von CNC International\",\"isPartOf\":{\"@id\":\"https:\\\/\\\/www.cncinternational.eu\\\/de\\\/#website\"},\"datePublished\":\"2025-07-15T14:16:37+00:00\",\"dateModified\":\"2025-10-09T08:32:55+00:00\",\"description\":\"Combo Gel wurde von CNC International entwickelt \u2013 Acryl und Gel in einem System kombiniert. Frei von HEMA und TPO. Mehr erfahren!\",\"breadcrumb\":{\"@id\":\"https:\\\/\\\/www.cncinternational.eu\\\/de\\\/combo-gel\\\/#breadcrumb\"},\"inLanguage\":\"de\",\"potentialAction\":[{\"@type\":\"ReadAction\",\"target\":[\"https:\\\/\\\/www.cncinternational.eu\\\/de\\\/combo-gel\\\/\"]}]},{\"@type\":\"BreadcrumbList\",\"@id\":\"https:\\\/\\\/www.cncinternational.eu\\\/de\\\/combo-gel\\\/#breadcrumb\",\"itemListElement\":[{\"@type\":\"ListItem\",\"position\":1,\"name\":\"Home\",\"item\":\"https:\\\/\\\/www.cncinternational.eu\\\/de\\\/\"},{\"@type\":\"ListItem\",\"position\":2,\"name\":\"Combo Gel\"}]},{\"@type\":\"WebSite\",\"@id\":\"https:\\\/\\\/www.cncinternational.eu\\\/de\\\/#website\",\"url\":\"https:\\\/\\\/www.cncinternational.eu\\\/de\\\/\",\"name\":\"CNC International\",\"description\":\"Just another WordPress site\",\"potentialAction\":[{\"@type\":\"SearchAction\",\"target\":{\"@type\":\"EntryPoint\",\"urlTemplate\":\"https:\\\/\\\/www.cncinternational.eu\\\/de\\\/?s={search_term_string}\"},\"query-input\":{\"@type\":\"PropertyValueSpecification\",\"valueRequired\":true,\"valueName\":\"search_term_string\"}}],\"inLanguage\":\"de\"}]}<\/script>\n<!-- \/ Yoast SEO plugin. -->","yoast_head_json":{"title":"Private-Label-Nagelprodukt: Combo Gel von CNC International","description":"Combo Gel wurde von CNC International entwickelt \u2013 Acryl und Gel in einem System kombiniert. Frei von HEMA und TPO. Mehr erfahren!","robots":{"index":"index","follow":"follow","max-snippet":"max-snippet:-1","max-image-preview":"max-image-preview:large","max-video-preview":"max-video-preview:-1"},"canonical":"https:\/\/www.cncinternational.eu\/de\/combo-gel\/","og_locale":"de_DE","og_type":"article","og_title":"Private-Label-Nagelprodukt: Combo Gel von CNC International","og_description":"Combo Gel wurde von CNC International entwickelt \u2013 Acryl und Gel in einem System kombiniert. Frei von HEMA und TPO. Mehr erfahren!","og_url":"https:\/\/www.cncinternational.eu\/de\/combo-gel\/","og_site_name":"CNC International","article_modified_time":"2025-10-09T08:32:55+00:00","twitter_card":"summary_large_image","schema":{"@context":"https:\/\/schema.org","@graph":[{"@type":"WebPage","@id":"https:\/\/www.cncinternational.eu\/de\/combo-gel\/","url":"https:\/\/www.cncinternational.eu\/de\/combo-gel\/","name":"Private-Label-Nagelprodukt: Combo Gel von CNC International","isPartOf":{"@id":"https:\/\/www.cncinternational.eu\/de\/#website"},"datePublished":"2025-07-15T14:16:37+00:00","dateModified":"2025-10-09T08:32:55+00:00","description":"Combo Gel wurde von CNC International entwickelt \u2013 Acryl und Gel in einem System kombiniert. Frei von HEMA und TPO. Mehr erfahren!","breadcrumb":{"@id":"https:\/\/www.cncinternational.eu\/de\/combo-gel\/#breadcrumb"},"inLanguage":"de","potentialAction":[{"@type":"ReadAction","target":["https:\/\/www.cncinternational.eu\/de\/combo-gel\/"]}]},{"@type":"BreadcrumbList","@id":"https:\/\/www.cncinternational.eu\/de\/combo-gel\/#breadcrumb","itemListElement":[{"@type":"ListItem","position":1,"name":"Home","item":"https:\/\/www.cncinternational.eu\/de\/"},{"@type":"ListItem","position":2,"name":"Combo Gel"}]},{"@type":"WebSite","@id":"https:\/\/www.cncinternational.eu\/de\/#website","url":"https:\/\/www.cncinternational.eu\/de\/","name":"CNC International","description":"Just another WordPress site","potentialAction":[{"@type":"SearchAction","target":{"@type":"EntryPoint","urlTemplate":"https:\/\/www.cncinternational.eu\/de\/?s={search_term_string}"},"query-input":{"@type":"PropertyValueSpecification","valueRequired":true,"valueName":"search_term_string"}}],"inLanguage":"de"}]}},"_links":{"self":[{"href":"https:\/\/www.cncinternational.eu\/de\/wp-json\/wp\/v2\/pages\/12139","targetHints":{"allow":["GET"]}}],"collection":[{"href":"https:\/\/www.cncinternational.eu\/de\/wp-json\/wp\/v2\/pages"}],"about":[{"href":"https:\/\/www.cncinternational.eu\/de\/wp-json\/wp\/v2\/types\/page"}],"author":[{"embeddable":true,"href":"https:\/\/www.cncinternational.eu\/de\/wp-json\/wp\/v2\/users\/7"}],"replies":[{"embeddable":true,"href":"https:\/\/www.cncinternational.eu\/de\/wp-json\/wp\/v2\/comments?post=12139"}],"version-history":[{"count":3,"href":"https:\/\/www.cncinternational.eu\/de\/wp-json\/wp\/v2\/pages\/12139\/revisions"}],"predecessor-version":[{"id":13233,"href":"https:\/\/www.cncinternational.eu\/de\/wp-json\/wp\/v2\/pages\/12139\/revisions\/13233"}],"wp:attachment":[{"href":"https:\/\/www.cncinternational.eu\/de\/wp-json\/wp\/v2\/media?parent=12139"}],"curies":[{"name":"wp","href":"https:\/\/api.w.org\/{rel}","templated":true}]}}