{"id":10680,"date":"2025-01-23T14:14:45","date_gmt":"2025-01-23T14:14:45","guid":{"rendered":"https:\/\/www.cncinternational.eu\/?page_id=10680"},"modified":"2026-02-10T15:17:06","modified_gmt":"2026-02-10T15:17:06","slug":"cosmoprof-bologna-italy","status":"publish","type":"page","link":"https:\/\/www.cncinternational.eu\/de\/cosmoprof-bologna-italy\/","title":{"rendered":"Treffen Sie CNC auf der Cosmoprof Bologna 2026"},"content":{"rendered":"  \t\n\t  <header class=\"main-header \">\n\t\t<!-- For mobile -->\n\t\t<div class=\"d-block d-sm-none\">\n\t\t  <div class=\"container-fluid px-0\">\n\t\t\t<div class=\"container g-0\">\n\t\t\t  <div class=\"row g-0 justify-content-start align-items-center\">\n\t\t\t\t<div class=\"col-12 d-sm-none\">\n\t\t\t\t  <div class=\"header-image\">\n\t\t\t\t\t\t\t\t\t\t\t\t<img fetchpriority=\"high\" decoding=\"async\" src=\"https:\/\/www.cncinternational.eu\/wp-content\/uploads\/2026\/01\/CNC-Your-logo-nails.jpg\" alt=\"CNC Stand @ Messe Bologna Italien 2024\" width=\"1445\" height=\"813\" loading=\"eager\">\n\t\t\t\t\t\t\t\t\t\t  <\/div>\n\t\t\t\t<\/div>\n\t\t\t\t<div class=\"offset-md-6 col-md-6\">\n\t\t\t\t  <div class=\"header-text\">\n\t\t\t\t\t<p class=\"mobile-title\">Entdecken Sie sichere UV-Gele f\u00fcr Eigenmarken auf der Cosmoprof Bologna 2026<\/p>\n\t\t\t\t\t<p>Vom 26. bis 28. M\u00e4rz 2026 begr\u00fc\u00dft CNC ambitionierte Nagelhersteller auf der Cosmoprof Bologna. Besuchen Sie unseren Stand im Cosmopack-Bereich und entdecken Sie, wie der europ\u00e4ische Eigenmarkenhersteller <a href=\"https:\/\/www.cncinternational.eu\/de\/uber-uns\/\">CNC<\/a> Nagelmarken weltweit mit sicheren Rezepturen, skalierbarer Produktion und zuverl\u00e4ssiger Qualit\u00e4t unterst\u00fctzt. <\/p>\n<p><strong>Stand B48 | Halle 18 | Bereich Cosmopack<\/strong><\/p>\n\t\t\t\t\t\t\t\t\t\t\t\t\t\t\t\t\t\t<a class=\"btn mb-3\" href=\"#contact\">\n\t\t\t\t\t\t\t\tVereinbaren Sie einen pers\u00f6nlichen Termin mit CNC auf der Cosmoprof\t\t\t\t\t\t\t<\/a>\n\t\t\t\t\t\t\t\t\t\t\t\t\t\t\t\t\t\t\t\t  <\/div>\n\t\t\t\t<\/div>\n\t\t\t  <\/div>\n\t\t\t<\/div>\n\t\t  <\/div>\n\t\t<\/div>\n\t\t<!-- \/For mobile -->\n\t\t\n\t\t<!-- For desktop -->\n\t\t<div class=\"d-none d-sm-block\">\n\t\t  <div class=\"container-fluid px-0\" >\n\t\t\t<div class=\"header-bg\" style=\"background-image: url('https:\/\/www.cncinternational.eu\/wp-content\/uploads\/2026\/01\/CNC-Your-logo-nails.jpg');\">\n\t\t\t\t\n\t\t\t<\/div>\n\t\t\t<div class=\"container g-0\">\n\t\t\t  <div class=\"row g-0 justify-content-start align-items-center\">\n\t\t\t\t<div class=\"offset-md-6 col-md-6\">\n\t\t\t\t  <div class=\"header-text\">\n\t\t\t\t\t<h1>Entdecken Sie sichere UV-Gele f\u00fcr Eigenmarken auf der Cosmoprof Bologna 2026<\/h1>\n\t\t\t\t\t<p>Vom 26. bis 28. M\u00e4rz 2026 begr\u00fc\u00dft CNC ambitionierte Nagelhersteller auf der Cosmoprof Bologna. Besuchen Sie unseren Stand im Cosmopack-Bereich und entdecken Sie, wie der europ\u00e4ische Eigenmarkenhersteller <a href=\"https:\/\/www.cncinternational.eu\/de\/uber-uns\/\">CNC<\/a> Nagelmarken weltweit mit sicheren Rezepturen, skalierbarer Produktion und zuverl\u00e4ssiger Qualit\u00e4t unterst\u00fctzt. <\/p>\n<p><strong>Stand B48 | Halle 18 | Bereich Cosmopack<\/strong><\/p>\n\t\t\t\t\n\t\t\t\t\t\t\t\t\t\t\t\t\t\t\t\t\t\t<a class=\"btn mb-3\" href=\"#contact\">\n\t\t\t\t\t\tVereinbaren Sie einen pers\u00f6nlichen Termin mit CNC auf der Cosmoprof\t\t\t\t\t\t\t<\/a>\n\t\t\t\t\t\t\t\t\t\t\t\t\t\t\t\t\t\t\t\t  <\/div>\n\t\t\t\t<\/div>\n\t\t\t  <\/div>\n\t\t\t<\/div>\n\t\t  <\/div>\n\t\t<\/div>\n\t\t<!-- \/For desktop -->\n\t  <\/header>\n\t  \n\t  \t\n\n\t<section class=\"news\">\n\t\t<div class=\"container p-0 \">\n\t\t\t<div class=\"row g-0\">\n\t\t\t\t<div class=\"col-12 overlap bg-white\">\n\t\t\t\t\t\t\t\t\t\t\t\t\t\t\t\t\t\t\t\t\t\t<!-- Start row -->\n\t\t\t\t\t\t\t\t\t\t\t\t\t\t\t\t\t\t\t\t\t\t\t\t\t\t\t\t\t\t\t\t\t\t\t\t\n\t\t\t\t\t\t\t\t\t<div class=\"row g-0 align-items-center\">\n\t\t\t\t\t\t\t\t\t\t<div class=\"col-12 col-md col-img img-wrapper\">\n\t\t\t\t\t\t\t\t\t\t\t\t\t\t\t\t\t\t\t\t\t\t\t\t\t\t\t\t\t\t\t\t\t\t<img loading=\"lazy\" decoding=\"async\" src=\"https:\/\/www.cncinternational.eu\/wp-content\/uploads\/2025\/01\/CNC-Bologna-Image-1.jpg\"\n\t\t\t\t\t\t\t\t\t\t\t\t\talt=\"Warum sollten Sie CNC International auf der Cosmoprof besuchen?\" width=\"1600\" height=\"1200\">\n\t\t\t\t\t\t\t\t\t\t\t\t\t\t\t\t\t\t\t\t\t<\/div>\n\t\t\t\t\t\t\t\t\t\t<div class=\"col-12 col-md col-excerpt\">\n\t\t\t\t\t\t\t\t\t\t\t<div class=\"excerpt-wrapper\">\n\t\t\t\t\t\t\t\t\t\t\t\t<h4>Warum sollten Sie CNC International auf der Cosmoprof besuchen?<\/h4>\n\t\t\t\t\t\t\t\t\t\t\t\t<p>CNC unterst\u00fctzt Nagelhersteller mit sicheren, skalierbaren und EU-konformen Eigenmarkenl\u00f6sungen, die auf langfristiges Wachstum ausgelegt sind.\r\n<ul>\r\n<li>Sichere, sorgenfreie Formulierungen: HEMA-freie, Di-HEMA-freie, TPO-freie und 15-freie UV-Gel-Produkte, die nach den h\u00f6chsten Sicherheitsstandards entwickelt wurden<\/li>\r\n<li>Breites Sortiment an Eigenmarkenprodukten, einschlie\u00dflich Basisgels, Aufbaugel, Fasergels, Topgels, Gelpolitur und mehr<\/li>\r\n<li>Flexible und skalierbare Produktion, mit niedrigen MOQs ab 1 Liter in loser Sch\u00fcttung<\/li>\r\n<li>Umfassende Unterst\u00fctzung: Wir bieten MSDS, INCI-Dokumente und Anleitungen f\u00fcr die <a href=\"https:\/\/www.cncinternational.eu\/news\/tips-for-selling-imported-nail-products-in-the-eu-in-2023\/\">CPNP-Registrierung<\/a><\/li>\r\n<li>Vertrauensw\u00fcrdige Expertise: Europ\u00e4ischer Produktionspartner mit eigener Forschung und Entwicklung und Produktion seit 1993<\/li><\/p>\n\t\t\t\t\t\t\t\t\t\t\t\t\t\t\t\t\t\t\t\t\t\t\t<\/div>\n\t\t\t\t\t\t\t\t\t\t<\/div>\n\t\t\t\t\t\t\t\t\t<\/div>\n\t\t\t\t\t\t\t\t\n\t\t\t\t\t\t\t\n\t\t\t\t\t\t\t\t\t\t\t\t\t\t\t\t\t\t\t\t\t\t\t\t\t\t\t\t\t\t\t\t\t\t\t\t\t\t\t\t\t\t\t\t\t\t\t\t\t\t\t\t<div class=\"row g-0 align-items-center\">\n\t\t\t\t\t\t\t\t\t\t<div class=\"col-12 col-md col-excerpt\">\n\t\t\t\t\t\t\t\t\t\t\t<div class=\"excerpt-wrapper\">\n\t\t\t\t\t\t\t\t\t\t\t\t<h4>Private Label UV-Gele f\u00fcr den Erfolg<\/h4>\n\t\t\t\t\t\t\t\t\t\t\t\t<p>Entdecken Sie unsere leistungsstarke HEMA- und TPO-freie UV-Gel-Kollektion: Builder-Gele, Basisgele, Fasergele, Brush-on-Builder-Gele, mehr als 200 Gelpolierfarben, Kombi-Gele und Acryl.  <\/p>\n\t\t\t\t\t\t\t\t\t\t\t\t\t\t\t\t\t\t\t\t\t\t\t\t\t\t\t\t\t\t\t\t\t\t\t\t\t\t\t\t\t\t\t\t\t\t\t\t\t\t\t\t\t\t\t\t\t\t\t\t\t\t\t\t\t\t\t\t\t\t<a href=\"https:\/\/www.cncinternational.eu\/product\/\" class=\"btn\">Entdecken Sie unser komplettes UV-Gel-Sortiment<\/a>\n\t\t\t\t\t\t\t\t\t\t\t\t\t\t\t\n\t\t\t\t\t\t\t\t\t\t\t\t\t\t\n\t\t\t\t\t\t\t\t\t\t\t\t\t\n\t\t\t\t\t\t\t\t\t\t\t\t\t<!-- Another button -->\n\t\t\t\t\t\t\t\t\t\t\t\t\t\t\t\t\t\t\t\t\t\t\t\t\t\t\t\t\t\t\t\t\t\t\t\t<\/div>\n\t\t\t\t\t\t\t\t\t\t<\/div>\n\t\t\t\t\t\t\t\t\t\t<div class=\"col-12 col-md col-img img-wrapper\">\n\t\t\t\t\t\t\t\t\t\t\t\t\t\t\t\t\t\t\t\t\t\t\t\t\t\t\t\t\t\t\t\t\t\t\t\t<img loading=\"lazy\" decoding=\"async\" src=\"https:\/\/www.cncinternational.eu\/wp-content\/uploads\/2026\/01\/CNC-Bologna-Image-2-1.jpg.webp\"\n\t\t\t\t\t\t\t\t\t\t\t\t\t\talt=\"Private Label UV-Gele f\u00fcr den Erfolg\" width=\"1445\" height=\"813\">\n\t\t\t\t\t\t\t\t\t\t\t\t\t\t\t\t\t\t\t\t\t\t\t\t\t\t\t\t\t\t\t\t\t<\/div>\n\t\t\t\t\t\t\t\t\t<\/div>\n\t\t\t\t\t\t\t\t\n\t\t\t\t\t\t\t\n\t\t\t\t\t\t\t\t\t\t\t\t\t\t\t\t\t\t\t\t\t\t\t\t\t\t\t\t\t\t\t\t\t\t\t\t\t\t\t\t\t\t\t\n\t\t\t\t\t\t\t\t\t<div class=\"row g-0 align-items-center\">\n\t\t\t\t\t\t\t\t\t\t<div class=\"col-12 col-md col-img img-wrapper\">\n\t\t\t\t\t\t\t\t\t\t\t\t\t\t\t\t\t\t\t\t\t\t\t\t\t\t\t\t\t\t\t\t\t\t<img loading=\"lazy\" decoding=\"async\" src=\"https:\/\/www.cncinternational.eu\/wp-content\/uploads\/2026\/01\/Nails1.jpg\"\n\t\t\t\t\t\t\t\t\t\t\t\t\talt=\"Wettbewerbsf\u00e4hige Preise und flexible Bestellungen\" width=\"1445\" height=\"813\">\n\t\t\t\t\t\t\t\t\t\t\t\t\t\t\t\t\t\t\t\t\t<\/div>\n\t\t\t\t\t\t\t\t\t\t<div class=\"col-12 col-md col-excerpt\">\n\t\t\t\t\t\t\t\t\t\t\t<div class=\"excerpt-wrapper\">\n\t\t\t\t\t\t\t\t\t\t\t\t<h4>Wettbewerbsf\u00e4hige Preise und flexible Bestellungen<\/h4>\n\t\t\t\t\t\t\t\t\t\t\t\t<p>Wir stellen Ihre UV-Gele und Gel-Polituren als Eigenmarke her. EU-konform, geliefert mit MSDS, INCI &amp; CPNP Unterst\u00fctzung. \r\n<ul>\r\n<li>MOQ ab 1 Liter &#8211; ma\u00dfgeschneidert f\u00fcr Ihre Bed\u00fcrfnisse im Bereich Private Label.<\/li>\r\n<li>Wird als Sch\u00fcttgut oder als Fertigprodukt geliefert.<\/li>\r\n<li>Kein j\u00e4hrlicher Mindestumsatz.<\/li>\r\n<li>Schneller und zuverl\u00e4ssiger weltweiter Versand<\/li>\r\n<\/ul>\r\nSetzen Sie sich auf der Cosmoprof mit CNC in Verbindung, um Ihre M\u00f6glichkeiten f\u00fcr Eigenmarken zu erkunden und Muster zu testen.<\/p>\n\t\t\t\t\t\t\t\t\t\t\t\t\t\t\t\t\t\t\t\t\t\t\t\t\t\t\t\t\t\t\t\t\t\t\t\t\t\t\t\t\t\t\t\t\t\t\t\t\t\t\t\t\t\t\t\t\t\t\t\t\t\t\t\t\t\t\t\t\t\t<a href=\"#contact\" class=\"btn\">Treffen Sie uns<\/a>\n\t\t\t\t\t\t\t\t\t\t\t\t\t\t\t\n\t\t\t\t\t\t\t\t\t\t\t\t\t\t\n\t\t\t\t\t\t\t\t\t\t\t\t\t\n\t\t\t\t\t\t\t\t\t\t\t\t\t<!-- Another button -->\n\t\t\t\t\t\t\t\t\t\t\t\t\t\t\t\t\t\t\t\t\t\t\t\t\t\t\t\t\t\t\t\t\t\t\t\t<\/div>\n\t\t\t\t\t\t\t\t\t\t<\/div>\n\t\t\t\t\t\t\t\t\t<\/div>\n\t\t\t\t\t\t\t\t\n\t\t\t\t\t\t\t\n\t\t\t\t\t\t\t\t\t\t\t\t\t\t\t\t\t\t\t\t\t\t\t\t\t\t\t\t\t\t\t\t\t\t\t\t\t\t\t\t\t\t\t\t\t\t\t\t\t\t\t\t<div class=\"row g-0 align-items-center\">\n\t\t\t\t\t\t\t\t\t\t<div class=\"col-12 col-md col-excerpt\">\n\t\t\t\t\t\t\t\t\t\t\t<div class=\"excerpt-wrapper\">\n\t\t\t\t\t\t\t\t\t\t\t\t<h4>Entdecken Sie neue Nagelprodukte vor der Markteinf\u00fchrung<\/h4>\n\t\t\t\t\t\t\t\t\t\t\t\t<p>Auf der Cosmoprof Bologna zeigt CNC, was als N\u00e4chstes kommt. Besuchen Sie unseren Stand und werfen Sie einen ersten exklusiven Blick auf die neuen Nagel-Innovationen der Eigenmarken. Diese kommenden Produkte sollen die Leistung der Salons, die Marktnachfrage und die Markendifferenzierung st\u00e4rken.  \r\n<br><br>Besuchen Sie uns an unserem <strong>Stand B48 in Halle 18,<\/strong> um zu besprechen, wie diese neuen Produkte Ihre Eigenmarkenstrategie unterst\u00fctzen k\u00f6nnen.\r\n\r\n<\/p>\n\t\t\t\t\t\t\t\t\t\t\t\t\t\t\t\t\t\t\t\t\t\t\t<\/div>\n\t\t\t\t\t\t\t\t\t\t<\/div>\n\t\t\t\t\t\t\t\t\t\t<div class=\"col-12 col-md col-img img-wrapper\">\n\t\t\t\t\t\t\t\t\t\t\t\t\t\t\t\t\t\t\t\t\t\t\t\t\t\t\t\t\t\t\t\t\t\t\t\t<img loading=\"lazy\" decoding=\"async\" src=\"https:\/\/www.cncinternational.eu\/wp-content\/uploads\/2026\/01\/New-innovations.jpg\"\n\t\t\t\t\t\t\t\t\t\t\t\t\t\talt=\"Entdecken Sie neue Nagelprodukte vor der Markteinf\u00fchrung\" width=\"1445\" height=\"813\">\n\t\t\t\t\t\t\t\t\t\t\t\t\t\t\t\t\t\t\t\t\t\t\t\t\t\t\t\t\t\t\t\t\t<\/div>\n\t\t\t\t\t\t\t\t\t<\/div>\n\t\t\t\t\t\t\t\t\n\t\t\t\t\t\t\t\n\t\t\t\t\t\t\t\t\t\t\t\t\t\t\t\t\t\t\t\t\t\t\t\t\t\t\t\t\t\t\t\t\t\t\t\t\t\t\t\t\t\t\t\n\t\t\t\t\t\t\t\t\t<div class=\"row g-0 align-items-center\">\n\t\t\t\t\t\t\t\t\t\t<div class=\"col-12 col-md col-img img-wrapper\">\n\t\t\t\t\t\t\t\t\t\t\t\t\t\t\t\t\t\t\t\t\t\t\t\t\t\t\t\t\t\t\t\t\t\t<img loading=\"lazy\" decoding=\"async\" src=\"https:\/\/www.cncinternational.eu\/wp-content\/uploads\/2024\/01\/2024_01_04_15_50_00_Window.png\"\n\t\t\t\t\t\t\t\t\t\t\t\t\talt=\"Vertrauensw\u00fcrdiger UV-Gel-Hersteller und Eigenmarkenpartner aus den Niederlanden\" width=\"1378\" height=\"917\">\n\t\t\t\t\t\t\t\t\t\t\t\t\t\t\t\t\t\t\t\t\t<\/div>\n\t\t\t\t\t\t\t\t\t\t<div class=\"col-12 col-md col-excerpt\">\n\t\t\t\t\t\t\t\t\t\t\t<div class=\"excerpt-wrapper\">\n\t\t\t\t\t\t\t\t\t\t\t\t<h4>Vertrauensw\u00fcrdiger UV-Gel-Hersteller und Eigenmarkenpartner aus den Niederlanden<\/h4>\n\t\t\t\t\t\t\t\t\t\t\t\t<p>Seit 1993 entwickelt und produziert CNC International UV-Gel-Nagelprodukte f\u00fcr Handelsmarken weltweit und beliefert Partner in \u00fcber 45 L\u00e4ndern auf 5 Kontinenten. Unsere Kunden vertrauen uns wegen sicherer, innovativer L\u00f6sungen, wettbewerbsf\u00e4higer Preise und zuverl\u00e4ssiger Expertise. <br><br>Sie finden CNC International im Bereich Cosmopack, neben anderen Eigenmarkenherstellern wie Keystone, Polystone, Internail und Silcare.\r\n<\/p>\n\t\t\t\t\t\t\t\t\t\t\t\t\t\t\t\t\t\t\t\t\t\t\t<\/div>\n\t\t\t\t\t\t\t\t\t\t<\/div>\n\t\t\t\t\t\t\t\t\t<\/div>\n\t\t\t\t\t\t\t\t\n\t\t\t\t\t\t\t\n\t\t\t\t\t\t\t\t\t\t\t\t\t\t\t\t\t\t\t\t\t\t\t\t\t\t\t\t\t\t\t\t\t\t\t\t\t\t\t\t\t\t\t\t\t\t\t\t\t\t\t\t<div class=\"row g-0 align-items-center\">\n\t\t\t\t\t\t\t\t\t\t<div class=\"col-12 col-md col-excerpt\">\n\t\t\t\t\t\t\t\t\t\t\t<div class=\"excerpt-wrapper\">\n\t\t\t\t\t\t\t\t\t\t\t\t<h4>Kostenlose Proben<\/h4>\n\t\t\t\t\t\t\t\t\t\t\t\t<p>Verpassen Sie es nicht! Besuchen Sie den Stand B48 in Halle 18 und holen Sie sich Ihr kostenloses Musterpaket ab. Entdecken Sie, warum Top-Marken bei Eigenmarkenl\u00f6sungen auf CNC International vertrauen. <br><br>Vereinbaren Sie einen pers\u00f6nlichen Termin mit CNC auf der Cosmoprof und testen Sie unsere Produkte\r\n\r\n<\/p>\n\t\t\t\t\t\t\t\t\t\t\t\t\t\t\t\t\t\t\t\t\t\t\t\t\t\t\t\t\t\t\t\t\t\t\t\t\t\t\t\t\t\t\t\t\t\t\t\t\t\t\t\t\t\t\t\t\t\t\t\t\t\t\t\t\t\t\t\t\t\t<a href=\"#contact\" class=\"btn\">Ein Treffen anfordern<\/a>\n\t\t\t\t\t\t\t\t\t\t\t\t\t\t\t\n\t\t\t\t\t\t\t\t\t\t\t\t\t\t\n\t\t\t\t\t\t\t\t\t\t\t\t\t\n\t\t\t\t\t\t\t\t\t\t\t\t\t<!-- Another button -->\n\t\t\t\t\t\t\t\t\t\t\t\t\t\t\t\t\t\t\t\t\t\t\t\t\t\t\t\t\t\t\t\t\t\t\t\t<\/div>\n\t\t\t\t\t\t\t\t\t\t<\/div>\n\t\t\t\t\t\t\t\t\t\t<div class=\"col-12 col-md col-img img-wrapper\">\n\t\t\t\t\t\t\t\t\t\t\t\t\t\t\t\t\t\t\t\t\t\t\t\t\t\t\t\t\t\t\t\t\t\t\t\t<img loading=\"lazy\" decoding=\"async\" src=\"https:\/\/www.cncinternational.eu\/wp-content\/uploads\/2026\/01\/Sample-Pack.jpg\"\n\t\t\t\t\t\t\t\t\t\t\t\t\t\talt=\"Kostenlose Proben\" width=\"1445\" height=\"813\">\n\t\t\t\t\t\t\t\t\t\t\t\t\t\t\t\t\t\t\t\t\t\t\t\t\t\t\t\t\t\t\t\t\t<\/div>\n\t\t\t\t\t\t\t\t\t<\/div>\n\t\t\t\t\t\t\t\t\n\t\t\t\t\t\t\t\n\t\t\t\t\t\t\t\t\t\t\t\t\t\t\t\t\t\t\t\t\t\t\t\t\t\t\t\t\t\t\t\t\t\t\t\t\t\t\t\t\t\t\t\n\t\t\t\t\t\t\t\t\t<div class=\"row g-0 align-items-center\">\n\t\t\t\t\t\t\t\t\t\t<div class=\"col-12 col-md col-img img-wrapper\">\n\t\t\t\t\t\t\t\t\t\t\t\t\t\t\t\t\t\t\t\t\t\t\t\t\t\t\t\t\t\t\t\t\t\t<img loading=\"lazy\" decoding=\"async\" src=\"https:\/\/www.cncinternational.eu\/wp-content\/uploads\/2026\/01\/Cosmopack-with-logo.jpg\"\n\t\t\t\t\t\t\t\t\t\t\t\t\talt=\"Cosmoprof Bologna Details\" width=\"1445\" height=\"813\">\n\t\t\t\t\t\t\t\t\t\t\t\t\t\t\t\t\t\t\t\t\t<\/div>\n\t\t\t\t\t\t\t\t\t\t<div class=\"col-12 col-md col-excerpt\">\n\t\t\t\t\t\t\t\t\t\t\t<div class=\"excerpt-wrapper\">\n\t\t\t\t\t\t\t\t\t\t\t\t<h4>Cosmoprof Bologna Details<\/h4>\n\t\t\t\t\t\t\t\t\t\t\t\t<p>Die 57. Ausgabe der Cosmoprof Bologna findet vom 26. bis 29. M\u00e4rz 2026 auf der Piazza della Costituzione, 5, 40128 Bologna, Italien, statt.<br><br>Sie finden den Stand von CNC International vom 26. bis 28. M\u00e4rz 2026 in Halle 18, Stand B48 im Cosmopack-Bereich.<br><br>Empfohlene Eing\u00e4nge: Costituzione, Calzoni, Nord.\r\n<\/p>\n\t\t\t\t\t\t\t\t\t\t\t\t\t\t\t\t\t\t\t\t\t\t\t<\/div>\n\t\t\t\t\t\t\t\t\t\t<\/div>\n\t\t\t\t\t\t\t\t\t<\/div>\n\t\t\t\t\t\t\t\t\n\t\t\t\t\t\t\t\n\t\t\t\t\t\t\t\t\t\t\t\t\t\t\t\t\t\t\t<!-- End row -->\n\t\t\t\t\t\t\t\t\t<\/div>\n\t\t\t<\/div>\n\t\t<\/div>\n\t<\/section>\n\n\t\n\n  \t<section class=\"contact-block gradient-bg \" id=\"contact\">\n\t\t<div class=\"container\">\n\t\t\n\t\t\t<div class=\"row justify-content-center\">\n\t\t\t\t<div class=\"col-12 col-sm-10 col-md-8 col-lg-6\">\n\t\t\t\t\t<div class=\"form-wrapper\">\n\t\t\t\t\t\t\n\t\t\t\t\t\t\t\t\t\t\t\t\t\t\t\t\t\t\t\t\t\t\t\t<div class=\"form\">\n\t\t\t\t\t\t\t\n\t\t\t\t\t\t\t<script src='https:\/\/online4.superoffice.com\/Cust21613\/CS\/scripts\/customer.fcgi?action=form&#038;id=F-Pw7zDDNF' defer><\/script>\t\t\t\t\t\t<\/div>\n\t\t\t\t\t\t\t\t\t\t\t\t\t\t\t\t\t\t\t\t\t\t\t\t\t\t\t\t\t\t<\/div>\n\t\t\t\t<\/div>\n\t\t\t<\/div>\n\t\t<\/div>\n\t<\/section>\n      \t\n  \t\n\t","protected":false},"excerpt":{"rendered":"","protected":false},"author":13,"featured_media":14506,"parent":0,"menu_order":0,"comment_status":"closed","ping_status":"closed","template":"","meta":{"_acf_changed":false,"inline_featured_image":false,"footnotes":""},"class_list":["post-10680","page","type-page","status-publish","has-post-thumbnail","hentry"],"acf":[],"yoast_head":"<!-- This site is optimized with the Yoast SEO plugin v27.4 - https:\/\/yoast.com\/product\/yoast-seo-wordpress\/ -->\n<title>Private Label UV-Gele auf der Cosmoprof Bologna 2026 | CNC<\/title>\n<meta name=\"description\" content=\"Treffen Sie CNC auf der Cosmoprof Bologna 2026 und entdecken Sie HEMA- &amp; TPO-freie Private-Label-UV-Gele. Stand B48, Halle 18, Cosmopack.\" \/>\n<meta name=\"robots\" content=\"index, follow, max-snippet:-1, max-image-preview:large, max-video-preview:-1\" \/>\n<link rel=\"canonical\" href=\"https:\/\/www.cncinternational.eu\/de\/cosmoprof-bologna-italy\/\" \/>\n<meta property=\"og:locale\" content=\"de_DE\" \/>\n<meta property=\"og:type\" content=\"article\" \/>\n<meta property=\"og:title\" content=\"Private Label UV-Gele auf der Cosmoprof Bologna 2026 | CNC\" \/>\n<meta property=\"og:description\" content=\"Treffen Sie CNC auf der Cosmoprof Bologna 2026 und entdecken Sie HEMA- &amp; TPO-freie Private-Label-UV-Gele. Stand B48, Halle 18, Cosmopack.\" \/>\n<meta property=\"og:url\" content=\"https:\/\/www.cncinternational.eu\/de\/cosmoprof-bologna-italy\/\" \/>\n<meta property=\"og:site_name\" content=\"CNC International\" \/>\n<meta property=\"article:modified_time\" content=\"2026-02-10T15:17:06+00:00\" \/>\n<meta property=\"og:image\" content=\"https:\/\/www.cncinternational.eu\/wp-content\/uploads\/2026\/01\/Cosmopack-with-logo.jpg\" \/>\n\t<meta property=\"og:image:width\" content=\"1445\" \/>\n\t<meta property=\"og:image:height\" content=\"813\" \/>\n\t<meta property=\"og:image:type\" content=\"image\/jpeg\" \/>\n<meta name=\"twitter:card\" content=\"summary_large_image\" \/>\n<meta name=\"twitter:label1\" content=\"Gesch\u00e4tzte Lesezeit\" \/>\n\t<meta name=\"twitter:data1\" content=\"1\u00a0Minute\" \/>\n<script type=\"application\/ld+json\" class=\"yoast-schema-graph\">{\"@context\":\"https:\\\/\\\/schema.org\",\"@graph\":[{\"@type\":\"WebPage\",\"@id\":\"https:\\\/\\\/www.cncinternational.eu\\\/de\\\/cosmoprof-bologna-italy\\\/\",\"url\":\"https:\\\/\\\/www.cncinternational.eu\\\/de\\\/cosmoprof-bologna-italy\\\/\",\"name\":\"Private Label UV-Gele auf der Cosmoprof Bologna 2026 | CNC\",\"isPartOf\":{\"@id\":\"https:\\\/\\\/www.cncinternational.eu\\\/de\\\/#website\"},\"primaryImageOfPage\":{\"@id\":\"https:\\\/\\\/www.cncinternational.eu\\\/de\\\/cosmoprof-bologna-italy\\\/#primaryimage\"},\"image\":{\"@id\":\"https:\\\/\\\/www.cncinternational.eu\\\/de\\\/cosmoprof-bologna-italy\\\/#primaryimage\"},\"thumbnailUrl\":\"https:\\\/\\\/www.cncinternational.eu\\\/wp-content\\\/uploads\\\/2026\\\/03\\\/CNC-Banner-Cosmoprof-20261.jpg\",\"datePublished\":\"2025-01-23T14:14:45+00:00\",\"dateModified\":\"2026-02-10T15:17:06+00:00\",\"description\":\"Treffen Sie CNC auf der Cosmoprof Bologna 2026 und entdecken Sie HEMA- & TPO-freie Private-Label-UV-Gele. Stand B48, Halle 18, Cosmopack.\",\"breadcrumb\":{\"@id\":\"https:\\\/\\\/www.cncinternational.eu\\\/de\\\/cosmoprof-bologna-italy\\\/#breadcrumb\"},\"inLanguage\":\"de\",\"potentialAction\":[{\"@type\":\"ReadAction\",\"target\":[\"https:\\\/\\\/www.cncinternational.eu\\\/de\\\/cosmoprof-bologna-italy\\\/\"]}]},{\"@type\":\"ImageObject\",\"inLanguage\":\"de\",\"@id\":\"https:\\\/\\\/www.cncinternational.eu\\\/de\\\/cosmoprof-bologna-italy\\\/#primaryimage\",\"url\":\"https:\\\/\\\/www.cncinternational.eu\\\/wp-content\\\/uploads\\\/2026\\\/03\\\/CNC-Banner-Cosmoprof-20261.jpg\",\"contentUrl\":\"https:\\\/\\\/www.cncinternational.eu\\\/wp-content\\\/uploads\\\/2026\\\/03\\\/CNC-Banner-Cosmoprof-20261.jpg\",\"width\":1445,\"height\":813},{\"@type\":\"BreadcrumbList\",\"@id\":\"https:\\\/\\\/www.cncinternational.eu\\\/de\\\/cosmoprof-bologna-italy\\\/#breadcrumb\",\"itemListElement\":[{\"@type\":\"ListItem\",\"position\":1,\"name\":\"Home\",\"item\":\"https:\\\/\\\/www.cncinternational.eu\\\/de\\\/\"},{\"@type\":\"ListItem\",\"position\":2,\"name\":\"Treffen Sie CNC auf der Cosmoprof Bologna 2026\"}]},{\"@type\":\"WebSite\",\"@id\":\"https:\\\/\\\/www.cncinternational.eu\\\/de\\\/#website\",\"url\":\"https:\\\/\\\/www.cncinternational.eu\\\/de\\\/\",\"name\":\"CNC International\",\"description\":\"Just another WordPress site\",\"potentialAction\":[{\"@type\":\"SearchAction\",\"target\":{\"@type\":\"EntryPoint\",\"urlTemplate\":\"https:\\\/\\\/www.cncinternational.eu\\\/de\\\/?s={search_term_string}\"},\"query-input\":{\"@type\":\"PropertyValueSpecification\",\"valueRequired\":true,\"valueName\":\"search_term_string\"}}],\"inLanguage\":\"de\"}]}<\/script>\n<!-- \/ Yoast SEO plugin. -->","yoast_head_json":{"title":"Private Label UV-Gele auf der Cosmoprof Bologna 2026 | CNC","description":"Treffen Sie CNC auf der Cosmoprof Bologna 2026 und entdecken Sie HEMA- & TPO-freie Private-Label-UV-Gele. Stand B48, Halle 18, Cosmopack.","robots":{"index":"index","follow":"follow","max-snippet":"max-snippet:-1","max-image-preview":"max-image-preview:large","max-video-preview":"max-video-preview:-1"},"canonical":"https:\/\/www.cncinternational.eu\/de\/cosmoprof-bologna-italy\/","og_locale":"de_DE","og_type":"article","og_title":"Private Label UV-Gele auf der Cosmoprof Bologna 2026 | CNC","og_description":"Treffen Sie CNC auf der Cosmoprof Bologna 2026 und entdecken Sie HEMA- & TPO-freie Private-Label-UV-Gele. Stand B48, Halle 18, Cosmopack.","og_url":"https:\/\/www.cncinternational.eu\/de\/cosmoprof-bologna-italy\/","og_site_name":"CNC International","article_modified_time":"2026-02-10T15:17:06+00:00","og_image":[{"width":1445,"height":813,"url":"https:\/\/www.cncinternational.eu\/wp-content\/uploads\/2026\/01\/Cosmopack-with-logo.jpg","type":"image\/jpeg"}],"twitter_card":"summary_large_image","twitter_misc":{"Gesch\u00e4tzte Lesezeit":"1\u00a0Minute"},"schema":{"@context":"https:\/\/schema.org","@graph":[{"@type":"WebPage","@id":"https:\/\/www.cncinternational.eu\/de\/cosmoprof-bologna-italy\/","url":"https:\/\/www.cncinternational.eu\/de\/cosmoprof-bologna-italy\/","name":"Private Label UV-Gele auf der Cosmoprof Bologna 2026 | CNC","isPartOf":{"@id":"https:\/\/www.cncinternational.eu\/de\/#website"},"primaryImageOfPage":{"@id":"https:\/\/www.cncinternational.eu\/de\/cosmoprof-bologna-italy\/#primaryimage"},"image":{"@id":"https:\/\/www.cncinternational.eu\/de\/cosmoprof-bologna-italy\/#primaryimage"},"thumbnailUrl":"https:\/\/www.cncinternational.eu\/wp-content\/uploads\/2026\/03\/CNC-Banner-Cosmoprof-20261.jpg","datePublished":"2025-01-23T14:14:45+00:00","dateModified":"2026-02-10T15:17:06+00:00","description":"Treffen Sie CNC auf der Cosmoprof Bologna 2026 und entdecken Sie HEMA- & TPO-freie Private-Label-UV-Gele. Stand B48, Halle 18, Cosmopack.","breadcrumb":{"@id":"https:\/\/www.cncinternational.eu\/de\/cosmoprof-bologna-italy\/#breadcrumb"},"inLanguage":"de","potentialAction":[{"@type":"ReadAction","target":["https:\/\/www.cncinternational.eu\/de\/cosmoprof-bologna-italy\/"]}]},{"@type":"ImageObject","inLanguage":"de","@id":"https:\/\/www.cncinternational.eu\/de\/cosmoprof-bologna-italy\/#primaryimage","url":"https:\/\/www.cncinternational.eu\/wp-content\/uploads\/2026\/03\/CNC-Banner-Cosmoprof-20261.jpg","contentUrl":"https:\/\/www.cncinternational.eu\/wp-content\/uploads\/2026\/03\/CNC-Banner-Cosmoprof-20261.jpg","width":1445,"height":813},{"@type":"BreadcrumbList","@id":"https:\/\/www.cncinternational.eu\/de\/cosmoprof-bologna-italy\/#breadcrumb","itemListElement":[{"@type":"ListItem","position":1,"name":"Home","item":"https:\/\/www.cncinternational.eu\/de\/"},{"@type":"ListItem","position":2,"name":"Treffen Sie CNC auf der Cosmoprof Bologna 2026"}]},{"@type":"WebSite","@id":"https:\/\/www.cncinternational.eu\/de\/#website","url":"https:\/\/www.cncinternational.eu\/de\/","name":"CNC International","description":"Just another WordPress site","potentialAction":[{"@type":"SearchAction","target":{"@type":"EntryPoint","urlTemplate":"https:\/\/www.cncinternational.eu\/de\/?s={search_term_string}"},"query-input":{"@type":"PropertyValueSpecification","valueRequired":true,"valueName":"search_term_string"}}],"inLanguage":"de"}]}},"_links":{"self":[{"href":"https:\/\/www.cncinternational.eu\/de\/wp-json\/wp\/v2\/pages\/10680","targetHints":{"allow":["GET"]}}],"collection":[{"href":"https:\/\/www.cncinternational.eu\/de\/wp-json\/wp\/v2\/pages"}],"about":[{"href":"https:\/\/www.cncinternational.eu\/de\/wp-json\/wp\/v2\/types\/page"}],"author":[{"embeddable":true,"href":"https:\/\/www.cncinternational.eu\/de\/wp-json\/wp\/v2\/users\/13"}],"replies":[{"embeddable":true,"href":"https:\/\/www.cncinternational.eu\/de\/wp-json\/wp\/v2\/comments?post=10680"}],"version-history":[{"count":9,"href":"https:\/\/www.cncinternational.eu\/de\/wp-json\/wp\/v2\/pages\/10680\/revisions"}],"predecessor-version":[{"id":14200,"href":"https:\/\/www.cncinternational.eu\/de\/wp-json\/wp\/v2\/pages\/10680\/revisions\/14200"}],"wp:featuredmedia":[{"embeddable":true,"href":"https:\/\/www.cncinternational.eu\/de\/wp-json\/wp\/v2\/media\/14506"}],"wp:attachment":[{"href":"https:\/\/www.cncinternational.eu\/de\/wp-json\/wp\/v2\/media?parent=10680"}],"curies":[{"name":"wp","href":"https:\/\/api.w.org\/{rel}","templated":true}]}}